{"id":26350,"date":"2023-05-09T00:24:59","date_gmt":"2023-05-08T20:24:59","guid":{"rendered":"https:\/\/www.schengenvisas.com\/?page_id=26350"},"modified":"2023-05-09T00:53:20","modified_gmt":"2023-05-08T20:53:20","slug":"qui-peut-demander-un-visa-schengen","status":"publish","type":"page","link":"https:\/\/www.schengenvisas.com\/fr\/qui-peut-demander-un-visa-schengen\/","title":{"rendered":"Qui peut demander un visa Schengen ?"},"content":{"rendered":"\t\t<div data-elementor-type=\"wp-page\" data-elementor-id=\"26350\" class=\"elementor elementor-26350 elementor-20783\" data-elementor-post-type=\"page\">\n\t\t\t\t\t\t<section class=\"elementor-section elementor-top-section elementor-element elementor-element-5de07d63 elementor-section-boxed elementor-section-height-default elementor-section-height-default\" data-id=\"5de07d63\" data-element_type=\"section\">\n\t\t\t\t\t\t<div class=\"elementor-container elementor-column-gap-default\">\n\t\t\t\t\t<div class=\"elementor-column elementor-col-100 elementor-top-column elementor-element elementor-element-cbd91f6\" data-id=\"cbd91f6\" data-element_type=\"column\">\n\t\t\t<div class=\"elementor-widget-wrap elementor-element-populated\">\n\t\t\t\t\t\t<div class=\"elementor-element elementor-element-227555e9 elementor-widget elementor-widget-text-editor\" data-id=\"227555e9\" data-element_type=\"widget\" data-widget_type=\"text-editor.default\">\n\t\t\t\t<div class=\"elementor-widget-container\">\n\t\t\t\t\t\t\t\t\t<h2><strong>Ai-je besoin d&rsquo;un visa Schengen ?<\/strong><\/h2><div>Selon votre pays d&rsquo;origine, vous aurez besoin d&rsquo;un visa Schengen pour entrer en Europe, qui inclut tous les pays de la zone des visas Schengen. Les 27 pays du visa Schengen partagent une politique relative aux visas ; si vous avez besoin d&rsquo;un visa Schengen pour entrer dans un \u00c9tat Schengen, vous pouvez utiliser ce m\u00eame visa pour entrer dans les autres. Que vous ayez besoin ou non d&rsquo;un visa d\u00e9pend de votre nationalit\u00e9. Certaines nationalit\u00e9s b\u00e9n\u00e9ficient d&rsquo;un acc\u00e8s sans visa \u00e0 l\u2019espace Schengen, tandis que d&rsquo;autres ont besoin d&rsquo;un visa Schengen pour y entrer. Consultez la liste suivante pour v\u00e9rifier si votre nationalit\u00e9 vous permet d&rsquo;acc\u00e9der sans visa \u00e0 l&rsquo;espace Schengen ou si vous devez demander un visa Schengen :<\/div><ul><li>Les ressortissants des pays suivants sont exclus de l&rsquo;acc\u00e8s sans visa \u00e0 l&rsquo;espace Schengen et doivent demander un visa Schengen :<\/li><\/ul><div><div style=\"text-align: left;\"><div style=\"caret-color: #000000; color: #000000;\"><table class=\"MsoTableGrid\" style=\"margin-left: 0in;\" border=\"0\" cellspacing=\"0\" cellpadding=\"0\"><tbody><tr><td width=\"168\">1.\u00a0\u00a0\u00a0\u00a0\u00a0AFGHANISTAN<\/td><td width=\"168\">53.\u00a0\u00a0\u00a0LAOS<\/td><\/tr><tr><td width=\"168\">2.\u00a0\u00a0\u00a0\u00a0\u00a0ALG\u00c9RIE<\/td><td width=\"168\">54.\u00a0\u00a0\u00a0LIBAN<\/td><\/tr><tr><td width=\"168\">3.\u00a0\u00a0\u00a0\u00a0\u00a0ANGOLA<\/td><td width=\"168\">55.\u00a0\u00a0\u00a0LESOTHO<\/td><\/tr><tr><td width=\"168\">4.\u00a0\u00a0\u00a0\u00a0\u00a0ARM\u00c9NIE<\/td><td width=\"168\">56.\u00a0\u00a0\u00a0LIB\u00c9RIA<\/td><\/tr><tr><td width=\"168\">5.\u00a0\u00a0\u00a0\u00a0\u00a0AZERBA\u00cfDJAN<\/td><td width=\"168\">57.\u00a0\u00a0\u00a0LIBYE<\/td><\/tr><tr><td width=\"168\">6.\u00a0\u00a0\u00a0\u00a0\u00a0BAHRE\u00cfN<\/td><td width=\"168\">58.\u00a0\u00a0\u00a0MADAGASCAR<\/td><\/tr><tr><td width=\"168\">7.\u00a0\u00a0\u00a0\u00a0\u00a0BANGLADESH<\/td><td width=\"168\">59.\u00a0\u00a0\u00a0MALAWI<\/td><\/tr><tr><td width=\"168\">8.\u00a0\u00a0\u00a0\u00a0\u00a0BI\u00c9LORUSSIE<\/td><td width=\"168\">60.\u00a0\u00a0\u00a0MALDIVES<\/td><\/tr><tr><td width=\"168\">9.\u00a0\u00a0\u00a0\u00a0\u00a0BELIZE<\/td><td width=\"168\">61.\u00a0\u00a0\u00a0MALI<\/td><\/tr><tr><td width=\"168\">10.\u00a0\u00a0\u00a0B\u00c9NIN<\/td><td width=\"168\">62.\u00a0\u00a0\u00a0MAURITANIE<\/td><\/tr><tr><td width=\"168\">11.\u00a0\u00a0\u00a0BHOUTAN<\/td><td width=\"168\">63.\u00a0\u00a0\u00a0MONGOLIE<\/td><\/tr><tr><td width=\"168\">12.\u00a0\u00a0\u00a0BOLIVIE<\/td><td width=\"168\">64.\u00a0\u00a0\u00a0MAROC<\/td><\/tr><tr><td width=\"168\">13.\u00a0\u00a0\u00a0BOTSWANA<\/td><td width=\"168\">65.\u00a0\u00a0\u00a0MOZAMBIQUE<\/td><\/tr><tr><td width=\"168\">14.\u00a0\u00a0\u00a0BURKINA FASO<\/td><td width=\"168\">66.\u00a0\u00a0\u00a0NAMIBIE<\/td><\/tr><tr><td width=\"168\">15.\u00a0\u00a0\u00a0BIRMANIE MYANMAR<\/td><td width=\"168\">67.\u00a0\u00a0\u00a0NAURU<\/td><\/tr><tr><td width=\"168\">16.\u00a0\u00a0\u00a0BURUNDI<\/td><td width=\"168\">68.\u00a0\u00a0\u00a0N\u00c9PAL<\/td><\/tr><tr><td width=\"168\">17.\u00a0\u00a0\u00a0CAMBODGE<\/td><td width=\"168\">69.\u00a0\u00a0\u00a0NIGER<\/td><\/tr><tr><td width=\"168\">18.\u00a0\u00a0\u00a0CAMEROUN<\/td><td width=\"168\">70.\u00a0\u00a0\u00a0NIGERIA<\/td><\/tr><tr><td width=\"168\">19.\u00a0\u00a0\u00a0CAPE VERTE<\/td><td width=\"168\">71.\u00a0\u00a0\u00a0COR\u00c9E DU NORD<\/td><\/tr><tr><td width=\"168\"><p>20.\u00a0\u00a0\u00a0R\u00c9PUBLIQUE<\/p><p>CENTRAFRICAINE<\/p><\/td><td width=\"168\">72.\u00a0\u00a0\u00a0OMAN<\/td><\/tr><tr><td width=\"168\">21.\u00a0\u00a0\u00a0TCHAD<\/td><td width=\"168\">73.\u00a0\u00a0\u00a0PAKISTAN<\/td><\/tr><tr><td width=\"168\">22.\u00a0\u00a0\u00a0CHINE<\/td><td width=\"168\">74.\u00a0\u00a0\u00a0PAPOUASIE NOUVELLE GUIN\u00c9E<\/td><\/tr><tr><td width=\"168\">23.\u00a0\u00a0\u00a0COMORES<\/td><td width=\"168\">75.\u00a0\u00a0\u00a0PHILIPPINES<\/td><\/tr><tr><td width=\"168\">24.\u00a0\u00a0\u00a0CONGO<\/td><td width=\"168\">76.\u00a0\u00a0\u00a0QATAR<\/td><\/tr><tr><td width=\"168\">25.\u00a0\u00a0\u00a0C\u00d4TE D\u2019IVOIRE<\/td><td width=\"168\">77.\u00a0\u00a0\u00a0RUSSIE<\/td><\/tr><tr><td width=\"168\">26.\u00a0\u00a0\u00a0CUBA<\/td><td width=\"168\">78.\u00a0\u00a0\u00a0RWANDA<\/td><\/tr><tr><td width=\"168\">27.\u00a0\u00a0\u00a0R\u00c9PUBLIQUE D\u00c9MOCRATIQUE DU CONGO<\/td><td width=\"168\">79.\u00a0\u00a0\u00a0SAO TOME ET PRINCIPE<\/td><\/tr><tr><td width=\"168\">28.\u00a0\u00a0\u00a0DJIBOUTI<\/td><td width=\"168\">80.\u00a0\u00a0\u00a0ARABIE SAOUDITE<\/td><\/tr><tr><td width=\"168\">29.\u00a0\u00a0\u00a0R\u00c9PUBLIQUE DOMINICAINE<\/td><td width=\"168\">81.\u00a0\u00a0\u00a0S\u00c9N\u00c9GAL<\/td><\/tr><tr><td width=\"168\">30.\u00a0\u00a0\u00a0\u00c9QUATEUR<\/td><td width=\"168\">82.\u00a0\u00a0\u00a0SIERRA LEONE<\/td><\/tr><tr><td width=\"168\">31.\u00a0\u00a0\u00a0\u00c9GYPTE<\/td><td width=\"168\">83.\u00a0\u00a0\u00a0SOMALIE<\/td><\/tr><tr><td width=\"168\">32.\u00a0\u00a0\u00a0GUIN\u00c9E \u00c9QUATORIALE<\/td><td width=\"168\">84.\u00a0\u00a0\u00a0AFRIQUE DU SUD<\/td><\/tr><tr><td width=\"168\">33.\u00a0\u00a0\u00a0\u00c9RYTHR\u00c9E<\/td><td width=\"168\">85.\u00a0\u00a0\u00a0SOUDAN DU SUD<\/td><\/tr><tr><td width=\"168\">34.\u00a0\u00a0\u00a0\u00c9THIOPIE<\/td><td width=\"168\">86.\u00a0\u00a0\u00a0SRI LANKA<\/td><\/tr><tr><td width=\"168\">35.\u00a0\u00a0\u00a0FIDJI<\/td><td width=\"168\">87.\u00a0\u00a0\u00a0SOUDAN<\/td><\/tr><tr><td width=\"168\">36.\u00a0\u00a0\u00a0GABON<\/td><td width=\"168\">88.\u00a0\u00a0\u00a0SURINAME<\/td><\/tr><tr><td width=\"168\">37.\u00a0\u00a0\u00a0GAMBIE<\/td><td width=\"168\">89.\u00a0\u00a0\u00a0SWAZILAND<\/td><\/tr><tr><td width=\"168\">38.\u00a0\u00a0\u00a0GHANA<\/td><td width=\"168\">90.\u00a0\u00a0\u00a0SYRIE<\/td><\/tr><tr><td width=\"168\">39.\u00a0\u00a0\u00a0GUIN\u00c9E<\/td><td width=\"168\">91.\u00a0\u00a0\u00a0TADJIKISTAN<\/td><\/tr><tr><td width=\"168\">40.\u00a0\u00a0\u00a0GUIN\u00c9E BISSAU<\/td><td width=\"168\">92.\u00a0\u00a0\u00a0TANZANIE<\/td><\/tr><tr><td width=\"168\">41.\u00a0\u00a0\u00a0GUYANE<\/td><td width=\"168\">93.\u00a0\u00a0\u00a0THA\u00cfLANDE<\/td><\/tr><tr><td width=\"168\">42.\u00a0\u00a0\u00a0HA\u00cfTI<\/td><td width=\"168\">94.\u00a0\u00a0\u00a0TOGO<\/td><\/tr><tr><td width=\"168\">43.\u00a0\u00a0\u00a0INDE<\/td><td width=\"168\">95.\u00a0\u00a0\u00a0TUNISIE<\/td><\/tr><tr><td width=\"168\">44.\u00a0\u00a0\u00a0INDON\u00c9SIE<\/td><td width=\"168\">96.\u00a0\u00a0\u00a0TURQUIE<\/td><\/tr><tr><td width=\"168\">45.\u00a0\u00a0\u00a0IRAN<\/td><td width=\"168\">97.\u00a0\u00a0\u00a0TURKM\u00c9NISTAN<\/td><\/tr><tr><td width=\"168\">46.\u00a0\u00a0\u00a0IRAK<\/td><td width=\"168\">98.\u00a0\u00a0\u00a0OUGANDA<\/td><\/tr><tr><td width=\"168\">47.\u00a0\u00a0\u00a0JAMA\u00cfQUE<\/td><td width=\"168\">99.\u00a0\u00a0\u00a0OUZB\u00c9KISTAN<\/td><\/tr><tr><td width=\"168\">48.\u00a0\u00a0\u00a0JORDANIE<\/td><td width=\"168\">100.\u00a0VIETNAM<\/td><\/tr><tr><td width=\"168\">49.\u00a0\u00a0\u00a0KAZAKHSTAN<\/td><td width=\"168\">101.\u00a0YEM\u00c9N<\/td><\/tr><tr><td width=\"168\">50.\u00a0\u00a0\u00a0KENYA<\/td><td width=\"168\">102.\u00a0ZAMBIE<\/td><\/tr><tr><td width=\"168\">51.\u00a0\u00a0\u00a0KOWEIT<\/td><td width=\"168\">103.\u00a0ZIMBABWE<\/td><\/tr><tr><td width=\"168\">52. KIRGHIZISTAN<\/td><td width=\"168\">\u00a0<\/td><\/tr><\/tbody><\/table><\/div><\/div><\/div><ul><li>Les ressortissants tiers des entit\u00e9s\/territoires suivants sont \u00e9galement tenus de <a href=\"https:\/\/www.schengenvisas.com\/fr\/telecharger-le-formulaire-de-demande-de-visa-schengen\/\"><strong>demander un visa Schengen<\/strong> <\/a>: Le <strong>KOSOVO<\/strong> et l&rsquo;<strong>AUTORIT\u00c9 PALESTINIENNE<\/strong>.<\/li><li>Les personnes qui ont besoin d&rsquo;un visa peuvent en savoir plus sur le processus de demande de visa Schengen ci-dessous.<\/li><\/ul><h2><strong>Qui peut demander un visa Schengen ?<\/strong><\/h2><div>En principe, toute personne qui a besoin d&rsquo;un visa pour entrer dans l&rsquo;espace des visas Schengen peut en faire la demande (voir Ai-je besoin d&rsquo;un visa Schengen, expliqu\u00e9 ci-dessus). En pratique, seules les personnes qui r\u00e9pondent aux exigences relatives au visa sont approuv\u00e9es pour un visa Schengen. R\u00e9pondre aux exigences implique de soumettre tous les documents requis pour le visa Schengen, de r\u00e9gler les frais de visa Schengen et de suivre le reste des \u00e9tapes qui composent le processus de demande de visa Schengen. Les demandeurs retenus se voient accorder l&rsquo;acc\u00e8s aux 27 pays de visa Schengen pour une p\u00e9riode n&rsquo;exc\u00e9dant pas 90 jours.<\/div><h2><strong>Comment faire une demande de visa Schengen ?<\/strong><\/h2><ul><li>Les voyageurs potentiels doivent suivre ces 10 \u00e9tapes pour compl\u00e9ter le processus de demande de visa Schengen :<ul><li>\u00c9tablissez les dates de votre voyage<\/li><li>Choisissez l&rsquo;un des pays du visa Schengen comme destination principale<\/li><li>S\u00e9lectionnez le type de visa Schengen<\/li><li>S\u00e9lectionnez la cat\u00e9gorie d&rsquo;entr\u00e9e dans l&rsquo;espace des visas Schengen<\/li><li>Trouvez la destination de votre demande (lieu physique o\u00f9 vous soumettrez les documents requis pour votre visa Schengen)<\/li><li>Acc\u00e9dez au formulaire de visa Schengen<\/li><li>Soumettez les documents requis pour votre visa Schengen<\/li><li>R\u00e9glez les frais de visa Schengen<\/li><li>Assistez \u00e0 un entretien de visa<\/li><li>Recevez la d\u00e9cision de votre visa<\/li><\/ul><\/li><\/ul><h2><strong>O\u00f9 pr\u00e9senter la demande ?<\/strong><\/h2><div>Le processus de demande de visa Schengen se d\u00e9roule dans les ambassades et consulats \u00e9trangers des pays du visa Schengen ; vous demanderez votre visa Schengen par l&rsquo;interm\u00e9diaire de l&rsquo;ambassade ou du consulat de votre destination principale dans l&rsquo;espace Schengen. Il y a 27 pays dans l\u2019espace des visas Schengen ; votre destination principale dans l\u2019espace Schengen est le pays dans lequel vous avez l&rsquo;intention de passer le plus de jours. Une fois que vous connaissez votre destination principale, vous demanderez votre visa aupr\u00e8s de l&rsquo;ambassade ou du consulat du pays en question dans votre pays de r\u00e9sidence. Vous devrez alors soumettre les documents requis pour votre visa Schengen, r\u00e9gler les frais de visa Schengen et accomplir toutes les t\u00e2ches associ\u00e9es au processus de demande de visa Schengen.<\/div><h2><strong>De quel type de visa Schengen avez-vous besoin ?<\/strong><\/h2><ul><li>Il existe plusieurs types de visas Schengen. Lorsque vous remplissez le formulaire de demande de base (l&rsquo;un des principaux documents requis pour le visa Schengen), vous devrez indiquer le type de visa souhait\u00e9. D\u00e9terminez le type de visa Schengen en r\u00e9fl\u00e9chissant \u00e0 l\u2019objet de votre voyage dans l\u2019espace des visas Schengen. Le motif de votre voyage doit correspondre \u00e0 l&rsquo;un des types de visa Schengen disponibles :<ul><li><strong><a href=\"https:\/\/www.schengenvisas.com\/fr\/visa-schengen-de-transit-aeroportuaire\/\">Transit a\u00e9roportuaire<\/a><\/strong><\/li><li><a href=\"https:\/\/www.schengenvisas.com\/fr\/visa-schengen-daffaires\/\"><strong>Professionnel<\/strong><\/a><\/li><li><a href=\"https:\/\/www.schengenvisas.com\/fr\/visa-schengen-culturel\/\"><strong>Culturel<\/strong><\/a><\/li><li><a href=\"https:\/\/www.schengenvisas.com\/fr\/visa-schengen-pour-conjoint\/\"><strong>Conjoint(e) europ\u00e9en(ne)<\/strong><\/a><\/li><li><a href=\"https:\/\/www.schengenvisas.com\/fr\/visa-schengen-pour-lequipe-de-tournage\/\"><strong>\u00c9quipe de tournage de film<\/strong><\/a><\/li><li><a href=\"https:\/\/www.schengenvisas.com\/fr\/visa-schengen-pour-raisons-medicales\/\"><strong>M\u00e9dical<\/strong><\/a><\/li><li><a href=\"https:\/\/www.schengenvisas.com\/fr\/visa-schengen-de-visite-officielle\/\"><strong>Visite officielle<\/strong><\/a><\/li><li><a href=\"https:\/\/www.schengenvisas.com\/fr\/visa-schengen-a-des-fins-religieuses\/\"><strong>Religieux<\/strong><\/a><\/li><li><a href=\"https:\/\/www.schengenvisas.com\/fr\/visa-schengen-sportif\/\"><strong>Sport<\/strong><\/a><\/li><li><a href=\"https:\/\/www.schengenvisas.com\/fr\/visa-schengen-detudes\/\"><strong>\u00c9tude<\/strong><\/a><\/li><li><a href=\"https:\/\/www.schengenvisas.com\/fr\/visa-schengen-de-tourisme\/\"><strong>Tourisme<\/strong><\/a><\/li><li><a href=\"https:\/\/www.schengenvisas.com\/fr\/visite-de-la-famille-ou-des-amis\/\"><strong>Visite \u00e0 des proches ou amis<\/strong><\/a><\/li><li><a href=\"https:\/\/www.schengenvisas.com\/fr\/autres-visas-schengen\/\"><strong>Autre<\/strong><\/a><\/li><\/ul><\/li><\/ul><div>Veuillez noter que <a href=\"https:\/\/www.schengenvisas.com\/fr\/frais-de-visa-schengen\/\"><strong>les frais de visa Schengen<\/strong><\/a> sont les m\u00eames pour tous <a href=\"https:\/\/www.schengenvisas.com\/fr\/types-objectifs-et-validite-des-visas-schengen\/\"><strong>les types de visa Schengen<\/strong><\/a> vers tous <a href=\"https:\/\/www.schengenvisas.com\/fr\/espace-schengen\/\"><strong>les pays du visa Schengen<\/strong><\/a>.<\/div>\t\t\t\t\t\t\t\t<\/div>\n\t\t\t\t<\/div>\n\t\t\t\t\t<\/div>\n\t\t<\/div>\n\t\t\t\t\t<\/div>\n\t\t<\/section>\n\t\t\t\t<\/div>\n\t\t","protected":false},"excerpt":{"rendered":"<p>Ai-je besoin d&rsquo;un visa Schengen ? Selon votre pays d&rsquo;origine, vous aurez besoin d&rsquo;un visa<a class=\"read-more-text pl-2\" href=\"https:\/\/www.schengenvisas.com\/fr\/qui-peut-demander-un-visa-schengen\/\">[Lire la suite&#8230;]<\/a><\/p>\n","protected":false},"author":15,"featured_media":0,"parent":0,"menu_order":0,"comment_status":"closed","ping_status":"closed","template":"","meta":{"_acf_changed":false,"inline_featured_image":false,"footnotes":""},"class_list":["post-26350","page","type-page","status-publish","hentry","entry"],"acf":[],"yoast_head":"<!-- This site is optimized with the Yoast SEO Premium plugin v24.1 (Yoast SEO v24.1) - https:\/\/yoast.com\/wordpress\/plugins\/seo\/ -->\n<title>Qui peut demander un visa Schengen ? | Schengen Visas<\/title>\n<meta name=\"description\" content=\"Ai-je besoin d&#039;un visa Schengen ?Selon votre pays d&#039;origine, vous aurez besoin d&#039;un visa Schengen pour entrer en Europe, qui inclut tous les pays de la\" \/>\n<meta name=\"robots\" content=\"index, follow, max-snippet:-1, max-image-preview:large, max-video-preview:-1\" \/>\n<link rel=\"canonical\" href=\"https:\/\/www.schengenvisas.com\/fr\/wp-json\/wp\/v2\/pages\/26350\" \/>\n<meta property=\"og:locale\" content=\"fr_FR\" \/>\n<meta property=\"og:type\" content=\"article\" \/>\n<meta property=\"og:title\" content=\"Qui peut demander un visa Schengen ?\" \/>\n<meta property=\"og:description\" content=\"Ai-je besoin d&#039;un visa Schengen ?Selon votre pays d&#039;origine, vous aurez besoin d&#039;un visa Schengen pour entrer en Europe, qui inclut tous les pays de la\" \/>\n<meta property=\"og:url\" content=\"https:\/\/www.schengenvisas.com\/fr\/qui-peut-demander-un-visa-schengen\/\" \/>\n<meta property=\"og:site_name\" content=\"Schengen Visas\" \/>\n<meta property=\"article:modified_time\" content=\"2023-05-08T20:53:20+00:00\" \/>\n<meta name=\"twitter:card\" content=\"summary_large_image\" \/>\n<meta name=\"twitter:label1\" content=\"Dur\u00e9e de lecture estim\u00e9e\" \/>\n\t<meta name=\"twitter:data1\" content=\"5 minutes\" \/>\n<script type=\"application\/ld+json\" class=\"yoast-schema-graph\">{\"@context\":\"https:\/\/schema.org\",\"@graph\":[{\"@type\":\"WebPage\",\"@id\":\"https:\/\/www.schengenvisas.com\/fr\/qui-peut-demander-un-visa-schengen\/\",\"url\":\"https:\/\/www.schengenvisas.com\/fr\/qui-peut-demander-un-visa-schengen\/\",\"name\":\"Qui peut demander un visa Schengen ? | Schengen Visas\",\"isPartOf\":{\"@id\":\"https:\/\/www.schengenvisas.com\/#website\"},\"datePublished\":\"2023-05-08T20:24:59+00:00\",\"dateModified\":\"2023-05-08T20:53:20+00:00\",\"description\":\"Ai-je besoin d'un visa Schengen ?Selon votre pays d'origine, vous aurez besoin d'un visa Schengen pour entrer en Europe, qui inclut tous les pays de la\",\"breadcrumb\":{\"@id\":\"https:\/\/www.schengenvisas.com\/fr\/qui-peut-demander-un-visa-schengen\/#breadcrumb\"},\"inLanguage\":\"fr-FR\",\"potentialAction\":[{\"@type\":\"ReadAction\",\"target\":[\"https:\/\/www.schengenvisas.com\/fr\/qui-peut-demander-un-visa-schengen\/\"]}]},{\"@type\":\"BreadcrumbList\",\"@id\":\"https:\/\/www.schengenvisas.com\/fr\/qui-peut-demander-un-visa-schengen\/#breadcrumb\",\"itemListElement\":[{\"@type\":\"ListItem\",\"position\":1,\"name\":\"Home\",\"item\":\"https:\/\/www.schengenvisas.com\/\"},{\"@type\":\"ListItem\",\"position\":2,\"name\":\"Qui peut demander un visa Schengen ?\"}]},{\"@type\":\"WebSite\",\"@id\":\"https:\/\/www.schengenvisas.com\/#website\",\"url\":\"https:\/\/www.schengenvisas.com\/\",\"name\":\"Schengen Visas\",\"description\":\"Schengen Visa Application Services\",\"publisher\":{\"@id\":\"https:\/\/www.schengenvisas.com\/#organization\"},\"potentialAction\":[{\"@type\":\"SearchAction\",\"target\":{\"@type\":\"EntryPoint\",\"urlTemplate\":\"https:\/\/www.schengenvisas.com\/?s={search_term_string}\"},\"query-input\":{\"@type\":\"PropertyValueSpecification\",\"valueRequired\":true,\"valueName\":\"search_term_string\"}}],\"inLanguage\":\"fr-FR\"},{\"@type\":\"Organization\",\"@id\":\"https:\/\/www.schengenvisas.com\/#organization\",\"name\":\"Schengen Visas\",\"url\":\"https:\/\/www.schengenvisas.com\/\",\"logo\":{\"@type\":\"ImageObject\",\"inLanguage\":\"fr-FR\",\"@id\":\"https:\/\/www.schengenvisas.com\/#\/schema\/logo\/image\/\",\"url\":\"https:\/\/www.schengenvisas.com\/wp-content\/uploads\/2023\/03\/logo.svg\",\"contentUrl\":\"https:\/\/www.schengenvisas.com\/wp-content\/uploads\/2023\/03\/logo.svg\",\"width\":894,\"height\":123,\"caption\":\"Schengen Visas\"},\"image\":{\"@id\":\"https:\/\/www.schengenvisas.com\/#\/schema\/logo\/image\/\"}}]}<\/script>\n<!-- \/ Yoast SEO Premium plugin. -->","yoast_head_json":{"title":"Qui peut demander un visa Schengen ? | Schengen Visas","description":"Ai-je besoin d'un visa Schengen ?Selon votre pays d'origine, vous aurez besoin d'un visa Schengen pour entrer en Europe, qui inclut tous les pays de la","robots":{"index":"index","follow":"follow","max-snippet":"max-snippet:-1","max-image-preview":"max-image-preview:large","max-video-preview":"max-video-preview:-1"},"canonical":"https:\/\/www.schengenvisas.com\/fr\/wp-json\/wp\/v2\/pages\/26350","og_locale":"fr_FR","og_type":"article","og_title":"Qui peut demander un visa Schengen ?","og_description":"Ai-je besoin d'un visa Schengen ?Selon votre pays d'origine, vous aurez besoin d'un visa Schengen pour entrer en Europe, qui inclut tous les pays de la","og_url":"https:\/\/www.schengenvisas.com\/fr\/qui-peut-demander-un-visa-schengen\/","og_site_name":"Schengen Visas","article_modified_time":"2023-05-08T20:53:20+00:00","twitter_card":"summary_large_image","twitter_misc":{"Dur\u00e9e de lecture estim\u00e9e":"5 minutes"},"schema":{"@context":"https:\/\/schema.org","@graph":[{"@type":"WebPage","@id":"https:\/\/www.schengenvisas.com\/fr\/qui-peut-demander-un-visa-schengen\/","url":"https:\/\/www.schengenvisas.com\/fr\/qui-peut-demander-un-visa-schengen\/","name":"Qui peut demander un visa Schengen ? | Schengen Visas","isPartOf":{"@id":"https:\/\/www.schengenvisas.com\/#website"},"datePublished":"2023-05-08T20:24:59+00:00","dateModified":"2023-05-08T20:53:20+00:00","description":"Ai-je besoin d'un visa Schengen ?Selon votre pays d'origine, vous aurez besoin d'un visa Schengen pour entrer en Europe, qui inclut tous les pays de la","breadcrumb":{"@id":"https:\/\/www.schengenvisas.com\/fr\/qui-peut-demander-un-visa-schengen\/#breadcrumb"},"inLanguage":"fr-FR","potentialAction":[{"@type":"ReadAction","target":["https:\/\/www.schengenvisas.com\/fr\/qui-peut-demander-un-visa-schengen\/"]}]},{"@type":"BreadcrumbList","@id":"https:\/\/www.schengenvisas.com\/fr\/qui-peut-demander-un-visa-schengen\/#breadcrumb","itemListElement":[{"@type":"ListItem","position":1,"name":"Home","item":"https:\/\/www.schengenvisas.com\/"},{"@type":"ListItem","position":2,"name":"Qui peut demander un visa Schengen ?"}]},{"@type":"WebSite","@id":"https:\/\/www.schengenvisas.com\/#website","url":"https:\/\/www.schengenvisas.com\/","name":"Schengen Visas","description":"Schengen Visa Application Services","publisher":{"@id":"https:\/\/www.schengenvisas.com\/#organization"},"potentialAction":[{"@type":"SearchAction","target":{"@type":"EntryPoint","urlTemplate":"https:\/\/www.schengenvisas.com\/?s={search_term_string}"},"query-input":{"@type":"PropertyValueSpecification","valueRequired":true,"valueName":"search_term_string"}}],"inLanguage":"fr-FR"},{"@type":"Organization","@id":"https:\/\/www.schengenvisas.com\/#organization","name":"Schengen Visas","url":"https:\/\/www.schengenvisas.com\/","logo":{"@type":"ImageObject","inLanguage":"fr-FR","@id":"https:\/\/www.schengenvisas.com\/#\/schema\/logo\/image\/","url":"https:\/\/www.schengenvisas.com\/wp-content\/uploads\/2023\/03\/logo.svg","contentUrl":"https:\/\/www.schengenvisas.com\/wp-content\/uploads\/2023\/03\/logo.svg","width":894,"height":123,"caption":"Schengen Visas"},"image":{"@id":"https:\/\/www.schengenvisas.com\/#\/schema\/logo\/image\/"}}]}},"_links":{"self":[{"href":"https:\/\/www.schengenvisas.com\/fr\/wp-json\/wp\/v2\/pages\/26350","targetHints":{"allow":["GET"]}}],"collection":[{"href":"https:\/\/www.schengenvisas.com\/fr\/wp-json\/wp\/v2\/pages"}],"about":[{"href":"https:\/\/www.schengenvisas.com\/fr\/wp-json\/wp\/v2\/types\/page"}],"author":[{"embeddable":true,"href":"https:\/\/www.schengenvisas.com\/fr\/wp-json\/wp\/v2\/users\/15"}],"replies":[{"embeddable":true,"href":"https:\/\/www.schengenvisas.com\/fr\/wp-json\/wp\/v2\/comments?post=26350"}],"version-history":[{"count":11,"href":"https:\/\/www.schengenvisas.com\/fr\/wp-json\/wp\/v2\/pages\/26350\/revisions"}],"predecessor-version":[{"id":26365,"href":"https:\/\/www.schengenvisas.com\/fr\/wp-json\/wp\/v2\/pages\/26350\/revisions\/26365"}],"wp:attachment":[{"href":"https:\/\/www.schengenvisas.com\/fr\/wp-json\/wp\/v2\/media?parent=26350"}],"curies":[{"name":"wp","href":"https:\/\/api.w.org\/{rel}","templated":true}]}}