{"id":8548,"date":"2020-03-19T12:15:32","date_gmt":"2020-03-19T12:15:32","guid":{"rendered":"https:\/\/www.schengenvisas.com\/cookie-policy\/"},"modified":"2021-07-04T00:28:58","modified_gmt":"2021-07-03T20:28:58","slug":"politique-relative-aux-cookies","status":"publish","type":"page","link":"https:\/\/www.schengenvisas.com\/fr\/politique-relative-aux-cookies\/","title":{"rendered":"Politique relative aux cookies"},"content":{"rendered":"\t\t<div data-elementor-type=\"wp-page\" data-elementor-id=\"8548\" class=\"elementor elementor-8548 elementor-1264\" data-elementor-post-type=\"page\">\n\t\t\t\t\t\t<section class=\"elementor-section elementor-top-section elementor-element elementor-element-5570f85 elementor-section-boxed elementor-section-height-default elementor-section-height-default\" data-id=\"5570f85\" data-element_type=\"section\">\n\t\t\t\t\t\t<div class=\"elementor-container elementor-column-gap-default\">\n\t\t\t\t\t<div class=\"elementor-column elementor-col-100 elementor-top-column elementor-element elementor-element-b8b3bd2\" data-id=\"b8b3bd2\" data-element_type=\"column\">\n\t\t\t<div class=\"elementor-widget-wrap elementor-element-populated\">\n\t\t\t\t\t\t<div class=\"elementor-element elementor-element-d4b13a7 elementor-widget elementor-widget-text-editor\" data-id=\"d4b13a7\" data-element_type=\"widget\" data-widget_type=\"text-editor.default\">\n\t\t\t\t<div class=\"elementor-widget-container\">\n\t\t\t\t\t\t\t\t\t<p>Le site SchengenVisas.com utilise des cookies. Si vous avez accept\u00e9 ces derniers, en plus des cookies obligatoires et de performance qui assurent le fonctionnement et les statistiques agr\u00e9g\u00e9es du site Web, d&rsquo;autres cookies \u00e0 des fins d&rsquo;analyse et de marketing peuvent \u00eatre plac\u00e9s sur votre ordinateur ou tout autre appareil \u00e0 partir duquel vous acc\u00e9dez \u00e0 notre page Web.<\/p><p>Cette politique en mati\u00e8re de cookies d\u00e9crit les types de cookies que nous utilisons sur notre site Web et \u00e0 quelles fins.<\/p><h2>Que sont les cookies ?<\/h2><p>Les cookies sont des petits fichiers texte cr\u00e9\u00e9s par le site Web, t\u00e9l\u00e9charg\u00e9s et stock\u00e9s sur tout appareil compatible Internet, tel que votre ordinateur, votre smartphone ou votre tablette, lorsque vous visitez notre page d&rsquo;accueil. Votre navigateur utilise les cookies pour renvoyer des informations au site Web \u00e0 chaque visite ult\u00e9rieure de ce dernier afin de reconna\u00eetre l&rsquo;utilisateur et de se souvenir de ses choix (par exemple, les informations de connexion, les pr\u00e9f\u00e9rences de langue et d&rsquo;autres param\u00e8tres). Cela peut rendre votre prochaine visite plus facile et le site plus utile pour vous.<\/p><h2>Quels types de cookies utilisons-nous et \u00e0 quelles fins ?<\/h2><p>Nous utilisons diff\u00e9rents types de cookies pour faire fonctionner notre site Web.<\/p><p>Les cookies indiqu\u00e9s ci-dessous peuvent \u00eatre stock\u00e9s dans votre navigateur.<\/p><p><strong>Cookies obligatoires et de performance.<\/strong> Ces cookies sont n\u00e9cessaires au fonctionnement du site Web et seront plac\u00e9s sur votre appareil une fois que vous acc\u00e9dez au site Web. La plupart de ces cookies sont d\u00e9finis en r\u00e9ponse \u00e0 des actions que vous effectuez et qui correspondent \u00e0 une demande de services, telles que la d\u00e9finition de vos pr\u00e9f\u00e9rences de confidentialit\u00e9, la connexion ou le remplissage de formulaires. Ces cookies permettent une utilisation pratique et compl\u00e8te de notre site Web et aident les utilisateurs \u00e0 utiliser efficacement le site Web et \u00e0 le personnaliser. Ces cookies identifient l&rsquo;appareil de l&rsquo;utilisateur au niveau du nombre de visites de notre site Web, mais ne recueillons aucune information personnelle suppl\u00e9mentaire. Vous pouvez configurer votre navigateur pour qu&rsquo;il bloque ou vous alerte sur ces cookies, mais certaines parties du site ne fonctionneront pas si vous les d\u00e9sactivez. Ces cookies ne conservent aucune information personnellement identifiable et sont stock\u00e9s sur l&rsquo;appareil de l&rsquo;utilisateur jusqu&rsquo;\u00e0 la fin de la session ou de mani\u00e8re permanente.<\/p><p><strong>Cookies analytiques<\/strong>. Ces cookies recueillent des informations sur la mani\u00e8re dont les utilisateurs interagissent avec notre site Web, par exemple, pour d\u00e9terminer quelles sections sont les plus fr\u00e9quemment visit\u00e9es et quels services sont les plus souvent utilis\u00e9s. Les informations recueillies sont utilis\u00e9es \u00e0 des fins analytiques pour comprendre les int\u00e9r\u00eats de nos visiteurs et comment rendre le site Web plus convivial. Si vous n&rsquo;autorisez pas ces cookies, nous ne saurons pas quand vous avez visit\u00e9 notre site et ne serons pas en mesure de surveiller ses performances. \u00c0 des fins d&rsquo;analyse, nous pouvons utiliser des cookies tiers. Ces cookies sont stock\u00e9s sur l&rsquo;appareil de l&rsquo;utilisateur aussi longtemps que d\u00e9fini par le fournisseur de cookies tiers (allant de 1 jour \u00e0 d\u00e9finitivement).<\/p><p><strong>Cookies de marketing et de ciblage.<\/strong> Ces cookies recueillent des informations sur la mani\u00e8re dont les utilisateurs interagissent avec notre site Web, par exemple, pour d\u00e9terminer quelles sections sont les plus fr\u00e9quemment visit\u00e9es et quels services sont les plus souvent utilis\u00e9s. Avant que vous acceptiez l&rsquo;utilisation de tous les cookies, SchengenVisas.com ne recueillera que des donn\u00e9es anonymes concernant l&rsquo;acc\u00e8s au site Web. Les informations recueillies sont utilis\u00e9es \u00e0 des fins analytiques pour comprendre les int\u00e9r\u00eats de nos utilisateurs et comment rendre la page Web plus conviviale. \u00c0 des fins d&rsquo;analyse, nous pouvons utiliser des cookies tiers. Ces cookies sont stock\u00e9s en permanence sur l&rsquo;appareil de l&rsquo;utilisateur.<\/p><p><strong>Cookies tiers<\/strong>. Notre site Web utilise des services tiers, par exemple, pour des services d&rsquo;analyse afin que nous sachions ce qui est populaire ou pas sur notre site Web, et ce qui rend le site Web plus convivial. Vous pouvez en savoir plus sur ces cookies et leur politique de confidentialit\u00e9 en visitant les sites Web des tiers en question. Toutes les informations trait\u00e9es \u00e0 partir des cookies tiers sont trait\u00e9es par les prestataires de services respectifs. \u00c0 tout moment, vous avez le droit de refuser le traitement des donn\u00e9es par des cookies tiers.<\/p><p>Par exemple, nous pouvons utiliser les cookies de Google Analytics pour aider \u00e0 mesurer comment les utilisateurs interagissent avec le contenu de notre site Web. Ces cookies recueillent des informations sur votre interaction avec le site Web, telles que les visites uniques, les visites de retour, la dur\u00e9e de la session, les actions effectu\u00e9es sur la page Web, etc.<\/p><p>Nous pouvons \u00e9galement utiliser des pixels Facebook pour traiter des informations sur les actions de l&rsquo;utilisateur sur notre site Web, telles que la page Web visit\u00e9e, l&rsquo;identifiant Facebook de l&rsquo;utilisateur, les donn\u00e9es du navigateur, etc. Les informations trait\u00e9es \u00e0 partir des pixels de Facebook sont utilis\u00e9es pour afficher des publicit\u00e9s bas\u00e9es sur vos centres d&rsquo;int\u00e9r\u00eat lorsque vous utilisez Facebook, ainsi que pour mesurer les conversions multi-appareils et en savoir plus sur les interactions des utilisateurs avec notre page Web.<\/p><h2>Liste des cookies<\/h2><ul><li>#1:<ul><li>NOM : _ga<\/li><li>FOURNISSEUR : schengenvisas.com<\/li><li>BUT : Enregistre un identifiant unique utilis\u00e9 pour g\u00e9n\u00e9rer des donn\u00e9es statistiques sur la fa\u00e7on dont le visiteur utilise le site Web.<\/li><li>TYPE : HTTP<\/li><li>EXPIRATION : 2 ans<\/li><\/ul><\/li><\/ul><ul><li>#2:<ul><li>NOM : _gat<\/li><li>FOURNISSEUR : schengenvisas.com<\/li><li>BUT : Utilis\u00e9 par Google Analytics pour limiter le taux de demandes.<\/li><li>TYPE : HTTP<\/li><li>EXPIRATION : 1 jour<\/li><\/ul><\/li><\/ul><ul><li>#3 :<ul><li>NOM : _gid<\/li><li>FOURNISSEUR : schengenvisas.com<\/li><li>BUT : Enregistre un identifiant unique utilis\u00e9 pour g\u00e9n\u00e9rer des donn\u00e9es statistiques sur la fa\u00e7on dont le visiteur utilise le site Web.<\/li><li>TYPE : HTTP<\/li><li>EXPIRATION : 1 jour<\/li><\/ul><\/li><\/ul><ul><li>#4 :<ul><li>NOM : collect<\/li><li>FOURNISSEUR : google-analytics.com<\/li><li>BUT : Utilis\u00e9 pour envoyer des donn\u00e9es \u00e0 Google Analytics sur l&rsquo;appareil et le comportement du visiteur. Suit le visiteur \u00e0 travers les appareils et les canaux marketing.<\/li><li>TYPE : Pixel<\/li><li>EXPIRATION\u00a0: Session<\/li><\/ul><\/li><\/ul><h2>G\u00e9rer les cookies<\/h2><p>La plupart des navigateurs vous permettent de refuser ou d&rsquo;accepter les cookies, et de supprimer ces derniers. Les m\u00e9thodes varient d&rsquo;un navigateur \u00e0 l&rsquo;autre et d&rsquo;une version \u00e0 l&rsquo;autre. Vous pouvez cependant obtenir des informations \u00e0 jour sur le blocage et la suppression des cookies via ces liens :<\/p><ul><li><a href=\"https:\/\/support.google.com\/chrome\/answer\/95647?hl=en\">https:\/\/support.google.com\/chrome\/answer\/95647?hl=en<\/a> (Chrome) ;<\/li><li><a href=\"https:\/\/support.mozilla.org\/en-US\/kb\/enable-and-disable-cookies-website-preferences\">https:\/\/support.mozilla.org\/en-US\/kb\/enable-and-disable-cookies-website-preferences<\/a> (Firefox) ;<\/li><li><a href=\"http:\/\/www.opera.com\/help\/tutorials\/security\/cookies\/\">http:\/\/www.opera.com\/help\/tutorials\/security\/cookies\/<\/a> (Opera) ;<\/li><li><a href=\"https:\/\/support.microsoft.com\/en-gb\/help\/17442\/windows-internet-explorer-delete-manage-cookies\">https:\/\/support.microsoft.com\/en-gb\/help\/17442\/windows-internet-explorer-delete-manage-cookies<\/a> (Internet Explorer) ;<\/li><li><a href=\"https:\/\/support.apple.com\/guide\/safari\/manage-cookies-and-website-data-sfri11471\/mac\">https:\/\/support.apple.com\/guide\/safari\/manage-cookies-and-website-data-sfri11471\/mac<\/a> (Safari) ; et<\/li><li><a href=\"https:\/\/privacy.microsoft.com\/en-us\/windows-10-microsoft-edge-and-privacy\">https:\/\/privacy.microsoft.com\/en-us\/windows-10-microsoft-edge-and-privacy<\/a> (Edge).<\/li><\/ul><p>Le blocage de tous les cookies aura un impact n\u00e9gatif sur l\u2019usage de nombreux sites Web.<\/p><p>Si vous bloquez les cookies, vous ne pourrez pas utiliser toutes les fonctionnalit\u00e9s de notre site Web.<\/p><h2><strong>Modifications de la politique relative aux cookies<\/strong><\/h2><p><strong>\u00a0<\/strong>Nous nous r\u00e9servons le droit d&rsquo;apporter des modifications \u00e0 cette politique de cookies. Les modifications et ajouts \u00e0 cette politique de cookies entreront en vigueur lorsqu&rsquo;ils seront publi\u00e9s sur notre site Web.<\/p><p>En continuant \u00e0 utiliser notre site Web apr\u00e8s que des modifications ont \u00e9t\u00e9 apport\u00e9es \u00e0 cette politique de cookies, vous indiquez votre consentement au nouveau libell\u00e9 de cette politique. Il est de votre responsabilit\u00e9 de v\u00e9rifier r\u00e9guli\u00e8rement le contenu de cette politique pour avoir connaissance de tout changement.<\/p><h2><strong>Nous contacter<\/strong><\/h2><p>Si vous avez des commentaires ou des questions concernant cette politique de cookies ou si vous souhaitez signaler une violation de cette derni\u00e8re, vous pouvez nous contacter en utilisant les informations ci-dessous.<\/p><p>Email : <a href=\"mailto:info@schengenvisas.com\">info@schengenvisas.com<\/a><\/p><p><strong><u>\u00a0<\/u><\/strong><\/p>\t\t\t\t\t\t\t\t<\/div>\n\t\t\t\t<\/div>\n\t\t\t\t\t<\/div>\n\t\t<\/div>\n\t\t\t\t\t<\/div>\n\t\t<\/section>\n\t\t\t\t<\/div>\n\t\t","protected":false},"excerpt":{"rendered":"<p>Le site SchengenVisas.com utilise des cookies. Si vous avez accept\u00e9 ces derniers, en plus des<a class=\"read-more-text pl-2\" href=\"https:\/\/www.schengenvisas.com\/fr\/politique-relative-aux-cookies\/\">[Lire la suite&#8230;]<\/a><\/p>\n","protected":false},"author":15,"featured_media":0,"parent":0,"menu_order":0,"comment_status":"closed","ping_status":"closed","template":"","meta":{"_acf_changed":false,"inline_featured_image":false,"footnotes":""},"class_list":["post-8548","page","type-page","status-publish","hentry","entry"],"acf":[],"yoast_head":"<!-- This site is optimized with the Yoast SEO Premium plugin v24.1 (Yoast SEO v24.1) - https:\/\/yoast.com\/wordpress\/plugins\/seo\/ -->\n<title>Politique relative aux cookies | Schengen Visas<\/title>\n<meta name=\"description\" content=\"Le site SchengenVisas.com utilise des cookies. Si vous avez accept\u00e9 ces derniers, en plus des cookies obligatoires et de performance qui assurent le\" \/>\n<meta name=\"robots\" content=\"index, follow, max-snippet:-1, max-image-preview:large, max-video-preview:-1\" \/>\n<link rel=\"canonical\" href=\"https:\/\/www.schengenvisas.com\/fr\/wp-json\/wp\/v2\/pages\/8548\" \/>\n<meta property=\"og:locale\" content=\"fr_FR\" \/>\n<meta property=\"og:type\" content=\"article\" \/>\n<meta property=\"og:title\" content=\"Politique relative aux cookies\" \/>\n<meta property=\"og:description\" content=\"Le site SchengenVisas.com utilise des cookies. Si vous avez accept\u00e9 ces derniers, en plus des cookies obligatoires et de performance qui assurent le\" \/>\n<meta property=\"og:url\" content=\"https:\/\/www.schengenvisas.com\/fr\/politique-relative-aux-cookies\/\" \/>\n<meta property=\"og:site_name\" content=\"Schengen Visas\" \/>\n<meta property=\"article:modified_time\" content=\"2021-07-03T20:28:58+00:00\" \/>\n<meta name=\"twitter:card\" content=\"summary_large_image\" \/>\n<meta name=\"twitter:label1\" content=\"Dur\u00e9e de lecture estim\u00e9e\" \/>\n\t<meta name=\"twitter:data1\" content=\"6 minutes\" \/>\n<script type=\"application\/ld+json\" class=\"yoast-schema-graph\">{\"@context\":\"https:\/\/schema.org\",\"@graph\":[{\"@type\":\"WebPage\",\"@id\":\"https:\/\/www.schengenvisas.com\/fr\/politique-relative-aux-cookies\/\",\"url\":\"https:\/\/www.schengenvisas.com\/fr\/politique-relative-aux-cookies\/\",\"name\":\"Politique relative aux cookies | Schengen Visas\",\"isPartOf\":{\"@id\":\"https:\/\/www.schengenvisas.com\/#website\"},\"datePublished\":\"2020-03-19T12:15:32+00:00\",\"dateModified\":\"2021-07-03T20:28:58+00:00\",\"description\":\"Le site SchengenVisas.com utilise des cookies. Si vous avez accept\u00e9 ces derniers, en plus des cookies obligatoires et de performance qui assurent le\",\"breadcrumb\":{\"@id\":\"https:\/\/www.schengenvisas.com\/fr\/politique-relative-aux-cookies\/#breadcrumb\"},\"inLanguage\":\"fr-FR\",\"potentialAction\":[{\"@type\":\"ReadAction\",\"target\":[\"https:\/\/www.schengenvisas.com\/fr\/politique-relative-aux-cookies\/\"]}]},{\"@type\":\"BreadcrumbList\",\"@id\":\"https:\/\/www.schengenvisas.com\/fr\/politique-relative-aux-cookies\/#breadcrumb\",\"itemListElement\":[{\"@type\":\"ListItem\",\"position\":1,\"name\":\"Home\",\"item\":\"https:\/\/www.schengenvisas.com\/\"},{\"@type\":\"ListItem\",\"position\":2,\"name\":\"Politique relative aux cookies\"}]},{\"@type\":\"WebSite\",\"@id\":\"https:\/\/www.schengenvisas.com\/#website\",\"url\":\"https:\/\/www.schengenvisas.com\/\",\"name\":\"Schengen Visas\",\"description\":\"Schengen Visa Application Services\",\"publisher\":{\"@id\":\"https:\/\/www.schengenvisas.com\/#organization\"},\"potentialAction\":[{\"@type\":\"SearchAction\",\"target\":{\"@type\":\"EntryPoint\",\"urlTemplate\":\"https:\/\/www.schengenvisas.com\/?s={search_term_string}\"},\"query-input\":{\"@type\":\"PropertyValueSpecification\",\"valueRequired\":true,\"valueName\":\"search_term_string\"}}],\"inLanguage\":\"fr-FR\"},{\"@type\":\"Organization\",\"@id\":\"https:\/\/www.schengenvisas.com\/#organization\",\"name\":\"Schengen Visas\",\"url\":\"https:\/\/www.schengenvisas.com\/\",\"logo\":{\"@type\":\"ImageObject\",\"inLanguage\":\"fr-FR\",\"@id\":\"https:\/\/www.schengenvisas.com\/#\/schema\/logo\/image\/\",\"url\":\"https:\/\/www.schengenvisas.com\/wp-content\/uploads\/2023\/03\/logo.svg\",\"contentUrl\":\"https:\/\/www.schengenvisas.com\/wp-content\/uploads\/2023\/03\/logo.svg\",\"width\":894,\"height\":123,\"caption\":\"Schengen Visas\"},\"image\":{\"@id\":\"https:\/\/www.schengenvisas.com\/#\/schema\/logo\/image\/\"}}]}<\/script>\n<!-- \/ Yoast SEO Premium plugin. -->","yoast_head_json":{"title":"Politique relative aux cookies | Schengen Visas","description":"Le site SchengenVisas.com utilise des cookies. Si vous avez accept\u00e9 ces derniers, en plus des cookies obligatoires et de performance qui assurent le","robots":{"index":"index","follow":"follow","max-snippet":"max-snippet:-1","max-image-preview":"max-image-preview:large","max-video-preview":"max-video-preview:-1"},"canonical":"https:\/\/www.schengenvisas.com\/fr\/wp-json\/wp\/v2\/pages\/8548","og_locale":"fr_FR","og_type":"article","og_title":"Politique relative aux cookies","og_description":"Le site SchengenVisas.com utilise des cookies. Si vous avez accept\u00e9 ces derniers, en plus des cookies obligatoires et de performance qui assurent le","og_url":"https:\/\/www.schengenvisas.com\/fr\/politique-relative-aux-cookies\/","og_site_name":"Schengen Visas","article_modified_time":"2021-07-03T20:28:58+00:00","twitter_card":"summary_large_image","twitter_misc":{"Dur\u00e9e de lecture estim\u00e9e":"6 minutes"},"schema":{"@context":"https:\/\/schema.org","@graph":[{"@type":"WebPage","@id":"https:\/\/www.schengenvisas.com\/fr\/politique-relative-aux-cookies\/","url":"https:\/\/www.schengenvisas.com\/fr\/politique-relative-aux-cookies\/","name":"Politique relative aux cookies | Schengen Visas","isPartOf":{"@id":"https:\/\/www.schengenvisas.com\/#website"},"datePublished":"2020-03-19T12:15:32+00:00","dateModified":"2021-07-03T20:28:58+00:00","description":"Le site SchengenVisas.com utilise des cookies. Si vous avez accept\u00e9 ces derniers, en plus des cookies obligatoires et de performance qui assurent le","breadcrumb":{"@id":"https:\/\/www.schengenvisas.com\/fr\/politique-relative-aux-cookies\/#breadcrumb"},"inLanguage":"fr-FR","potentialAction":[{"@type":"ReadAction","target":["https:\/\/www.schengenvisas.com\/fr\/politique-relative-aux-cookies\/"]}]},{"@type":"BreadcrumbList","@id":"https:\/\/www.schengenvisas.com\/fr\/politique-relative-aux-cookies\/#breadcrumb","itemListElement":[{"@type":"ListItem","position":1,"name":"Home","item":"https:\/\/www.schengenvisas.com\/"},{"@type":"ListItem","position":2,"name":"Politique relative aux cookies"}]},{"@type":"WebSite","@id":"https:\/\/www.schengenvisas.com\/#website","url":"https:\/\/www.schengenvisas.com\/","name":"Schengen Visas","description":"Schengen Visa Application Services","publisher":{"@id":"https:\/\/www.schengenvisas.com\/#organization"},"potentialAction":[{"@type":"SearchAction","target":{"@type":"EntryPoint","urlTemplate":"https:\/\/www.schengenvisas.com\/?s={search_term_string}"},"query-input":{"@type":"PropertyValueSpecification","valueRequired":true,"valueName":"search_term_string"}}],"inLanguage":"fr-FR"},{"@type":"Organization","@id":"https:\/\/www.schengenvisas.com\/#organization","name":"Schengen Visas","url":"https:\/\/www.schengenvisas.com\/","logo":{"@type":"ImageObject","inLanguage":"fr-FR","@id":"https:\/\/www.schengenvisas.com\/#\/schema\/logo\/image\/","url":"https:\/\/www.schengenvisas.com\/wp-content\/uploads\/2023\/03\/logo.svg","contentUrl":"https:\/\/www.schengenvisas.com\/wp-content\/uploads\/2023\/03\/logo.svg","width":894,"height":123,"caption":"Schengen Visas"},"image":{"@id":"https:\/\/www.schengenvisas.com\/#\/schema\/logo\/image\/"}}]}},"_links":{"self":[{"href":"https:\/\/www.schengenvisas.com\/fr\/wp-json\/wp\/v2\/pages\/8548","targetHints":{"allow":["GET"]}}],"collection":[{"href":"https:\/\/www.schengenvisas.com\/fr\/wp-json\/wp\/v2\/pages"}],"about":[{"href":"https:\/\/www.schengenvisas.com\/fr\/wp-json\/wp\/v2\/types\/page"}],"author":[{"embeddable":true,"href":"https:\/\/www.schengenvisas.com\/fr\/wp-json\/wp\/v2\/users\/15"}],"replies":[{"embeddable":true,"href":"https:\/\/www.schengenvisas.com\/fr\/wp-json\/wp\/v2\/comments?post=8548"}],"version-history":[{"count":0,"href":"https:\/\/www.schengenvisas.com\/fr\/wp-json\/wp\/v2\/pages\/8548\/revisions"}],"wp:attachment":[{"href":"https:\/\/www.schengenvisas.com\/fr\/wp-json\/wp\/v2\/media?parent=8548"}],"curies":[{"name":"wp","href":"https:\/\/api.w.org\/{rel}","templated":true}]}}