{"id":8574,"date":"2020-01-17T06:08:13","date_gmt":"2020-01-17T02:08:13","guid":{"rendered":"https:\/\/www.schengenvisas.com\/tourist-schengen-visa\/"},"modified":"2022-03-27T13:18:58","modified_gmt":"2022-03-27T09:18:58","slug":"visa-schengen-de-tourisme","status":"publish","type":"page","link":"https:\/\/www.schengenvisas.com\/fr\/visa-schengen-de-tourisme\/","title":{"rendered":"Visa Schengen de tourisme"},"content":{"rendered":"\t\t<div data-elementor-type=\"wp-page\" data-elementor-id=\"8574\" class=\"elementor elementor-8574 elementor-395\" data-elementor-post-type=\"page\">\n\t\t\t\t\t\t<section class=\"elementor-section elementor-top-section elementor-element elementor-element-61f1ba28 elementor-section-boxed elementor-section-height-default elementor-section-height-default\" data-id=\"61f1ba28\" data-element_type=\"section\">\n\t\t\t\t\t\t<div class=\"elementor-container elementor-column-gap-default\">\n\t\t\t\t\t<div class=\"elementor-column elementor-col-100 elementor-top-column elementor-element elementor-element-69f34907\" data-id=\"69f34907\" data-element_type=\"column\">\n\t\t\t<div class=\"elementor-widget-wrap elementor-element-populated\">\n\t\t\t\t\t\t<div class=\"elementor-element elementor-element-2a7182d9 elementor-widget elementor-widget-text-editor\" data-id=\"2a7182d9\" data-element_type=\"widget\" data-widget_type=\"text-editor.default\">\n\t\t\t\t<div class=\"elementor-widget-container\">\n\t\t\t\t\t\t\t\t\t<p>Si vous voyagez principalement \u00e0 des fins touristiques, c.-\u00e0-d. pour visiter, vous devez demander un <strong>visa Schengen de tourisme.<\/strong><\/p><h2><strong>Qu&rsquo;est-ce qu&rsquo;un visa touristique Schengen?<\/strong><\/h2><ul><li>Un visa de court s\u00e9jour (Type C) vous permettant d&rsquo;acc\u00e9der \u00e0 l&rsquo;espace Schengen jusqu&rsquo;\u00e0 90 jours sur une p\u00e9riode de 180 jours \u00e0 des fins touristiques.<\/li><\/ul><h3><strong>Admissibilit\u00e9 : Qui peut postuler ?<\/strong><\/h3><ul><li>Les ressortissants d&rsquo;un pays tiers exclus de l&rsquo;acc\u00e8s sans visa ou des visas \u00e0 l&rsquo;arriv\u00e9e dans la zone Schengen qui ont une raison l\u00e9gitime, valable et document\u00e9e pour renter dans la zone Schengen \u00e0 des fins touristiques sont \u00e9ligibles pour demander un visa Schengen de tourisme.<\/li><\/ul><h2><strong>Documents requis<\/strong><\/h2><ul><li>Les demandeurs d\u2019un <strong>visa Schengen touristique <\/strong>doivent uniquement soumettre les <a href=\"https:\/\/www.schengenvisas.com\/fr\/exigences-des-demandes-de-visa-schengen\/\"><strong><u>documents de base requis.<\/u><\/strong><\/a><\/li><\/ul><h2><strong>Comment postuler <\/strong><\/h2><ol><li>D\u00e9terminez le pays Schengen o\u00f9 vous passerez le plus de temps lors de votre voyage. Vous demanderez le visa Schengen de tourisme via le consulat de ce pays.<\/li><li>S\u00e9lectionnez \u201c<strong>Tourisme\u201c<\/strong>\u00a0comme motif du voyage.<\/li><li>D\u00e9terminez le nombre d &lsquo; \u201c<strong>entr\u00e9es\u201c<\/strong>\u00a0dont vous avez besoin dans la zone Schengen.<\/li><li>Rassemblez vos<a href=\"https:\/\/www.schengenvisas.com\/fr\/exigences-des-demandes-de-visa-schengen\/\"> <strong><u>documents de base requis<\/u><\/strong><\/a>, ainsi que les documents requis pour un visa de tourisme.<\/li><li>Remplissez votre <a href=\"https:\/\/www.schengenvisas.com\/fr\/telecharger-le-formulaire-de-demande-de-visa-schengen\/\"><strong><u>demande<\/u><\/strong>.<\/a> La mani\u00e8re d&rsquo;acc\u00e9der aux demandes d\u00e9pend du pays Schengen ; vous devrez peut-\u00eatre utiliser un portail de candidature en ligne ou remplir manuellement un formulaire de demande imprim\u00e9.<\/li><li>Payez les<a href=\"https:\/\/www.schengenvisas.com\/fr\/frais-de-visa-schengen\/\"> <strong><u>frais de dossier <\/u><\/strong><\/a>(le tarif standard pour les adultes est de 80 euros). Vous devrez probablement soumettre un paiement de service avec votre demande de visa. Il s&rsquo;agit d&rsquo;un co\u00fbt distinct des frais de visa, que vous paierez probablement en personne, lors de votre rendez-vous d&rsquo;entretien dans un centre de demande de visa. Veuillez noter que ces frais ne sont pas remboursables.<\/li><li>Envoyez votre candidature.<\/li><li>Prenez rendez-vous pour un entretien. Les entretiens sont men\u00e9s en personne \u00e0 l&rsquo;ambassade ou au consulat du pays dans lequel vous postulez, ou dans un centre de demande de visa associ\u00e9 au consulat du pays dans lequel vous postulez.<\/li><\/ol><h3><strong>Quand postuler<\/strong><\/h3><ul><li>Vous devez demander un visa Schengen touristique au moins 15 jours avant le jour o\u00f9 vous comptez voyager et au plus t\u00f4t 6 mois avant votre d\u00e9part.<\/li><\/ul><h2><strong>O\u00f9 postuler <\/strong><\/h2><ul><li>Vous devez demander le visa Schengen de tourisme aupr\u00e8s de l&rsquo;ambassade ou du consulat du pays dans lequel vous vous rendez dans la zone Schengen, ou via un centre de demande de visa associ\u00e9 au consulat du pays.<\/li><li>Si vous voyagez dans plusieurs pays de la zone Schengen, vous devez en faire la demande aupr\u00e8s de l&rsquo;ambassade, du consulat ou du centre de demande de visa associ\u00e9 du pays dans lequel vous passerez le plus de temps. Et si vous pr\u00e9voyez de passer une p\u00e9riode de temps \u00e9gale dans ces diff\u00e9rents pays, vous devez faire une demande \u00e0 l&rsquo;ambassade, au consulat ou au centre de demande de visa associ\u00e9 du pays o\u00f9 vous arriverez en premier.<\/li><\/ul><h3><strong>La dur\u00e9e de traitement <\/strong><\/h3><ul><li>La dur\u00e9e de traitement pour un visa Schengen de tourisme est g\u00e9n\u00e9ralement d&rsquo;environ deux semaines (15 jours). Rarement, les consulats peuvent prendre entre 30 et 60 jours pour rendre une d\u00e9cision sur une demande.<\/li><\/ul>\t\t\t\t\t\t\t\t<\/div>\n\t\t\t\t<\/div>\n\t\t\t\t\t<\/div>\n\t\t<\/div>\n\t\t\t\t\t<\/div>\n\t\t<\/section>\n\t\t\t\t<\/div>\n\t\t","protected":false},"excerpt":{"rendered":"<p>Si vous voyagez principalement \u00e0 des fins touristiques, c.-\u00e0-d. pour visiter, vous devez demander un<a class=\"read-more-text pl-2\" href=\"https:\/\/www.schengenvisas.com\/fr\/visa-schengen-de-tourisme\/\">[Lire la suite&#8230;]<\/a><\/p>\n","protected":false},"author":15,"featured_media":0,"parent":0,"menu_order":0,"comment_status":"closed","ping_status":"closed","template":"","meta":{"_acf_changed":false,"inline_featured_image":false,"footnotes":""},"class_list":["post-8574","page","type-page","status-publish","hentry","entry"],"acf":[],"yoast_head":"<!-- This site is optimized with the Yoast SEO Premium plugin v24.1 (Yoast SEO v24.1) - https:\/\/yoast.com\/wordpress\/plugins\/seo\/ -->\n<title>Visa Schengen touristique<\/title>\n<meta name=\"description\" content=\"Visa Schengen touristique, v\u00e9rifiez toutes les exigences en mati\u00e8re de visa Schengen touristique dont vous aurez besoin pour voyager en Europe pour le tourisme\" \/>\n<meta name=\"robots\" content=\"index, follow, max-snippet:-1, max-image-preview:large, max-video-preview:-1\" \/>\n<link rel=\"canonical\" href=\"https:\/\/www.schengenvisas.com\/fr\/wp-json\/wp\/v2\/pages\/8574\" \/>\n<meta property=\"og:locale\" content=\"fr_FR\" \/>\n<meta property=\"og:type\" content=\"article\" \/>\n<meta property=\"og:title\" content=\"Visa Schengen de tourisme\" \/>\n<meta property=\"og:description\" content=\"Visa Schengen touristique, v\u00e9rifiez toutes les exigences en mati\u00e8re de visa Schengen touristique dont vous aurez besoin pour voyager en Europe pour le tourisme\" \/>\n<meta property=\"og:url\" content=\"https:\/\/www.schengenvisas.com\/fr\/visa-schengen-de-tourisme\/\" \/>\n<meta property=\"og:site_name\" content=\"Schengen Visas\" \/>\n<meta property=\"article:modified_time\" content=\"2022-03-27T09:18:58+00:00\" \/>\n<meta name=\"twitter:card\" content=\"summary_large_image\" \/>\n<meta name=\"twitter:label1\" content=\"Dur\u00e9e de lecture estim\u00e9e\" \/>\n\t<meta name=\"twitter:data1\" content=\"3 minutes\" \/>\n<script type=\"application\/ld+json\" class=\"yoast-schema-graph\">{\"@context\":\"https:\/\/schema.org\",\"@graph\":[{\"@type\":\"WebPage\",\"@id\":\"https:\/\/www.schengenvisas.com\/fr\/visa-schengen-de-tourisme\/\",\"url\":\"https:\/\/www.schengenvisas.com\/fr\/visa-schengen-de-tourisme\/\",\"name\":\"Visa Schengen touristique\",\"isPartOf\":{\"@id\":\"https:\/\/www.schengenvisas.com\/#website\"},\"datePublished\":\"2020-01-17T02:08:13+00:00\",\"dateModified\":\"2022-03-27T09:18:58+00:00\",\"description\":\"Visa Schengen touristique, v\u00e9rifiez toutes les exigences en mati\u00e8re de visa Schengen touristique dont vous aurez besoin pour voyager en Europe pour le tourisme\",\"breadcrumb\":{\"@id\":\"https:\/\/www.schengenvisas.com\/fr\/visa-schengen-de-tourisme\/#breadcrumb\"},\"inLanguage\":\"fr-FR\",\"potentialAction\":[{\"@type\":\"ReadAction\",\"target\":[\"https:\/\/www.schengenvisas.com\/fr\/visa-schengen-de-tourisme\/\"]}]},{\"@type\":\"BreadcrumbList\",\"@id\":\"https:\/\/www.schengenvisas.com\/fr\/visa-schengen-de-tourisme\/#breadcrumb\",\"itemListElement\":[{\"@type\":\"ListItem\",\"position\":1,\"name\":\"Home\",\"item\":\"https:\/\/www.schengenvisas.com\/\"},{\"@type\":\"ListItem\",\"position\":2,\"name\":\"Visa Schengen de tourisme\"}]},{\"@type\":\"WebSite\",\"@id\":\"https:\/\/www.schengenvisas.com\/#website\",\"url\":\"https:\/\/www.schengenvisas.com\/\",\"name\":\"Schengen Visas\",\"description\":\"Schengen Visa Application Services\",\"publisher\":{\"@id\":\"https:\/\/www.schengenvisas.com\/#organization\"},\"potentialAction\":[{\"@type\":\"SearchAction\",\"target\":{\"@type\":\"EntryPoint\",\"urlTemplate\":\"https:\/\/www.schengenvisas.com\/?s={search_term_string}\"},\"query-input\":{\"@type\":\"PropertyValueSpecification\",\"valueRequired\":true,\"valueName\":\"search_term_string\"}}],\"inLanguage\":\"fr-FR\"},{\"@type\":\"Organization\",\"@id\":\"https:\/\/www.schengenvisas.com\/#organization\",\"name\":\"Schengen Visas\",\"url\":\"https:\/\/www.schengenvisas.com\/\",\"logo\":{\"@type\":\"ImageObject\",\"inLanguage\":\"fr-FR\",\"@id\":\"https:\/\/www.schengenvisas.com\/#\/schema\/logo\/image\/\",\"url\":\"https:\/\/www.schengenvisas.com\/wp-content\/uploads\/2023\/03\/logo.svg\",\"contentUrl\":\"https:\/\/www.schengenvisas.com\/wp-content\/uploads\/2023\/03\/logo.svg\",\"width\":894,\"height\":123,\"caption\":\"Schengen Visas\"},\"image\":{\"@id\":\"https:\/\/www.schengenvisas.com\/#\/schema\/logo\/image\/\"}}]}<\/script>\n<!-- \/ Yoast SEO Premium plugin. -->","yoast_head_json":{"title":"Visa Schengen touristique","description":"Visa Schengen touristique, v\u00e9rifiez toutes les exigences en mati\u00e8re de visa Schengen touristique dont vous aurez besoin pour voyager en Europe pour le tourisme","robots":{"index":"index","follow":"follow","max-snippet":"max-snippet:-1","max-image-preview":"max-image-preview:large","max-video-preview":"max-video-preview:-1"},"canonical":"https:\/\/www.schengenvisas.com\/fr\/wp-json\/wp\/v2\/pages\/8574","og_locale":"fr_FR","og_type":"article","og_title":"Visa Schengen de tourisme","og_description":"Visa Schengen touristique, v\u00e9rifiez toutes les exigences en mati\u00e8re de visa Schengen touristique dont vous aurez besoin pour voyager en Europe pour le tourisme","og_url":"https:\/\/www.schengenvisas.com\/fr\/visa-schengen-de-tourisme\/","og_site_name":"Schengen Visas","article_modified_time":"2022-03-27T09:18:58+00:00","twitter_card":"summary_large_image","twitter_misc":{"Dur\u00e9e de lecture estim\u00e9e":"3 minutes"},"schema":{"@context":"https:\/\/schema.org","@graph":[{"@type":"WebPage","@id":"https:\/\/www.schengenvisas.com\/fr\/visa-schengen-de-tourisme\/","url":"https:\/\/www.schengenvisas.com\/fr\/visa-schengen-de-tourisme\/","name":"Visa Schengen touristique","isPartOf":{"@id":"https:\/\/www.schengenvisas.com\/#website"},"datePublished":"2020-01-17T02:08:13+00:00","dateModified":"2022-03-27T09:18:58+00:00","description":"Visa Schengen touristique, v\u00e9rifiez toutes les exigences en mati\u00e8re de visa Schengen touristique dont vous aurez besoin pour voyager en Europe pour le tourisme","breadcrumb":{"@id":"https:\/\/www.schengenvisas.com\/fr\/visa-schengen-de-tourisme\/#breadcrumb"},"inLanguage":"fr-FR","potentialAction":[{"@type":"ReadAction","target":["https:\/\/www.schengenvisas.com\/fr\/visa-schengen-de-tourisme\/"]}]},{"@type":"BreadcrumbList","@id":"https:\/\/www.schengenvisas.com\/fr\/visa-schengen-de-tourisme\/#breadcrumb","itemListElement":[{"@type":"ListItem","position":1,"name":"Home","item":"https:\/\/www.schengenvisas.com\/"},{"@type":"ListItem","position":2,"name":"Visa Schengen de tourisme"}]},{"@type":"WebSite","@id":"https:\/\/www.schengenvisas.com\/#website","url":"https:\/\/www.schengenvisas.com\/","name":"Schengen Visas","description":"Schengen Visa Application Services","publisher":{"@id":"https:\/\/www.schengenvisas.com\/#organization"},"potentialAction":[{"@type":"SearchAction","target":{"@type":"EntryPoint","urlTemplate":"https:\/\/www.schengenvisas.com\/?s={search_term_string}"},"query-input":{"@type":"PropertyValueSpecification","valueRequired":true,"valueName":"search_term_string"}}],"inLanguage":"fr-FR"},{"@type":"Organization","@id":"https:\/\/www.schengenvisas.com\/#organization","name":"Schengen Visas","url":"https:\/\/www.schengenvisas.com\/","logo":{"@type":"ImageObject","inLanguage":"fr-FR","@id":"https:\/\/www.schengenvisas.com\/#\/schema\/logo\/image\/","url":"https:\/\/www.schengenvisas.com\/wp-content\/uploads\/2023\/03\/logo.svg","contentUrl":"https:\/\/www.schengenvisas.com\/wp-content\/uploads\/2023\/03\/logo.svg","width":894,"height":123,"caption":"Schengen Visas"},"image":{"@id":"https:\/\/www.schengenvisas.com\/#\/schema\/logo\/image\/"}}]}},"_links":{"self":[{"href":"https:\/\/www.schengenvisas.com\/fr\/wp-json\/wp\/v2\/pages\/8574","targetHints":{"allow":["GET"]}}],"collection":[{"href":"https:\/\/www.schengenvisas.com\/fr\/wp-json\/wp\/v2\/pages"}],"about":[{"href":"https:\/\/www.schengenvisas.com\/fr\/wp-json\/wp\/v2\/types\/page"}],"author":[{"embeddable":true,"href":"https:\/\/www.schengenvisas.com\/fr\/wp-json\/wp\/v2\/users\/15"}],"replies":[{"embeddable":true,"href":"https:\/\/www.schengenvisas.com\/fr\/wp-json\/wp\/v2\/comments?post=8574"}],"version-history":[{"count":0,"href":"https:\/\/www.schengenvisas.com\/fr\/wp-json\/wp\/v2\/pages\/8574\/revisions"}],"wp:attachment":[{"href":"https:\/\/www.schengenvisas.com\/fr\/wp-json\/wp\/v2\/media?parent=8574"}],"curies":[{"name":"wp","href":"https:\/\/api.w.org\/{rel}","templated":true}]}}