{"id":8575,"date":"2020-01-22T06:44:30","date_gmt":"2020-01-22T02:44:30","guid":{"rendered":"https:\/\/www.schengenvisas.com\/schengen-visa-for-an-official-visit\/"},"modified":"2022-03-27T13:28:36","modified_gmt":"2022-03-27T09:28:36","slug":"visa-schengen-de-visite-officielle","status":"publish","type":"page","link":"https:\/\/www.schengenvisas.com\/fr\/visa-schengen-de-visite-officielle\/","title":{"rendered":"Visa Schengen de visite officielle"},"content":{"rendered":"\t\t<div data-elementor-type=\"wp-page\" data-elementor-id=\"8575\" class=\"elementor elementor-8575 elementor-482\" data-elementor-post-type=\"page\">\n\t\t\t\t\t\t<section class=\"elementor-section elementor-top-section elementor-element elementor-element-38e6e931 elementor-section-boxed elementor-section-height-default elementor-section-height-default\" data-id=\"38e6e931\" data-element_type=\"section\">\n\t\t\t\t\t\t<div class=\"elementor-container elementor-column-gap-default\">\n\t\t\t\t\t<div class=\"elementor-column elementor-col-100 elementor-top-column elementor-element elementor-element-4a05b04\" data-id=\"4a05b04\" data-element_type=\"column\">\n\t\t\t<div class=\"elementor-widget-wrap elementor-element-populated\">\n\t\t\t\t\t\t<div class=\"elementor-element elementor-element-5afd4fd4 elementor-widget elementor-widget-text-editor\" data-id=\"5afd4fd4\" data-element_type=\"widget\" data-widget_type=\"text-editor.default\">\n\t\t\t\t<div class=\"elementor-widget-container\">\n\t\t\t\t\t\t\t\t\t<p>Si vous voyagez principalement parce que vous \u00eates en visite officielle, c.-\u00e0-d. que vous \u00eates membre d&rsquo;une d\u00e9l\u00e9gation officielle d&rsquo;un pays invit\u00e9 \u00e0 visiter un ou plusieurs \u00c9tats de la zone Schengen par l&rsquo;entit\u00e9 gouvernementale d&rsquo;un \u00c9tat Schengen ou par un organe d\u00e9lib\u00e9rant Schengen, alors vous devez demander un <strong>visa Schengen de visite officielle.<\/strong><\/p><h2>Qu&rsquo;est-ce qu&rsquo;un visa Schengen de visite officielle ?<\/h2><ul><li>Une sorte de visa de court s\u00e9jour (type C) vous permettant d&rsquo;acc\u00e9der \u00e0 la zone Schengen jusqu&rsquo;\u00e0 90 jours sur une p\u00e9riode de 180 jours pour une visite officielle.<\/li><\/ul><h3>Admissibilit\u00e9\u00a0: Qui peut postuler\u00a0?<\/h3><ul><li>Les ressortissants d&rsquo;un pays tiers exclus de l&rsquo;acc\u00e8s sans visa ou des visas \u00e0 l\u2019arriv\u00e9e dans la zone Schengen. Si votre pays re\u00e7oit une invitation officielle d&rsquo;un \u00c9tat Schengen\/d&rsquo;une organisation intergouvernementale (telle qu&rsquo;un organe d\u00e9lib\u00e9rant officiel de Schengen) \u00e0 participer \u00e0 des r\u00e9unions diplomatiques, n\u00e9gociations, programmes culturels d&rsquo;\u00e9change ou autres \u00e9v\u00e9nements de nature politique, et que vous \u00eates d\u00e9sign\u00e9 comme repr\u00e9sentant de votre pays dans une d\u00e9l\u00e9gation officielle, vous \u00eates \u00e9ligible pour demander un visa de visite officielle Schengen.<\/li><\/ul><h2>Documents requis:<\/h2><ul><li>En plus des <a href=\"https:\/\/www.schengenvisas.com\/fr\/telecharger-le-formulaire-de-demande-de-visa-schengen\/\"><strong><u>documents de base requis<\/u><\/strong><\/a>, les demandeurs de <strong>visa Schengen de visite officielle<\/strong> doivent soumettre les documents suivants:<ol><li>Lettre officielle \u00e9mise par votre pays indiquant que vous faites partie d&rsquo;une d\u00e9l\u00e9gation officielle voyageant pour repr\u00e9senter votre pays \u00e0 l&rsquo;\u00e9tranger dans le ou les \u00c9tat(s) Schengen qui ont lanc\u00e9 l&rsquo;invitation officielle.<\/li><li>Invitation de l&rsquo;\u00c9tat Schengen\/organisation intergouvernementale Schengen.<\/li><\/ol><\/li><\/ul><h3>Comment postuler?<\/h3><ol><li>D\u00e9terminez le pays Schengen o\u00f9 vous passerez le plus de temps lors de votre voyage. Vous demanderez le visa Schengen de visite officielle via le consulat de ce pays.<\/li><li>S\u00e9lectionnez \u201c<strong>Visite officielle\u201c <\/strong>comme motif du voyage.<\/li><li>D\u00e9terminez le nombre d &lsquo; \u201c<strong>entr\u00e9es\u201c<\/strong>\u00a0dont vous avez besoin dans la zone Schengen.<\/li><li>Rassemblez vos<a href=\"https:\/\/www.schengenvisas.com\/fr\/telecharger-le-formulaire-de-demande-de-visa-schengen\/\"> <strong><u>documents de base requis<\/u><\/strong><\/a>, ainsi que les documents requis pour un visa de visite officielle.<\/li><li>Remplissez votre <a href=\"https:\/\/www.schengenvisas.com\/fr\/telecharger-le-formulaire-de-demande-de-visa-schengen\/\"><strong><u>candidature<\/u><\/strong>.<\/a> La mani\u00e8re d&rsquo;acc\u00e9der aux demandes d\u00e9pend du pays Schengen ; vous devrez peut-\u00eatre utiliser un portail de candidature en ligne ou remplir manuellement un formulaire de demande imprim\u00e9.<\/li><li>Payez les<a href=\"https:\/\/www.schengenvisas.com\/fr\/schengen-visa-fees\/\"> <strong><u>frais de dossier<\/u><\/strong><\/a> (le tarif standard pour les adultes est de 80 euros). Vous devrez probablement soumettre un paiement de service avec votre demande de visa. Il s&rsquo;agit d&rsquo;un co\u00fbt distinct des frais de visa, que vous paierez probablement en personne, lors de votre rendez-vous d&rsquo;entretien dans un centre de demande de visa. Veuillez noter que ces frais ne sont pas remboursables.<\/li><li>Envoyez votre candidature.<\/li><li>Prenez rendez-vous pour un entretien. Les entretiens sont men\u00e9s en personne \u00e0 l&rsquo;ambassade ou au consulat du pays dans lequel vous postulez, ou dans un centre de demande de visa associ\u00e9 au consulat du pays dans lequel vous postulez.<\/li><\/ol><h3>Quand postuler?<\/h3><ul><li>Vous devez demander un visa Schengen pour visite officielle au moins 15 jours avant le jour o\u00f9 vous avez l&rsquo;intention de voyager et au plus t\u00f4t 6 mois avant votre d\u00e9part.<\/li><\/ul><h4>O\u00f9 postuler?<\/h4><ul><li>Vous devez demander le visa Schengen de visite officielle aupr\u00e8s de l&rsquo;ambassade ou du consulat du pays dans lequel vous vous rendez dans la zone Schengen, ou via un centre de demande de visa associ\u00e9 au consulat du pays.<\/li><li>Si vous voyagez dans plusieurs pays de la zone Schengen, vous devez en faire la demande aupr\u00e8s de l&rsquo;ambassade, du consulat ou du centre de demande de visa associ\u00e9 du pays dans lequel vous passerez le plus de temps. Et si vous pr\u00e9voyez de passer une p\u00e9riode de temps \u00e9gale dans ces multiples pays, vous devez faire une demande \u00e0 l&rsquo;ambassade, au consulat ou au centre de demande de visa associ\u00e9 du pays o\u00f9 vous arriverez en premier.<\/li><\/ul><h2>La dur\u00e9e de traitement:<\/h2><ul><li>La dur\u00e9e de traitement pour un visa Schengen de visite officielle est g\u00e9n\u00e9ralement d&rsquo;environ deux semaines (15 jours). Rarement, les consulats peuvent prendre entre 30 et 60 jours pour rendre une d\u00e9cision sur une demande.<\/li><\/ul>\t\t\t\t\t\t\t\t<\/div>\n\t\t\t\t<\/div>\n\t\t\t\t\t<\/div>\n\t\t<\/div>\n\t\t\t\t\t<\/div>\n\t\t<\/section>\n\t\t\t\t<\/div>\n\t\t","protected":false},"excerpt":{"rendered":"<p>Si vous voyagez principalement parce que vous \u00eates en visite officielle, c.-\u00e0-d. que vous \u00eates<a class=\"read-more-text pl-2\" href=\"https:\/\/www.schengenvisas.com\/fr\/visa-schengen-de-visite-officielle\/\">[Lire la suite&#8230;]<\/a><\/p>\n","protected":false},"author":15,"featured_media":0,"parent":0,"menu_order":0,"comment_status":"closed","ping_status":"closed","template":"","meta":{"_acf_changed":false,"inline_featured_image":false,"footnotes":""},"class_list":["post-8575","page","type-page","status-publish","hentry","entry"],"acf":[],"yoast_head":"<!-- This site is optimized with the Yoast SEO Premium plugin v24.1 (Yoast SEO v24.1) - https:\/\/yoast.com\/wordpress\/plugins\/seo\/ -->\n<title>Visa Schengen pour visite officielle<\/title>\n<meta name=\"description\" content=\"Visa Schengen pour une visite officielle | R\u00e8gles relatives au visa Schengen pour les d\u00e9l\u00e9gu\u00e9s officiels et crit\u00e8res d&#039;\u00e9ligibilit\u00e9.\" \/>\n<meta name=\"robots\" content=\"index, follow, max-snippet:-1, max-image-preview:large, max-video-preview:-1\" \/>\n<link rel=\"canonical\" href=\"https:\/\/www.schengenvisas.com\/fr\/wp-json\/wp\/v2\/pages\/8575\" \/>\n<meta property=\"og:locale\" content=\"fr_FR\" \/>\n<meta property=\"og:type\" content=\"article\" \/>\n<meta property=\"og:title\" content=\"Visa Schengen de visite officielle\" \/>\n<meta property=\"og:description\" content=\"Visa Schengen pour une visite officielle | R\u00e8gles relatives au visa Schengen pour les d\u00e9l\u00e9gu\u00e9s officiels et crit\u00e8res d&#039;\u00e9ligibilit\u00e9.\" \/>\n<meta property=\"og:url\" content=\"https:\/\/www.schengenvisas.com\/fr\/visa-schengen-de-visite-officielle\/\" \/>\n<meta property=\"og:site_name\" content=\"Schengen Visas\" \/>\n<meta property=\"article:modified_time\" content=\"2022-03-27T09:28:36+00:00\" \/>\n<meta name=\"twitter:card\" content=\"summary_large_image\" \/>\n<meta name=\"twitter:label1\" content=\"Dur\u00e9e de lecture estim\u00e9e\" \/>\n\t<meta name=\"twitter:data1\" content=\"3 minutes\" \/>\n<script type=\"application\/ld+json\" class=\"yoast-schema-graph\">{\"@context\":\"https:\/\/schema.org\",\"@graph\":[{\"@type\":\"WebPage\",\"@id\":\"https:\/\/www.schengenvisas.com\/fr\/visa-schengen-de-visite-officielle\/\",\"url\":\"https:\/\/www.schengenvisas.com\/fr\/visa-schengen-de-visite-officielle\/\",\"name\":\"Visa Schengen pour visite officielle\",\"isPartOf\":{\"@id\":\"https:\/\/www.schengenvisas.com\/#website\"},\"datePublished\":\"2020-01-22T02:44:30+00:00\",\"dateModified\":\"2022-03-27T09:28:36+00:00\",\"description\":\"Visa Schengen pour une visite officielle | R\u00e8gles relatives au visa Schengen pour les d\u00e9l\u00e9gu\u00e9s officiels et crit\u00e8res d'\u00e9ligibilit\u00e9.\",\"breadcrumb\":{\"@id\":\"https:\/\/www.schengenvisas.com\/fr\/visa-schengen-de-visite-officielle\/#breadcrumb\"},\"inLanguage\":\"fr-FR\",\"potentialAction\":[{\"@type\":\"ReadAction\",\"target\":[\"https:\/\/www.schengenvisas.com\/fr\/visa-schengen-de-visite-officielle\/\"]}]},{\"@type\":\"BreadcrumbList\",\"@id\":\"https:\/\/www.schengenvisas.com\/fr\/visa-schengen-de-visite-officielle\/#breadcrumb\",\"itemListElement\":[{\"@type\":\"ListItem\",\"position\":1,\"name\":\"Home\",\"item\":\"https:\/\/www.schengenvisas.com\/\"},{\"@type\":\"ListItem\",\"position\":2,\"name\":\"Visa Schengen de visite officielle\"}]},{\"@type\":\"WebSite\",\"@id\":\"https:\/\/www.schengenvisas.com\/#website\",\"url\":\"https:\/\/www.schengenvisas.com\/\",\"name\":\"Schengen Visas\",\"description\":\"Schengen Visa Application Services\",\"publisher\":{\"@id\":\"https:\/\/www.schengenvisas.com\/#organization\"},\"potentialAction\":[{\"@type\":\"SearchAction\",\"target\":{\"@type\":\"EntryPoint\",\"urlTemplate\":\"https:\/\/www.schengenvisas.com\/?s={search_term_string}\"},\"query-input\":{\"@type\":\"PropertyValueSpecification\",\"valueRequired\":true,\"valueName\":\"search_term_string\"}}],\"inLanguage\":\"fr-FR\"},{\"@type\":\"Organization\",\"@id\":\"https:\/\/www.schengenvisas.com\/#organization\",\"name\":\"Schengen Visas\",\"url\":\"https:\/\/www.schengenvisas.com\/\",\"logo\":{\"@type\":\"ImageObject\",\"inLanguage\":\"fr-FR\",\"@id\":\"https:\/\/www.schengenvisas.com\/#\/schema\/logo\/image\/\",\"url\":\"https:\/\/www.schengenvisas.com\/wp-content\/uploads\/2023\/03\/logo.svg\",\"contentUrl\":\"https:\/\/www.schengenvisas.com\/wp-content\/uploads\/2023\/03\/logo.svg\",\"width\":894,\"height\":123,\"caption\":\"Schengen Visas\"},\"image\":{\"@id\":\"https:\/\/www.schengenvisas.com\/#\/schema\/logo\/image\/\"}}]}<\/script>\n<!-- \/ Yoast SEO Premium plugin. -->","yoast_head_json":{"title":"Visa Schengen pour visite officielle","description":"Visa Schengen pour une visite officielle | R\u00e8gles relatives au visa Schengen pour les d\u00e9l\u00e9gu\u00e9s officiels et crit\u00e8res d'\u00e9ligibilit\u00e9.","robots":{"index":"index","follow":"follow","max-snippet":"max-snippet:-1","max-image-preview":"max-image-preview:large","max-video-preview":"max-video-preview:-1"},"canonical":"https:\/\/www.schengenvisas.com\/fr\/wp-json\/wp\/v2\/pages\/8575","og_locale":"fr_FR","og_type":"article","og_title":"Visa Schengen de visite officielle","og_description":"Visa Schengen pour une visite officielle | R\u00e8gles relatives au visa Schengen pour les d\u00e9l\u00e9gu\u00e9s officiels et crit\u00e8res d'\u00e9ligibilit\u00e9.","og_url":"https:\/\/www.schengenvisas.com\/fr\/visa-schengen-de-visite-officielle\/","og_site_name":"Schengen Visas","article_modified_time":"2022-03-27T09:28:36+00:00","twitter_card":"summary_large_image","twitter_misc":{"Dur\u00e9e de lecture estim\u00e9e":"3 minutes"},"schema":{"@context":"https:\/\/schema.org","@graph":[{"@type":"WebPage","@id":"https:\/\/www.schengenvisas.com\/fr\/visa-schengen-de-visite-officielle\/","url":"https:\/\/www.schengenvisas.com\/fr\/visa-schengen-de-visite-officielle\/","name":"Visa Schengen pour visite officielle","isPartOf":{"@id":"https:\/\/www.schengenvisas.com\/#website"},"datePublished":"2020-01-22T02:44:30+00:00","dateModified":"2022-03-27T09:28:36+00:00","description":"Visa Schengen pour une visite officielle | R\u00e8gles relatives au visa Schengen pour les d\u00e9l\u00e9gu\u00e9s officiels et crit\u00e8res d'\u00e9ligibilit\u00e9.","breadcrumb":{"@id":"https:\/\/www.schengenvisas.com\/fr\/visa-schengen-de-visite-officielle\/#breadcrumb"},"inLanguage":"fr-FR","potentialAction":[{"@type":"ReadAction","target":["https:\/\/www.schengenvisas.com\/fr\/visa-schengen-de-visite-officielle\/"]}]},{"@type":"BreadcrumbList","@id":"https:\/\/www.schengenvisas.com\/fr\/visa-schengen-de-visite-officielle\/#breadcrumb","itemListElement":[{"@type":"ListItem","position":1,"name":"Home","item":"https:\/\/www.schengenvisas.com\/"},{"@type":"ListItem","position":2,"name":"Visa Schengen de visite officielle"}]},{"@type":"WebSite","@id":"https:\/\/www.schengenvisas.com\/#website","url":"https:\/\/www.schengenvisas.com\/","name":"Schengen Visas","description":"Schengen Visa Application Services","publisher":{"@id":"https:\/\/www.schengenvisas.com\/#organization"},"potentialAction":[{"@type":"SearchAction","target":{"@type":"EntryPoint","urlTemplate":"https:\/\/www.schengenvisas.com\/?s={search_term_string}"},"query-input":{"@type":"PropertyValueSpecification","valueRequired":true,"valueName":"search_term_string"}}],"inLanguage":"fr-FR"},{"@type":"Organization","@id":"https:\/\/www.schengenvisas.com\/#organization","name":"Schengen Visas","url":"https:\/\/www.schengenvisas.com\/","logo":{"@type":"ImageObject","inLanguage":"fr-FR","@id":"https:\/\/www.schengenvisas.com\/#\/schema\/logo\/image\/","url":"https:\/\/www.schengenvisas.com\/wp-content\/uploads\/2023\/03\/logo.svg","contentUrl":"https:\/\/www.schengenvisas.com\/wp-content\/uploads\/2023\/03\/logo.svg","width":894,"height":123,"caption":"Schengen Visas"},"image":{"@id":"https:\/\/www.schengenvisas.com\/#\/schema\/logo\/image\/"}}]}},"_links":{"self":[{"href":"https:\/\/www.schengenvisas.com\/fr\/wp-json\/wp\/v2\/pages\/8575","targetHints":{"allow":["GET"]}}],"collection":[{"href":"https:\/\/www.schengenvisas.com\/fr\/wp-json\/wp\/v2\/pages"}],"about":[{"href":"https:\/\/www.schengenvisas.com\/fr\/wp-json\/wp\/v2\/types\/page"}],"author":[{"embeddable":true,"href":"https:\/\/www.schengenvisas.com\/fr\/wp-json\/wp\/v2\/users\/15"}],"replies":[{"embeddable":true,"href":"https:\/\/www.schengenvisas.com\/fr\/wp-json\/wp\/v2\/comments?post=8575"}],"version-history":[{"count":0,"href":"https:\/\/www.schengenvisas.com\/fr\/wp-json\/wp\/v2\/pages\/8575\/revisions"}],"wp:attachment":[{"href":"https:\/\/www.schengenvisas.com\/fr\/wp-json\/wp\/v2\/media?parent=8575"}],"curies":[{"name":"wp","href":"https:\/\/api.w.org\/{rel}","templated":true}]}}