{"id":8576,"date":"2020-02-28T11:06:31","date_gmt":"2020-02-28T11:06:31","guid":{"rendered":"https:\/\/www.schengenvisas.com\/schengen-visa-for-sports\/"},"modified":"2022-03-27T13:28:29","modified_gmt":"2022-03-27T09:28:29","slug":"visa-schengen-sportif","status":"publish","type":"page","link":"https:\/\/www.schengenvisas.com\/fr\/visa-schengen-sportif\/","title":{"rendered":"Visa Schengen sportif"},"content":{"rendered":"\t\t<div data-elementor-type=\"wp-page\" data-elementor-id=\"8576\" class=\"elementor elementor-8576 elementor-976\" data-elementor-post-type=\"page\">\n\t\t\t\t\t\t<section class=\"elementor-section elementor-top-section elementor-element elementor-element-6784272f elementor-section-boxed elementor-section-height-default elementor-section-height-default\" data-id=\"6784272f\" data-element_type=\"section\">\n\t\t\t\t\t\t<div class=\"elementor-container elementor-column-gap-default\">\n\t\t\t\t\t<div class=\"elementor-column elementor-col-100 elementor-top-column elementor-element elementor-element-71891fa9\" data-id=\"71891fa9\" data-element_type=\"column\">\n\t\t\t<div class=\"elementor-widget-wrap elementor-element-populated\">\n\t\t\t\t\t\t<div class=\"elementor-element elementor-element-55eb0f18 elementor-widget elementor-widget-text-editor\" data-id=\"55eb0f18\" data-element_type=\"widget\" data-widget_type=\"text-editor.default\">\n\t\t\t\t<div class=\"elementor-widget-container\">\n\t\t\t\t\t\t\t\t\t<p>Si vous voyagez principalement \u00e0 des fins sportives, c.-\u00e0-d. pour participer \u00e0 des \u00e9v\u00e9nements sportifs, y compris en tant que membre d&rsquo;une \u00e9quipe, vous devez demander un <strong>visa Schengen sportif.<\/strong><\/p><h2>Qu&rsquo;est-ce qu&rsquo;un visa Schengen sportif ?<\/h2><ul><li>Une sorte de visa de court s\u00e9jour (type C) vous permettant d&rsquo;acc\u00e9der \u00e0 la zone Schengen jusqu&rsquo;\u00e0 90 jours sur une p\u00e9riode de 180 jours \u00e0 des fins sportives.<\/li><\/ul><h3>Admissibilit\u00e9 : Qui peut postuler ?<\/h3><ul><li>Les ressortissants d&rsquo;un pays tiers exclus de l&rsquo;acc\u00e8s sans visa ou des visas \u00e0 l&rsquo;arriv\u00e9e dans la zone Schengen qui ont un but sportif l\u00e9gitime, valide et document\u00e9 peuvent demander un visa sportif Schengen.<\/li><\/ul><h2>Documents requis :<\/h2><p>En plus des<a href=\"https:\/\/www.schengenvisas.com\/fr\/exigences-des-demandes-de-visa-schengen\/\"> <strong><u>documents de base requis<\/u><\/strong><\/a>, les demandeurs de <strong>visa Schengen sportif <\/strong>doivent soumettre les documents suivants :<\/p><ul><li>Si vous \u00eates un : athl\u00e8te\/membre d&rsquo;une association sportive dans votre pays de r\u00e9sidence voyageant \u00e0 un camp\/\u00e9v\u00e9nement sportif organis\u00e9 par votre association sportive locale, vous devrez fournir des documents indiquant la nature de votre voyage, y compris son objectif principal, ainsi que celle de votre s\u00e9jour dans le pays Schengen de destination :<ul><li>Lettre de l&rsquo;association sportive locale pertinente de votre pays de r\u00e9sidence, y compris son nom, adresse compl\u00e8te, coordonn\u00e9es, indiquant \u00e9galement votre position au sein de l&rsquo;organisation (athl\u00e8te, entra\u00eeneur, etc.), la date \u00e0 laquelle vous avez rejoint l&rsquo;association\/l&rsquo;\u00e9quipe, la nature\/les conditions de votre compensation (le cas \u00e9ch\u00e9ant), et une garantie que vous ne chercherez pas d&#8217;emploi pendant votre s\u00e9jour dans votre pays de destination.<\/li><li>Si vous voyagez pour participer \u00e0 un \u00e9v\u00e9nement sportif organis\u00e9 par l\u2019organisation sportive locale de votre pays de r\u00e9sidence en partenariat avec une organisation sportive de votre pays de destination :<ul><li>Lettre de l&rsquo;association sportive locale pertinente de votre pays de r\u00e9sidence fournissant des informations sur l&rsquo;\u00e9v\u00e9nement sportif auquel vous participerez dans votre pays de destination, y compris des informations d\u00e9taill\u00e9es sur l&rsquo;h\u00f4te\/l&rsquo;organisateur de l&rsquo;\u00e9v\u00e9nement, y compris son adresse compl\u00e8te, la dur\u00e9e et l&rsquo;itin\u00e9raire de l&rsquo;\u00e9v\u00e9nement, le but d\u00e9clar\u00e9 de l&rsquo;\u00e9v\u00e9nement, et une description de la fa\u00e7on dont vos d\u00e9penses li\u00e9es au voyage et \u00e0 l&rsquo;h\u00e9bergement seront pay\u00e9es (si vous paierez vos d\u00e9penses de votre poche ou si l&rsquo;h\u00f4te\/l&rsquo;organisation\/le camp\/quelqu&rsquo;un d&rsquo;autre prendra en charge vos frais de participation.<\/li><li>Lettre de l&rsquo;association sportive locale concern\u00e9e dans votre pays de destination d\u00e9clarant qu&rsquo;elle est en partenariat avec votre association sportive locale, y compris son adresse compl\u00e8te, la dur\u00e9e de l&rsquo;\u00e9v\u00e9nement et l&rsquo;itin\u00e9raire.<\/li><\/ul><\/li><\/ul><\/li><\/ul><h2>Comment postuler ?<\/h2><ol><li>D\u00e9terminez le pays Schengen o\u00f9 vous passerez le plus de temps lors de votre voyage. Vous demanderez le visa sportif Schengen via le consulat de ce pays.<\/li><li>S\u00e9lectionnez <strong>\u201cSports\u201c <\/strong>comme raison de voyager.<\/li><li>D\u00e9terminez le nombre d &lsquo; <strong>\u201centr\u00e9es\u201c<\/strong>\u00a0dont vous avez besoin dans l&rsquo;espace Schengen.<\/li><li>Rassemblez vos <strong><u><a href=\"https:\/\/www.schengenvisas.com\/fr\/exigences-des-demandes-de-visa-schengen\/\">documents de base requis<\/a>,<\/u><\/strong> ainsi que les documents requis pour un visa sportif.<\/li><li>Remplissez votre <a href=\"https:\/\/www.schengenvisas.com\/fr\/telecharger-le-formulaire-de-demande-de-visa-schengen\/\"><strong><u>candidature<\/u><\/strong><\/a>. La mani\u00e8re d&rsquo;acc\u00e9der aux demandes d\u00e9pend du pays Schengen ; vous devrez peut-\u00eatre utiliser un portail de candidature en ligne ou remplir une candidature \u00e0 la main.<\/li><li>Payez les <a href=\"https:\/\/www.schengenvisas.com\/fr\/frais-de-visa-schengen\/\"><strong><u>frais de dossier<\/u><\/strong><\/a> (le tarif standard pour les adultes est de 80 euros). Vous devrez probablement soumettre un paiement de service avec votre demande de visa. Il s&rsquo;agit d&rsquo;un co\u00fbt distinct des frais de visa, que vous paierez probablement en personne, lors de votre rendez-vous d&rsquo;entretien ult\u00e9rieur dans un centre de demande de visa. Veuillez noter que ces frais ne sont pas remboursables.<\/li><li>Envoyez votre candidature.<\/li><li>Prenez rendez-vous pour un entretien. Les entretiens sont men\u00e9s en personne \u00e0 l&rsquo;ambassade ou au consulat du pays dans lequel vous postulez, ou dans un centre de demande de visa associ\u00e9 au consulat du pays dans lequel vous postulez.<\/li><\/ol><h3>Quand postuler ?<\/h3><ul><li>Vous devez demander un visa Sport Schengen au moins 15 jours avant le jour de votre voyage et au plus t\u00f4t 6 mois avant votre d\u00e9part.<\/li><\/ul><h3>O\u00f9 postuler ?<\/h3><ul><li>Vous devez demander le visa sportif Schengen aupr\u00e8s de l&rsquo;ambassade ou du consulat du pays dans lequel vous vous rendez dans la zone Schengen, ou via un centre de demande de visa associ\u00e9 au consulat du pays.<\/li><li>Si vous voyagez dans plusieurs pays de la zone Schengen, vous devez en faire la demande aupr\u00e8s de l&rsquo;ambassade, du consulat ou du centre de demande de visa associ\u00e9 du pays dans lequel vous passerez le plus de temps. Et si vous pr\u00e9voyez de passer une p\u00e9riode de temps \u00e9gale dans ces multiples pays, vous devez faire une demande \u00e0 l&rsquo;ambassade, au consulat ou au centre de demande de visa associ\u00e9 du pays o\u00f9 vous arriverez en premier.<\/li><\/ul><h2>La dur\u00e9e de traitement :<\/h2><ul><li>La dur\u00e9e de traitement d&rsquo;un visa sportif Schengen est g\u00e9n\u00e9ralement d&rsquo;environ deux semaines (15 jours). Rarement, les consulats peuvent prendre entre 30 et 60 jours pour rendre une d\u00e9cision sur une demande.<\/li><\/ul>\t\t\t\t\t\t\t\t<\/div>\n\t\t\t\t<\/div>\n\t\t\t\t\t<\/div>\n\t\t<\/div>\n\t\t\t\t\t<\/div>\n\t\t<\/section>\n\t\t\t\t<\/div>\n\t\t","protected":false},"excerpt":{"rendered":"<p>Si vous voyagez principalement \u00e0 des fins sportives, c.-\u00e0-d. pour participer \u00e0 des \u00e9v\u00e9nements sportifs,<a class=\"read-more-text pl-2\" href=\"https:\/\/www.schengenvisas.com\/fr\/visa-schengen-sportif\/\">[Lire la suite&#8230;]<\/a><\/p>\n","protected":false},"author":15,"featured_media":0,"parent":0,"menu_order":0,"comment_status":"closed","ping_status":"closed","template":"","meta":{"_acf_changed":false,"inline_featured_image":false,"footnotes":""},"class_list":["post-8576","page","type-page","status-publish","hentry","entry"],"acf":[],"yoast_head":"<!-- This site is optimized with the Yoast SEO Premium plugin v24.1 (Yoast SEO v24.1) - https:\/\/yoast.com\/wordpress\/plugins\/seo\/ -->\n<title>Visa Schengen pour le sport<\/title>\n<meta name=\"description\" content=\"Comment faire une demande de visa Schengen pour le sport ? | Exigences et crit\u00e8res d&#039;\u00e9ligibilit\u00e9 pour le visa Schengen pour le sport.\" \/>\n<meta name=\"robots\" content=\"index, follow, max-snippet:-1, max-image-preview:large, max-video-preview:-1\" \/>\n<link rel=\"canonical\" href=\"https:\/\/www.schengenvisas.com\/fr\/wp-json\/wp\/v2\/pages\/8576\" \/>\n<meta property=\"og:locale\" content=\"fr_FR\" \/>\n<meta property=\"og:type\" content=\"article\" \/>\n<meta property=\"og:title\" content=\"Visa Schengen sportif\" \/>\n<meta property=\"og:description\" content=\"Comment faire une demande de visa Schengen pour le sport ? | Exigences et crit\u00e8res d&#039;\u00e9ligibilit\u00e9 pour le visa Schengen pour le sport.\" \/>\n<meta property=\"og:url\" content=\"https:\/\/www.schengenvisas.com\/fr\/visa-schengen-sportif\/\" \/>\n<meta property=\"og:site_name\" content=\"Schengen Visas\" \/>\n<meta property=\"article:modified_time\" content=\"2022-03-27T09:28:29+00:00\" \/>\n<meta name=\"twitter:card\" content=\"summary_large_image\" \/>\n<meta name=\"twitter:label1\" content=\"Dur\u00e9e de lecture estim\u00e9e\" \/>\n\t<meta name=\"twitter:data1\" content=\"4 minutes\" \/>\n<script type=\"application\/ld+json\" class=\"yoast-schema-graph\">{\"@context\":\"https:\/\/schema.org\",\"@graph\":[{\"@type\":\"WebPage\",\"@id\":\"https:\/\/www.schengenvisas.com\/fr\/visa-schengen-sportif\/\",\"url\":\"https:\/\/www.schengenvisas.com\/fr\/visa-schengen-sportif\/\",\"name\":\"Visa Schengen pour le sport\",\"isPartOf\":{\"@id\":\"https:\/\/www.schengenvisas.com\/#website\"},\"datePublished\":\"2020-02-28T11:06:31+00:00\",\"dateModified\":\"2022-03-27T09:28:29+00:00\",\"description\":\"Comment faire une demande de visa Schengen pour le sport ? | Exigences et crit\u00e8res d'\u00e9ligibilit\u00e9 pour le visa Schengen pour le sport.\",\"breadcrumb\":{\"@id\":\"https:\/\/www.schengenvisas.com\/fr\/visa-schengen-sportif\/#breadcrumb\"},\"inLanguage\":\"fr-FR\",\"potentialAction\":[{\"@type\":\"ReadAction\",\"target\":[\"https:\/\/www.schengenvisas.com\/fr\/visa-schengen-sportif\/\"]}]},{\"@type\":\"BreadcrumbList\",\"@id\":\"https:\/\/www.schengenvisas.com\/fr\/visa-schengen-sportif\/#breadcrumb\",\"itemListElement\":[{\"@type\":\"ListItem\",\"position\":1,\"name\":\"Home\",\"item\":\"https:\/\/www.schengenvisas.com\/\"},{\"@type\":\"ListItem\",\"position\":2,\"name\":\"Visa Schengen sportif\"}]},{\"@type\":\"WebSite\",\"@id\":\"https:\/\/www.schengenvisas.com\/#website\",\"url\":\"https:\/\/www.schengenvisas.com\/\",\"name\":\"Schengen Visas\",\"description\":\"Schengen Visa Application Services\",\"publisher\":{\"@id\":\"https:\/\/www.schengenvisas.com\/#organization\"},\"potentialAction\":[{\"@type\":\"SearchAction\",\"target\":{\"@type\":\"EntryPoint\",\"urlTemplate\":\"https:\/\/www.schengenvisas.com\/?s={search_term_string}\"},\"query-input\":{\"@type\":\"PropertyValueSpecification\",\"valueRequired\":true,\"valueName\":\"search_term_string\"}}],\"inLanguage\":\"fr-FR\"},{\"@type\":\"Organization\",\"@id\":\"https:\/\/www.schengenvisas.com\/#organization\",\"name\":\"Schengen Visas\",\"url\":\"https:\/\/www.schengenvisas.com\/\",\"logo\":{\"@type\":\"ImageObject\",\"inLanguage\":\"fr-FR\",\"@id\":\"https:\/\/www.schengenvisas.com\/#\/schema\/logo\/image\/\",\"url\":\"https:\/\/www.schengenvisas.com\/wp-content\/uploads\/2023\/03\/logo.svg\",\"contentUrl\":\"https:\/\/www.schengenvisas.com\/wp-content\/uploads\/2023\/03\/logo.svg\",\"width\":894,\"height\":123,\"caption\":\"Schengen Visas\"},\"image\":{\"@id\":\"https:\/\/www.schengenvisas.com\/#\/schema\/logo\/image\/\"}}]}<\/script>\n<!-- \/ Yoast SEO Premium plugin. -->","yoast_head_json":{"title":"Visa Schengen pour le sport","description":"Comment faire une demande de visa Schengen pour le sport ? | Exigences et crit\u00e8res d'\u00e9ligibilit\u00e9 pour le visa Schengen pour le sport.","robots":{"index":"index","follow":"follow","max-snippet":"max-snippet:-1","max-image-preview":"max-image-preview:large","max-video-preview":"max-video-preview:-1"},"canonical":"https:\/\/www.schengenvisas.com\/fr\/wp-json\/wp\/v2\/pages\/8576","og_locale":"fr_FR","og_type":"article","og_title":"Visa Schengen sportif","og_description":"Comment faire une demande de visa Schengen pour le sport ? | Exigences et crit\u00e8res d'\u00e9ligibilit\u00e9 pour le visa Schengen pour le sport.","og_url":"https:\/\/www.schengenvisas.com\/fr\/visa-schengen-sportif\/","og_site_name":"Schengen Visas","article_modified_time":"2022-03-27T09:28:29+00:00","twitter_card":"summary_large_image","twitter_misc":{"Dur\u00e9e de lecture estim\u00e9e":"4 minutes"},"schema":{"@context":"https:\/\/schema.org","@graph":[{"@type":"WebPage","@id":"https:\/\/www.schengenvisas.com\/fr\/visa-schengen-sportif\/","url":"https:\/\/www.schengenvisas.com\/fr\/visa-schengen-sportif\/","name":"Visa Schengen pour le sport","isPartOf":{"@id":"https:\/\/www.schengenvisas.com\/#website"},"datePublished":"2020-02-28T11:06:31+00:00","dateModified":"2022-03-27T09:28:29+00:00","description":"Comment faire une demande de visa Schengen pour le sport ? | Exigences et crit\u00e8res d'\u00e9ligibilit\u00e9 pour le visa Schengen pour le sport.","breadcrumb":{"@id":"https:\/\/www.schengenvisas.com\/fr\/visa-schengen-sportif\/#breadcrumb"},"inLanguage":"fr-FR","potentialAction":[{"@type":"ReadAction","target":["https:\/\/www.schengenvisas.com\/fr\/visa-schengen-sportif\/"]}]},{"@type":"BreadcrumbList","@id":"https:\/\/www.schengenvisas.com\/fr\/visa-schengen-sportif\/#breadcrumb","itemListElement":[{"@type":"ListItem","position":1,"name":"Home","item":"https:\/\/www.schengenvisas.com\/"},{"@type":"ListItem","position":2,"name":"Visa Schengen sportif"}]},{"@type":"WebSite","@id":"https:\/\/www.schengenvisas.com\/#website","url":"https:\/\/www.schengenvisas.com\/","name":"Schengen Visas","description":"Schengen Visa Application Services","publisher":{"@id":"https:\/\/www.schengenvisas.com\/#organization"},"potentialAction":[{"@type":"SearchAction","target":{"@type":"EntryPoint","urlTemplate":"https:\/\/www.schengenvisas.com\/?s={search_term_string}"},"query-input":{"@type":"PropertyValueSpecification","valueRequired":true,"valueName":"search_term_string"}}],"inLanguage":"fr-FR"},{"@type":"Organization","@id":"https:\/\/www.schengenvisas.com\/#organization","name":"Schengen Visas","url":"https:\/\/www.schengenvisas.com\/","logo":{"@type":"ImageObject","inLanguage":"fr-FR","@id":"https:\/\/www.schengenvisas.com\/#\/schema\/logo\/image\/","url":"https:\/\/www.schengenvisas.com\/wp-content\/uploads\/2023\/03\/logo.svg","contentUrl":"https:\/\/www.schengenvisas.com\/wp-content\/uploads\/2023\/03\/logo.svg","width":894,"height":123,"caption":"Schengen Visas"},"image":{"@id":"https:\/\/www.schengenvisas.com\/#\/schema\/logo\/image\/"}}]}},"_links":{"self":[{"href":"https:\/\/www.schengenvisas.com\/fr\/wp-json\/wp\/v2\/pages\/8576","targetHints":{"allow":["GET"]}}],"collection":[{"href":"https:\/\/www.schengenvisas.com\/fr\/wp-json\/wp\/v2\/pages"}],"about":[{"href":"https:\/\/www.schengenvisas.com\/fr\/wp-json\/wp\/v2\/types\/page"}],"author":[{"embeddable":true,"href":"https:\/\/www.schengenvisas.com\/fr\/wp-json\/wp\/v2\/users\/15"}],"replies":[{"embeddable":true,"href":"https:\/\/www.schengenvisas.com\/fr\/wp-json\/wp\/v2\/comments?post=8576"}],"version-history":[{"count":0,"href":"https:\/\/www.schengenvisas.com\/fr\/wp-json\/wp\/v2\/pages\/8576\/revisions"}],"wp:attachment":[{"href":"https:\/\/www.schengenvisas.com\/fr\/wp-json\/wp\/v2\/media?parent=8576"}],"curies":[{"name":"wp","href":"https:\/\/api.w.org\/{rel}","templated":true}]}}