{"id":8577,"date":"2020-02-26T07:56:43","date_gmt":"2020-02-26T07:56:43","guid":{"rendered":"https:\/\/www.schengenvisas.com\/schengen-visa-for-film-crew\/"},"modified":"2022-03-27T13:25:45","modified_gmt":"2022-03-27T09:25:45","slug":"visa-schengen-pour-lequipe-de-tournage","status":"publish","type":"page","link":"https:\/\/www.schengenvisas.com\/fr\/visa-schengen-pour-lequipe-de-tournage\/","title":{"rendered":"Visa Schengen pour l&rsquo;\u00e9quipe de tournage"},"content":{"rendered":"\t\t<div data-elementor-type=\"wp-page\" data-elementor-id=\"8577\" class=\"elementor elementor-8577 elementor-950\" data-elementor-post-type=\"page\">\n\t\t\t\t\t\t<section class=\"elementor-section elementor-top-section elementor-element elementor-element-49c2eb10 elementor-section-boxed elementor-section-height-default elementor-section-height-default\" data-id=\"49c2eb10\" data-element_type=\"section\">\n\t\t\t\t\t\t<div class=\"elementor-container elementor-column-gap-default\">\n\t\t\t\t\t<div class=\"elementor-column elementor-col-100 elementor-top-column elementor-element elementor-element-6c40869a\" data-id=\"6c40869a\" data-element_type=\"column\">\n\t\t\t<div class=\"elementor-widget-wrap elementor-element-populated\">\n\t\t\t\t\t\t<div class=\"elementor-element elementor-element-5291f14c elementor-widget elementor-widget-text-editor\" data-id=\"5291f14c\" data-element_type=\"widget\" data-widget_type=\"text-editor.default\">\n\t\t\t\t<div class=\"elementor-widget-container\">\n\t\t\t\t\t\t\t\t\t<p><strong>Visa Schengen pour l&rsquo;\u00e9quipe de tournage <\/strong>: si vous voyagez au sein d&rsquo;une \u00e9quipe de tournage, c.-\u00e0-d. pour travailler sur un film en cours de tournage dans un pays Schengen.<\/p><h2>Qu&rsquo;est-ce qu&rsquo;un visa Schengen pour une \u00e9quipe de tournage ?<\/h2><ul><li>Une sorte de visa \u00e0 court terme (type C) vous permettant d&rsquo;acc\u00e9der \u00e0 la zone Schengen jusqu&rsquo;\u00e0 90 jours sur une p\u00e9riode de 180 jours dans le but de faire partie d&rsquo;une \u00e9quipe de tournage dans la zone Schengen.<\/li><\/ul><h2>Admissibilit\u00e9 : Qui peut demander un visa Schengen pour une \u00e9quipe de tournage?<\/h2><ul><li>Toute personne qui peut d\u00e9montrer d\u2019une mani\u00e8re cr\u00e9dible qu&rsquo;elle fait partie d&rsquo;une \u00e9quipe de tournage travaillant sur un film dans la zone Schengen peut demander le visa Schengen pour l&rsquo;\u00e9quipe de tournage.<\/li><\/ul><h2>Documents requis<\/h2><ul><li>En plus des <a href=\"https:\/\/www.schengenvisas.com\/fr\/exigences-des-demandes-de-visa-schengen\/\"><span style=\"text-decoration: underline;\"><strong>documents de base requis<\/strong><\/span><\/a> ci-dessus, pour demander le visa Schengen pour une \u00e9quipe de tournage, vous devrez fournir des documents contenant des informations concernant le film sur lequel vous avez l&rsquo;intention de travailler dans la zone Schengen, ainsi que des informations sur votre r\u00f4le sp\u00e9cifique dans l&rsquo;\u00e9quipe de tournage, y compris, mais sans s&rsquo;y limiter, les \u00e9l\u00e9ments suivants :<ul><li>Lettre de la soci\u00e9t\u00e9 cin\u00e9matographique, comprenant les \u00e9l\u00e9ments suivants :<ul><li>Nom de la soci\u00e9t\u00e9 cin\u00e9matographique<\/li><li>Nom du film<\/li><li>Emplacement du plateau<\/li><li>Intrigue d\u00e9taill\u00e9e du film<\/li><\/ul><\/li><\/ul><\/li><li>Liste compl\u00e8te des membres de l&rsquo;\u00e9quipe et explication de leurs t\u00e2ches (c.-\u00e0-d. toute personne qui se rend dans la zone Schengen pour travailler sur le film).<\/li><li>Autorisation de filmer, sous la forme d&rsquo;une lettre de l&rsquo;association \/du producteur\/de l\u2019agence cin\u00e9matographique respective situ\u00e9 dans votre pays d&rsquo;origine et id\u00e9alement \u00e9galement dans le pays Schengen, qui doit v\u00e9rifier l&rsquo;existence de la production cin\u00e9matographique et fournir les autorisations de tournage requises.<\/li><li>Preuve de votre affiliation\/inscription aupr\u00e8s du minist\u00e8re de la Culture de votre pays de r\u00e9sidence ou d&rsquo;une agence officielle \u00e9quivalente, qui valide votre poste de cin\u00e9aste\/membre d&rsquo;\u00e9quipe travaillant dans le cin\u00e9ma dans votre pays de r\u00e9sidence.<\/li><\/ul><h2>Comment postuler\u00a0?<\/h2><ol><li>D\u00e9terminez le pays Schengen o\u00f9 vous passerez le plus de temps lors de votre voyage. Vous demanderez le visa Schengen pour l&rsquo;\u00e9quipe de tournage via le consulat de ce pays.<\/li><li>D\u00e9terminez le nombre d &lsquo; <strong>\u201centr\u00e9es\u201c<\/strong>\u00a0dont vous avez besoin dans la zone Schengen.<\/li><li>S\u00e9lectionnez <strong>\u201cAutre\u201c<\/strong>\u00a0comme motif de voyage. Un espace suppl\u00e9mentaire vous permet de fournir des informations compl\u00e9mentaires sur votre r\u00f4le dans l&rsquo;\u00e9quipe de tournage.<\/li><li>Rassemblez vos <a href=\"https:\/\/www.schengenvisas.com\/fr\/exigences-des-demandes-de-visa-schengen\/\"><strong><u>documents de base requis<\/u><\/strong><\/a>, ainsi que les documents requis pour le visa Schengen pour l&rsquo;\u00e9quipe de tournage.<\/li><li><strong>Prenez rendez-vous pour un entretien<\/strong> (le cas \u00e9ch\u00e9ant). Selon l&#8217;emplacement du consulat\/de l&rsquo;ambassade ou du centre des visas aupr\u00e8s duquel vous postulez, vous devrez peut-\u00eatre prendre rendez-vous pour soumettre votre demande. Alternativement, vous pourrez peut-\u00eatre d\u00e9poser votre application sans accord pr\u00e9alable, \u00e0 condition de le faire pendant les heures ouvr\u00e9es. Contactez directement votre consulat\/ambassade pour savoir si vous devez prendre rendez-vous afin de soumettre votre demande.<\/li><li><strong>Remplissez votre <a href=\"https:\/\/www.schengenvisas.com\/fr\/telecharger-le-formulaire-de-demande-de-visa-schengen\/\"><u>candidature<\/u><\/a><\/strong>. La mani\u00e8re d&rsquo;acc\u00e9der aux demandes d\u00e9pend du pays Schengen ; vous devrez peut-\u00eatre utiliser un portail de demande en ligne ou remplir une demande \u00e0 la main.<\/li><li><strong>Payez les <u><a href=\"https:\/\/www.schengenvisas.com\/fr\/frais-de-visa-schengen\/\">frais de dossier<\/a> <\/u><\/strong>(le tarif standard pour les adultes est de 80 euros). Vous devrez probablement soumettre un paiement de service avec votre demande de visa. Il s&rsquo;agit d&rsquo;un co\u00fbt distinct des frais de visa, que vous paierez probablement en personne, lors de votre rendez-vous d&rsquo;entretien dans un centre de demande de visa. Veuillez noter que ces frais ne sont pas remboursables.<\/li><li><strong>Soumettez votre candidature.<\/strong> La proc\u00e9dure pour soumettre les demandes varie selon le consulat\/l\u2019ambassade\/le centre de visa. G\u00e9n\u00e9ralement, les candidatures doivent \u00eatre soumises en personne quel que soit l&rsquo;endroit o\u00f9 vous postulez. Lorsque vous soumettez votre demande, il vous sera probablement \u00e9galement demand\u00e9 de soumettre vos empreintes digitales.<\/li><\/ol><h3>Quand postuler\u00a0?<\/h3><ul><li>Vous devez demander le visa Schengen pour l&rsquo;\u00e9quipe de tournage au moins 15 jours avant le jour de votre voyage et au plus t\u00f4t 6 mois avant votre d\u00e9part.<\/li><\/ul><h3>O\u00f9 postuler\u00a0?<\/h3><ul><li>Vous devez demander le visa Schengen pour l&rsquo;\u00e9quipe de tournage aupr\u00e8s du consulat du pays dans lequel vous vous rendez dans la zone Schengen.<\/li><li>Si vous voyagez dans plusieurs pays de la zone Schengen, vous devez vous adresser au consulat de l&rsquo;\u00c9tat dans lequel vous passerez le plus de temps. Et si vous comptez passer une p\u00e9riode de temps \u00e9gale dans ces multiples pays, vous devez faire une demande \u00e0 l&rsquo;ambassade, au consulat ou au centre de demande de visa associ\u00e9 du pays o\u00f9 vous arriverez en premier.<\/li><\/ul><h2>La dur\u00e9e de traitement<\/h2><ul><li>La dur\u00e9e de traitement du visa Schengen pour une \u00e9quipe de tournage est g\u00e9n\u00e9ralement d&rsquo;environ deux semaines (15 jours). Rarement, les consulats peuvent prendre entre 30 et 60 jours pour rendre une d\u00e9cision sur une demande.<\/li><\/ul>\t\t\t\t\t\t\t\t<\/div>\n\t\t\t\t<\/div>\n\t\t\t\t\t<\/div>\n\t\t<\/div>\n\t\t\t\t\t<\/div>\n\t\t<\/section>\n\t\t\t\t<\/div>\n\t\t","protected":false},"excerpt":{"rendered":"<p>Visa Schengen pour l&rsquo;\u00e9quipe de tournage : si vous voyagez au sein d&rsquo;une \u00e9quipe de<a class=\"read-more-text pl-2\" href=\"https:\/\/www.schengenvisas.com\/fr\/visa-schengen-pour-lequipe-de-tournage\/\">[Lire la suite&#8230;]<\/a><\/p>\n","protected":false},"author":15,"featured_media":0,"parent":0,"menu_order":0,"comment_status":"closed","ping_status":"closed","template":"","meta":{"_acf_changed":false,"inline_featured_image":false,"footnotes":""},"class_list":["post-8577","page","type-page","status-publish","hentry","entry"],"acf":[],"yoast_head":"<!-- This site is optimized with the Yoast SEO Premium plugin v24.1 (Yoast SEO v24.1) - https:\/\/yoast.com\/wordpress\/plugins\/seo\/ -->\n<title>Visa Schengen pour \u00e9quipe de tournage<\/title>\n<meta name=\"description\" content=\"Visa Schengen pour \u00e9quipe de tournage | Une \u00e9quipe de tournage qui envisage de se rendre dans la zone Schengen pour le tournage d&#039;un film ou d&#039;un documentaire aura besoin d&#039;un visa Schengen\" \/>\n<meta name=\"robots\" content=\"index, follow, max-snippet:-1, max-image-preview:large, max-video-preview:-1\" \/>\n<link rel=\"canonical\" href=\"https:\/\/www.schengenvisas.com\/fr\/wp-json\/wp\/v2\/pages\/8577\" \/>\n<meta property=\"og:locale\" content=\"fr_FR\" \/>\n<meta property=\"og:type\" content=\"article\" \/>\n<meta property=\"og:title\" content=\"Visa Schengen pour l&#039;\u00e9quipe de tournage\" \/>\n<meta property=\"og:description\" content=\"Visa Schengen pour \u00e9quipe de tournage | Une \u00e9quipe de tournage qui envisage de se rendre dans la zone Schengen pour le tournage d&#039;un film ou d&#039;un documentaire aura besoin d&#039;un visa Schengen\" \/>\n<meta property=\"og:url\" content=\"https:\/\/www.schengenvisas.com\/fr\/visa-schengen-pour-lequipe-de-tournage\/\" \/>\n<meta property=\"og:site_name\" content=\"Schengen Visas\" \/>\n<meta property=\"article:modified_time\" content=\"2022-03-27T09:25:45+00:00\" \/>\n<meta name=\"twitter:card\" content=\"summary_large_image\" \/>\n<meta name=\"twitter:label1\" content=\"Dur\u00e9e de lecture estim\u00e9e\" \/>\n\t<meta name=\"twitter:data1\" content=\"4 minutes\" \/>\n<script type=\"application\/ld+json\" class=\"yoast-schema-graph\">{\"@context\":\"https:\/\/schema.org\",\"@graph\":[{\"@type\":\"WebPage\",\"@id\":\"https:\/\/www.schengenvisas.com\/fr\/visa-schengen-pour-lequipe-de-tournage\/\",\"url\":\"https:\/\/www.schengenvisas.com\/fr\/visa-schengen-pour-lequipe-de-tournage\/\",\"name\":\"Visa Schengen pour \u00e9quipe de tournage\",\"isPartOf\":{\"@id\":\"https:\/\/www.schengenvisas.com\/#website\"},\"datePublished\":\"2020-02-26T07:56:43+00:00\",\"dateModified\":\"2022-03-27T09:25:45+00:00\",\"description\":\"Visa Schengen pour \u00e9quipe de tournage | Une \u00e9quipe de tournage qui envisage de se rendre dans la zone Schengen pour le tournage d'un film ou d'un documentaire aura besoin d'un visa Schengen\",\"breadcrumb\":{\"@id\":\"https:\/\/www.schengenvisas.com\/fr\/visa-schengen-pour-lequipe-de-tournage\/#breadcrumb\"},\"inLanguage\":\"fr-FR\",\"potentialAction\":[{\"@type\":\"ReadAction\",\"target\":[\"https:\/\/www.schengenvisas.com\/fr\/visa-schengen-pour-lequipe-de-tournage\/\"]}]},{\"@type\":\"BreadcrumbList\",\"@id\":\"https:\/\/www.schengenvisas.com\/fr\/visa-schengen-pour-lequipe-de-tournage\/#breadcrumb\",\"itemListElement\":[{\"@type\":\"ListItem\",\"position\":1,\"name\":\"Home\",\"item\":\"https:\/\/www.schengenvisas.com\/\"},{\"@type\":\"ListItem\",\"position\":2,\"name\":\"Visa Schengen pour l&#8217;\u00e9quipe de tournage\"}]},{\"@type\":\"WebSite\",\"@id\":\"https:\/\/www.schengenvisas.com\/#website\",\"url\":\"https:\/\/www.schengenvisas.com\/\",\"name\":\"Schengen Visas\",\"description\":\"Schengen Visa Application Services\",\"publisher\":{\"@id\":\"https:\/\/www.schengenvisas.com\/#organization\"},\"potentialAction\":[{\"@type\":\"SearchAction\",\"target\":{\"@type\":\"EntryPoint\",\"urlTemplate\":\"https:\/\/www.schengenvisas.com\/?s={search_term_string}\"},\"query-input\":{\"@type\":\"PropertyValueSpecification\",\"valueRequired\":true,\"valueName\":\"search_term_string\"}}],\"inLanguage\":\"fr-FR\"},{\"@type\":\"Organization\",\"@id\":\"https:\/\/www.schengenvisas.com\/#organization\",\"name\":\"Schengen Visas\",\"url\":\"https:\/\/www.schengenvisas.com\/\",\"logo\":{\"@type\":\"ImageObject\",\"inLanguage\":\"fr-FR\",\"@id\":\"https:\/\/www.schengenvisas.com\/#\/schema\/logo\/image\/\",\"url\":\"https:\/\/www.schengenvisas.com\/wp-content\/uploads\/2023\/03\/logo.svg\",\"contentUrl\":\"https:\/\/www.schengenvisas.com\/wp-content\/uploads\/2023\/03\/logo.svg\",\"width\":894,\"height\":123,\"caption\":\"Schengen Visas\"},\"image\":{\"@id\":\"https:\/\/www.schengenvisas.com\/#\/schema\/logo\/image\/\"}}]}<\/script>\n<!-- \/ Yoast SEO Premium plugin. -->","yoast_head_json":{"title":"Visa Schengen pour \u00e9quipe de tournage","description":"Visa Schengen pour \u00e9quipe de tournage | Une \u00e9quipe de tournage qui envisage de se rendre dans la zone Schengen pour le tournage d'un film ou d'un documentaire aura besoin d'un visa Schengen","robots":{"index":"index","follow":"follow","max-snippet":"max-snippet:-1","max-image-preview":"max-image-preview:large","max-video-preview":"max-video-preview:-1"},"canonical":"https:\/\/www.schengenvisas.com\/fr\/wp-json\/wp\/v2\/pages\/8577","og_locale":"fr_FR","og_type":"article","og_title":"Visa Schengen pour l'\u00e9quipe de tournage","og_description":"Visa Schengen pour \u00e9quipe de tournage | Une \u00e9quipe de tournage qui envisage de se rendre dans la zone Schengen pour le tournage d'un film ou d'un documentaire aura besoin d'un visa Schengen","og_url":"https:\/\/www.schengenvisas.com\/fr\/visa-schengen-pour-lequipe-de-tournage\/","og_site_name":"Schengen Visas","article_modified_time":"2022-03-27T09:25:45+00:00","twitter_card":"summary_large_image","twitter_misc":{"Dur\u00e9e de lecture estim\u00e9e":"4 minutes"},"schema":{"@context":"https:\/\/schema.org","@graph":[{"@type":"WebPage","@id":"https:\/\/www.schengenvisas.com\/fr\/visa-schengen-pour-lequipe-de-tournage\/","url":"https:\/\/www.schengenvisas.com\/fr\/visa-schengen-pour-lequipe-de-tournage\/","name":"Visa Schengen pour \u00e9quipe de tournage","isPartOf":{"@id":"https:\/\/www.schengenvisas.com\/#website"},"datePublished":"2020-02-26T07:56:43+00:00","dateModified":"2022-03-27T09:25:45+00:00","description":"Visa Schengen pour \u00e9quipe de tournage | Une \u00e9quipe de tournage qui envisage de se rendre dans la zone Schengen pour le tournage d'un film ou d'un documentaire aura besoin d'un visa Schengen","breadcrumb":{"@id":"https:\/\/www.schengenvisas.com\/fr\/visa-schengen-pour-lequipe-de-tournage\/#breadcrumb"},"inLanguage":"fr-FR","potentialAction":[{"@type":"ReadAction","target":["https:\/\/www.schengenvisas.com\/fr\/visa-schengen-pour-lequipe-de-tournage\/"]}]},{"@type":"BreadcrumbList","@id":"https:\/\/www.schengenvisas.com\/fr\/visa-schengen-pour-lequipe-de-tournage\/#breadcrumb","itemListElement":[{"@type":"ListItem","position":1,"name":"Home","item":"https:\/\/www.schengenvisas.com\/"},{"@type":"ListItem","position":2,"name":"Visa Schengen pour l&#8217;\u00e9quipe de tournage"}]},{"@type":"WebSite","@id":"https:\/\/www.schengenvisas.com\/#website","url":"https:\/\/www.schengenvisas.com\/","name":"Schengen Visas","description":"Schengen Visa Application Services","publisher":{"@id":"https:\/\/www.schengenvisas.com\/#organization"},"potentialAction":[{"@type":"SearchAction","target":{"@type":"EntryPoint","urlTemplate":"https:\/\/www.schengenvisas.com\/?s={search_term_string}"},"query-input":{"@type":"PropertyValueSpecification","valueRequired":true,"valueName":"search_term_string"}}],"inLanguage":"fr-FR"},{"@type":"Organization","@id":"https:\/\/www.schengenvisas.com\/#organization","name":"Schengen Visas","url":"https:\/\/www.schengenvisas.com\/","logo":{"@type":"ImageObject","inLanguage":"fr-FR","@id":"https:\/\/www.schengenvisas.com\/#\/schema\/logo\/image\/","url":"https:\/\/www.schengenvisas.com\/wp-content\/uploads\/2023\/03\/logo.svg","contentUrl":"https:\/\/www.schengenvisas.com\/wp-content\/uploads\/2023\/03\/logo.svg","width":894,"height":123,"caption":"Schengen Visas"},"image":{"@id":"https:\/\/www.schengenvisas.com\/#\/schema\/logo\/image\/"}}]}},"_links":{"self":[{"href":"https:\/\/www.schengenvisas.com\/fr\/wp-json\/wp\/v2\/pages\/8577","targetHints":{"allow":["GET"]}}],"collection":[{"href":"https:\/\/www.schengenvisas.com\/fr\/wp-json\/wp\/v2\/pages"}],"about":[{"href":"https:\/\/www.schengenvisas.com\/fr\/wp-json\/wp\/v2\/types\/page"}],"author":[{"embeddable":true,"href":"https:\/\/www.schengenvisas.com\/fr\/wp-json\/wp\/v2\/users\/15"}],"replies":[{"embeddable":true,"href":"https:\/\/www.schengenvisas.com\/fr\/wp-json\/wp\/v2\/comments?post=8577"}],"version-history":[{"count":0,"href":"https:\/\/www.schengenvisas.com\/fr\/wp-json\/wp\/v2\/pages\/8577\/revisions"}],"wp:attachment":[{"href":"https:\/\/www.schengenvisas.com\/fr\/wp-json\/wp\/v2\/media?parent=8577"}],"curies":[{"name":"wp","href":"https:\/\/api.w.org\/{rel}","templated":true}]}}