{"id":8578,"date":"2020-01-21T06:08:09","date_gmt":"2020-01-21T06:08:09","guid":{"rendered":"https:\/\/www.schengenvisas.com\/schengen-visitor-visa\/"},"modified":"2021-07-04T00:38:28","modified_gmt":"2021-07-03T20:38:28","slug":"visite-de-la-famille-ou-des-amis","status":"publish","type":"page","link":"https:\/\/www.schengenvisas.com\/fr\/visite-de-la-famille-ou-des-amis\/","title":{"rendered":"Visa Schengen pour visite de la famille ou des amis"},"content":{"rendered":"\t\t<div data-elementor-type=\"wp-page\" data-elementor-id=\"8578\" class=\"elementor elementor-8578 elementor-441\" data-elementor-post-type=\"page\">\n\t\t\t\t\t\t<section class=\"elementor-section elementor-top-section elementor-element elementor-element-62a712e5 elementor-section-boxed elementor-section-height-default elementor-section-height-default\" data-id=\"62a712e5\" data-element_type=\"section\">\n\t\t\t\t\t\t<div class=\"elementor-container elementor-column-gap-default\">\n\t\t\t\t\t<div class=\"elementor-column elementor-col-100 elementor-top-column elementor-element elementor-element-5723207d\" data-id=\"5723207d\" data-element_type=\"column\">\n\t\t\t<div class=\"elementor-widget-wrap elementor-element-populated\">\n\t\t\t\t\t\t<div class=\"elementor-element elementor-element-79155da8 elementor-widget elementor-widget-text-editor\" data-id=\"79155da8\" data-element_type=\"widget\" data-widget_type=\"text-editor.default\">\n\t\t\t\t<div class=\"elementor-widget-container\">\n\t\t\t\t\t\t\t\t\t<p>Si vous voyagez principalement pour des raisons sociales, c.-\u00e0-d. pour rendre visite \u00e0 votre famille ou \u00e0 des amis, vous devez demander un <strong>visa Schengen pour visite de la famille ou des amis.<\/strong><\/p><h2>Qu&rsquo;est-ce qu\u2019un visa Schengen pour visite de la famille ou des amis ?<\/h2><ul><li>Une sorte de visa de court s\u00e9jour (type C) vous permettant d&rsquo;acc\u00e9der \u00e0 la zone Schengen jusqu&rsquo;\u00e0 90 jours sur une p\u00e9riode de 180 jours dans le but de rendre visite \u00e0 la famille ou aux amis qui sont r\u00e9sidents\/citoyens d&rsquo;un ou plusieurs \u00c9tats Schengen.<\/li><\/ul><h3>Admissibilit\u00e9 : Qui peut postuler\u00a0?<\/h3><ul><li>Les ressortissants d&rsquo;un pays tiers exclus de l&rsquo;acc\u00e8s sans visa ou des visas \u00e0 leur arriv\u00e9e dans la zone Schengen qui ont une invitation formelle \u00e0 rendre visite \u00e0 des proches ou amis r\u00e9sidents\/citoyens de l&rsquo;espace Schengen peuvent demander un visa Schengen pour visite de famille ou amis.<\/li><\/ul><h2>Documents requis<\/h2><ul><li>En plus des <a href=\"https:\/\/www.schengenvisas.com\/fr\/exigences-des-demandes-de-visa-schengen\/\"><strong><u>documents de base requis<\/u><\/strong><\/a>, les candidats \u00e0 un <strong>visa Schengen pour visite de famille ou amis<\/strong> doivent pr\u00e9senter les documents suivants:<ol><li>Une preuve de votre relation avec le r\u00e9sident\/citoyen de l&rsquo;\u00c9tat Schengen auquel vous rendez visite, par exemple un certificat de mariage ou de naissance.<\/li><li>Une lettre officielle de votre h\u00f4te dans votre pays Schengen de destination s&rsquo;engageant \u00e0 couvrir tous les frais li\u00e9s \u00e0 votre visite, du voyage \u00e0 l&rsquo;h\u00e9bergement, avec des informations et d\u00e9tails concernant la raison de votre visite ainsi que les activit\u00e9s\/le programme pr\u00e9vus.<\/li><li>La lettre d&rsquo;invitation de votre h\u00f4te.<\/li><\/ol><\/li><\/ul><h2>Comment postuler<\/h2><ol><li>D\u00e9terminez le pays Schengen o\u00f9 vous passerez le plus de temps lors de votre voyage. Vous demanderez le visa Schengen pour Famille ou Amis en visite aupr\u00e8s du consulat de ce pays S\u00e9lectionnez.<\/li><li>\u201c<strong>Visite de la famille ou des amis<\/strong>\u201d comme objectif du voyage.<\/li><li>D\u00e9terminez le nombre d \u201c<strong>entr\u00e9es\u201c<\/strong>\u00a0dont vous avez besoin dans la zone Schengen.<\/li><li>Rassemblez vos <a href=\"https:\/\/www.schengenvisas.com\/fr\/exigences-des-demandes-de-visa-schengen\/\"><strong>documents de base requis<\/strong>,<\/a> ainsi que les documents requis pour un visa Schengen de famille ou amis en visite.<\/li><li>Remplissez votre <strong>candidature<\/strong>. La mani\u00e8re d&rsquo;acc\u00e9der aux demandes d\u00e9pend du pays Schengen ; vous devrez peut-\u00eatre utiliser un portail de candidature en ligne ou remplir manuellement un formulaire de demande imprim\u00e9.<\/li><li>Payez les <a href=\"https:\/\/www.schengenvisas.com\/fr\/frais-de-visa-schengen\/\"><strong>frais de dossier<\/strong> <\/a>(le tarif standard pour les adultes est de 80 euros). Vous devrez probablement soumettre un paiement de service avec votre demande de visa. Il s&rsquo;agit d&rsquo;un co\u00fbt distinct des frais de visa, que vous paierez probablement en personne lors de votre rendez-vous d&rsquo;entretien dans un centre de demande de visa. Veuillez noter que ces frais ne sont pas remboursables.<\/li><li>Envoyez votre candidature.<\/li><li>Prenez rendez-vous pour un entretien. Les entretiens sont men\u00e9s en personne \u00e0 l&rsquo;ambassade ou au consulat du pays dans lequel vous postulez, ou dans un centre de demande de visa associ\u00e9 au consulat du pays dans lequel vous postulez.<\/li><\/ol><h3>Quand postuler<\/h3><ul><li>Vous devez demander un visa Schengen pour visite de famille ou amis au moins 15 jours avant le jour o\u00f9 vous avez l&rsquo;intention de voyager et au plus t\u00f4t 6 mois avant votre d\u00e9part.<\/li><\/ul><h3>O\u00f9 postuler<\/h3><ul><li>Vous devez demander le visa Schengen pour visite de famille ou amis aupr\u00e8s de l&rsquo;ambassade ou du consulat du pays dans lequel vous vous rendez dans la zone Schengen, ou via un centre de demande de visa associ\u00e9 au consulat du pays.<\/li><li>Si vous voyagez dans plusieurs pays de la zone Schengen, vous devez en faire la demande aupr\u00e8s de l&rsquo;ambassade, du consulat ou du centre de demande de visa associ\u00e9 du pays dans lequel vous passerez le plus de temps. Et si vous pr\u00e9voyez de passer une p\u00e9riode de temps \u00e9gale dans ces multiples pays, vous devez faire une demande \u00e0 l&rsquo;ambassade, au consulat ou au centre de demande de visa associ\u00e9 du pays o\u00f9 vous arriverez en premier.<\/li><\/ul><h2>Dur\u00e9e de traitement<\/h2><ul><li>La dur\u00e9e de traitement d&rsquo;un visa Schengen pour visite de famille ou amis est g\u00e9n\u00e9ralement d&rsquo;environ deux semaines (15 jours). Rarement, les consulats peuvent prendre entre 30 et 60 jours pour rendre une d\u00e9cision sur une demande.<\/li><\/ul>\t\t\t\t\t\t\t\t<\/div>\n\t\t\t\t<\/div>\n\t\t\t\t\t<\/div>\n\t\t<\/div>\n\t\t\t\t\t<\/div>\n\t\t<\/section>\n\t\t\t\t<\/div>\n\t\t","protected":false},"excerpt":{"rendered":"<p>Si vous voyagez principalement pour des raisons sociales, c.-\u00e0-d. pour rendre visite \u00e0 votre famille<a class=\"read-more-text pl-2\" href=\"https:\/\/www.schengenvisas.com\/fr\/visite-de-la-famille-ou-des-amis\/\">[Lire la suite&#8230;]<\/a><\/p>\n","protected":false},"author":15,"featured_media":0,"parent":0,"menu_order":0,"comment_status":"closed","ping_status":"closed","template":"","meta":{"_acf_changed":false,"inline_featured_image":false,"footnotes":""},"class_list":["post-8578","page","type-page","status-publish","hentry","entry"],"acf":[],"yoast_head":"<!-- This site is optimized with the Yoast SEO Premium plugin v24.1 (Yoast SEO v24.1) - https:\/\/yoast.com\/wordpress\/plugins\/seo\/ -->\n<title>Visa Schengen de visiteur | Visite de la famille ou des amis<\/title>\n<meta name=\"description\" content=\"Visa Schengen de visiteur pour rendre visite \u00e0 de la famille ou des amis, frais de visa, conditions de visa et crit\u00e8res d&#039;\u00e9ligibilit\u00e9 pour le visa Schengen de visiteur\" \/>\n<meta name=\"robots\" content=\"index, follow, max-snippet:-1, max-image-preview:large, max-video-preview:-1\" \/>\n<link rel=\"canonical\" href=\"https:\/\/www.schengenvisas.com\/fr\/wp-json\/wp\/v2\/pages\/8578\" \/>\n<meta property=\"og:locale\" content=\"fr_FR\" \/>\n<meta property=\"og:type\" content=\"article\" \/>\n<meta property=\"og:title\" content=\"Visa Schengen pour visite de la famille ou des amis\" \/>\n<meta property=\"og:description\" content=\"Visa Schengen de visiteur pour rendre visite \u00e0 de la famille ou des amis, frais de visa, conditions de visa et crit\u00e8res d&#039;\u00e9ligibilit\u00e9 pour le visa Schengen de visiteur\" \/>\n<meta property=\"og:url\" content=\"https:\/\/www.schengenvisas.com\/fr\/visite-de-la-famille-ou-des-amis\/\" \/>\n<meta property=\"og:site_name\" content=\"Schengen Visas\" \/>\n<meta property=\"article:modified_time\" content=\"2021-07-03T20:38:28+00:00\" \/>\n<meta name=\"twitter:card\" content=\"summary_large_image\" \/>\n<meta name=\"twitter:label1\" content=\"Dur\u00e9e de lecture estim\u00e9e\" \/>\n\t<meta name=\"twitter:data1\" content=\"3 minutes\" \/>\n<script type=\"application\/ld+json\" class=\"yoast-schema-graph\">{\"@context\":\"https:\/\/schema.org\",\"@graph\":[{\"@type\":\"WebPage\",\"@id\":\"https:\/\/www.schengenvisas.com\/fr\/visite-de-la-famille-ou-des-amis\/\",\"url\":\"https:\/\/www.schengenvisas.com\/fr\/visite-de-la-famille-ou-des-amis\/\",\"name\":\"Visa Schengen de visiteur | Visite de la famille ou des amis\",\"isPartOf\":{\"@id\":\"https:\/\/www.schengenvisas.com\/#website\"},\"datePublished\":\"2020-01-21T06:08:09+00:00\",\"dateModified\":\"2021-07-03T20:38:28+00:00\",\"description\":\"Visa Schengen de visiteur pour rendre visite \u00e0 de la famille ou des amis, frais de visa, conditions de visa et crit\u00e8res d'\u00e9ligibilit\u00e9 pour le visa Schengen de visiteur\",\"breadcrumb\":{\"@id\":\"https:\/\/www.schengenvisas.com\/fr\/visite-de-la-famille-ou-des-amis\/#breadcrumb\"},\"inLanguage\":\"fr-FR\",\"potentialAction\":[{\"@type\":\"ReadAction\",\"target\":[\"https:\/\/www.schengenvisas.com\/fr\/visite-de-la-famille-ou-des-amis\/\"]}]},{\"@type\":\"BreadcrumbList\",\"@id\":\"https:\/\/www.schengenvisas.com\/fr\/visite-de-la-famille-ou-des-amis\/#breadcrumb\",\"itemListElement\":[{\"@type\":\"ListItem\",\"position\":1,\"name\":\"Home\",\"item\":\"https:\/\/www.schengenvisas.com\/\"},{\"@type\":\"ListItem\",\"position\":2,\"name\":\"Visa Schengen pour visite de la famille ou des amis\"}]},{\"@type\":\"WebSite\",\"@id\":\"https:\/\/www.schengenvisas.com\/#website\",\"url\":\"https:\/\/www.schengenvisas.com\/\",\"name\":\"Schengen Visas\",\"description\":\"Schengen Visa Application Services\",\"publisher\":{\"@id\":\"https:\/\/www.schengenvisas.com\/#organization\"},\"potentialAction\":[{\"@type\":\"SearchAction\",\"target\":{\"@type\":\"EntryPoint\",\"urlTemplate\":\"https:\/\/www.schengenvisas.com\/?s={search_term_string}\"},\"query-input\":{\"@type\":\"PropertyValueSpecification\",\"valueRequired\":true,\"valueName\":\"search_term_string\"}}],\"inLanguage\":\"fr-FR\"},{\"@type\":\"Organization\",\"@id\":\"https:\/\/www.schengenvisas.com\/#organization\",\"name\":\"Schengen Visas\",\"url\":\"https:\/\/www.schengenvisas.com\/\",\"logo\":{\"@type\":\"ImageObject\",\"inLanguage\":\"fr-FR\",\"@id\":\"https:\/\/www.schengenvisas.com\/#\/schema\/logo\/image\/\",\"url\":\"https:\/\/www.schengenvisas.com\/wp-content\/uploads\/2023\/03\/logo.svg\",\"contentUrl\":\"https:\/\/www.schengenvisas.com\/wp-content\/uploads\/2023\/03\/logo.svg\",\"width\":894,\"height\":123,\"caption\":\"Schengen Visas\"},\"image\":{\"@id\":\"https:\/\/www.schengenvisas.com\/#\/schema\/logo\/image\/\"}}]}<\/script>\n<!-- \/ Yoast SEO Premium plugin. -->","yoast_head_json":{"title":"Visa Schengen de visiteur | Visite de la famille ou des amis","description":"Visa Schengen de visiteur pour rendre visite \u00e0 de la famille ou des amis, frais de visa, conditions de visa et crit\u00e8res d'\u00e9ligibilit\u00e9 pour le visa Schengen de visiteur","robots":{"index":"index","follow":"follow","max-snippet":"max-snippet:-1","max-image-preview":"max-image-preview:large","max-video-preview":"max-video-preview:-1"},"canonical":"https:\/\/www.schengenvisas.com\/fr\/wp-json\/wp\/v2\/pages\/8578","og_locale":"fr_FR","og_type":"article","og_title":"Visa Schengen pour visite de la famille ou des amis","og_description":"Visa Schengen de visiteur pour rendre visite \u00e0 de la famille ou des amis, frais de visa, conditions de visa et crit\u00e8res d'\u00e9ligibilit\u00e9 pour le visa Schengen de visiteur","og_url":"https:\/\/www.schengenvisas.com\/fr\/visite-de-la-famille-ou-des-amis\/","og_site_name":"Schengen Visas","article_modified_time":"2021-07-03T20:38:28+00:00","twitter_card":"summary_large_image","twitter_misc":{"Dur\u00e9e de lecture estim\u00e9e":"3 minutes"},"schema":{"@context":"https:\/\/schema.org","@graph":[{"@type":"WebPage","@id":"https:\/\/www.schengenvisas.com\/fr\/visite-de-la-famille-ou-des-amis\/","url":"https:\/\/www.schengenvisas.com\/fr\/visite-de-la-famille-ou-des-amis\/","name":"Visa Schengen de visiteur | Visite de la famille ou des amis","isPartOf":{"@id":"https:\/\/www.schengenvisas.com\/#website"},"datePublished":"2020-01-21T06:08:09+00:00","dateModified":"2021-07-03T20:38:28+00:00","description":"Visa Schengen de visiteur pour rendre visite \u00e0 de la famille ou des amis, frais de visa, conditions de visa et crit\u00e8res d'\u00e9ligibilit\u00e9 pour le visa Schengen de visiteur","breadcrumb":{"@id":"https:\/\/www.schengenvisas.com\/fr\/visite-de-la-famille-ou-des-amis\/#breadcrumb"},"inLanguage":"fr-FR","potentialAction":[{"@type":"ReadAction","target":["https:\/\/www.schengenvisas.com\/fr\/visite-de-la-famille-ou-des-amis\/"]}]},{"@type":"BreadcrumbList","@id":"https:\/\/www.schengenvisas.com\/fr\/visite-de-la-famille-ou-des-amis\/#breadcrumb","itemListElement":[{"@type":"ListItem","position":1,"name":"Home","item":"https:\/\/www.schengenvisas.com\/"},{"@type":"ListItem","position":2,"name":"Visa Schengen pour visite de la famille ou des amis"}]},{"@type":"WebSite","@id":"https:\/\/www.schengenvisas.com\/#website","url":"https:\/\/www.schengenvisas.com\/","name":"Schengen Visas","description":"Schengen Visa Application Services","publisher":{"@id":"https:\/\/www.schengenvisas.com\/#organization"},"potentialAction":[{"@type":"SearchAction","target":{"@type":"EntryPoint","urlTemplate":"https:\/\/www.schengenvisas.com\/?s={search_term_string}"},"query-input":{"@type":"PropertyValueSpecification","valueRequired":true,"valueName":"search_term_string"}}],"inLanguage":"fr-FR"},{"@type":"Organization","@id":"https:\/\/www.schengenvisas.com\/#organization","name":"Schengen Visas","url":"https:\/\/www.schengenvisas.com\/","logo":{"@type":"ImageObject","inLanguage":"fr-FR","@id":"https:\/\/www.schengenvisas.com\/#\/schema\/logo\/image\/","url":"https:\/\/www.schengenvisas.com\/wp-content\/uploads\/2023\/03\/logo.svg","contentUrl":"https:\/\/www.schengenvisas.com\/wp-content\/uploads\/2023\/03\/logo.svg","width":894,"height":123,"caption":"Schengen Visas"},"image":{"@id":"https:\/\/www.schengenvisas.com\/#\/schema\/logo\/image\/"}}]}},"_links":{"self":[{"href":"https:\/\/www.schengenvisas.com\/fr\/wp-json\/wp\/v2\/pages\/8578","targetHints":{"allow":["GET"]}}],"collection":[{"href":"https:\/\/www.schengenvisas.com\/fr\/wp-json\/wp\/v2\/pages"}],"about":[{"href":"https:\/\/www.schengenvisas.com\/fr\/wp-json\/wp\/v2\/types\/page"}],"author":[{"embeddable":true,"href":"https:\/\/www.schengenvisas.com\/fr\/wp-json\/wp\/v2\/users\/15"}],"replies":[{"embeddable":true,"href":"https:\/\/www.schengenvisas.com\/fr\/wp-json\/wp\/v2\/comments?post=8578"}],"version-history":[{"count":0,"href":"https:\/\/www.schengenvisas.com\/fr\/wp-json\/wp\/v2\/pages\/8578\/revisions"}],"wp:attachment":[{"href":"https:\/\/www.schengenvisas.com\/fr\/wp-json\/wp\/v2\/media?parent=8578"}],"curies":[{"name":"wp","href":"https:\/\/api.w.org\/{rel}","templated":true}]}}