{"id":8606,"date":"2020-01-20T07:14:30","date_gmt":"2020-01-20T07:14:30","guid":{"rendered":"https:\/\/www.schengenvisas.com\/business-schengen-visa\/"},"modified":"2021-07-04T00:36:02","modified_gmt":"2021-07-03T20:36:02","slug":"visa-schengen-daffaires","status":"publish","type":"page","link":"https:\/\/www.schengenvisas.com\/fr\/visa-schengen-daffaires\/","title":{"rendered":"Visa Schengen d\u2019Affaires"},"content":{"rendered":"\t\t<div data-elementor-type=\"wp-page\" data-elementor-id=\"8606\" class=\"elementor elementor-8606 elementor-424\" data-elementor-post-type=\"page\">\n\t\t\t\t\t\t<section class=\"elementor-section elementor-top-section elementor-element elementor-element-6592fa68 elementor-section-boxed elementor-section-height-default elementor-section-height-default\" data-id=\"6592fa68\" data-element_type=\"section\">\n\t\t\t\t\t\t<div class=\"elementor-container elementor-column-gap-default\">\n\t\t\t\t\t<div class=\"elementor-column elementor-col-100 elementor-top-column elementor-element elementor-element-66955afb\" data-id=\"66955afb\" data-element_type=\"column\">\n\t\t\t<div class=\"elementor-widget-wrap elementor-element-populated\">\n\t\t\t\t\t\t<div class=\"elementor-element elementor-element-3b5deb0d elementor-widget elementor-widget-text-editor\" data-id=\"3b5deb0d\" data-element_type=\"widget\" data-widget_type=\"text-editor.default\">\n\t\t\t\t<div class=\"elementor-widget-container\">\n\t\t\t\t\t\t\t\t\t<p>Si vous voyagez principalement pour affaires, vous devez demander un <strong>visa Schengen d\u2019affaires.<\/strong><\/p><h2>Qu&rsquo;est-ce qu&rsquo;un visa Schengen d\u2019affaires?<\/h2><ul><li>Une sorte de visa de court s\u00e9jour (type C) vous permettant d&rsquo;acc\u00e9der \u00e0 la zone Schengen jusqu&rsquo;\u00e0 90 jours sur une p\u00e9riode de 180 jours \u00e0 des fins professionnelles.<\/li><\/ul><h3>Admissibilit\u00e9 : qui peut postuler?<\/h3><ul><li>Les ressortissants d&rsquo;un pays tiers exclus de l&rsquo;acc\u00e8s sans visa ou du visa \u00e0 l&rsquo;arriv\u00e9e dans l&rsquo;espace Schengen qui ont une raison l\u00e9gitime, valide et document\u00e9e d&rsquo;entrer dans un \u00c9tat Schengen pour affaires sont \u00e9ligibles pour demander un visa d&rsquo;affaires Schengen.<strong>\u00a0<\/strong><\/li><\/ul><h2>Documents requis<\/h2><ul><li>En plus des <a href=\"https:\/\/www.schengenvisas.com\/fr\/exigences-des-demandes-de-visa-schengen\/\"><span style=\"text-decoration: underline;\"><strong>documents de base requis<\/strong><\/span><\/a>, pour demander un visa Schengen d\u2019affaires, vous devrez fournir des documents contenant des informations sur les activit\u00e9s professionnelles que vous envisagez d&rsquo;exercer dans la zone Schengen, ainsi que des informations relatives \u00e0 la relation commerciale entre les entit\u00e9s commerciales concern\u00e9es dans votre pays de r\u00e9sidence et dans le pays de destination pr\u00e9vu (le pays dans lequel vous voyagez pour affaires), y compris les \u00e9l\u00e9ments suivants:<ol><li>Copie de la licence commerciale valide de l\u2019entreprise dans votre pays de r\u00e9sidence.<\/li><li>Lettre d&rsquo;invitation de l\u2019entreprise\/autorit\u00e9 de votre pays de destination, y compris son adresse compl\u00e8te, pr\u00e9sentant \u00e9galement la nature et la dur\u00e9e du voyage, et\/ou :<\/li><li>Informations sur l&rsquo;\u00e9v\u00e9nement\/le salon\/le congr\u00e8s auquel vous participerez dans votre pays de destination, y compris des informations d\u00e9taill\u00e9es sur l&rsquo;h\u00f4te\/l&rsquo;organisateur de l&rsquo;\u00e9v\u00e9nement (notamment son adresse compl\u00e8te, la dur\u00e9e de l&rsquo;\u00e9v\u00e9nement et la justification de votre participation).<\/li><li>En cas de participation \u00e0 un salon: informations pertinentes sur le salon auquel vous participerez, sous forme de billets\/lettre de confirmation\/facture indiquant le statut valide en tant qu&rsquo;exposant du salon.<\/li><li>Documents exprimant l&rsquo;\u00e9tat des relations commerciales entre votre pays de r\u00e9sidence et le pays dans lequel vous exercerez vos activit\u00e9s.<\/li><\/ol><\/li><\/ul><h2>Comment faire une demande ?<\/h2><ol><li>D\u00e9terminez le pays Schengen o\u00f9 vous passerez le plus de temps lors de votre voyage. Vous demanderez le visa Schengen d\u2019affaires via le consulat de ce pays.<\/li><li>S\u00e9lectionnez <strong>\u201cAffaires\u201c<\/strong>\u00a0comme objectif du voyage.<\/li><li>D\u00e9terminez le nombre d &lsquo; <strong>\u201centr\u00e9es\u201c<\/strong>\u00a0dont vous avez besoin dans la zone Schengen.<\/li><li>Rassemblez vos <strong><u><a href=\"https:\/\/www.schengenvisas.com\/fr\/exigences-des-demandes-de-visa-schengen\/\">documents de base requis<\/a>,<\/u><\/strong> ainsi que les documents requis pour un visa d&rsquo;affaires.<\/li><li>Remplissez votre <a href=\"https:\/\/www.schengenvisas.com\/fr\/telecharger-le-formulaire-de-demande-de-visa-schengen\/\"><strong><u>demande<\/u><\/strong><\/a>. La mani\u00e8re d&rsquo;acc\u00e9der aux demandes d\u00e9pend du pays Schengen ; vous devrez peut-\u00eatre utiliser un portail de candidature en ligne ou remplir manuellement un formulaire de demande imprim\u00e9.<\/li><li>Payez les <strong><u><a href=\"https:\/\/www.schengenvisas.com\/fr\/frais-de-visa-schengen\/\">frais de dossier<\/a> <\/u><\/strong>(le tarif standard pour les adultes est de 80 euros). Vous devrez probablement soumettre un paiement de service avec votre demande de visa. Il s&rsquo;agit d&rsquo;un co\u00fbt distinct des frais de visa, que vous paierez probablement en personne, lors de votre rendez-vous d&rsquo;entretien ult\u00e9rieur dans un centre de demande de visa. Veuillez noter que ces frais ne sont pas remboursables.<\/li><li>Soumettez votre candidature.<\/li><li>Prenez un rendez-vous pour votre entretien. Les entretiens sont men\u00e9s en personne \u00e0 l&rsquo;ambassade ou au consulat du pays dans lequel vous postulez, ou dans un centre de demande de visa associ\u00e9 au consulat du pays dans lequel vous postulez.<\/li><\/ol><h3>Quand postuler ?<\/h3><ul><li>Vous devez demander un visa Schengen d\u2019affaires au moins 15 jours avant le jour de votre voyage et au plus t\u00f4t 6 mois avant votre d\u00e9part.<\/li><\/ul><h3>O\u00f9 postuler<\/h3><ul><li>Vous devez demander le visa Schengen d\u2019affaires aupr\u00e8s de l&rsquo;ambassade ou du consulat du pays dans lequel vous vous rendez dans la zone Schengen, ou via un centre de demande de visa associ\u00e9 au consulat du pays.<\/li><li>Si vous comptez voyager dans plusieurs pays de la zone Schengen, vous devez en faire la demande aupr\u00e8s de l&rsquo;ambassade, du consulat ou du centre de demande de visa associ\u00e9 du pays dans lequel vous passerez le plus de temps. Et si vous pr\u00e9voyez de passer une p\u00e9riode de temps \u00e9gale dans ces diff\u00e9rents pays, vous devez faire une demande \u00e0 l&rsquo;ambassade, au consulat ou au centre de demande de visa associ\u00e9 du pays o\u00f9 vous arriverez en premier.<\/li><\/ul><h3>\u00a0\u00a0 La dur\u00e9e de traitement<\/h3><ul><li>La dur\u00e9e de traitement pour un visa d&rsquo;affaires Schengen est g\u00e9n\u00e9ralement d&rsquo;environ deux semaines (15 jours). Rarement, les consulats peuvent prendre entre 30 et 60 jours pour rendre une d\u00e9cision sur une demande.<\/li><\/ul>\t\t\t\t\t\t\t\t<\/div>\n\t\t\t\t<\/div>\n\t\t\t\t\t<\/div>\n\t\t<\/div>\n\t\t\t\t\t<\/div>\n\t\t<\/section>\n\t\t\t\t<\/div>\n\t\t","protected":false},"excerpt":{"rendered":"<p>Si vous voyagez principalement pour affaires, vous devez demander un visa Schengen d\u2019affaires. Qu&rsquo;est-ce qu&rsquo;un<a class=\"read-more-text pl-2\" href=\"https:\/\/www.schengenvisas.com\/fr\/visa-schengen-daffaires\/\">[Lire la suite&#8230;]<\/a><\/p>\n","protected":false},"author":15,"featured_media":0,"parent":0,"menu_order":0,"comment_status":"closed","ping_status":"closed","template":"","meta":{"_acf_changed":false,"inline_featured_image":false,"footnotes":""},"class_list":["post-8606","page","type-page","status-publish","hentry","entry"],"acf":[],"yoast_head":"<!-- This site is optimized with the Yoast SEO Premium plugin v24.1 (Yoast SEO v24.1) - https:\/\/yoast.com\/wordpress\/plugins\/seo\/ -->\n<title>Visa d&#039;affaires Schengen | Conditions et \u00e9ligibilit\u00e9 pour le visa d&#039;affaires<\/title>\n<meta name=\"description\" content=\"Visa Schengen d&#039;affaires | Selon le type d&#039;activit\u00e9 pour votre voyage en Europe, vous devrez peut-\u00eatre demander un visa Schengen d&#039;affaires.\" \/>\n<meta name=\"robots\" content=\"index, follow, max-snippet:-1, max-image-preview:large, max-video-preview:-1\" \/>\n<link rel=\"canonical\" href=\"https:\/\/www.schengenvisas.com\/fr\/wp-json\/wp\/v2\/pages\/8606\" \/>\n<meta property=\"og:locale\" content=\"fr_FR\" \/>\n<meta property=\"og:type\" content=\"article\" \/>\n<meta property=\"og:title\" content=\"Visa Schengen d\u2019Affaires\" \/>\n<meta property=\"og:description\" content=\"Visa Schengen d&#039;affaires | Selon le type d&#039;activit\u00e9 pour votre voyage en Europe, vous devrez peut-\u00eatre demander un visa Schengen d&#039;affaires.\" \/>\n<meta property=\"og:url\" content=\"https:\/\/www.schengenvisas.com\/fr\/visa-schengen-daffaires\/\" \/>\n<meta property=\"og:site_name\" content=\"Schengen Visas\" \/>\n<meta property=\"article:modified_time\" content=\"2021-07-03T20:36:02+00:00\" \/>\n<meta name=\"twitter:card\" content=\"summary_large_image\" \/>\n<meta name=\"twitter:label1\" content=\"Dur\u00e9e de lecture estim\u00e9e\" \/>\n\t<meta name=\"twitter:data1\" content=\"3 minutes\" \/>\n<script type=\"application\/ld+json\" class=\"yoast-schema-graph\">{\"@context\":\"https:\/\/schema.org\",\"@graph\":[{\"@type\":\"WebPage\",\"@id\":\"https:\/\/www.schengenvisas.com\/fr\/visa-schengen-daffaires\/\",\"url\":\"https:\/\/www.schengenvisas.com\/fr\/visa-schengen-daffaires\/\",\"name\":\"Visa d'affaires Schengen | Conditions et \u00e9ligibilit\u00e9 pour le visa d'affaires\",\"isPartOf\":{\"@id\":\"https:\/\/www.schengenvisas.com\/#website\"},\"datePublished\":\"2020-01-20T07:14:30+00:00\",\"dateModified\":\"2021-07-03T20:36:02+00:00\",\"description\":\"Visa Schengen d'affaires | Selon le type d'activit\u00e9 pour votre voyage en Europe, vous devrez peut-\u00eatre demander un visa Schengen d'affaires.\",\"breadcrumb\":{\"@id\":\"https:\/\/www.schengenvisas.com\/fr\/visa-schengen-daffaires\/#breadcrumb\"},\"inLanguage\":\"fr-FR\",\"potentialAction\":[{\"@type\":\"ReadAction\",\"target\":[\"https:\/\/www.schengenvisas.com\/fr\/visa-schengen-daffaires\/\"]}]},{\"@type\":\"BreadcrumbList\",\"@id\":\"https:\/\/www.schengenvisas.com\/fr\/visa-schengen-daffaires\/#breadcrumb\",\"itemListElement\":[{\"@type\":\"ListItem\",\"position\":1,\"name\":\"Home\",\"item\":\"https:\/\/www.schengenvisas.com\/\"},{\"@type\":\"ListItem\",\"position\":2,\"name\":\"Visa Schengen d\u2019Affaires\"}]},{\"@type\":\"WebSite\",\"@id\":\"https:\/\/www.schengenvisas.com\/#website\",\"url\":\"https:\/\/www.schengenvisas.com\/\",\"name\":\"Schengen Visas\",\"description\":\"Schengen Visa Application Services\",\"publisher\":{\"@id\":\"https:\/\/www.schengenvisas.com\/#organization\"},\"potentialAction\":[{\"@type\":\"SearchAction\",\"target\":{\"@type\":\"EntryPoint\",\"urlTemplate\":\"https:\/\/www.schengenvisas.com\/?s={search_term_string}\"},\"query-input\":{\"@type\":\"PropertyValueSpecification\",\"valueRequired\":true,\"valueName\":\"search_term_string\"}}],\"inLanguage\":\"fr-FR\"},{\"@type\":\"Organization\",\"@id\":\"https:\/\/www.schengenvisas.com\/#organization\",\"name\":\"Schengen Visas\",\"url\":\"https:\/\/www.schengenvisas.com\/\",\"logo\":{\"@type\":\"ImageObject\",\"inLanguage\":\"fr-FR\",\"@id\":\"https:\/\/www.schengenvisas.com\/#\/schema\/logo\/image\/\",\"url\":\"https:\/\/www.schengenvisas.com\/wp-content\/uploads\/2023\/03\/logo.svg\",\"contentUrl\":\"https:\/\/www.schengenvisas.com\/wp-content\/uploads\/2023\/03\/logo.svg\",\"width\":894,\"height\":123,\"caption\":\"Schengen Visas\"},\"image\":{\"@id\":\"https:\/\/www.schengenvisas.com\/#\/schema\/logo\/image\/\"}}]}<\/script>\n<!-- \/ Yoast SEO Premium plugin. -->","yoast_head_json":{"title":"Visa d'affaires Schengen | Conditions et \u00e9ligibilit\u00e9 pour le visa d'affaires","description":"Visa Schengen d'affaires | Selon le type d'activit\u00e9 pour votre voyage en Europe, vous devrez peut-\u00eatre demander un visa Schengen d'affaires.","robots":{"index":"index","follow":"follow","max-snippet":"max-snippet:-1","max-image-preview":"max-image-preview:large","max-video-preview":"max-video-preview:-1"},"canonical":"https:\/\/www.schengenvisas.com\/fr\/wp-json\/wp\/v2\/pages\/8606","og_locale":"fr_FR","og_type":"article","og_title":"Visa Schengen d\u2019Affaires","og_description":"Visa Schengen d'affaires | Selon le type d'activit\u00e9 pour votre voyage en Europe, vous devrez peut-\u00eatre demander un visa Schengen d'affaires.","og_url":"https:\/\/www.schengenvisas.com\/fr\/visa-schengen-daffaires\/","og_site_name":"Schengen Visas","article_modified_time":"2021-07-03T20:36:02+00:00","twitter_card":"summary_large_image","twitter_misc":{"Dur\u00e9e de lecture estim\u00e9e":"3 minutes"},"schema":{"@context":"https:\/\/schema.org","@graph":[{"@type":"WebPage","@id":"https:\/\/www.schengenvisas.com\/fr\/visa-schengen-daffaires\/","url":"https:\/\/www.schengenvisas.com\/fr\/visa-schengen-daffaires\/","name":"Visa d'affaires Schengen | Conditions et \u00e9ligibilit\u00e9 pour le visa d'affaires","isPartOf":{"@id":"https:\/\/www.schengenvisas.com\/#website"},"datePublished":"2020-01-20T07:14:30+00:00","dateModified":"2021-07-03T20:36:02+00:00","description":"Visa Schengen d'affaires | Selon le type d'activit\u00e9 pour votre voyage en Europe, vous devrez peut-\u00eatre demander un visa Schengen d'affaires.","breadcrumb":{"@id":"https:\/\/www.schengenvisas.com\/fr\/visa-schengen-daffaires\/#breadcrumb"},"inLanguage":"fr-FR","potentialAction":[{"@type":"ReadAction","target":["https:\/\/www.schengenvisas.com\/fr\/visa-schengen-daffaires\/"]}]},{"@type":"BreadcrumbList","@id":"https:\/\/www.schengenvisas.com\/fr\/visa-schengen-daffaires\/#breadcrumb","itemListElement":[{"@type":"ListItem","position":1,"name":"Home","item":"https:\/\/www.schengenvisas.com\/"},{"@type":"ListItem","position":2,"name":"Visa Schengen d\u2019Affaires"}]},{"@type":"WebSite","@id":"https:\/\/www.schengenvisas.com\/#website","url":"https:\/\/www.schengenvisas.com\/","name":"Schengen Visas","description":"Schengen Visa Application Services","publisher":{"@id":"https:\/\/www.schengenvisas.com\/#organization"},"potentialAction":[{"@type":"SearchAction","target":{"@type":"EntryPoint","urlTemplate":"https:\/\/www.schengenvisas.com\/?s={search_term_string}"},"query-input":{"@type":"PropertyValueSpecification","valueRequired":true,"valueName":"search_term_string"}}],"inLanguage":"fr-FR"},{"@type":"Organization","@id":"https:\/\/www.schengenvisas.com\/#organization","name":"Schengen Visas","url":"https:\/\/www.schengenvisas.com\/","logo":{"@type":"ImageObject","inLanguage":"fr-FR","@id":"https:\/\/www.schengenvisas.com\/#\/schema\/logo\/image\/","url":"https:\/\/www.schengenvisas.com\/wp-content\/uploads\/2023\/03\/logo.svg","contentUrl":"https:\/\/www.schengenvisas.com\/wp-content\/uploads\/2023\/03\/logo.svg","width":894,"height":123,"caption":"Schengen Visas"},"image":{"@id":"https:\/\/www.schengenvisas.com\/#\/schema\/logo\/image\/"}}]}},"_links":{"self":[{"href":"https:\/\/www.schengenvisas.com\/fr\/wp-json\/wp\/v2\/pages\/8606","targetHints":{"allow":["GET"]}}],"collection":[{"href":"https:\/\/www.schengenvisas.com\/fr\/wp-json\/wp\/v2\/pages"}],"about":[{"href":"https:\/\/www.schengenvisas.com\/fr\/wp-json\/wp\/v2\/types\/page"}],"author":[{"embeddable":true,"href":"https:\/\/www.schengenvisas.com\/fr\/wp-json\/wp\/v2\/users\/15"}],"replies":[{"embeddable":true,"href":"https:\/\/www.schengenvisas.com\/fr\/wp-json\/wp\/v2\/comments?post=8606"}],"version-history":[{"count":0,"href":"https:\/\/www.schengenvisas.com\/fr\/wp-json\/wp\/v2\/pages\/8606\/revisions"}],"wp:attachment":[{"href":"https:\/\/www.schengenvisas.com\/fr\/wp-json\/wp\/v2\/media?parent=8606"}],"curies":[{"name":"wp","href":"https:\/\/api.w.org\/{rel}","templated":true}]}}