{"id":8608,"date":"2020-01-23T11:33:45","date_gmt":"2020-01-23T11:33:45","guid":{"rendered":"https:\/\/www.schengenvisas.com\/schengen-cultural-visa\/"},"modified":"2022-03-27T13:18:47","modified_gmt":"2022-03-27T09:18:47","slug":"visa-schengen-culturel","status":"publish","type":"page","link":"https:\/\/www.schengenvisas.com\/fr\/visa-schengen-culturel\/","title":{"rendered":"Visa Schengen culturel"},"content":{"rendered":"\t\t<div data-elementor-type=\"wp-page\" data-elementor-id=\"8608\" class=\"elementor elementor-8608 elementor-566\" data-elementor-post-type=\"page\">\n\t\t\t\t\t\t<section class=\"elementor-section elementor-top-section elementor-element elementor-element-6ad43e65 elementor-section-boxed elementor-section-height-default elementor-section-height-default\" data-id=\"6ad43e65\" data-element_type=\"section\">\n\t\t\t\t\t\t<div class=\"elementor-container elementor-column-gap-default\">\n\t\t\t\t\t<div class=\"elementor-column elementor-col-100 elementor-top-column elementor-element elementor-element-50f72f02\" data-id=\"50f72f02\" data-element_type=\"column\">\n\t\t\t<div class=\"elementor-widget-wrap elementor-element-populated\">\n\t\t\t\t\t\t<div class=\"elementor-element elementor-element-28a74adc elementor-widget elementor-widget-text-editor\" data-id=\"28a74adc\" data-element_type=\"widget\" data-widget_type=\"text-editor.default\">\n\t\t\t\t<div class=\"elementor-widget-container\">\n\t\t\t\t\t\t\t\t\t<p>Si vous voyagez principalement pour des objectifs culturels, c.-\u00e0-d. pour participer \u00e0 des \u00e9v\u00e9nements culturels, vous devez demander un visa culturel Schengen.<\/p><h2>Qu&rsquo;est-ce qu&rsquo;un visa Schengen culturel ?<\/h2><ul><li>Une sorte de visa de court s\u00e9jour (Type-C) vous permettant d&rsquo;acc\u00e9der \u00e0 la zone Schengen jusqu&rsquo;\u00e0 90 jours sur une p\u00e9riode de 180 jours \u00e0 des fins culturelles.<\/li><\/ul><h2>Admissibilit\u00e9 : qui peut postuler\u00a0?<\/h2><ul><li>Les ressortissants d&rsquo;un pays tiers exclus de l&rsquo;acc\u00e8s sans visa ou des visas \u00e0 l&rsquo;arriv\u00e9e dans la zone Schengen qui ont une raison l\u00e9gitime, valable et document\u00e9e de se rendre dans la zone Schengen \u00e0 des fins culturelles sont \u00e9ligibles pour demander un visa culturel Schengen.<\/li><\/ul><h2>Documents requis<\/h2><ul><li>En plus des <a href=\"https:\/\/www.schengenvisas.com\/fr\/exigences-des-demandes-de-visa-schengen\/\"><strong><u>documents de base requis<\/u><\/strong><\/a>, vous devrez fournir des documents contenant des informations sur la raison de votre voyage, y compris des informations sur votre s\u00e9jour en tant que membre d&rsquo;un programme culturel\/organisation\/artiste dans la zone Schengen, y compris les \u00e9l\u00e9ments suivants :<ul><li>Lettre de l&rsquo;association culturelle locale pertinente de votre pays de r\u00e9sidence, y compris son nom, adresse compl\u00e8te, coordonn\u00e9es, qui indique \u00e9galement votre r\u00f4le au sein de l&rsquo;organisation (artiste, instructeur, etc.), la date \u00e0 laquelle vous avez rejoint l&rsquo;association\/l&rsquo;organisation, la nature\/les conditions de votre indemnit\u00e9 (le cas \u00e9ch\u00e9ant) et une garantie que vous ne chercherez pas d&#8217;emploi pendant votre s\u00e9jour dans votre pays de destination.<\/li><\/ul><\/li><\/ul><p>Si vous \u00eates : ARTISTE\/membre d&rsquo;une association culturelle de votre pays de r\u00e9sidence voyageant pour un \u00e9v\u00e9nement culturel organis\u00e9 en coop\u00e9ration avec l&rsquo;association culturelle de votre pays de destination:<\/p><ol><li>Lettre de l&rsquo;association culturelle de votre pays de r\u00e9sidence concern\u00e9e fournissant des informations sur l&rsquo;\u00e9v\u00e9nement auquel vous participerez dans votre pays de destination, y compris des informations d\u00e9taill\u00e9es sur l&rsquo;h\u00f4te\/l&rsquo;organisateur de l&rsquo;\u00e9v\u00e9nement (notamment son adresse compl\u00e8te), la dur\u00e9e et l&rsquo;itin\u00e9raire de l&rsquo;\u00e9v\u00e9nement, le but d\u00e9clar\u00e9 de l&rsquo;\u00e9v\u00e9nement et la description de la fa\u00e7on dont vos d\u00e9penses li\u00e9es au voyage et \u00e0 l&rsquo;h\u00e9bergement seront pay\u00e9es (si vous paierez vos d\u00e9penses de votre poche, ou si l&rsquo;h\u00f4te\/l&rsquo;organisation de l&rsquo;\u00e9v\u00e9nement\/quelqu&rsquo;un d&rsquo;autre prendra en charge vos frais de participation.<\/li><li>Lettre de l&rsquo;association culturelle locale de votre pays de destination, y compris son adresse compl\u00e8te, indiquant le partenaire de coop\u00e9ration, la dur\u00e9e de l&rsquo;\u00e9v\u00e9nement et l&rsquo;itin\u00e9raire.<\/li><\/ol><h2>Comment postuler<\/h2><ol><li>D\u00e9terminez le pays Schengen o\u00f9 vous passerez le plus de temps lors de votre voyage. Vous demanderez le visa culturel Schengen via le consulat de ce pays.<\/li><li>S\u00e9lectionnez <strong>\u201cCulturel\u201c<\/strong>\u00a0comme motif du voyage.<\/li><li>D\u00e9terminez le nombre d &lsquo; <strong>\u201centr\u00e9es\u201c<\/strong>\u00a0dont vous avez besoin dans la zone Schengen.<\/li><li>Rassemblez vos <strong>documents de base requis<\/strong>, ainsi que les documents requis pour un visa culturel.<\/li><li>Remplissez votre <a href=\"https:\/\/www.schengenvisas.com\/fr\/telecharger-le-formulaire-de-demande-de-visa-schengen\/\"><strong><u>candidature<\/u><\/strong><\/a>. La mani\u00e8re d&rsquo;acc\u00e9der aux applications d\u00e9pend du pays Schengen ; vous devrez peut-\u00eatre utiliser un portail de candidature en ligne ou remplir manuellement un formulaire d\u2019application imprim\u00e9.<\/li><li>Payez les <a href=\"https:\/\/www.schengenvisas.com\/fr\/frais-de-visa-schengen\/\"><strong><u>frais de dossier<\/u><\/strong><\/a> (le tarif standard pour les adultes est de 80 euros). Vous devrez probablement soumettre un paiement de service avec votre demande de visa. Il s&rsquo;agit d&rsquo;un co\u00fbt distinct des frais de visa, que vous paierez probablement en personne, lors de votre rendez-vous d&rsquo;entretien dans un centre de demande de visa. Veuillez noter que ces frais ne sont pas remboursables.<\/li><li>Envoyez votre candidature.<\/li><li>Prenez rendez-vous pour un entretien. Les entretiens sont men\u00e9s en personne \u00e0 l&rsquo;ambassade ou au consulat du pays dans lequel vous postulez, ou dans un centre de demande de visa associ\u00e9 au consulat du pays dans lequel vous postulez.<\/li><\/ol><h3>Quand postuler\u00a0?<\/h3><ul><li>Vous devez demander un visa culturel Schengen au moins 15 jours avant la date de votre voyage et au plus t\u00f4t 6 mois avant votre d\u00e9part.<\/li><\/ul><h3>O\u00f9 postuler\u00a0?<\/h3><ul><li>Vous devez demander le visa Schengen culturel aupr\u00e8s de l&rsquo;ambassade ou du consulat du pays dans lequel vous vous rendez dans la zone Schengen, ou via un centre de demande de visa associ\u00e9 au consulat du pays.<\/li><li>Si vous voyagez dans plusieurs pays de la zone Schengen, vous devez en faire la demande aupr\u00e8s de l&rsquo;ambassade, du consulat ou du centre de demande de visa associ\u00e9 du pays dans lequel vous passerez le plus de temps. Et si vous pr\u00e9voyez de passer une p\u00e9riode de temps \u00e9gale dans ces multiples pays, vous devez faire une demande \u00e0 l&rsquo;ambassade, au consulat ou au centre de demande de visa associ\u00e9 du pays o\u00f9 vous arriverez en premier.<\/li><\/ul><h2>Dur\u00e9e de traitement<\/h2><ul><li>La dur\u00e9e de traitement d&rsquo;un visa culturel Schengen est g\u00e9n\u00e9ralement d&rsquo;environ deux semaines (15 jours). Rarement, les consulats peuvent prendre entre 30 et 60 jours pour rendre une d\u00e9cision sur une demande.<\/li><\/ul>\t\t\t\t\t\t\t\t<\/div>\n\t\t\t\t<\/div>\n\t\t\t\t\t<\/div>\n\t\t<\/div>\n\t\t\t\t\t<\/div>\n\t\t<\/section>\n\t\t\t\t<\/div>\n\t\t","protected":false},"excerpt":{"rendered":"<p>Si vous voyagez principalement pour des objectifs culturels, c.-\u00e0-d. pour participer \u00e0 des \u00e9v\u00e9nements culturels,<a class=\"read-more-text pl-2\" href=\"https:\/\/www.schengenvisas.com\/fr\/visa-schengen-culturel\/\">[Lire la suite&#8230;]<\/a><\/p>\n","protected":false},"author":15,"featured_media":0,"parent":0,"menu_order":0,"comment_status":"closed","ping_status":"closed","template":"","meta":{"_acf_changed":false,"inline_featured_image":false,"footnotes":""},"class_list":["post-8608","page","type-page","status-publish","hentry","entry"],"acf":[],"yoast_head":"<!-- This site is optimized with the Yoast SEO Premium plugin v24.1 (Yoast SEO v24.1) - https:\/\/yoast.com\/wordpress\/plugins\/seo\/ -->\n<title>Visa Schengen pour raisons culturelles<\/title>\n<meta name=\"description\" content=\"Motifs du visa culturel Schengen | Le visa culturel Schengen permet \u00e0 son titulaire d&#039;entrer dans l&#039;espace Schengen pour des raisons culturelles\" \/>\n<meta name=\"robots\" content=\"index, follow, max-snippet:-1, max-image-preview:large, max-video-preview:-1\" \/>\n<link rel=\"canonical\" href=\"https:\/\/www.schengenvisas.com\/fr\/wp-json\/wp\/v2\/pages\/8608\" \/>\n<meta property=\"og:locale\" content=\"fr_FR\" \/>\n<meta property=\"og:type\" content=\"article\" \/>\n<meta property=\"og:title\" content=\"Visa Schengen culturel\" \/>\n<meta property=\"og:description\" content=\"Motifs du visa culturel Schengen | Le visa culturel Schengen permet \u00e0 son titulaire d&#039;entrer dans l&#039;espace Schengen pour des raisons culturelles\" \/>\n<meta property=\"og:url\" content=\"https:\/\/www.schengenvisas.com\/fr\/visa-schengen-culturel\/\" \/>\n<meta property=\"og:site_name\" content=\"Schengen Visas\" \/>\n<meta property=\"article:modified_time\" content=\"2022-03-27T09:18:47+00:00\" \/>\n<meta name=\"twitter:card\" content=\"summary_large_image\" \/>\n<meta name=\"twitter:label1\" content=\"Dur\u00e9e de lecture estim\u00e9e\" \/>\n\t<meta name=\"twitter:data1\" content=\"4 minutes\" \/>\n<script type=\"application\/ld+json\" class=\"yoast-schema-graph\">{\"@context\":\"https:\/\/schema.org\",\"@graph\":[{\"@type\":\"WebPage\",\"@id\":\"https:\/\/www.schengenvisas.com\/fr\/visa-schengen-culturel\/\",\"url\":\"https:\/\/www.schengenvisas.com\/fr\/visa-schengen-culturel\/\",\"name\":\"Visa Schengen pour raisons culturelles\",\"isPartOf\":{\"@id\":\"https:\/\/www.schengenvisas.com\/#website\"},\"datePublished\":\"2020-01-23T11:33:45+00:00\",\"dateModified\":\"2022-03-27T09:18:47+00:00\",\"description\":\"Motifs du visa culturel Schengen | Le visa culturel Schengen permet \u00e0 son titulaire d'entrer dans l'espace Schengen pour des raisons culturelles\",\"breadcrumb\":{\"@id\":\"https:\/\/www.schengenvisas.com\/fr\/visa-schengen-culturel\/#breadcrumb\"},\"inLanguage\":\"fr-FR\",\"potentialAction\":[{\"@type\":\"ReadAction\",\"target\":[\"https:\/\/www.schengenvisas.com\/fr\/visa-schengen-culturel\/\"]}]},{\"@type\":\"BreadcrumbList\",\"@id\":\"https:\/\/www.schengenvisas.com\/fr\/visa-schengen-culturel\/#breadcrumb\",\"itemListElement\":[{\"@type\":\"ListItem\",\"position\":1,\"name\":\"Home\",\"item\":\"https:\/\/www.schengenvisas.com\/\"},{\"@type\":\"ListItem\",\"position\":2,\"name\":\"Visa Schengen culturel\"}]},{\"@type\":\"WebSite\",\"@id\":\"https:\/\/www.schengenvisas.com\/#website\",\"url\":\"https:\/\/www.schengenvisas.com\/\",\"name\":\"Schengen Visas\",\"description\":\"Schengen Visa Application Services\",\"publisher\":{\"@id\":\"https:\/\/www.schengenvisas.com\/#organization\"},\"potentialAction\":[{\"@type\":\"SearchAction\",\"target\":{\"@type\":\"EntryPoint\",\"urlTemplate\":\"https:\/\/www.schengenvisas.com\/?s={search_term_string}\"},\"query-input\":{\"@type\":\"PropertyValueSpecification\",\"valueRequired\":true,\"valueName\":\"search_term_string\"}}],\"inLanguage\":\"fr-FR\"},{\"@type\":\"Organization\",\"@id\":\"https:\/\/www.schengenvisas.com\/#organization\",\"name\":\"Schengen Visas\",\"url\":\"https:\/\/www.schengenvisas.com\/\",\"logo\":{\"@type\":\"ImageObject\",\"inLanguage\":\"fr-FR\",\"@id\":\"https:\/\/www.schengenvisas.com\/#\/schema\/logo\/image\/\",\"url\":\"https:\/\/www.schengenvisas.com\/wp-content\/uploads\/2023\/03\/logo.svg\",\"contentUrl\":\"https:\/\/www.schengenvisas.com\/wp-content\/uploads\/2023\/03\/logo.svg\",\"width\":894,\"height\":123,\"caption\":\"Schengen Visas\"},\"image\":{\"@id\":\"https:\/\/www.schengenvisas.com\/#\/schema\/logo\/image\/\"}}]}<\/script>\n<!-- \/ Yoast SEO Premium plugin. -->","yoast_head_json":{"title":"Visa Schengen pour raisons culturelles","description":"Motifs du visa culturel Schengen | Le visa culturel Schengen permet \u00e0 son titulaire d'entrer dans l'espace Schengen pour des raisons culturelles","robots":{"index":"index","follow":"follow","max-snippet":"max-snippet:-1","max-image-preview":"max-image-preview:large","max-video-preview":"max-video-preview:-1"},"canonical":"https:\/\/www.schengenvisas.com\/fr\/wp-json\/wp\/v2\/pages\/8608","og_locale":"fr_FR","og_type":"article","og_title":"Visa Schengen culturel","og_description":"Motifs du visa culturel Schengen | Le visa culturel Schengen permet \u00e0 son titulaire d'entrer dans l'espace Schengen pour des raisons culturelles","og_url":"https:\/\/www.schengenvisas.com\/fr\/visa-schengen-culturel\/","og_site_name":"Schengen Visas","article_modified_time":"2022-03-27T09:18:47+00:00","twitter_card":"summary_large_image","twitter_misc":{"Dur\u00e9e de lecture estim\u00e9e":"4 minutes"},"schema":{"@context":"https:\/\/schema.org","@graph":[{"@type":"WebPage","@id":"https:\/\/www.schengenvisas.com\/fr\/visa-schengen-culturel\/","url":"https:\/\/www.schengenvisas.com\/fr\/visa-schengen-culturel\/","name":"Visa Schengen pour raisons culturelles","isPartOf":{"@id":"https:\/\/www.schengenvisas.com\/#website"},"datePublished":"2020-01-23T11:33:45+00:00","dateModified":"2022-03-27T09:18:47+00:00","description":"Motifs du visa culturel Schengen | Le visa culturel Schengen permet \u00e0 son titulaire d'entrer dans l'espace Schengen pour des raisons culturelles","breadcrumb":{"@id":"https:\/\/www.schengenvisas.com\/fr\/visa-schengen-culturel\/#breadcrumb"},"inLanguage":"fr-FR","potentialAction":[{"@type":"ReadAction","target":["https:\/\/www.schengenvisas.com\/fr\/visa-schengen-culturel\/"]}]},{"@type":"BreadcrumbList","@id":"https:\/\/www.schengenvisas.com\/fr\/visa-schengen-culturel\/#breadcrumb","itemListElement":[{"@type":"ListItem","position":1,"name":"Home","item":"https:\/\/www.schengenvisas.com\/"},{"@type":"ListItem","position":2,"name":"Visa Schengen culturel"}]},{"@type":"WebSite","@id":"https:\/\/www.schengenvisas.com\/#website","url":"https:\/\/www.schengenvisas.com\/","name":"Schengen Visas","description":"Schengen Visa Application Services","publisher":{"@id":"https:\/\/www.schengenvisas.com\/#organization"},"potentialAction":[{"@type":"SearchAction","target":{"@type":"EntryPoint","urlTemplate":"https:\/\/www.schengenvisas.com\/?s={search_term_string}"},"query-input":{"@type":"PropertyValueSpecification","valueRequired":true,"valueName":"search_term_string"}}],"inLanguage":"fr-FR"},{"@type":"Organization","@id":"https:\/\/www.schengenvisas.com\/#organization","name":"Schengen Visas","url":"https:\/\/www.schengenvisas.com\/","logo":{"@type":"ImageObject","inLanguage":"fr-FR","@id":"https:\/\/www.schengenvisas.com\/#\/schema\/logo\/image\/","url":"https:\/\/www.schengenvisas.com\/wp-content\/uploads\/2023\/03\/logo.svg","contentUrl":"https:\/\/www.schengenvisas.com\/wp-content\/uploads\/2023\/03\/logo.svg","width":894,"height":123,"caption":"Schengen Visas"},"image":{"@id":"https:\/\/www.schengenvisas.com\/#\/schema\/logo\/image\/"}}]}},"_links":{"self":[{"href":"https:\/\/www.schengenvisas.com\/fr\/wp-json\/wp\/v2\/pages\/8608","targetHints":{"allow":["GET"]}}],"collection":[{"href":"https:\/\/www.schengenvisas.com\/fr\/wp-json\/wp\/v2\/pages"}],"about":[{"href":"https:\/\/www.schengenvisas.com\/fr\/wp-json\/wp\/v2\/types\/page"}],"author":[{"embeddable":true,"href":"https:\/\/www.schengenvisas.com\/fr\/wp-json\/wp\/v2\/users\/15"}],"replies":[{"embeddable":true,"href":"https:\/\/www.schengenvisas.com\/fr\/wp-json\/wp\/v2\/comments?post=8608"}],"version-history":[{"count":0,"href":"https:\/\/www.schengenvisas.com\/fr\/wp-json\/wp\/v2\/pages\/8608\/revisions"}],"wp:attachment":[{"href":"https:\/\/www.schengenvisas.com\/fr\/wp-json\/wp\/v2\/media?parent=8608"}],"curies":[{"name":"wp","href":"https:\/\/api.w.org\/{rel}","templated":true}]}}