{"id":8609,"date":"2020-01-31T19:32:46","date_gmt":"2020-01-31T19:32:46","guid":{"rendered":"https:\/\/www.schengenvisas.com\/spouse-visa\/"},"modified":"2021-08-26T01:02:10","modified_gmt":"2021-08-25T21:02:10","slug":"visa-schengen-pour-conjoint","status":"publish","type":"page","link":"https:\/\/www.schengenvisas.com\/fr\/visa-schengen-pour-conjoint\/","title":{"rendered":"Visa Schengen pour conjoint"},"content":{"rendered":"\t\t<div data-elementor-type=\"wp-page\" data-elementor-id=\"8609\" class=\"elementor elementor-8609 elementor-709\" data-elementor-post-type=\"page\">\n\t\t\t\t\t\t<section class=\"elementor-section elementor-top-section elementor-element elementor-element-43e106c3 elementor-section-boxed elementor-section-height-default elementor-section-height-default\" data-id=\"43e106c3\" data-element_type=\"section\">\n\t\t\t\t\t\t<div class=\"elementor-container elementor-column-gap-default\">\n\t\t\t\t\t<div class=\"elementor-column elementor-col-100 elementor-top-column elementor-element elementor-element-3666286c\" data-id=\"3666286c\" data-element_type=\"column\">\n\t\t\t<div class=\"elementor-widget-wrap elementor-element-populated\">\n\t\t\t\t\t\t<div class=\"elementor-element elementor-element-1921ccaf elementor-widget elementor-widget-text-editor\" data-id=\"1921ccaf\" data-element_type=\"widget\" data-widget_type=\"text-editor.default\">\n\t\t\t\t<div class=\"elementor-widget-container\">\n\t\t\t\t\t\t\t\t\t<p>Si vous voyagez dans la zone Schengen en tant que conjoint d&rsquo;un citoyen UE., vous devez demander le <strong>visa Schengen pour conjoint europ\u00e9en.<\/strong><strong style=\"color: var( --e-global-color-text );\">&nbsp;<\/strong><\/p>\n<h2>Qu&rsquo;est-ce qu&rsquo;un visa Schengen pour conjoint europ\u00e9en ?<\/h2>\n<ul>\n<li>Une sorte de visa de courte dur\u00e9e (type C) vous permettant d&rsquo;acc\u00e9der \u00e0 la zone Schengen jusqu&rsquo;\u00e0 90 jours sur une p\u00e9riode de 180 jours en tant que conjoint d&rsquo;un citoyen UE.<\/li>\n<\/ul>\n<h2>Admissibilit\u00e9 : Qui peut demander un visa Schengen pour conjoint europ\u00e9en ?<\/h2>\n<ul>\n<li>Toute personne qui est le conjoint valide d&rsquo;un citoyen UE peut demander le visa Schengen pour conjoint europ\u00e9en.<\/li>\n<\/ul>\n<h2>Documents requis<\/h2>\n<ul>\n<li>En plus des <strong><u><a href=\"https:\/\/www.schengenvisas.com\/fr\/exigences-des-demandes-de-visa-schengen\/\">documents de base requis<\/a>,<\/u><\/strong> pour demander le visa Schengen pour conjoint europ\u00e9en, vous devrez fournir une preuve de la nationalit\u00e9 de votre conjoint ainsi qu&rsquo;une preuve de votre mariage avec lui, y compris, mais sans s&rsquo;y limiter, les \u00e9l\u00e9ments suivants :\n<ul>\n<li>Copie du passeport de votre conjoint et\/ou ;<\/li>\n<li>Copie de la carte d&rsquo;identit\u00e9 nationale de votre conjoint.<\/li>\n<li>Copie de votre certificat de mariage (\u00e0 votre conjoint UE) du pays de votre conjoint et du v\u00f4tre.<\/li>\n<li>Lettre du conjoint indiquant la raison et la dur\u00e9e du voyage et l&rsquo;adresse respective du s\u00e9jour dans le ou les \u00c9tat(s) Schengen.<\/li>\n<\/ul>\n<\/li>\n<\/ul>\n<h3>Comment postuler&nbsp;?<\/h3>\n<ol>\n<li>D\u00e9terminez le pays Schengen o\u00f9 vous passerez le plus de temps lors de votre voyage. Vous demanderez le visa Schengen pour conjoint europ\u00e9en via le consulat de ce pays.<\/li>\n<li>D\u00e9terminez le nombre d &lsquo; <strong>\u201centr\u00e9es\u201c<\/strong>&nbsp;dont vous avez besoin dans la zone Schengen.<\/li>\n<li>S\u00e9lectionnez <strong>\u201cAutre\u201c<\/strong> comme motif de voyage. Un espace suppl\u00e9mentaire vous permet de fournir de plus amples informations sur la raison de votre voyage. Sous \u201c<strong>Relation familiale avec un citoyen de l&rsquo;UE\u201c<\/strong>, s\u00e9lectionnez <strong>\u201cConjoint\u201c<\/strong>.<\/li>\n<li>Rassemblez vos <a href=\"https:\/\/www.schengenvisas.com\/fr\/exigences-des-demandes-de-visa-schengen\/\"><strong><u>documents de base requis<\/u><\/strong><\/a>, ainsi que les documents requis pour votre visa Schengen pour conjoint europ\u00e9en.<\/li>\n<li>Prenez rendez-vous pour un entretien (le cas \u00e9ch\u00e9ant). En fonction de l&#8217;emplacement du consulat\/de l&rsquo;ambassade ou du centre des visas aupr\u00e8s duquel vous postulez, vous devrez peut-\u00eatre prendre rendez-vous pour soumettre votre demande. Alternativement, vous pourrez peut-\u00eatre d\u00e9poser votre demande sans arrangement pr\u00e9alable, \u00e0 condition de le faire pendant les heures ouvr\u00e9es. Veuillez contacter directement votre consulat\/ambassade pour savoir si vous devez prendre rendez-vous afin de soumettre votre demande.<\/li>\n<li>Remplissez votre <a href=\"https:\/\/www.schengenvisas.com\/fr\/telecharger-le-formulaire-de-demande-de-visa-schengen\/\"><strong><u>candidature<\/u><\/strong><\/a>. La mani\u00e8re d&rsquo;acc\u00e9der aux demandes d\u00e9pend du pays Schengen ; vous devrez peut-\u00eatre utiliser un portail de candidature en ligne ou remplir une candidature \u00e0 la main.<\/li>\n<li><strong>Ne payez PAS les<a href=\"https:\/\/www.schengenvisas.com\/fr\/frais-de-visa-schengen\/\"> frais de dossier<\/a><\/strong>. Veuillez noter que les conjoints des citoyens europ\u00e9ens sont g\u00e9n\u00e9ralement dispens\u00e9s des frais de visa Schengen standard pour les adultes (80 euros). Cependant, si vous postulez aupr\u00e8s d&rsquo;un fournisseur de services de visa, vous devrez probablement soumettre un paiement de service avec votre demande de visa. Il s&rsquo;agit d&rsquo;un co\u00fbt distinct des frais de visa et ce dont les conjoints de citoyens de l&rsquo;UE ne sont pas dispens\u00e9s.<\/li>\n<li><strong>Envoyez votre candidature<\/strong>. Les proc\u00e9dures pour soumettre les demandes varient selon le consulat\/l\u2019ambassade ou le centre de visas. G\u00e9n\u00e9ralement, les candidatures doivent \u00eatre soumises en personne quel que soit l&rsquo;endroit o\u00f9 vous postulez. Lorsque vous soumettez votre demande, il vous sera probablement \u00e9galement demand\u00e9 de soumettre vos empreintes digitales.<\/li>\n<\/ol>\n<h2>Quand postuler&nbsp;?<\/h2>\n<ul>\n<li>Vous devez demander un visa Schengen pour conjoint europ\u00e9en au moins 15 jours avant le jour o\u00f9 vous avez l&rsquo;intention de voyager et au plus t\u00f4t 6 mois avant votre d\u00e9part.<\/li>\n<\/ul>\n<h3>O\u00f9 postuler&nbsp;?<\/h3>\n<ul>\n<li>Vous devez demander le visa Schengen pour conjoint europ\u00e9en via le consulat du pays dans lequel vous vous rendez dans la zone Schengen.<\/li>\n<li>Si vous voyagez dans plusieurs pays de la zone Schengen, vous devez vous adresser au consulat de l&rsquo;\u00c9tat dans lequel vous passerez le plus de temps. Et si vous pr\u00e9voyez de passer une p\u00e9riode de temps \u00e9gale dans ces diff\u00e9rents pays, vous devez faire une demande \u00e0 l&rsquo;ambassade, au consulat ou au centre de demande de visa associ\u00e9 du pays o\u00f9 vous arriverez en premier.<\/li>\n<\/ul>\n<h2>La dur\u00e9e de traitement&nbsp;<\/h2>\n<ul>\n<li>La dur\u00e9e de traitement pour un visa Schengen pour conjoint europ\u00e9en est g\u00e9n\u00e9ralement d&rsquo;environ deux semaines (15 jours). Rarement, les consulats peuvent prendre entre 30 et 60 jours pour rendre une d\u00e9cision sur une demande.<\/li>\n<\/ul>\t\t\t\t\t\t\t\t<\/div>\n\t\t\t\t<\/div>\n\t\t\t\t\t<\/div>\n\t\t<\/div>\n\t\t\t\t\t<\/div>\n\t\t<\/section>\n\t\t\t\t<\/div>\n\t\t","protected":false},"excerpt":{"rendered":"<p>Si vous voyagez dans la zone Schengen en tant que conjoint d&rsquo;un citoyen UE., vous<a class=\"read-more-text pl-2\" href=\"https:\/\/www.schengenvisas.com\/fr\/visa-schengen-pour-conjoint\/\">[Lire la suite&#8230;]<\/a><\/p>\n","protected":false},"author":15,"featured_media":0,"parent":0,"menu_order":0,"comment_status":"closed","ping_status":"closed","template":"","meta":{"_acf_changed":false,"inline_featured_image":false,"footnotes":""},"class_list":["post-8609","page","type-page","status-publish","hentry","entry"],"acf":[],"yoast_head":"<!-- This site is optimized with the Yoast SEO Premium plugin v24.1 (Yoast SEO v24.1) - https:\/\/yoast.com\/wordpress\/plugins\/seo\/ -->\n<title>Visa Schengen pour conjoint | Informations sur le visa Schengen pour conjoint<\/title>\n<meta name=\"description\" content=\"Visa Schengen pour conjoint - R\u00e8gles relatives au visa Schengen pour conjoint, frais de visa, documents requis et suppl\u00e9mentaires et crit\u00e8res d&#039;\u00e9ligibilit\u00e9\" \/>\n<meta name=\"robots\" content=\"index, follow, max-snippet:-1, max-image-preview:large, max-video-preview:-1\" \/>\n<link rel=\"canonical\" href=\"https:\/\/www.schengenvisas.com\/fr\/wp-json\/wp\/v2\/pages\/8609\" \/>\n<meta property=\"og:locale\" content=\"fr_FR\" \/>\n<meta property=\"og:type\" content=\"article\" \/>\n<meta property=\"og:title\" content=\"Visa Schengen pour conjoint\" \/>\n<meta property=\"og:description\" content=\"Visa Schengen pour conjoint - R\u00e8gles relatives au visa Schengen pour conjoint, frais de visa, documents requis et suppl\u00e9mentaires et crit\u00e8res d&#039;\u00e9ligibilit\u00e9\" \/>\n<meta property=\"og:url\" content=\"https:\/\/www.schengenvisas.com\/fr\/visa-schengen-pour-conjoint\/\" \/>\n<meta property=\"og:site_name\" content=\"Schengen Visas\" \/>\n<meta property=\"article:modified_time\" content=\"2021-08-25T21:02:10+00:00\" \/>\n<meta name=\"twitter:card\" content=\"summary_large_image\" \/>\n<meta name=\"twitter:label1\" content=\"Dur\u00e9e de lecture estim\u00e9e\" \/>\n\t<meta name=\"twitter:data1\" content=\"3 minutes\" \/>\n<script type=\"application\/ld+json\" class=\"yoast-schema-graph\">{\"@context\":\"https:\/\/schema.org\",\"@graph\":[{\"@type\":\"WebPage\",\"@id\":\"https:\/\/www.schengenvisas.com\/fr\/visa-schengen-pour-conjoint\/\",\"url\":\"https:\/\/www.schengenvisas.com\/fr\/visa-schengen-pour-conjoint\/\",\"name\":\"Visa Schengen pour conjoint | Informations sur le visa Schengen pour conjoint\",\"isPartOf\":{\"@id\":\"https:\/\/www.schengenvisas.com\/#website\"},\"datePublished\":\"2020-01-31T19:32:46+00:00\",\"dateModified\":\"2021-08-25T21:02:10+00:00\",\"description\":\"Visa Schengen pour conjoint - R\u00e8gles relatives au visa Schengen pour conjoint, frais de visa, documents requis et suppl\u00e9mentaires et crit\u00e8res d'\u00e9ligibilit\u00e9\",\"breadcrumb\":{\"@id\":\"https:\/\/www.schengenvisas.com\/fr\/visa-schengen-pour-conjoint\/#breadcrumb\"},\"inLanguage\":\"fr-FR\",\"potentialAction\":[{\"@type\":\"ReadAction\",\"target\":[\"https:\/\/www.schengenvisas.com\/fr\/visa-schengen-pour-conjoint\/\"]}]},{\"@type\":\"BreadcrumbList\",\"@id\":\"https:\/\/www.schengenvisas.com\/fr\/visa-schengen-pour-conjoint\/#breadcrumb\",\"itemListElement\":[{\"@type\":\"ListItem\",\"position\":1,\"name\":\"Home\",\"item\":\"https:\/\/www.schengenvisas.com\/\"},{\"@type\":\"ListItem\",\"position\":2,\"name\":\"Visa Schengen pour conjoint\"}]},{\"@type\":\"WebSite\",\"@id\":\"https:\/\/www.schengenvisas.com\/#website\",\"url\":\"https:\/\/www.schengenvisas.com\/\",\"name\":\"Schengen Visas\",\"description\":\"Schengen Visa Application Services\",\"publisher\":{\"@id\":\"https:\/\/www.schengenvisas.com\/#organization\"},\"potentialAction\":[{\"@type\":\"SearchAction\",\"target\":{\"@type\":\"EntryPoint\",\"urlTemplate\":\"https:\/\/www.schengenvisas.com\/?s={search_term_string}\"},\"query-input\":{\"@type\":\"PropertyValueSpecification\",\"valueRequired\":true,\"valueName\":\"search_term_string\"}}],\"inLanguage\":\"fr-FR\"},{\"@type\":\"Organization\",\"@id\":\"https:\/\/www.schengenvisas.com\/#organization\",\"name\":\"Schengen Visas\",\"url\":\"https:\/\/www.schengenvisas.com\/\",\"logo\":{\"@type\":\"ImageObject\",\"inLanguage\":\"fr-FR\",\"@id\":\"https:\/\/www.schengenvisas.com\/#\/schema\/logo\/image\/\",\"url\":\"https:\/\/www.schengenvisas.com\/wp-content\/uploads\/2023\/03\/logo.svg\",\"contentUrl\":\"https:\/\/www.schengenvisas.com\/wp-content\/uploads\/2023\/03\/logo.svg\",\"width\":894,\"height\":123,\"caption\":\"Schengen Visas\"},\"image\":{\"@id\":\"https:\/\/www.schengenvisas.com\/#\/schema\/logo\/image\/\"}}]}<\/script>\n<!-- \/ Yoast SEO Premium plugin. -->","yoast_head_json":{"title":"Visa Schengen pour conjoint | Informations sur le visa Schengen pour conjoint","description":"Visa Schengen pour conjoint - R\u00e8gles relatives au visa Schengen pour conjoint, frais de visa, documents requis et suppl\u00e9mentaires et crit\u00e8res d'\u00e9ligibilit\u00e9","robots":{"index":"index","follow":"follow","max-snippet":"max-snippet:-1","max-image-preview":"max-image-preview:large","max-video-preview":"max-video-preview:-1"},"canonical":"https:\/\/www.schengenvisas.com\/fr\/wp-json\/wp\/v2\/pages\/8609","og_locale":"fr_FR","og_type":"article","og_title":"Visa Schengen pour conjoint","og_description":"Visa Schengen pour conjoint - R\u00e8gles relatives au visa Schengen pour conjoint, frais de visa, documents requis et suppl\u00e9mentaires et crit\u00e8res d'\u00e9ligibilit\u00e9","og_url":"https:\/\/www.schengenvisas.com\/fr\/visa-schengen-pour-conjoint\/","og_site_name":"Schengen Visas","article_modified_time":"2021-08-25T21:02:10+00:00","twitter_card":"summary_large_image","twitter_misc":{"Dur\u00e9e de lecture estim\u00e9e":"3 minutes"},"schema":{"@context":"https:\/\/schema.org","@graph":[{"@type":"WebPage","@id":"https:\/\/www.schengenvisas.com\/fr\/visa-schengen-pour-conjoint\/","url":"https:\/\/www.schengenvisas.com\/fr\/visa-schengen-pour-conjoint\/","name":"Visa Schengen pour conjoint | Informations sur le visa Schengen pour conjoint","isPartOf":{"@id":"https:\/\/www.schengenvisas.com\/#website"},"datePublished":"2020-01-31T19:32:46+00:00","dateModified":"2021-08-25T21:02:10+00:00","description":"Visa Schengen pour conjoint - R\u00e8gles relatives au visa Schengen pour conjoint, frais de visa, documents requis et suppl\u00e9mentaires et crit\u00e8res d'\u00e9ligibilit\u00e9","breadcrumb":{"@id":"https:\/\/www.schengenvisas.com\/fr\/visa-schengen-pour-conjoint\/#breadcrumb"},"inLanguage":"fr-FR","potentialAction":[{"@type":"ReadAction","target":["https:\/\/www.schengenvisas.com\/fr\/visa-schengen-pour-conjoint\/"]}]},{"@type":"BreadcrumbList","@id":"https:\/\/www.schengenvisas.com\/fr\/visa-schengen-pour-conjoint\/#breadcrumb","itemListElement":[{"@type":"ListItem","position":1,"name":"Home","item":"https:\/\/www.schengenvisas.com\/"},{"@type":"ListItem","position":2,"name":"Visa Schengen pour conjoint"}]},{"@type":"WebSite","@id":"https:\/\/www.schengenvisas.com\/#website","url":"https:\/\/www.schengenvisas.com\/","name":"Schengen Visas","description":"Schengen Visa Application Services","publisher":{"@id":"https:\/\/www.schengenvisas.com\/#organization"},"potentialAction":[{"@type":"SearchAction","target":{"@type":"EntryPoint","urlTemplate":"https:\/\/www.schengenvisas.com\/?s={search_term_string}"},"query-input":{"@type":"PropertyValueSpecification","valueRequired":true,"valueName":"search_term_string"}}],"inLanguage":"fr-FR"},{"@type":"Organization","@id":"https:\/\/www.schengenvisas.com\/#organization","name":"Schengen Visas","url":"https:\/\/www.schengenvisas.com\/","logo":{"@type":"ImageObject","inLanguage":"fr-FR","@id":"https:\/\/www.schengenvisas.com\/#\/schema\/logo\/image\/","url":"https:\/\/www.schengenvisas.com\/wp-content\/uploads\/2023\/03\/logo.svg","contentUrl":"https:\/\/www.schengenvisas.com\/wp-content\/uploads\/2023\/03\/logo.svg","width":894,"height":123,"caption":"Schengen Visas"},"image":{"@id":"https:\/\/www.schengenvisas.com\/#\/schema\/logo\/image\/"}}]}},"_links":{"self":[{"href":"https:\/\/www.schengenvisas.com\/fr\/wp-json\/wp\/v2\/pages\/8609","targetHints":{"allow":["GET"]}}],"collection":[{"href":"https:\/\/www.schengenvisas.com\/fr\/wp-json\/wp\/v2\/pages"}],"about":[{"href":"https:\/\/www.schengenvisas.com\/fr\/wp-json\/wp\/v2\/types\/page"}],"author":[{"embeddable":true,"href":"https:\/\/www.schengenvisas.com\/fr\/wp-json\/wp\/v2\/users\/15"}],"replies":[{"embeddable":true,"href":"https:\/\/www.schengenvisas.com\/fr\/wp-json\/wp\/v2\/comments?post=8609"}],"version-history":[{"count":0,"href":"https:\/\/www.schengenvisas.com\/fr\/wp-json\/wp\/v2\/pages\/8609\/revisions"}],"wp:attachment":[{"href":"https:\/\/www.schengenvisas.com\/fr\/wp-json\/wp\/v2\/media?parent=8609"}],"curies":[{"name":"wp","href":"https:\/\/api.w.org\/{rel}","templated":true}]}}