{"id":8610,"date":"2020-02-28T10:43:29","date_gmt":"2020-02-28T10:43:29","guid":{"rendered":"https:\/\/www.schengenvisas.com\/schengen-visa-for-religious-purposes\/"},"modified":"2021-07-04T00:31:50","modified_gmt":"2021-07-03T20:31:50","slug":"visa-schengen-a-des-fins-religieuses","status":"publish","type":"page","link":"https:\/\/www.schengenvisas.com\/fr\/visa-schengen-a-des-fins-religieuses\/","title":{"rendered":"Visa Schengen \u00e0 des fins religieuses"},"content":{"rendered":"\t\t<div data-elementor-type=\"wp-page\" data-elementor-id=\"8610\" class=\"elementor elementor-8610 elementor-970\" data-elementor-post-type=\"page\">\n\t\t\t\t\t\t<section class=\"elementor-section elementor-top-section elementor-element elementor-element-5bbd8140 elementor-section-boxed elementor-section-height-default elementor-section-height-default\" data-id=\"5bbd8140\" data-element_type=\"section\">\n\t\t\t\t\t\t<div class=\"elementor-container elementor-column-gap-default\">\n\t\t\t\t\t<div class=\"elementor-column elementor-col-100 elementor-top-column elementor-element elementor-element-817ab32\" data-id=\"817ab32\" data-element_type=\"column\">\n\t\t\t<div class=\"elementor-widget-wrap elementor-element-populated\">\n\t\t\t\t\t\t<div class=\"elementor-element elementor-element-3e09855c elementor-widget elementor-widget-text-editor\" data-id=\"3e09855c\" data-element_type=\"widget\" data-widget_type=\"text-editor.default\">\n\t\t\t\t<div class=\"elementor-widget-container\">\n\t\t\t\t\t\t\t\t\t<p><strong>Visa Schengen \u00e0 des fins religieuses <\/strong>: Si vous voyagez principalement \u00e0 des fins religieuses (c.-\u00e0-d. pour participer \u00e0 des activit\u00e9s ou assembl\u00e9es religieuses).<strong>\u00a0<\/strong><\/p><h2>Qu&rsquo;est-ce qu&rsquo;un visa Schengen \u00e0 des fins religieuses ?<\/h2><ul><li>Une sorte de visa \u00e0 court terme (type C) vous permettant d&rsquo;acc\u00e9der \u00e0 la zone Schengen jusqu&rsquo;\u00e0 90 jours sur une p\u00e9riode de 180 jours \u00e0 des fins religieuses.<\/li><\/ul><h2>Admissibilit\u00e9 : Qui peut demander un visa Schengen \u00e0 des fins religieuses ?<\/h2><ul><li>Toute personne qui peut d\u00e9montrer d\u2019une mani\u00e8re cr\u00e9dible sa participation \u00e0 des \u00e9v\u00e9nements ou services religieux peut demander le visa Schengen \u00e0 des fins religieuses.<\/li><\/ul><h2>Documents requis<\/h2><ul><li>En plus des <a href=\"https:\/\/www.schengenvisas.com\/fr\/exigences-des-demandes-de-visa-schengen\/\"><strong><u>documents de base requis <\/u><\/strong><\/a>ci-dessus, pour demander un visa Schengen \u00e0 des fins religieuses, vous devrez fournir des documents contenant des informations sur l&rsquo;\u00e9v\u00e9nement\/le service religieux ou la c\u00e9r\u00e9monie \u00e0 laquelle vous avez l&rsquo;intention de participer dans la zone Schengen, y compris, mais sans s&rsquo;y limiter, \u00e0 ce qui suit:<ul><li>Lettre de l&rsquo;organisation religieuse d\u00e9taillant la nature de l&rsquo;\u00e9v\u00e9nement\/service religieux organis\u00e9 (le cas \u00e9ch\u00e9ant).<\/li><li>Billets pour la c\u00e9r\u00e9monie religieuse\/\u00e9v\u00e9nement ou invitation.<\/li><li>Brochures, site Web, copies de tout mat\u00e9riel que vous avez re\u00e7u indiquant votre participation ou d\u00e9crivant l&rsquo;\u00e9v\u00e9nement.<\/li><li>Preuve de participation \u00e0 des \u00e9v\u00e9nements religieux ant\u00e9rieurs de nature similaire (le cas \u00e9ch\u00e9ant).<\/li><\/ul><\/li><\/ul><h2>Comment postuler\u00a0?<\/h2><ol><li>D\u00e9terminez le pays Schengen o\u00f9 vous passerez le plus de temps lors de votre voyage. Vous demanderez le visa Schengen \u00e0 des fins religieuses via le consulat de ce pays.<\/li><li>D\u00e9terminez le nombre d &lsquo; <strong>\u201centr\u00e9es\u201c<\/strong>\u00a0dont vous avez besoin dans la zone Schengen.<\/li><li>S\u00e9lectionnez <strong>\u201cAutre\u201c<\/strong>\u00a0comme but de voyage. Il y a un espace suppl\u00e9mentaire pour que vous fournissiez de plus amples informations sur les raisons religieuses de votre voyage.<\/li><li>Rassemblez vos <strong><a href=\"https:\/\/www.schengenvisas.com\/fr\/exigences-des-demandes-de-visa-schengen\/\">documents de base requis<\/a><u>,<\/u><\/strong> ainsi que les documents requis pour un visa Schengen \u00e0 des fins religieuses.<\/li><li><strong>Prenez rendez-vous pour un entretien <\/strong>(le cas \u00e9ch\u00e9ant). Selon l&#8217;emplacement du consulat\/de l&rsquo;ambassade ou du centre des visas aupr\u00e8s duquel vous postulez, vous devrez peut-\u00eatre prendre rendez-vous pour soumettre votre demande. Sinon, vous pourrez peut-\u00eatre d\u00e9poser votre demande sans accord pr\u00e9alable, \u00e0 condition de le faire pendant les heures ouvr\u00e9es. Veuillez contacter directement votre consulat\/ambassade pour savoir si vous devez prendre rendez-vous afin de soumettre votre demande.<\/li><li><strong>Remplissez votre <a href=\"https:\/\/www.schengenvisas.com\/fr\/telecharger-le-formulaire-de-demande-de-visa-schengen\/\"><u>demande<\/u><\/a>.<\/strong> La mani\u00e8re d&rsquo;acc\u00e9der aux demandes d\u00e9pend du pays ; vous devrez peut-\u00eatre utiliser un portail de candidature en ligne ou remplir manuellement un formulaire de demande imprim\u00e9.<\/li><li><strong>Payez les <a href=\"https:\/\/www.schengenvisas.com\/fr\/frais-de-visa-schengen\/\"><u>frais de dossier<\/u><\/a><\/strong> (le tarif standard pour les adultes est de 80 euros). Vous devrez probablement soumettre un paiement de service avec votre demande de visa. Il s&rsquo;agit d&rsquo;un co\u00fbt distinct des frais de visa, que vous paierez probablement en personne, lors de votre rendez-vous d&rsquo;entretien dans un centre de demande de visa. Veuillez noter que ces frais ne sont pas remboursables.<\/li><li><strong>Soumettez votre candidature<\/strong>. Les proc\u00e9dures pour soumettre des demandes varient selon les consulats\/ambassades et centres de visa. G\u00e9n\u00e9ralement, les candidatures doivent \u00eatre soumises en personne quel que soit l&rsquo;endroit o\u00f9 vous postulez. Lorsque vous soumettez votre demande, il vous sera probablement \u00e9galement demand\u00e9 de soumettre vos empreintes digitales.<\/li><\/ol><h3>Quand postuler\u00a0?<\/h3><ul><li>Vous devez demander le visa Schengen \u00e0 des fins religieuses au moins 15 jours avant le jour o\u00f9 vous avez l&rsquo;intention de voyager et au plus t\u00f4t 6 mois avant votre d\u00e9part.<\/li><\/ul><h3>O\u00f9 postuler\u00a0?<\/h3><ul><li>Vous devez demander le visa Schengen \u00e0 des fins religieuses aupr\u00e8s du consulat du pays dans lequel vous vous rendez dans la zone Schengen.<\/li><li>Si vous voyagez dans plusieurs pays de la zone Schengen, vous devez vous adresser au consulat de l&rsquo;\u00c9tat dans lequel vous passerez le plus de temps. Et si vous comptez passer une p\u00e9riode de temps \u00e9gale dans ces multiples pays, vous devez faire une demande \u00e0 l&rsquo;ambassade, au consulat ou au centre de demande de visa associ\u00e9 du pays o\u00f9 vous arriverez en premier.<\/li><\/ul><h2>La dur\u00e9e de traitement<\/h2><ul><li>La dur\u00e9e de traitement pour le visa Schengen \u00e0 des fins religieuses est g\u00e9n\u00e9ralement d&rsquo;environ deux semaines (15 jours). Rarement, les consulats peuvent prendre entre 30 et 60 jours pour rendre une d\u00e9cision sur une demande.<\/li><\/ul>\t\t\t\t\t\t\t\t<\/div>\n\t\t\t\t<\/div>\n\t\t\t\t\t<\/div>\n\t\t<\/div>\n\t\t\t\t\t<\/div>\n\t\t<\/section>\n\t\t\t\t<\/div>\n\t\t","protected":false},"excerpt":{"rendered":"<p>Visa Schengen \u00e0 des fins religieuses : Si vous voyagez principalement \u00e0 des fins religieuses<a class=\"read-more-text pl-2\" href=\"https:\/\/www.schengenvisas.com\/fr\/visa-schengen-a-des-fins-religieuses\/\">[Lire la suite&#8230;]<\/a><\/p>\n","protected":false},"author":15,"featured_media":0,"parent":0,"menu_order":0,"comment_status":"closed","ping_status":"closed","template":"","meta":{"_acf_changed":false,"inline_featured_image":false,"footnotes":""},"class_list":["post-8610","page","type-page","status-publish","hentry","entry"],"acf":[],"yoast_head":"<!-- This site is optimized with the Yoast SEO Premium plugin v24.1 (Yoast SEO v24.1) - https:\/\/yoast.com\/wordpress\/plugins\/seo\/ -->\n<title>Visa Schengen pour raisons religieuses | Visa religieux pour Schengen<\/title>\n<meta name=\"description\" content=\"Visa Schengen \u00e0 des fins religieuses | R\u00e8gles relatives au visa Schengen \u00e0 des fins religieuses, frais de visa, exigences en mati\u00e8re de visa et crit\u00e8res d&#039;\u00e9ligibilit\u00e9\" \/>\n<meta name=\"robots\" content=\"index, follow, max-snippet:-1, max-image-preview:large, max-video-preview:-1\" \/>\n<link rel=\"canonical\" href=\"https:\/\/www.schengenvisas.com\/fr\/wp-json\/wp\/v2\/pages\/8610\" \/>\n<meta property=\"og:locale\" content=\"fr_FR\" \/>\n<meta property=\"og:type\" content=\"article\" \/>\n<meta property=\"og:title\" content=\"Visa Schengen \u00e0 des fins religieuses\" \/>\n<meta property=\"og:description\" content=\"Visa Schengen \u00e0 des fins religieuses | R\u00e8gles relatives au visa Schengen \u00e0 des fins religieuses, frais de visa, exigences en mati\u00e8re de visa et crit\u00e8res d&#039;\u00e9ligibilit\u00e9\" \/>\n<meta property=\"og:url\" content=\"https:\/\/www.schengenvisas.com\/fr\/visa-schengen-a-des-fins-religieuses\/\" \/>\n<meta property=\"og:site_name\" content=\"Schengen Visas\" \/>\n<meta property=\"article:modified_time\" content=\"2021-07-03T20:31:50+00:00\" \/>\n<meta name=\"twitter:card\" content=\"summary_large_image\" \/>\n<meta name=\"twitter:label1\" content=\"Dur\u00e9e de lecture estim\u00e9e\" \/>\n\t<meta name=\"twitter:data1\" content=\"3 minutes\" \/>\n<script type=\"application\/ld+json\" class=\"yoast-schema-graph\">{\"@context\":\"https:\/\/schema.org\",\"@graph\":[{\"@type\":\"WebPage\",\"@id\":\"https:\/\/www.schengenvisas.com\/fr\/visa-schengen-a-des-fins-religieuses\/\",\"url\":\"https:\/\/www.schengenvisas.com\/fr\/visa-schengen-a-des-fins-religieuses\/\",\"name\":\"Visa Schengen pour raisons religieuses | Visa religieux pour Schengen\",\"isPartOf\":{\"@id\":\"https:\/\/www.schengenvisas.com\/#website\"},\"datePublished\":\"2020-02-28T10:43:29+00:00\",\"dateModified\":\"2021-07-03T20:31:50+00:00\",\"description\":\"Visa Schengen \u00e0 des fins religieuses | R\u00e8gles relatives au visa Schengen \u00e0 des fins religieuses, frais de visa, exigences en mati\u00e8re de visa et crit\u00e8res d'\u00e9ligibilit\u00e9\",\"breadcrumb\":{\"@id\":\"https:\/\/www.schengenvisas.com\/fr\/visa-schengen-a-des-fins-religieuses\/#breadcrumb\"},\"inLanguage\":\"fr-FR\",\"potentialAction\":[{\"@type\":\"ReadAction\",\"target\":[\"https:\/\/www.schengenvisas.com\/fr\/visa-schengen-a-des-fins-religieuses\/\"]}]},{\"@type\":\"BreadcrumbList\",\"@id\":\"https:\/\/www.schengenvisas.com\/fr\/visa-schengen-a-des-fins-religieuses\/#breadcrumb\",\"itemListElement\":[{\"@type\":\"ListItem\",\"position\":1,\"name\":\"Home\",\"item\":\"https:\/\/www.schengenvisas.com\/\"},{\"@type\":\"ListItem\",\"position\":2,\"name\":\"Visa Schengen \u00e0 des fins religieuses\"}]},{\"@type\":\"WebSite\",\"@id\":\"https:\/\/www.schengenvisas.com\/#website\",\"url\":\"https:\/\/www.schengenvisas.com\/\",\"name\":\"Schengen Visas\",\"description\":\"Schengen Visa Application Services\",\"publisher\":{\"@id\":\"https:\/\/www.schengenvisas.com\/#organization\"},\"potentialAction\":[{\"@type\":\"SearchAction\",\"target\":{\"@type\":\"EntryPoint\",\"urlTemplate\":\"https:\/\/www.schengenvisas.com\/?s={search_term_string}\"},\"query-input\":{\"@type\":\"PropertyValueSpecification\",\"valueRequired\":true,\"valueName\":\"search_term_string\"}}],\"inLanguage\":\"fr-FR\"},{\"@type\":\"Organization\",\"@id\":\"https:\/\/www.schengenvisas.com\/#organization\",\"name\":\"Schengen Visas\",\"url\":\"https:\/\/www.schengenvisas.com\/\",\"logo\":{\"@type\":\"ImageObject\",\"inLanguage\":\"fr-FR\",\"@id\":\"https:\/\/www.schengenvisas.com\/#\/schema\/logo\/image\/\",\"url\":\"https:\/\/www.schengenvisas.com\/wp-content\/uploads\/2023\/03\/logo.svg\",\"contentUrl\":\"https:\/\/www.schengenvisas.com\/wp-content\/uploads\/2023\/03\/logo.svg\",\"width\":894,\"height\":123,\"caption\":\"Schengen Visas\"},\"image\":{\"@id\":\"https:\/\/www.schengenvisas.com\/#\/schema\/logo\/image\/\"}}]}<\/script>\n<!-- \/ Yoast SEO Premium plugin. -->","yoast_head_json":{"title":"Visa Schengen pour raisons religieuses | Visa religieux pour Schengen","description":"Visa Schengen \u00e0 des fins religieuses | R\u00e8gles relatives au visa Schengen \u00e0 des fins religieuses, frais de visa, exigences en mati\u00e8re de visa et crit\u00e8res d'\u00e9ligibilit\u00e9","robots":{"index":"index","follow":"follow","max-snippet":"max-snippet:-1","max-image-preview":"max-image-preview:large","max-video-preview":"max-video-preview:-1"},"canonical":"https:\/\/www.schengenvisas.com\/fr\/wp-json\/wp\/v2\/pages\/8610","og_locale":"fr_FR","og_type":"article","og_title":"Visa Schengen \u00e0 des fins religieuses","og_description":"Visa Schengen \u00e0 des fins religieuses | R\u00e8gles relatives au visa Schengen \u00e0 des fins religieuses, frais de visa, exigences en mati\u00e8re de visa et crit\u00e8res d'\u00e9ligibilit\u00e9","og_url":"https:\/\/www.schengenvisas.com\/fr\/visa-schengen-a-des-fins-religieuses\/","og_site_name":"Schengen Visas","article_modified_time":"2021-07-03T20:31:50+00:00","twitter_card":"summary_large_image","twitter_misc":{"Dur\u00e9e de lecture estim\u00e9e":"3 minutes"},"schema":{"@context":"https:\/\/schema.org","@graph":[{"@type":"WebPage","@id":"https:\/\/www.schengenvisas.com\/fr\/visa-schengen-a-des-fins-religieuses\/","url":"https:\/\/www.schengenvisas.com\/fr\/visa-schengen-a-des-fins-religieuses\/","name":"Visa Schengen pour raisons religieuses | Visa religieux pour Schengen","isPartOf":{"@id":"https:\/\/www.schengenvisas.com\/#website"},"datePublished":"2020-02-28T10:43:29+00:00","dateModified":"2021-07-03T20:31:50+00:00","description":"Visa Schengen \u00e0 des fins religieuses | R\u00e8gles relatives au visa Schengen \u00e0 des fins religieuses, frais de visa, exigences en mati\u00e8re de visa et crit\u00e8res d'\u00e9ligibilit\u00e9","breadcrumb":{"@id":"https:\/\/www.schengenvisas.com\/fr\/visa-schengen-a-des-fins-religieuses\/#breadcrumb"},"inLanguage":"fr-FR","potentialAction":[{"@type":"ReadAction","target":["https:\/\/www.schengenvisas.com\/fr\/visa-schengen-a-des-fins-religieuses\/"]}]},{"@type":"BreadcrumbList","@id":"https:\/\/www.schengenvisas.com\/fr\/visa-schengen-a-des-fins-religieuses\/#breadcrumb","itemListElement":[{"@type":"ListItem","position":1,"name":"Home","item":"https:\/\/www.schengenvisas.com\/"},{"@type":"ListItem","position":2,"name":"Visa Schengen \u00e0 des fins religieuses"}]},{"@type":"WebSite","@id":"https:\/\/www.schengenvisas.com\/#website","url":"https:\/\/www.schengenvisas.com\/","name":"Schengen Visas","description":"Schengen Visa Application Services","publisher":{"@id":"https:\/\/www.schengenvisas.com\/#organization"},"potentialAction":[{"@type":"SearchAction","target":{"@type":"EntryPoint","urlTemplate":"https:\/\/www.schengenvisas.com\/?s={search_term_string}"},"query-input":{"@type":"PropertyValueSpecification","valueRequired":true,"valueName":"search_term_string"}}],"inLanguage":"fr-FR"},{"@type":"Organization","@id":"https:\/\/www.schengenvisas.com\/#organization","name":"Schengen Visas","url":"https:\/\/www.schengenvisas.com\/","logo":{"@type":"ImageObject","inLanguage":"fr-FR","@id":"https:\/\/www.schengenvisas.com\/#\/schema\/logo\/image\/","url":"https:\/\/www.schengenvisas.com\/wp-content\/uploads\/2023\/03\/logo.svg","contentUrl":"https:\/\/www.schengenvisas.com\/wp-content\/uploads\/2023\/03\/logo.svg","width":894,"height":123,"caption":"Schengen Visas"},"image":{"@id":"https:\/\/www.schengenvisas.com\/#\/schema\/logo\/image\/"}}]}},"_links":{"self":[{"href":"https:\/\/www.schengenvisas.com\/fr\/wp-json\/wp\/v2\/pages\/8610","targetHints":{"allow":["GET"]}}],"collection":[{"href":"https:\/\/www.schengenvisas.com\/fr\/wp-json\/wp\/v2\/pages"}],"about":[{"href":"https:\/\/www.schengenvisas.com\/fr\/wp-json\/wp\/v2\/types\/page"}],"author":[{"embeddable":true,"href":"https:\/\/www.schengenvisas.com\/fr\/wp-json\/wp\/v2\/users\/15"}],"replies":[{"embeddable":true,"href":"https:\/\/www.schengenvisas.com\/fr\/wp-json\/wp\/v2\/comments?post=8610"}],"version-history":[{"count":0,"href":"https:\/\/www.schengenvisas.com\/fr\/wp-json\/wp\/v2\/pages\/8610\/revisions"}],"wp:attachment":[{"href":"https:\/\/www.schengenvisas.com\/fr\/wp-json\/wp\/v2\/media?parent=8610"}],"curies":[{"name":"wp","href":"https:\/\/api.w.org\/{rel}","templated":true}]}}