{"id":8630,"date":"2020-02-01T14:33:23","date_gmt":"2020-02-01T14:33:23","guid":{"rendered":"https:\/\/www.schengenvisas.com\/schengen-visa-photo-requirements\/"},"modified":"2022-03-27T13:28:45","modified_gmt":"2022-03-27T09:28:45","slug":"exigences-en-matiere-de-photo-pour-un-visa-schengen","status":"publish","type":"page","link":"https:\/\/www.schengenvisas.com\/fr\/exigences-en-matiere-de-photo-pour-un-visa-schengen\/","title":{"rendered":"Exigences en mati\u00e8re de photo pour un visa Schengen"},"content":{"rendered":"\t\t<div data-elementor-type=\"wp-page\" data-elementor-id=\"8630\" class=\"elementor elementor-8630 elementor-752\" data-elementor-post-type=\"page\">\n\t\t\t\t\t\t<section class=\"elementor-section elementor-top-section elementor-element elementor-element-4364a422 elementor-section-boxed elementor-section-height-default elementor-section-height-default\" data-id=\"4364a422\" data-element_type=\"section\">\n\t\t\t\t\t\t<div class=\"elementor-container elementor-column-gap-default\">\n\t\t\t\t\t<div class=\"elementor-column elementor-col-100 elementor-top-column elementor-element elementor-element-4451ba91\" data-id=\"4451ba91\" data-element_type=\"column\">\n\t\t\t<div class=\"elementor-widget-wrap elementor-element-populated\">\n\t\t\t\t\t\t<div class=\"elementor-element elementor-element-6a9ac90e elementor-widget elementor-widget-text-editor\" data-id=\"6a9ac90e\" data-element_type=\"widget\" data-widget_type=\"text-editor.default\">\n\t\t\t\t<div class=\"elementor-widget-container\">\n\t\t\t\t\t\t\t\t\t<h2>Quelles sont les exigences en mati\u00e8re de photo pour une demande de visa Schengen ?<\/h2><ul><li>Si vous demandez un visa Schengen, vous devez soumettre DEUX photos de vous-m\u00eame \u00e0 des fins d&rsquo;identification. Ces photos font partie de vos <a href=\"https:\/\/www.schengenvisas.com\/fr\/exigences-des-demandes-de-visa-schengen\/\"><strong><u>documents de base requis<\/u><\/strong><\/a> et doivent \u00eatre d&rsquo;une taille, d&rsquo;un format et d&rsquo;une perspective sp\u00e9cifiques.<\/li><li>Ces photos sont \u00e0 joindre \u00e0 votre demande, de pr\u00e9f\u00e9rence avec un trombone, (ne pas les agrafer directement sur le papier ni les coller avec de la colle).<\/li><\/ul><p><img fetchpriority=\"high\" decoding=\"async\" class=\"size-medium wp-image-5405 aligncenter\" src=\"https:\/\/www.schengenvisas.com\/wp-content\/uploads\/2020\/09\/Photo-Requirements-for-a-Schengen-Visa-246x300.jpg\" alt=\"Photo Requirements for a Schengen Visa\" width=\"246\" height=\"300\" srcset=\"https:\/\/www.schengenvisas.com\/wp-content\/uploads\/2020\/09\/Photo-Requirements-for-a-Schengen-Visa-246x300.jpg 246w, https:\/\/www.schengenvisas.com\/wp-content\/uploads\/2020\/09\/Photo-Requirements-for-a-Schengen-Visa-840x1024.jpg 840w, https:\/\/www.schengenvisas.com\/wp-content\/uploads\/2020\/09\/Photo-Requirements-for-a-Schengen-Visa-768x936.jpg 768w, https:\/\/www.schengenvisas.com\/wp-content\/uploads\/2020\/09\/Photo-Requirements-for-a-Schengen-Visa-1260x1536.jpg 1260w, https:\/\/www.schengenvisas.com\/wp-content\/uploads\/2020\/09\/Photo-Requirements-for-a-Schengen-Visa-1680x2048.jpg 1680w\" sizes=\"(max-width: 246px) 100vw, 246px\" \/><\/p><ul><li>Ces photos sont soumises aux exigences suivantes :<ul><li>Format passeport (3,5 x 4,5 cm).<\/li><li>Repr\u00e9sentation fid\u00e8le \u00e0 la r\u00e9alit\u00e9 (votre apparence normale\/teint naturel) et photo prise r\u00e9cemment (au cours des 6 derniers mois).<\/li><li>Prise sur un fond blanc uni, photo de vous seul; d&rsquo;autres personnes ou objets ne doivent pas figurer dans le cadre.<\/li><li>Capturez principalement votre visage et uniquement le haut de vos \u00e9paules.<\/li><li>Vous devez regarder en face, de sorte que tous les traits de votre visage soient visibles (non masqu\u00e9s par des cheveux ou des accessoires tels que des lunettes de soleil) couvrant 32-36 mm (70-80%) de la photo (si vous portez normalement des lunettes (non-teint\u00e9es), vous pouvez les porter sur la photo, \u00e0 condition que les montures ne cachent aucune partie de vos yeux).<\/li><li>Vous devez avoir une expression neutre, la bouche ferm\u00e9e et les yeux ouverts (les \u00e9ventuels yeux rouges doivent \u00eatre supprim\u00e9s num\u00e9riquement).<\/li><li>Veuillez noter que si les couvre-chefs port\u00e9s pour des raisons religieuses sont acceptables, l&rsquo;int\u00e9gralit\u00e9 de vos traits du visage doit \u00eatre visible, de votre menton \u00e0 vos yeux. S&rsquo;il y a du tissu provenant d&rsquo;un couvre-chef dans le cadre, il ne peut couvrir que la partie sup\u00e9rieure de votre front, rien de plus.<\/li><li>Les photos doivent \u00eatre claires et nettes, de couleur neutre et d&rsquo;un contraste et d&rsquo;une luminosit\u00e9 normaux.<\/li><li>Les photos doivent \u00eatre imprim\u00e9es en haute r\u00e9solution sur du papier photographique de haute qualit\u00e9.<\/li><li>Les photos doivent \u00eatre non marqu\u00e9es, ne contenant pas de rayures, de marques d&rsquo;imprimante ou de plis.<\/li><\/ul><\/li><\/ul><ul><li>Si vous faites une demande de visa en ligne, via un portail officiel de demande de visa en ligne, vous pouvez \u00eatre invit\u00e9 \u00e0 scanner et\/ou importer vos photos par voie \u00e9lectronique pour soumission dans le cadre de votre demande \u00e9lectronique. Le cas \u00e9ch\u00e9ant, ces photos sont soumises aux m\u00eames exigences que ci-dessus. De plus, comme la plupart des consulats\/ambassades vous demandent de soumettre une copie imprim\u00e9e de votre demande avec votre demande en ligne, vous devrez probablement soumettre des copies physiques de vos photos, en plus de celles que vous avez soumises en ligne.<\/li><li>Une fois soumises, ces photos deviennent un \u00e9l\u00e9ment de vos identifiants biom\u00e9triques et sont entr\u00e9es dans le syst\u00e8me d&rsquo;information sur les visas Schengen (VIS), un syst\u00e8me permettant le partage des donn\u00e9es sur les visas entre les \u00c9tats membres. Une fois saisies, vos donn\u00e9es restent disponibles pour une utilisation par les autorit\u00e9s comp\u00e9tentes des \u00c9tats membres pendant les 5 ann\u00e9es suivantes. Pendant ce temps, ces diff\u00e9rentes autorit\u00e9s peuvent utiliser vos informations \u00e0 diverses fins li\u00e9es \u00e0 l&rsquo;immigration ou \u00e0 l&rsquo;asile, ou m\u00eame utiliser vos donn\u00e9es pour aider \u00e0 la pr\u00e9vention\/l\u2019enqu\u00eate sur le terrorisme ou d&rsquo;autres formes extr\u00eames de criminalit\u00e9. En soumettant ces photos, vous consentez donc \u00e0 leur utilisation \u00e0 toutes les fins ci-dessus.<\/li><\/ul>\t\t\t\t\t\t\t\t<\/div>\n\t\t\t\t<\/div>\n\t\t\t\t\t<\/div>\n\t\t<\/div>\n\t\t\t\t\t<\/div>\n\t\t<\/section>\n\t\t\t\t<\/div>\n\t\t","protected":false},"excerpt":{"rendered":"<p>Quelles sont les exigences en mati\u00e8re de photo pour une demande de visa Schengen ?<a class=\"read-more-text pl-2\" href=\"https:\/\/www.schengenvisas.com\/fr\/exigences-en-matiere-de-photo-pour-un-visa-schengen\/\">[Lire la suite&#8230;]<\/a><\/p>\n","protected":false},"author":15,"featured_media":0,"parent":0,"menu_order":0,"comment_status":"closed","ping_status":"closed","template":"","meta":{"_acf_changed":false,"inline_featured_image":false,"footnotes":""},"class_list":["post-8630","page","type-page","status-publish","hentry","entry"],"acf":[],"yoast_head":"<!-- This site is optimized with the Yoast SEO Premium plugin v24.1 (Yoast SEO v24.1) - https:\/\/yoast.com\/wordpress\/plugins\/seo\/ -->\n<title>Exigences en mati\u00e8re de photos pour les visas Schengen<\/title>\n<meta name=\"description\" content=\"Exigences relatives aux photos pour les visas Schengen - Informations sur la taille de la photo et la couleur du fond\" \/>\n<meta name=\"robots\" content=\"index, follow, max-snippet:-1, max-image-preview:large, max-video-preview:-1\" \/>\n<link rel=\"canonical\" href=\"https:\/\/www.schengenvisas.com\/fr\/wp-json\/wp\/v2\/pages\/8630\" \/>\n<meta property=\"og:locale\" content=\"fr_FR\" \/>\n<meta property=\"og:type\" content=\"article\" \/>\n<meta property=\"og:title\" content=\"Exigences en mati\u00e8re de photo pour un visa Schengen\" \/>\n<meta property=\"og:description\" content=\"Exigences relatives aux photos pour les visas Schengen - Informations sur la taille de la photo et la couleur du fond\" \/>\n<meta property=\"og:url\" content=\"https:\/\/www.schengenvisas.com\/fr\/exigences-en-matiere-de-photo-pour-un-visa-schengen\/\" \/>\n<meta property=\"og:site_name\" content=\"Schengen Visas\" \/>\n<meta property=\"article:modified_time\" content=\"2022-03-27T09:28:45+00:00\" \/>\n<meta property=\"og:image\" content=\"https:\/\/www.schengenvisas.com\/wp-content\/uploads\/2020\/09\/Photo-Requirements-for-a-Schengen-Visa-246x300.jpg\" \/>\n<meta name=\"twitter:card\" content=\"summary_large_image\" \/>\n<meta name=\"twitter:label1\" content=\"Dur\u00e9e de lecture estim\u00e9e\" \/>\n\t<meta name=\"twitter:data1\" content=\"3 minutes\" \/>\n<script type=\"application\/ld+json\" class=\"yoast-schema-graph\">{\"@context\":\"https:\/\/schema.org\",\"@graph\":[{\"@type\":\"WebPage\",\"@id\":\"https:\/\/www.schengenvisas.com\/fr\/exigences-en-matiere-de-photo-pour-un-visa-schengen\/\",\"url\":\"https:\/\/www.schengenvisas.com\/fr\/exigences-en-matiere-de-photo-pour-un-visa-schengen\/\",\"name\":\"Exigences en mati\u00e8re de photos pour les visas Schengen\",\"isPartOf\":{\"@id\":\"https:\/\/www.schengenvisas.com\/#website\"},\"primaryImageOfPage\":{\"@id\":\"https:\/\/www.schengenvisas.com\/fr\/exigences-en-matiere-de-photo-pour-un-visa-schengen\/#primaryimage\"},\"image\":{\"@id\":\"https:\/\/www.schengenvisas.com\/fr\/exigences-en-matiere-de-photo-pour-un-visa-schengen\/#primaryimage\"},\"thumbnailUrl\":\"https:\/\/www.schengenvisas.com\/wp-content\/uploads\/2020\/09\/Photo-Requirements-for-a-Schengen-Visa-246x300.jpg\",\"datePublished\":\"2020-02-01T14:33:23+00:00\",\"dateModified\":\"2022-03-27T09:28:45+00:00\",\"description\":\"Exigences relatives aux photos pour les visas Schengen - Informations sur la taille de la photo et la couleur du fond\",\"breadcrumb\":{\"@id\":\"https:\/\/www.schengenvisas.com\/fr\/exigences-en-matiere-de-photo-pour-un-visa-schengen\/#breadcrumb\"},\"inLanguage\":\"fr-FR\",\"potentialAction\":[{\"@type\":\"ReadAction\",\"target\":[\"https:\/\/www.schengenvisas.com\/fr\/exigences-en-matiere-de-photo-pour-un-visa-schengen\/\"]}]},{\"@type\":\"ImageObject\",\"inLanguage\":\"fr-FR\",\"@id\":\"https:\/\/www.schengenvisas.com\/fr\/exigences-en-matiere-de-photo-pour-un-visa-schengen\/#primaryimage\",\"url\":\"https:\/\/www.schengenvisas.com\/wp-content\/uploads\/2020\/09\/Photo-Requirements-for-a-Schengen-Visa-246x300.jpg\",\"contentUrl\":\"https:\/\/www.schengenvisas.com\/wp-content\/uploads\/2020\/09\/Photo-Requirements-for-a-Schengen-Visa-246x300.jpg\"},{\"@type\":\"BreadcrumbList\",\"@id\":\"https:\/\/www.schengenvisas.com\/fr\/exigences-en-matiere-de-photo-pour-un-visa-schengen\/#breadcrumb\",\"itemListElement\":[{\"@type\":\"ListItem\",\"position\":1,\"name\":\"Home\",\"item\":\"https:\/\/www.schengenvisas.com\/\"},{\"@type\":\"ListItem\",\"position\":2,\"name\":\"Exigences en mati\u00e8re de photo pour un visa Schengen\"}]},{\"@type\":\"WebSite\",\"@id\":\"https:\/\/www.schengenvisas.com\/#website\",\"url\":\"https:\/\/www.schengenvisas.com\/\",\"name\":\"Schengen Visas\",\"description\":\"Schengen Visa Application Services\",\"publisher\":{\"@id\":\"https:\/\/www.schengenvisas.com\/#organization\"},\"potentialAction\":[{\"@type\":\"SearchAction\",\"target\":{\"@type\":\"EntryPoint\",\"urlTemplate\":\"https:\/\/www.schengenvisas.com\/?s={search_term_string}\"},\"query-input\":{\"@type\":\"PropertyValueSpecification\",\"valueRequired\":true,\"valueName\":\"search_term_string\"}}],\"inLanguage\":\"fr-FR\"},{\"@type\":\"Organization\",\"@id\":\"https:\/\/www.schengenvisas.com\/#organization\",\"name\":\"Schengen Visas\",\"url\":\"https:\/\/www.schengenvisas.com\/\",\"logo\":{\"@type\":\"ImageObject\",\"inLanguage\":\"fr-FR\",\"@id\":\"https:\/\/www.schengenvisas.com\/#\/schema\/logo\/image\/\",\"url\":\"https:\/\/www.schengenvisas.com\/wp-content\/uploads\/2023\/03\/logo.svg\",\"contentUrl\":\"https:\/\/www.schengenvisas.com\/wp-content\/uploads\/2023\/03\/logo.svg\",\"width\":894,\"height\":123,\"caption\":\"Schengen Visas\"},\"image\":{\"@id\":\"https:\/\/www.schengenvisas.com\/#\/schema\/logo\/image\/\"}}]}<\/script>\n<!-- \/ Yoast SEO Premium plugin. -->","yoast_head_json":{"title":"Exigences en mati\u00e8re de photos pour les visas Schengen","description":"Exigences relatives aux photos pour les visas Schengen - Informations sur la taille de la photo et la couleur du fond","robots":{"index":"index","follow":"follow","max-snippet":"max-snippet:-1","max-image-preview":"max-image-preview:large","max-video-preview":"max-video-preview:-1"},"canonical":"https:\/\/www.schengenvisas.com\/fr\/wp-json\/wp\/v2\/pages\/8630","og_locale":"fr_FR","og_type":"article","og_title":"Exigences en mati\u00e8re de photo pour un visa Schengen","og_description":"Exigences relatives aux photos pour les visas Schengen - Informations sur la taille de la photo et la couleur du fond","og_url":"https:\/\/www.schengenvisas.com\/fr\/exigences-en-matiere-de-photo-pour-un-visa-schengen\/","og_site_name":"Schengen Visas","article_modified_time":"2022-03-27T09:28:45+00:00","og_image":[{"url":"https:\/\/www.schengenvisas.com\/wp-content\/uploads\/2020\/09\/Photo-Requirements-for-a-Schengen-Visa-246x300.jpg","type":"","width":"","height":""}],"twitter_card":"summary_large_image","twitter_misc":{"Dur\u00e9e de lecture estim\u00e9e":"3 minutes"},"schema":{"@context":"https:\/\/schema.org","@graph":[{"@type":"WebPage","@id":"https:\/\/www.schengenvisas.com\/fr\/exigences-en-matiere-de-photo-pour-un-visa-schengen\/","url":"https:\/\/www.schengenvisas.com\/fr\/exigences-en-matiere-de-photo-pour-un-visa-schengen\/","name":"Exigences en mati\u00e8re de photos pour les visas Schengen","isPartOf":{"@id":"https:\/\/www.schengenvisas.com\/#website"},"primaryImageOfPage":{"@id":"https:\/\/www.schengenvisas.com\/fr\/exigences-en-matiere-de-photo-pour-un-visa-schengen\/#primaryimage"},"image":{"@id":"https:\/\/www.schengenvisas.com\/fr\/exigences-en-matiere-de-photo-pour-un-visa-schengen\/#primaryimage"},"thumbnailUrl":"https:\/\/www.schengenvisas.com\/wp-content\/uploads\/2020\/09\/Photo-Requirements-for-a-Schengen-Visa-246x300.jpg","datePublished":"2020-02-01T14:33:23+00:00","dateModified":"2022-03-27T09:28:45+00:00","description":"Exigences relatives aux photos pour les visas Schengen - Informations sur la taille de la photo et la couleur du fond","breadcrumb":{"@id":"https:\/\/www.schengenvisas.com\/fr\/exigences-en-matiere-de-photo-pour-un-visa-schengen\/#breadcrumb"},"inLanguage":"fr-FR","potentialAction":[{"@type":"ReadAction","target":["https:\/\/www.schengenvisas.com\/fr\/exigences-en-matiere-de-photo-pour-un-visa-schengen\/"]}]},{"@type":"ImageObject","inLanguage":"fr-FR","@id":"https:\/\/www.schengenvisas.com\/fr\/exigences-en-matiere-de-photo-pour-un-visa-schengen\/#primaryimage","url":"https:\/\/www.schengenvisas.com\/wp-content\/uploads\/2020\/09\/Photo-Requirements-for-a-Schengen-Visa-246x300.jpg","contentUrl":"https:\/\/www.schengenvisas.com\/wp-content\/uploads\/2020\/09\/Photo-Requirements-for-a-Schengen-Visa-246x300.jpg"},{"@type":"BreadcrumbList","@id":"https:\/\/www.schengenvisas.com\/fr\/exigences-en-matiere-de-photo-pour-un-visa-schengen\/#breadcrumb","itemListElement":[{"@type":"ListItem","position":1,"name":"Home","item":"https:\/\/www.schengenvisas.com\/"},{"@type":"ListItem","position":2,"name":"Exigences en mati\u00e8re de photo pour un visa Schengen"}]},{"@type":"WebSite","@id":"https:\/\/www.schengenvisas.com\/#website","url":"https:\/\/www.schengenvisas.com\/","name":"Schengen Visas","description":"Schengen Visa Application Services","publisher":{"@id":"https:\/\/www.schengenvisas.com\/#organization"},"potentialAction":[{"@type":"SearchAction","target":{"@type":"EntryPoint","urlTemplate":"https:\/\/www.schengenvisas.com\/?s={search_term_string}"},"query-input":{"@type":"PropertyValueSpecification","valueRequired":true,"valueName":"search_term_string"}}],"inLanguage":"fr-FR"},{"@type":"Organization","@id":"https:\/\/www.schengenvisas.com\/#organization","name":"Schengen Visas","url":"https:\/\/www.schengenvisas.com\/","logo":{"@type":"ImageObject","inLanguage":"fr-FR","@id":"https:\/\/www.schengenvisas.com\/#\/schema\/logo\/image\/","url":"https:\/\/www.schengenvisas.com\/wp-content\/uploads\/2023\/03\/logo.svg","contentUrl":"https:\/\/www.schengenvisas.com\/wp-content\/uploads\/2023\/03\/logo.svg","width":894,"height":123,"caption":"Schengen Visas"},"image":{"@id":"https:\/\/www.schengenvisas.com\/#\/schema\/logo\/image\/"}}]}},"_links":{"self":[{"href":"https:\/\/www.schengenvisas.com\/fr\/wp-json\/wp\/v2\/pages\/8630","targetHints":{"allow":["GET"]}}],"collection":[{"href":"https:\/\/www.schengenvisas.com\/fr\/wp-json\/wp\/v2\/pages"}],"about":[{"href":"https:\/\/www.schengenvisas.com\/fr\/wp-json\/wp\/v2\/types\/page"}],"author":[{"embeddable":true,"href":"https:\/\/www.schengenvisas.com\/fr\/wp-json\/wp\/v2\/users\/15"}],"replies":[{"embeddable":true,"href":"https:\/\/www.schengenvisas.com\/fr\/wp-json\/wp\/v2\/comments?post=8630"}],"version-history":[{"count":0,"href":"https:\/\/www.schengenvisas.com\/fr\/wp-json\/wp\/v2\/pages\/8630\/revisions"}],"wp:attachment":[{"href":"https:\/\/www.schengenvisas.com\/fr\/wp-json\/wp\/v2\/media?parent=8630"}],"curies":[{"name":"wp","href":"https:\/\/api.w.org\/{rel}","templated":true}]}}