{"id":8631,"date":"2020-02-01T14:40:14","date_gmt":"2020-02-01T14:40:14","guid":{"rendered":"https:\/\/www.schengenvisas.com\/proof-of-accommodation\/"},"modified":"2023-05-08T23:42:55","modified_gmt":"2023-05-08T19:42:55","slug":"preuve-dhebergement","status":"publish","type":"page","link":"https:\/\/www.schengenvisas.com\/fr\/preuve-dhebergement\/","title":{"rendered":"Preuve d&rsquo;h\u00e9bergement"},"content":{"rendered":"\t\t<div data-elementor-type=\"wp-page\" data-elementor-id=\"8631\" class=\"elementor elementor-8631 elementor-754\" data-elementor-post-type=\"page\">\n\t\t\t\t\t\t<section class=\"elementor-section elementor-top-section elementor-element elementor-element-47cc7521 elementor-section-boxed elementor-section-height-default elementor-section-height-default\" data-id=\"47cc7521\" data-element_type=\"section\">\n\t\t\t\t\t\t<div class=\"elementor-container elementor-column-gap-default\">\n\t\t\t\t\t<div class=\"elementor-column elementor-col-100 elementor-top-column elementor-element elementor-element-7bc6105b\" data-id=\"7bc6105b\" data-element_type=\"column\">\n\t\t\t<div class=\"elementor-widget-wrap elementor-element-populated\">\n\t\t\t\t\t\t<div class=\"elementor-element elementor-element-b771fe3 elementor-widget elementor-widget-text-editor\" data-id=\"b771fe3\" data-element_type=\"widget\" data-widget_type=\"text-editor.default\">\n\t\t\t\t<div class=\"elementor-widget-container\">\n\t\t\t\t\t\t\t\t\t<ul>\n<li>Lors de votre demande de visa Schengen, vous devrez \u00e9tablir une preuve d&rsquo;h\u00e9bergement, c.-\u00e0-d. une preuve que vous avez un logement (ou pouvez vous offrir un logement) tout au long de votre s\u00e9jour dans la zone Schengen. Il vous sera donc demand\u00e9 d&rsquo;indiquer votre mode d&rsquo;h\u00e9bergement pr\u00e9vu sur votre formulaire de demande de visa Schengen.<\/li>\n<li>Un logement valide peut prendre la forme d&rsquo;un ou plusieurs des \u00e9l\u00e9ments suivants :\n<ol>\n<li>H\u00f4tels.<\/li>\n<li>Adresse de l&rsquo;h\u00f4te (parent, ami, partenaire, parrain).<\/li>\n<li>Appartement lou\u00e9.<\/li>\n<li>Dortoir\/logement d&rsquo;\u00e9cole.<\/li>\n<\/ol>\n<\/li>\n<\/ul>\n<h2>Comment pr\u00e9senter une preuve d&rsquo;h\u00e9bergement ?<\/h2>\n<ul>\n<li>Pour tous les lieux de r\u00e9sidence ci-dessus, qu&rsquo;ils soient temporaires (que vous y restez pendant une partie de votre voyage) ou permanents (que vous y restez pendant tout votre voyage), vous devez fournir les informations\/documents suppl\u00e9mentaires suivants :\n<ol>\n<li>Adresse compl\u00e8te (num\u00e9ro de rue, ville, code postal, num\u00e9ro de b\u00e2timent et\/ou num\u00e9ro d&rsquo;appartement).<\/li>\n<li>Coordonn\u00e9es compl\u00e8tes (num\u00e9ro de t\u00e9l\u00e9phone et adresse e-mail).<\/li>\n<li>Si vous allez s\u00e9journer chez un h\u00f4te : nom et pr\u00e9nom de la ou des personne(s) chez laquelle\/lesquelles vous logerez ET une lettre d&rsquo;invitation de sa\/leur part.<\/li>\n<\/ol>\n<\/li>\n<\/ul>\n<h2>Documents requis pour preuve d&rsquo;h\u00e9bergement :<\/h2>\n<ul>\n<li>Les documents suivants sont accept\u00e9s comme preuve d&rsquo;h\u00e9bergement :\n<ol>\n<li>Si h\u00f4tel : preuve d&rsquo;une r\u00e9servation.<\/li>\n<li>Si location d&rsquo;appartement\/bail : contrat de location\/bail (avec votre signature v\u00e9rifi\u00e9e).<\/li>\n<li>Si vous allez s\u00e9journer dans une propri\u00e9t\u00e9 que vous poss\u00e9dez : preuve d&rsquo;achat\/de propri\u00e9t\u00e9 (avec votre signature v\u00e9rifi\u00e9e).<\/li>\n<li>Preuve que vous pouvez vous permettre ou avez d\u00e9j\u00e0 pay\u00e9 votre logement (sous forme de caution ou de contrat de location, frais de carte de cr\u00e9dit, etc.).<\/li>\n<li>Invitation officielle (sous forme de lettre).<\/li>\n<li>Invitation priv\u00e9e (sous forme de lettre).<\/li>\n<\/ol>\n<\/li>\n<li>Pr\u00e9sentez les documents originaux quand ils sont disponibles. Sinon imprimez des copies des documents et soumettez-les avec votre demande de visa.<\/li>\n<li>Veuillez noter que si les exigences\/pr\u00e9f\u00e9rences pour fournir une preuve d&rsquo;h\u00e9bergement varient selon le pays, les types g\u00e9n\u00e9raux d&rsquo;h\u00e9bergement ci-dessus (et les documents connexes) sont consid\u00e9r\u00e9s comme universels. Renseignez-vous aupr\u00e8s de votre consulat ou ambassade sp\u00e9cifique pour d\u00e9terminer la meilleure fa\u00e7on de fournir une preuve d&rsquo;h\u00e9bergement dans le pays Schengen de votre s\u00e9jour.<\/li>\n<li>Si vous \u00eates invit\u00e9 \u00e0 s\u00e9journer au domicile d&rsquo;un citoyen d&rsquo;un pays Schengen, la personne qui vous envoie l&rsquo;invitation est dans la plupart des cas tenue d&rsquo;\u00e9crire une lettre en votre nom, que vous soumettrez dans le cadre de votre demande de visa Schengen. Dans cette lettre, votre h\u00f4te devra probablement indiquer des informations sur la nature de votre relation (comment vous vous connaissez, etc.) et se d\u00e9clarer responsable de vous fournir un h\u00e9bergement tout au long de votre s\u00e9jour. Pour plus d&rsquo;informations sur le format et le contenu des lettres d&rsquo;invitation, veuillez consulter votre consulat\/ambassade.<\/li>\n<li>Veuillez noter que les autorit\u00e9s consulaires v\u00e9rifieront les adresses que vous avez fournies comme logement(s) pr\u00e9vu(s) dans le cadre de l&rsquo;examen de votre demande de visa Schengen. Si l&rsquo;une des adresses n&rsquo;est pas concluante, ou, par exemple, si le nom d&rsquo;un h\u00f4tel fourni n&rsquo;existe pas, ou si l&rsquo;h\u00f4tel existe mais n&rsquo;a aucune trace d&rsquo;une r\u00e9servation effectu\u00e9e \u00e0 votre nom, le visa vous sera probablement refus\u00e9 au motif que vous n&rsquo;avez pas r\u00e9ussi \u00e0 \u00e9tablir une preuve d&rsquo;h\u00e9bergement cr\u00e9dible. Par cons\u00e9quent, assurez-vous de saisir correctement toutes les informations relatives \u00e0 votre h\u00e9bergement et confirmez qu&rsquo;elles sont valides et compl\u00e8tes avant de les soumettre avec votre demande.<\/li>\n<\/ul>\n<h2>\u00c9tablissement d&rsquo;une preuve d&rsquo;h\u00e9bergement et de subsistance<\/h2>\n<ul>\n<li>Veuillez noter que vous n&rsquo;avez pas \u00e0 pr\u00e9payer votre h\u00f4tel\/location afin d&rsquo;\u00e9tablir une preuve d&rsquo;h\u00e9bergement pour votre demande de visa Schengen. Parce que vous n&rsquo;\u00eates pas assur\u00e9 de recevoir un visa Schengen, le pr\u00e9paiement d&rsquo;un h\u00f4tel pourrait vous faire perdre de l&rsquo;argent en cas de rejet de votre demande. Cependant, votre preuve d&rsquo;h\u00e9bergement sera probablement jug\u00e9e cr\u00e9dible tant que vous indiquerez o\u00f9 vous avez l&rsquo;intention de s\u00e9journer lors de votre voyage et que vous \u00e9tablissez que vous avez les moyens de payer votre h\u00e9bergement \u00e0 la r\u00e9ception de votre visa (ou \u00e0 votre arriv\u00e9e dans la zone Schengen).<\/li>\n<li>Soumettre une r\u00e9servation pour une chambre d&rsquo;h\u00f4tel aux dates sp\u00e9cifiques correspondant \u00e0 votre entr\u00e9e et sortie de\/vers l&rsquo;espace Schengen peut \u00eatre un moyen cr\u00e9dible d&rsquo;\u00e9tablir une preuve d&rsquo;h\u00e9bergement sans pr\u00e9paiement.<\/li>\n<li>Un logement priv\u00e9 peut dans certains cas constituer la preuve que vous avez \u00e9tabli une preuve de subsistance pour votre s\u00e9jour dans votre \u00c9tat membre respectif (c.-\u00e0-d. que vous avez les moyens financiers de vous permettre de rester dans la zone Schengen pendant toute la p\u00e9riode de validit\u00e9 de votre visa). Si un logement vous est fourni gratuitement, soit sous la forme d&rsquo;un bon d&rsquo;h\u00f4tel, soit parce que vous s\u00e9journez chez un h\u00f4te, vous aurez la possibilit\u00e9 de s\u00e9lectionner la case \u00ab logement fourni \u00bb dans la rubrique \u00ab moyens de prise en charge \u00bb dans votre demande de visa Schengen.<\/li>\n<li>Alternativement, si vous avez pr\u00e9pay\u00e9 votre h\u00e9bergement sous la forme d&rsquo;une caution ou en payant \u00e0 l&rsquo;avance, c&rsquo;est \u00e9galement un bon moyen d&rsquo;\u00e9tablir votre capacit\u00e9 \u00e0 payer \u00e0 la fois vos moyens d&rsquo;h\u00e9bergement et vos moyens de subsistance ; en d&rsquo;autres termes, que vous pouvez vous permettre votre voyage (une condition principale pour d\u00e9terminer l\u2019approbation d&rsquo;un visa Schengen).<\/li>\n<\/ul>\n<h2>Je ne sais pas encore o\u00f9 je vais loger, que dois-je faire ?<\/h2>\n<ul>\n<li>En l&rsquo;absence d&rsquo;une adresse fixe (c.-\u00e0-d. si vous n&rsquo;avez pas encore \u00e9tabli o\u00f9 vous allez s\u00e9journer), vous devez au moins \u00e9tablir que vous avez les moyens de payer votre h\u00e9bergement \u00e0 votre arriv\u00e9e dans la zone Schengen.<\/li>\n<li>Cependant, vous \u00eates plus susceptible de recevoir un visa Schengen si vous \u00eates en mesure d&rsquo;\u00e9tablir une forme d&rsquo;h\u00e9bergement cr\u00e9dible dans votre demande. Par exemple, si vous ne savez pas encore o\u00f9 vous avez l&rsquo;intention de s\u00e9journer, mais que vous avez les moyens de faire une r\u00e9servation dans un h\u00f4tel (et de d\u00e9finir cet h\u00f4tel comme votre h\u00e9bergement principal sur votre demande), il est vivement conseill\u00e9 le faire. Une fois que vous arrivez dans la zone Schengen, vous \u00eates libre de vous d\u00e9placer et de s\u00e9journer o\u00f9 vous le souhaitez. Le consulat n&rsquo;est pas susceptible de v\u00e9rifier que vous s\u00e9journez \u00e0 l&rsquo;adresse que vous avez fournie dans votre demande (sauf dans des circonstances extr\u00eames, par exemple si la police vous recherche pour votre possible implication dans un acte criminel).<\/li>\n<\/ul>\t\t\t\t\t\t\t\t<\/div>\n\t\t\t\t<\/div>\n\t\t\t\t\t<\/div>\n\t\t<\/div>\n\t\t\t\t\t<\/div>\n\t\t<\/section>\n\t\t\t\t<\/div>\n\t\t","protected":false},"excerpt":{"rendered":"<p>Lors de votre demande de visa Schengen, vous devrez \u00e9tablir une preuve d&rsquo;h\u00e9bergement, c.-\u00e0-d. une<a class=\"read-more-text pl-2\" href=\"https:\/\/www.schengenvisas.com\/fr\/preuve-dhebergement\/\">[Lire la suite&#8230;]<\/a><\/p>\n","protected":false},"author":15,"featured_media":0,"parent":0,"menu_order":0,"comment_status":"closed","ping_status":"closed","template":"","meta":{"_acf_changed":false,"inline_featured_image":false,"footnotes":""},"class_list":["post-8631","page","type-page","status-publish","hentry","entry"],"acf":[],"yoast_head":"<!-- This site is optimized with the Yoast SEO Premium plugin v24.1 (Yoast SEO v24.1) - https:\/\/yoast.com\/wordpress\/plugins\/seo\/ -->\n<title>Preuve d&#039;h\u00e9bergement pour les demandes de visa Schengen<\/title>\n<meta name=\"description\" content=\"Preuve d&#039;h\u00e9bergement pour les demandes de visa Schengen | Contrat de location, r\u00e9servations d&#039;h\u00f4tel, lettre de parrainage par les h\u00f4tes ou relev\u00e9 bancaire\" \/>\n<meta name=\"robots\" content=\"index, follow, max-snippet:-1, max-image-preview:large, max-video-preview:-1\" \/>\n<link rel=\"canonical\" href=\"https:\/\/www.schengenvisas.com\/fr\/wp-json\/wp\/v2\/pages\/8631\" \/>\n<meta property=\"og:locale\" content=\"fr_FR\" \/>\n<meta property=\"og:type\" content=\"article\" \/>\n<meta property=\"og:title\" content=\"Preuve d&#039;h\u00e9bergement\" \/>\n<meta property=\"og:description\" content=\"Preuve d&#039;h\u00e9bergement pour les demandes de visa Schengen | Contrat de location, r\u00e9servations d&#039;h\u00f4tel, lettre de parrainage par les h\u00f4tes ou relev\u00e9 bancaire\" \/>\n<meta property=\"og:url\" content=\"https:\/\/www.schengenvisas.com\/fr\/preuve-dhebergement\/\" \/>\n<meta property=\"og:site_name\" content=\"Schengen Visas\" \/>\n<meta property=\"article:modified_time\" content=\"2023-05-08T19:42:55+00:00\" \/>\n<meta name=\"twitter:card\" content=\"summary_large_image\" \/>\n<meta name=\"twitter:label1\" content=\"Dur\u00e9e de lecture estim\u00e9e\" \/>\n\t<meta name=\"twitter:data1\" content=\"6 minutes\" \/>\n<script type=\"application\/ld+json\" class=\"yoast-schema-graph\">{\"@context\":\"https:\/\/schema.org\",\"@graph\":[{\"@type\":\"WebPage\",\"@id\":\"https:\/\/www.schengenvisas.com\/fr\/preuve-dhebergement\/\",\"url\":\"https:\/\/www.schengenvisas.com\/fr\/preuve-dhebergement\/\",\"name\":\"Preuve d'h\u00e9bergement pour les demandes de visa Schengen\",\"isPartOf\":{\"@id\":\"https:\/\/www.schengenvisas.com\/#website\"},\"datePublished\":\"2020-02-01T14:40:14+00:00\",\"dateModified\":\"2023-05-08T19:42:55+00:00\",\"description\":\"Preuve d'h\u00e9bergement pour les demandes de visa Schengen | Contrat de location, r\u00e9servations d'h\u00f4tel, lettre de parrainage par les h\u00f4tes ou relev\u00e9 bancaire\",\"breadcrumb\":{\"@id\":\"https:\/\/www.schengenvisas.com\/fr\/preuve-dhebergement\/#breadcrumb\"},\"inLanguage\":\"fr-FR\",\"potentialAction\":[{\"@type\":\"ReadAction\",\"target\":[\"https:\/\/www.schengenvisas.com\/fr\/preuve-dhebergement\/\"]}]},{\"@type\":\"BreadcrumbList\",\"@id\":\"https:\/\/www.schengenvisas.com\/fr\/preuve-dhebergement\/#breadcrumb\",\"itemListElement\":[{\"@type\":\"ListItem\",\"position\":1,\"name\":\"Home\",\"item\":\"https:\/\/www.schengenvisas.com\/\"},{\"@type\":\"ListItem\",\"position\":2,\"name\":\"Preuve d&#8217;h\u00e9bergement\"}]},{\"@type\":\"WebSite\",\"@id\":\"https:\/\/www.schengenvisas.com\/#website\",\"url\":\"https:\/\/www.schengenvisas.com\/\",\"name\":\"Schengen Visas\",\"description\":\"Schengen Visa Application Services\",\"publisher\":{\"@id\":\"https:\/\/www.schengenvisas.com\/#organization\"},\"potentialAction\":[{\"@type\":\"SearchAction\",\"target\":{\"@type\":\"EntryPoint\",\"urlTemplate\":\"https:\/\/www.schengenvisas.com\/?s={search_term_string}\"},\"query-input\":{\"@type\":\"PropertyValueSpecification\",\"valueRequired\":true,\"valueName\":\"search_term_string\"}}],\"inLanguage\":\"fr-FR\"},{\"@type\":\"Organization\",\"@id\":\"https:\/\/www.schengenvisas.com\/#organization\",\"name\":\"Schengen Visas\",\"url\":\"https:\/\/www.schengenvisas.com\/\",\"logo\":{\"@type\":\"ImageObject\",\"inLanguage\":\"fr-FR\",\"@id\":\"https:\/\/www.schengenvisas.com\/#\/schema\/logo\/image\/\",\"url\":\"https:\/\/www.schengenvisas.com\/wp-content\/uploads\/2023\/03\/logo.svg\",\"contentUrl\":\"https:\/\/www.schengenvisas.com\/wp-content\/uploads\/2023\/03\/logo.svg\",\"width\":894,\"height\":123,\"caption\":\"Schengen Visas\"},\"image\":{\"@id\":\"https:\/\/www.schengenvisas.com\/#\/schema\/logo\/image\/\"}}]}<\/script>\n<!-- \/ Yoast SEO Premium plugin. -->","yoast_head_json":{"title":"Preuve d'h\u00e9bergement pour les demandes de visa Schengen","description":"Preuve d'h\u00e9bergement pour les demandes de visa Schengen | Contrat de location, r\u00e9servations d'h\u00f4tel, lettre de parrainage par les h\u00f4tes ou relev\u00e9 bancaire","robots":{"index":"index","follow":"follow","max-snippet":"max-snippet:-1","max-image-preview":"max-image-preview:large","max-video-preview":"max-video-preview:-1"},"canonical":"https:\/\/www.schengenvisas.com\/fr\/wp-json\/wp\/v2\/pages\/8631","og_locale":"fr_FR","og_type":"article","og_title":"Preuve d'h\u00e9bergement","og_description":"Preuve d'h\u00e9bergement pour les demandes de visa Schengen | Contrat de location, r\u00e9servations d'h\u00f4tel, lettre de parrainage par les h\u00f4tes ou relev\u00e9 bancaire","og_url":"https:\/\/www.schengenvisas.com\/fr\/preuve-dhebergement\/","og_site_name":"Schengen Visas","article_modified_time":"2023-05-08T19:42:55+00:00","twitter_card":"summary_large_image","twitter_misc":{"Dur\u00e9e de lecture estim\u00e9e":"6 minutes"},"schema":{"@context":"https:\/\/schema.org","@graph":[{"@type":"WebPage","@id":"https:\/\/www.schengenvisas.com\/fr\/preuve-dhebergement\/","url":"https:\/\/www.schengenvisas.com\/fr\/preuve-dhebergement\/","name":"Preuve d'h\u00e9bergement pour les demandes de visa Schengen","isPartOf":{"@id":"https:\/\/www.schengenvisas.com\/#website"},"datePublished":"2020-02-01T14:40:14+00:00","dateModified":"2023-05-08T19:42:55+00:00","description":"Preuve d'h\u00e9bergement pour les demandes de visa Schengen | Contrat de location, r\u00e9servations d'h\u00f4tel, lettre de parrainage par les h\u00f4tes ou relev\u00e9 bancaire","breadcrumb":{"@id":"https:\/\/www.schengenvisas.com\/fr\/preuve-dhebergement\/#breadcrumb"},"inLanguage":"fr-FR","potentialAction":[{"@type":"ReadAction","target":["https:\/\/www.schengenvisas.com\/fr\/preuve-dhebergement\/"]}]},{"@type":"BreadcrumbList","@id":"https:\/\/www.schengenvisas.com\/fr\/preuve-dhebergement\/#breadcrumb","itemListElement":[{"@type":"ListItem","position":1,"name":"Home","item":"https:\/\/www.schengenvisas.com\/"},{"@type":"ListItem","position":2,"name":"Preuve d&#8217;h\u00e9bergement"}]},{"@type":"WebSite","@id":"https:\/\/www.schengenvisas.com\/#website","url":"https:\/\/www.schengenvisas.com\/","name":"Schengen Visas","description":"Schengen Visa Application Services","publisher":{"@id":"https:\/\/www.schengenvisas.com\/#organization"},"potentialAction":[{"@type":"SearchAction","target":{"@type":"EntryPoint","urlTemplate":"https:\/\/www.schengenvisas.com\/?s={search_term_string}"},"query-input":{"@type":"PropertyValueSpecification","valueRequired":true,"valueName":"search_term_string"}}],"inLanguage":"fr-FR"},{"@type":"Organization","@id":"https:\/\/www.schengenvisas.com\/#organization","name":"Schengen Visas","url":"https:\/\/www.schengenvisas.com\/","logo":{"@type":"ImageObject","inLanguage":"fr-FR","@id":"https:\/\/www.schengenvisas.com\/#\/schema\/logo\/image\/","url":"https:\/\/www.schengenvisas.com\/wp-content\/uploads\/2023\/03\/logo.svg","contentUrl":"https:\/\/www.schengenvisas.com\/wp-content\/uploads\/2023\/03\/logo.svg","width":894,"height":123,"caption":"Schengen Visas"},"image":{"@id":"https:\/\/www.schengenvisas.com\/#\/schema\/logo\/image\/"}}]}},"_links":{"self":[{"href":"https:\/\/www.schengenvisas.com\/fr\/wp-json\/wp\/v2\/pages\/8631","targetHints":{"allow":["GET"]}}],"collection":[{"href":"https:\/\/www.schengenvisas.com\/fr\/wp-json\/wp\/v2\/pages"}],"about":[{"href":"https:\/\/www.schengenvisas.com\/fr\/wp-json\/wp\/v2\/types\/page"}],"author":[{"embeddable":true,"href":"https:\/\/www.schengenvisas.com\/fr\/wp-json\/wp\/v2\/users\/15"}],"replies":[{"embeddable":true,"href":"https:\/\/www.schengenvisas.com\/fr\/wp-json\/wp\/v2\/comments?post=8631"}],"version-history":[{"count":3,"href":"https:\/\/www.schengenvisas.com\/fr\/wp-json\/wp\/v2\/pages\/8631\/revisions"}],"predecessor-version":[{"id":26346,"href":"https:\/\/www.schengenvisas.com\/fr\/wp-json\/wp\/v2\/pages\/8631\/revisions\/26346"}],"wp:attachment":[{"href":"https:\/\/www.schengenvisas.com\/fr\/wp-json\/wp\/v2\/media?parent=8631"}],"curies":[{"name":"wp","href":"https:\/\/api.w.org\/{rel}","templated":true}]}}