{"id":8632,"date":"2020-02-01T15:14:06","date_gmt":"2020-02-01T15:14:06","guid":{"rendered":"https:\/\/www.schengenvisas.com\/proof-of-subsistence-for-schengen-visa\/"},"modified":"2021-07-04T00:29:36","modified_gmt":"2021-07-03T20:29:36","slug":"preuve-de-subsistance-pour-le-visa-schengen","status":"publish","type":"page","link":"https:\/\/www.schengenvisas.com\/fr\/preuve-de-subsistance-pour-le-visa-schengen\/","title":{"rendered":"Preuve de subsistance pour le visa Schengen"},"content":{"rendered":"\t\t<div data-elementor-type=\"wp-page\" data-elementor-id=\"8632\" class=\"elementor elementor-8632 elementor-760\" data-elementor-post-type=\"page\">\n\t\t\t\t\t\t<section class=\"elementor-section elementor-top-section elementor-element elementor-element-4bc991c elementor-section-boxed elementor-section-height-default elementor-section-height-default\" data-id=\"4bc991c\" data-element_type=\"section\">\n\t\t\t\t\t\t<div class=\"elementor-container elementor-column-gap-default\">\n\t\t\t\t\t<div class=\"elementor-column elementor-col-100 elementor-top-column elementor-element elementor-element-10dc766c\" data-id=\"10dc766c\" data-element_type=\"column\">\n\t\t\t<div class=\"elementor-widget-wrap elementor-element-populated\">\n\t\t\t\t\t\t<div class=\"elementor-element elementor-element-4f92a9b7 elementor-widget elementor-widget-text-editor\" data-id=\"4f92a9b7\" data-element_type=\"widget\" data-widget_type=\"text-editor.default\">\n\t\t\t\t<div class=\"elementor-widget-container\">\n\t\t\t\t\t\t\t\t\t<ul><li>Lors de la demande de votre visa Schengen, vous devrez \u00e9tablir une preuve de subsistance, c.-\u00e0-d. une preuve que vous pouvez vous permettre financi\u00e8rement votre s\u00e9jour dans la zone Schengen et voyager hors de son territoire pendant la p\u00e9riode de validit\u00e9 de votre visa.<\/li><li>Il vous sera demand\u00e9 d&rsquo;indiquer vos moyens de subsistance pr\u00e9vus dans votre formulaire de demande de visa Schengen. La preuve de subsistance est donc l&rsquo;un des documents suppl\u00e9mentaires que vous devez pr\u00e9senter en plus de vos <strong><u><a href=\"https:\/\/www.schengenvisas.com\/fr\/exigences-des-demandes-de-visa-schengen\/\">documents de base requis<\/a>.<\/u><\/strong><\/li><li>Afin que votre visa Schengen soit approuv\u00e9, vous devrez \u00e9tablir que vous pouvez vous permettre de payer les d\u00e9penses suivantes pendant que vous \u00eates dans la zone Schengen :<ol><li><strong>H\u00e9bergement(s).<\/strong><\/li><li><strong>Co\u00fbt de la vie (nourriture, transport quotidien, etc.).<\/strong><\/li><li><strong>Sortie de la zone Schengen.<\/strong><\/li><li><strong>Autres frais divers ou \u00e9ventuellement impr\u00e9vus.<\/strong><\/li><\/ol><\/li><li>Collectivement appel\u00e9e preuve de subsistance, cette preuve peut prendre la forme de divers documents financiers indiquant votre situation financi\u00e8re personnelle. Vous fournirez cette preuve de subsistance au consulat\/ambassade aupr\u00e8s duquel vous postulez, et ce dernier d\u00e9terminera si elle est valide ou non.<\/li><li>Veuillez noter que, si au moment o\u00f9 vous soumettez votre demande, vous ne pouvez pas vous permettre de subventionner vos frais de s\u00e9jour et\/ou de voyage pr\u00e9vus dans la zone Schengen, mais que vous \u00eates en mesure de d\u00e9montrer de mani\u00e8re cr\u00e9dible que vous disposerez des moyens financiers pour le faire \u00e0 l&rsquo;avenir, vous pouvez toujours \u00eatre consid\u00e9r\u00e9 comme ayant d\u00e9montr\u00e9 de mani\u00e8re satisfaisante une preuve de subsistance pendant la p\u00e9riode de validit\u00e9 de votre visa.<\/li><\/ul><h2>Comment les moyens de subsistance sont-ils d\u00e9termin\u00e9s ?<\/h2><ul><li>Ce qui est qualifi\u00e9 de subsistance est diff\u00e9rent pour chaque pays Schengen. Par exemple, comme la France est g\u00e9n\u00e9ralement plus ch\u00e8re que la R\u00e9publique tch\u00e8que, le montant d&rsquo;argent dont vous avez besoin pour entrer, r\u00e9sider et voyager en France sera probablement plus \u00e9lev\u00e9 que pour la R\u00e9publique tch\u00e8que. En cons\u00e9quence, le montant d&rsquo;argent exig\u00e9 par le consulat\/l&rsquo;ambassade de France (que vous en disposiez lors de le demande ou pr\u00e9voyiez d\u2019en disposer \u00e0 l&rsquo;avenir) sera probablement sup\u00e9rieur au montant dont vous auriez besoin si vous vous rendiez en R\u00e9publique tch\u00e8que.<\/li><li>Pour d\u00e9terminer le montant minimum d&rsquo;argent dont vous aurez besoin pour pouvoir payer votre s\u00e9jour dans la zone Schengen (et voyager hors de son territoire), les autorit\u00e9s consulaires prendront en compte le motif de votre voyage (but) et la dur\u00e9e pr\u00e9vue de votre s\u00e9jour. Ils multiplieront ensuite le nombre de jours pendant lesquels vous pr\u00e9voyez de r\u00e9sider dans la zone Schengen par le co\u00fbt typique d&rsquo;un logement \u00e9conomique dans le ou les \u00c9tat(s) dans lequel\/lesquels vous allez r\u00e9sider. Le calcul r\u00e9sultant sera une estimation de la somme d&rsquo;argent dont vous aurez besoin pour payer l&rsquo;int\u00e9gralit\u00e9 de votre voyage dans la zone Schengen, de l&rsquo;entr\u00e9e \u00e0 la sortie. Afin que votre visa Schengen soit approuv\u00e9, vous devrez prouver que vous disposez d\u00e9j\u00e0 de cette somme d&rsquo;argent ou que vous pourrez l\u00e9galement acqu\u00e9rir cet argent \u00e0 votre date de voyage\/d&rsquo;arriv\u00e9e dans la zone Schengen.<\/li><li>Ind\u00e9pendamment de ce calcul, certains pays peuvent exiger que vous soyez en possession d&rsquo;un montant minimum d&rsquo;argent par jour, bas\u00e9 sur leurs propres calculs du co\u00fbt de la vie moyen dans leur pays. Par exemple : la R\u00e9publique tch\u00e8que exige que les demandeurs de visa Schengen s\u00e9journant moins de 30 jours aient au moins 1,100 CZK par jour, tandis que les demandeurs s\u00e9journant plus de 30 jours doivent avoir au moins 15 x 2,200 = 33,000 CZK. Ce nombre augmente de 4,400 CZK pour chaque mois = 33,000 CZK + 4,400 par mois complet (veuillez noter que ces chiffres sont une estimation ; le minist\u00e8re tch\u00e8que des Affaires \u00e9trang\u00e8res se r\u00e9serve le droit d&rsquo;augmenter ou de diminuer ces montants affich\u00e9s \u00e0 tout moment).<\/li><li>Si vous voyagez et s\u00e9journez dans plus d&rsquo;un pays Schengen, le s\u00e9jour sera probablement calcul\u00e9 sur la base de vos d\u00e9penses estim\u00e9es dans le pays o\u00f9 vous s\u00e9journez le plus longtemps (c.-\u00e0-d. dans le pays qui traite votre demande de visa).<\/li><li>Si vous ne parvenez pas \u00e0 \u00e9tablir correctement une preuve de subsistance, vous pourriez \u00eatre jug\u00e9 comme n&rsquo;ayant pas correctement d\u00e9montr\u00e9 votre intention de quitter la zone Schengen pendant la p\u00e9riode de validit\u00e9 de votre visa, entra\u00eenant un refus de visa Schengen.<\/li><\/ul><h2>Comment pr\u00e9senter une preuve de subsistance ?<\/h2><ul><li>Vous devez pr\u00e9senter des documents indiquant que vous pouvez vous permettre de rester dans la zone Schengen tout au long de votre voyage, et \u00e9galement que vous pouvez vous permettre de voyager hors du territoire Schengen une fois la dur\u00e9e de votre visa \u00e9coul\u00e9e.<\/li><li>Veuillez noter que votre sortie de la zone Schengen peut se faire soit vers votre pays, soit vers un pays tiers dont vous n&rsquo;avez pas la citoyennet\u00e9 ou la r\u00e9sidence (dans ce dernier cas, vous devez pr\u00e9senter la preuve que vous pourrez entrer dans ce pays \u00e0 l\u2019arriv\u00e9e).<\/li><li>Vous pouvez prouver votre subsistance en fournissant au moins l&rsquo;un des \u00e9l\u00e9ments suivants :<ul><li>Relev\u00e9(s) bancaire(s).<\/li><li>Bulletins de paie de plusieurs mois (g\u00e9n\u00e9ralement au moins 3) (et\/ou preuve d&#8217;emploi).<\/li><li>Invitation officielle.<\/li><li>Invitation priv\u00e9e.<\/li><\/ul><\/li><\/ul><p><em><strong><u>(Veuillez noter que la liste ci-dessus ne pr\u00e9tend pas \u00eatre exhaustive, mais montre certaines des formes les plus courantes de preuves de subsistances accept\u00e9es).<\/u><\/strong><\/em><\/p><ul><li>Pr\u00e9sentez les documents originaux des \u00e9l\u00e9ments ci-dessus chaque fois que vous en avez besoin. Sinon, imprimez-les\/faites-en des copies pour les soumettre avec votre demande de visa.<\/li><li>Un logement priv\u00e9 et\/ou une preuve d&rsquo;h\u00e9bergement peuvent dans certains cas prouver que vous avez \u00e9tabli une preuve de subsistance pour votre s\u00e9jour dans votre \u00c9tat membre (c.-\u00e0-d. que vous avez les moyens financiers de vous permettre de rester dans la zone Schengen pendant toute la dur\u00e9e de validit\u00e9 de votre visa).<\/li><li>La preuve de subsistance g\u00e9n\u00e9ralement accept\u00e9e pour un mineur peut \u00eatre sous la forme de son tuteur l\u00e9gal jurant l\u00e9galement qu&rsquo;il couvrira tous les frais li\u00e9s au s\u00e9jour pr\u00e9vu du demandeur dans la zone Schengen. Dans ce cas, son tuteur l\u00e9gal doit pr\u00e9senter les m\u00eames preuves de subsistance que ci-dessus au nom du demandeur.<\/li><li>Veuillez noter que si les exigences ou pr\u00e9f\u00e9rences pour l&rsquo;\u00e9tablissement de moyens de subsistance pour les visas Schengen varient selon le pays, les types g\u00e9n\u00e9raux de preuves (et documents connexes) ci-dessus sont consid\u00e9r\u00e9s comme universels. Les informations d\u00e9tenues sur la fourniture d&rsquo;une preuve de subsistance sont probablement disponibles via le consulat du pays dans lequel vous postulez. Contactez votre consulat ambassade sp\u00e9cifique pour d\u00e9terminer la meilleure fa\u00e7on d&rsquo;\u00e9tablir une preuve de subsistance dans le pays Schengen de votre s\u00e9jour.<\/li><\/ul>\t\t\t\t\t\t\t\t<\/div>\n\t\t\t\t<\/div>\n\t\t\t\t\t<\/div>\n\t\t<\/div>\n\t\t\t\t\t<\/div>\n\t\t<\/section>\n\t\t\t\t<\/div>\n\t\t","protected":false},"excerpt":{"rendered":"<p>Lors de la demande de votre visa Schengen, vous devrez \u00e9tablir une preuve de subsistance,<a class=\"read-more-text pl-2\" href=\"https:\/\/www.schengenvisas.com\/fr\/preuve-de-subsistance-pour-le-visa-schengen\/\">[Lire la suite&#8230;]<\/a><\/p>\n","protected":false},"author":15,"featured_media":0,"parent":0,"menu_order":0,"comment_status":"closed","ping_status":"closed","template":"","meta":{"_acf_changed":false,"inline_featured_image":false,"footnotes":""},"class_list":["post-8632","page","type-page","status-publish","hentry","entry"],"acf":[],"yoast_head":"<!-- This site is optimized with the Yoast SEO Premium plugin v24.1 (Yoast SEO v24.1) - https:\/\/yoast.com\/wordpress\/plugins\/seo\/ -->\n<title>Preuve de subsistance pour visa Schengen | Preuve financi\u00e8re<\/title>\n<meta name=\"description\" content=\"Preuve de subsistance pour le visa Schengen | Preuve financi\u00e8re \u00e0 joindre au formulaire de demande de visa Schengen | Preuve de stabilit\u00e9 financi\u00e8re\" \/>\n<meta name=\"robots\" content=\"index, follow, max-snippet:-1, max-image-preview:large, max-video-preview:-1\" \/>\n<link rel=\"canonical\" href=\"https:\/\/www.schengenvisas.com\/fr\/wp-json\/wp\/v2\/pages\/8632\" \/>\n<meta property=\"og:locale\" content=\"fr_FR\" \/>\n<meta property=\"og:type\" content=\"article\" \/>\n<meta property=\"og:title\" content=\"Preuve de subsistance pour le visa Schengen\" \/>\n<meta property=\"og:description\" content=\"Preuve de subsistance pour le visa Schengen | Preuve financi\u00e8re \u00e0 joindre au formulaire de demande de visa Schengen | Preuve de stabilit\u00e9 financi\u00e8re\" \/>\n<meta property=\"og:url\" content=\"https:\/\/www.schengenvisas.com\/fr\/preuve-de-subsistance-pour-le-visa-schengen\/\" \/>\n<meta property=\"og:site_name\" content=\"Schengen Visas\" \/>\n<meta property=\"article:modified_time\" content=\"2021-07-03T20:29:36+00:00\" \/>\n<meta name=\"twitter:card\" content=\"summary_large_image\" \/>\n<meta name=\"twitter:label1\" content=\"Dur\u00e9e de lecture estim\u00e9e\" \/>\n\t<meta name=\"twitter:data1\" content=\"5 minutes\" \/>\n<script type=\"application\/ld+json\" class=\"yoast-schema-graph\">{\"@context\":\"https:\/\/schema.org\",\"@graph\":[{\"@type\":\"WebPage\",\"@id\":\"https:\/\/www.schengenvisas.com\/fr\/preuve-de-subsistance-pour-le-visa-schengen\/\",\"url\":\"https:\/\/www.schengenvisas.com\/fr\/preuve-de-subsistance-pour-le-visa-schengen\/\",\"name\":\"Preuve de subsistance pour visa Schengen | Preuve financi\u00e8re\",\"isPartOf\":{\"@id\":\"https:\/\/www.schengenvisas.com\/#website\"},\"datePublished\":\"2020-02-01T15:14:06+00:00\",\"dateModified\":\"2021-07-03T20:29:36+00:00\",\"description\":\"Preuve de subsistance pour le visa Schengen | Preuve financi\u00e8re \u00e0 joindre au formulaire de demande de visa Schengen | Preuve de stabilit\u00e9 financi\u00e8re\",\"breadcrumb\":{\"@id\":\"https:\/\/www.schengenvisas.com\/fr\/preuve-de-subsistance-pour-le-visa-schengen\/#breadcrumb\"},\"inLanguage\":\"fr-FR\",\"potentialAction\":[{\"@type\":\"ReadAction\",\"target\":[\"https:\/\/www.schengenvisas.com\/fr\/preuve-de-subsistance-pour-le-visa-schengen\/\"]}]},{\"@type\":\"BreadcrumbList\",\"@id\":\"https:\/\/www.schengenvisas.com\/fr\/preuve-de-subsistance-pour-le-visa-schengen\/#breadcrumb\",\"itemListElement\":[{\"@type\":\"ListItem\",\"position\":1,\"name\":\"Home\",\"item\":\"https:\/\/www.schengenvisas.com\/\"},{\"@type\":\"ListItem\",\"position\":2,\"name\":\"Preuve de subsistance pour le visa Schengen\"}]},{\"@type\":\"WebSite\",\"@id\":\"https:\/\/www.schengenvisas.com\/#website\",\"url\":\"https:\/\/www.schengenvisas.com\/\",\"name\":\"Schengen Visas\",\"description\":\"Schengen Visa Application Services\",\"publisher\":{\"@id\":\"https:\/\/www.schengenvisas.com\/#organization\"},\"potentialAction\":[{\"@type\":\"SearchAction\",\"target\":{\"@type\":\"EntryPoint\",\"urlTemplate\":\"https:\/\/www.schengenvisas.com\/?s={search_term_string}\"},\"query-input\":{\"@type\":\"PropertyValueSpecification\",\"valueRequired\":true,\"valueName\":\"search_term_string\"}}],\"inLanguage\":\"fr-FR\"},{\"@type\":\"Organization\",\"@id\":\"https:\/\/www.schengenvisas.com\/#organization\",\"name\":\"Schengen Visas\",\"url\":\"https:\/\/www.schengenvisas.com\/\",\"logo\":{\"@type\":\"ImageObject\",\"inLanguage\":\"fr-FR\",\"@id\":\"https:\/\/www.schengenvisas.com\/#\/schema\/logo\/image\/\",\"url\":\"https:\/\/www.schengenvisas.com\/wp-content\/uploads\/2023\/03\/logo.svg\",\"contentUrl\":\"https:\/\/www.schengenvisas.com\/wp-content\/uploads\/2023\/03\/logo.svg\",\"width\":894,\"height\":123,\"caption\":\"Schengen Visas\"},\"image\":{\"@id\":\"https:\/\/www.schengenvisas.com\/#\/schema\/logo\/image\/\"}}]}<\/script>\n<!-- \/ Yoast SEO Premium plugin. -->","yoast_head_json":{"title":"Preuve de subsistance pour visa Schengen | Preuve financi\u00e8re","description":"Preuve de subsistance pour le visa Schengen | Preuve financi\u00e8re \u00e0 joindre au formulaire de demande de visa Schengen | Preuve de stabilit\u00e9 financi\u00e8re","robots":{"index":"index","follow":"follow","max-snippet":"max-snippet:-1","max-image-preview":"max-image-preview:large","max-video-preview":"max-video-preview:-1"},"canonical":"https:\/\/www.schengenvisas.com\/fr\/wp-json\/wp\/v2\/pages\/8632","og_locale":"fr_FR","og_type":"article","og_title":"Preuve de subsistance pour le visa Schengen","og_description":"Preuve de subsistance pour le visa Schengen | Preuve financi\u00e8re \u00e0 joindre au formulaire de demande de visa Schengen | Preuve de stabilit\u00e9 financi\u00e8re","og_url":"https:\/\/www.schengenvisas.com\/fr\/preuve-de-subsistance-pour-le-visa-schengen\/","og_site_name":"Schengen Visas","article_modified_time":"2021-07-03T20:29:36+00:00","twitter_card":"summary_large_image","twitter_misc":{"Dur\u00e9e de lecture estim\u00e9e":"5 minutes"},"schema":{"@context":"https:\/\/schema.org","@graph":[{"@type":"WebPage","@id":"https:\/\/www.schengenvisas.com\/fr\/preuve-de-subsistance-pour-le-visa-schengen\/","url":"https:\/\/www.schengenvisas.com\/fr\/preuve-de-subsistance-pour-le-visa-schengen\/","name":"Preuve de subsistance pour visa Schengen | Preuve financi\u00e8re","isPartOf":{"@id":"https:\/\/www.schengenvisas.com\/#website"},"datePublished":"2020-02-01T15:14:06+00:00","dateModified":"2021-07-03T20:29:36+00:00","description":"Preuve de subsistance pour le visa Schengen | Preuve financi\u00e8re \u00e0 joindre au formulaire de demande de visa Schengen | Preuve de stabilit\u00e9 financi\u00e8re","breadcrumb":{"@id":"https:\/\/www.schengenvisas.com\/fr\/preuve-de-subsistance-pour-le-visa-schengen\/#breadcrumb"},"inLanguage":"fr-FR","potentialAction":[{"@type":"ReadAction","target":["https:\/\/www.schengenvisas.com\/fr\/preuve-de-subsistance-pour-le-visa-schengen\/"]}]},{"@type":"BreadcrumbList","@id":"https:\/\/www.schengenvisas.com\/fr\/preuve-de-subsistance-pour-le-visa-schengen\/#breadcrumb","itemListElement":[{"@type":"ListItem","position":1,"name":"Home","item":"https:\/\/www.schengenvisas.com\/"},{"@type":"ListItem","position":2,"name":"Preuve de subsistance pour le visa Schengen"}]},{"@type":"WebSite","@id":"https:\/\/www.schengenvisas.com\/#website","url":"https:\/\/www.schengenvisas.com\/","name":"Schengen Visas","description":"Schengen Visa Application Services","publisher":{"@id":"https:\/\/www.schengenvisas.com\/#organization"},"potentialAction":[{"@type":"SearchAction","target":{"@type":"EntryPoint","urlTemplate":"https:\/\/www.schengenvisas.com\/?s={search_term_string}"},"query-input":{"@type":"PropertyValueSpecification","valueRequired":true,"valueName":"search_term_string"}}],"inLanguage":"fr-FR"},{"@type":"Organization","@id":"https:\/\/www.schengenvisas.com\/#organization","name":"Schengen Visas","url":"https:\/\/www.schengenvisas.com\/","logo":{"@type":"ImageObject","inLanguage":"fr-FR","@id":"https:\/\/www.schengenvisas.com\/#\/schema\/logo\/image\/","url":"https:\/\/www.schengenvisas.com\/wp-content\/uploads\/2023\/03\/logo.svg","contentUrl":"https:\/\/www.schengenvisas.com\/wp-content\/uploads\/2023\/03\/logo.svg","width":894,"height":123,"caption":"Schengen Visas"},"image":{"@id":"https:\/\/www.schengenvisas.com\/#\/schema\/logo\/image\/"}}]}},"_links":{"self":[{"href":"https:\/\/www.schengenvisas.com\/fr\/wp-json\/wp\/v2\/pages\/8632","targetHints":{"allow":["GET"]}}],"collection":[{"href":"https:\/\/www.schengenvisas.com\/fr\/wp-json\/wp\/v2\/pages"}],"about":[{"href":"https:\/\/www.schengenvisas.com\/fr\/wp-json\/wp\/v2\/types\/page"}],"author":[{"embeddable":true,"href":"https:\/\/www.schengenvisas.com\/fr\/wp-json\/wp\/v2\/users\/15"}],"replies":[{"embeddable":true,"href":"https:\/\/www.schengenvisas.com\/fr\/wp-json\/wp\/v2\/comments?post=8632"}],"version-history":[{"count":0,"href":"https:\/\/www.schengenvisas.com\/fr\/wp-json\/wp\/v2\/pages\/8632\/revisions"}],"wp:attachment":[{"href":"https:\/\/www.schengenvisas.com\/fr\/wp-json\/wp\/v2\/media?parent=8632"}],"curies":[{"name":"wp","href":"https:\/\/api.w.org\/{rel}","templated":true}]}}