{"id":8634,"date":"2020-02-01T14:51:02","date_gmt":"2020-02-01T14:51:02","guid":{"rendered":"https:\/\/www.schengenvisas.com\/flight-reservation-for-schengen-visa\/"},"modified":"2021-07-04T00:29:32","modified_gmt":"2021-07-03T20:29:32","slug":"reservation-de-vol-pour-le-visa-schengen","status":"publish","type":"page","link":"https:\/\/www.schengenvisas.com\/fr\/reservation-de-vol-pour-le-visa-schengen\/","title":{"rendered":"R\u00e9servation de vol pour le visa Schengen"},"content":{"rendered":"\t\t<div data-elementor-type=\"wp-page\" data-elementor-id=\"8634\" class=\"elementor elementor-8634 elementor-758\" data-elementor-post-type=\"page\">\n\t\t\t\t\t\t<section class=\"elementor-section elementor-top-section elementor-element elementor-element-3a029afa elementor-section-boxed elementor-section-height-default elementor-section-height-default\" data-id=\"3a029afa\" data-element_type=\"section\">\n\t\t\t\t\t\t<div class=\"elementor-container elementor-column-gap-default\">\n\t\t\t\t\t<div class=\"elementor-column elementor-col-100 elementor-top-column elementor-element elementor-element-213a6a94\" data-id=\"213a6a94\" data-element_type=\"column\">\n\t\t\t<div class=\"elementor-widget-wrap elementor-element-populated\">\n\t\t\t\t\t\t<div class=\"elementor-element elementor-element-547f3365 elementor-widget elementor-widget-text-editor\" data-id=\"547f3365\" data-element_type=\"widget\" data-widget_type=\"text-editor.default\">\n\t\t\t\t<div class=\"elementor-widget-container\">\n\t\t\t\t\t\t\t\t\t<ul><li>Pour d\u00e9cider d&rsquo;approuver ou non votre demande de visa Schengen, les autorit\u00e9s consulaires examineront de pr\u00e8s si vous avez r\u00e9ussi \u00e0 d\u00e9montrer votre intention de quitter la zone Schengen (ainsi que votre capacit\u00e9 \u00e0 payer pour la sortie) avant l&rsquo;expiration de votre visa.<\/li><li>Aussi connu sous le nom de \u00ab preuve de retour \u00bb, l&rsquo;un des moyens les plus courants de montrer votre intention de quitter l&rsquo;espace Schengen pendant la p\u00e9riode de validit\u00e9 de votre visa est de r\u00e9server un vol aller-retour dans et hors de l&rsquo;espace Schengen aux dates d&rsquo;entr\u00e9e et de sortie pendant la p\u00e9riode de validit\u00e9 de votre visa.<\/li><li>Veuillez noter que bien que les r\u00e9servations de vol soient la preuve de retour la plus couramment accept\u00e9e et pr\u00e9f\u00e9r\u00e9e, vous pouvez soumettre toute preuve de voyage hors de la zone Schengen, comme un billet de train, une r\u00e9servation de ferry, etc.<\/li><li>Certaines formes acceptables de preuve de retour sont les suivantes :<ol><li><span style=\"font-family: Gilroy-Medium; text-align: left; color: var( --e-global-color-text ); font-weight: var( --e-global-typography-text-font-weight );\">R\u00e9servation confirm\u00e9e d\u2019une compagnie a\u00e9rienne ou billet d&rsquo;avion aller-retour pr\u00e9pay\u00e9 hors de la zone Schengen m\u00eame si vous pouvez annuler votre billet sans frais, car cette m\u00e9thode montre que vous avez recherch\u00e9 des vols en dehors de la zone Schengen. Il s\u2019agit probablement de la meilleure fa\u00e7on de d\u00e9montrer que vous envisagez vraiment de quitter le territoire Schengen.<\/span><\/li><li><span style=\"font-family: Gilroy-Medium; text-align: left; color: var( --e-global-color-text ); font-weight: var( --e-global-typography-text-font-weight );\">Billet de ferry pr\u00e9pay\u00e9 hors de la zone Schengen, par exemple, un billet pour un voyage en ferry depuis un port du sud de l&rsquo;Espagne (un \u00c9tat membre de Schengen) vers Tanger, au Maroc (un \u00c9tat non Schengen).<\/span><\/li><li><span style=\"font-family: Gilroy-Medium; text-align: left; color: var( --e-global-color-text ); font-weight: var( --e-global-typography-text-font-weight );\">Billet de train pr\u00e9pay\u00e9, comme un billet de train de Paris, France (un \u00c9tat membre de Schengen) vers Londres, Royaume-Uni (un \u00c9tat non Schengen).<\/span><\/li><li><span style=\"font-family: Gilroy-Medium; text-align: left; color: var( --e-global-color-text ); font-weight: var( --e-global-typography-text-font-weight );\">Itin\u00e9raire de voyage (d&rsquo;une agence de voyage r\u00e9put\u00e9e) d\u00e9taillant votre sortie de la zone Schengen.<\/span><\/li><\/ol><\/li><li><span style=\"color: var( --e-global-color-text ); font-weight: var( --e-global-typography-text-font-weight );\">Apr\u00e8s avoir s\u00e9lectionn\u00e9 votre forme de preuve de retour, vous devez imprimer votre re\u00e7u ou billet de voyage et le soumettre avec votre demande comme preuve de votre intention de quitter la zone Schengen.<\/span><\/li><li>Si vous avez pr\u00e9pay\u00e9 un billet vous permettant de quitter un \u00c9tat membre Schengen, cela pr\u00e9sente l&rsquo;avantage suppl\u00e9mentaire de remplir la condition selon laquelle vous pouvez vous permettre de quitter la zone Schengen.<\/li><li>Veuillez noter que la date de sortie pr\u00e9vue de votre \u00c9tat membre Schengen respectif sur votre billet ou itin\u00e9raire de voyage doit correspondre \u00e0 la date \u00e0 laquelle vous avez indiqu\u00e9 que vous quitteriez la zone Schengen sur votre formulaire de demande Schengen. Si les dates ne correspondent pas, cela peut \u00eatre consid\u00e9r\u00e9 comme une indication que votre intention de quitter la zone Schengen n&rsquo;est pas r\u00e9elle.<\/li><\/ul><h2>Pourquoi faire une r\u00e9servation de vol pour une demande de visa Schengen ?<\/h2><ul><li>Parce que les r\u00e9servations de vols sont g\u00e9n\u00e9ralement plus ch\u00e8res que les autres formes de voyage, les r\u00e9servations de vols pour les visas Schengen sont peut-\u00eatre le meilleur moyen d&rsquo;\u00e9tablir \u00e0 la fois votre intention de quitter la zone Schengen et votre capacit\u00e9 \u00e0 le faire. Pour cette raison, il est recommand\u00e9 de faire une r\u00e9servation de vol afin d&rsquo;\u00e9tablir une preuve de retour dans le cadre de votre demande de visa Schengen.<\/li><li>Vous pouvez effectuer une r\u00e9servation pour un vol de l&rsquo;une des mani\u00e8res suivantes :<ol><li>Un site de r\u00e9servation de voyages en ligne.<\/li><li>Un site Web de compagnie a\u00e9rienne en ligne.<\/li><li>Une agence de voyages.<\/li><li>En appelant directement une compagnie a\u00e9rienne.<\/li><\/ol><\/li><li>Une fois que vous avez d\u00e9cid\u00e9 des modalit\u00e9s de votre r\u00e9servation, vous pouvez effectuer l&rsquo;une des op\u00e9rations suivantes :<ol><li>R\u00e9server un vol et obtenir un itin\u00e9raire de vol.<\/li><li>Obtenir un billet d&rsquo;avion remboursable.<\/li><li>Obtenir un billet d&rsquo;avion non remboursable.<\/li><\/ol><\/li><li>Veuillez noter que vous n&rsquo;\u00eates pas oblig\u00e9 d&rsquo;acheter un billet d&rsquo;avion pour effectuer une r\u00e9servation de vol. L&rsquo;achat pr\u00e9alable d&rsquo;un vol avant que vous ne soyez approuv\u00e9 pour un visa pourrait vous faire perdre de l&rsquo;argent en cas de refus de votre visa Schengen.<\/li><li>La r\u00e9servation d&rsquo;un vol aller-retour aupr\u00e8s d&rsquo;une agence de voyages ou d&rsquo;un site Web r\u00e9put\u00e9 vous fournira, ainsi qu&rsquo;aux autorit\u00e9s comp\u00e9tentes, un moyen fiable de confirmer que :<ul><li>Vous avez soigneusement \u00e9tudi\u00e9 vos options pour entrer et sortir de la zone Schengen.<\/li><li>Le vol existe vraiment.<\/li><li>Les dates d&rsquo;arriv\u00e9e et de d\u00e9part des vols correspondent aux dates que vous avez s\u00e9lectionn\u00e9es sur votre demande de visa pour l&rsquo;entr\u00e9e et la sortie de la zone Schengen.<\/li><li>L&rsquo;itin\u00e9raire de vol comprendra votre nom, les num\u00e9ros de vol, les destinations et les dates, ainsi que le prix du billet (indiquant en outre votre engagement \u00e0 partir).<\/li><\/ul><\/li><li>Veuillez noter que le fait de ne pas r\u00e9server un vol hors de l&rsquo;espace Schengen peut \u00eatre interpr\u00e9t\u00e9 comme une intention de rester dans la zone Schengen \u00e0 l\u2019issue de la p\u00e9riode de validit\u00e9 de votre visa, ce qui risque d\u2019entra\u00eener le refus de ce dernier.<\/li><li>Dans de tr\u00e8s rares cas, si votre demande de visa est approuv\u00e9e, l&rsquo;ambassade\/le consulat aupr\u00e8s duquel vous postulez peut insister pour que vous achetiez votre vol hors de la zone Schengen comme confirmation finale de la preuve de retour, comme condition de r\u00e9ception de votre Schengen visa. Veuillez noter que cela ne se produit que dans des cas exceptionnels et n&rsquo;est pas la norme.<\/li><\/ul><h2>Quel type de r\u00e9servation de vol dois-je effectuer ?<\/h2><ul><li>Votre r\u00e9servation de vol ne doit pas n\u00e9cessairement \u00eatre faite pour le retour dans votre pays d&rsquo;origine, du moment qu&rsquo;il s&rsquo;agit d&rsquo;un vol hors de la zone Schengen (c.-\u00e0-d. qu&rsquo;il atterrit dans un pays non Schengen).<\/li><li>Si vous effectuez une r\u00e9servation pour un vol hors de la zone Schengen vers un pays tiers dont vous n&rsquo;avez pas la citoyennet\u00e9 ou la r\u00e9sidence, vous devez pr\u00e9senter la preuve que vous pourrez entrer dans ce pays \u00e0 l&rsquo;arriv\u00e9e. Si vous ne fournissez pas de mani\u00e8re ad\u00e9quate la preuve d&rsquo;entr\u00e9e dans un pays tiers dans lequel vous avez une r\u00e9servation de vol, vous pourriez \u00eatre jug\u00e9 comme n&rsquo;ayant pas correctement \u00e9tabli votre intention de quitter la zone Schengen pendant la p\u00e9riode de validit\u00e9 de votre visa, entra\u00eenant le refus de ce dernier.<\/li><li>Par exemple, si vous \u00eates un citoyen \u00e9gyptien r\u00e9sidant en \u00c9gypte, qui quitte la zone Schengen vers le Japon (plut\u00f4t que de retourner en \u00c9gypte), vous devez d\u00e9montrer avec succ\u00e8s que vous serez autoris\u00e9 \u00e0 embarquer sur le vol pour le Japon et \u00e0 entrer dans le pays (c.-\u00e0-d. que vous poss\u00e9dez les bons visas\/documents d&rsquo;entr\u00e9e pour entrer au Japon en tant qu&rsquo;\u00c9gyptien avec votre document de voyage sp\u00e9cifique.<\/li><li>Id\u00e9alement, dans cette situation, vous fourniriez \u00e9galement une preuve de voyage hors du pays tiers (\u00c9tat non Schengen) vers votre pays de r\u00e9sidence\/citoyennet\u00e9. En poursuivant l&rsquo;exemple ci-dessus, cela signifie que votre demande inclurait une preuve de r\u00e9servation de vol\/des billets montrant que vous allez \u00e9ventuellement voyager du Japon vers votre pays d&rsquo;origine\/pays de r\u00e9sidence.<\/li><li>Veuillez noter que si vous ne pouvez pas vous permettre un vol hors de la zone Schengen au moment de votre demande, mais que vous \u00eates en mesure de d\u00e9montrer de mani\u00e8re cr\u00e9dible que vous disposerez des moyens de le faire \u00e0 l&rsquo;avenir, vous pouvez \u00eatre consid\u00e9r\u00e9 comme ayant d\u00e9montr\u00e9 de mani\u00e8re satisfaisante votre intention de quitter la zone Schengen pendant la p\u00e9riode de validit\u00e9 de votre visa.<\/li><\/ul>\t\t\t\t\t\t\t\t<\/div>\n\t\t\t\t<\/div>\n\t\t\t\t\t<\/div>\n\t\t<\/div>\n\t\t\t\t\t<\/div>\n\t\t<\/section>\n\t\t\t\t<\/div>\n\t\t","protected":false},"excerpt":{"rendered":"<p>Pour d\u00e9cider d&rsquo;approuver ou non votre demande de visa Schengen, les autorit\u00e9s consulaires examineront de<a class=\"read-more-text pl-2\" href=\"https:\/\/www.schengenvisas.com\/fr\/reservation-de-vol-pour-le-visa-schengen\/\">[Lire la suite&#8230;]<\/a><\/p>\n","protected":false},"author":15,"featured_media":0,"parent":0,"menu_order":0,"comment_status":"closed","ping_status":"closed","template":"","meta":{"_acf_changed":false,"inline_featured_image":false,"footnotes":""},"class_list":["post-8634","page","type-page","status-publish","hentry","entry"],"acf":[],"yoast_head":"<!-- This site is optimized with the Yoast SEO Premium plugin v24.1 (Yoast SEO v24.1) - https:\/\/yoast.com\/wordpress\/plugins\/seo\/ -->\n<title>R\u00e9servation de vol pour le formulaire de demande de visa Schengen<\/title>\n<meta name=\"description\" content=\"R\u00e9servation de vols pour le formulaire de demande de visa Schengen | R\u00e9servez des vols pour visiter un \u00c9tat de la zone Schengen | Exigences pour le visa Schengen\" \/>\n<meta name=\"robots\" content=\"index, follow, max-snippet:-1, max-image-preview:large, max-video-preview:-1\" \/>\n<link rel=\"canonical\" href=\"https:\/\/www.schengenvisas.com\/fr\/wp-json\/wp\/v2\/pages\/8634\" \/>\n<meta property=\"og:locale\" content=\"fr_FR\" \/>\n<meta property=\"og:type\" content=\"article\" \/>\n<meta property=\"og:title\" content=\"R\u00e9servation de vol pour le visa Schengen\" \/>\n<meta property=\"og:description\" content=\"R\u00e9servation de vols pour le formulaire de demande de visa Schengen | R\u00e9servez des vols pour visiter un \u00c9tat de la zone Schengen | Exigences pour le visa Schengen\" \/>\n<meta property=\"og:url\" content=\"https:\/\/www.schengenvisas.com\/fr\/reservation-de-vol-pour-le-visa-schengen\/\" \/>\n<meta property=\"og:site_name\" content=\"Schengen Visas\" \/>\n<meta property=\"article:modified_time\" content=\"2021-07-03T20:29:32+00:00\" \/>\n<meta name=\"twitter:card\" content=\"summary_large_image\" \/>\n<meta name=\"twitter:label1\" content=\"Dur\u00e9e de lecture estim\u00e9e\" \/>\n\t<meta name=\"twitter:data1\" content=\"6 minutes\" \/>\n<script type=\"application\/ld+json\" class=\"yoast-schema-graph\">{\"@context\":\"https:\/\/schema.org\",\"@graph\":[{\"@type\":\"WebPage\",\"@id\":\"https:\/\/www.schengenvisas.com\/fr\/reservation-de-vol-pour-le-visa-schengen\/\",\"url\":\"https:\/\/www.schengenvisas.com\/fr\/reservation-de-vol-pour-le-visa-schengen\/\",\"name\":\"R\u00e9servation de vol pour le formulaire de demande de visa Schengen\",\"isPartOf\":{\"@id\":\"https:\/\/www.schengenvisas.com\/#website\"},\"datePublished\":\"2020-02-01T14:51:02+00:00\",\"dateModified\":\"2021-07-03T20:29:32+00:00\",\"description\":\"R\u00e9servation de vols pour le formulaire de demande de visa Schengen | R\u00e9servez des vols pour visiter un \u00c9tat de la zone Schengen | Exigences pour le visa Schengen\",\"breadcrumb\":{\"@id\":\"https:\/\/www.schengenvisas.com\/fr\/reservation-de-vol-pour-le-visa-schengen\/#breadcrumb\"},\"inLanguage\":\"fr-FR\",\"potentialAction\":[{\"@type\":\"ReadAction\",\"target\":[\"https:\/\/www.schengenvisas.com\/fr\/reservation-de-vol-pour-le-visa-schengen\/\"]}]},{\"@type\":\"BreadcrumbList\",\"@id\":\"https:\/\/www.schengenvisas.com\/fr\/reservation-de-vol-pour-le-visa-schengen\/#breadcrumb\",\"itemListElement\":[{\"@type\":\"ListItem\",\"position\":1,\"name\":\"Home\",\"item\":\"https:\/\/www.schengenvisas.com\/\"},{\"@type\":\"ListItem\",\"position\":2,\"name\":\"R\u00e9servation de vol pour le visa Schengen\"}]},{\"@type\":\"WebSite\",\"@id\":\"https:\/\/www.schengenvisas.com\/#website\",\"url\":\"https:\/\/www.schengenvisas.com\/\",\"name\":\"Schengen Visas\",\"description\":\"Schengen Visa Application Services\",\"publisher\":{\"@id\":\"https:\/\/www.schengenvisas.com\/#organization\"},\"potentialAction\":[{\"@type\":\"SearchAction\",\"target\":{\"@type\":\"EntryPoint\",\"urlTemplate\":\"https:\/\/www.schengenvisas.com\/?s={search_term_string}\"},\"query-input\":{\"@type\":\"PropertyValueSpecification\",\"valueRequired\":true,\"valueName\":\"search_term_string\"}}],\"inLanguage\":\"fr-FR\"},{\"@type\":\"Organization\",\"@id\":\"https:\/\/www.schengenvisas.com\/#organization\",\"name\":\"Schengen Visas\",\"url\":\"https:\/\/www.schengenvisas.com\/\",\"logo\":{\"@type\":\"ImageObject\",\"inLanguage\":\"fr-FR\",\"@id\":\"https:\/\/www.schengenvisas.com\/#\/schema\/logo\/image\/\",\"url\":\"https:\/\/www.schengenvisas.com\/wp-content\/uploads\/2023\/03\/logo.svg\",\"contentUrl\":\"https:\/\/www.schengenvisas.com\/wp-content\/uploads\/2023\/03\/logo.svg\",\"width\":894,\"height\":123,\"caption\":\"Schengen Visas\"},\"image\":{\"@id\":\"https:\/\/www.schengenvisas.com\/#\/schema\/logo\/image\/\"}}]}<\/script>\n<!-- \/ Yoast SEO Premium plugin. -->","yoast_head_json":{"title":"R\u00e9servation de vol pour le formulaire de demande de visa Schengen","description":"R\u00e9servation de vols pour le formulaire de demande de visa Schengen | R\u00e9servez des vols pour visiter un \u00c9tat de la zone Schengen | Exigences pour le visa Schengen","robots":{"index":"index","follow":"follow","max-snippet":"max-snippet:-1","max-image-preview":"max-image-preview:large","max-video-preview":"max-video-preview:-1"},"canonical":"https:\/\/www.schengenvisas.com\/fr\/wp-json\/wp\/v2\/pages\/8634","og_locale":"fr_FR","og_type":"article","og_title":"R\u00e9servation de vol pour le visa Schengen","og_description":"R\u00e9servation de vols pour le formulaire de demande de visa Schengen | R\u00e9servez des vols pour visiter un \u00c9tat de la zone Schengen | Exigences pour le visa Schengen","og_url":"https:\/\/www.schengenvisas.com\/fr\/reservation-de-vol-pour-le-visa-schengen\/","og_site_name":"Schengen Visas","article_modified_time":"2021-07-03T20:29:32+00:00","twitter_card":"summary_large_image","twitter_misc":{"Dur\u00e9e de lecture estim\u00e9e":"6 minutes"},"schema":{"@context":"https:\/\/schema.org","@graph":[{"@type":"WebPage","@id":"https:\/\/www.schengenvisas.com\/fr\/reservation-de-vol-pour-le-visa-schengen\/","url":"https:\/\/www.schengenvisas.com\/fr\/reservation-de-vol-pour-le-visa-schengen\/","name":"R\u00e9servation de vol pour le formulaire de demande de visa Schengen","isPartOf":{"@id":"https:\/\/www.schengenvisas.com\/#website"},"datePublished":"2020-02-01T14:51:02+00:00","dateModified":"2021-07-03T20:29:32+00:00","description":"R\u00e9servation de vols pour le formulaire de demande de visa Schengen | R\u00e9servez des vols pour visiter un \u00c9tat de la zone Schengen | Exigences pour le visa Schengen","breadcrumb":{"@id":"https:\/\/www.schengenvisas.com\/fr\/reservation-de-vol-pour-le-visa-schengen\/#breadcrumb"},"inLanguage":"fr-FR","potentialAction":[{"@type":"ReadAction","target":["https:\/\/www.schengenvisas.com\/fr\/reservation-de-vol-pour-le-visa-schengen\/"]}]},{"@type":"BreadcrumbList","@id":"https:\/\/www.schengenvisas.com\/fr\/reservation-de-vol-pour-le-visa-schengen\/#breadcrumb","itemListElement":[{"@type":"ListItem","position":1,"name":"Home","item":"https:\/\/www.schengenvisas.com\/"},{"@type":"ListItem","position":2,"name":"R\u00e9servation de vol pour le visa Schengen"}]},{"@type":"WebSite","@id":"https:\/\/www.schengenvisas.com\/#website","url":"https:\/\/www.schengenvisas.com\/","name":"Schengen Visas","description":"Schengen Visa Application Services","publisher":{"@id":"https:\/\/www.schengenvisas.com\/#organization"},"potentialAction":[{"@type":"SearchAction","target":{"@type":"EntryPoint","urlTemplate":"https:\/\/www.schengenvisas.com\/?s={search_term_string}"},"query-input":{"@type":"PropertyValueSpecification","valueRequired":true,"valueName":"search_term_string"}}],"inLanguage":"fr-FR"},{"@type":"Organization","@id":"https:\/\/www.schengenvisas.com\/#organization","name":"Schengen Visas","url":"https:\/\/www.schengenvisas.com\/","logo":{"@type":"ImageObject","inLanguage":"fr-FR","@id":"https:\/\/www.schengenvisas.com\/#\/schema\/logo\/image\/","url":"https:\/\/www.schengenvisas.com\/wp-content\/uploads\/2023\/03\/logo.svg","contentUrl":"https:\/\/www.schengenvisas.com\/wp-content\/uploads\/2023\/03\/logo.svg","width":894,"height":123,"caption":"Schengen Visas"},"image":{"@id":"https:\/\/www.schengenvisas.com\/#\/schema\/logo\/image\/"}}]}},"_links":{"self":[{"href":"https:\/\/www.schengenvisas.com\/fr\/wp-json\/wp\/v2\/pages\/8634","targetHints":{"allow":["GET"]}}],"collection":[{"href":"https:\/\/www.schengenvisas.com\/fr\/wp-json\/wp\/v2\/pages"}],"about":[{"href":"https:\/\/www.schengenvisas.com\/fr\/wp-json\/wp\/v2\/types\/page"}],"author":[{"embeddable":true,"href":"https:\/\/www.schengenvisas.com\/fr\/wp-json\/wp\/v2\/users\/15"}],"replies":[{"embeddable":true,"href":"https:\/\/www.schengenvisas.com\/fr\/wp-json\/wp\/v2\/comments?post=8634"}],"version-history":[{"count":0,"href":"https:\/\/www.schengenvisas.com\/fr\/wp-json\/wp\/v2\/pages\/8634\/revisions"}],"wp:attachment":[{"href":"https:\/\/www.schengenvisas.com\/fr\/wp-json\/wp\/v2\/media?parent=8634"}],"curies":[{"name":"wp","href":"https:\/\/api.w.org\/{rel}","templated":true}]}}