{"id":8635,"date":"2020-02-01T15:23:09","date_gmt":"2020-02-01T15:23:09","guid":{"rendered":"https:\/\/www.schengenvisas.com\/schengen-visa-insurance\/"},"modified":"2025-08-05T20:10:25","modified_gmt":"2025-08-05T16:10:25","slug":"assurance-visa-schengen","status":"publish","type":"page","link":"https:\/\/www.schengenvisas.com\/fr\/assurance-visa-schengen\/","title":{"rendered":"Assurance Visa Schengen"},"content":{"rendered":"\t\t<div data-elementor-type=\"wp-page\" data-elementor-id=\"8635\" class=\"elementor elementor-8635 elementor-762\" data-elementor-post-type=\"page\">\n\t\t\t\t\t\t<section class=\"elementor-section elementor-top-section elementor-element elementor-element-71cad7fd elementor-section-boxed elementor-section-height-default elementor-section-height-default\" data-id=\"71cad7fd\" data-element_type=\"section\">\n\t\t\t\t\t\t<div class=\"elementor-container elementor-column-gap-default\">\n\t\t\t\t\t<div class=\"elementor-column elementor-col-100 elementor-top-column elementor-element elementor-element-2dc2d088\" data-id=\"2dc2d088\" data-element_type=\"column\">\n\t\t\t<div class=\"elementor-widget-wrap elementor-element-populated\">\n\t\t\t\t\t\t<div class=\"elementor-element elementor-element-4ba5e7b5 elementor-widget elementor-widget-text-editor\" data-id=\"4ba5e7b5\" data-element_type=\"widget\" data-widget_type=\"text-editor.default\">\n\t\t\t\t<div class=\"elementor-widget-container\">\n\t\t\t\t\t\t\t\t\t<h2>Qui a besoin d&rsquo;une assurance visa Schengen ?<\/h2><p>Si vous demandez un visa Schengen uniforme (VSU), vous devrez obtenir une assurance m\u00e9dicale de voyage internationale et soumettre une preuve de couverture avec votre demande. Cette assurance est destin\u00e9e \u00e0 vous fournir une couverture en cas de rapatriement m\u00e9dical, de soins m\u00e9dicaux et\/ou d&rsquo;hospitalisation ou de d\u00e9c\u00e8s lors que vous \u00eates dans la zone Schengen avec un visa Schengen. Par cons\u00e9quent, si vous rencontrez un probl\u00e8me m\u00e9dical pendant votre s\u00e9jour \u00e0 l&rsquo;\u00e9tranger qui vous oblige \u00e0 vous rendre \u00e0 l&rsquo;h\u00f4pital, votre assurance m\u00e9dicale de voyage prendra en charge le co\u00fbt de votre traitement, plut\u00f4t que votre pays d&rsquo;accueil.<\/p><ul><li><strong>Veuillez noter que vous pouvez vous faire refuser un visa Schengen si vous ne fournissez pas une preuve suffisante d&rsquo;une couverture d&rsquo;assurance valide.<\/strong><\/li><li>La preuve d&rsquo;assurance de visa Schengen fait donc partie des <a href=\"https:\/\/www.schengenvisas.com\/fr\/exigences-des-demandes-de-visa-schengen\/\"><strong><u>documents de base requis<\/u><\/strong> <\/a>que vous devez soumettre dans le cadre de votre demande de visa Schengen.<\/li><li>Votre formulaire de demande contiendra une section vous demandant de signer une d\u00e9claration attestant votre reconnaissance de votre obligation de souscrire une assurance m\u00e9dicale pour votre s\u00e9jour dans la zone Schengen.<\/li><li>L&rsquo;assurance m\u00e9dicale de voyage avec visa Schengen est diff\u00e9rente de l&rsquo;assurance maladie visa Schengen. L&rsquo;assurance maladie est g\u00e9n\u00e9ralement plus compl\u00e8te que l&rsquo;assurance m\u00e9dicale de voyage, qui couvre principalement les \u00e9v\u00e9nements m\u00e9dicaux majeurs n\u00e9cessitant une hospitalisation. Par exemple, alors que l&rsquo;assurance maladie peut couvrir le co\u00fbt de votre trajet en ambulance jusqu&rsquo;\u00e0 l&rsquo;h\u00f4pital, ainsi que votre hospitalisation et votre r\u00e9\u00e9ducation post-hospitalisation, l&rsquo;assurance m\u00e9dicale de voyage ne couvrirait probablement que le co\u00fbt de votre hospitalisation. Veuillez noter qu&rsquo;il n&rsquo;est pas n\u00e9cessaire pour vous d\u2019obtenir une assurance maladie de voyage pour obtenir un visa Schengen. Cependant, il est n\u00e9cessaire d\u2019avoir une assurance m\u00e9dicale.<\/li><\/ul><h5><span style=\"text-decoration: underline;\">Voici les exigences de l&rsquo;assurance m\u00e9dicale pour les visas Schengen :<\/span><\/h5><ul><li><strong>Couverture minimale de 30 000 EUR.<\/strong><\/li><li><strong>Validit\u00e9 pendant toute la dur\u00e9e de s\u00e9jour pr\u00e9vue.<\/strong><ul><li>Votre couverture doit \u00eatre valable pendant toute la dur\u00e9e de votre s\u00e9jour pr\u00e9vu dans la zone Schengen, comme le prouve votre r\u00e9servation de vol (billet d&rsquo;avion) pr\u00e9sent\u00e9e comme document compl\u00e9mentaire de votre demande de visa Schengen. Veuillez noter que votre assurance doit \u00eatre valable du jour de votre entr\u00e9e pr\u00e9vue dans la zone Schengen jusqu&rsquo;au jour de votre d\u00e9part ; le fait de ne pas b\u00e9n\u00e9ficier d&rsquo;une couverture pour toute cette p\u00e9riode (m\u00eame un seul jour) entra\u00eenera probablement le refus de votre demande de visa. Veuillez noter qu&rsquo;une couverture qui s&rsquo;\u00e9tend au-del\u00e0 de votre jour de d\u00e9part pr\u00e9vu est acceptable, \u00e0 condition qu&rsquo;elle couvre au minimum la p\u00e9riode entre l&rsquo;arriv\u00e9e et le d\u00e9part de la zone Schengen.<\/li><li>Cette stipulation selon laquelle votre assurance doit \u00eatre valable pour la totalit\u00e9 de votre s\u00e9jour dans la zone Schengen est principalement pertinente pour les visas \u00e0 entr\u00e9e simple et double. Si votre visa Schengen est pour plusieurs entr\u00e9es, vous devez obtenir une assurance m\u00e9dicale de voyage couvrant (au minimum), la premi\u00e8re p\u00e9riode de votre s\u00e9jour pr\u00e9vu dans la zone Schengen (\u00e9galement prouv\u00e9e par les billets d&rsquo;avion\/les dates de voyage pr\u00e9vues telles que fournies dans votre demande de visa Schengen), puis toutes les entr\u00e9es suivantes.<\/li><\/ul><\/li><li><strong>Validit\u00e9 dans et \u00e0 travers l&rsquo;espace Schengen (c.-\u00e0-d. valable pour tous les pays Schengen).<\/strong><\/li><li><strong>Avoir des conditions clairement \u00e9nonc\u00e9es sur le document d&rsquo;assurance ou la lettre de confirmation.<\/strong><\/li><\/ul><p>Veuillez noter que si quelqu&rsquo;un obtient une assurance \u00e0 votre nom, les m\u00eames conditions ci-dessus s&rsquo;appliqueront.<\/p><h5><span style=\"text-decoration: underline;\">Choses \u00e0 consid\u00e9rer :<\/span><\/h5><ul><li>Lorsque vous soumettez une preuve de couverture, les autorit\u00e9s consulaires pertinentes examineront si elle est suffisante et valide par rapport \u00e0 votre profession et \u00e0 vos revenus. Si votre couverture d&rsquo;assurance est \u00e0 un niveau correspondant \u00e0 la nature de votre profession et de vos revenus, elle sera jug\u00e9e suffisante et valide.<\/li><li>Si vous avez un visa territorial limit\u00e9, votre couverture doit au minimum \u00eatre valide pour le ou les \u00c9tat(s) valide(s) selon les termes de votre visa. Par exemple, si vous avez un visa territorial limit\u00e9 pour la Hongrie et l&rsquo;Autriche, votre assurance doit \u00eatre valable pour les deux \u00c9tats, dans le cas o\u00f9 vous rencontrez un probl\u00e8me m\u00e9dical sur l&rsquo;un ou l&rsquo;autre territoire.<\/li><li>Les assurances m\u00e9dicales des cartes de cr\u00e9dit ne sont g\u00e9n\u00e9ralement pas consid\u00e9r\u00e9es comme valides.<\/li><\/ul><h2>Qui n&rsquo;a pas besoin d&rsquo;une assurance m\u00e9dicale de voyage ?<\/h2><ul><li>Certains types de candidats peuvent \u00eatre dispens\u00e9s de l&rsquo;obligation g\u00e9n\u00e9rale d\u2019obtenir une assurance m\u00e9dicale de visa Schengen, notamment :<ul><li>Les d\u00e9tenteurs d\u2019un passeport diplomatique.<\/li><li>Les marins.<\/li><li>\u00c9tant donn\u00e9 que l&rsquo;assurance m\u00e9dicale n&rsquo;est pas disponible \u00e0 l&rsquo;achat \u00e0 une fronti\u00e8re ext\u00e9rieure, les personnes qui demandent un visa Schengen \u00e0 une fronti\u00e8re ext\u00e9rieure d&rsquo;un \u00c9tat Schengen peuvent \u00eatre exempt\u00e9es de l&rsquo;obligation de l&rsquo;obtenir.<\/li><li>Rarement, et dans certains cas, la stipulation exigeant une assurance peut \u00eatre ignor\u00e9e pour des raisons humanitaires.<\/li><\/ul><\/li><\/ul><h2>O\u00f9 obtenir une assurance m\u00e9dicale de voyage ?<\/h2><ul><li>Id\u00e9alement, vous devriez obtenir une assurance visa Schengen dans le pays o\u00f9 vous vivez actuellement. Si vous n&rsquo;\u00eates pas en mesure de le faire pour quelque raison que ce soit, vous devez essayer d\u2019obtenir une assurance quel que soit le pays.<\/li><li>De nombreux consulats ont des relations avec des compagnies d&rsquo;assurance voyage m\u00e9dicale. Dans de nombreux cas, le consulat\/l&rsquo;ambassade aupr\u00e8s duquel\/de laquelle vous postulez peut vous diriger vers une compagnie d&rsquo;assurance de votre r\u00e9gion o\u00f9 vous pouvez obtenir une couverture m\u00e9dicale de voyage.<\/li><li>Vous pouvez \u00e9galement obtenir une assurance voyage pour visa Schengen en ligne.<\/li><li>Vous obtiendrez de plus amples informations sur l&rsquo;assurance m\u00e9dicale de voyage au cours de votre processus de demande.<\/li><\/ul><h2>Combien co\u00fbte l&rsquo;assurance m\u00e9dicale de voyage ?<\/h2><ul><li>Les frais d&rsquo;assurance m\u00e9dicale pour le visa Schengen varient en fonction d&rsquo;un certain nombre de facteurs, notamment votre \u00e2ge, votre \u00e9tat de sant\u00e9 g\u00e9n\u00e9ral, la dur\u00e9e de votre voyage et le niveau de couverture.<\/li><li>La plupart des frais d&rsquo;assurance visa Schengen ne doivent pas d\u00e9passer plusieurs centaines de dollars am\u00e9ricains.<\/li><\/ul><h2>Quels types de situations m\u00e9dicales sont g\u00e9n\u00e9ralement couverts par l&rsquo;assurance m\u00e9dicale de voyage ?<\/h2><ul><li>L&rsquo;assurance m\u00e9dicale de voyage couvre les accidents, maladies et autres \u00e9v\u00e9nements m\u00e9dicaux n\u00e9cessitant une hospitalisation pour traitement survenant pendant votre s\u00e9jour \u00e0 l\u2019\u00e9tranger. Certains des \u00e9v\u00e9nements m\u00e9dicaux les plus courants couverts par l\u2019assurance m\u00e9dicale sont les suivants :<ul><li>Blessures r\u00e9sultant d&rsquo;accidents de voiture<\/li><li>Fractures subies par des chutes<\/li><li>Crises cardiaques\/\u00e9v\u00e9nements cardiovasculaires<\/li><li>Rapatriement du corps en cas de d\u00e9c\u00e8s \u00e0 l&rsquo;\u00e9tranger.<\/li><\/ul><\/li><\/ul><h2>Quels types de situations m\u00e9dicales ne sont g\u00e9n\u00e9ralement pas couverts par l&rsquo;assurance m\u00e9dicale de voyage ?<\/h2><ul><li>La plupart des r\u00e9gimes d&rsquo;assurance voyage m\u00e9dicale ne couvrent pas les probl\u00e8mes pr\u00e9existants, ce qui signifie qu\u2019en cas d\u2019\u00e9v\u00e9nement m\u00e9dical li\u00e9 \u00e0 une maladie pr\u00e9existante pendant que vous \u00eates \u00e0 l&rsquo;\u00e9tranger, vous devrez probablement payer votre traitement de votre poche.<\/li><li>La plupart des r\u00e9gimes d&rsquo;assurance voyage m\u00e9dicale ne couvrent pas les maladies et blessures mineures ne n\u00e9cessitant pas d&rsquo;hospitalisation.<\/li><li>La plupart des r\u00e9gimes d&rsquo;assurance voyage m\u00e9dicale ne couvrent pas les chirurgies \u00e9lectives, telles que les interventions esth\u00e9tiques.<\/li><\/ul><h2>Les mineurs ont-ils besoin d&rsquo;une assurance m\u00e9dicale de voyage ?<\/h2><ul><li>Les candidats de moins de 18 ans (mineurs) doivent \u00e9galement obtenir une assurance m\u00e9dicale de voyage. Si vous voyagez en famille, de nombreuses compagnies d&rsquo;assurance proposent des forfaits familiaux qui offrent une couverture gratuite aux enfants de moins de 18 ans.<\/li><\/ul>\t\t\t\t\t\t\t\t<\/div>\n\t\t\t\t<\/div>\n\t\t\t\t\t<\/div>\n\t\t<\/div>\n\t\t\t\t\t<\/div>\n\t\t<\/section>\n\t\t\t\t<\/div>\n\t\t","protected":false},"excerpt":{"rendered":"<p>Qui a besoin d&rsquo;une assurance visa Schengen ? Si vous demandez un visa Schengen uniforme<a class=\"read-more-text pl-2\" href=\"https:\/\/www.schengenvisas.com\/fr\/assurance-visa-schengen\/\">[Lire la suite&#8230;]<\/a><\/p>\n","protected":false},"author":15,"featured_media":0,"parent":0,"menu_order":0,"comment_status":"closed","ping_status":"closed","template":"","meta":{"_acf_changed":false,"inline_featured_image":false,"footnotes":""},"class_list":["post-8635","page","type-page","status-publish","hentry","entry"],"acf":[],"yoast_head":"<!-- This site is optimized with the Yoast SEO Premium plugin v24.1 (Yoast SEO v24.1) - https:\/\/yoast.com\/wordpress\/plugins\/seo\/ -->\n<title>Assurance visa Schengen<\/title>\n<meta name=\"description\" content=\"Assurance visa Schengen | Assurance m\u00e9dicale pour les demandes de visa Schengen | Couverture des frais m\u00e9dicaux pendant le s\u00e9jour dans l&#039;espace Schengen\" \/>\n<meta name=\"robots\" content=\"index, follow, max-snippet:-1, max-image-preview:large, max-video-preview:-1\" \/>\n<link rel=\"canonical\" href=\"https:\/\/www.schengenvisas.com\/fr\/wp-json\/wp\/v2\/pages\/8635\" \/>\n<meta property=\"og:locale\" content=\"fr_FR\" \/>\n<meta property=\"og:type\" content=\"article\" \/>\n<meta property=\"og:title\" content=\"Assurance Visa Schengen\" \/>\n<meta property=\"og:description\" content=\"Assurance visa Schengen | Assurance m\u00e9dicale pour les demandes de visa Schengen | Couverture des frais m\u00e9dicaux pendant le s\u00e9jour dans l&#039;espace Schengen\" \/>\n<meta property=\"og:url\" content=\"https:\/\/www.schengenvisas.com\/fr\/assurance-visa-schengen\/\" \/>\n<meta property=\"og:site_name\" content=\"Schengen Visas\" \/>\n<meta property=\"article:modified_time\" content=\"2025-08-05T16:10:25+00:00\" \/>\n<meta name=\"twitter:card\" content=\"summary_large_image\" \/>\n<meta name=\"twitter:label1\" content=\"Dur\u00e9e de lecture estim\u00e9e\" \/>\n\t<meta name=\"twitter:data1\" content=\"6 minutes\" \/>\n<script type=\"application\/ld+json\" class=\"yoast-schema-graph\">{\"@context\":\"https:\/\/schema.org\",\"@graph\":[{\"@type\":\"WebPage\",\"@id\":\"https:\/\/www.schengenvisas.com\/fr\/assurance-visa-schengen\/\",\"url\":\"https:\/\/www.schengenvisas.com\/fr\/assurance-visa-schengen\/\",\"name\":\"Assurance visa Schengen\",\"isPartOf\":{\"@id\":\"https:\/\/www.schengenvisas.com\/#website\"},\"datePublished\":\"2020-02-01T15:23:09+00:00\",\"dateModified\":\"2025-08-05T16:10:25+00:00\",\"description\":\"Assurance visa Schengen | Assurance m\u00e9dicale pour les demandes de visa Schengen | Couverture des frais m\u00e9dicaux pendant le s\u00e9jour dans l'espace Schengen\",\"breadcrumb\":{\"@id\":\"https:\/\/www.schengenvisas.com\/fr\/assurance-visa-schengen\/#breadcrumb\"},\"inLanguage\":\"fr-FR\",\"potentialAction\":[{\"@type\":\"ReadAction\",\"target\":[\"https:\/\/www.schengenvisas.com\/fr\/assurance-visa-schengen\/\"]}]},{\"@type\":\"BreadcrumbList\",\"@id\":\"https:\/\/www.schengenvisas.com\/fr\/assurance-visa-schengen\/#breadcrumb\",\"itemListElement\":[{\"@type\":\"ListItem\",\"position\":1,\"name\":\"Home\",\"item\":\"https:\/\/www.schengenvisas.com\/\"},{\"@type\":\"ListItem\",\"position\":2,\"name\":\"Assurance Visa Schengen\"}]},{\"@type\":\"WebSite\",\"@id\":\"https:\/\/www.schengenvisas.com\/#website\",\"url\":\"https:\/\/www.schengenvisas.com\/\",\"name\":\"Schengen Visas\",\"description\":\"Schengen Visa Application Services\",\"publisher\":{\"@id\":\"https:\/\/www.schengenvisas.com\/#organization\"},\"potentialAction\":[{\"@type\":\"SearchAction\",\"target\":{\"@type\":\"EntryPoint\",\"urlTemplate\":\"https:\/\/www.schengenvisas.com\/?s={search_term_string}\"},\"query-input\":{\"@type\":\"PropertyValueSpecification\",\"valueRequired\":true,\"valueName\":\"search_term_string\"}}],\"inLanguage\":\"fr-FR\"},{\"@type\":\"Organization\",\"@id\":\"https:\/\/www.schengenvisas.com\/#organization\",\"name\":\"Schengen Visas\",\"url\":\"https:\/\/www.schengenvisas.com\/\",\"logo\":{\"@type\":\"ImageObject\",\"inLanguage\":\"fr-FR\",\"@id\":\"https:\/\/www.schengenvisas.com\/#\/schema\/logo\/image\/\",\"url\":\"https:\/\/www.schengenvisas.com\/wp-content\/uploads\/2023\/03\/logo.svg\",\"contentUrl\":\"https:\/\/www.schengenvisas.com\/wp-content\/uploads\/2023\/03\/logo.svg\",\"width\":894,\"height\":123,\"caption\":\"Schengen Visas\"},\"image\":{\"@id\":\"https:\/\/www.schengenvisas.com\/#\/schema\/logo\/image\/\"}}]}<\/script>\n<!-- \/ Yoast SEO Premium plugin. -->","yoast_head_json":{"title":"Assurance visa Schengen","description":"Assurance visa Schengen | Assurance m\u00e9dicale pour les demandes de visa Schengen | Couverture des frais m\u00e9dicaux pendant le s\u00e9jour dans l'espace Schengen","robots":{"index":"index","follow":"follow","max-snippet":"max-snippet:-1","max-image-preview":"max-image-preview:large","max-video-preview":"max-video-preview:-1"},"canonical":"https:\/\/www.schengenvisas.com\/fr\/wp-json\/wp\/v2\/pages\/8635","og_locale":"fr_FR","og_type":"article","og_title":"Assurance Visa Schengen","og_description":"Assurance visa Schengen | Assurance m\u00e9dicale pour les demandes de visa Schengen | Couverture des frais m\u00e9dicaux pendant le s\u00e9jour dans l'espace Schengen","og_url":"https:\/\/www.schengenvisas.com\/fr\/assurance-visa-schengen\/","og_site_name":"Schengen Visas","article_modified_time":"2025-08-05T16:10:25+00:00","twitter_card":"summary_large_image","twitter_misc":{"Dur\u00e9e de lecture estim\u00e9e":"6 minutes"},"schema":{"@context":"https:\/\/schema.org","@graph":[{"@type":"WebPage","@id":"https:\/\/www.schengenvisas.com\/fr\/assurance-visa-schengen\/","url":"https:\/\/www.schengenvisas.com\/fr\/assurance-visa-schengen\/","name":"Assurance visa Schengen","isPartOf":{"@id":"https:\/\/www.schengenvisas.com\/#website"},"datePublished":"2020-02-01T15:23:09+00:00","dateModified":"2025-08-05T16:10:25+00:00","description":"Assurance visa Schengen | Assurance m\u00e9dicale pour les demandes de visa Schengen | Couverture des frais m\u00e9dicaux pendant le s\u00e9jour dans l'espace Schengen","breadcrumb":{"@id":"https:\/\/www.schengenvisas.com\/fr\/assurance-visa-schengen\/#breadcrumb"},"inLanguage":"fr-FR","potentialAction":[{"@type":"ReadAction","target":["https:\/\/www.schengenvisas.com\/fr\/assurance-visa-schengen\/"]}]},{"@type":"BreadcrumbList","@id":"https:\/\/www.schengenvisas.com\/fr\/assurance-visa-schengen\/#breadcrumb","itemListElement":[{"@type":"ListItem","position":1,"name":"Home","item":"https:\/\/www.schengenvisas.com\/"},{"@type":"ListItem","position":2,"name":"Assurance Visa Schengen"}]},{"@type":"WebSite","@id":"https:\/\/www.schengenvisas.com\/#website","url":"https:\/\/www.schengenvisas.com\/","name":"Schengen Visas","description":"Schengen Visa Application Services","publisher":{"@id":"https:\/\/www.schengenvisas.com\/#organization"},"potentialAction":[{"@type":"SearchAction","target":{"@type":"EntryPoint","urlTemplate":"https:\/\/www.schengenvisas.com\/?s={search_term_string}"},"query-input":{"@type":"PropertyValueSpecification","valueRequired":true,"valueName":"search_term_string"}}],"inLanguage":"fr-FR"},{"@type":"Organization","@id":"https:\/\/www.schengenvisas.com\/#organization","name":"Schengen Visas","url":"https:\/\/www.schengenvisas.com\/","logo":{"@type":"ImageObject","inLanguage":"fr-FR","@id":"https:\/\/www.schengenvisas.com\/#\/schema\/logo\/image\/","url":"https:\/\/www.schengenvisas.com\/wp-content\/uploads\/2023\/03\/logo.svg","contentUrl":"https:\/\/www.schengenvisas.com\/wp-content\/uploads\/2023\/03\/logo.svg","width":894,"height":123,"caption":"Schengen Visas"},"image":{"@id":"https:\/\/www.schengenvisas.com\/#\/schema\/logo\/image\/"}}]}},"_links":{"self":[{"href":"https:\/\/www.schengenvisas.com\/fr\/wp-json\/wp\/v2\/pages\/8635","targetHints":{"allow":["GET"]}}],"collection":[{"href":"https:\/\/www.schengenvisas.com\/fr\/wp-json\/wp\/v2\/pages"}],"about":[{"href":"https:\/\/www.schengenvisas.com\/fr\/wp-json\/wp\/v2\/types\/page"}],"author":[{"embeddable":true,"href":"https:\/\/www.schengenvisas.com\/fr\/wp-json\/wp\/v2\/users\/15"}],"replies":[{"embeddable":true,"href":"https:\/\/www.schengenvisas.com\/fr\/wp-json\/wp\/v2\/comments?post=8635"}],"version-history":[{"count":27,"href":"https:\/\/www.schengenvisas.com\/fr\/wp-json\/wp\/v2\/pages\/8635\/revisions"}],"predecessor-version":[{"id":30110,"href":"https:\/\/www.schengenvisas.com\/fr\/wp-json\/wp\/v2\/pages\/8635\/revisions\/30110"}],"wp:attachment":[{"href":"https:\/\/www.schengenvisas.com\/fr\/wp-json\/wp\/v2\/media?parent=8635"}],"curies":[{"name":"wp","href":"https:\/\/api.w.org\/{rel}","templated":true}]}}