{"id":8792,"date":"2020-01-31T16:42:37","date_gmt":"2020-01-31T16:42:37","guid":{"rendered":"https:\/\/www.schengenvisas.com\/how-to-apply-for-a-liechtenstein-schengen-visa\/"},"modified":"2025-08-06T23:04:50","modified_gmt":"2025-08-06T19:04:50","slug":"comment-demander-un-visa-schengen-pour-le-liechtenstein","status":"publish","type":"page","link":"https:\/\/www.schengenvisas.com\/fr\/comment-demander-un-visa-schengen-pour-le-liechtenstein\/","title":{"rendered":"Comment demander un visa Schengen pour le Liechtenstein ?"},"content":{"rendered":"\t\t<div data-elementor-type=\"wp-page\" data-elementor-id=\"8792\" class=\"elementor elementor-8792 elementor-697\" data-elementor-post-type=\"page\">\n\t\t\t\t\t\t<section class=\"elementor-section elementor-top-section elementor-element elementor-element-33d0d95a elementor-section-boxed elementor-section-height-default elementor-section-height-default\" data-id=\"33d0d95a\" data-element_type=\"section\">\n\t\t\t\t\t\t<div class=\"elementor-container elementor-column-gap-default\">\n\t\t\t\t\t<div class=\"elementor-column elementor-col-100 elementor-top-column elementor-element elementor-element-13105311\" data-id=\"13105311\" data-element_type=\"column\">\n\t\t\t<div class=\"elementor-widget-wrap elementor-element-populated\">\n\t\t\t\t\t\t<div class=\"elementor-element elementor-element-240d933 elementor-widget elementor-widget-table-of-contents\" data-id=\"240d933\" data-element_type=\"widget\" data-settings=\"{&quot;headings_by_tags&quot;:[&quot;h2&quot;],&quot;exclude_headings_by_selector&quot;:[],&quot;marker_view&quot;:&quot;bullets&quot;,&quot;icon&quot;:{&quot;value&quot;:&quot;fas fa-circle&quot;,&quot;library&quot;:&quot;fa-solid&quot;},&quot;no_headings_message&quot;:&quot;Aucun titre n\\u2019a \\u00e9t\\u00e9 trouv\\u00e9 sur cette page.&quot;,&quot;min_height&quot;:{&quot;unit&quot;:&quot;px&quot;,&quot;size&quot;:&quot;&quot;,&quot;sizes&quot;:[]},&quot;min_height_tablet&quot;:{&quot;unit&quot;:&quot;px&quot;,&quot;size&quot;:&quot;&quot;,&quot;sizes&quot;:[]},&quot;min_height_mobile&quot;:{&quot;unit&quot;:&quot;px&quot;,&quot;size&quot;:&quot;&quot;,&quot;sizes&quot;:[]}}\" data-widget_type=\"table-of-contents.default\">\n\t\t\t\t<div class=\"elementor-widget-container\">\n\t\t\t\t\t\t\t<div class=\"elementor-toc__header\">\n\t\t\t<h2 class=\"elementor-toc__header-title\">\n\t\t\t\tTable des mati\u00e8res\t\t\t<\/h2>\n\t\t\t\t\t<\/div>\n\t\t<div id=\"elementor-toc__240d933\" class=\"elementor-toc__body\">\n\t\t\t<div class=\"elementor-toc__spinner-container\">\n\t\t\t\t<i class=\"elementor-toc__spinner eicon-animation-spin eicon-loading\" aria-hidden=\"true\"><\/i>\t\t\t<\/div>\n\t\t<\/div>\n\t\t\t\t\t\t<\/div>\n\t\t\t\t<\/div>\n\t\t\t\t<div class=\"elementor-element elementor-element-782181a2 elementor-widget elementor-widget-text-editor\" data-id=\"782181a2\" data-element_type=\"widget\" data-widget_type=\"text-editor.default\">\n\t\t\t\t<div class=\"elementor-widget-container\">\n\t\t\t\t\t\t\t\t\t<h2>Aper\u00e7u du Liechtenstein<\/h2><p>Petit pays alpin enclav\u00e9 situ\u00e9 entre la Suisse et l&rsquo;Autriche, le Liechtenstein est une principaut\u00e9 riche gouvern\u00e9e par la m\u00eame famille royale depuis le 18<sup>e <\/sup>si\u00e8cle. 4e plus petit pays d&rsquo;Europe en mati\u00e8re de population (38749), sa langue officielle est l&rsquo;allemand. La plupart des citoyens du Liechtenstein parlent un dialecte sp\u00e9cifique distinct de l&rsquo;allemand standard. Sa capitale Vaduz est la deuxi\u00e8me plus grande ville du pays. Les 160 kilom\u00e8tres carr\u00e9s de territoire du pays regorgent de paysages pittoresques, notamment des montagnes avec des pistes de ski, ch\u00e2teaux et champs vallonn\u00e9s.<\/p><p>Ayant sign\u00e9 l&rsquo;accord de Schengen en 2008, le Liechtenstein est le dernier \u00c9tat membre de Schengen, ayant rejoint officiellement la zone Schengen en 2011.<\/p><p>Le Liechtenstein est l&rsquo;un des 4 \u00c9tats Schengen qui n&rsquo;est pas \u00e9galement membre de l&rsquo;UE.<\/p><h2>Visiter le Liechtenstein avec un visa Schengen<\/h2><ul><li>Le Liechtenstein est un pays sans littoral qui n&rsquo;a pas d&rsquo;a\u00e9roport international, ce qui signifie que vous ne pouvez pas atterrir directement au Liechtenstein.<\/li><li>Le Liechtenstein ne d\u00e9livre pas son propre visa.<\/li><li>Il n&rsquo;y a pas de contr\u00f4les aux fronti\u00e8res entre la Suisse et le Liechtenstein ; La Suisse et le Liechtenstein ont des codes de visa identiques.<\/li><li>\u00c9tant donn\u00e9 que le Liechtenstein ne d\u00e9livre pas de visas, il n&rsquo;est pas possible d&rsquo;obtenir un visa Schengen pour le Liechtenstein. Si vous \u00eates admis pour un visa Schengen et que vous souhaitez visiter le Liechtenstein, vous devez en <a href=\"https:\/\/www.schengenvisas.com\/fr\/comment-demander-un-visa-schengen-pour-la-suisse\/\"><u>faire la demande via la Suisse<\/u><\/a> (via un consulat suisse ou un centre de demande de visa), qui g\u00e8re les affaires consulaires du Liechtenstein et poss\u00e8de le m\u00eame code de visa. Le Liechtenstein \u00e9tant membre de Schengen, toute personne disposant d&rsquo;un visa Schengen valide est admise \u00e0 entrer dans le pays.<\/li><\/ul><p>En savoir plus sur : <a href=\"https:\/\/www.schengenvisas.com\/fr\/comment-demander-un-visa-schengen-pour-la-suisse\/\"><span style=\"text-decoration: underline;\"><strong>Comment faire une demande de visa Schengen pour la Suisse ?<\/strong><\/span><\/a><\/p>\t\t\t\t\t\t\t\t<\/div>\n\t\t\t\t<\/div>\n\t\t\t\t\t<\/div>\n\t\t<\/div>\n\t\t\t\t\t<\/div>\n\t\t<\/section>\n\t\t<div class=\"elementor-element elementor-element-16b3554 e-flex e-con-boxed e-con e-parent\" data-id=\"16b3554\" data-element_type=\"container\" data-settings=\"{&quot;background_background&quot;:&quot;classic&quot;}\">\n\t\t\t\t\t<div class=\"e-con-inner\">\n\t\t<div class=\"elementor-element elementor-element-6a94faab container e-flex e-con-boxed e-con e-child\" data-id=\"6a94faab\" data-element_type=\"container\">\n\t\t\t\t\t<div class=\"e-con-inner\">\n\t\t\t\t<div class=\"elementor-element elementor-element-70ec68b0 title elementor-widget elementor-widget-heading\" data-id=\"70ec68b0\" data-element_type=\"widget\" data-widget_type=\"heading.default\">\n\t\t\t\t<div class=\"elementor-widget-container\">\n\t\t\t\t\t<h2 class=\"elementor-heading-title elementor-size-default\">Actualit\u00e9 et derniers articles<\/h2>\t\t\t\t<\/div>\n\t\t\t\t<\/div>\n\t\t\t\t<div class=\"elementor-element elementor-element-23461afc elementor-grid-2 elementor-grid-tablet-2 elementor-grid-mobile-1 elementor-posts--thumbnail-top elementor-widget elementor-widget-posts\" data-id=\"23461afc\" data-element_type=\"widget\" data-settings=\"{&quot;classic_columns&quot;:&quot;2&quot;,&quot;classic_columns_tablet&quot;:&quot;2&quot;,&quot;classic_columns_mobile&quot;:&quot;1&quot;,&quot;classic_row_gap&quot;:{&quot;unit&quot;:&quot;px&quot;,&quot;size&quot;:35,&quot;sizes&quot;:[]},&quot;classic_row_gap_tablet&quot;:{&quot;unit&quot;:&quot;px&quot;,&quot;size&quot;:&quot;&quot;,&quot;sizes&quot;:[]},&quot;classic_row_gap_mobile&quot;:{&quot;unit&quot;:&quot;px&quot;,&quot;size&quot;:&quot;&quot;,&quot;sizes&quot;:[]}}\" data-widget_type=\"posts.classic\">\n\t\t\t\t<div class=\"elementor-widget-container\">\n\t\t\t\t\t\t\t<div class=\"elementor-posts-container elementor-posts elementor-posts--skin-classic elementor-grid\">\n\t\t\t\t<article class=\"elementor-post elementor-grid-item post-26822 schengenvisas_news type-schengenvisas_news status-publish has-post-thumbnail hentry entry\">\n\t\t\t\t<a class=\"elementor-post__thumbnail__link\" href=\"https:\/\/www.schengenvisas.com\/fr\/news\/inclusion-de-la-bulgarie-et-de-la-roumanie-dans-lespace-schengen-aerien-et-maritime-en-mars-2024\/\" tabindex=\"-1\" >\n\t\t\t<div class=\"elementor-post__thumbnail\"><img fetchpriority=\"high\" decoding=\"async\" width=\"300\" height=\"169\" src=\"https:\/\/www.schengenvisas.com\/wp-content\/uploads\/2023\/12\/Romania-Bulgaria-Schengen-300x169.webp\" class=\"attachment-medium size-medium wp-image-26812\" alt=\"Romania Bulgaria Schengen\" srcset=\"https:\/\/www.schengenvisas.com\/wp-content\/uploads\/2023\/12\/Romania-Bulgaria-Schengen-300x169.webp 300w, https:\/\/www.schengenvisas.com\/wp-content\/uploads\/2023\/12\/Romania-Bulgaria-Schengen-1024x576.webp 1024w, https:\/\/www.schengenvisas.com\/wp-content\/uploads\/2023\/12\/Romania-Bulgaria-Schengen-768x432.webp 768w, https:\/\/www.schengenvisas.com\/wp-content\/uploads\/2023\/12\/Romania-Bulgaria-Schengen-360x202.webp 360w, https:\/\/www.schengenvisas.com\/wp-content\/uploads\/2023\/12\/Romania-Bulgaria-Schengen.webp 1280w\" sizes=\"(max-width: 300px) 100vw, 300px\" \/><\/div>\n\t\t<\/a>\n\t\t\t\t<div class=\"elementor-post__text\">\n\t\t\t\t<h3 class=\"elementor-post__title\">\n\t\t\t<a href=\"https:\/\/www.schengenvisas.com\/fr\/news\/inclusion-de-la-bulgarie-et-de-la-roumanie-dans-lespace-schengen-aerien-et-maritime-en-mars-2024\/\" >\n\t\t\t\tInclusion de la Bulgarie et de la Roumanie dans l&rsquo;espace Schengen a\u00e9rien et maritime en mars 2024\t\t\t<\/a>\n\t\t<\/h3>\n\t\t\t\t<div class=\"elementor-post__meta-data\">\n\t\t\t\t\t<span class=\"elementor-post-date\">\n\t\t\t31\/12\/2023\t\t<\/span>\n\t\t\t\t<\/div>\n\t\t\n\t\t<a class=\"elementor-post__read-more\" href=\"https:\/\/www.schengenvisas.com\/fr\/news\/inclusion-de-la-bulgarie-et-de-la-roumanie-dans-lespace-schengen-aerien-et-maritime-en-mars-2024\/\" aria-label=\"En savoir plus sur Inclusion de la Bulgarie et de la Roumanie dans l&rsquo;espace Schengen a\u00e9rien et maritime en mars 2024\" tabindex=\"-1\" >\n\t\t\tEn savoir plus \u00bb\t\t<\/a>\n\n\t\t\t\t<\/div>\n\t\t\t\t<\/article>\n\t\t\t\t<article class=\"elementor-post elementor-grid-item post-9587 schengenvisas_news type-schengenvisas_news status-publish has-post-thumbnail hentry entry\">\n\t\t\t\t<a class=\"elementor-post__thumbnail__link\" href=\"https:\/\/www.schengenvisas.com\/fr\/news\/leurope-commence-a-souvrir-aux-voyageurs-etrangers\/\" tabindex=\"-1\" >\n\t\t\t<div class=\"elementor-post__thumbnail\"><img decoding=\"async\" width=\"300\" height=\"201\" src=\"https:\/\/www.schengenvisas.com\/wp-content\/uploads\/2021\/06\/Europe-begins-to-open-to-foreign-travelers-300x201.jpg\" class=\"attachment-medium size-medium wp-image-9588\" alt=\"\" srcset=\"https:\/\/www.schengenvisas.com\/wp-content\/uploads\/2021\/06\/Europe-begins-to-open-to-foreign-travelers-300x201.jpg 300w, https:\/\/www.schengenvisas.com\/wp-content\/uploads\/2021\/06\/Europe-begins-to-open-to-foreign-travelers-768x514.jpg 768w, https:\/\/www.schengenvisas.com\/wp-content\/uploads\/2021\/06\/Europe-begins-to-open-to-foreign-travelers.jpg 1000w\" sizes=\"(max-width: 300px) 100vw, 300px\" \/><\/div>\n\t\t<\/a>\n\t\t\t\t<div class=\"elementor-post__text\">\n\t\t\t\t<h3 class=\"elementor-post__title\">\n\t\t\t<a href=\"https:\/\/www.schengenvisas.com\/fr\/news\/leurope-commence-a-souvrir-aux-voyageurs-etrangers\/\" >\n\t\t\t\tL\u2019Europe commence \u00e0 s\u2019ouvrir aux voyageurs \u00e9trangers\t\t\t<\/a>\n\t\t<\/h3>\n\t\t\t\t<div class=\"elementor-post__meta-data\">\n\t\t\t\t\t<span class=\"elementor-post-date\">\n\t\t\t18\/06\/2021\t\t<\/span>\n\t\t\t\t<\/div>\n\t\t\n\t\t<a class=\"elementor-post__read-more\" href=\"https:\/\/www.schengenvisas.com\/fr\/news\/leurope-commence-a-souvrir-aux-voyageurs-etrangers\/\" aria-label=\"En savoir plus sur L\u2019Europe commence \u00e0 s\u2019ouvrir aux voyageurs \u00e9trangers\" tabindex=\"-1\" >\n\t\t\tEn savoir plus \u00bb\t\t<\/a>\n\n\t\t\t\t<\/div>\n\t\t\t\t<\/article>\n\t\t\t\t<\/div>\n\t\t\n\t\t\t\t\t\t<\/div>\n\t\t\t\t<\/div>\n\t\t\t\t\t<\/div>\n\t\t\t\t<\/div>\n\t\t\t\t\t<\/div>\n\t\t\t\t<\/div>\n\t\t\t\t<\/div>\n\t\t","protected":false},"excerpt":{"rendered":"<p>Table des mati\u00e8res Aper\u00e7u du Liechtenstein Petit pays alpin enclav\u00e9 situ\u00e9 entre la Suisse et<\/p>\n","protected":false},"author":15,"featured_media":24002,"parent":0,"menu_order":0,"comment_status":"closed","ping_status":"closed","template":"","meta":{"_acf_changed":false,"inline_featured_image":false,"footnotes":""},"class_list":["post-8792","page","type-page","status-publish","has-post-thumbnail","hentry","entry"],"acf":[],"yoast_head":"<!-- This site is optimized with the Yoast SEO Premium plugin v24.1 (Yoast SEO v24.1) - https:\/\/yoast.com\/wordpress\/plugins\/seo\/ -->\n<title>Comment demander un visa Schengen pour le Liechtenstein ?<\/title>\n<meta name=\"description\" content=\"Comment demander un visa Schengen pour le Liechtenstein ? | R\u00e8gles relatives aux visas Schengen du Liechtenstein, frais de visa, conditions de visa et crit\u00e8res d&#039;\u00e9ligibilit\u00e9.\" \/>\n<meta name=\"robots\" content=\"index, follow, max-snippet:-1, max-image-preview:large, max-video-preview:-1\" \/>\n<link rel=\"canonical\" href=\"https:\/\/www.schengenvisas.com\/fr\/wp-json\/wp\/v2\/pages\/8792\" \/>\n<meta property=\"og:locale\" content=\"fr_FR\" \/>\n<meta property=\"og:type\" content=\"article\" \/>\n<meta property=\"og:title\" content=\"Comment demander un visa Schengen pour le Liechtenstein ?\" \/>\n<meta property=\"og:description\" content=\"Comment demander un visa Schengen pour le Liechtenstein ? | R\u00e8gles relatives aux visas Schengen du Liechtenstein, frais de visa, conditions de visa et crit\u00e8res d&#039;\u00e9ligibilit\u00e9.\" \/>\n<meta property=\"og:url\" content=\"https:\/\/www.schengenvisas.com\/fr\/comment-demander-un-visa-schengen-pour-le-liechtenstein\/\" \/>\n<meta property=\"og:site_name\" content=\"Schengen Visas\" \/>\n<meta property=\"article:modified_time\" content=\"2025-08-06T19:04:50+00:00\" \/>\n<meta property=\"og:image\" content=\"https:\/\/www.schengenvisas.com\/wp-content\/uploads\/2023\/03\/How-to-Apply-for-Liechtenstein-Schengen-Visa-copy.webp\" \/>\n\t<meta property=\"og:image:width\" content=\"1280\" \/>\n\t<meta property=\"og:image:height\" content=\"800\" \/>\n\t<meta property=\"og:image:type\" content=\"image\/webp\" \/>\n<meta name=\"twitter:card\" content=\"summary_large_image\" \/>\n<meta name=\"twitter:label1\" content=\"Dur\u00e9e de lecture estim\u00e9e\" \/>\n\t<meta name=\"twitter:data1\" content=\"2 minutes\" \/>\n<script type=\"application\/ld+json\" class=\"yoast-schema-graph\">{\"@context\":\"https:\/\/schema.org\",\"@graph\":[{\"@type\":\"WebPage\",\"@id\":\"https:\/\/www.schengenvisas.com\/fr\/comment-demander-un-visa-schengen-pour-le-liechtenstein\/\",\"url\":\"https:\/\/www.schengenvisas.com\/fr\/comment-demander-un-visa-schengen-pour-le-liechtenstein\/\",\"name\":\"Comment demander un visa Schengen pour le Liechtenstein ?\",\"isPartOf\":{\"@id\":\"https:\/\/www.schengenvisas.com\/#website\"},\"primaryImageOfPage\":{\"@id\":\"https:\/\/www.schengenvisas.com\/fr\/comment-demander-un-visa-schengen-pour-le-liechtenstein\/#primaryimage\"},\"image\":{\"@id\":\"https:\/\/www.schengenvisas.com\/fr\/comment-demander-un-visa-schengen-pour-le-liechtenstein\/#primaryimage\"},\"thumbnailUrl\":\"https:\/\/www.schengenvisas.com\/wp-content\/uploads\/2023\/03\/How-to-Apply-for-Liechtenstein-Schengen-Visa-copy.webp\",\"datePublished\":\"2020-01-31T16:42:37+00:00\",\"dateModified\":\"2025-08-06T19:04:50+00:00\",\"description\":\"Comment demander un visa Schengen pour le Liechtenstein ? | R\u00e8gles relatives aux visas Schengen du Liechtenstein, frais de visa, conditions de visa et crit\u00e8res d'\u00e9ligibilit\u00e9.\",\"breadcrumb\":{\"@id\":\"https:\/\/www.schengenvisas.com\/fr\/comment-demander-un-visa-schengen-pour-le-liechtenstein\/#breadcrumb\"},\"inLanguage\":\"fr-FR\",\"potentialAction\":[{\"@type\":\"ReadAction\",\"target\":[\"https:\/\/www.schengenvisas.com\/fr\/comment-demander-un-visa-schengen-pour-le-liechtenstein\/\"]}]},{\"@type\":\"ImageObject\",\"inLanguage\":\"fr-FR\",\"@id\":\"https:\/\/www.schengenvisas.com\/fr\/comment-demander-un-visa-schengen-pour-le-liechtenstein\/#primaryimage\",\"url\":\"https:\/\/www.schengenvisas.com\/wp-content\/uploads\/2023\/03\/How-to-Apply-for-Liechtenstein-Schengen-Visa-copy.webp\",\"contentUrl\":\"https:\/\/www.schengenvisas.com\/wp-content\/uploads\/2023\/03\/How-to-Apply-for-Liechtenstein-Schengen-Visa-copy.webp\",\"width\":1280,\"height\":800,\"caption\":\"How to Apply for Liechtenstein Schengen Visa\"},{\"@type\":\"BreadcrumbList\",\"@id\":\"https:\/\/www.schengenvisas.com\/fr\/comment-demander-un-visa-schengen-pour-le-liechtenstein\/#breadcrumb\",\"itemListElement\":[{\"@type\":\"ListItem\",\"position\":1,\"name\":\"Home\",\"item\":\"https:\/\/www.schengenvisas.com\/\"},{\"@type\":\"ListItem\",\"position\":2,\"name\":\"Comment demander un visa Schengen pour le Liechtenstein ?\"}]},{\"@type\":\"WebSite\",\"@id\":\"https:\/\/www.schengenvisas.com\/#website\",\"url\":\"https:\/\/www.schengenvisas.com\/\",\"name\":\"Schengen Visas\",\"description\":\"Schengen Visa Application Services\",\"publisher\":{\"@id\":\"https:\/\/www.schengenvisas.com\/#organization\"},\"potentialAction\":[{\"@type\":\"SearchAction\",\"target\":{\"@type\":\"EntryPoint\",\"urlTemplate\":\"https:\/\/www.schengenvisas.com\/?s={search_term_string}\"},\"query-input\":{\"@type\":\"PropertyValueSpecification\",\"valueRequired\":true,\"valueName\":\"search_term_string\"}}],\"inLanguage\":\"fr-FR\"},{\"@type\":\"Organization\",\"@id\":\"https:\/\/www.schengenvisas.com\/#organization\",\"name\":\"Schengen Visas\",\"url\":\"https:\/\/www.schengenvisas.com\/\",\"logo\":{\"@type\":\"ImageObject\",\"inLanguage\":\"fr-FR\",\"@id\":\"https:\/\/www.schengenvisas.com\/#\/schema\/logo\/image\/\",\"url\":\"https:\/\/www.schengenvisas.com\/wp-content\/uploads\/2023\/03\/logo.svg\",\"contentUrl\":\"https:\/\/www.schengenvisas.com\/wp-content\/uploads\/2023\/03\/logo.svg\",\"width\":894,\"height\":123,\"caption\":\"Schengen Visas\"},\"image\":{\"@id\":\"https:\/\/www.schengenvisas.com\/#\/schema\/logo\/image\/\"}}]}<\/script>\n<!-- \/ Yoast SEO Premium plugin. -->","yoast_head_json":{"title":"Comment demander un visa Schengen pour le Liechtenstein ?","description":"Comment demander un visa Schengen pour le Liechtenstein ? | R\u00e8gles relatives aux visas Schengen du Liechtenstein, frais de visa, conditions de visa et crit\u00e8res d'\u00e9ligibilit\u00e9.","robots":{"index":"index","follow":"follow","max-snippet":"max-snippet:-1","max-image-preview":"max-image-preview:large","max-video-preview":"max-video-preview:-1"},"canonical":"https:\/\/www.schengenvisas.com\/fr\/wp-json\/wp\/v2\/pages\/8792","og_locale":"fr_FR","og_type":"article","og_title":"Comment demander un visa Schengen pour le Liechtenstein ?","og_description":"Comment demander un visa Schengen pour le Liechtenstein ? | R\u00e8gles relatives aux visas Schengen du Liechtenstein, frais de visa, conditions de visa et crit\u00e8res d'\u00e9ligibilit\u00e9.","og_url":"https:\/\/www.schengenvisas.com\/fr\/comment-demander-un-visa-schengen-pour-le-liechtenstein\/","og_site_name":"Schengen Visas","article_modified_time":"2025-08-06T19:04:50+00:00","og_image":[{"width":1280,"height":800,"url":"https:\/\/www.schengenvisas.com\/wp-content\/uploads\/2023\/03\/How-to-Apply-for-Liechtenstein-Schengen-Visa-copy.webp","type":"image\/webp"}],"twitter_card":"summary_large_image","twitter_misc":{"Dur\u00e9e de lecture estim\u00e9e":"2 minutes"},"schema":{"@context":"https:\/\/schema.org","@graph":[{"@type":"WebPage","@id":"https:\/\/www.schengenvisas.com\/fr\/comment-demander-un-visa-schengen-pour-le-liechtenstein\/","url":"https:\/\/www.schengenvisas.com\/fr\/comment-demander-un-visa-schengen-pour-le-liechtenstein\/","name":"Comment demander un visa Schengen pour le Liechtenstein ?","isPartOf":{"@id":"https:\/\/www.schengenvisas.com\/#website"},"primaryImageOfPage":{"@id":"https:\/\/www.schengenvisas.com\/fr\/comment-demander-un-visa-schengen-pour-le-liechtenstein\/#primaryimage"},"image":{"@id":"https:\/\/www.schengenvisas.com\/fr\/comment-demander-un-visa-schengen-pour-le-liechtenstein\/#primaryimage"},"thumbnailUrl":"https:\/\/www.schengenvisas.com\/wp-content\/uploads\/2023\/03\/How-to-Apply-for-Liechtenstein-Schengen-Visa-copy.webp","datePublished":"2020-01-31T16:42:37+00:00","dateModified":"2025-08-06T19:04:50+00:00","description":"Comment demander un visa Schengen pour le Liechtenstein ? | R\u00e8gles relatives aux visas Schengen du Liechtenstein, frais de visa, conditions de visa et crit\u00e8res d'\u00e9ligibilit\u00e9.","breadcrumb":{"@id":"https:\/\/www.schengenvisas.com\/fr\/comment-demander-un-visa-schengen-pour-le-liechtenstein\/#breadcrumb"},"inLanguage":"fr-FR","potentialAction":[{"@type":"ReadAction","target":["https:\/\/www.schengenvisas.com\/fr\/comment-demander-un-visa-schengen-pour-le-liechtenstein\/"]}]},{"@type":"ImageObject","inLanguage":"fr-FR","@id":"https:\/\/www.schengenvisas.com\/fr\/comment-demander-un-visa-schengen-pour-le-liechtenstein\/#primaryimage","url":"https:\/\/www.schengenvisas.com\/wp-content\/uploads\/2023\/03\/How-to-Apply-for-Liechtenstein-Schengen-Visa-copy.webp","contentUrl":"https:\/\/www.schengenvisas.com\/wp-content\/uploads\/2023\/03\/How-to-Apply-for-Liechtenstein-Schengen-Visa-copy.webp","width":1280,"height":800,"caption":"How to Apply for Liechtenstein Schengen Visa"},{"@type":"BreadcrumbList","@id":"https:\/\/www.schengenvisas.com\/fr\/comment-demander-un-visa-schengen-pour-le-liechtenstein\/#breadcrumb","itemListElement":[{"@type":"ListItem","position":1,"name":"Home","item":"https:\/\/www.schengenvisas.com\/"},{"@type":"ListItem","position":2,"name":"Comment demander un visa Schengen pour le Liechtenstein ?"}]},{"@type":"WebSite","@id":"https:\/\/www.schengenvisas.com\/#website","url":"https:\/\/www.schengenvisas.com\/","name":"Schengen Visas","description":"Schengen Visa Application Services","publisher":{"@id":"https:\/\/www.schengenvisas.com\/#organization"},"potentialAction":[{"@type":"SearchAction","target":{"@type":"EntryPoint","urlTemplate":"https:\/\/www.schengenvisas.com\/?s={search_term_string}"},"query-input":{"@type":"PropertyValueSpecification","valueRequired":true,"valueName":"search_term_string"}}],"inLanguage":"fr-FR"},{"@type":"Organization","@id":"https:\/\/www.schengenvisas.com\/#organization","name":"Schengen Visas","url":"https:\/\/www.schengenvisas.com\/","logo":{"@type":"ImageObject","inLanguage":"fr-FR","@id":"https:\/\/www.schengenvisas.com\/#\/schema\/logo\/image\/","url":"https:\/\/www.schengenvisas.com\/wp-content\/uploads\/2023\/03\/logo.svg","contentUrl":"https:\/\/www.schengenvisas.com\/wp-content\/uploads\/2023\/03\/logo.svg","width":894,"height":123,"caption":"Schengen Visas"},"image":{"@id":"https:\/\/www.schengenvisas.com\/#\/schema\/logo\/image\/"}}]}},"_links":{"self":[{"href":"https:\/\/www.schengenvisas.com\/fr\/wp-json\/wp\/v2\/pages\/8792","targetHints":{"allow":["GET"]}}],"collection":[{"href":"https:\/\/www.schengenvisas.com\/fr\/wp-json\/wp\/v2\/pages"}],"about":[{"href":"https:\/\/www.schengenvisas.com\/fr\/wp-json\/wp\/v2\/types\/page"}],"author":[{"embeddable":true,"href":"https:\/\/www.schengenvisas.com\/fr\/wp-json\/wp\/v2\/users\/15"}],"replies":[{"embeddable":true,"href":"https:\/\/www.schengenvisas.com\/fr\/wp-json\/wp\/v2\/comments?post=8792"}],"version-history":[{"count":12,"href":"https:\/\/www.schengenvisas.com\/fr\/wp-json\/wp\/v2\/pages\/8792\/revisions"}],"predecessor-version":[{"id":30615,"href":"https:\/\/www.schengenvisas.com\/fr\/wp-json\/wp\/v2\/pages\/8792\/revisions\/30615"}],"wp:featuredmedia":[{"embeddable":true,"href":"https:\/\/www.schengenvisas.com\/fr\/wp-json\/wp\/v2\/media\/24002"}],"wp:attachment":[{"href":"https:\/\/www.schengenvisas.com\/fr\/wp-json\/wp\/v2\/media?parent=8792"}],"curies":[{"name":"wp","href":"https:\/\/api.w.org\/{rel}","templated":true}]}}