{"id":8821,"date":"2020-01-08T09:19:35","date_gmt":"2020-01-08T09:19:35","guid":{"rendered":"https:\/\/www.schengenvisas.com\/schengen-visa-fees\/"},"modified":"2025-08-06T12:25:26","modified_gmt":"2025-08-06T08:25:26","slug":"frais-de-visa-schengen","status":"publish","type":"page","link":"https:\/\/www.schengenvisas.com\/fr\/frais-de-visa-schengen\/","title":{"rendered":"Frais de visa Schengen"},"content":{"rendered":"\t\t<div data-elementor-type=\"wp-page\" data-elementor-id=\"8821\" class=\"elementor elementor-8821 elementor-182\" data-elementor-post-type=\"page\">\n\t\t\t\t\t\t<section class=\"elementor-section elementor-top-section elementor-element elementor-element-9fba57a elementor-section-boxed elementor-section-height-default elementor-section-height-default\" data-id=\"9fba57a\" data-element_type=\"section\">\n\t\t\t\t\t\t<div class=\"elementor-container elementor-column-gap-default\">\n\t\t\t\t\t<div class=\"elementor-column elementor-col-100 elementor-top-column elementor-element elementor-element-fecdb2e\" data-id=\"fecdb2e\" data-element_type=\"column\">\n\t\t\t<div class=\"elementor-widget-wrap elementor-element-populated\">\n\t\t\t\t\t\t<div class=\"elementor-element elementor-element-8c7531d elementor-widget elementor-widget-text-editor\" data-id=\"8c7531d\" data-element_type=\"widget\" data-widget_type=\"text-editor.default\">\n\t\t\t\t<div class=\"elementor-widget-container\">\n\t\t\t\t\t\t\t\t\t<h2>Que couvrent mes frais de visa Schengen ?<\/h2><ul><li>Les frais de visa Schengen standard couvrent le co\u00fbt de votre demande de visa Schengen.<\/li><li>Dans tous les cas, l\u2019ambassade\/consulat ou le prestataire de services de visa ne commencera pas \u00e0 traiter votre demande de visa tant que vous n\u2019aurez pas soumis votre paiement des frais de visa Schengen.<\/li><\/ul><h2>Quel est le co\u00fbt d&rsquo;un visa Schengen ?<\/h2><ul><li><strong>Le co\u00fbt standard d&rsquo;un visa Schengen pour adulte est de 80 EUR.<\/strong><\/li><li>Les enfants \u00e2g\u00e9s de 6 \u00e0 12 ans ne paieront que 40 EUR.<\/li><li>Les enfants de moins de 6 ans sont gratuits.<\/li><li>En plus des jeunes enfants, certains autres types de demandeurs sont dispens\u00e9s de tous les frais de visa. Si vous \u00eates l&rsquo;un des types suivants, vous \u00eates exempt\u00e9 du paiement des frais de visa Schengen :<ul><li>Un chercheur scientifique qui souhaite poursuivre ses recherches ou participer \u00e0 une conf\u00e9rence\/un s\u00e9minaire scientifique.<\/li><li>Un \u00e9tudiant (\u00e0 tous les niveaux, y compris des \u00e9tudes sup\u00e9rieures) ou un enseignant\/professeur voyageant avec un ou plusieurs \u00e9tudiants qui se rendent dans la zone Schengen afin de s&rsquo;inscrire \u00e0 une formation p\u00e9dagogique ou \u00e0 des \u00e9tudes.<\/li><li>Une personne de 25 ans ou moins, repr\u00e9sentant une organisation \u00e0 but non lucratif et participant \u00e0 des conf\u00e9rences\/s\u00e9minaires\/\u00e9v\u00e9nements \u00e0 caract\u00e8re culturel, \u00e9ducatif ou sportif organis\u00e9s par une ou plusieurs organisations \u00e0 but non lucratif.<\/li><li>Une personne de 25 ans ou moins et participant \u00e0 des conf\u00e9rences\/s\u00e9minaires\/\u00e9v\u00e9nements \u00e0 caract\u00e8re culturel, \u00e9ducatif ou sportif organis\u00e9s par une ou plusieurs organisations \u00e0 but non lucratif.<\/li><li>Le d\u00e9tenteur d\u2019un passeport de service ou diplomatique.<\/li><\/ul><\/li><\/ul><h2>Comment soumettre le paiement ?<\/h2><ul><li>Les proc\u00e9dures d\u2019acceptation des paiements pour les demandes de visa Schengen varient selon le pays du consulat\/de l\u2019ambassade et le prestataire de services de visa.<\/li><li>La plupart des consulats\/ambassades et fournisseurs de services de visa accepteront un paiement sous forme de ch\u00e8que, d&rsquo;esp\u00e8ces ou de virement bancaire. Veuillez contacter directement votre consulat\/ambassade ou fournisseur de services de visa pour d\u00e9terminer le mode de paiement recommand\u00e9.<\/li><\/ul><h2>Quand dois-je soumettre le paiement ?<\/h2><ul><li>Selon le consulat, l\u2019ambassade ou le prestataire de services de visas, le paiement sera demand\u00e9 \u00e0 diff\u00e9rentes \u00e9tapes du processus de demande. Dans tous les cas, cependant, vous paierez vos frais de visa avant de soumettre votre demande.<\/li><li>Dans certains cas, vous serez encourag\u00e9 \u00e0 payer en ligne, juste avant de soumettre une candidature en ligne via un portail de candidature en ligne officiel. Alternativement, vous pouvez \u00eatre invit\u00e9 \u00e0 soumettre votre paiement lorsque vous arrivez en personne au consulat\/\u00e0 l\u2019ambassade pour votre rendez-vous de candidature. Vous prendrez connaissance de l\u2019\u00e9ch\u00e9ance et des modes de paiement des frais de visa une fois que vous aurez entam\u00e9 le processus de demande. Veuillez contacter directement votre consulat\/ambassade ou fournisseur de services de visa pour savoir quand vous devez effectuer votre paiement.<\/li><\/ul><h2>Dans quelle devise serai-je factur\u00e9 ?<\/h2><ul><li>Les frais de visas Schengen sont en euros, dans la devise du pays tiers ou dans la devise du pays tiers o\u00f9 vous r\u00e9sidez lorsque vous demandez votre visa. Si vous payez dans votre devise locale (c.-\u00e0-d. une autre devise que l\u2019euro), vos frais seront soumis au taux de change standard de l&rsquo;euro \u00e9tabli par la Banque centrale europ\u00e9enne. Veuillez noter qu&rsquo;apr\u00e8s avoir effectu\u00e9 le paiement, vous avez droit (et devriez recevoir) \u00e0 un re\u00e7u indiquant que vous avez pay\u00e9 vos frais de visa.<\/li><\/ul><h2>Les frais de visa Schengen sont-ils tous les m\u00eames ? Les diff\u00e9rents types de visas Schengen co\u00fbtent-ils des montants diff\u00e9rents ?<\/h2><ul><li>Le co\u00fbt de tous les visas Schengen est le m\u00eame pour chaque objectif, type, nombre d&rsquo;entr\u00e9es et dur\u00e9e. Cela signifie que les frais de visa Schengen pour un visa touristique \u00e0 entr\u00e9e unique et \u00e0 multiples entr\u00e9es sont les m\u00eames. Vous ne paierez pas plus pour des entr\u00e9es multiples ou des dur\u00e9es de s\u00e9jour plus longues, et un motif de voyage n&rsquo;est pas plus cher qu&rsquo;un autre. Par exemple, un visa m\u00e9dical co\u00fbte le m\u00eame montant qu&rsquo;un visa d&rsquo;affaires.<\/li><\/ul><h2>Si ma demande de visa Schengen est refus\u00e9e, est-ce que je r\u00e9cup\u00e8re mon argent ?<\/h2><ul><li>Malheureusement, tous les frais de visa Schengen ne sont g\u00e9n\u00e9ralement pas remboursables. Cela signifie que si votre demande de visa est refus\u00e9e pour une raison quelconque, ou si vous retirez votre demande apr\u00e8s avoir d\u00e9j\u00e0 effectu\u00e9 le paiement, vous ne recevrez pas de remboursement des frais de visa Schengen. Les exceptions \u00e0 cette r\u00e8gle g\u00e9n\u00e9rale sont les suivantes :<ul><li>Si le consulat\/l&rsquo;ambassade aupr\u00e8s duquel\/de laquelle vous avez postul\u00e9 d\u00e9cide qu&rsquo;il n&rsquo;est pas comp\u00e9tent pour rendre une d\u00e9cision sur votre visa.<\/li><li>Un probl\u00e8me est survenu lors du recueil des donn\u00e9es biom\u00e9triques requises.<\/li><li>Si votre demande est d\u00e9clar\u00e9e inacceptable pour l&rsquo;une des raisons suivantes :<ol><li>Vous n&rsquo;avez pas soumis votre candidature dans les d\u00e9lais appropri\u00e9s (c.-\u00e0-d. qu&rsquo;elle a \u00e9t\u00e9 soumise trop t\u00f4t ou trop tard).<\/li><li>Vous avez soumis un document de voyage d&rsquo;accompagnement qui a \u00e9t\u00e9 d\u00e9clar\u00e9 invalide.<\/li><li>Vous avez soumis une photo qui n&rsquo;est pas conforme aux sp\u00e9cifications concernant la taille\/le format\/la perspective.<\/li><li>Il y a un probl\u00e8me avec votre formulaire de demande soumis.<\/li><\/ol><\/li><\/ul><\/li><\/ul><h2>Y a-t-il des co\u00fbts suppl\u00e9mentaires \u00e0 conna\u00eetre ?<\/h2><ul><li>Veuillez noter que le co\u00fbt standard d&rsquo;un visa Schengen n&rsquo;inclut pas les frais de service pour le traitement des visas, que vous devrez peut-\u00eatre payer en fonction de la mani\u00e8re dont vous soumettez votre demande (c.-\u00e0-d. si vous faites votre demande via un fournisseur de services de visa).<\/li><li>Si vous postulez par l&rsquo;interm\u00e9diaire d&rsquo;un fournisseur de services de visa, un montant suppl\u00e9mentaire vous sera certainement factur\u00e9.<\/li><li>Selon la loi, le service pour un visa Schengen ne peut pas d\u00e9passer la moiti\u00e9 du montant des frais de visa. Par exemple, comme le co\u00fbt d&rsquo;un visa Schengen adulte standard est de 80 euros, un fournisseur de services de visa ne devrait pas vous facturer plus de 40 euros.<\/li><\/ul>\t\t\t\t\t\t\t\t<\/div>\n\t\t\t\t<\/div>\n\t\t\t\t\t<\/div>\n\t\t<\/div>\n\t\t\t\t\t<\/div>\n\t\t<\/section>\n\t\t\t\t<\/div>\n\t\t","protected":false},"excerpt":{"rendered":"<p>Que couvrent mes frais de visa Schengen ? Les frais de visa Schengen standard couvrent<a class=\"read-more-text pl-2\" href=\"https:\/\/www.schengenvisas.com\/fr\/frais-de-visa-schengen\/\">[Lire la suite&#8230;]<\/a><\/p>\n","protected":false},"author":15,"featured_media":0,"parent":0,"menu_order":0,"comment_status":"closed","ping_status":"closed","template":"","meta":{"_acf_changed":false,"inline_featured_image":false,"footnotes":""},"class_list":["post-8821","page","type-page","status-publish","hentry","entry"],"acf":[],"yoast_head":"<!-- This site is optimized with the Yoast SEO Premium plugin v24.1 (Yoast SEO v24.1) - https:\/\/yoast.com\/wordpress\/plugins\/seo\/ -->\n<title>Frais de visa Schengen<\/title>\n<meta name=\"description\" content=\"Frais de visa Schengen | Frais exig\u00e9s pour les diff\u00e9rentes cat\u00e9gories de visa Schengen | Frais de visa pour les diff\u00e9rents motifs de voyage dans l&#039;espace Schengen\" \/>\n<meta name=\"robots\" content=\"index, follow, max-snippet:-1, max-image-preview:large, max-video-preview:-1\" \/>\n<link rel=\"canonical\" href=\"https:\/\/www.schengenvisas.com\/fr\/wp-json\/wp\/v2\/pages\/8821\" \/>\n<meta property=\"og:locale\" content=\"fr_FR\" \/>\n<meta property=\"og:type\" content=\"article\" \/>\n<meta property=\"og:title\" content=\"Frais de visa Schengen\" \/>\n<meta property=\"og:description\" content=\"Frais de visa Schengen | Frais exig\u00e9s pour les diff\u00e9rentes cat\u00e9gories de visa Schengen | Frais de visa pour les diff\u00e9rents motifs de voyage dans l&#039;espace Schengen\" \/>\n<meta property=\"og:url\" content=\"https:\/\/www.schengenvisas.com\/schengen-visa-fees\/\" \/>\n<meta property=\"og:site_name\" content=\"Schengen Visas\" \/>\n<meta property=\"article:modified_time\" content=\"2025-08-06T08:25:26+00:00\" \/>\n<meta name=\"twitter:card\" content=\"summary_large_image\" \/>\n<meta name=\"twitter:label1\" content=\"Dur\u00e9e de lecture estim\u00e9e\" \/>\n\t<meta name=\"twitter:data1\" content=\"5 minutes\" \/>\n<script type=\"application\/ld+json\" class=\"yoast-schema-graph\">{\"@context\":\"https:\/\/schema.org\",\"@graph\":[{\"@type\":\"WebPage\",\"@id\":\"https:\/\/www.schengenvisas.com\/schengen-visa-fees\/\",\"url\":\"https:\/\/www.schengenvisas.com\/schengen-visa-fees\/\",\"name\":\"Frais de visa Schengen\",\"isPartOf\":{\"@id\":\"https:\/\/www.schengenvisas.com\/#website\"},\"datePublished\":\"2020-01-08T09:19:35+00:00\",\"dateModified\":\"2025-08-06T08:25:26+00:00\",\"description\":\"Frais de visa Schengen | Frais exig\u00e9s pour les diff\u00e9rentes cat\u00e9gories de visa Schengen | Frais de visa pour les diff\u00e9rents motifs de voyage dans l'espace Schengen\",\"breadcrumb\":{\"@id\":\"https:\/\/www.schengenvisas.com\/schengen-visa-fees\/#breadcrumb\"},\"inLanguage\":\"fr-FR\",\"potentialAction\":[{\"@type\":\"ReadAction\",\"target\":[\"https:\/\/www.schengenvisas.com\/schengen-visa-fees\/\"]}]},{\"@type\":\"BreadcrumbList\",\"@id\":\"https:\/\/www.schengenvisas.com\/schengen-visa-fees\/#breadcrumb\",\"itemListElement\":[{\"@type\":\"ListItem\",\"position\":1,\"name\":\"Home\",\"item\":\"https:\/\/www.schengenvisas.com\/\"},{\"@type\":\"ListItem\",\"position\":2,\"name\":\"Frais de visa Schengen\"}]},{\"@type\":\"WebSite\",\"@id\":\"https:\/\/www.schengenvisas.com\/#website\",\"url\":\"https:\/\/www.schengenvisas.com\/\",\"name\":\"Schengen Visas\",\"description\":\"Schengen Visa Application Services\",\"publisher\":{\"@id\":\"https:\/\/www.schengenvisas.com\/#organization\"},\"potentialAction\":[{\"@type\":\"SearchAction\",\"target\":{\"@type\":\"EntryPoint\",\"urlTemplate\":\"https:\/\/www.schengenvisas.com\/?s={search_term_string}\"},\"query-input\":{\"@type\":\"PropertyValueSpecification\",\"valueRequired\":true,\"valueName\":\"search_term_string\"}}],\"inLanguage\":\"fr-FR\"},{\"@type\":\"Organization\",\"@id\":\"https:\/\/www.schengenvisas.com\/#organization\",\"name\":\"Schengen Visas\",\"url\":\"https:\/\/www.schengenvisas.com\/\",\"logo\":{\"@type\":\"ImageObject\",\"inLanguage\":\"fr-FR\",\"@id\":\"https:\/\/www.schengenvisas.com\/#\/schema\/logo\/image\/\",\"url\":\"https:\/\/www.schengenvisas.com\/wp-content\/uploads\/2023\/03\/logo.svg\",\"contentUrl\":\"https:\/\/www.schengenvisas.com\/wp-content\/uploads\/2023\/03\/logo.svg\",\"width\":894,\"height\":123,\"caption\":\"Schengen Visas\"},\"image\":{\"@id\":\"https:\/\/www.schengenvisas.com\/#\/schema\/logo\/image\/\"}}]}<\/script>\n<!-- \/ Yoast SEO Premium plugin. -->","yoast_head_json":{"title":"Frais de visa Schengen","description":"Frais de visa Schengen | Frais exig\u00e9s pour les diff\u00e9rentes cat\u00e9gories de visa Schengen | Frais de visa pour les diff\u00e9rents motifs de voyage dans l'espace Schengen","robots":{"index":"index","follow":"follow","max-snippet":"max-snippet:-1","max-image-preview":"max-image-preview:large","max-video-preview":"max-video-preview:-1"},"canonical":"https:\/\/www.schengenvisas.com\/fr\/wp-json\/wp\/v2\/pages\/8821","og_locale":"fr_FR","og_type":"article","og_title":"Frais de visa Schengen","og_description":"Frais de visa Schengen | Frais exig\u00e9s pour les diff\u00e9rentes cat\u00e9gories de visa Schengen | Frais de visa pour les diff\u00e9rents motifs de voyage dans l'espace Schengen","og_url":"https:\/\/www.schengenvisas.com\/schengen-visa-fees\/","og_site_name":"Schengen Visas","article_modified_time":"2025-08-06T08:25:26+00:00","twitter_card":"summary_large_image","twitter_misc":{"Dur\u00e9e de lecture estim\u00e9e":"5 minutes"},"schema":{"@context":"https:\/\/schema.org","@graph":[{"@type":"WebPage","@id":"https:\/\/www.schengenvisas.com\/schengen-visa-fees\/","url":"https:\/\/www.schengenvisas.com\/schengen-visa-fees\/","name":"Frais de visa Schengen","isPartOf":{"@id":"https:\/\/www.schengenvisas.com\/#website"},"datePublished":"2020-01-08T09:19:35+00:00","dateModified":"2025-08-06T08:25:26+00:00","description":"Frais de visa Schengen | Frais exig\u00e9s pour les diff\u00e9rentes cat\u00e9gories de visa Schengen | Frais de visa pour les diff\u00e9rents motifs de voyage dans l'espace Schengen","breadcrumb":{"@id":"https:\/\/www.schengenvisas.com\/schengen-visa-fees\/#breadcrumb"},"inLanguage":"fr-FR","potentialAction":[{"@type":"ReadAction","target":["https:\/\/www.schengenvisas.com\/schengen-visa-fees\/"]}]},{"@type":"BreadcrumbList","@id":"https:\/\/www.schengenvisas.com\/schengen-visa-fees\/#breadcrumb","itemListElement":[{"@type":"ListItem","position":1,"name":"Home","item":"https:\/\/www.schengenvisas.com\/"},{"@type":"ListItem","position":2,"name":"Frais de visa Schengen"}]},{"@type":"WebSite","@id":"https:\/\/www.schengenvisas.com\/#website","url":"https:\/\/www.schengenvisas.com\/","name":"Schengen Visas","description":"Schengen Visa Application Services","publisher":{"@id":"https:\/\/www.schengenvisas.com\/#organization"},"potentialAction":[{"@type":"SearchAction","target":{"@type":"EntryPoint","urlTemplate":"https:\/\/www.schengenvisas.com\/?s={search_term_string}"},"query-input":{"@type":"PropertyValueSpecification","valueRequired":true,"valueName":"search_term_string"}}],"inLanguage":"fr-FR"},{"@type":"Organization","@id":"https:\/\/www.schengenvisas.com\/#organization","name":"Schengen Visas","url":"https:\/\/www.schengenvisas.com\/","logo":{"@type":"ImageObject","inLanguage":"fr-FR","@id":"https:\/\/www.schengenvisas.com\/#\/schema\/logo\/image\/","url":"https:\/\/www.schengenvisas.com\/wp-content\/uploads\/2023\/03\/logo.svg","contentUrl":"https:\/\/www.schengenvisas.com\/wp-content\/uploads\/2023\/03\/logo.svg","width":894,"height":123,"caption":"Schengen Visas"},"image":{"@id":"https:\/\/www.schengenvisas.com\/#\/schema\/logo\/image\/"}}]}},"_links":{"self":[{"href":"https:\/\/www.schengenvisas.com\/fr\/wp-json\/wp\/v2\/pages\/8821","targetHints":{"allow":["GET"]}}],"collection":[{"href":"https:\/\/www.schengenvisas.com\/fr\/wp-json\/wp\/v2\/pages"}],"about":[{"href":"https:\/\/www.schengenvisas.com\/fr\/wp-json\/wp\/v2\/types\/page"}],"author":[{"embeddable":true,"href":"https:\/\/www.schengenvisas.com\/fr\/wp-json\/wp\/v2\/users\/15"}],"replies":[{"embeddable":true,"href":"https:\/\/www.schengenvisas.com\/fr\/wp-json\/wp\/v2\/comments?post=8821"}],"version-history":[{"count":9,"href":"https:\/\/www.schengenvisas.com\/fr\/wp-json\/wp\/v2\/pages\/8821\/revisions"}],"predecessor-version":[{"id":30206,"href":"https:\/\/www.schengenvisas.com\/fr\/wp-json\/wp\/v2\/pages\/8821\/revisions\/30206"}],"wp:attachment":[{"href":"https:\/\/www.schengenvisas.com\/fr\/wp-json\/wp\/v2\/media?parent=8821"}],"curies":[{"name":"wp","href":"https:\/\/api.w.org\/{rel}","templated":true}]}}