{"id":8852,"date":"2020-01-07T11:45:55","date_gmt":"2020-01-07T11:45:55","guid":{"rendered":"https:\/\/www.schengenvisas.com\/schengen-visa-application-requirements\/"},"modified":"2025-08-05T20:24:00","modified_gmt":"2025-08-05T16:24:00","slug":"exigences-des-demandes-de-visa-schengen","status":"publish","type":"page","link":"https:\/\/www.schengenvisas.com\/fr\/exigences-des-demandes-de-visa-schengen\/","title":{"rendered":"Exigences des demandes de visa Schengen"},"content":{"rendered":"\t\t<div data-elementor-type=\"wp-page\" data-elementor-id=\"8852\" class=\"elementor elementor-8852 elementor-141\" data-elementor-post-type=\"page\">\n\t\t\t\t\t\t<section class=\"elementor-section elementor-top-section elementor-element elementor-element-3d85022c elementor-section-boxed elementor-section-height-default elementor-section-height-default\" data-id=\"3d85022c\" data-element_type=\"section\">\n\t\t\t\t\t\t<div class=\"elementor-container elementor-column-gap-default\">\n\t\t\t\t\t<div class=\"elementor-column elementor-col-100 elementor-top-column elementor-element elementor-element-df2be3c\" data-id=\"df2be3c\" data-element_type=\"column\">\n\t\t\t<div class=\"elementor-widget-wrap elementor-element-populated\">\n\t\t\t\t\t\t<div class=\"elementor-element elementor-element-6e4ad1fc elementor-widget elementor-widget-text-editor\" data-id=\"6e4ad1fc\" data-element_type=\"widget\" data-widget_type=\"text-editor.default\">\n\t\t\t\t<div class=\"elementor-widget-container\">\n\t\t\t\t\t\t\t\t\t<p><strong>La plupart des documents suivants sont requis pour tous les types de visas Schengen<\/strong>. Tous les documents doivent \u00eatre compl\u00e9t\u00e9s\/traduits en anglais ou dans la langue officielle de votre pays de destination. <strong>Des formulaires\/documents suppl\u00e9mentaires peuvent \u00eatre n\u00e9cessaires en fonction du <a href=\"https:\/\/www.schengenvisas.com\/fr\/types-objectifs-et-validite-des-visas-schengen\/\"><u>type de visa<\/u><\/a> que vous demandez.<\/strong><\/p><h2>Documents de base requis :<\/h2><ul><li><a href=\"https:\/\/www.schengenvisas.com\/fr\/telecharger-le-formulaire-de-demande-de-visa-schengen\/\"><strong><u>Formulaire de demande de visa<\/u><\/strong><\/a> rempli et sign\u00e9.<\/li><li><a href=\"https:\/\/www.schengenvisas.com\/fr\/frais-de-visa-schengen\/\"><strong><u>Frais de visa<\/u><\/strong>.<\/a> Le co\u00fbt standard d&rsquo;un visa Schengen pour adulte est de 80 euros. Certains types de candidats, y compris les enfants de moins de 6 ans, les chercheurs scientifiques, la plupart des \u00e9tudiants, les repr\u00e9sentants d&rsquo;organisations \u00e0 but non lucratif et d\u2019\u00e9v\u00e9nements \u00e0 caract\u00e8re culturel, sportif ou \u00e9ducatif \u00e2g\u00e9s de 25 ans ou moins, ainsi que les participants \u00e0 ces derniers, les d\u00e9tenteurs de passeports diplomatiques et de service et les proches des citoyens de l&rsquo;UE sont dispens\u00e9s de tous les frais de visa. Veuillez noter que ce co\u00fbt est une estimation qui n&rsquo;inclut pas les frais de service pour le traitement des visas, que vous devrez peut-\u00eatre payer en fonction de la mani\u00e8re dont vous soumettez votre demande.<\/li><li>Passeport avec les exigences suivantes :<ul><li>Votre signature.<\/li><li>Un minimum de 2 pages vierges (espace pour votre visa Schengen).<\/li><li>\u00c9mis au cours des 10 derni\u00e8res ann\u00e9es (moins de 10 ans).<\/li><li>Valable au moins 3 mois apr\u00e8s la date d&rsquo;expiration de votre visa demand\u00e9.<\/li><li>Ancien passeport (le cas \u00e9ch\u00e9ant).<\/li><\/ul><\/li><li>Deux photos de vous \u00e0 des fins d&rsquo;identification (de pr\u00e9f\u00e9rence attach\u00e9es avec un trombone ; ne pas agrafer\/coller), avec <a href=\"https:\/\/www.schengenvisas.com\/fr\/exigences-en-matiere-de-photo-pour-un-visa-schengen\/\"><strong><u>les exigences de photo<\/u><\/strong><\/a> suivantes :<ul><li>Format passeport (3,5 x 4,5 cm).<\/li><li>Repr\u00e9sentation fid\u00e8le \u00e0 la r\u00e9alit\u00e9 et photo prise r\u00e9cemment (au cours des 6 derniers mois).<\/li><li>Fond blanc uni.<\/li><li>De face, afin que les traits de votre visage soient visibles (c&rsquo;est-\u00e0-dire non masqu\u00e9s par des accessoires tels que des lunettes de soleil) couvrant 32 \u00e0 36 mm (70 \u00e0 80%) de la photo. Les couvre-chefs port\u00e9s pour des raisons religieuses sont acceptables.<\/li><\/ul><\/li><li>Photocopies :<ul><li>De la page de passeport affichant des informations personnelles.<\/li><li>Du permis de s\u00e9jour (le cas \u00e9ch\u00e9ant).<\/li><li>Des visas Schengen pr\u00e9c\u00e9dents (le cas \u00e9ch\u00e9ant).<\/li><\/ul><\/li><li>Preuve <strong><u><a href=\"https:\/\/www.schengenvisas.com\/fr\/assurance-visa-schengen\/\">d&rsquo;assurance m\u00e9dicale de voyage<\/a>,<\/u><\/strong> avec les exigences suivantes :<ul><li>Couverture minimale de 30 000 EUR en cas de rapatriement m\u00e9dical, de soins m\u00e9dicaux et\/ou d&rsquo;hospitalisation.<\/li><li>Validit\u00e9 pendant toute la dur\u00e9e du visa.<\/li><li>Validit\u00e9 dans tous les pays Schengen.<\/li><li>Conditions clairement \u00e9nonc\u00e9es sur le document d&rsquo;assurance ou la lettre de confirmation.<\/li><li><strong>Remarque <\/strong>: Les assurances m\u00e9dicales des cartes de cr\u00e9dit ne sont pas consid\u00e9r\u00e9es comme valides.<\/li><\/ul><\/li><li>R\u00e9servations de <a href=\"https:\/\/www.schengenvisas.com\/fr\/reservation-de-vol-pour-le-visa-schengen\/\"><strong>vols<\/strong><\/a> et d&rsquo;<a href=\"https:\/\/www.schengenvisas.com\/fr\/preuve-dhebergement\/\"><strong>h\u00f4tel<\/strong>,<\/a> avec les conditions suivantes :<ul><li>R\u00e9servation de vol\/agenda de voyage.<\/li><li>R\u00e9servation d&rsquo;h\u00f4tel \u00e0 confirmer (r\u00e9serv\u00e9e), avec adresse compl\u00e8te de l&rsquo;h\u00f4tel (emplacement, num\u00e9ro de contact, num\u00e9ro de r\u00e9f\u00e9rence de r\u00e9servation).<\/li><\/ul><\/li><li>D\u00e9claration du parrain\/employeur local, y compris le nom, les coordonn\u00e9es (t\u00e9l\u00e9phone et adresse physique) de l&rsquo;entreprise ou du sponsor d\u00e9crivant la nature de votre emploi, la date de d\u00e9but de l&#8217;emploi, votre salaire, la dur\u00e9e du cong\u00e9 (date pr\u00e9vue de retour au travail) et le but du voyage. Le cas \u00e9ch\u00e9ant, copie de la licence commerciale valide pour l&rsquo;investisseur\/partenaire de l&rsquo;entreprise.<\/li><li>Preuve des <a href=\"https:\/\/www.schengenvisas.com\/fr\/preuve-de-subsistance-pour-le-visa-schengen\/\"><strong><u>moyens financiers <\/u><\/strong><\/a>du candidat dans le pays de r\u00e9sidence, tels que plusieurs mois de relev\u00e9s bancaires personnels \u00e9mis 3 mois avant la demande, des actifs et\/ou d&rsquo;autres biens personnels pertinents.<\/li><li>Documents requis si le voyageur est mineur (moins de 18 ans) :<ul><li>Lettre de consentement des deux parents\/du tuteur l\u00e9gal.<\/li><li>Copies du passeport des deux parents\/du tuteur l\u00e9gal.<\/li><li>Copie de l&rsquo;acte de naissance :<ul><li>Si le mineur est adopt\u00e9, une preuve d&rsquo;adoption est requise.<\/li><li>Si les parents sont divorc\u00e9s, une preuve de divorce est n\u00e9cessaire.<\/li><li>Si l&rsquo;un des parents ou les deux sont d\u00e9c\u00e9d\u00e9s, une preuve de d\u00e9c\u00e8s est n\u00e9cessaire.<\/li><\/ul><\/li><\/ul><\/li><\/ul>\t\t\t\t\t\t\t\t<\/div>\n\t\t\t\t<\/div>\n\t\t\t\t\t<\/div>\n\t\t<\/div>\n\t\t\t\t\t<\/div>\n\t\t<\/section>\n\t\t\t\t<\/div>\n\t\t","protected":false},"excerpt":{"rendered":"<p>La plupart des documents suivants sont requis pour tous les types de visas Schengen. Tous<a class=\"read-more-text pl-2\" href=\"https:\/\/www.schengenvisas.com\/fr\/exigences-des-demandes-de-visa-schengen\/\">[Lire la suite&#8230;]<\/a><\/p>\n","protected":false},"author":15,"featured_media":0,"parent":0,"menu_order":0,"comment_status":"closed","ping_status":"closed","template":"","meta":{"_acf_changed":false,"inline_featured_image":false,"footnotes":""},"class_list":["post-8852","page","type-page","status-publish","hentry","entry"],"acf":[],"yoast_head":"<!-- This site is optimized with the Yoast SEO Premium plugin v24.1 (Yoast SEO v24.1) - https:\/\/yoast.com\/wordpress\/plugins\/seo\/ -->\n<title>Exigences de demande de visa Schengen | Conditions pr\u00e9alables au visa Schengen<\/title>\n<meta name=\"description\" content=\"Exigences de demande de visa Schengen | Conditions pr\u00e9alables au visa Schengen | Documents suppl\u00e9mentaires \u00e0 fournir avec la demande de visa\" \/>\n<meta name=\"robots\" content=\"index, follow, max-snippet:-1, max-image-preview:large, max-video-preview:-1\" \/>\n<link rel=\"canonical\" href=\"https:\/\/www.schengenvisas.com\/fr\/wp-json\/wp\/v2\/pages\/8852\" \/>\n<meta property=\"og:locale\" content=\"fr_FR\" \/>\n<meta property=\"og:type\" content=\"article\" \/>\n<meta property=\"og:title\" content=\"Exigences des demandes de visa Schengen\" \/>\n<meta property=\"og:description\" content=\"Exigences de demande de visa Schengen | Conditions pr\u00e9alables au visa Schengen | Documents suppl\u00e9mentaires \u00e0 fournir avec la demande de visa\" \/>\n<meta property=\"og:url\" content=\"https:\/\/www.schengenvisas.com\/fr\/exigences-des-demandes-de-visa-schengen\/\" \/>\n<meta property=\"og:site_name\" content=\"Schengen Visas\" \/>\n<meta property=\"article:modified_time\" content=\"2025-08-05T16:24:00+00:00\" \/>\n<meta name=\"twitter:card\" content=\"summary_large_image\" \/>\n<meta name=\"twitter:label1\" content=\"Dur\u00e9e de lecture estim\u00e9e\" \/>\n\t<meta name=\"twitter:data1\" content=\"4 minutes\" \/>\n<script type=\"application\/ld+json\" class=\"yoast-schema-graph\">{\"@context\":\"https:\/\/schema.org\",\"@graph\":[{\"@type\":\"WebPage\",\"@id\":\"https:\/\/www.schengenvisas.com\/fr\/exigences-des-demandes-de-visa-schengen\/\",\"url\":\"https:\/\/www.schengenvisas.com\/fr\/exigences-des-demandes-de-visa-schengen\/\",\"name\":\"Exigences de demande de visa Schengen | Conditions pr\u00e9alables au visa Schengen\",\"isPartOf\":{\"@id\":\"https:\/\/www.schengenvisas.com\/#website\"},\"datePublished\":\"2020-01-07T11:45:55+00:00\",\"dateModified\":\"2025-08-05T16:24:00+00:00\",\"description\":\"Exigences de demande de visa Schengen | Conditions pr\u00e9alables au visa Schengen | Documents suppl\u00e9mentaires \u00e0 fournir avec la demande de visa\",\"breadcrumb\":{\"@id\":\"https:\/\/www.schengenvisas.com\/fr\/exigences-des-demandes-de-visa-schengen\/#breadcrumb\"},\"inLanguage\":\"fr-FR\",\"potentialAction\":[{\"@type\":\"ReadAction\",\"target\":[\"https:\/\/www.schengenvisas.com\/fr\/exigences-des-demandes-de-visa-schengen\/\"]}]},{\"@type\":\"BreadcrumbList\",\"@id\":\"https:\/\/www.schengenvisas.com\/fr\/exigences-des-demandes-de-visa-schengen\/#breadcrumb\",\"itemListElement\":[{\"@type\":\"ListItem\",\"position\":1,\"name\":\"Home\",\"item\":\"https:\/\/www.schengenvisas.com\/\"},{\"@type\":\"ListItem\",\"position\":2,\"name\":\"Exigences des demandes de visa Schengen\"}]},{\"@type\":\"WebSite\",\"@id\":\"https:\/\/www.schengenvisas.com\/#website\",\"url\":\"https:\/\/www.schengenvisas.com\/\",\"name\":\"Schengen Visas\",\"description\":\"Schengen Visa Application Services\",\"publisher\":{\"@id\":\"https:\/\/www.schengenvisas.com\/#organization\"},\"potentialAction\":[{\"@type\":\"SearchAction\",\"target\":{\"@type\":\"EntryPoint\",\"urlTemplate\":\"https:\/\/www.schengenvisas.com\/?s={search_term_string}\"},\"query-input\":{\"@type\":\"PropertyValueSpecification\",\"valueRequired\":true,\"valueName\":\"search_term_string\"}}],\"inLanguage\":\"fr-FR\"},{\"@type\":\"Organization\",\"@id\":\"https:\/\/www.schengenvisas.com\/#organization\",\"name\":\"Schengen Visas\",\"url\":\"https:\/\/www.schengenvisas.com\/\",\"logo\":{\"@type\":\"ImageObject\",\"inLanguage\":\"fr-FR\",\"@id\":\"https:\/\/www.schengenvisas.com\/#\/schema\/logo\/image\/\",\"url\":\"https:\/\/www.schengenvisas.com\/wp-content\/uploads\/2023\/03\/logo.svg\",\"contentUrl\":\"https:\/\/www.schengenvisas.com\/wp-content\/uploads\/2023\/03\/logo.svg\",\"width\":894,\"height\":123,\"caption\":\"Schengen Visas\"},\"image\":{\"@id\":\"https:\/\/www.schengenvisas.com\/#\/schema\/logo\/image\/\"}}]}<\/script>\n<!-- \/ Yoast SEO Premium plugin. -->","yoast_head_json":{"title":"Exigences de demande de visa Schengen | Conditions pr\u00e9alables au visa Schengen","description":"Exigences de demande de visa Schengen | Conditions pr\u00e9alables au visa Schengen | Documents suppl\u00e9mentaires \u00e0 fournir avec la demande de visa","robots":{"index":"index","follow":"follow","max-snippet":"max-snippet:-1","max-image-preview":"max-image-preview:large","max-video-preview":"max-video-preview:-1"},"canonical":"https:\/\/www.schengenvisas.com\/fr\/wp-json\/wp\/v2\/pages\/8852","og_locale":"fr_FR","og_type":"article","og_title":"Exigences des demandes de visa Schengen","og_description":"Exigences de demande de visa Schengen | Conditions pr\u00e9alables au visa Schengen | Documents suppl\u00e9mentaires \u00e0 fournir avec la demande de visa","og_url":"https:\/\/www.schengenvisas.com\/fr\/exigences-des-demandes-de-visa-schengen\/","og_site_name":"Schengen Visas","article_modified_time":"2025-08-05T16:24:00+00:00","twitter_card":"summary_large_image","twitter_misc":{"Dur\u00e9e de lecture estim\u00e9e":"4 minutes"},"schema":{"@context":"https:\/\/schema.org","@graph":[{"@type":"WebPage","@id":"https:\/\/www.schengenvisas.com\/fr\/exigences-des-demandes-de-visa-schengen\/","url":"https:\/\/www.schengenvisas.com\/fr\/exigences-des-demandes-de-visa-schengen\/","name":"Exigences de demande de visa Schengen | Conditions pr\u00e9alables au visa Schengen","isPartOf":{"@id":"https:\/\/www.schengenvisas.com\/#website"},"datePublished":"2020-01-07T11:45:55+00:00","dateModified":"2025-08-05T16:24:00+00:00","description":"Exigences de demande de visa Schengen | Conditions pr\u00e9alables au visa Schengen | Documents suppl\u00e9mentaires \u00e0 fournir avec la demande de visa","breadcrumb":{"@id":"https:\/\/www.schengenvisas.com\/fr\/exigences-des-demandes-de-visa-schengen\/#breadcrumb"},"inLanguage":"fr-FR","potentialAction":[{"@type":"ReadAction","target":["https:\/\/www.schengenvisas.com\/fr\/exigences-des-demandes-de-visa-schengen\/"]}]},{"@type":"BreadcrumbList","@id":"https:\/\/www.schengenvisas.com\/fr\/exigences-des-demandes-de-visa-schengen\/#breadcrumb","itemListElement":[{"@type":"ListItem","position":1,"name":"Home","item":"https:\/\/www.schengenvisas.com\/"},{"@type":"ListItem","position":2,"name":"Exigences des demandes de visa Schengen"}]},{"@type":"WebSite","@id":"https:\/\/www.schengenvisas.com\/#website","url":"https:\/\/www.schengenvisas.com\/","name":"Schengen Visas","description":"Schengen Visa Application Services","publisher":{"@id":"https:\/\/www.schengenvisas.com\/#organization"},"potentialAction":[{"@type":"SearchAction","target":{"@type":"EntryPoint","urlTemplate":"https:\/\/www.schengenvisas.com\/?s={search_term_string}"},"query-input":{"@type":"PropertyValueSpecification","valueRequired":true,"valueName":"search_term_string"}}],"inLanguage":"fr-FR"},{"@type":"Organization","@id":"https:\/\/www.schengenvisas.com\/#organization","name":"Schengen Visas","url":"https:\/\/www.schengenvisas.com\/","logo":{"@type":"ImageObject","inLanguage":"fr-FR","@id":"https:\/\/www.schengenvisas.com\/#\/schema\/logo\/image\/","url":"https:\/\/www.schengenvisas.com\/wp-content\/uploads\/2023\/03\/logo.svg","contentUrl":"https:\/\/www.schengenvisas.com\/wp-content\/uploads\/2023\/03\/logo.svg","width":894,"height":123,"caption":"Schengen Visas"},"image":{"@id":"https:\/\/www.schengenvisas.com\/#\/schema\/logo\/image\/"}}]}},"_links":{"self":[{"href":"https:\/\/www.schengenvisas.com\/fr\/wp-json\/wp\/v2\/pages\/8852","targetHints":{"allow":["GET"]}}],"collection":[{"href":"https:\/\/www.schengenvisas.com\/fr\/wp-json\/wp\/v2\/pages"}],"about":[{"href":"https:\/\/www.schengenvisas.com\/fr\/wp-json\/wp\/v2\/types\/page"}],"author":[{"embeddable":true,"href":"https:\/\/www.schengenvisas.com\/fr\/wp-json\/wp\/v2\/users\/15"}],"replies":[{"embeddable":true,"href":"https:\/\/www.schengenvisas.com\/fr\/wp-json\/wp\/v2\/comments?post=8852"}],"version-history":[{"count":11,"href":"https:\/\/www.schengenvisas.com\/fr\/wp-json\/wp\/v2\/pages\/8852\/revisions"}],"predecessor-version":[{"id":30149,"href":"https:\/\/www.schengenvisas.com\/fr\/wp-json\/wp\/v2\/pages\/8852\/revisions\/30149"}],"wp:attachment":[{"href":"https:\/\/www.schengenvisas.com\/fr\/wp-json\/wp\/v2\/media?parent=8852"}],"curies":[{"name":"wp","href":"https:\/\/api.w.org\/{rel}","templated":true}]}}