{"id":8857,"date":"2020-01-08T06:37:55","date_gmt":"2020-01-08T06:37:55","guid":{"rendered":"https:\/\/www.schengenvisas.com\/about-us\/"},"modified":"2022-03-27T13:23:16","modified_gmt":"2022-03-27T09:23:16","slug":"a-notre-sujet","status":"publish","type":"page","link":"https:\/\/www.schengenvisas.com\/fr\/a-notre-sujet\/","title":{"rendered":"\u00c0 notre sujet"},"content":{"rendered":"\t\t<div data-elementor-type=\"wp-page\" data-elementor-id=\"8857\" class=\"elementor elementor-8857 elementor-170\" data-elementor-post-type=\"page\">\n\t\t\t\t\t\t<section class=\"elementor-section elementor-top-section elementor-element elementor-element-99346f2 elementor-section-boxed elementor-section-height-default elementor-section-height-default\" data-id=\"99346f2\" data-element_type=\"section\">\n\t\t\t\t\t\t<div class=\"elementor-container elementor-column-gap-default\">\n\t\t\t\t\t<div class=\"elementor-column elementor-col-100 elementor-top-column elementor-element elementor-element-f261977\" data-id=\"f261977\" data-element_type=\"column\">\n\t\t\t<div class=\"elementor-widget-wrap elementor-element-populated\">\n\t\t\t\t\t\t<div class=\"elementor-element elementor-element-af9a2e4 elementor-widget elementor-widget-text_block\" data-id=\"af9a2e4\" data-element_type=\"widget\" data-widget_type=\"text_block.default\">\n\t\t\t\t<div class=\"elementor-widget-container\">\n\t\t\t\t\t<section class=\"about-details pt-0\">\r\n\t\t\t<div class=\"about-text\"><h2 class=\"mb-0 mt-0\">\u00c0 propos de SchengenVisas<br><\/h2><\/div>\r\n\t\t<\/section>\t\t\t\t<\/div>\n\t\t\t\t<\/div>\n\t\t\t\t<div class=\"elementor-element elementor-element-e91a5f6 elementor-widget elementor-widget-text_block\" data-id=\"e91a5f6\" data-element_type=\"widget\" data-widget_type=\"text_block.default\">\n\t\t\t\t<div class=\"elementor-widget-container\">\n\t\t\t\t\t<section class=\"about-details pt-0\">\r\n\t\t\t<div class=\"about-text\"><h6 class=\"mb-0 font-16 font-gilroy-medium sub-text\">SchengenVisas.com est votre source en ligne pour obtenir les informations les plus pr\u00e9cises, \u00e0 jour et compl\u00e8tes sur les visas Schengen.<br><br>\nLanc\u00e9 en 2020 dans le but de simplifier la proc\u00e9dure de demande de visa Schengen, notre portail en ligne dessert les visiteurs du monde entier. Notre site Web informatif et simple est le meilleur endroit pour en savoir plus sur les types de visas Schengen, la validit\u00e9 et les exigences. Notre guide \u00e9tape par \u00e9tape pour obtenir un visa Schengen pour chacun des 26 \u00c9tats membres fournit des informations sp\u00e9cifiques pour chaque pays, provenant directement et exclusivement des consulats, ambassades et autres autorit\u00e9s europ\u00e9ennes officielles. Les visiteurs obtiendront toutes les informations n\u00e9cessaires pour savoir quand, o\u00f9 et comment demander un visa Schengen, ainsi que sur les documents requis, frais de visa et dur\u00e9es de traitement. Nous vous apprendrons \u00e0 acc\u00e9der \u00e0 une demande en ligne, \u00e0 calculer votre s\u00e9jour pr\u00e9vu dans l'espace Schengen, \u00e0 lire votre vignette visa, et bien plus encore.<br><br>\nBas\u00e9e \u00e0 Duba\u00ef, notre \u00e9quipe multilingue fournit un service 24h\/24, 7j\/7 aux candidats potentiels. Nous sommes impatients de r\u00e9pondre \u00e0 toutes vos questions relatives aux visas Schengen et de vous aider \u00e0 naviguer avec succ\u00e8s dans le processus de demande de visa.\n\r\n\t\t\t\t\t\t<\/h6><\/div>\r\n\t\t<\/section>\t\t\t\t<\/div>\n\t\t\t\t<\/div>\n\t\t\t\t\t<\/div>\n\t\t<\/div>\n\t\t\t\t\t<\/div>\n\t\t<\/section>\n\t\t\t\t<section class=\"elementor-section elementor-top-section elementor-element elementor-element-28ca10d elementor-section-boxed elementor-section-height-default elementor-section-height-default\" data-id=\"28ca10d\" data-element_type=\"section\">\n\t\t\t\t\t\t<div class=\"elementor-container elementor-column-gap-default\">\n\t\t\t\t\t<div class=\"elementor-column elementor-col-100 elementor-top-column elementor-element elementor-element-b1ef164\" data-id=\"b1ef164\" data-element_type=\"column\">\n\t\t\t<div class=\"elementor-widget-wrap elementor-element-populated\">\n\t\t\t\t\t\t<div class=\"elementor-element elementor-element-2f8066e elementor-widget elementor-widget-spacer\" data-id=\"2f8066e\" data-element_type=\"widget\" data-widget_type=\"spacer.default\">\n\t\t\t\t<div class=\"elementor-widget-container\">\n\t\t\t\t\t\t\t<div class=\"elementor-spacer\">\n\t\t\t<div class=\"elementor-spacer-inner\"><\/div>\n\t\t<\/div>\n\t\t\t\t\t\t<\/div>\n\t\t\t\t<\/div>\n\t\t\t\t<div class=\"elementor-element elementor-element-f6c60bd elementor-widget elementor-widget-homepage_service\" data-id=\"f6c60bd\" data-element_type=\"widget\" data-widget_type=\"homepage_service.default\">\n\t\t\t\t<div class=\"elementor-widget-container\">\n\t\t\t\t\t<section class=\"services1\"><div class=\"card shadow\">\n\t\t\t\t\t\t\t\t\t<div class=\"card-body\">\n\t\t\t\t\t\t\t\t\t\t<div class=\"d-lg-flex align-items-start text-center text-lg-left\"><img decoding=\"async\" src=\"https:\/\/www.schengenvisas.com\/wp-content\/uploads\/2020\/01\/a1.png\" class=\"flex-shrink-0\"><div class=\"ml-0 pl-0 ml-lg-4 pl-lg-1 mt-lg-0\"><h4 class=\"mb-0 mt-0 text-info\">Vision<\/h4><p class=\"mb-0 mt-2\">Notre vision est de simplifier et de d\u00e9mystifier le processus de demande de visa Schengen pour les candidats potentiels en fournissant les informations les plus \u00e0 jour et les plus fiables provenant de sources cr\u00e9dibles.<\/p><\/div>\n\t\t\t\t\t\t\t\t\t\t<\/div>\n\t\t\t\t\t\t\t\t\t<\/div>\n\t\t\t\t\t\t\t\t<\/div><div class=\"card shadow\">\n\t\t\t\t\t\t\t\t\t<div class=\"card-body\">\n\t\t\t\t\t\t\t\t\t\t<div class=\"d-lg-flex align-items-start text-center text-lg-left\"><img decoding=\"async\" src=\"https:\/\/www.schengenvisas.com\/wp-content\/uploads\/2020\/01\/3rd-icon.png\" class=\"flex-shrink-0\"><div class=\"ml-0 pl-0 ml-lg-4 pl-lg-1 mt-lg-0\"><h4 class=\"mb-0 mt-0 text-info\">Objectif <\/h4><p class=\"mb-0 mt-2\">Nous visons \u00e0 devenir le premier site Web pour les visas Schengen en pr\u00e9sentant des informations fiables, claires et accessibles aux candidats potentiels, et en offrant une exp\u00e9rience conviviale ainsi qu'un service exceptionnel. Nous savons que le processus de candidature peut sembler accablant. Notre objectif est de calmer vos inqui\u00e9tudes en rendant votre exp\u00e9rience aussi simple et directe que possible.<\/p><\/div>\n\t\t\t\t\t\t\t\t\t\t<\/div>\n\t\t\t\t\t\t\t\t\t<\/div>\n\t\t\t\t\t\t\t\t<\/div><div class=\"card shadow\">\n\t\t\t\t\t\t\t\t\t<div class=\"card-body\">\n\t\t\t\t\t\t\t\t\t\t<div class=\"d-lg-flex align-items-start text-center text-lg-left\"><img decoding=\"async\" src=\"https:\/\/www.schengenvisas.com\/wp-content\/uploads\/2020\/01\/a3.png\" class=\"flex-shrink-0\"><div class=\"ml-0 pl-0 ml-lg-4 pl-lg-1 mt-lg-0\"><h4 class=\"mb-0 mt-0 text-info\">Valeurs<\/h4><p class=\"mb-0 mt-2\">SchengenVisas.com est fond\u00e9 sur son engagement en mati\u00e8re de fiabilit\u00e9, d'int\u00e9grit\u00e9 et de confidentialit\u00e9.<\/p><\/div>\n\t\t\t\t\t\t\t\t\t\t<\/div>\n\t\t\t\t\t\t\t\t\t<\/div>\n\t\t\t\t\t\t\t\t<\/div><div class=\"card shadow\">\n\t\t\t\t\t\t\t\t\t<div class=\"card-body\">\n\t\t\t\t\t\t\t\t\t\t<div class=\"d-lg-flex align-items-start text-center text-lg-left\"><img decoding=\"async\" src=\"https:\/\/www.schengenvisas.com\/wp-content\/uploads\/2020\/01\/2nd-icon.png\" class=\"flex-shrink-0\"><div class=\"ml-0 pl-0 ml-lg-4 pl-lg-1 mt-lg-0\"><h4 class=\"mb-0 mt-0 text-info\">Professionnalisme et expertise<\/h4><p class=\"mb-0 mt-2\">Notre \u00e9quipe de consultants en visa Schengen a \u00e9t\u00e9 s\u00e9lectionn\u00e9e pour sa diversit\u00e9 de comp\u00e9tences et ses connaissances sp\u00e9cialis\u00e9es. Ils savent tout sur les visas Schengen et sont responsables de la recherche de toutes les informations pr\u00e9sent\u00e9es sur ce site. Nous sommes fiers de notre professionnalisme et de notre service, et sommes impatients de simplifier autant que possible votre processus de demande de visa Schengen.<\/p><\/div>\n\t\t\t\t\t\t\t\t\t\t<\/div>\n\t\t\t\t\t\t\t\t\t<\/div>\n\t\t\t\t\t\t\t\t<\/div><div class=\"card shadow\">\n\t\t\t\t\t\t\t\t\t<div class=\"card-body\">\n\t\t\t\t\t\t\t\t\t\t<div class=\"d-lg-flex align-items-start text-center text-lg-left\"><img decoding=\"async\" src=\"https:\/\/www.schengenvisas.com\/wp-content\/uploads\/2020\/01\/1st-icon-1.png\" class=\"flex-shrink-0\"><div class=\"ml-0 pl-0 ml-lg-4 pl-lg-1 mt-lg-0\"><h4 class=\"mb-0 mt-0 text-info\">Confidentialit\u00e9 des donn\u00e9es<\/h4><p class=\"mb-0 mt-2\">Nous sommes engag\u00e9s \u00e0 100% envers la s\u00e9curit\u00e9 des donn\u00e9es. Vos informations personnelles seront gard\u00e9es en s\u00e9curit\u00e9 et confidentielles.<\/p><\/div>\n\t\t\t\t\t\t\t\t\t\t<\/div>\n\t\t\t\t\t\t\t\t\t<\/div>\n\t\t\t\t\t\t\t\t<\/div><\/section>\t\t\t\t<\/div>\n\t\t\t\t<\/div>\n\t\t\t\t<div class=\"elementor-element elementor-element-1cfbbcf elementor-widget elementor-widget-text_block\" data-id=\"1cfbbcf\" data-element_type=\"widget\" data-widget_type=\"text_block.default\">\n\t\t\t\t<div class=\"elementor-widget-container\">\n\t\t\t\t\t<section class=\"about-details pt-0\">\r\n\t\t\t<div class=\"about-text\"><h6 class=\"mb-0 font-16 font-gilroy-medium sub-text\"><h5>Remarque :<\/h5> \n<p>SchengenVisas.com ne fait partie d'aucune agence officielle et ne joue aucun r\u00f4le dans la prise de d\u00e9cision, l'approbation ou le refus des demandes de visa. Notre site Web SchengenVisas.com n'est pas membre de l'Union europ\u00e9enne, du Conseil europ\u00e9en ni de toute autre agence. SchengenVisas.com est un site Web d'\u00e9dition priv\u00e9 offrant une sensibilisation et des conseils gratuits sur les visas Schengen. Nous ne sommes pas responsables de l'octroi des visas Schengen.<\/p>\r\n\t\t\t\t\t\t<\/h6><\/div>\r\n\t\t<\/section>\t\t\t\t<\/div>\n\t\t\t\t<\/div>\n\t\t\t\t\t<\/div>\n\t\t<\/div>\n\t\t\t\t\t<\/div>\n\t\t<\/section>\n\t\t\t\t<\/div>\n\t\t","protected":false},"excerpt":{"rendered":"<p>\u00c0 propos de SchengenVisas SchengenVisas.com est votre source en ligne pour obtenir les informations les<a class=\"read-more-text pl-2\" href=\"https:\/\/www.schengenvisas.com\/fr\/a-notre-sujet\/\">[Lire la suite&#8230;]<\/a><\/p>\n","protected":false},"author":15,"featured_media":0,"parent":0,"menu_order":0,"comment_status":"closed","ping_status":"closed","template":"","meta":{"_acf_changed":false,"inline_featured_image":false,"footnotes":""},"class_list":["post-8857","page","type-page","status-publish","hentry","entry"],"acf":[],"yoast_head":"<!-- This site is optimized with the Yoast SEO Premium plugin v24.1 (Yoast SEO v24.1) - https:\/\/yoast.com\/wordpress\/plugins\/seo\/ -->\n<title>A propos des visas Schengen | A notre sujet | Services de conseil<\/title>\n<meta name=\"description\" content=\"A propos des visas Schengen | A notre sujet | Services de conseil visas Schengen | Notre objectif et notre mission sont de fournir les meilleurs conseils en mati\u00e8re de visas pour l&#039;espace Schengen\" \/>\n<meta name=\"robots\" content=\"index, follow, max-snippet:-1, max-image-preview:large, max-video-preview:-1\" \/>\n<link rel=\"canonical\" href=\"https:\/\/www.schengenvisas.com\/fr\/wp-json\/wp\/v2\/pages\/8857\" \/>\n<meta property=\"og:locale\" content=\"fr_FR\" \/>\n<meta property=\"og:type\" content=\"article\" \/>\n<meta property=\"og:title\" content=\"\u00c0 notre sujet\" \/>\n<meta property=\"og:description\" content=\"A propos des visas Schengen | A notre sujet | Services de conseil visas Schengen | Notre objectif et notre mission sont de fournir les meilleurs conseils en mati\u00e8re de visas pour l&#039;espace Schengen\" \/>\n<meta property=\"og:url\" content=\"https:\/\/www.schengenvisas.com\/fr\/a-notre-sujet\/\" \/>\n<meta property=\"og:site_name\" content=\"Schengen Visas\" \/>\n<meta property=\"article:modified_time\" content=\"2022-03-27T09:23:16+00:00\" \/>\n<meta property=\"og:image\" content=\"https:\/\/www.schengenvisas.com\/wp-content\/uploads\/2020\/01\/a1.png\" \/>\n<meta name=\"twitter:card\" content=\"summary_large_image\" \/>\n<meta name=\"twitter:label1\" content=\"Dur\u00e9e de lecture estim\u00e9e\" \/>\n\t<meta name=\"twitter:data1\" content=\"4 minutes\" \/>\n<script type=\"application\/ld+json\" class=\"yoast-schema-graph\">{\"@context\":\"https:\/\/schema.org\",\"@graph\":[{\"@type\":\"WebPage\",\"@id\":\"https:\/\/www.schengenvisas.com\/fr\/a-notre-sujet\/\",\"url\":\"https:\/\/www.schengenvisas.com\/fr\/a-notre-sujet\/\",\"name\":\"A propos des visas Schengen | A notre sujet | Services de conseil\",\"isPartOf\":{\"@id\":\"https:\/\/www.schengenvisas.com\/#website\"},\"primaryImageOfPage\":{\"@id\":\"https:\/\/www.schengenvisas.com\/fr\/a-notre-sujet\/#primaryimage\"},\"image\":{\"@id\":\"https:\/\/www.schengenvisas.com\/fr\/a-notre-sujet\/#primaryimage\"},\"thumbnailUrl\":\"https:\/\/www.schengenvisas.com\/wp-content\/uploads\/2020\/01\/a1.png\",\"datePublished\":\"2020-01-08T06:37:55+00:00\",\"dateModified\":\"2022-03-27T09:23:16+00:00\",\"description\":\"A propos des visas Schengen | A notre sujet | Services de conseil visas Schengen | Notre objectif et notre mission sont de fournir les meilleurs conseils en mati\u00e8re de visas pour l'espace Schengen\",\"breadcrumb\":{\"@id\":\"https:\/\/www.schengenvisas.com\/fr\/a-notre-sujet\/#breadcrumb\"},\"inLanguage\":\"fr-FR\",\"potentialAction\":[{\"@type\":\"ReadAction\",\"target\":[\"https:\/\/www.schengenvisas.com\/fr\/a-notre-sujet\/\"]}]},{\"@type\":\"ImageObject\",\"inLanguage\":\"fr-FR\",\"@id\":\"https:\/\/www.schengenvisas.com\/fr\/a-notre-sujet\/#primaryimage\",\"url\":\"https:\/\/www.schengenvisas.com\/wp-content\/uploads\/2020\/01\/a1.png\",\"contentUrl\":\"https:\/\/www.schengenvisas.com\/wp-content\/uploads\/2020\/01\/a1.png\"},{\"@type\":\"BreadcrumbList\",\"@id\":\"https:\/\/www.schengenvisas.com\/fr\/a-notre-sujet\/#breadcrumb\",\"itemListElement\":[{\"@type\":\"ListItem\",\"position\":1,\"name\":\"Home\",\"item\":\"https:\/\/www.schengenvisas.com\/\"},{\"@type\":\"ListItem\",\"position\":2,\"name\":\"\u00c0 notre sujet\"}]},{\"@type\":\"WebSite\",\"@id\":\"https:\/\/www.schengenvisas.com\/#website\",\"url\":\"https:\/\/www.schengenvisas.com\/\",\"name\":\"Schengen Visas\",\"description\":\"Schengen Visa Application Services\",\"publisher\":{\"@id\":\"https:\/\/www.schengenvisas.com\/#organization\"},\"potentialAction\":[{\"@type\":\"SearchAction\",\"target\":{\"@type\":\"EntryPoint\",\"urlTemplate\":\"https:\/\/www.schengenvisas.com\/?s={search_term_string}\"},\"query-input\":{\"@type\":\"PropertyValueSpecification\",\"valueRequired\":true,\"valueName\":\"search_term_string\"}}],\"inLanguage\":\"fr-FR\"},{\"@type\":\"Organization\",\"@id\":\"https:\/\/www.schengenvisas.com\/#organization\",\"name\":\"Schengen Visas\",\"url\":\"https:\/\/www.schengenvisas.com\/\",\"logo\":{\"@type\":\"ImageObject\",\"inLanguage\":\"fr-FR\",\"@id\":\"https:\/\/www.schengenvisas.com\/#\/schema\/logo\/image\/\",\"url\":\"https:\/\/www.schengenvisas.com\/wp-content\/uploads\/2023\/03\/logo.svg\",\"contentUrl\":\"https:\/\/www.schengenvisas.com\/wp-content\/uploads\/2023\/03\/logo.svg\",\"width\":894,\"height\":123,\"caption\":\"Schengen Visas\"},\"image\":{\"@id\":\"https:\/\/www.schengenvisas.com\/#\/schema\/logo\/image\/\"}}]}<\/script>\n<!-- \/ Yoast SEO Premium plugin. -->","yoast_head_json":{"title":"A propos des visas Schengen | A notre sujet | Services de conseil","description":"A propos des visas Schengen | A notre sujet | Services de conseil visas Schengen | Notre objectif et notre mission sont de fournir les meilleurs conseils en mati\u00e8re de visas pour l'espace Schengen","robots":{"index":"index","follow":"follow","max-snippet":"max-snippet:-1","max-image-preview":"max-image-preview:large","max-video-preview":"max-video-preview:-1"},"canonical":"https:\/\/www.schengenvisas.com\/fr\/wp-json\/wp\/v2\/pages\/8857","og_locale":"fr_FR","og_type":"article","og_title":"\u00c0 notre sujet","og_description":"A propos des visas Schengen | A notre sujet | Services de conseil visas Schengen | Notre objectif et notre mission sont de fournir les meilleurs conseils en mati\u00e8re de visas pour l'espace Schengen","og_url":"https:\/\/www.schengenvisas.com\/fr\/a-notre-sujet\/","og_site_name":"Schengen Visas","article_modified_time":"2022-03-27T09:23:16+00:00","og_image":[{"url":"https:\/\/www.schengenvisas.com\/wp-content\/uploads\/2020\/01\/a1.png","type":"","width":"","height":""}],"twitter_card":"summary_large_image","twitter_misc":{"Dur\u00e9e de lecture estim\u00e9e":"4 minutes"},"schema":{"@context":"https:\/\/schema.org","@graph":[{"@type":"WebPage","@id":"https:\/\/www.schengenvisas.com\/fr\/a-notre-sujet\/","url":"https:\/\/www.schengenvisas.com\/fr\/a-notre-sujet\/","name":"A propos des visas Schengen | A notre sujet | Services de conseil","isPartOf":{"@id":"https:\/\/www.schengenvisas.com\/#website"},"primaryImageOfPage":{"@id":"https:\/\/www.schengenvisas.com\/fr\/a-notre-sujet\/#primaryimage"},"image":{"@id":"https:\/\/www.schengenvisas.com\/fr\/a-notre-sujet\/#primaryimage"},"thumbnailUrl":"https:\/\/www.schengenvisas.com\/wp-content\/uploads\/2020\/01\/a1.png","datePublished":"2020-01-08T06:37:55+00:00","dateModified":"2022-03-27T09:23:16+00:00","description":"A propos des visas Schengen | A notre sujet | Services de conseil visas Schengen | Notre objectif et notre mission sont de fournir les meilleurs conseils en mati\u00e8re de visas pour l'espace Schengen","breadcrumb":{"@id":"https:\/\/www.schengenvisas.com\/fr\/a-notre-sujet\/#breadcrumb"},"inLanguage":"fr-FR","potentialAction":[{"@type":"ReadAction","target":["https:\/\/www.schengenvisas.com\/fr\/a-notre-sujet\/"]}]},{"@type":"ImageObject","inLanguage":"fr-FR","@id":"https:\/\/www.schengenvisas.com\/fr\/a-notre-sujet\/#primaryimage","url":"https:\/\/www.schengenvisas.com\/wp-content\/uploads\/2020\/01\/a1.png","contentUrl":"https:\/\/www.schengenvisas.com\/wp-content\/uploads\/2020\/01\/a1.png"},{"@type":"BreadcrumbList","@id":"https:\/\/www.schengenvisas.com\/fr\/a-notre-sujet\/#breadcrumb","itemListElement":[{"@type":"ListItem","position":1,"name":"Home","item":"https:\/\/www.schengenvisas.com\/"},{"@type":"ListItem","position":2,"name":"\u00c0 notre sujet"}]},{"@type":"WebSite","@id":"https:\/\/www.schengenvisas.com\/#website","url":"https:\/\/www.schengenvisas.com\/","name":"Schengen Visas","description":"Schengen Visa Application Services","publisher":{"@id":"https:\/\/www.schengenvisas.com\/#organization"},"potentialAction":[{"@type":"SearchAction","target":{"@type":"EntryPoint","urlTemplate":"https:\/\/www.schengenvisas.com\/?s={search_term_string}"},"query-input":{"@type":"PropertyValueSpecification","valueRequired":true,"valueName":"search_term_string"}}],"inLanguage":"fr-FR"},{"@type":"Organization","@id":"https:\/\/www.schengenvisas.com\/#organization","name":"Schengen Visas","url":"https:\/\/www.schengenvisas.com\/","logo":{"@type":"ImageObject","inLanguage":"fr-FR","@id":"https:\/\/www.schengenvisas.com\/#\/schema\/logo\/image\/","url":"https:\/\/www.schengenvisas.com\/wp-content\/uploads\/2023\/03\/logo.svg","contentUrl":"https:\/\/www.schengenvisas.com\/wp-content\/uploads\/2023\/03\/logo.svg","width":894,"height":123,"caption":"Schengen Visas"},"image":{"@id":"https:\/\/www.schengenvisas.com\/#\/schema\/logo\/image\/"}}]}},"_links":{"self":[{"href":"https:\/\/www.schengenvisas.com\/fr\/wp-json\/wp\/v2\/pages\/8857","targetHints":{"allow":["GET"]}}],"collection":[{"href":"https:\/\/www.schengenvisas.com\/fr\/wp-json\/wp\/v2\/pages"}],"about":[{"href":"https:\/\/www.schengenvisas.com\/fr\/wp-json\/wp\/v2\/types\/page"}],"author":[{"embeddable":true,"href":"https:\/\/www.schengenvisas.com\/fr\/wp-json\/wp\/v2\/users\/15"}],"replies":[{"embeddable":true,"href":"https:\/\/www.schengenvisas.com\/fr\/wp-json\/wp\/v2\/comments?post=8857"}],"version-history":[{"count":0,"href":"https:\/\/www.schengenvisas.com\/fr\/wp-json\/wp\/v2\/pages\/8857\/revisions"}],"wp:attachment":[{"href":"https:\/\/www.schengenvisas.com\/fr\/wp-json\/wp\/v2\/media?parent=8857"}],"curies":[{"name":"wp","href":"https:\/\/api.w.org\/{rel}","templated":true}]}}