{"id":8862,"date":"2020-03-19T12:15:49","date_gmt":"2020-03-19T12:15:49","guid":{"rendered":"https:\/\/www.schengenvisas.com\/imprint\/"},"modified":"2021-07-03T00:34:20","modified_gmt":"2021-07-02T20:34:20","slug":"mentions-legales-du-site","status":"publish","type":"page","link":"https:\/\/www.schengenvisas.com\/fr\/mentions-legales-du-site\/","title":{"rendered":"Mentions l\u00e9gales du site"},"content":{"rendered":"\t\t<div data-elementor-type=\"wp-page\" data-elementor-id=\"8862\" class=\"elementor elementor-8862 elementor-1268\" data-elementor-post-type=\"page\">\n\t\t\t\t\t\t<section class=\"elementor-section elementor-top-section elementor-element elementor-element-dd496de elementor-section-boxed elementor-section-height-default elementor-section-height-default\" data-id=\"dd496de\" data-element_type=\"section\">\n\t\t\t\t\t\t<div class=\"elementor-container elementor-column-gap-default\">\n\t\t\t\t\t<div class=\"elementor-column elementor-col-100 elementor-top-column elementor-element elementor-element-e53eaec\" data-id=\"e53eaec\" data-element_type=\"column\">\n\t\t\t<div class=\"elementor-widget-wrap elementor-element-populated\">\n\t\t\t\t\t\t<div class=\"elementor-element elementor-element-a3cdbf3 elementor-widget elementor-widget-text-editor\" data-id=\"a3cdbf3\" data-element_type=\"widget\" data-widget_type=\"text-editor.default\">\n\t\t\t\t<div class=\"elementor-widget-container\">\n\t\t\t\t\t\t\t\t\t<p>SchengenVisas.com ne fait partie d&rsquo;aucune agence officielle et ne joue aucun r\u00f4le dans la prise de d\u00e9cision, l&rsquo;approbation ou le refus des demandes de visa.<\/p><h2>Conditions g\u00e9n\u00e9rales<\/h2><p>En utilisant notre site Web, ces<a href=\"https:\/\/www.schengenvisas.com\/fr\/conditions-generales-et-mentions-legales\/\"><span style=\"text-decoration: underline;\"> <strong>conditions g\u00e9n\u00e9rales<\/strong><\/span><\/a> s&rsquo;appliqueront automatiquement \u00e0 vous. Vous devez donc vous assurer de les lire attentivement avant d&rsquo;utiliser le site Web et les services disponibles sur celui-ci.<\/p><h2>Clause de non-responsabilit\u00e9, garanties et limitation de responsabilit\u00e9<\/h2><p>LE SITE WEB EST MIS \u00c0 VOTRE DISPOSITION SUR UNE BASE \u201cTEL QUEL\u201c ET \u201cTEL QUE DISPONIBLE\u201c, AVEC L&rsquo;ENTENTE EXPRESSE QUE LA SOCI\u00c9T\u00c9 N&rsquo;A AUCUNE OBLIGATION DE SURVEILLER, DE CONTR\u00d4LER OU D&rsquo;\u00c9VALUER LE CONTENU OU LES DONN\u00c9ES FIGURANT SUR LE SITE WEB. EN TANT QUE TEL, VOTRE UTILISATION DU SITE WEB EST \u00c0 VOTRE DISCR\u00c9TION ET \u00c0 VOS PROPRES RISQUES. LA SOCI\u00c9T\u00c9 NE FAIT AUCUNE R\u00c9CLAMATION OU PROMESSE CONCERNANT LA QUALIT\u00c9, L&rsquo;EXACTITUDE OU LA FIABILIT\u00c9 DU SITE WEB ET D\u00c9CLINE EXPRESS\u00c9MENT TOUTES LES GARANTIES, EXPRESSES OU IMPLICITES, Y COMPRIS LES GARANTIES IMPLICITES DE QUALIT\u00c9 MARCHANDE, D&rsquo;AD\u00c9QUATION \u00c0 UN USAGE PARTICULIER ET DE NON-INFRACTION.<\/p><p>BIEN QUE NOUS AYONS L\u2019INTENTION DE PRENDRE DES MESURES RAISONNABLES POUR EMP\u00caCHER L\u2019INTRODUCTION DE VIRUS, DE VERS, DE \u201cCHEVAUX DE TROIE\u201c OU D\u2019AUTRES MAT\u00c9RIAUX DESTRUCTEURS SUR NOTRE SITE WEB, NOUS NE GARANTISSONS PAS QUE NOTRE SITE WEB OU LES DOCUMENTS QUI PEUVENT \u00caTRE T\u00c9L\u00c9CHARG\u00c9S \u00c0 PARTIR DE NOTRE SITE WEB NE CONTIENNENT PAS DE TELLES FONCTIONNALIT\u00c9S DESTRUCTRICES. NOUS NE SOMMES PAS RESPONSABLES DES DOMMAGES CAUS\u00c9S PAR CES FONCTIONNALIT\u00c9S. SI VOUS VOUS FIEZ \u00c0 NOTRE SITE WEB ET \u00c0 TOUT MAT\u00c9RIEL DISPONIBLE SUR NOTRE SITE WEB, VOUS LE FAITES UNIQUEMENT \u00c0 VOS PROPRES RISQUES.<\/p><p>En aucun cas (y compris, mais sans s&rsquo;y limiter, tout acte ou omission de la part de la Soci\u00e9t\u00e9), la Soci\u00e9t\u00e9 ou ses soci\u00e9t\u00e9s affili\u00e9es ne seront responsables d&rsquo;aucun dommage ou perte de profit indirect, accidentel, sp\u00e9cial ou cons\u00e9cutif r\u00e9sultant de toute utilisation ou l&rsquo;acc\u00e8s ou toute incapacit\u00e9 \u00e0 utiliser ou acc\u00e9der au site Web ou \u00e0 tout contenu. Vous reconnaissez et acceptez express\u00e9ment que la Soci\u00e9t\u00e9 n&rsquo;exerce aucun contr\u00f4le sur les utilisateurs et les visiteurs du site Web et n&rsquo;est pas responsable de leurs opinions ou de leur comportement, y compris toute information et\/ou conseil et toute d\u00e9claration diffamatoire ou comportement offensant.<\/p><p>Notre site Web SchengenVisas.com n&rsquo;est pas membre de l&rsquo;Union europ\u00e9enne, du Conseil europ\u00e9en ni de toute autre agence. SchengenVisas.com est un site Web d&rsquo;\u00e9dition priv\u00e9 offrant une sensibilisation et des conseils gratuits sur les visas Schengen. Nous ne sommes pas responsables de l&rsquo;octroi des visas Schengen.<\/p><p>Les informations sur ce site Web sont \u00e0 titre indicatif uniquement. Les informations ne sont pas destin\u00e9es \u00e0 \u00eatre des conseils juridiques. Vous ne devez pas agir ou vous abstenir d&rsquo;agir sur la base de tout contenu inclus dans ce site Web sans demander l&rsquo;avis juridique ou professionnel appropri\u00e9 sur les faits et les circonstances en cause aupr\u00e8s d&rsquo;un avocat agr\u00e9\u00e9.<\/p><p>Nous avons d\u00e9ploy\u00e9 tous les efforts possibles pour nous assurer que le mat\u00e9riel fourni est correct et pr\u00e9cis. Cependant, nous ne garantissons pas l&rsquo;exhaustivit\u00e9 ou la pr\u00e9cision des informations, et ne sommes pas non plus responsables d&rsquo;\u00e9ventuelles erreurs, omissions ou inexactitudes. Tout le contenu est \u00e0 titre indicatif uniquement et il n&rsquo;est en aucun cas juridiquement contraignant.<\/p><p>Le calculateur de visa Schengen (\u201cCalculateur\u201c) disponible sur notre site Web, et ses r\u00e9sultats sont \u00e0 titre d&rsquo;information g\u00e9n\u00e9rale uniquement. Nous nous effor\u00e7ons de maintenir les informations \u00e0 jour et correctes, mais nous ne faisons aucune repr\u00e9sentation ou garantie d&rsquo;aucune sorte, expresse ou implicite, quant \u00e0 l&rsquo;exhaustivit\u00e9, l&rsquo;exactitude, la fiabilit\u00e9, l&rsquo;ad\u00e9quation ou la disponibilit\u00e9 en ce qui concerne l&rsquo;utilisation du calculateur. L&rsquo;utilisation du calculateur ou de ses r\u00e9sultats ne constitue pas un conseil ou une consultation professionnelle et vise uniquement \u00e0 informer nos utilisateurs sur la r\u00e8gle du visa Schengen 90\/180. En utilisant le calculateur, vous comprenez et acceptez que la r\u00e8gle du visa Schengen 90\/180 peut varier dans votre cas. Nous ne sommes pas responsables de toute perte (y compris, mais sans s&rsquo;y limiter, la perte ou les dommages indirects ou cons\u00e9cutifs, la perte de gains potentiels ou d&rsquo;opportunit\u00e9s) associ\u00e9e \u00e0 l&rsquo;utilisation du calculateur, pour atteindre les objectifs ou les attentes que vous vous \u00eates fix\u00e9s avec l&rsquo;utilisation du calculateur. Votre utilisation du calculateur et ses r\u00e9sultats sont strictement \u00e0 vos propres risques. Nous vous recommandons de demander conseil \u00e0 un professionnel dans le calcul de la r\u00e8gle du visa Schengen 90\/180 et dans la demande de visa Schengen.<\/p><h2>Politique de confidentialit\u00e9<\/h2><p>Vous pouvez trouver tous les d\u00e9tails et informations sur la politique de confidentialit\u00e9 de ce site ici : <a href=\"https:\/\/www.schengenvisas.com\/fr\/politique-de-confidentialite\/\"><span style=\"text-decoration: underline;\"><strong>Politique de confidentialit\u00e9.<\/strong><\/span><\/a><\/p><h2>Politique relative aux cookies<\/h2><p>Vous pouvez trouver toutes les informations n\u00e9cessaires sur la politique de cookies ici : <a href=\"https:\/\/www.schengenvisas.com\/fr\/politique-relative-aux-cookies\/\"><strong>Politique de cookies.<\/strong><\/a><\/p><h2>Nous contacter<\/h2><p>Si vous avez des questions ou des suggestions concernant nos conditions g\u00e9n\u00e9rales ou notre service, si vous avez des commentaires ou des questions concernant notre politique de confidentialit\u00e9 et notre politique relative aux cookies, ou si vous souhaitez signaler toute violation de la politique de confidentialit\u00e9 et de la politique relative aux cookies, n&rsquo;h\u00e9sitez pas \u00e0 nous contacter aux coordonn\u00e9es ci-dessous.<\/p><p>SchengenVisas.com<\/p><p>Email : <a href=\"mailto:info@schengenvisas.com\"><strong>info@schengenvisas.com<\/strong><\/a><\/p>\t\t\t\t\t\t\t\t<\/div>\n\t\t\t\t<\/div>\n\t\t\t\t\t<\/div>\n\t\t<\/div>\n\t\t\t\t\t<\/div>\n\t\t<\/section>\n\t\t\t\t<\/div>\n\t\t","protected":false},"excerpt":{"rendered":"<p>SchengenVisas.com ne fait partie d&rsquo;aucune agence officielle et ne joue aucun r\u00f4le dans la prise<a class=\"read-more-text pl-2\" href=\"https:\/\/www.schengenvisas.com\/fr\/mentions-legales-du-site\/\">[Lire la suite&#8230;]<\/a><\/p>\n","protected":false},"author":15,"featured_media":0,"parent":0,"menu_order":0,"comment_status":"closed","ping_status":"closed","template":"","meta":{"_acf_changed":false,"inline_featured_image":false,"footnotes":""},"class_list":["post-8862","page","type-page","status-publish","hentry","entry"],"acf":[],"yoast_head":"<!-- This site is optimized with the Yoast SEO Premium plugin v24.1 (Yoast SEO v24.1) - https:\/\/yoast.com\/wordpress\/plugins\/seo\/ -->\n<title>Mentions l\u00e9gales du site | Schengen Visas<\/title>\n<meta name=\"description\" content=\"SchengenVisas.com ne fait partie d&#039;aucune agence officielle et ne joue aucun r\u00f4le dans la prise de d\u00e9cision, l&#039;approbation ou le refus des demandes de\" \/>\n<meta name=\"robots\" content=\"index, follow, max-snippet:-1, max-image-preview:large, max-video-preview:-1\" \/>\n<link rel=\"canonical\" href=\"https:\/\/www.schengenvisas.com\/fr\/wp-json\/wp\/v2\/pages\/8862\" \/>\n<meta property=\"og:locale\" content=\"fr_FR\" \/>\n<meta property=\"og:type\" content=\"article\" \/>\n<meta property=\"og:title\" content=\"Mentions l\u00e9gales du site\" \/>\n<meta property=\"og:description\" content=\"SchengenVisas.com ne fait partie d&#039;aucune agence officielle et ne joue aucun r\u00f4le dans la prise de d\u00e9cision, l&#039;approbation ou le refus des demandes de\" \/>\n<meta property=\"og:url\" content=\"https:\/\/www.schengenvisas.com\/fr\/mentions-legales-du-site\/\" \/>\n<meta property=\"og:site_name\" content=\"Schengen Visas\" \/>\n<meta property=\"article:modified_time\" content=\"2021-07-02T20:34:20+00:00\" \/>\n<meta name=\"twitter:card\" content=\"summary_large_image\" \/>\n<meta name=\"twitter:label1\" content=\"Dur\u00e9e de lecture estim\u00e9e\" \/>\n\t<meta name=\"twitter:data1\" content=\"4 minutes\" \/>\n<script type=\"application\/ld+json\" class=\"yoast-schema-graph\">{\"@context\":\"https:\/\/schema.org\",\"@graph\":[{\"@type\":\"WebPage\",\"@id\":\"https:\/\/www.schengenvisas.com\/fr\/mentions-legales-du-site\/\",\"url\":\"https:\/\/www.schengenvisas.com\/fr\/mentions-legales-du-site\/\",\"name\":\"Mentions l\u00e9gales du site | Schengen Visas\",\"isPartOf\":{\"@id\":\"https:\/\/www.schengenvisas.com\/#website\"},\"datePublished\":\"2020-03-19T12:15:49+00:00\",\"dateModified\":\"2021-07-02T20:34:20+00:00\",\"description\":\"SchengenVisas.com ne fait partie d'aucune agence officielle et ne joue aucun r\u00f4le dans la prise de d\u00e9cision, l'approbation ou le refus des demandes de\",\"breadcrumb\":{\"@id\":\"https:\/\/www.schengenvisas.com\/fr\/mentions-legales-du-site\/#breadcrumb\"},\"inLanguage\":\"fr-FR\",\"potentialAction\":[{\"@type\":\"ReadAction\",\"target\":[\"https:\/\/www.schengenvisas.com\/fr\/mentions-legales-du-site\/\"]}]},{\"@type\":\"BreadcrumbList\",\"@id\":\"https:\/\/www.schengenvisas.com\/fr\/mentions-legales-du-site\/#breadcrumb\",\"itemListElement\":[{\"@type\":\"ListItem\",\"position\":1,\"name\":\"Home\",\"item\":\"https:\/\/www.schengenvisas.com\/\"},{\"@type\":\"ListItem\",\"position\":2,\"name\":\"Mentions l\u00e9gales du site\"}]},{\"@type\":\"WebSite\",\"@id\":\"https:\/\/www.schengenvisas.com\/#website\",\"url\":\"https:\/\/www.schengenvisas.com\/\",\"name\":\"Schengen Visas\",\"description\":\"Schengen Visa Application Services\",\"publisher\":{\"@id\":\"https:\/\/www.schengenvisas.com\/#organization\"},\"potentialAction\":[{\"@type\":\"SearchAction\",\"target\":{\"@type\":\"EntryPoint\",\"urlTemplate\":\"https:\/\/www.schengenvisas.com\/?s={search_term_string}\"},\"query-input\":{\"@type\":\"PropertyValueSpecification\",\"valueRequired\":true,\"valueName\":\"search_term_string\"}}],\"inLanguage\":\"fr-FR\"},{\"@type\":\"Organization\",\"@id\":\"https:\/\/www.schengenvisas.com\/#organization\",\"name\":\"Schengen Visas\",\"url\":\"https:\/\/www.schengenvisas.com\/\",\"logo\":{\"@type\":\"ImageObject\",\"inLanguage\":\"fr-FR\",\"@id\":\"https:\/\/www.schengenvisas.com\/#\/schema\/logo\/image\/\",\"url\":\"https:\/\/www.schengenvisas.com\/wp-content\/uploads\/2023\/03\/logo.svg\",\"contentUrl\":\"https:\/\/www.schengenvisas.com\/wp-content\/uploads\/2023\/03\/logo.svg\",\"width\":894,\"height\":123,\"caption\":\"Schengen Visas\"},\"image\":{\"@id\":\"https:\/\/www.schengenvisas.com\/#\/schema\/logo\/image\/\"}}]}<\/script>\n<!-- \/ Yoast SEO Premium plugin. -->","yoast_head_json":{"title":"Mentions l\u00e9gales du site | Schengen Visas","description":"SchengenVisas.com ne fait partie d'aucune agence officielle et ne joue aucun r\u00f4le dans la prise de d\u00e9cision, l'approbation ou le refus des demandes de","robots":{"index":"index","follow":"follow","max-snippet":"max-snippet:-1","max-image-preview":"max-image-preview:large","max-video-preview":"max-video-preview:-1"},"canonical":"https:\/\/www.schengenvisas.com\/fr\/wp-json\/wp\/v2\/pages\/8862","og_locale":"fr_FR","og_type":"article","og_title":"Mentions l\u00e9gales du site","og_description":"SchengenVisas.com ne fait partie d'aucune agence officielle et ne joue aucun r\u00f4le dans la prise de d\u00e9cision, l'approbation ou le refus des demandes de","og_url":"https:\/\/www.schengenvisas.com\/fr\/mentions-legales-du-site\/","og_site_name":"Schengen Visas","article_modified_time":"2021-07-02T20:34:20+00:00","twitter_card":"summary_large_image","twitter_misc":{"Dur\u00e9e de lecture estim\u00e9e":"4 minutes"},"schema":{"@context":"https:\/\/schema.org","@graph":[{"@type":"WebPage","@id":"https:\/\/www.schengenvisas.com\/fr\/mentions-legales-du-site\/","url":"https:\/\/www.schengenvisas.com\/fr\/mentions-legales-du-site\/","name":"Mentions l\u00e9gales du site | Schengen Visas","isPartOf":{"@id":"https:\/\/www.schengenvisas.com\/#website"},"datePublished":"2020-03-19T12:15:49+00:00","dateModified":"2021-07-02T20:34:20+00:00","description":"SchengenVisas.com ne fait partie d'aucune agence officielle et ne joue aucun r\u00f4le dans la prise de d\u00e9cision, l'approbation ou le refus des demandes de","breadcrumb":{"@id":"https:\/\/www.schengenvisas.com\/fr\/mentions-legales-du-site\/#breadcrumb"},"inLanguage":"fr-FR","potentialAction":[{"@type":"ReadAction","target":["https:\/\/www.schengenvisas.com\/fr\/mentions-legales-du-site\/"]}]},{"@type":"BreadcrumbList","@id":"https:\/\/www.schengenvisas.com\/fr\/mentions-legales-du-site\/#breadcrumb","itemListElement":[{"@type":"ListItem","position":1,"name":"Home","item":"https:\/\/www.schengenvisas.com\/"},{"@type":"ListItem","position":2,"name":"Mentions l\u00e9gales du site"}]},{"@type":"WebSite","@id":"https:\/\/www.schengenvisas.com\/#website","url":"https:\/\/www.schengenvisas.com\/","name":"Schengen Visas","description":"Schengen Visa Application Services","publisher":{"@id":"https:\/\/www.schengenvisas.com\/#organization"},"potentialAction":[{"@type":"SearchAction","target":{"@type":"EntryPoint","urlTemplate":"https:\/\/www.schengenvisas.com\/?s={search_term_string}"},"query-input":{"@type":"PropertyValueSpecification","valueRequired":true,"valueName":"search_term_string"}}],"inLanguage":"fr-FR"},{"@type":"Organization","@id":"https:\/\/www.schengenvisas.com\/#organization","name":"Schengen Visas","url":"https:\/\/www.schengenvisas.com\/","logo":{"@type":"ImageObject","inLanguage":"fr-FR","@id":"https:\/\/www.schengenvisas.com\/#\/schema\/logo\/image\/","url":"https:\/\/www.schengenvisas.com\/wp-content\/uploads\/2023\/03\/logo.svg","contentUrl":"https:\/\/www.schengenvisas.com\/wp-content\/uploads\/2023\/03\/logo.svg","width":894,"height":123,"caption":"Schengen Visas"},"image":{"@id":"https:\/\/www.schengenvisas.com\/#\/schema\/logo\/image\/"}}]}},"_links":{"self":[{"href":"https:\/\/www.schengenvisas.com\/fr\/wp-json\/wp\/v2\/pages\/8862","targetHints":{"allow":["GET"]}}],"collection":[{"href":"https:\/\/www.schengenvisas.com\/fr\/wp-json\/wp\/v2\/pages"}],"about":[{"href":"https:\/\/www.schengenvisas.com\/fr\/wp-json\/wp\/v2\/types\/page"}],"author":[{"embeddable":true,"href":"https:\/\/www.schengenvisas.com\/fr\/wp-json\/wp\/v2\/users\/15"}],"replies":[{"embeddable":true,"href":"https:\/\/www.schengenvisas.com\/fr\/wp-json\/wp\/v2\/comments?post=8862"}],"version-history":[{"count":0,"href":"https:\/\/www.schengenvisas.com\/fr\/wp-json\/wp\/v2\/pages\/8862\/revisions"}],"wp:attachment":[{"href":"https:\/\/www.schengenvisas.com\/fr\/wp-json\/wp\/v2\/media?parent=8862"}],"curies":[{"name":"wp","href":"https:\/\/api.w.org\/{rel}","templated":true}]}}