{"id":8917,"date":"2020-01-15T06:38:27","date_gmt":"2020-01-15T06:38:27","guid":{"rendered":"https:\/\/www.schengenvisas.com\/schengen-visa-application-for-medical-reasons\/"},"modified":"2022-03-27T13:31:32","modified_gmt":"2022-03-27T09:31:32","slug":"visa-schengen-pour-raisons-medicales","status":"publish","type":"page","link":"https:\/\/www.schengenvisas.com\/fr\/visa-schengen-pour-raisons-medicales\/","title":{"rendered":"Visa Schengen pour raisons m\u00e9dicales"},"content":{"rendered":"\t\t<div data-elementor-type=\"wp-page\" data-elementor-id=\"8917\" class=\"elementor elementor-8917 elementor-350\" data-elementor-post-type=\"page\">\n\t\t\t\t\t\t<section class=\"elementor-section elementor-top-section elementor-element elementor-element-78774758 elementor-section-boxed elementor-section-height-default elementor-section-height-default\" data-id=\"78774758\" data-element_type=\"section\">\n\t\t\t\t\t\t<div class=\"elementor-container elementor-column-gap-default\">\n\t\t\t\t\t<div class=\"elementor-column elementor-col-100 elementor-top-column elementor-element elementor-element-5f2f758c\" data-id=\"5f2f758c\" data-element_type=\"column\">\n\t\t\t<div class=\"elementor-widget-wrap elementor-element-populated\">\n\t\t\t\t\t\t<div class=\"elementor-element elementor-element-30f050e9 elementor-widget elementor-widget-text-editor\" data-id=\"30f050e9\" data-element_type=\"widget\" data-widget_type=\"text-editor.default\">\n\t\t\t\t<div class=\"elementor-widget-container\">\n\t\t\t\t\t\t\t\t\t<p>Si vous voyagez principalement pour des raisons m\u00e9dicales, c.-\u00e0-d. vous recherchez des soins m\u00e9dicaux, vous devez demander un visa Schengen m\u00e9dical.<\/p><h2>Qu&rsquo;est-ce qu&rsquo;un visa Schengen pour raisons m\u00e9dicales ?<\/h2><ul><li>Une sorte de visa de court s\u00e9jour (type C) vous permettant d&rsquo;acc\u00e9der \u00e0 la zone Schengen jusqu&rsquo;\u00e0 90 jours sur une p\u00e9riode de 180 jours \u00e0 des fins m\u00e9dicales<\/li><\/ul><h2><strong>Admissibilit\u00e9 : Qui peut postuler\u00a0?<\/strong><\/h2><ul><li>Les ressortissants d&rsquo;un pays tiers exclus de l&rsquo;acc\u00e8s sans visa ou des visas \u00e0 l&rsquo;arriv\u00e9e dans la zone Schengen et qui ont une raison l\u00e9gitime, valide et document\u00e9e de demander des soins m\u00e9dicaux dans l&rsquo;espace Schengen peuvent demander un visa Schengen pour raisons m\u00e9dicales.<\/li><\/ul><h2>Documents requis<\/h2><ul><li>En plus des <a href=\"https:\/\/www.schengenvisas.com\/fr\/exigences-des-demandes-de-visa-schengen\/\"><strong><u>documents de base requis<\/u><\/strong><u>,<\/u><\/a> pour demander un <strong>visa m\u00e9dical<\/strong>, vous devrez pr\u00e9senter les \u00e9l\u00e9ments suivants: (Veuillez noter que les formulaires requis sont diff\u00e9rents pour le patient et l\u2019accompagnateur).<\/li><\/ul><h4>Si vous \u00eates le PATIENT :<\/h4><ul><li>Rapport m\u00e9dical r\u00e9cent.<\/li><li>Lettre de rendez-vous de l&rsquo;h\u00f4pital\/de la clinique\/du m\u00e9decin dont vous avez l&rsquo;intention de recevoir des soins. Ce formulaire doit \u00eatre :<ul><li>tamponn\u00e9 et\/ou sign\u00e9.<\/li><li>descriptif de la fa\u00e7on dont vous paierez le traitement (c.-\u00e0-d. s&rsquo;il y a un acompte ou des frais \u00e0 payer \u00e0 l&rsquo;arriv\u00e9e).<\/li><\/ul><\/li><\/ul><h4>Si vous \u00eates l\u2019ACCOMPAGNATEUR du patient :<\/h4><ul><li>Lettre de motivation pr\u00e9sentant l\u2019accompagnateur, d\u00e9taillant votre relation avec le patient (le nom complet de l\u2019accompagnateur et du patient doit \u00eatre inclus).<\/li><li>Lettre de rendez-vous pour le traitement du patient (le nom complet de l\u2019accompagnateur doit de pr\u00e9f\u00e9rence y \u00eatre mentionn\u00e9).<\/li><li>Informations\/preuve de la couverture des frais de voyage en tant qu\u2019accompagnateur\u00a0: o\u00f9 vous s\u00e9journez et comment vous paierez votre s\u00e9jour, etc.<\/li><\/ul><h2>Comment postuler<\/h2><ol><li>D\u00e9terminez le pays Schengen o\u00f9 vous passerez le plus de temps lors de votre voyage. Vous demanderez le visa Schengen pour raisons m\u00e9dicales via le consulat de ce pays.<\/li><li>S\u00e9lectionnez <strong>\u201cRaisons m\u00e9dicales\u201c<\/strong>\u00a0comme objectif du voyage.<\/li><li>D\u00e9terminez le nombre d &lsquo;<strong> \u201centr\u00e9es\u201c<\/strong>\u00a0dont vous avez besoin dans l&rsquo;espace Schengen.<\/li><li>Rassemblez vos <a href=\"https:\/\/www.schengenvisas.com\/fr\/exigences-des-demandes-de-visa-schengen\/\"><strong><u>documents de base requis<\/u><\/strong>,<\/a> ainsi que les documents requis pour un visa m\u00e9dical.<\/li><li>Remplissez votre<a href=\"https:\/\/www.schengenvisas.com\/fr\/telecharger-le-formulaire-de-demande-de-visa-schengen\/\"> <strong><u>demande<\/u><\/strong><\/a>. La mani\u00e8re d&rsquo;acc\u00e9der aux demandes d\u00e9pend du pays Schengen ; vous devrez peut-\u00eatre utiliser un portail de candidature en ligne ou remplir manuellement un formulaire de demande imprim\u00e9.<\/li><li>Payez les<a href=\"https:\/\/www.schengenvisas.com\/fr\/frais-de-visa-schengen\/\"> <strong><u>frais de dossier<\/u><\/strong><\/a> (le tarif standard pour les adultes est de 80 euros). Vous devrez probablement soumettre un paiement de service avec votre demande de visa. Il s&rsquo;agit d&rsquo;un co\u00fbt distinct des frais de visa, que vous paierez probablement en personne lors de votre rendez-vous d&rsquo;entretien dans un centre de demande de visa. Veuillez noter que ces frais ne sont pas remboursables.<\/li><li>Envoyez votre candidature.<\/li><li>Prenez rendez-vous pour un entretien. Les entretiens sont men\u00e9s en personne \u00e0 l&rsquo;ambassade ou au consulat du pays dans lequel vous postulez, ou dans un centre de demande de visa associ\u00e9 au consulat du pays dans lequel vous postulez.<\/li><\/ol><h3>Quand postuler<\/h3><ul><li>Vous devez demander un visa Schengen pour raisons m\u00e9dicales au moins 15 jours avant le jour o\u00f9 vous avez l&rsquo;intention de voyager et au plus t\u00f4t 6 mois avant votre d\u00e9part.<\/li><\/ul><h3>O\u00f9 postuler<\/h3><ul><li>Vous devez demander le visa Schengen pour raisons m\u00e9dicales aupr\u00e8s de l&rsquo;ambassade ou du consulat du pays dans lequel vous voyagez dans la zone Schengen, ou via un centre de demande de visa associ\u00e9 au consulat du pays.<\/li><li>Si vous voyagez dans plusieurs pays de la zone Schengen, vous devez en faire la demande aupr\u00e8s de l&rsquo;ambassade, du consulat ou du centre de demande de visa associ\u00e9 du pays dans lequel vous passerez le plus de temps. Et si vous pr\u00e9voyez de passer une p\u00e9riode de temps \u00e9gale dans ces multiples pays, vous devez faire une demande \u00e0 l&rsquo;ambassade, au consulat ou au centre de demande de visa associ\u00e9 du pays o\u00f9 vous arriverez en premier.<\/li><\/ul><h2>Dur\u00e9e de traitement<\/h2><ul><li>La dur\u00e9e de traitement d&rsquo;un visa Schengen pour raisons m\u00e9dicales est g\u00e9n\u00e9ralement d&rsquo;environ deux semaines (15 jours). Rarement, les consulats peuvent prendre entre 30 et 60 jours pour rendre une d\u00e9cision sur une demande.<\/li><\/ul>\t\t\t\t\t\t\t\t<\/div>\n\t\t\t\t<\/div>\n\t\t\t\t\t<\/div>\n\t\t<\/div>\n\t\t\t\t\t<\/div>\n\t\t<\/section>\n\t\t\t\t<\/div>\n\t\t","protected":false},"excerpt":{"rendered":"<p>Si vous voyagez principalement pour des raisons m\u00e9dicales, c.-\u00e0-d. vous recherchez des soins m\u00e9dicaux, vous<a class=\"read-more-text pl-2\" href=\"https:\/\/www.schengenvisas.com\/fr\/visa-schengen-pour-raisons-medicales\/\">[Lire la suite&#8230;]<\/a><\/p>\n","protected":false},"author":15,"featured_media":0,"parent":0,"menu_order":0,"comment_status":"closed","ping_status":"closed","template":"","meta":{"_acf_changed":false,"inline_featured_image":false,"footnotes":""},"class_list":["post-8917","page","type-page","status-publish","hentry","entry"],"acf":[],"yoast_head":"<!-- This site is optimized with the Yoast SEO Premium plugin v24.1 (Yoast SEO v24.1) - https:\/\/yoast.com\/wordpress\/plugins\/seo\/ -->\n<title>Demande de visa Schengen pour raisons m\u00e9dicales<\/title>\n<meta name=\"description\" content=\"Demande de visa Schengen pour raisons m\u00e9dicales | R\u00e8gles relatives au visa Schengen pour raisons m\u00e9dicales, frais de visa, exigences en mati\u00e8re de visa et crit\u00e8res d&#039;\u00e9ligibilit\u00e9\" \/>\n<meta name=\"robots\" content=\"index, follow, max-snippet:-1, max-image-preview:large, max-video-preview:-1\" \/>\n<link rel=\"canonical\" href=\"https:\/\/www.schengenvisas.com\/fr\/wp-json\/wp\/v2\/pages\/8917\" \/>\n<meta property=\"og:locale\" content=\"fr_FR\" \/>\n<meta property=\"og:type\" content=\"article\" \/>\n<meta property=\"og:title\" content=\"Visa Schengen pour raisons m\u00e9dicales\" \/>\n<meta property=\"og:description\" content=\"Demande de visa Schengen pour raisons m\u00e9dicales | R\u00e8gles relatives au visa Schengen pour raisons m\u00e9dicales, frais de visa, exigences en mati\u00e8re de visa et crit\u00e8res d&#039;\u00e9ligibilit\u00e9\" \/>\n<meta property=\"og:url\" content=\"https:\/\/www.schengenvisas.com\/fr\/visa-schengen-pour-raisons-medicales\/\" \/>\n<meta property=\"og:site_name\" content=\"Schengen Visas\" \/>\n<meta property=\"article:modified_time\" content=\"2022-03-27T09:31:32+00:00\" \/>\n<meta name=\"twitter:card\" content=\"summary_large_image\" \/>\n<meta name=\"twitter:label1\" content=\"Dur\u00e9e de lecture estim\u00e9e\" \/>\n\t<meta name=\"twitter:data1\" content=\"3 minutes\" \/>\n<script type=\"application\/ld+json\" class=\"yoast-schema-graph\">{\"@context\":\"https:\/\/schema.org\",\"@graph\":[{\"@type\":\"WebPage\",\"@id\":\"https:\/\/www.schengenvisas.com\/fr\/visa-schengen-pour-raisons-medicales\/\",\"url\":\"https:\/\/www.schengenvisas.com\/fr\/visa-schengen-pour-raisons-medicales\/\",\"name\":\"Demande de visa Schengen pour raisons m\u00e9dicales\",\"isPartOf\":{\"@id\":\"https:\/\/www.schengenvisas.com\/#website\"},\"datePublished\":\"2020-01-15T06:38:27+00:00\",\"dateModified\":\"2022-03-27T09:31:32+00:00\",\"description\":\"Demande de visa Schengen pour raisons m\u00e9dicales | R\u00e8gles relatives au visa Schengen pour raisons m\u00e9dicales, frais de visa, exigences en mati\u00e8re de visa et crit\u00e8res d'\u00e9ligibilit\u00e9\",\"breadcrumb\":{\"@id\":\"https:\/\/www.schengenvisas.com\/fr\/visa-schengen-pour-raisons-medicales\/#breadcrumb\"},\"inLanguage\":\"fr-FR\",\"potentialAction\":[{\"@type\":\"ReadAction\",\"target\":[\"https:\/\/www.schengenvisas.com\/fr\/visa-schengen-pour-raisons-medicales\/\"]}]},{\"@type\":\"BreadcrumbList\",\"@id\":\"https:\/\/www.schengenvisas.com\/fr\/visa-schengen-pour-raisons-medicales\/#breadcrumb\",\"itemListElement\":[{\"@type\":\"ListItem\",\"position\":1,\"name\":\"Home\",\"item\":\"https:\/\/www.schengenvisas.com\/\"},{\"@type\":\"ListItem\",\"position\":2,\"name\":\"Visa Schengen pour raisons m\u00e9dicales\"}]},{\"@type\":\"WebSite\",\"@id\":\"https:\/\/www.schengenvisas.com\/#website\",\"url\":\"https:\/\/www.schengenvisas.com\/\",\"name\":\"Schengen Visas\",\"description\":\"Schengen Visa Application Services\",\"publisher\":{\"@id\":\"https:\/\/www.schengenvisas.com\/#organization\"},\"potentialAction\":[{\"@type\":\"SearchAction\",\"target\":{\"@type\":\"EntryPoint\",\"urlTemplate\":\"https:\/\/www.schengenvisas.com\/?s={search_term_string}\"},\"query-input\":{\"@type\":\"PropertyValueSpecification\",\"valueRequired\":true,\"valueName\":\"search_term_string\"}}],\"inLanguage\":\"fr-FR\"},{\"@type\":\"Organization\",\"@id\":\"https:\/\/www.schengenvisas.com\/#organization\",\"name\":\"Schengen Visas\",\"url\":\"https:\/\/www.schengenvisas.com\/\",\"logo\":{\"@type\":\"ImageObject\",\"inLanguage\":\"fr-FR\",\"@id\":\"https:\/\/www.schengenvisas.com\/#\/schema\/logo\/image\/\",\"url\":\"https:\/\/www.schengenvisas.com\/wp-content\/uploads\/2023\/03\/logo.svg\",\"contentUrl\":\"https:\/\/www.schengenvisas.com\/wp-content\/uploads\/2023\/03\/logo.svg\",\"width\":894,\"height\":123,\"caption\":\"Schengen Visas\"},\"image\":{\"@id\":\"https:\/\/www.schengenvisas.com\/#\/schema\/logo\/image\/\"}}]}<\/script>\n<!-- \/ Yoast SEO Premium plugin. -->","yoast_head_json":{"title":"Demande de visa Schengen pour raisons m\u00e9dicales","description":"Demande de visa Schengen pour raisons m\u00e9dicales | R\u00e8gles relatives au visa Schengen pour raisons m\u00e9dicales, frais de visa, exigences en mati\u00e8re de visa et crit\u00e8res d'\u00e9ligibilit\u00e9","robots":{"index":"index","follow":"follow","max-snippet":"max-snippet:-1","max-image-preview":"max-image-preview:large","max-video-preview":"max-video-preview:-1"},"canonical":"https:\/\/www.schengenvisas.com\/fr\/wp-json\/wp\/v2\/pages\/8917","og_locale":"fr_FR","og_type":"article","og_title":"Visa Schengen pour raisons m\u00e9dicales","og_description":"Demande de visa Schengen pour raisons m\u00e9dicales | R\u00e8gles relatives au visa Schengen pour raisons m\u00e9dicales, frais de visa, exigences en mati\u00e8re de visa et crit\u00e8res d'\u00e9ligibilit\u00e9","og_url":"https:\/\/www.schengenvisas.com\/fr\/visa-schengen-pour-raisons-medicales\/","og_site_name":"Schengen Visas","article_modified_time":"2022-03-27T09:31:32+00:00","twitter_card":"summary_large_image","twitter_misc":{"Dur\u00e9e de lecture estim\u00e9e":"3 minutes"},"schema":{"@context":"https:\/\/schema.org","@graph":[{"@type":"WebPage","@id":"https:\/\/www.schengenvisas.com\/fr\/visa-schengen-pour-raisons-medicales\/","url":"https:\/\/www.schengenvisas.com\/fr\/visa-schengen-pour-raisons-medicales\/","name":"Demande de visa Schengen pour raisons m\u00e9dicales","isPartOf":{"@id":"https:\/\/www.schengenvisas.com\/#website"},"datePublished":"2020-01-15T06:38:27+00:00","dateModified":"2022-03-27T09:31:32+00:00","description":"Demande de visa Schengen pour raisons m\u00e9dicales | R\u00e8gles relatives au visa Schengen pour raisons m\u00e9dicales, frais de visa, exigences en mati\u00e8re de visa et crit\u00e8res d'\u00e9ligibilit\u00e9","breadcrumb":{"@id":"https:\/\/www.schengenvisas.com\/fr\/visa-schengen-pour-raisons-medicales\/#breadcrumb"},"inLanguage":"fr-FR","potentialAction":[{"@type":"ReadAction","target":["https:\/\/www.schengenvisas.com\/fr\/visa-schengen-pour-raisons-medicales\/"]}]},{"@type":"BreadcrumbList","@id":"https:\/\/www.schengenvisas.com\/fr\/visa-schengen-pour-raisons-medicales\/#breadcrumb","itemListElement":[{"@type":"ListItem","position":1,"name":"Home","item":"https:\/\/www.schengenvisas.com\/"},{"@type":"ListItem","position":2,"name":"Visa Schengen pour raisons m\u00e9dicales"}]},{"@type":"WebSite","@id":"https:\/\/www.schengenvisas.com\/#website","url":"https:\/\/www.schengenvisas.com\/","name":"Schengen Visas","description":"Schengen Visa Application Services","publisher":{"@id":"https:\/\/www.schengenvisas.com\/#organization"},"potentialAction":[{"@type":"SearchAction","target":{"@type":"EntryPoint","urlTemplate":"https:\/\/www.schengenvisas.com\/?s={search_term_string}"},"query-input":{"@type":"PropertyValueSpecification","valueRequired":true,"valueName":"search_term_string"}}],"inLanguage":"fr-FR"},{"@type":"Organization","@id":"https:\/\/www.schengenvisas.com\/#organization","name":"Schengen Visas","url":"https:\/\/www.schengenvisas.com\/","logo":{"@type":"ImageObject","inLanguage":"fr-FR","@id":"https:\/\/www.schengenvisas.com\/#\/schema\/logo\/image\/","url":"https:\/\/www.schengenvisas.com\/wp-content\/uploads\/2023\/03\/logo.svg","contentUrl":"https:\/\/www.schengenvisas.com\/wp-content\/uploads\/2023\/03\/logo.svg","width":894,"height":123,"caption":"Schengen Visas"},"image":{"@id":"https:\/\/www.schengenvisas.com\/#\/schema\/logo\/image\/"}}]}},"_links":{"self":[{"href":"https:\/\/www.schengenvisas.com\/fr\/wp-json\/wp\/v2\/pages\/8917","targetHints":{"allow":["GET"]}}],"collection":[{"href":"https:\/\/www.schengenvisas.com\/fr\/wp-json\/wp\/v2\/pages"}],"about":[{"href":"https:\/\/www.schengenvisas.com\/fr\/wp-json\/wp\/v2\/types\/page"}],"author":[{"embeddable":true,"href":"https:\/\/www.schengenvisas.com\/fr\/wp-json\/wp\/v2\/users\/15"}],"replies":[{"embeddable":true,"href":"https:\/\/www.schengenvisas.com\/fr\/wp-json\/wp\/v2\/comments?post=8917"}],"version-history":[{"count":0,"href":"https:\/\/www.schengenvisas.com\/fr\/wp-json\/wp\/v2\/pages\/8917\/revisions"}],"wp:attachment":[{"href":"https:\/\/www.schengenvisas.com\/fr\/wp-json\/wp\/v2\/media?parent=8917"}],"curies":[{"name":"wp","href":"https:\/\/api.w.org\/{rel}","templated":true}]}}