{"id":8950,"date":"2020-03-19T10:08:18","date_gmt":"2020-03-19T10:08:18","guid":{"rendered":"https:\/\/www.schengenvisas.com\/download-the-schengen-visa-application-form\/"},"modified":"2021-07-04T00:29:50","modified_gmt":"2021-07-03T20:29:50","slug":"telecharger-le-formulaire-de-demande-de-visa-schengen","status":"publish","type":"page","link":"https:\/\/www.schengenvisas.com\/fr\/telecharger-le-formulaire-de-demande-de-visa-schengen\/","title":{"rendered":"T\u00e9l\u00e9charger le formulaire de demande de visa Schengen"},"content":{"rendered":"\t\t<div data-elementor-type=\"wp-page\" data-elementor-id=\"8950\" class=\"elementor elementor-8950 elementor-1223\" data-elementor-post-type=\"page\">\n\t\t\t\t\t\t<section class=\"elementor-section elementor-top-section elementor-element elementor-element-5b8560b elementor-section-boxed elementor-section-height-default elementor-section-height-default\" data-id=\"5b8560b\" data-element_type=\"section\">\n\t\t\t\t\t\t<div class=\"elementor-container elementor-column-gap-default\">\n\t\t\t\t\t<div class=\"elementor-column elementor-col-100 elementor-top-column elementor-element elementor-element-c87f2a8\" data-id=\"c87f2a8\" data-element_type=\"column\">\n\t\t\t<div class=\"elementor-widget-wrap elementor-element-populated\">\n\t\t\t\t\t\t<div class=\"elementor-element elementor-element-a111166 elementor-widget elementor-widget-text-editor\" data-id=\"a111166\" data-element_type=\"widget\" data-widget_type=\"text-editor.default\">\n\t\t\t\t<div class=\"elementor-widget-container\">\n\t\t\t\t\t\t\t\t\t<p>Le formulaire de demande de visa Schengen est une exigence obligatoire qui doit \u00eatre enti\u00e8rement remplie et sign\u00e9e par chaque candidat quel que soit son \u00e2ge. Chaque pays Schengen a son propre formulaire de candidature, m\u00eame s&rsquo;ils demandent tous les m\u00eames informations. Certains pays vous demanderont de vous inscrire sur leur syst\u00e8me en ligne afin de remplir votre formulaire de demande, mais la plupart vous demanderont uniquement de le t\u00e9l\u00e9charger.<\/p><p>Pour t\u00e9l\u00e9charger le formulaire de demande de visa Schengen mis \u00e0 jour, cliquez sur le lien correspondant du pays pour lequel vous souhaitez demander un visa.<\/p><ul><li><a href=\"https:\/\/www.schengenvisas.com\/wp-content\/uploads\/2020\/05\/schengen-visa-application-form-for-Austria.pdf\">T\u00e9l\u00e9chargez le formulaire de demande de visa Schengen pour l&rsquo;Autriche.<\/a><\/li><li><a href=\"https:\/\/visaonweb.diplomatie.be\/\">T\u00e9l\u00e9chargez le formulaire de demande de visa Schengen pour la Belgique.<\/a><\/li><li><a href=\"https:\/\/www.schengenvisas.com\/wp-content\/uploads\/2020\/05\/schengen-visa-application-form-for-Czech-Republic.pdf\">T\u00e9l\u00e9chargez le formulaire de demande de visa Schengen pour la R\u00e9publique tch\u00e8que.<\/a><\/li><li><a href=\"https:\/\/applyvisa.um.dk\/NVP.App\/frontpage\">T\u00e9l\u00e9chargez le formulaire de demande de visa Schengen pour le Danemark et l&rsquo;Islande.<\/a><\/li><li><a href=\"https:\/\/finlandabroad.fi\/documents\/35732\/48132\/application_for_schengen_visa__english_\">T\u00e9l\u00e9chargez le formulaire de demande de visa Schengen pour la Finlande et l&rsquo;Estonie.<\/a><\/li><li><a href=\"https:\/\/france-visas.gouv.fr\/en_US\/web\/france-visas\/ma-demande-en-ligne\">T\u00e9l\u00e9chargez le formulaire de demande de visa Schengen pour la France.<\/a><\/li><li><a href=\"https:\/\/videx.diplo.de\/videx\/desktop\/index.html#start\">T\u00e9l\u00e9chargez le formulaire de demande de visa Schengen pour l&rsquo;Allemagne et la Slov\u00e9nie.<\/a><\/li><li><a href=\"https:\/\/www.schengenvisas.com\/wp-content\/uploads\/2020\/05\/schengen-visa-application-form-for-Greece.doc\">T\u00e9l\u00e9chargez le formulaire de demande de visa Schengen pour la Gr\u00e8ce.<\/a><\/li><li><a href=\"https:\/\/www.schengenvisas.com\/wp-content\/uploads\/2020\/05\/schengen-visa-application-form-for-Hungary.pdf\">T\u00e9l\u00e9chargez le formulaire de demande de visa Schengen pour la Hongrie.<\/a><\/li><li><a href=\"https:\/\/www.schengenvisas.com\/wp-content\/uploads\/2020\/05\/schengen-visa-application-form-for-Italy.pdf\">T\u00e9l\u00e9chargez le formulaire de demande de visa Schengen pour l&rsquo;Italie<\/a>.<\/li><li><a href=\"https:\/\/epak.pmlp.gov.lv\/NVIS.EService001.WebSite\/ApplicationMain.aspx?\">T\u00e9l\u00e9chargez le formulaire de demande de visa Schengen pour la Lettonie.<\/a><\/li><li><a href=\"https:\/\/www.schengenvisas.com\/wp-content\/uploads\/2020\/05\/schengen-visa-application-form-for-Luxembourg.pdf\">T\u00e9l\u00e9chargez le formulaire de demande de visa Schengen pour le Luxembourg.<\/a><\/li><li><a href=\"https:\/\/www.schengenvisas.com\/wp-content\/uploads\/2020\/05\/schengen-visa-application-form-for-Malta.pdf\">T\u00e9l\u00e9chargez le formulaire de demande de visa Schengen pour Malte.<\/a><\/li><li><a href=\"https:\/\/selfservice.udi.no\/en-gb\/\">T\u00e9l\u00e9chargez le formulaire de demande de visa Schengen pour la Norv\u00e8ge.<\/a><\/li><li><a href=\"https:\/\/secure.e-konsulat.gov.pl\/\">T\u00e9l\u00e9chargez le formulaire de demande de visa Schengen pour la Pologne.<\/a><\/li><li><a href=\"https:\/\/www.schengenvisas.com\/wp-content\/uploads\/2020\/05\/schengen-visa-application-form-for-Portugal.pdf\">T\u00e9l\u00e9chargez le formulaire de demande de visa Schengen pour le Portugal.<\/a><\/li><li><a href=\"https:\/\/www.schengenvisas.com\/wp-content\/uploads\/2020\/05\/schengen-visa-application-form-for-Slovakia.pdf\">T\u00e9l\u00e9chargez le formulaire de demande de visa Schengen pour la Slovaquie.<\/a><\/li><li><a href=\"https:\/\/www.schengenvisas.com\/wp-content\/uploads\/2020\/05\/schengen-visa-application-form-for-Spain-and-Lithuania.pdf\">T\u00e9l\u00e9chargez le formulaire de demande de visa Schengen pour l&rsquo;Espagne et la Lituanie.<\/a><\/li><li><a href=\"https:\/\/www.schengenvisas.com\/wp-content\/uploads\/2020\/05\/schengen-visa-application-form-for-Sweden.pdf\">T\u00e9l\u00e9chargez le formulaire de demande de visa Schengen pour la Su\u00e8de.<\/a><\/li><li><a href=\"https:\/\/www.sem.admin.ch\/sem\/en\/home\/themen\/einreise\/visumantragsformular.html\">T\u00e9l\u00e9chargez le formulaire de demande de visa Schengen pour la Suisse et le Liechtenstein.<\/a><\/li><li><a href=\"https:\/\/consular.mfaservices.nl\/\">T\u00e9l\u00e9chargez le formulaire de demande de visa Schengen pour les Pays-Bas.<\/a><\/li><\/ul>\t\t\t\t\t\t\t\t<\/div>\n\t\t\t\t<\/div>\n\t\t\t\t\t<\/div>\n\t\t<\/div>\n\t\t\t\t\t<\/div>\n\t\t<\/section>\n\t\t\t\t<\/div>\n\t\t","protected":false},"excerpt":{"rendered":"<p>Le formulaire de demande de visa Schengen est une exigence obligatoire qui doit \u00eatre enti\u00e8rement<a class=\"read-more-text pl-2\" href=\"https:\/\/www.schengenvisas.com\/fr\/telecharger-le-formulaire-de-demande-de-visa-schengen\/\">[Lire la suite&#8230;]<\/a><\/p>\n","protected":false},"author":15,"featured_media":0,"parent":0,"menu_order":0,"comment_status":"closed","ping_status":"closed","template":"","meta":{"_acf_changed":false,"inline_featured_image":false,"footnotes":""},"class_list":["post-8950","page","type-page","status-publish","hentry","entry"],"acf":[],"yoast_head":"<!-- This site is optimized with the Yoast SEO Premium plugin v24.1 (Yoast SEO v24.1) - https:\/\/yoast.com\/wordpress\/plugins\/seo\/ -->\n<title>T\u00e9l\u00e9charger le formulaire de demande de visa Schengen<\/title>\n<meta name=\"description\" content=\"Le formulaire de demande de visa Schengen est une exigence obligatoire qui doit \u00eatre enti\u00e8rement remplie et sign\u00e9e par chaque candidat quel que soit son\" \/>\n<meta name=\"robots\" content=\"index, follow, max-snippet:-1, max-image-preview:large, max-video-preview:-1\" \/>\n<link rel=\"canonical\" href=\"https:\/\/www.schengenvisas.com\/fr\/wp-json\/wp\/v2\/pages\/8950\" \/>\n<meta property=\"og:locale\" content=\"fr_FR\" \/>\n<meta property=\"og:type\" content=\"article\" \/>\n<meta property=\"og:title\" content=\"T\u00e9l\u00e9charger le formulaire de demande de visa Schengen\" \/>\n<meta property=\"og:description\" content=\"Le formulaire de demande de visa Schengen est une exigence obligatoire qui doit \u00eatre enti\u00e8rement remplie et sign\u00e9e par chaque candidat quel que soit son\" \/>\n<meta property=\"og:url\" content=\"https:\/\/www.schengenvisas.com\/fr\/telecharger-le-formulaire-de-demande-de-visa-schengen\/\" \/>\n<meta property=\"og:site_name\" content=\"Schengen Visas\" \/>\n<meta property=\"article:modified_time\" content=\"2021-07-03T20:29:50+00:00\" \/>\n<meta name=\"twitter:card\" content=\"summary_large_image\" \/>\n<meta name=\"twitter:label1\" content=\"Dur\u00e9e de lecture estim\u00e9e\" \/>\n\t<meta name=\"twitter:data1\" content=\"2 minutes\" \/>\n<script type=\"application\/ld+json\" class=\"yoast-schema-graph\">{\"@context\":\"https:\/\/schema.org\",\"@graph\":[{\"@type\":\"WebPage\",\"@id\":\"https:\/\/www.schengenvisas.com\/fr\/telecharger-le-formulaire-de-demande-de-visa-schengen\/\",\"url\":\"https:\/\/www.schengenvisas.com\/fr\/telecharger-le-formulaire-de-demande-de-visa-schengen\/\",\"name\":\"T\u00e9l\u00e9charger le formulaire de demande de visa Schengen\",\"isPartOf\":{\"@id\":\"https:\/\/www.schengenvisas.com\/#website\"},\"datePublished\":\"2020-03-19T10:08:18+00:00\",\"dateModified\":\"2021-07-03T20:29:50+00:00\",\"description\":\"Le formulaire de demande de visa Schengen est une exigence obligatoire qui doit \u00eatre enti\u00e8rement remplie et sign\u00e9e par chaque candidat quel que soit son\",\"breadcrumb\":{\"@id\":\"https:\/\/www.schengenvisas.com\/fr\/telecharger-le-formulaire-de-demande-de-visa-schengen\/#breadcrumb\"},\"inLanguage\":\"fr-FR\",\"potentialAction\":[{\"@type\":\"ReadAction\",\"target\":[\"https:\/\/www.schengenvisas.com\/fr\/telecharger-le-formulaire-de-demande-de-visa-schengen\/\"]}]},{\"@type\":\"BreadcrumbList\",\"@id\":\"https:\/\/www.schengenvisas.com\/fr\/telecharger-le-formulaire-de-demande-de-visa-schengen\/#breadcrumb\",\"itemListElement\":[{\"@type\":\"ListItem\",\"position\":1,\"name\":\"Home\",\"item\":\"https:\/\/www.schengenvisas.com\/\"},{\"@type\":\"ListItem\",\"position\":2,\"name\":\"T\u00e9l\u00e9charger le formulaire de demande de visa Schengen\"}]},{\"@type\":\"WebSite\",\"@id\":\"https:\/\/www.schengenvisas.com\/#website\",\"url\":\"https:\/\/www.schengenvisas.com\/\",\"name\":\"Schengen Visas\",\"description\":\"Schengen Visa Application Services\",\"publisher\":{\"@id\":\"https:\/\/www.schengenvisas.com\/#organization\"},\"potentialAction\":[{\"@type\":\"SearchAction\",\"target\":{\"@type\":\"EntryPoint\",\"urlTemplate\":\"https:\/\/www.schengenvisas.com\/?s={search_term_string}\"},\"query-input\":{\"@type\":\"PropertyValueSpecification\",\"valueRequired\":true,\"valueName\":\"search_term_string\"}}],\"inLanguage\":\"fr-FR\"},{\"@type\":\"Organization\",\"@id\":\"https:\/\/www.schengenvisas.com\/#organization\",\"name\":\"Schengen Visas\",\"url\":\"https:\/\/www.schengenvisas.com\/\",\"logo\":{\"@type\":\"ImageObject\",\"inLanguage\":\"fr-FR\",\"@id\":\"https:\/\/www.schengenvisas.com\/#\/schema\/logo\/image\/\",\"url\":\"https:\/\/www.schengenvisas.com\/wp-content\/uploads\/2023\/03\/logo.svg\",\"contentUrl\":\"https:\/\/www.schengenvisas.com\/wp-content\/uploads\/2023\/03\/logo.svg\",\"width\":894,\"height\":123,\"caption\":\"Schengen Visas\"},\"image\":{\"@id\":\"https:\/\/www.schengenvisas.com\/#\/schema\/logo\/image\/\"}}]}<\/script>\n<!-- \/ Yoast SEO Premium plugin. -->","yoast_head_json":{"title":"T\u00e9l\u00e9charger le formulaire de demande de visa Schengen","description":"Le formulaire de demande de visa Schengen est une exigence obligatoire qui doit \u00eatre enti\u00e8rement remplie et sign\u00e9e par chaque candidat quel que soit son","robots":{"index":"index","follow":"follow","max-snippet":"max-snippet:-1","max-image-preview":"max-image-preview:large","max-video-preview":"max-video-preview:-1"},"canonical":"https:\/\/www.schengenvisas.com\/fr\/wp-json\/wp\/v2\/pages\/8950","og_locale":"fr_FR","og_type":"article","og_title":"T\u00e9l\u00e9charger le formulaire de demande de visa Schengen","og_description":"Le formulaire de demande de visa Schengen est une exigence obligatoire qui doit \u00eatre enti\u00e8rement remplie et sign\u00e9e par chaque candidat quel que soit son","og_url":"https:\/\/www.schengenvisas.com\/fr\/telecharger-le-formulaire-de-demande-de-visa-schengen\/","og_site_name":"Schengen Visas","article_modified_time":"2021-07-03T20:29:50+00:00","twitter_card":"summary_large_image","twitter_misc":{"Dur\u00e9e de lecture estim\u00e9e":"2 minutes"},"schema":{"@context":"https:\/\/schema.org","@graph":[{"@type":"WebPage","@id":"https:\/\/www.schengenvisas.com\/fr\/telecharger-le-formulaire-de-demande-de-visa-schengen\/","url":"https:\/\/www.schengenvisas.com\/fr\/telecharger-le-formulaire-de-demande-de-visa-schengen\/","name":"T\u00e9l\u00e9charger le formulaire de demande de visa Schengen","isPartOf":{"@id":"https:\/\/www.schengenvisas.com\/#website"},"datePublished":"2020-03-19T10:08:18+00:00","dateModified":"2021-07-03T20:29:50+00:00","description":"Le formulaire de demande de visa Schengen est une exigence obligatoire qui doit \u00eatre enti\u00e8rement remplie et sign\u00e9e par chaque candidat quel que soit son","breadcrumb":{"@id":"https:\/\/www.schengenvisas.com\/fr\/telecharger-le-formulaire-de-demande-de-visa-schengen\/#breadcrumb"},"inLanguage":"fr-FR","potentialAction":[{"@type":"ReadAction","target":["https:\/\/www.schengenvisas.com\/fr\/telecharger-le-formulaire-de-demande-de-visa-schengen\/"]}]},{"@type":"BreadcrumbList","@id":"https:\/\/www.schengenvisas.com\/fr\/telecharger-le-formulaire-de-demande-de-visa-schengen\/#breadcrumb","itemListElement":[{"@type":"ListItem","position":1,"name":"Home","item":"https:\/\/www.schengenvisas.com\/"},{"@type":"ListItem","position":2,"name":"T\u00e9l\u00e9charger le formulaire de demande de visa Schengen"}]},{"@type":"WebSite","@id":"https:\/\/www.schengenvisas.com\/#website","url":"https:\/\/www.schengenvisas.com\/","name":"Schengen Visas","description":"Schengen Visa Application Services","publisher":{"@id":"https:\/\/www.schengenvisas.com\/#organization"},"potentialAction":[{"@type":"SearchAction","target":{"@type":"EntryPoint","urlTemplate":"https:\/\/www.schengenvisas.com\/?s={search_term_string}"},"query-input":{"@type":"PropertyValueSpecification","valueRequired":true,"valueName":"search_term_string"}}],"inLanguage":"fr-FR"},{"@type":"Organization","@id":"https:\/\/www.schengenvisas.com\/#organization","name":"Schengen Visas","url":"https:\/\/www.schengenvisas.com\/","logo":{"@type":"ImageObject","inLanguage":"fr-FR","@id":"https:\/\/www.schengenvisas.com\/#\/schema\/logo\/image\/","url":"https:\/\/www.schengenvisas.com\/wp-content\/uploads\/2023\/03\/logo.svg","contentUrl":"https:\/\/www.schengenvisas.com\/wp-content\/uploads\/2023\/03\/logo.svg","width":894,"height":123,"caption":"Schengen Visas"},"image":{"@id":"https:\/\/www.schengenvisas.com\/#\/schema\/logo\/image\/"}}]}},"_links":{"self":[{"href":"https:\/\/www.schengenvisas.com\/fr\/wp-json\/wp\/v2\/pages\/8950","targetHints":{"allow":["GET"]}}],"collection":[{"href":"https:\/\/www.schengenvisas.com\/fr\/wp-json\/wp\/v2\/pages"}],"about":[{"href":"https:\/\/www.schengenvisas.com\/fr\/wp-json\/wp\/v2\/types\/page"}],"author":[{"embeddable":true,"href":"https:\/\/www.schengenvisas.com\/fr\/wp-json\/wp\/v2\/users\/15"}],"replies":[{"embeddable":true,"href":"https:\/\/www.schengenvisas.com\/fr\/wp-json\/wp\/v2\/comments?post=8950"}],"version-history":[{"count":0,"href":"https:\/\/www.schengenvisas.com\/fr\/wp-json\/wp\/v2\/pages\/8950\/revisions"}],"wp:attachment":[{"href":"https:\/\/www.schengenvisas.com\/fr\/wp-json\/wp\/v2\/media?parent=8950"}],"curies":[{"name":"wp","href":"https:\/\/api.w.org\/{rel}","templated":true}]}}