{"id":8952,"date":"2020-07-23T23:50:06","date_gmt":"2020-07-23T19:50:06","guid":{"rendered":"https:\/\/www.schengenvisas.com\/other-schengen-visas\/"},"modified":"2021-07-01T00:33:33","modified_gmt":"2021-06-30T20:33:33","slug":"autres-visas-schengen","status":"publish","type":"page","link":"https:\/\/www.schengenvisas.com\/fr\/autres-visas-schengen\/","title":{"rendered":"Autres visas Schengen"},"content":{"rendered":"\t\t<div data-elementor-type=\"wp-page\" data-elementor-id=\"8952\" class=\"elementor elementor-8952 elementor-3813\" data-elementor-post-type=\"page\">\n\t\t\t\t\t\t<section class=\"elementor-section elementor-top-section elementor-element elementor-element-aa8f575 elementor-section-boxed elementor-section-height-default elementor-section-height-default\" data-id=\"aa8f575\" data-element_type=\"section\">\n\t\t\t\t\t\t<div class=\"elementor-container elementor-column-gap-default\">\n\t\t\t\t\t<div class=\"elementor-column elementor-col-100 elementor-top-column elementor-element elementor-element-274defd\" data-id=\"274defd\" data-element_type=\"column\">\n\t\t\t<div class=\"elementor-widget-wrap elementor-element-populated\">\n\t\t\t\t\t\t<div class=\"elementor-element elementor-element-a0ad285 elementor-widget elementor-widget-text-editor\" data-id=\"a0ad285\" data-element_type=\"widget\" data-widget_type=\"text-editor.default\">\n\t\t\t\t<div class=\"elementor-widget-container\">\n\t\t\t\t\t\t\t\t\t<p>Si aucun des 9 objectifs principaux ne d\u00e9crit avec pr\u00e9cision pourquoi vous voyagez, vous devez s\u00e9lectionner \u00ab <strong>Autre <\/strong>\u00bb comme objectif du voyage.<\/p><h3>Admissibilit\u00e9\u00a0: Qui peut postuler\u00a0?<\/h3><ul><li>Les ressortissants d&rsquo;un pays tiers exclus de l&rsquo;acc\u00e8s sans visa ou des visas \u00e0 l&rsquo;arriv\u00e9e dans la zone Schengen dont les raisons de voyage ne sont pas effectivement repr\u00e9sent\u00e9es par les 9 principaux objectifs de visa doivent s\u00e9lectionner \u00ab Autre \u00bb comme objectif du voyage.<\/li><\/ul><h2>Documents requis\u00a0:<\/h2><ul><li>En plus des <strong><u>documents de base requis<\/u><\/strong>, les candidats \u00e0 d&rsquo;<strong>autres visas Schengen<\/strong> doivent soumettre tous les formulaires pertinents permettant de mieux comprendre le but et la nature de leur voyage.<\/li><\/ul><h2>Comment postuler\u00a0?<\/h2><ol><li>D\u00e9terminez le pays Schengen o\u00f9 vous passerez le plus de temps lors de votre voyage. Vous demanderez l\u2019autre visa Schengen via le consulat de ce pays.<\/li><li>S\u00e9lectionnez \u00ab <strong>Autres <\/strong>\u00bb comme motif du voyage.<\/li><li>D\u00e9terminez le nombre d &lsquo;\u00ab <strong>entr\u00e9es <\/strong>\u00bb dont vous avez besoin dans la zone Schengen.<\/li><li>Rassemblez vos <strong><u>documents de base requis<\/u><\/strong>, ainsi que les documents requis pour autre visa.<\/li><li>Remplissez votre <strong><u>candidature<\/u><\/strong>. La mani\u00e8re d&rsquo;acc\u00e9der aux demandes d\u00e9pend du pays Schengen ; vous devrez peut-\u00eatre utiliser un portail de candidature en ligne ou remplir manuellement un formulaire de demande imprim\u00e9.<\/li><li>Payez les <strong><u>frais de dossier<\/u><\/strong> (le tarif standard pour les adultes est de 80 euros). Vous devrez probablement soumettre un paiement de service avec votre demande de visa. Il s&rsquo;agit d&rsquo;un co\u00fbt distinct des frais de visa, que vous paierez probablement en personne, lors de votre rendez-vous d&rsquo;entretien ult\u00e9rieur dans un centre de demande de visa. Veuillez noter que ces frais ne sont pas remboursables.<\/li><li>Envoyez votre candidature.<\/li><li>Prenez rendez-vous pour un entretien. Les entretiens sont men\u00e9s en personne \u00e0 l&rsquo;ambassade ou au consulat du pays dans lequel vous postulez, ou dans un centre de demande de visa associ\u00e9 au consulat du pays dans lequel vous postulez.<\/li><\/ol><h2>Quand postuler\u00a0?<\/h2><ul><li>Vous devez demander l&rsquo;autre visa Schengen au moins 15 jours avant le jour o\u00f9 vous avez l&rsquo;intention de voyager et au plus t\u00f4t 6 mois avant votre d\u00e9part.<\/li><\/ul><h2>O\u00f9 postuler\u00a0?<\/h2><ul><li>Vous devez demander l&rsquo;autre visa Schengen aupr\u00e8s de l&rsquo;ambassade ou du consulat du pays dans lequel vous vous rendez dans la zone Schengen, ou via un centre de demande de visa associ\u00e9 au consulat du pays.<\/li><li>Si vous voyagez dans plusieurs pays de la zone Schengen, vous devez en faire la demande aupr\u00e8s de l&rsquo;ambassade, du consulat ou du centre de demande de visa associ\u00e9 du pays dans lequel vous passerez le plus de temps. Et si vous pr\u00e9voyez de passer une p\u00e9riode de temps \u00e9gale dans ces multiples pays, vous devez faire une demande \u00e0 l&rsquo;ambassade, au consulat ou au centre de demande de visa associ\u00e9 du pays o\u00f9 vous arriverez en premier.<\/li><\/ul><h2>La dur\u00e9e de traitement\u00a0<\/h2><ul><li>La dur\u00e9e de traitement pour l&rsquo;autre visa Schengen est g\u00e9n\u00e9ralement d&rsquo;environ deux semaines (15 jours). Rarement, les consulats peuvent prendre entre 30 et 60 jours pour rendre une d\u00e9cision sur une demande.<\/li><\/ul>\t\t\t\t\t\t\t\t<\/div>\n\t\t\t\t<\/div>\n\t\t\t\t\t<\/div>\n\t\t<\/div>\n\t\t\t\t\t<\/div>\n\t\t<\/section>\n\t\t\t\t<\/div>\n\t\t","protected":false},"excerpt":{"rendered":"<p>Si aucun des 9 objectifs principaux ne d\u00e9crit avec pr\u00e9cision pourquoi vous voyagez, vous devez<a class=\"read-more-text pl-2\" href=\"https:\/\/www.schengenvisas.com\/fr\/autres-visas-schengen\/\">[Lire la suite&#8230;]<\/a><\/p>\n","protected":false},"author":15,"featured_media":0,"parent":0,"menu_order":0,"comment_status":"closed","ping_status":"closed","template":"","meta":{"_acf_changed":false,"inline_featured_image":false,"footnotes":""},"class_list":["post-8952","page","type-page","status-publish","hentry","entry"],"acf":[],"yoast_head":"<!-- This site is optimized with the Yoast SEO Premium plugin v24.1 (Yoast SEO v24.1) - https:\/\/yoast.com\/wordpress\/plugins\/seo\/ -->\n<title>Autres visas Schengen | Schengen Visas<\/title>\n<meta name=\"description\" content=\"Si aucun des 9 objectifs principaux ne d\u00e9crit avec pr\u00e9cision pourquoi vous voyagez, vous devez s\u00e9lectionner \u00ab Autre \u00bb comme objectif du voyage.\" \/>\n<meta name=\"robots\" content=\"index, follow, max-snippet:-1, max-image-preview:large, max-video-preview:-1\" \/>\n<link rel=\"canonical\" href=\"https:\/\/www.schengenvisas.com\/fr\/wp-json\/wp\/v2\/pages\/8952\" \/>\n<meta property=\"og:locale\" content=\"fr_FR\" \/>\n<meta property=\"og:type\" content=\"article\" \/>\n<meta property=\"og:title\" content=\"Autres visas Schengen\" \/>\n<meta property=\"og:description\" content=\"Si aucun des 9 objectifs principaux ne d\u00e9crit avec pr\u00e9cision pourquoi vous voyagez, vous devez s\u00e9lectionner \u00ab Autre \u00bb comme objectif du voyage.\" \/>\n<meta property=\"og:url\" content=\"https:\/\/www.schengenvisas.com\/fr\/autres-visas-schengen\/\" \/>\n<meta property=\"og:site_name\" content=\"Schengen Visas\" \/>\n<meta property=\"article:modified_time\" content=\"2021-06-30T20:33:33+00:00\" \/>\n<meta name=\"twitter:card\" content=\"summary_large_image\" \/>\n<meta name=\"twitter:label1\" content=\"Dur\u00e9e de lecture estim\u00e9e\" \/>\n\t<meta name=\"twitter:data1\" content=\"3 minutes\" \/>\n<script type=\"application\/ld+json\" class=\"yoast-schema-graph\">{\"@context\":\"https:\/\/schema.org\",\"@graph\":[{\"@type\":\"WebPage\",\"@id\":\"https:\/\/www.schengenvisas.com\/fr\/autres-visas-schengen\/\",\"url\":\"https:\/\/www.schengenvisas.com\/fr\/autres-visas-schengen\/\",\"name\":\"Autres visas Schengen | Schengen Visas\",\"isPartOf\":{\"@id\":\"https:\/\/www.schengenvisas.com\/#website\"},\"datePublished\":\"2020-07-23T19:50:06+00:00\",\"dateModified\":\"2021-06-30T20:33:33+00:00\",\"description\":\"Si aucun des 9 objectifs principaux ne d\u00e9crit avec pr\u00e9cision pourquoi vous voyagez, vous devez s\u00e9lectionner \u00ab Autre \u00bb comme objectif du voyage.\",\"breadcrumb\":{\"@id\":\"https:\/\/www.schengenvisas.com\/fr\/autres-visas-schengen\/#breadcrumb\"},\"inLanguage\":\"fr-FR\",\"potentialAction\":[{\"@type\":\"ReadAction\",\"target\":[\"https:\/\/www.schengenvisas.com\/fr\/autres-visas-schengen\/\"]}]},{\"@type\":\"BreadcrumbList\",\"@id\":\"https:\/\/www.schengenvisas.com\/fr\/autres-visas-schengen\/#breadcrumb\",\"itemListElement\":[{\"@type\":\"ListItem\",\"position\":1,\"name\":\"Home\",\"item\":\"https:\/\/www.schengenvisas.com\/\"},{\"@type\":\"ListItem\",\"position\":2,\"name\":\"Autres visas Schengen\"}]},{\"@type\":\"WebSite\",\"@id\":\"https:\/\/www.schengenvisas.com\/#website\",\"url\":\"https:\/\/www.schengenvisas.com\/\",\"name\":\"Schengen Visas\",\"description\":\"Schengen Visa Application Services\",\"publisher\":{\"@id\":\"https:\/\/www.schengenvisas.com\/#organization\"},\"potentialAction\":[{\"@type\":\"SearchAction\",\"target\":{\"@type\":\"EntryPoint\",\"urlTemplate\":\"https:\/\/www.schengenvisas.com\/?s={search_term_string}\"},\"query-input\":{\"@type\":\"PropertyValueSpecification\",\"valueRequired\":true,\"valueName\":\"search_term_string\"}}],\"inLanguage\":\"fr-FR\"},{\"@type\":\"Organization\",\"@id\":\"https:\/\/www.schengenvisas.com\/#organization\",\"name\":\"Schengen Visas\",\"url\":\"https:\/\/www.schengenvisas.com\/\",\"logo\":{\"@type\":\"ImageObject\",\"inLanguage\":\"fr-FR\",\"@id\":\"https:\/\/www.schengenvisas.com\/#\/schema\/logo\/image\/\",\"url\":\"https:\/\/www.schengenvisas.com\/wp-content\/uploads\/2023\/03\/logo.svg\",\"contentUrl\":\"https:\/\/www.schengenvisas.com\/wp-content\/uploads\/2023\/03\/logo.svg\",\"width\":894,\"height\":123,\"caption\":\"Schengen Visas\"},\"image\":{\"@id\":\"https:\/\/www.schengenvisas.com\/#\/schema\/logo\/image\/\"}}]}<\/script>\n<!-- \/ Yoast SEO Premium plugin. -->","yoast_head_json":{"title":"Autres visas Schengen | Schengen Visas","description":"Si aucun des 9 objectifs principaux ne d\u00e9crit avec pr\u00e9cision pourquoi vous voyagez, vous devez s\u00e9lectionner \u00ab Autre \u00bb comme objectif du voyage.","robots":{"index":"index","follow":"follow","max-snippet":"max-snippet:-1","max-image-preview":"max-image-preview:large","max-video-preview":"max-video-preview:-1"},"canonical":"https:\/\/www.schengenvisas.com\/fr\/wp-json\/wp\/v2\/pages\/8952","og_locale":"fr_FR","og_type":"article","og_title":"Autres visas Schengen","og_description":"Si aucun des 9 objectifs principaux ne d\u00e9crit avec pr\u00e9cision pourquoi vous voyagez, vous devez s\u00e9lectionner \u00ab Autre \u00bb comme objectif du voyage.","og_url":"https:\/\/www.schengenvisas.com\/fr\/autres-visas-schengen\/","og_site_name":"Schengen Visas","article_modified_time":"2021-06-30T20:33:33+00:00","twitter_card":"summary_large_image","twitter_misc":{"Dur\u00e9e de lecture estim\u00e9e":"3 minutes"},"schema":{"@context":"https:\/\/schema.org","@graph":[{"@type":"WebPage","@id":"https:\/\/www.schengenvisas.com\/fr\/autres-visas-schengen\/","url":"https:\/\/www.schengenvisas.com\/fr\/autres-visas-schengen\/","name":"Autres visas Schengen | Schengen Visas","isPartOf":{"@id":"https:\/\/www.schengenvisas.com\/#website"},"datePublished":"2020-07-23T19:50:06+00:00","dateModified":"2021-06-30T20:33:33+00:00","description":"Si aucun des 9 objectifs principaux ne d\u00e9crit avec pr\u00e9cision pourquoi vous voyagez, vous devez s\u00e9lectionner \u00ab Autre \u00bb comme objectif du voyage.","breadcrumb":{"@id":"https:\/\/www.schengenvisas.com\/fr\/autres-visas-schengen\/#breadcrumb"},"inLanguage":"fr-FR","potentialAction":[{"@type":"ReadAction","target":["https:\/\/www.schengenvisas.com\/fr\/autres-visas-schengen\/"]}]},{"@type":"BreadcrumbList","@id":"https:\/\/www.schengenvisas.com\/fr\/autres-visas-schengen\/#breadcrumb","itemListElement":[{"@type":"ListItem","position":1,"name":"Home","item":"https:\/\/www.schengenvisas.com\/"},{"@type":"ListItem","position":2,"name":"Autres visas Schengen"}]},{"@type":"WebSite","@id":"https:\/\/www.schengenvisas.com\/#website","url":"https:\/\/www.schengenvisas.com\/","name":"Schengen Visas","description":"Schengen Visa Application Services","publisher":{"@id":"https:\/\/www.schengenvisas.com\/#organization"},"potentialAction":[{"@type":"SearchAction","target":{"@type":"EntryPoint","urlTemplate":"https:\/\/www.schengenvisas.com\/?s={search_term_string}"},"query-input":{"@type":"PropertyValueSpecification","valueRequired":true,"valueName":"search_term_string"}}],"inLanguage":"fr-FR"},{"@type":"Organization","@id":"https:\/\/www.schengenvisas.com\/#organization","name":"Schengen Visas","url":"https:\/\/www.schengenvisas.com\/","logo":{"@type":"ImageObject","inLanguage":"fr-FR","@id":"https:\/\/www.schengenvisas.com\/#\/schema\/logo\/image\/","url":"https:\/\/www.schengenvisas.com\/wp-content\/uploads\/2023\/03\/logo.svg","contentUrl":"https:\/\/www.schengenvisas.com\/wp-content\/uploads\/2023\/03\/logo.svg","width":894,"height":123,"caption":"Schengen Visas"},"image":{"@id":"https:\/\/www.schengenvisas.com\/#\/schema\/logo\/image\/"}}]}},"_links":{"self":[{"href":"https:\/\/www.schengenvisas.com\/fr\/wp-json\/wp\/v2\/pages\/8952","targetHints":{"allow":["GET"]}}],"collection":[{"href":"https:\/\/www.schengenvisas.com\/fr\/wp-json\/wp\/v2\/pages"}],"about":[{"href":"https:\/\/www.schengenvisas.com\/fr\/wp-json\/wp\/v2\/types\/page"}],"author":[{"embeddable":true,"href":"https:\/\/www.schengenvisas.com\/fr\/wp-json\/wp\/v2\/users\/15"}],"replies":[{"embeddable":true,"href":"https:\/\/www.schengenvisas.com\/fr\/wp-json\/wp\/v2\/comments?post=8952"}],"version-history":[{"count":0,"href":"https:\/\/www.schengenvisas.com\/fr\/wp-json\/wp\/v2\/pages\/8952\/revisions"}],"wp:attachment":[{"href":"https:\/\/www.schengenvisas.com\/fr\/wp-json\/wp\/v2\/media?parent=8952"}],"curies":[{"name":"wp","href":"https:\/\/api.w.org\/{rel}","templated":true}]}}