{"id":8954,"date":"2020-02-28T11:13:43","date_gmt":"2020-02-28T11:13:43","guid":{"rendered":"https:\/\/www.schengenvisas.com\/schengen-calculator\/"},"modified":"2021-07-03T07:14:03","modified_gmt":"2021-07-03T03:14:03","slug":"calculateur-de-visa-schengen","status":"publish","type":"page","link":"https:\/\/www.schengenvisas.com\/fr\/calculateur-de-visa-schengen\/","title":{"rendered":"Calculateur de visa Schengen"},"content":{"rendered":"\t\t<div data-elementor-type=\"wp-page\" data-elementor-id=\"8954\" class=\"elementor elementor-8954 elementor-979\" data-elementor-post-type=\"page\">\n\t\t\t\t\t\t<section class=\"elementor-section elementor-top-section elementor-element elementor-element-19c4c7d5 elementor-section-boxed elementor-section-height-default elementor-section-height-default\" data-id=\"19c4c7d5\" data-element_type=\"section\">\n\t\t\t\t\t\t<div class=\"elementor-container elementor-column-gap-default\">\n\t\t\t\t\t<div class=\"elementor-column elementor-col-100 elementor-top-column elementor-element elementor-element-68801ef6\" data-id=\"68801ef6\" data-element_type=\"column\">\n\t\t\t<div class=\"elementor-widget-wrap elementor-element-populated\">\n\t\t\t\t\t\t<div class=\"elementor-element elementor-element-582f17de elementor-widget elementor-widget-text-editor\" data-id=\"582f17de\" data-element_type=\"widget\" data-widget_type=\"text-editor.default\">\n\t\t\t\t<div class=\"elementor-widget-container\">\n\t\t\t\t\t\t\t\t\t<h2>D\u00e9passement de votre visa<\/h2><ul><li>Il vous appartient de vous assurer de ne pas d\u00e9passer la dur\u00e9e de votre visa Schengen de courte dur\u00e9e. Cela peut \u00eatre plus compliqu\u00e9 que vous ne le pensez, surtout si vous poss\u00e9dez un visa \u00e0 entr\u00e9es multiples et que vous entrez et sortez de la zone Schengen plus de deux fois pendant la p\u00e9riode de validit\u00e9 de votre visa.<\/li><li><strong>Pour vous assurer que vous ne violez pas les modalit\u00e9s de votre visa Schengen, il y a deux principes \u00e0 garder \u00e0 l&rsquo;esprit :<\/strong><ul><li><strong>Vous ne devez pas rester plus de 90 jours.<\/strong><\/li><li><strong>Vous ne devez pas rester au-del\u00e0 de la date \u201c<\/strong><strong>JUSQU&rsquo;\u00c0\u201c sur votre vignette visa<\/strong>.<\/li><\/ul><\/li><li>Ces deux principes peuvent parfois \u00eatre en conflit, surtout si vous avez un visa \u00e0 entr\u00e9es multiples. Lorsque vous effectuez plusieurs entr\u00e9es dans la zone Schengen, il peut \u00eatre d\u00e9routant de se souvenir du temps que vous avez r\u00e9ellement pass\u00e9 dans la zone.<\/li><li>Parfois, vous pouvez vous retrouver dans une situation o\u00f9 il vous reste des jours sur votre visa (c.-\u00e0-d. que le temps total pass\u00e9 dans la zone Schengen est inf\u00e9rieur \u00e0 90 jours) mais que vous approchez de la date de d\u00e9part n\u00e9cessaire. Dans tous les cas, vous devez quitter la zone Schengen au plus tard \u00e0 la date \u201cJUSQU&rsquo;\u00c0\u201c indiqu\u00e9e sur votre vignette visa, m\u00eame si vous avez pass\u00e9 moins de 90 jours dans la zone Schengen.<\/li><li>Pour cette raison, il est essentiel que vous sachiez lire votre vignette-visa et que vous connaissiez la date \u00e0 laquelle vous avez besoin de quitter la zone Schengen.<\/li><li>Veuillez noter que vous n&rsquo;\u00eates pas oblig\u00e9 d&rsquo;entrer dans la zone Schengen \u00e0 la date exacte \u201cDe\u201c sur votre vignette visa. Cependant, gardez \u00e0 l&rsquo;esprit que si vous entrez dans la zone Schengen \u00e0 une date post\u00e9rieure \u00e0 la date \u201cDe\u201c, le jour o\u00f9 vous \u00eates r\u00e9ellement entr\u00e9 dans la zone deviendra votre v\u00e9ritable date d&rsquo;entr\u00e9e et votre point de r\u00e9f\u00e9rence pour d\u00e9terminer combien de jours vous avez s\u00e9journ\u00e9 dans la r\u00e9gion (et combien de jours il vous reste sur votre visa).<\/li><li>La p\u00e9riode indiqu\u00e9e sur votre vignette-visa entre \u201cDU\u2026 JUSQU&rsquo;\u00c0\u201c d\u00e9passe souvent 90 jours (DUR\u00c9E DU S\u00c9JOUR). Cela a pour but de vous permettre de mieux planifier vos dates d&rsquo;arriv\u00e9e et de d\u00e9part vers\/depuis la zone\/le territoire Schengen. Cela ne signifie PAS que votre visa est valable pour toute cette p\u00e9riode, c.-\u00e0-d. pendant plus de 90 jours.<\/li><\/ul><h2>Calculateur de visa Schengen<\/h2><ul><li>Le calculateur de visa Schengen est un outil qui vous permet de savoir combien de temps il reste sur votre visa et de d\u00e9terminer si vous respectez la r\u00e8gle des \u00ab 90 jours\/180 jours \u00bb.<\/li><li>Vous pouvez acc\u00e9der \u00e0 notre calculateur Schengen en ligne sur chaque page de notre site Web.<\/li><li>Pour utiliser le calculateur\u00a0:<ol><li>Entrez votre \u201c<strong><u>Date d&rsquo;entr\u00e9e\u201c<\/u><\/strong> dans la zone Schengen, suivie de \u201c<strong><u>Date de sortie\u201c<\/u><\/strong>\u00a0dans la deuxi\u00e8me case.<\/li><li>Cliquez sur \u201c<strong><u>Calculer\u201c<\/u><\/strong>. Les cases afficheront le \u201c<strong><u>No. de jours\u201c <\/u><\/strong>de votre voyage, le nombre de jours de votre \u201c<strong><u>\u00a0calcul des jours Schengen\u201c <\/u><\/strong>et (le cas \u00e9ch\u00e9ant) le nombre de <strong><u>vjours suppl\u00e9mentaires\u201c. <\/u><\/strong><\/li><li>Si vous envisagez un visa \u00e0 entr\u00e9es multiples, vous pouvez cliquer sur \u201c<strong><u>Ajouter\u201c<\/u><\/strong>\u00a0pour entrer les jours d&rsquo;entr\u00e9e et de sortie d&rsquo;un autre voyage.<\/li><li>Par exemple, si vous entrez la date d&rsquo;entr\u00e9e 01\/01\/2021 (1er janvier 2021) et la date de sortie 30\/04\/2021 (30 avril 2021) dans le calculateur, le r\u00e9sultat sera : \u00ab\u00a0No. de jours \u00bb : 120, calcul des jours Schengen: 120 jours sur 90, jours d\u00e9pass\u00e9s : 30. \u00c9tant donn\u00e9 que vous n&rsquo;\u00eates autoris\u00e9 \u00e0 passer que 90 jours dans la zone Schengen et que votre s\u00e9jour propos\u00e9 est de 120 jours, vous d\u00e9passerez votre visa de 30 jours.<\/li><li>Arm\u00e9 de ces informations, vous pouvez ensuite modifier votre voyage en cons\u00e9quence afin que votre visite pr\u00e9vue n&rsquo;entra\u00eene pas un d\u00e9passement de la dur\u00e9e de votre visa.<\/li><\/ol><\/li><\/ul><p><strong>[Important] : <u>Veuillez noter que ce calcul ne vous autorise en aucun cas \u00e0 rester dans la zone Schengen pendant la p\u00e9riode qu\u2019il indique. Le calculateur n&rsquo;est pas une source ou autorit\u00e9 officielle pour les s\u00e9jours Schengen, il s\u2019agit simplement d\u2019un guide \u00e0 titre indicatif uniquement.<\/u><\/strong><\/p><h2>La r\u00e8gle 90\/180<\/h2><ul><li>Si vous avez un visa Schengen de court s\u00e9jour, vous ne pouvez pas rester dans la zone Schengen plus de 90 jours sur une p\u00e9riode de 180 jours ; ce principe est commun\u00e9ment appel\u00e9 la r\u00e8gle 90\/180, et il s&rsquo;applique \u00e0 tous ceux qui ont un visa Schengen de court s\u00e9jour, sans exception.<\/li><li>Cette r\u00e8gle est facilement comprise dans le cadre des visas Schengen \u00e0 entr\u00e9e unique. Si, par exemple, vous avez un visa Schengen \u00e0 entr\u00e9e unique et que vous entrez dans la zone Schengen le 1er janvier 2020, vous devez quitter la zone Schengen au plus tard le 30 mars 2020 ; une p\u00e9riode de 90 jours.<\/li><li>Vous devez \u00eatre particuli\u00e8rement attentif \u00e0 la r\u00e8gle 90\/180 si vous avez un visa Schengen \u00e0 entr\u00e9es multiples. Par exemple, supposons que vous ayez un visa Schengen \u00e0 entr\u00e9es multiples valable DU 1er janvier 2020 AU 30 juin 2020. Supposons que vous restiez dans la zone Schengen pendant 30 jours apr\u00e8s votre entr\u00e9e, partiez, retourniez dans la zone apr\u00e8s 50 jours, restiez 15 jours et repartiez pour 100 jours. Techniquement, vous n&rsquo;auriez pass\u00e9 que 45 jours dans la zone Schengen, soit bien moins que la limite de 90 jours. Cependant, comme la date de fin de validit\u00e9 de votre visa (\u00e0 c\u00f4t\u00e9 de \u201cJUSQU&rsquo;\u00c0\u201c sur votre visa) est le 30 juin 2020, vous auriez d\u00e9pass\u00e9 la p\u00e9riode de validit\u00e9 de votre visa et vous ne pourriez plus entrer \u00e0 nouveau dans la zone Schengen avec le m\u00eame visa.<\/li><li>La r\u00e8gle 90\/180 s&rsquo;applique \u00e9galement aux personnes qui chercheraient \u00e0 obtenir un autre visa Schengen une fois leur premier visa expir\u00e9 (pour rester plus de 90 jours). Cette r\u00e8gle a pour effet d&#8217;emp\u00eacher les gens de former une sorte de visa Schengen de longue dur\u00e9e \u00e0 partir de plusieurs visas de courte dur\u00e9e. Disons, par exemple, que vous avez un visa Schengen valable 90 jours sur une p\u00e9riode de 6 mois et que vous passez 90 jours dans la zone Schengen. Si vous essayez d&rsquo;obtenir un nouveau visa Schengen apr\u00e8s un s\u00e9jour de 90 jours au cours de cette p\u00e9riode de 180 jours, vous devez attendre que le reste de votre p\u00e9riode initiale de 180 jours soit expir\u00e9e (elle a commenc\u00e9 \u00e0 partir du jour de votre premi\u00e8re entr\u00e9e) afin que lorsque vous receviez votre nouveau visa, vous commenciez une nouvelle p\u00e9riode de 180 jours.<\/li><li>Un bon moyen de vous assurer de ne pas d\u00e9passer la dur\u00e9e de votre visa \u00e0 entr\u00e9es multiples est de r\u00e9f\u00e9rencer les tampons d&rsquo;entr\u00e9e\/sortie de votre passeport, qui seront tamponn\u00e9s avec la date chaque fois que vous entrez et sortez d\u2019un \u00e9tat Schengen.<\/li><li>Veuillez noter que les sanctions en cas de d\u00e9passement de votre visa Schengen sont lourdes. Si vous ne quittez pas la zone Schengen \u00e0 temps, vous pouvez \u00eatre soumis \u00e0 une, \u00e0 certaines ou \u00e0 toutes les p\u00e9nalit\u00e9s suivantes :<ul><li>Amende mon\u00e9taire.<\/li><li>D\u00e9portation instantan\u00e9e.<\/li><li>Interdiction pluriannuelle de la zone Schengen.<\/li><li>Un visa Schengen vous sera probablement refus\u00e9 la prochaine fois que vous tenterez d&rsquo;en faire la demande. Pour d\u00e9terminer s&rsquo;il faut ou non vous accorder un visa Schengen, votre consulat examinera vos ant\u00e9c\u00e9dents pour d\u00e9terminer si vous avez d\u00e9j\u00e0 d\u00e9pass\u00e9 la dur\u00e9e de votre visa Schengen. Toutes les informations relatives \u00e0 votre historique de visa Schengen sont stock\u00e9es dans le syst\u00e8me d&rsquo;information Schengen (SIS). Par cons\u00e9quent, le d\u00e9passement de la dur\u00e9e d&rsquo;un visa Schengen affectera presque certainement n\u00e9gativement tous les futurs visas Schengen que vous demanderez.<\/li><\/ul><\/li><\/ul>\t\t\t\t\t\t\t\t<\/div>\n\t\t\t\t<\/div>\n\t\t\t\t\t<\/div>\n\t\t<\/div>\n\t\t\t\t\t<\/div>\n\t\t<\/section>\n\t\t\t\t<\/div>\n\t\t","protected":false},"excerpt":{"rendered":"<p>D\u00e9passement de votre visa Il vous appartient de vous assurer de ne pas d\u00e9passer la<a class=\"read-more-text pl-2\" href=\"https:\/\/www.schengenvisas.com\/fr\/calculateur-de-visa-schengen\/\">[Lire la suite&#8230;]<\/a><\/p>\n","protected":false},"author":15,"featured_media":0,"parent":0,"menu_order":0,"comment_status":"closed","ping_status":"closed","template":"","meta":{"_acf_changed":false,"inline_featured_image":false,"footnotes":""},"class_list":["post-8954","page","type-page","status-publish","hentry","entry"],"acf":[],"yoast_head":"<!-- This site is optimized with the Yoast SEO Premium plugin v24.1 (Yoast SEO v24.1) - https:\/\/yoast.com\/wordpress\/plugins\/seo\/ -->\n<title>Calculateur Schengen | Nombre de jours de s\u00e9jour dans une zone Schengen<\/title>\n<meta name=\"description\" content=\"Calculateur Schengen | Le calculateur Schengen est utilis\u00e9 pour calculer le nombre de jours pour un visa Schengen de court s\u00e9jour\" \/>\n<meta name=\"robots\" content=\"index, follow, max-snippet:-1, max-image-preview:large, max-video-preview:-1\" \/>\n<link rel=\"canonical\" href=\"https:\/\/www.schengenvisas.com\/fr\/wp-json\/wp\/v2\/pages\/8954\" \/>\n<meta property=\"og:locale\" content=\"fr_FR\" \/>\n<meta property=\"og:type\" content=\"article\" \/>\n<meta property=\"og:title\" content=\"Calculateur de visa Schengen\" \/>\n<meta property=\"og:description\" content=\"Calculateur Schengen | Le calculateur Schengen est utilis\u00e9 pour calculer le nombre de jours pour un visa Schengen de court s\u00e9jour\" \/>\n<meta property=\"og:url\" content=\"https:\/\/www.schengenvisas.com\/fr\/calculateur-de-visa-schengen\/\" \/>\n<meta property=\"og:site_name\" content=\"Schengen Visas\" \/>\n<meta property=\"article:modified_time\" content=\"2021-07-03T03:14:03+00:00\" \/>\n<meta name=\"twitter:card\" content=\"summary_large_image\" \/>\n<meta name=\"twitter:label1\" content=\"Dur\u00e9e de lecture estim\u00e9e\" \/>\n\t<meta name=\"twitter:data1\" content=\"6 minutes\" \/>\n<script type=\"application\/ld+json\" class=\"yoast-schema-graph\">{\"@context\":\"https:\/\/schema.org\",\"@graph\":[{\"@type\":\"WebPage\",\"@id\":\"https:\/\/www.schengenvisas.com\/fr\/calculateur-de-visa-schengen\/\",\"url\":\"https:\/\/www.schengenvisas.com\/fr\/calculateur-de-visa-schengen\/\",\"name\":\"Calculateur Schengen | Nombre de jours de s\u00e9jour dans une zone Schengen\",\"isPartOf\":{\"@id\":\"https:\/\/www.schengenvisas.com\/#website\"},\"datePublished\":\"2020-02-28T11:13:43+00:00\",\"dateModified\":\"2021-07-03T03:14:03+00:00\",\"description\":\"Calculateur Schengen | Le calculateur Schengen est utilis\u00e9 pour calculer le nombre de jours pour un visa Schengen de court s\u00e9jour\",\"breadcrumb\":{\"@id\":\"https:\/\/www.schengenvisas.com\/fr\/calculateur-de-visa-schengen\/#breadcrumb\"},\"inLanguage\":\"fr-FR\",\"potentialAction\":[{\"@type\":\"ReadAction\",\"target\":[\"https:\/\/www.schengenvisas.com\/fr\/calculateur-de-visa-schengen\/\"]}]},{\"@type\":\"BreadcrumbList\",\"@id\":\"https:\/\/www.schengenvisas.com\/fr\/calculateur-de-visa-schengen\/#breadcrumb\",\"itemListElement\":[{\"@type\":\"ListItem\",\"position\":1,\"name\":\"Home\",\"item\":\"https:\/\/www.schengenvisas.com\/\"},{\"@type\":\"ListItem\",\"position\":2,\"name\":\"Calculateur de visa Schengen\"}]},{\"@type\":\"WebSite\",\"@id\":\"https:\/\/www.schengenvisas.com\/#website\",\"url\":\"https:\/\/www.schengenvisas.com\/\",\"name\":\"Schengen Visas\",\"description\":\"Schengen Visa Application Services\",\"publisher\":{\"@id\":\"https:\/\/www.schengenvisas.com\/#organization\"},\"potentialAction\":[{\"@type\":\"SearchAction\",\"target\":{\"@type\":\"EntryPoint\",\"urlTemplate\":\"https:\/\/www.schengenvisas.com\/?s={search_term_string}\"},\"query-input\":{\"@type\":\"PropertyValueSpecification\",\"valueRequired\":true,\"valueName\":\"search_term_string\"}}],\"inLanguage\":\"fr-FR\"},{\"@type\":\"Organization\",\"@id\":\"https:\/\/www.schengenvisas.com\/#organization\",\"name\":\"Schengen Visas\",\"url\":\"https:\/\/www.schengenvisas.com\/\",\"logo\":{\"@type\":\"ImageObject\",\"inLanguage\":\"fr-FR\",\"@id\":\"https:\/\/www.schengenvisas.com\/#\/schema\/logo\/image\/\",\"url\":\"https:\/\/www.schengenvisas.com\/wp-content\/uploads\/2023\/03\/logo.svg\",\"contentUrl\":\"https:\/\/www.schengenvisas.com\/wp-content\/uploads\/2023\/03\/logo.svg\",\"width\":894,\"height\":123,\"caption\":\"Schengen Visas\"},\"image\":{\"@id\":\"https:\/\/www.schengenvisas.com\/#\/schema\/logo\/image\/\"}}]}<\/script>\n<!-- \/ Yoast SEO Premium plugin. -->","yoast_head_json":{"title":"Calculateur Schengen | Nombre de jours de s\u00e9jour dans une zone Schengen","description":"Calculateur Schengen | Le calculateur Schengen est utilis\u00e9 pour calculer le nombre de jours pour un visa Schengen de court s\u00e9jour","robots":{"index":"index","follow":"follow","max-snippet":"max-snippet:-1","max-image-preview":"max-image-preview:large","max-video-preview":"max-video-preview:-1"},"canonical":"https:\/\/www.schengenvisas.com\/fr\/wp-json\/wp\/v2\/pages\/8954","og_locale":"fr_FR","og_type":"article","og_title":"Calculateur de visa Schengen","og_description":"Calculateur Schengen | Le calculateur Schengen est utilis\u00e9 pour calculer le nombre de jours pour un visa Schengen de court s\u00e9jour","og_url":"https:\/\/www.schengenvisas.com\/fr\/calculateur-de-visa-schengen\/","og_site_name":"Schengen Visas","article_modified_time":"2021-07-03T03:14:03+00:00","twitter_card":"summary_large_image","twitter_misc":{"Dur\u00e9e de lecture estim\u00e9e":"6 minutes"},"schema":{"@context":"https:\/\/schema.org","@graph":[{"@type":"WebPage","@id":"https:\/\/www.schengenvisas.com\/fr\/calculateur-de-visa-schengen\/","url":"https:\/\/www.schengenvisas.com\/fr\/calculateur-de-visa-schengen\/","name":"Calculateur Schengen | Nombre de jours de s\u00e9jour dans une zone Schengen","isPartOf":{"@id":"https:\/\/www.schengenvisas.com\/#website"},"datePublished":"2020-02-28T11:13:43+00:00","dateModified":"2021-07-03T03:14:03+00:00","description":"Calculateur Schengen | Le calculateur Schengen est utilis\u00e9 pour calculer le nombre de jours pour un visa Schengen de court s\u00e9jour","breadcrumb":{"@id":"https:\/\/www.schengenvisas.com\/fr\/calculateur-de-visa-schengen\/#breadcrumb"},"inLanguage":"fr-FR","potentialAction":[{"@type":"ReadAction","target":["https:\/\/www.schengenvisas.com\/fr\/calculateur-de-visa-schengen\/"]}]},{"@type":"BreadcrumbList","@id":"https:\/\/www.schengenvisas.com\/fr\/calculateur-de-visa-schengen\/#breadcrumb","itemListElement":[{"@type":"ListItem","position":1,"name":"Home","item":"https:\/\/www.schengenvisas.com\/"},{"@type":"ListItem","position":2,"name":"Calculateur de visa Schengen"}]},{"@type":"WebSite","@id":"https:\/\/www.schengenvisas.com\/#website","url":"https:\/\/www.schengenvisas.com\/","name":"Schengen Visas","description":"Schengen Visa Application Services","publisher":{"@id":"https:\/\/www.schengenvisas.com\/#organization"},"potentialAction":[{"@type":"SearchAction","target":{"@type":"EntryPoint","urlTemplate":"https:\/\/www.schengenvisas.com\/?s={search_term_string}"},"query-input":{"@type":"PropertyValueSpecification","valueRequired":true,"valueName":"search_term_string"}}],"inLanguage":"fr-FR"},{"@type":"Organization","@id":"https:\/\/www.schengenvisas.com\/#organization","name":"Schengen Visas","url":"https:\/\/www.schengenvisas.com\/","logo":{"@type":"ImageObject","inLanguage":"fr-FR","@id":"https:\/\/www.schengenvisas.com\/#\/schema\/logo\/image\/","url":"https:\/\/www.schengenvisas.com\/wp-content\/uploads\/2023\/03\/logo.svg","contentUrl":"https:\/\/www.schengenvisas.com\/wp-content\/uploads\/2023\/03\/logo.svg","width":894,"height":123,"caption":"Schengen Visas"},"image":{"@id":"https:\/\/www.schengenvisas.com\/#\/schema\/logo\/image\/"}}]}},"_links":{"self":[{"href":"https:\/\/www.schengenvisas.com\/fr\/wp-json\/wp\/v2\/pages\/8954","targetHints":{"allow":["GET"]}}],"collection":[{"href":"https:\/\/www.schengenvisas.com\/fr\/wp-json\/wp\/v2\/pages"}],"about":[{"href":"https:\/\/www.schengenvisas.com\/fr\/wp-json\/wp\/v2\/types\/page"}],"author":[{"embeddable":true,"href":"https:\/\/www.schengenvisas.com\/fr\/wp-json\/wp\/v2\/users\/15"}],"replies":[{"embeddable":true,"href":"https:\/\/www.schengenvisas.com\/fr\/wp-json\/wp\/v2\/comments?post=8954"}],"version-history":[{"count":0,"href":"https:\/\/www.schengenvisas.com\/fr\/wp-json\/wp\/v2\/pages\/8954\/revisions"}],"wp:attachment":[{"href":"https:\/\/www.schengenvisas.com\/fr\/wp-json\/wp\/v2\/media?parent=8954"}],"curies":[{"name":"wp","href":"https:\/\/api.w.org\/{rel}","templated":true}]}}