{"id":13427,"date":"2020-01-08T06:37:55","date_gmt":"2020-01-08T06:37:55","guid":{"rendered":"https:\/\/www.schengenvisas.com\/about-us\/"},"modified":"2022-03-26T18:57:37","modified_gmt":"2022-03-26T14:57:37","slug":"hakkimizda","status":"publish","type":"page","link":"https:\/\/www.schengenvisas.com\/tr\/hakkimizda\/","title":{"rendered":"Hakk\u0131m\u0131zda"},"content":{"rendered":"\t\t<div data-elementor-type=\"wp-page\" data-elementor-id=\"13427\" class=\"elementor elementor-13427 elementor-170\" data-elementor-post-type=\"page\">\n\t\t\t\t\t\t<section class=\"elementor-section elementor-top-section elementor-element elementor-element-99346f2 elementor-section-boxed elementor-section-height-default elementor-section-height-default\" data-id=\"99346f2\" data-element_type=\"section\">\n\t\t\t\t\t\t<div class=\"elementor-container elementor-column-gap-default\">\n\t\t\t\t\t<div class=\"elementor-column elementor-col-100 elementor-top-column elementor-element elementor-element-f261977\" data-id=\"f261977\" data-element_type=\"column\">\n\t\t\t<div class=\"elementor-widget-wrap elementor-element-populated\">\n\t\t\t\t\t\t<div class=\"elementor-element elementor-element-af9a2e4 elementor-widget elementor-widget-text_block\" data-id=\"af9a2e4\" data-element_type=\"widget\" data-widget_type=\"text_block.default\">\n\t\t\t\t<div class=\"elementor-widget-container\">\n\t\t\t\t\t<section class=\"about-details pt-0\">\r\n\t\t\t<div class=\"about-text\"><h2 class=\"mb-0 mt-0\">SchengenVisas Hakk\u0131nda<br><\/h2><\/div>\r\n\t\t<\/section>\t\t\t\t<\/div>\n\t\t\t\t<\/div>\n\t\t\t\t<div class=\"elementor-element elementor-element-e91a5f6 elementor-widget elementor-widget-text_block\" data-id=\"e91a5f6\" data-element_type=\"widget\" data-widget_type=\"text_block.default\">\n\t\t\t\t<div class=\"elementor-widget-container\">\n\t\t\t\t\t<section class=\"about-details pt-0\">\r\n\t\t\t<div class=\"about-text\"><h6 class=\"mb-0 font-16 font-gilroy-medium sub-text\">SchengenVisas.com, Schengen vizeleri hakk\u0131ndaki en do\u011fru, en g\u00fcncel ve en kapsaml\u0131 bilgileri bulabilece\u011finiz online bir kaynakt\u0131r.<br><br>\n\nSchengen vizesinin ba\u015fvuru i\u015flemlerini basitle\u015ftirme amac\u0131yla 2020 y\u0131l\u0131nda a\u00e7\u0131lm\u0131\u015f online portal\u0131m\u0131z, d\u00fcnyan\u0131n her yerinden ziyaret\u00e7ilerimize hizmet vermektedir. Schengen vize t\u00fcrleri, ge\u00e7erlili\u011fi ve \u015fartlar\u0131n\u0131 \u00f6\u011frenmek i\u00e7in bilgilendirici ve anlamas\u0131 kolay sitemizden daha iyi ba\u015fka bir yer bulamazs\u0131n\u0131z. 26 Schengen \u00fclkesinin her birinden Schengen vizesi edinme rehberlerimiz, do\u011frudan konsolosluklardan, el\u00e7iliklerden ve di\u011fer Avrupal\u0131 yetki sahiplerinden gelen resm\u00ee bilgiler vererek her \u00fclkeye \u00f6zel bilgiler sa\u011flar. Ziyaret\u00e7ilerimiz Schengen vizesine ne zaman, nerede ve nas\u0131l ba\u015fvuracaklar\u0131n\u0131n yan\u0131 s\u0131ra, gerekli belgeleri, vize \u00fccretlerini ve i\u015flem s\u00fcrelerini sitemizden \u00f6\u011frenebilir. Ayr\u0131ca online ba\u015fvurulara nas\u0131l eri\u015fece\u011finiz, Schengen b\u00f6lgesindeki kalaca\u011f\u0131n\u0131z g\u00fcnleri nas\u0131l hesaplayaca\u011f\u0131n\u0131z, vize etiketini nas\u0131l okuyaca\u011f\u0131n\u0131z ve bunun gibi daha bir\u00e7ok bilgi de sizleri bekler.\n<br><br>\n\nDubai'de bulunan ana merkezimizde, \u00e7ok dilli ekibimiz ba\u015fvuru yapacak ki\u015filere 24 saat hizmet sunmaktad\u0131r. Schengen vizesine ili\u015fkin sorular\u0131n\u0131z\u0131 cevaplamak ve vize ba\u015fvuru s\u00fcrecinde size en iyi \u015fekilde rehberlik etmek i\u00e7in sab\u0131rs\u0131zlan\u0131yoruz.\r\n\t\t\t\t\t\t<\/h6><\/div>\r\n\t\t<\/section>\t\t\t\t<\/div>\n\t\t\t\t<\/div>\n\t\t\t\t\t<\/div>\n\t\t<\/div>\n\t\t\t\t\t<\/div>\n\t\t<\/section>\n\t\t\t\t<section class=\"elementor-section elementor-top-section elementor-element elementor-element-28ca10d elementor-section-boxed elementor-section-height-default elementor-section-height-default\" data-id=\"28ca10d\" data-element_type=\"section\">\n\t\t\t\t\t\t<div class=\"elementor-container elementor-column-gap-default\">\n\t\t\t\t\t<div class=\"elementor-column elementor-col-100 elementor-top-column elementor-element elementor-element-b1ef164\" data-id=\"b1ef164\" data-element_type=\"column\">\n\t\t\t<div class=\"elementor-widget-wrap elementor-element-populated\">\n\t\t\t\t\t\t<div class=\"elementor-element elementor-element-2f8066e elementor-widget elementor-widget-spacer\" data-id=\"2f8066e\" data-element_type=\"widget\" data-widget_type=\"spacer.default\">\n\t\t\t\t<div class=\"elementor-widget-container\">\n\t\t\t\t\t\t\t<div class=\"elementor-spacer\">\n\t\t\t<div class=\"elementor-spacer-inner\"><\/div>\n\t\t<\/div>\n\t\t\t\t\t\t<\/div>\n\t\t\t\t<\/div>\n\t\t\t\t<div class=\"elementor-element elementor-element-f6c60bd elementor-widget elementor-widget-homepage_service\" data-id=\"f6c60bd\" data-element_type=\"widget\" data-widget_type=\"homepage_service.default\">\n\t\t\t\t<div class=\"elementor-widget-container\">\n\t\t\t\t\t<section class=\"services1\"><div class=\"card shadow\">\n\t\t\t\t\t\t\t\t\t<div class=\"card-body\">\n\t\t\t\t\t\t\t\t\t\t<div class=\"d-lg-flex align-items-start text-center text-lg-left\"><img decoding=\"async\" src=\"https:\/\/www.schengenvisas.com\/wp-content\/uploads\/2020\/01\/a1.png\" class=\"flex-shrink-0\"><div class=\"ml-0 pl-0 ml-lg-4 pl-lg-1 mt-lg-0\"><h4 class=\"mb-0 mt-0 text-info\">Vizyon<\/h4><p class=\"mb-0 mt-2\">Vizyonumuz, itibarl\u0131 kaynaklardan en g\u00fcncel ve en g\u00fcvenilir bilgileri sunarak Schengen vizesine ba\u015fvuracak ki\u015filer i\u00e7in ba\u015fvuru s\u00fcrecini anla\u015f\u0131lmas\u0131 kolay bir h\u00e2le getirmektir.<\/p><\/div>\n\t\t\t\t\t\t\t\t\t\t<\/div>\n\t\t\t\t\t\t\t\t\t<\/div>\n\t\t\t\t\t\t\t\t<\/div><div class=\"card shadow\">\n\t\t\t\t\t\t\t\t\t<div class=\"card-body\">\n\t\t\t\t\t\t\t\t\t\t<div class=\"d-lg-flex align-items-start text-center text-lg-left\"><img decoding=\"async\" src=\"https:\/\/www.schengenvisas.com\/wp-content\/uploads\/2020\/01\/3rd-icon.png\" class=\"flex-shrink-0\"><div class=\"ml-0 pl-0 ml-lg-4 pl-lg-1 mt-lg-0\"><h4 class=\"mb-0 mt-0 text-info\">Hedef<\/h4><p class=\"mb-0 mt-2\">Hedefimiz, ba\u015fvuru yapacak ki\u015filere a\u00e7\u0131k ve eri\u015filebilir bilgiler sa\u011flaman\u0131n yan\u0131 s\u0131ra, kullan\u0131c\u0131 dostu bir deneyim ve kusursuz bir hizmet sunarak Schengen vizeleri i\u00e7in bir numaral\u0131 internet sitesi olmakt\u0131r. Ba\u015fvuru s\u00fcrecinin zor g\u00f6r\u00fcnebildi\u011finin fark\u0131nday\u0131z ve bu y\u00fczden t\u00fcm i\u015flemleri m\u00fcmk\u00fcn oldu\u011fu kadar kolay ve anla\u015f\u0131l\u0131r bir h\u00e2le getirerek kayg\u0131lar\u0131n\u0131z\u0131 dindirmeye \u00e7al\u0131\u015f\u0131r\u0131z.<\/p><\/div>\n\t\t\t\t\t\t\t\t\t\t<\/div>\n\t\t\t\t\t\t\t\t\t<\/div>\n\t\t\t\t\t\t\t\t<\/div><div class=\"card shadow\">\n\t\t\t\t\t\t\t\t\t<div class=\"card-body\">\n\t\t\t\t\t\t\t\t\t\t<div class=\"d-lg-flex align-items-start text-center text-lg-left\"><img decoding=\"async\" src=\"https:\/\/www.schengenvisas.com\/wp-content\/uploads\/2020\/01\/a3.png\" class=\"flex-shrink-0\"><div class=\"ml-0 pl-0 ml-lg-4 pl-lg-1 mt-lg-0\"><h4 class=\"mb-0 mt-0 text-info\">De\u011ferler<\/h4><p class=\"mb-0 mt-2\">SchengenVisas.com g\u00fcvenilirlik, d\u00fcr\u00fcstl\u00fck ve gizlilik ilkelerine ba\u011fl\u0131d\u0131r.<\/p><\/div>\n\t\t\t\t\t\t\t\t\t\t<\/div>\n\t\t\t\t\t\t\t\t\t<\/div>\n\t\t\t\t\t\t\t\t<\/div><div class=\"card shadow\">\n\t\t\t\t\t\t\t\t\t<div class=\"card-body\">\n\t\t\t\t\t\t\t\t\t\t<div class=\"d-lg-flex align-items-start text-center text-lg-left\"><img decoding=\"async\" src=\"https:\/\/www.schengenvisas.com\/wp-content\/uploads\/2020\/01\/2nd-icon.png\" class=\"flex-shrink-0\"><div class=\"ml-0 pl-0 ml-lg-4 pl-lg-1 mt-lg-0\"><h4 class=\"mb-0 mt-0 text-info\">Profesyonellik ve Uzmanl\u0131k<\/h4><p class=\"mb-0 mt-2\">Schengen vizesi i\u00e7in dan\u0131\u015fman ekibimiz, becerili ve bilgili ki\u015filerden olu\u015fmaktad\u0131r. Dan\u0131\u015fmanlar\u0131m\u0131z Schengen vizesiyle ilgili her \u015feyi bilirler ve bu sitede bulunan t\u00fcm bilgilerin kayna\u011f\u0131n\u0131 bulmakla sorumlu olan ki\u015filerdir. Biz profesyonelli\u011fimiz ve hizmetimizle gurur duyar, Schengen vizesindeki ba\u015fvuru s\u00fcrecinizi m\u00fcmk\u00fcn oldu\u011fu kadar sorunsuzla\u015ft\u0131rmay\u0131 ama\u00e7lar\u0131z.<\/p><\/div>\n\t\t\t\t\t\t\t\t\t\t<\/div>\n\t\t\t\t\t\t\t\t\t<\/div>\n\t\t\t\t\t\t\t\t<\/div><div class=\"card shadow\">\n\t\t\t\t\t\t\t\t\t<div class=\"card-body\">\n\t\t\t\t\t\t\t\t\t\t<div class=\"d-lg-flex align-items-start text-center text-lg-left\"><img decoding=\"async\" src=\"https:\/\/www.schengenvisas.com\/wp-content\/uploads\/2020\/01\/1st-icon-1.png\" class=\"flex-shrink-0\"><div class=\"ml-0 pl-0 ml-lg-4 pl-lg-1 mt-lg-0\"><h4 class=\"mb-0 mt-0 text-info\">Veri Gizlili\u011fi<\/h4><p class=\"mb-0 mt-2\">Veri g\u00fcvenli\u011fi konusuna kendimizi %100 adar\u0131z. Ki\u015fisel bilgilerinizin gizli ve g\u00fcvende tutulaca\u011f\u0131ndan emin olabilirsiniz.<\/p><\/div>\n\t\t\t\t\t\t\t\t\t\t<\/div>\n\t\t\t\t\t\t\t\t\t<\/div>\n\t\t\t\t\t\t\t\t<\/div><\/section>\t\t\t\t<\/div>\n\t\t\t\t<\/div>\n\t\t\t\t<div class=\"elementor-element elementor-element-1cfbbcf elementor-widget elementor-widget-text_block\" data-id=\"1cfbbcf\" data-element_type=\"widget\" data-widget_type=\"text_block.default\">\n\t\t\t\t<div class=\"elementor-widget-container\">\n\t\t\t\t\t<section class=\"about-details pt-0\">\r\n\t\t\t<div class=\"about-text\"><h6 class=\"mb-0 font-16 font-gilroy-medium sub-text\"><h5>Not:<\/h5> \n<p>SchengenVisas.com herhangi resm\u00ee bir kurulu\u015fun par\u00e7as\u0131 de\u011fildir ve vize ba\u015fvurular\u0131n\u0131n karar\u0131, onay\u0131 ya da reddinde herhangi bir rol oynamaz. \u0130nternet sitemiz SchengenVias.com, Avrupa Birli\u011fi, Avrupa Konseyi ya da di\u011fer herhangi bir kurulu\u015fun \u00fcyesi de\u011fildir. SchengenVisas.com, Schengen vizesi hakk\u0131nda \u00fccretsiz bilgi ve rehberlik sunan \u00f6zel bir yay\u0131m sitesidir. Schengen vizesi vermekte herhangi bir sorumlulu\u011fumuz yoktur.<\/p>\r\n\t\t\t\t\t\t<\/h6><\/div>\r\n\t\t<\/section>\t\t\t\t<\/div>\n\t\t\t\t<\/div>\n\t\t\t\t\t<\/div>\n\t\t<\/div>\n\t\t\t\t\t<\/div>\n\t\t<\/section>\n\t\t\t\t<\/div>\n\t\t","protected":false},"excerpt":{"rendered":"<p>SchengenVisas Hakk\u0131nda SchengenVisas.com, Schengen vizeleri hakk\u0131ndaki en do\u011fru, en g\u00fcncel ve en kapsaml\u0131 bilgileri bulabilece\u011finiz<a class=\"read-more-text pl-2\" href=\"https:\/\/www.schengenvisas.com\/tr\/hakkimizda\/\">[Devam\u0131n\u0131 oku&#8230;]<\/a><\/p>\n","protected":false},"author":15,"featured_media":0,"parent":0,"menu_order":0,"comment_status":"closed","ping_status":"closed","template":"","meta":{"_acf_changed":false,"inline_featured_image":false,"footnotes":""},"class_list":["post-13427","page","type-page","status-publish","hentry","entry"],"acf":[],"yoast_head":"<!-- This site is optimized with the Yoast SEO Premium plugin v24.1 (Yoast SEO v24.1) - https:\/\/yoast.com\/wordpress\/plugins\/seo\/ -->\n<title>Schengen Visas Hakk\u0131nda | Hakk\u0131m\u0131zda | Dan\u0131\u015fmanl\u0131k Hizmetleri<\/title>\n<meta name=\"description\" content=\"Schengen Visas Hakk\u0131nda | Hakk\u0131m\u0131zda | SchegenVisas Dan\u0131\u015fmanl\u0131k Hizmetleri | Ama\u00e7 ve vazifemiz, Schengen B\u00f6lgesi i\u00e7in en iyi Vize Dan\u0131\u015fmanl\u0131\u011f\u0131n\u0131 sa\u011flamakt\u0131r\" \/>\n<meta name=\"robots\" content=\"index, follow, max-snippet:-1, max-image-preview:large, max-video-preview:-1\" \/>\n<link rel=\"canonical\" href=\"https:\/\/www.schengenvisas.com\/tr\/wp-json\/wp\/v2\/pages\/13427\" \/>\n<meta property=\"og:locale\" content=\"tr_TR\" \/>\n<meta property=\"og:type\" content=\"article\" \/>\n<meta property=\"og:title\" content=\"Hakk\u0131m\u0131zda\" \/>\n<meta property=\"og:description\" content=\"Schengen Visas Hakk\u0131nda | Hakk\u0131m\u0131zda | SchegenVisas Dan\u0131\u015fmanl\u0131k Hizmetleri | Ama\u00e7 ve vazifemiz, Schengen B\u00f6lgesi i\u00e7in en iyi Vize Dan\u0131\u015fmanl\u0131\u011f\u0131n\u0131 sa\u011flamakt\u0131r\" \/>\n<meta property=\"og:url\" content=\"https:\/\/www.schengenvisas.com\/tr\/hakkimizda\/\" \/>\n<meta property=\"og:site_name\" content=\"Schengen Visas\" \/>\n<meta property=\"article:modified_time\" content=\"2022-03-26T14:57:37+00:00\" \/>\n<meta property=\"og:image\" content=\"https:\/\/www.schengenvisas.com\/wp-content\/uploads\/2020\/01\/a1.png\" \/>\n<meta name=\"twitter:card\" content=\"summary_large_image\" \/>\n<meta name=\"twitter:label1\" content=\"Tahmini okuma s\u00fcresi\" \/>\n\t<meta name=\"twitter:data1\" content=\"3 dakika\" \/>\n<script type=\"application\/ld+json\" class=\"yoast-schema-graph\">{\"@context\":\"https:\/\/schema.org\",\"@graph\":[{\"@type\":\"WebPage\",\"@id\":\"https:\/\/www.schengenvisas.com\/tr\/hakkimizda\/\",\"url\":\"https:\/\/www.schengenvisas.com\/tr\/hakkimizda\/\",\"name\":\"Schengen Visas Hakk\u0131nda | Hakk\u0131m\u0131zda | Dan\u0131\u015fmanl\u0131k Hizmetleri\",\"isPartOf\":{\"@id\":\"https:\/\/www.schengenvisas.com\/#website\"},\"primaryImageOfPage\":{\"@id\":\"https:\/\/www.schengenvisas.com\/tr\/hakkimizda\/#primaryimage\"},\"image\":{\"@id\":\"https:\/\/www.schengenvisas.com\/tr\/hakkimizda\/#primaryimage\"},\"thumbnailUrl\":\"https:\/\/www.schengenvisas.com\/wp-content\/uploads\/2020\/01\/a1.png\",\"datePublished\":\"2020-01-08T06:37:55+00:00\",\"dateModified\":\"2022-03-26T14:57:37+00:00\",\"description\":\"Schengen Visas Hakk\u0131nda | Hakk\u0131m\u0131zda | SchegenVisas Dan\u0131\u015fmanl\u0131k Hizmetleri | Ama\u00e7 ve vazifemiz, Schengen B\u00f6lgesi i\u00e7in en iyi Vize Dan\u0131\u015fmanl\u0131\u011f\u0131n\u0131 sa\u011flamakt\u0131r\",\"breadcrumb\":{\"@id\":\"https:\/\/www.schengenvisas.com\/tr\/hakkimizda\/#breadcrumb\"},\"inLanguage\":\"tr\",\"potentialAction\":[{\"@type\":\"ReadAction\",\"target\":[\"https:\/\/www.schengenvisas.com\/tr\/hakkimizda\/\"]}]},{\"@type\":\"ImageObject\",\"inLanguage\":\"tr\",\"@id\":\"https:\/\/www.schengenvisas.com\/tr\/hakkimizda\/#primaryimage\",\"url\":\"https:\/\/www.schengenvisas.com\/wp-content\/uploads\/2020\/01\/a1.png\",\"contentUrl\":\"https:\/\/www.schengenvisas.com\/wp-content\/uploads\/2020\/01\/a1.png\"},{\"@type\":\"BreadcrumbList\",\"@id\":\"https:\/\/www.schengenvisas.com\/tr\/hakkimizda\/#breadcrumb\",\"itemListElement\":[{\"@type\":\"ListItem\",\"position\":1,\"name\":\"Home\",\"item\":\"https:\/\/www.schengenvisas.com\/\"},{\"@type\":\"ListItem\",\"position\":2,\"name\":\"Hakk\u0131m\u0131zda\"}]},{\"@type\":\"WebSite\",\"@id\":\"https:\/\/www.schengenvisas.com\/#website\",\"url\":\"https:\/\/www.schengenvisas.com\/\",\"name\":\"Schengen Visas\",\"description\":\"Schengen Visa Application Services\",\"publisher\":{\"@id\":\"https:\/\/www.schengenvisas.com\/#organization\"},\"potentialAction\":[{\"@type\":\"SearchAction\",\"target\":{\"@type\":\"EntryPoint\",\"urlTemplate\":\"https:\/\/www.schengenvisas.com\/?s={search_term_string}\"},\"query-input\":{\"@type\":\"PropertyValueSpecification\",\"valueRequired\":true,\"valueName\":\"search_term_string\"}}],\"inLanguage\":\"tr\"},{\"@type\":\"Organization\",\"@id\":\"https:\/\/www.schengenvisas.com\/#organization\",\"name\":\"Schengen Visas\",\"url\":\"https:\/\/www.schengenvisas.com\/\",\"logo\":{\"@type\":\"ImageObject\",\"inLanguage\":\"tr\",\"@id\":\"https:\/\/www.schengenvisas.com\/#\/schema\/logo\/image\/\",\"url\":\"https:\/\/www.schengenvisas.com\/wp-content\/uploads\/2023\/03\/logo.svg\",\"contentUrl\":\"https:\/\/www.schengenvisas.com\/wp-content\/uploads\/2023\/03\/logo.svg\",\"width\":894,\"height\":123,\"caption\":\"Schengen Visas\"},\"image\":{\"@id\":\"https:\/\/www.schengenvisas.com\/#\/schema\/logo\/image\/\"}}]}<\/script>\n<!-- \/ Yoast SEO Premium plugin. -->","yoast_head_json":{"title":"Schengen Visas Hakk\u0131nda | Hakk\u0131m\u0131zda | Dan\u0131\u015fmanl\u0131k Hizmetleri","description":"Schengen Visas Hakk\u0131nda | Hakk\u0131m\u0131zda | SchegenVisas Dan\u0131\u015fmanl\u0131k Hizmetleri | Ama\u00e7 ve vazifemiz, Schengen B\u00f6lgesi i\u00e7in en iyi Vize Dan\u0131\u015fmanl\u0131\u011f\u0131n\u0131 sa\u011flamakt\u0131r","robots":{"index":"index","follow":"follow","max-snippet":"max-snippet:-1","max-image-preview":"max-image-preview:large","max-video-preview":"max-video-preview:-1"},"canonical":"https:\/\/www.schengenvisas.com\/tr\/wp-json\/wp\/v2\/pages\/13427","og_locale":"tr_TR","og_type":"article","og_title":"Hakk\u0131m\u0131zda","og_description":"Schengen Visas Hakk\u0131nda | Hakk\u0131m\u0131zda | SchegenVisas Dan\u0131\u015fmanl\u0131k Hizmetleri | Ama\u00e7 ve vazifemiz, Schengen B\u00f6lgesi i\u00e7in en iyi Vize Dan\u0131\u015fmanl\u0131\u011f\u0131n\u0131 sa\u011flamakt\u0131r","og_url":"https:\/\/www.schengenvisas.com\/tr\/hakkimizda\/","og_site_name":"Schengen Visas","article_modified_time":"2022-03-26T14:57:37+00:00","og_image":[{"url":"https:\/\/www.schengenvisas.com\/wp-content\/uploads\/2020\/01\/a1.png","type":"","width":"","height":""}],"twitter_card":"summary_large_image","twitter_misc":{"Tahmini okuma s\u00fcresi":"3 dakika"},"schema":{"@context":"https:\/\/schema.org","@graph":[{"@type":"WebPage","@id":"https:\/\/www.schengenvisas.com\/tr\/hakkimizda\/","url":"https:\/\/www.schengenvisas.com\/tr\/hakkimizda\/","name":"Schengen Visas Hakk\u0131nda | Hakk\u0131m\u0131zda | Dan\u0131\u015fmanl\u0131k Hizmetleri","isPartOf":{"@id":"https:\/\/www.schengenvisas.com\/#website"},"primaryImageOfPage":{"@id":"https:\/\/www.schengenvisas.com\/tr\/hakkimizda\/#primaryimage"},"image":{"@id":"https:\/\/www.schengenvisas.com\/tr\/hakkimizda\/#primaryimage"},"thumbnailUrl":"https:\/\/www.schengenvisas.com\/wp-content\/uploads\/2020\/01\/a1.png","datePublished":"2020-01-08T06:37:55+00:00","dateModified":"2022-03-26T14:57:37+00:00","description":"Schengen Visas Hakk\u0131nda | Hakk\u0131m\u0131zda | SchegenVisas Dan\u0131\u015fmanl\u0131k Hizmetleri | Ama\u00e7 ve vazifemiz, Schengen B\u00f6lgesi i\u00e7in en iyi Vize Dan\u0131\u015fmanl\u0131\u011f\u0131n\u0131 sa\u011flamakt\u0131r","breadcrumb":{"@id":"https:\/\/www.schengenvisas.com\/tr\/hakkimizda\/#breadcrumb"},"inLanguage":"tr","potentialAction":[{"@type":"ReadAction","target":["https:\/\/www.schengenvisas.com\/tr\/hakkimizda\/"]}]},{"@type":"ImageObject","inLanguage":"tr","@id":"https:\/\/www.schengenvisas.com\/tr\/hakkimizda\/#primaryimage","url":"https:\/\/www.schengenvisas.com\/wp-content\/uploads\/2020\/01\/a1.png","contentUrl":"https:\/\/www.schengenvisas.com\/wp-content\/uploads\/2020\/01\/a1.png"},{"@type":"BreadcrumbList","@id":"https:\/\/www.schengenvisas.com\/tr\/hakkimizda\/#breadcrumb","itemListElement":[{"@type":"ListItem","position":1,"name":"Home","item":"https:\/\/www.schengenvisas.com\/"},{"@type":"ListItem","position":2,"name":"Hakk\u0131m\u0131zda"}]},{"@type":"WebSite","@id":"https:\/\/www.schengenvisas.com\/#website","url":"https:\/\/www.schengenvisas.com\/","name":"Schengen Visas","description":"Schengen Visa Application Services","publisher":{"@id":"https:\/\/www.schengenvisas.com\/#organization"},"potentialAction":[{"@type":"SearchAction","target":{"@type":"EntryPoint","urlTemplate":"https:\/\/www.schengenvisas.com\/?s={search_term_string}"},"query-input":{"@type":"PropertyValueSpecification","valueRequired":true,"valueName":"search_term_string"}}],"inLanguage":"tr"},{"@type":"Organization","@id":"https:\/\/www.schengenvisas.com\/#organization","name":"Schengen Visas","url":"https:\/\/www.schengenvisas.com\/","logo":{"@type":"ImageObject","inLanguage":"tr","@id":"https:\/\/www.schengenvisas.com\/#\/schema\/logo\/image\/","url":"https:\/\/www.schengenvisas.com\/wp-content\/uploads\/2023\/03\/logo.svg","contentUrl":"https:\/\/www.schengenvisas.com\/wp-content\/uploads\/2023\/03\/logo.svg","width":894,"height":123,"caption":"Schengen Visas"},"image":{"@id":"https:\/\/www.schengenvisas.com\/#\/schema\/logo\/image\/"}}]}},"_links":{"self":[{"href":"https:\/\/www.schengenvisas.com\/tr\/wp-json\/wp\/v2\/pages\/13427","targetHints":{"allow":["GET"]}}],"collection":[{"href":"https:\/\/www.schengenvisas.com\/tr\/wp-json\/wp\/v2\/pages"}],"about":[{"href":"https:\/\/www.schengenvisas.com\/tr\/wp-json\/wp\/v2\/types\/page"}],"author":[{"embeddable":true,"href":"https:\/\/www.schengenvisas.com\/tr\/wp-json\/wp\/v2\/users\/15"}],"replies":[{"embeddable":true,"href":"https:\/\/www.schengenvisas.com\/tr\/wp-json\/wp\/v2\/comments?post=13427"}],"version-history":[{"count":0,"href":"https:\/\/www.schengenvisas.com\/tr\/wp-json\/wp\/v2\/pages\/13427\/revisions"}],"wp:attachment":[{"href":"https:\/\/www.schengenvisas.com\/tr\/wp-json\/wp\/v2\/media?parent=13427"}],"curies":[{"name":"wp","href":"https:\/\/api.w.org\/{rel}","templated":true}]}}