{"id":13476,"date":"2020-01-20T07:14:30","date_gmt":"2020-01-20T07:14:30","guid":{"rendered":"https:\/\/www.schengenvisas.com\/business-schengen-visa\/"},"modified":"2021-10-15T12:35:12","modified_gmt":"2021-10-15T08:35:12","slug":"schengen-ticari-vize","status":"publish","type":"page","link":"https:\/\/www.schengenvisas.com\/tr\/schengen-ticari-vize\/","title":{"rendered":"Schengen Ticari Vize"},"content":{"rendered":"\t\t<div data-elementor-type=\"wp-page\" data-elementor-id=\"13476\" class=\"elementor elementor-13476 elementor-424\" data-elementor-post-type=\"page\">\n\t\t\t\t\t\t<section class=\"elementor-section elementor-top-section elementor-element elementor-element-6592fa68 elementor-section-boxed elementor-section-height-default elementor-section-height-default\" data-id=\"6592fa68\" data-element_type=\"section\">\n\t\t\t\t\t\t<div class=\"elementor-container elementor-column-gap-default\">\n\t\t\t\t\t<div class=\"elementor-column elementor-col-100 elementor-top-column elementor-element elementor-element-66955afb\" data-id=\"66955afb\" data-element_type=\"column\">\n\t\t\t<div class=\"elementor-widget-wrap elementor-element-populated\">\n\t\t\t\t\t\t<div class=\"elementor-element elementor-element-3b5deb0d elementor-widget elementor-widget-text-editor\" data-id=\"3b5deb0d\" data-element_type=\"widget\" data-widget_type=\"text-editor.default\">\n\t\t\t\t<div class=\"elementor-widget-container\">\n\t\t\t\t\t\t\t\t\t<p>A\u011f\u0131rl\u0131kl\u0131 olarak i\u015f yapma amac\u0131yla seyahat edecekseniz, <strong>Schengen Ticari Vize <\/strong>i\u00e7in ba\u015fvuru yapman\u0131z gerekir.<\/p><h2>Schengen Ticari Vize Nedir?<\/h2><ul><li>\u0130\u015f amac\u0131yla Schengen b\u00f6lgesinde 180 g\u00fcnl\u00fck s\u00fcre i\u00e7erisinde 90 g\u00fcne kadar kalman\u0131z\u0131 sa\u011flayan bir t\u00fcr k\u0131sa d\u00f6nem (C Tipi) vizedir.<\/li><\/ul><h2>Uygunluk: Kimler Ba\u015fvurabilir<\/h2><ul><li>Schengen b\u00f6lgesi i\u00e7in vizesiz eri\u015fim ya da havaalan\u0131 vizesinin d\u0131\u015f\u0131nda kalan ve bir Schengen \u00fclkesinde i\u015f yapmak i\u00e7in ger\u00e7ek, ge\u00e7erli ve belgeli bir sebebi olan \u00fc\u00e7\u00fcnc\u00fc \u00fclke vatanda\u015flar\u0131, Schengen Ticari Vize i\u00e7in ba\u015fvuru yapabilirler.<\/li><\/ul><h2>Gerekli Belgeler<\/h2><ul><li><a href=\"https:\/\/www.schengenvisas.com\/tr\/schengen-vizesi-basvuru-sartlari\/\"><strong><u>Gerekli Temel Belgeler<\/u><\/strong><\/a> d\u0131\u015f\u0131nda, <strong>Schengen Ticari Vize <\/strong>i\u00e7in ba\u015fvuran ki\u015filerin Schengen b\u00f6lgesinde yapmay\u0131 planlad\u0131klar\u0131 i\u015fin yan\u0131 s\u0131ra, ikamet edilen \u00fclke ile gidilmek istenen \u00fclkedeki (i\u015f yapmak i\u00e7in seyahat edilecek \u00fclke) ticari kurulu\u015flar aras\u0131nda bulunan i\u015f ili\u015fkisi hakk\u0131nda bilgi veren belgeler sunmalar\u0131 gerekir. Gerekebilecek baz\u0131 bilgiler \u015funlard\u0131r:<ol><li>\u0130kamet etti\u011finiz \u00fclkedeki \u015firkete ait ge\u00e7erli i\u015f ruhsat\u0131n\u0131n n\u00fcshas\u0131.<\/li><li>Gidece\u011finiz \u00fclkedeki \u015firket ya da yetkiliden g\u00f6nderilmi\u015f ve \u015firketlerinin tam adresleri ile seyahatinizin mahiyeti ve s\u00fcresi hakk\u0131nda da bilgi veren bir davet mektubu.<\/li><li>Gidece\u011finiz \u00fclkede yap\u0131lan ve sizin de kat\u0131laca\u011f\u0131n\u0131z etkinlik\/ticaret fuar\u0131\/kongre hakk\u0131ndaki bilgilerin yan\u0131 s\u0131ra, ev sahibi ya da etkinli\u011fi d\u00fczenleyenin tam adresi, etkinli\u011fin s\u00fcresi ve kat\u0131lma sebebiniz gibi birtak\u0131m detayl\u0131 bilgiler.<\/li><li>Fuar g\u00f6zlemcisiyseniz, bilet\/teyit mektubu\/fatura \u015feklinde olan ve ticaret fuar\u0131n\u0131n kat\u0131l\u0131mc\u0131s\u0131 olarak durumunuzun ge\u00e7erlili\u011fini g\u00f6steren ilgili bilgiler.<\/li><li>\u0130kamet etti\u011finiz \u00fclkeyle i\u015f yapmak i\u00e7in gidece\u011finiz \u00fclke aras\u0131ndaki ticari ili\u015fkiyi g\u00f6steren materyaller.<\/li><\/ol><\/li><\/ul><h2>Nas\u0131l Ba\u015fvurulur<\/h2><ol><li>Seyahatinizin \u00e7o\u011funlu\u011funu ge\u00e7irece\u011finiz Schengen \u00fclkesini belirleyin. Schengen Ticari Vize ba\u015fvurusunu o \u00fclkenin konsoloslu\u011fundan yapacaks\u0131n\u0131z.<\/li><li>Seyahat sebebi olarak &#8220;<strong>Ticari<\/strong>&#8220;<strong> (Business) <\/strong>se\u00e7ene\u011fini i\u015faretleyin.<\/li><li>Schengen b\u00f6lgesine ka\u00e7 kere &#8220;<strong>Giri\u015f<\/strong>&#8220;<strong> (Entries) <\/strong>yap\u0131laca\u011f\u0131n\u0131 belirleyin.<\/li><li><a href=\"https:\/\/www.schengenvisas.com\/tr\/schengen-vizesi-basvuru-sartlari\/\"><strong><u>Gerekli Temel Belgeler<\/u><\/strong><\/a> d\u0131\u015f\u0131nda, Schengen Ticari Vize i\u00e7in gerekli di\u011fer belgeleri haz\u0131rlay\u0131n.<\/li><li><a href=\"https:\/\/www.schengenvisas.com\/tr\/schengen-vize-basvuru-formunu-indir\/\"><strong><u>Ba\u015fvurunuzu<\/u><\/strong> <\/a>doldurun. Her Schengen \u00fclkesinin ba\u015fvurular i\u00e7in farkl\u0131 y\u00f6ntemleri vard\u0131r. Ba\u015fvuruyu online bir ba\u015fvuru portal\u0131ndan yapman\u0131z ya da \u00e7\u0131kt\u0131s\u0131n\u0131 ald\u0131\u011f\u0131n\u0131z ba\u015fvuru formunu elle doldurman\u0131z gerekebilir.<\/li><li><a href=\"https:\/\/www.schengenvisas.com\/tr\/schengen-vize-ucretleri\/\"><strong><u>Ba\u015fvuru \u00fccretini \u00f6deyin<\/u><\/strong><\/a> (yeti\u015fkinler i\u00e7in standart \u00fccret 80 avrodur). Vize ba\u015fvurunuzla birlikte muhtemelen ek bir hizmet \u00fccreti \u00f6demeniz gerekecektir. Bu vize \u00fccretinden ayr\u0131d\u0131r ve \u00f6demesi b\u00fcy\u00fck ihtimalle daha sonra Vize Ba\u015fvuru Merkezi&#8217;ndeki g\u00f6r\u00fc\u015fmenizde bizzat taraf\u0131n\u0131zdan yap\u0131l\u0131r. Bu \u00fccretlerin iadesi olmad\u0131\u011f\u0131n\u0131 unutmay\u0131n.<\/li><li>Ba\u015fvuru belgelerinizi teslim edin.<\/li><li>G\u00f6r\u00fc\u015fme randevusu al\u0131n. G\u00f6r\u00fc\u015fmeler ya ba\u015fvuru yapt\u0131\u011f\u0131n\u0131z \u00fclkenin konsoloslu\u011fu veya el\u00e7ili\u011finde ya da ba\u015fvuru yapt\u0131\u011f\u0131n\u0131z \u00fclkenin konsoloslu\u011fuyla ba\u011flant\u0131s\u0131 olan bir Vize Ba\u015fvuru Merkezi&#8217;nde y\u00fcz y\u00fcze yap\u0131l\u0131r.<\/li><\/ol><h2>Ne Zaman Ba\u015fvurulur<\/h2><ul><li>Schengen Ticari Vize i\u00e7in ba\u015fvurular, seyahat edece\u011finiz g\u00fcnden <em>en az <\/em>15 g\u00fcn \u00f6nce, gitmeden ise <em>en erken <\/em>6 ay \u00f6nce yap\u0131lmal\u0131d\u0131r.<\/li><\/ul><h2>Nereye Ba\u015fvurulur<\/h2><ul><li>Schengen Ticari Vize ba\u015fvurusunu ya gitmeyi d\u00fc\u015f\u00fcnd\u00fc\u011f\u00fcn\u00fcz Schengen \u00fclkesinin konsoloslu\u011fu veya el\u00e7ili\u011fine ya da \u00fclkenin konsoloslu\u011fuyla ba\u011flant\u0131s\u0131 olan bir Vize Ba\u015fvuru Merkezi&#8217;ne yapman\u0131z gerekir.<\/li><li>Schengen b\u00f6lgesinde birden fazla \u00fclkeyi ziyaret edecekseniz, ba\u015fvurunuz zaman\u0131n\u0131z\u0131 en \u00e7ok ge\u00e7irece\u011finiz \u00fclkenin el\u00e7ili\u011fi, konsoloslu\u011fu ya da ilgili Vize Ba\u015fvuru Merkezi&#8217;nden yap\u0131lmal\u0131d\u0131r. Bu birden fazla \u00fclkede e\u015fit seviyede zaman ge\u00e7irecekseniz, o zaman ba\u015fvurunuzu ilk varaca\u011f\u0131n\u0131z \u00fclkenin el\u00e7ili\u011fi, konsoloslu\u011fu ya da ilgili Vize Ba\u015fvuru Merkezi&#8217;ne yapman\u0131z gerekir.<\/li><\/ul><h2>\u0130\u015flem S\u00fcresi<\/h2><ul><li>Schengen Ticari Vize i\u00e7in i\u015flem s\u00fcresi genellikle iki hafta kadard\u0131r (15 g\u00fcn). Nadir durumlarda, konsolosluklar\u0131n ba\u015fvuru i\u00e7in bir karara varmas\u0131 30 ila 60 g\u00fcn s\u00fcrebilir.<\/li><\/ul>\t\t\t\t\t\t\t\t<\/div>\n\t\t\t\t<\/div>\n\t\t\t\t\t<\/div>\n\t\t<\/div>\n\t\t\t\t\t<\/div>\n\t\t<\/section>\n\t\t\t\t<\/div>\n\t\t","protected":false},"excerpt":{"rendered":"<p>A\u011f\u0131rl\u0131kl\u0131 olarak i\u015f yapma amac\u0131yla seyahat edecekseniz, Schengen Ticari Vize i\u00e7in ba\u015fvuru yapman\u0131z gerekir. Schengen<a class=\"read-more-text pl-2\" href=\"https:\/\/www.schengenvisas.com\/tr\/schengen-ticari-vize\/\">[Devam\u0131n\u0131 oku&#8230;]<\/a><\/p>\n","protected":false},"author":15,"featured_media":0,"parent":0,"menu_order":0,"comment_status":"closed","ping_status":"closed","template":"","meta":{"_acf_changed":false,"inline_featured_image":false,"footnotes":""},"class_list":["post-13476","page","type-page","status-publish","hentry","entry"],"acf":[],"yoast_head":"<!-- This site is optimized with the Yoast SEO Premium plugin v24.1 (Yoast SEO v24.1) - https:\/\/yoast.com\/wordpress\/plugins\/seo\/ -->\n<title>Schengen Ticari Vize | Ticari Vize \u0130\u00e7in \u015eartlar ve Uygunluk<\/title>\n<meta name=\"description\" content=\"Schengen Ticari Vize | Avrupa seyahatiniz i\u00e7in yapaca\u011f\u0131n\u0131z i\u015f seyahatinin t\u00fcr\u00fcne g\u00f6re, Schengen Ticari Vize i\u00e7in ba\u015fvurman\u0131z gerekebilir.\" \/>\n<meta name=\"robots\" content=\"index, follow, max-snippet:-1, max-image-preview:large, max-video-preview:-1\" \/>\n<link rel=\"canonical\" href=\"https:\/\/www.schengenvisas.com\/tr\/wp-json\/wp\/v2\/pages\/13476\" \/>\n<meta property=\"og:locale\" content=\"tr_TR\" \/>\n<meta property=\"og:type\" content=\"article\" \/>\n<meta property=\"og:title\" content=\"Schengen Ticari Vize\" \/>\n<meta property=\"og:description\" content=\"Schengen Ticari Vize | Avrupa seyahatiniz i\u00e7in yapaca\u011f\u0131n\u0131z i\u015f seyahatinin t\u00fcr\u00fcne g\u00f6re, Schengen Ticari Vize i\u00e7in ba\u015fvurman\u0131z gerekebilir.\" \/>\n<meta property=\"og:url\" content=\"https:\/\/www.schengenvisas.com\/tr\/schengen-ticari-vize\/\" \/>\n<meta property=\"og:site_name\" content=\"Schengen Visas\" \/>\n<meta property=\"article:modified_time\" content=\"2021-10-15T08:35:12+00:00\" \/>\n<meta name=\"twitter:card\" content=\"summary_large_image\" \/>\n<meta name=\"twitter:label1\" content=\"Tahmini okuma s\u00fcresi\" \/>\n\t<meta name=\"twitter:data1\" content=\"3 dakika\" \/>\n<script type=\"application\/ld+json\" class=\"yoast-schema-graph\">{\"@context\":\"https:\/\/schema.org\",\"@graph\":[{\"@type\":\"WebPage\",\"@id\":\"https:\/\/www.schengenvisas.com\/tr\/schengen-ticari-vize\/\",\"url\":\"https:\/\/www.schengenvisas.com\/tr\/schengen-ticari-vize\/\",\"name\":\"Schengen Ticari Vize | Ticari Vize \u0130\u00e7in \u015eartlar ve Uygunluk\",\"isPartOf\":{\"@id\":\"https:\/\/www.schengenvisas.com\/#website\"},\"datePublished\":\"2020-01-20T07:14:30+00:00\",\"dateModified\":\"2021-10-15T08:35:12+00:00\",\"description\":\"Schengen Ticari Vize | Avrupa seyahatiniz i\u00e7in yapaca\u011f\u0131n\u0131z i\u015f seyahatinin t\u00fcr\u00fcne g\u00f6re, Schengen Ticari Vize i\u00e7in ba\u015fvurman\u0131z gerekebilir.\",\"breadcrumb\":{\"@id\":\"https:\/\/www.schengenvisas.com\/tr\/schengen-ticari-vize\/#breadcrumb\"},\"inLanguage\":\"tr\",\"potentialAction\":[{\"@type\":\"ReadAction\",\"target\":[\"https:\/\/www.schengenvisas.com\/tr\/schengen-ticari-vize\/\"]}]},{\"@type\":\"BreadcrumbList\",\"@id\":\"https:\/\/www.schengenvisas.com\/tr\/schengen-ticari-vize\/#breadcrumb\",\"itemListElement\":[{\"@type\":\"ListItem\",\"position\":1,\"name\":\"Home\",\"item\":\"https:\/\/www.schengenvisas.com\/\"},{\"@type\":\"ListItem\",\"position\":2,\"name\":\"Schengen Ticari Vize\"}]},{\"@type\":\"WebSite\",\"@id\":\"https:\/\/www.schengenvisas.com\/#website\",\"url\":\"https:\/\/www.schengenvisas.com\/\",\"name\":\"Schengen Visas\",\"description\":\"Schengen Visa Application Services\",\"publisher\":{\"@id\":\"https:\/\/www.schengenvisas.com\/#organization\"},\"potentialAction\":[{\"@type\":\"SearchAction\",\"target\":{\"@type\":\"EntryPoint\",\"urlTemplate\":\"https:\/\/www.schengenvisas.com\/?s={search_term_string}\"},\"query-input\":{\"@type\":\"PropertyValueSpecification\",\"valueRequired\":true,\"valueName\":\"search_term_string\"}}],\"inLanguage\":\"tr\"},{\"@type\":\"Organization\",\"@id\":\"https:\/\/www.schengenvisas.com\/#organization\",\"name\":\"Schengen Visas\",\"url\":\"https:\/\/www.schengenvisas.com\/\",\"logo\":{\"@type\":\"ImageObject\",\"inLanguage\":\"tr\",\"@id\":\"https:\/\/www.schengenvisas.com\/#\/schema\/logo\/image\/\",\"url\":\"https:\/\/www.schengenvisas.com\/wp-content\/uploads\/2023\/03\/logo.svg\",\"contentUrl\":\"https:\/\/www.schengenvisas.com\/wp-content\/uploads\/2023\/03\/logo.svg\",\"width\":894,\"height\":123,\"caption\":\"Schengen Visas\"},\"image\":{\"@id\":\"https:\/\/www.schengenvisas.com\/#\/schema\/logo\/image\/\"}}]}<\/script>\n<!-- \/ Yoast SEO Premium plugin. -->","yoast_head_json":{"title":"Schengen Ticari Vize | Ticari Vize \u0130\u00e7in \u015eartlar ve Uygunluk","description":"Schengen Ticari Vize | Avrupa seyahatiniz i\u00e7in yapaca\u011f\u0131n\u0131z i\u015f seyahatinin t\u00fcr\u00fcne g\u00f6re, Schengen Ticari Vize i\u00e7in ba\u015fvurman\u0131z gerekebilir.","robots":{"index":"index","follow":"follow","max-snippet":"max-snippet:-1","max-image-preview":"max-image-preview:large","max-video-preview":"max-video-preview:-1"},"canonical":"https:\/\/www.schengenvisas.com\/tr\/wp-json\/wp\/v2\/pages\/13476","og_locale":"tr_TR","og_type":"article","og_title":"Schengen Ticari Vize","og_description":"Schengen Ticari Vize | Avrupa seyahatiniz i\u00e7in yapaca\u011f\u0131n\u0131z i\u015f seyahatinin t\u00fcr\u00fcne g\u00f6re, Schengen Ticari Vize i\u00e7in ba\u015fvurman\u0131z gerekebilir.","og_url":"https:\/\/www.schengenvisas.com\/tr\/schengen-ticari-vize\/","og_site_name":"Schengen Visas","article_modified_time":"2021-10-15T08:35:12+00:00","twitter_card":"summary_large_image","twitter_misc":{"Tahmini okuma s\u00fcresi":"3 dakika"},"schema":{"@context":"https:\/\/schema.org","@graph":[{"@type":"WebPage","@id":"https:\/\/www.schengenvisas.com\/tr\/schengen-ticari-vize\/","url":"https:\/\/www.schengenvisas.com\/tr\/schengen-ticari-vize\/","name":"Schengen Ticari Vize | Ticari Vize \u0130\u00e7in \u015eartlar ve Uygunluk","isPartOf":{"@id":"https:\/\/www.schengenvisas.com\/#website"},"datePublished":"2020-01-20T07:14:30+00:00","dateModified":"2021-10-15T08:35:12+00:00","description":"Schengen Ticari Vize | Avrupa seyahatiniz i\u00e7in yapaca\u011f\u0131n\u0131z i\u015f seyahatinin t\u00fcr\u00fcne g\u00f6re, Schengen Ticari Vize i\u00e7in ba\u015fvurman\u0131z gerekebilir.","breadcrumb":{"@id":"https:\/\/www.schengenvisas.com\/tr\/schengen-ticari-vize\/#breadcrumb"},"inLanguage":"tr","potentialAction":[{"@type":"ReadAction","target":["https:\/\/www.schengenvisas.com\/tr\/schengen-ticari-vize\/"]}]},{"@type":"BreadcrumbList","@id":"https:\/\/www.schengenvisas.com\/tr\/schengen-ticari-vize\/#breadcrumb","itemListElement":[{"@type":"ListItem","position":1,"name":"Home","item":"https:\/\/www.schengenvisas.com\/"},{"@type":"ListItem","position":2,"name":"Schengen Ticari Vize"}]},{"@type":"WebSite","@id":"https:\/\/www.schengenvisas.com\/#website","url":"https:\/\/www.schengenvisas.com\/","name":"Schengen Visas","description":"Schengen Visa Application Services","publisher":{"@id":"https:\/\/www.schengenvisas.com\/#organization"},"potentialAction":[{"@type":"SearchAction","target":{"@type":"EntryPoint","urlTemplate":"https:\/\/www.schengenvisas.com\/?s={search_term_string}"},"query-input":{"@type":"PropertyValueSpecification","valueRequired":true,"valueName":"search_term_string"}}],"inLanguage":"tr"},{"@type":"Organization","@id":"https:\/\/www.schengenvisas.com\/#organization","name":"Schengen Visas","url":"https:\/\/www.schengenvisas.com\/","logo":{"@type":"ImageObject","inLanguage":"tr","@id":"https:\/\/www.schengenvisas.com\/#\/schema\/logo\/image\/","url":"https:\/\/www.schengenvisas.com\/wp-content\/uploads\/2023\/03\/logo.svg","contentUrl":"https:\/\/www.schengenvisas.com\/wp-content\/uploads\/2023\/03\/logo.svg","width":894,"height":123,"caption":"Schengen Visas"},"image":{"@id":"https:\/\/www.schengenvisas.com\/#\/schema\/logo\/image\/"}}]}},"_links":{"self":[{"href":"https:\/\/www.schengenvisas.com\/tr\/wp-json\/wp\/v2\/pages\/13476","targetHints":{"allow":["GET"]}}],"collection":[{"href":"https:\/\/www.schengenvisas.com\/tr\/wp-json\/wp\/v2\/pages"}],"about":[{"href":"https:\/\/www.schengenvisas.com\/tr\/wp-json\/wp\/v2\/types\/page"}],"author":[{"embeddable":true,"href":"https:\/\/www.schengenvisas.com\/tr\/wp-json\/wp\/v2\/users\/15"}],"replies":[{"embeddable":true,"href":"https:\/\/www.schengenvisas.com\/tr\/wp-json\/wp\/v2\/comments?post=13476"}],"version-history":[{"count":0,"href":"https:\/\/www.schengenvisas.com\/tr\/wp-json\/wp\/v2\/pages\/13476\/revisions"}],"wp:attachment":[{"href":"https:\/\/www.schengenvisas.com\/tr\/wp-json\/wp\/v2\/media?parent=13476"}],"curies":[{"name":"wp","href":"https:\/\/api.w.org\/{rel}","templated":true}]}}