{"id":13488,"date":"2020-03-19T12:15:32","date_gmt":"2020-03-19T12:15:32","guid":{"rendered":"https:\/\/www.schengenvisas.com\/cookie-policy\/"},"modified":"2021-11-07T22:22:50","modified_gmt":"2021-11-07T18:22:50","slug":"cerez-politikasi","status":"publish","type":"page","link":"https:\/\/www.schengenvisas.com\/tr\/cerez-politikasi\/","title":{"rendered":"\u00c7erez Politikas\u0131"},"content":{"rendered":"\t\t<div data-elementor-type=\"wp-page\" data-elementor-id=\"13488\" class=\"elementor elementor-13488 elementor-1264\" data-elementor-post-type=\"page\">\n\t\t\t\t\t\t<section class=\"elementor-section elementor-top-section elementor-element elementor-element-5570f85 elementor-section-boxed elementor-section-height-default elementor-section-height-default\" data-id=\"5570f85\" data-element_type=\"section\">\n\t\t\t\t\t\t<div class=\"elementor-container elementor-column-gap-default\">\n\t\t\t\t\t<div class=\"elementor-column elementor-col-100 elementor-top-column elementor-element elementor-element-b8b3bd2\" data-id=\"b8b3bd2\" data-element_type=\"column\">\n\t\t\t<div class=\"elementor-widget-wrap elementor-element-populated\">\n\t\t\t\t\t\t<div class=\"elementor-element elementor-element-d4b13a7 elementor-widget elementor-widget-text-editor\" data-id=\"d4b13a7\" data-element_type=\"widget\" data-widget_type=\"text-editor.default\">\n\t\t\t\t<div class=\"elementor-widget-container\">\n\t\t\t\t\t\t\t\t\t<p>SchengenVisas.com sitesi \u00e7erez kullanmaktad\u0131r. E\u011fer kabul ederseniz, Web Sitenin \u00e7al\u0131\u015fmas\u0131 ve istatistik toplamas\u0131 i\u00e7in gerekli olan zorunlu \u00e7erezler ile performans \u00e7erezlerinin yan\u0131 s\u0131ra, analiz ve pazarlama amac\u0131yla di\u011fer \u00e7erezler de internet sitemize eri\u015fti\u011finiz bilgisayar ya da di\u011fer cihazlar\u0131n\u0131za yerle\u015ftirilecektir.<\/p><p>Bu \u00c7erez Politikas\u0131, Web Sitesinde hangi \u00e7erez t\u00fcrlerini ne sebeplerle kulland\u0131\u011f\u0131m\u0131z\u0131 a\u00e7\u0131klar.<\/p><h2><strong>\u00c7erez Nedir?<\/strong><\/h2><p>\u00c7erezler, ana sayfam\u0131z\u0131 ziyaret etti\u011finizde Web Sitesinin olu\u015fturdu\u011fu ve internetin oldu\u011fu her t\u00fcrl\u00fc cihaza (bilgisayar, ak\u0131ll\u0131 telefon ve tablet gibi) indirilip kaydedilen k\u00fc\u00e7\u00fck metin dosyalar\u0131d\u0131r. Sitenin kullan\u0131c\u0131y\u0131 tan\u0131mas\u0131 ve kullan\u0131c\u0131n\u0131n se\u00e7imlerini hat\u0131rlamas\u0131 i\u00e7in (giri\u015f bilgisi, se\u00e7ilen dil ve di\u011fer ayarlar gibi se\u00e7imler) kulland\u0131\u011f\u0131n\u0131z taray\u0131c\u0131, siteyi her ziyaret edi\u015finizde \u00e7erezleri kullanarak bilgileri siteye aktar\u0131r. Bu da bir sonraki ziyaretinizi daha kolay, siteyi ise daha kullan\u0131\u015fl\u0131 bir h\u00e2le getirir.<\/p><h2><strong>Hangi T\u00fcr \u00c7erezleri Ne Sebeplerle Kullan\u0131r\u0131z?<\/strong><\/h2><p>Web Sitesimizi s\u00fcrd\u00fcrmek i\u00e7in farkl\u0131 \u00e7erez t\u00fcrlerini kullanmatay\u0131z.<\/p><p>A\u015fa\u011f\u0131da belirtilen \u00e7erezler taray\u0131c\u0131n\u0131zda kaydedilebilir.<\/p><p>Zorunlu \u00e7erezler ve performans \u00e7erezleri. Bu \u00e7erezler internet sitesinin \u00e7al\u0131\u015fmas\u0131 i\u00e7in gereklidir ve internet sitesini ziyaret etti\u011finizde cihaz\u0131n\u0131za yerle\u015ftirilir. Bu \u00e7erezlerin b\u00fcy\u00fck bir \u00e7o\u011funlu\u011fu, gizlilik ayar\u0131 yapma, oturum a\u00e7ma ve form doldurma gibi sizin taraf\u0131n\u0131zdan yap\u0131lm\u0131\u015f hizmet taleplerine yan\u0131t olarak olu\u015fturulur. Bu \u00e7erezler Web Sitemizin tam kullan\u0131m\u0131 i\u00e7in gereklidir ve kullan\u0131c\u0131lar\u0131n siteyi verimli bir \u015fekilde kullanmas\u0131 ile ki\u015fiselle\u015ftirebilmesini sa\u011flar. Web Sitemizin ka\u00e7 kere ziyaret edildi\u011fini g\u00f6rmemiz i\u00e7in bu \u00e7erezler kullan\u0131c\u0131n\u0131n cihaz\u0131n\u0131z tespit eder ama ki\u015fiyi tan\u0131mlayabilir herhangi bir ek bilgi kaydedilmez. Taray\u0131c\u0131n\u0131z\u0131 \u00e7erez konusunda uyaracak veya \u00e7erezleri engelleyecek \u015fekilde ayarlayabilirsiniz ancak bunu yapt\u0131\u011f\u0131n\u0131zda sitenin baz\u0131 k\u0131s\u0131mlar\u0131 \u00e7al\u0131\u015fmayacakt\u0131r. Bu \u00e7erezler tan\u0131mlanabilir hi\u00e7bir ki\u015fisel bilgiyi toplamaz ve oturumun sonuna ya da kal\u0131c\u0131 olarak kullan\u0131c\u0131n\u0131n cihaz\u0131nda depolan\u0131r.<\/p><p>Analitik \u00e7erezler. Bu \u00e7erezler hangi k\u0131s\u0131mlar\u0131n daha fazla ziyaret edildi\u011fi ve en fazla hangi servislerin kullan\u0131ld\u0131\u011f\u0131 gibi kullan\u0131c\u0131lar\u0131n Web Sitemizle nas\u0131l etkile\u015fime ge\u00e7ti\u011fi bilgilerini toplayan \u00e7erezlerdir. Toplanan bilgiler, ziyaret\u00e7ilerimizin ilgisini ve Web Sitemizi nas\u0131l daha kullan\u0131c\u0131 dostu yapabilece\u011fimizi anlamak i\u00e7in analitik ama\u00e7larla kullan\u0131l\u0131r. E\u011fer bu \u00e7erezlere izin vermezseniz, sitemizi ne zaman ziyaret etti\u011finizi ve sitemizin performans\u0131n\u0131 takip edemeyiz. Analitik ama\u00e7larla \u00fc\u00e7\u00fcnc\u00fc taraf \u00e7erezleri kullanabiliriz. Bu \u00e7erezler kullan\u0131c\u0131n\u0131n cihaz\u0131nda, \u00fc\u00e7\u00fcnc\u00fc taraf \u00e7erez sa\u011flay\u0131c\u0131n\u0131n belirledi\u011fi s\u00fcre kadar depolan\u0131r (1 g\u00fcnden kal\u0131c\u0131 olarak kalmaya kadar).<\/p><p>Pazarlama ve hedefleme \u00e7erezleri. Bu \u00e7erezler hangi k\u0131s\u0131mlar\u0131n daha fazla ziyaret edildi\u011fi ve en fazla hangi servislerin kullan\u0131ld\u0131\u011f\u0131 gibi kullan\u0131c\u0131lar\u0131n Web Sitemizle nas\u0131l etkile\u015fime ge\u00e7ti\u011fi bilgilerini toplayan \u00e7erezlerdir. Siz t\u00fcm \u00e7erezlerin kullan\u0131m\u0131n\u0131 kabul edene kadar, SchengenVisas.com yaln\u0131zca Web Siteye eri\u015fime ili\u015fkin anonim verileri toplar. Toplanan bilgiler, ziyaret\u00e7ilerimizin ilgisini ve Web Sitemizi nas\u0131l daha kullan\u0131c\u0131 dostu yapabilece\u011fimizi anlamak i\u00e7in analitik ama\u00e7larla kullan\u0131l\u0131r. Analitik ama\u00e7larla \u00fc\u00e7\u00fcnc\u00fc taraf \u00e7erezleri kullanabiliriz. Bu \u00e7erezler kullan\u0131c\u0131n\u0131n cihaz\u0131nda kal\u0131c\u0131 olarak depolan\u0131r.<\/p><p>\u00dc\u00e7\u00fcnc\u00fc taraf \u00e7erezler. Web Sitemizde \u00fc\u00e7\u00fcnc\u00fc taraflar\u0131n servisleri kullan\u0131l\u0131r. Mesela Web Sitede nelerin pop\u00fcler olup olmad\u0131\u011f\u0131n\u0131 \u00f6\u011frenmemiz i\u00e7in analitik servisleri kullan\u0131r ve b\u00f6ylece siteyi daha kullan\u0131labilir h\u00e2le getirebiliriz. Bu \u00e7erezler ve gizlilik politikalar\u0131 hakk\u0131nda daha fazla bilgi i\u00e7in \u00fc\u00e7\u00fcnc\u00fc taraflar\u0131n kendi internet sitelerini ziyaret edebilirsiniz. \u0130stedi\u011finiz her an \u00fc\u00e7\u00fcnc\u00fc taraflar\u0131n veri i\u015flemlerinden \u00e7\u0131kma hakk\u0131na sahipsinizdir.<\/p><p>\u00d6rnek vermek gerekirse, kullan\u0131c\u0131lar\u0131m\u0131z\u0131n Web Site i\u00e7erikleriyle nas\u0131l etkile\u015fime girdiklerini \u00f6l\u00e7mek i\u00e7in Google Analytics kullanabiliriz. Bu \u00e7erezler ayr\u0131 kullan\u0131c\u0131 ziyaretleri, tekrar ziyaretler, oturumun s\u00fcresi, sitenin i\u00e7inde uygulanan eylemler gibi Web Sitemizle olan etkile\u015fimler hakk\u0131nda bilgi toplar.<\/p><p>Buna ek olarak, ziyaret edilen internet sayfalar\u0131, kullan\u0131c\u0131n Facebook ID&#8217;si, taray\u0131c\u0131 verisi vb. gibi Web Sitemiz i\u00e7indeki kullan\u0131c\u0131 etkile\u015fim bilgilerini i\u015flemek amac\u0131yla Facebook piksellerini kullanabiliriz. Facebook pikselleri taraf\u0131ndan i\u015flenen bilgiler, Facebook&#8217;u kullan\u0131rken ilgi esasl\u0131 reklamlar g\u00f6stermenin yan\u0131 s\u0131ra, \u00e7apraz cihaz konu\u015fmalar\u0131n\u0131 \u00f6l\u00e7mek ve kullan\u0131c\u0131lar\u0131n Web Sitemiz i\u00e7indeki etkile\u015fimlerini \u00f6\u011frenmek i\u00e7in kullan\u0131l\u0131r.<\/p><h2><strong>\u00c7erez Listesi<\/strong><\/h2><ul><li><strong>#1:<\/strong><ul><li><strong>\u0130S\u0130M<\/strong><strong>:<\/strong> _ga<\/li><li><strong>SA\u011eLAYICI<\/strong><strong>:<\/strong> schengenvisas.com<\/li><li><strong>AMA\u00c7<\/strong><strong>:<\/strong> Kullan\u0131c\u0131n\u0131n siteyi nas\u0131l kulland\u0131\u011f\u0131 hakk\u0131nda istatistiksel bilgi olu\u015fturmak i\u00e7in ki\u015fiye \u00f6zel bir ID kaydeder.<\/li><li><strong>T\u00dcR<\/strong><strong>:<\/strong> HTTP<\/li><li><strong>S\u00dcRE<\/strong><strong>:<\/strong> 2 y\u0131l<\/li><\/ul><\/li><li><strong>#2:<\/strong><ul><li><strong>\u0130S\u0130M<\/strong><strong>:<\/strong> _gat<\/li><li><strong>SA\u011eLAYICI<\/strong><strong>:<\/strong> schengenvisas.com<\/li><li><strong>AMA\u00c7<\/strong><strong>:<\/strong> \u0130stek say\u0131s\u0131n\u0131 k\u0131s\u0131tlamak i\u00e7in Google Analytics taraf\u0131ndan kullan\u0131l\u0131r.<\/li><li><strong>T\u00dcR<\/strong><strong>:<\/strong> HTTP<\/li><li><strong>S\u00dcRE<\/strong><strong>:<\/strong> 1 g\u00fcn<\/li><\/ul><\/li><li><strong>#3:<\/strong><ul><li><strong>\u0130S\u0130M<\/strong><strong>:<\/strong> _gid<\/li><li><strong>SA\u011eLAYICI<\/strong><strong>:<\/strong> schengenvisas.com<\/li><li><strong>AMA\u00c7<\/strong><strong>:<\/strong> Kullan\u0131c\u0131n\u0131n siteyi nas\u0131l kulland\u0131\u011f\u0131 hakk\u0131nda istatistiksel bilgi olu\u015fturmak i\u00e7in ki\u015fiye \u00f6zel bir ID kaydeder.<\/li><li><strong>T\u00dcR<\/strong><strong>:<\/strong> HTTP<\/li><li><strong>S\u00dcRE<\/strong><strong>:<\/strong> 1 g\u00fcn<\/li><\/ul><\/li><li><strong>#4:<\/strong><ul><li><strong>\u0130S\u0130M<\/strong><strong>:<\/strong> collect<\/li><li><strong>SA\u011eLAYICI<\/strong><strong>:<\/strong> google-analytics.com<\/li><li><strong>AMA\u00c7<\/strong><strong>:<\/strong> Ziyaret\u00e7inin cihaz\u0131 ve davran\u0131\u015flar\u0131 hakk\u0131nda Google Analytics&#8217;e bilgi g\u00f6ndermesi i\u00e7in kullan\u0131l\u0131r. Ziyaret\u00e7iyi cihazlar aras\u0131nda ve pazarlama kanallar\u0131nda takip eder.<\/li><li><strong>T\u00dcR<\/strong><strong>:<\/strong> Pixel<\/li><li><strong>S\u00dcRE<\/strong><strong>:<\/strong> Oturum<\/li><\/ul><\/li><\/ul><h2><strong>\u00c7erezleri Y\u00f6netme<\/strong><\/h2><p>\u00c7o\u011fu taray\u0131c\u0131, \u00e7erezleri kabul etmeyi reddetme ve \u00e7erezleri silme imk\u00e2n\u0131 sunar. Bunlar\u0131 yapma yollar\u0131 taray\u0131c\u0131dan taray\u0131c\u0131ya ve versiyondan versiyona de\u011fi\u015fir. \u00c7erezleri engelleme ve silme ile ilgili en g\u00fcncel bilgilere a\u015fa\u011f\u0131daki linklerden ula\u015fabilirsiniz:<\/p><ul><li><a href=\"https:\/\/support.google.com\/chrome\/answer\/95647?hl=en\">https:\/\/support.google.com\/chrome\/answer\/95647?hl=en <\/a>(Chrome);<\/li><li><a href=\"https:\/\/support.mozilla.org\/en-US\/kb\/enable-and-disable-cookies-website-preferences\">https:\/\/support.mozilla.org\/en-US\/kb\/enable-and-disable-cookies-website-preferences<\/a> (Firefox);<\/li><li><a href=\"https:\/\/www.opera.com\/help\/tutorials\/security\/cookies\/\">http:\/\/www.opera.com\/help\/tutorials\/security\/cookies\/<\/a> (Opera);<\/li><li><a href=\"https:\/\/support.microsoft.com\/en-gb\/help\/17442\/windows-internet-explorer-delete-manage-cookies\">https:\/\/support.microsoft.com\/en-gb\/help\/17442\/windows-internet-explorer-delete-manage-cookies<\/a> (Internet Explorer);<\/li><li>h<a href=\"https:\/\/support.apple.com\/guide\/safari\/manage-cookies-and-website-data-sfri11471\/mac\">ttps:\/\/support.apple.com\/guide\/safari\/manage-cookies-and-website-data-sfri11471\/mac<\/a> (Safari); and<\/li><li><a href=\"https:\/\/privacy.microsoft.com\/en-us\/windows-10-microsoft-edge-and-privacy\">https:\/\/privacy.microsoft.com\/en-us\/windows-10-microsoft-edge-and-privacy<\/a> (Edge).<\/li><\/ul><p>T\u00fcm \u00e7erezleri engelleme, bir\u00e7ok sitenin kullan\u0131labilirli\u011fine olumsuz etki edecektir.<\/p><p>E\u011fer \u00e7erezleri engellerseniz, Web Sitemizdeki \u00f6zelliklerin hepsini kullanamazs\u0131n\u0131z.<\/p><h2><strong>\u00c7erez Politikas\u0131ndaki De\u011fi\u015fiklikler<\/strong><\/h2><p>Bu \u00c7erez Politikas\u0131&#8217;nda de\u011fi\u015fiklik yapma hakk\u0131n\u0131 sakl\u0131 tutar\u0131z. Bu \u00c7erez Politikas\u0131na yap\u0131lan de\u011fi\u015fiklik ve\/veya eklemeler, Web Sitemizde yay\u0131mland\u0131ktan sonra y\u00fcr\u00fcrl\u00fck kazan\u0131r.<\/p><p>Bu \u00c7erez Politikas\u0131na de\u011fi\u015fiklik yap\u0131ld\u0131ktan sonra Web Sitemizi kullanmaya devam ederek, \u00c7erez Politikas\u0131nn\u0131n yeni metnini kabul etti\u011finizi g\u00f6stermi\u015f olursunuz. De\u011fi\u015fiklikler hakk\u0131nda bilgi almak i\u00e7in bu politikan\u0131n i\u00e7eri\u011fini d\u00fczenli olarak kontrol etmek sizin sorumlulu\u011funuz alt\u0131ndad\u0131r.<\/p><h2><strong>Bize Ula\u015f\u0131n<\/strong><\/h2><p>E\u011fer bu \u00c7erez Politikas\u0131 hakk\u0131nda g\u00f6r\u00fc\u015f veya sorular\u0131n\u0131z varsa ya da bu \u00c7erez Politikas\u0131n\u0131n herhangi bir ihlalini bildirmek istiyorsan\u0131z, bize a\u015fa\u011f\u0131daki bilgiyi kullanarak ula\u015fabilirsiniz.<\/p><p><strong>E<\/strong><strong>-posta<\/strong><strong>:<\/strong><a href=\"mailto:info@schengenvisas.com\"> info@schengenvisas.com<\/a><\/p>\t\t\t\t\t\t\t\t<\/div>\n\t\t\t\t<\/div>\n\t\t\t\t\t<\/div>\n\t\t<\/div>\n\t\t\t\t\t<\/div>\n\t\t<\/section>\n\t\t\t\t<\/div>\n\t\t","protected":false},"excerpt":{"rendered":"<p>SchengenVisas.com sitesi \u00e7erez kullanmaktad\u0131r. E\u011fer kabul ederseniz, Web Sitenin \u00e7al\u0131\u015fmas\u0131 ve istatistik toplamas\u0131 i\u00e7in gerekli<a class=\"read-more-text pl-2\" href=\"https:\/\/www.schengenvisas.com\/tr\/cerez-politikasi\/\">[Devam\u0131n\u0131 oku&#8230;]<\/a><\/p>\n","protected":false},"author":15,"featured_media":0,"parent":0,"menu_order":0,"comment_status":"closed","ping_status":"closed","template":"","meta":{"_acf_changed":false,"inline_featured_image":false,"footnotes":""},"class_list":["post-13488","page","type-page","status-publish","hentry","entry"],"acf":[],"yoast_head":"<!-- This site is optimized with the Yoast SEO Premium plugin v24.1 (Yoast SEO v24.1) - https:\/\/yoast.com\/wordpress\/plugins\/seo\/ -->\n<title>\u00c7erez Politikas\u0131 \u2013 Schengen Visas<\/title>\n<meta name=\"description\" content=\"SchengenVisas.com web sitesi \u00e7erez kullan\u0131r. E\u011fer kabul ederseniz, zorunlu \u00e7erezlerin ve performans \u00e7erezlerinin yan\u0131 s\u0131ra\" \/>\n<meta name=\"robots\" content=\"index, follow, max-snippet:-1, max-image-preview:large, max-video-preview:-1\" \/>\n<link rel=\"canonical\" href=\"https:\/\/www.schengenvisas.com\/tr\/wp-json\/wp\/v2\/pages\/13488\" \/>\n<meta property=\"og:locale\" content=\"tr_TR\" \/>\n<meta property=\"og:type\" content=\"article\" \/>\n<meta property=\"og:title\" content=\"\u00c7erez Politikas\u0131\" \/>\n<meta property=\"og:description\" content=\"SchengenVisas.com web sitesi \u00e7erez kullan\u0131r. E\u011fer kabul ederseniz, zorunlu \u00e7erezlerin ve performans \u00e7erezlerinin yan\u0131 s\u0131ra\" \/>\n<meta property=\"og:url\" content=\"https:\/\/www.schengenvisas.com\/tr\/cerez-politikasi\/\" \/>\n<meta property=\"og:site_name\" content=\"Schengen Visas\" \/>\n<meta property=\"article:modified_time\" content=\"2021-11-07T18:22:50+00:00\" \/>\n<meta name=\"twitter:card\" content=\"summary_large_image\" \/>\n<meta name=\"twitter:label1\" content=\"Tahmini okuma s\u00fcresi\" \/>\n\t<meta name=\"twitter:data1\" content=\"4 dakika\" \/>\n<script type=\"application\/ld+json\" class=\"yoast-schema-graph\">{\"@context\":\"https:\/\/schema.org\",\"@graph\":[{\"@type\":\"WebPage\",\"@id\":\"https:\/\/www.schengenvisas.com\/tr\/cerez-politikasi\/\",\"url\":\"https:\/\/www.schengenvisas.com\/tr\/cerez-politikasi\/\",\"name\":\"\u00c7erez Politikas\u0131 \u2013 Schengen Visas\",\"isPartOf\":{\"@id\":\"https:\/\/www.schengenvisas.com\/#website\"},\"datePublished\":\"2020-03-19T12:15:32+00:00\",\"dateModified\":\"2021-11-07T18:22:50+00:00\",\"description\":\"SchengenVisas.com web sitesi \u00e7erez kullan\u0131r. E\u011fer kabul ederseniz, zorunlu \u00e7erezlerin ve performans \u00e7erezlerinin yan\u0131 s\u0131ra\",\"breadcrumb\":{\"@id\":\"https:\/\/www.schengenvisas.com\/tr\/cerez-politikasi\/#breadcrumb\"},\"inLanguage\":\"tr\",\"potentialAction\":[{\"@type\":\"ReadAction\",\"target\":[\"https:\/\/www.schengenvisas.com\/tr\/cerez-politikasi\/\"]}]},{\"@type\":\"BreadcrumbList\",\"@id\":\"https:\/\/www.schengenvisas.com\/tr\/cerez-politikasi\/#breadcrumb\",\"itemListElement\":[{\"@type\":\"ListItem\",\"position\":1,\"name\":\"Home\",\"item\":\"https:\/\/www.schengenvisas.com\/\"},{\"@type\":\"ListItem\",\"position\":2,\"name\":\"\u00c7erez Politikas\u0131\"}]},{\"@type\":\"WebSite\",\"@id\":\"https:\/\/www.schengenvisas.com\/#website\",\"url\":\"https:\/\/www.schengenvisas.com\/\",\"name\":\"Schengen Visas\",\"description\":\"Schengen Visa Application Services\",\"publisher\":{\"@id\":\"https:\/\/www.schengenvisas.com\/#organization\"},\"potentialAction\":[{\"@type\":\"SearchAction\",\"target\":{\"@type\":\"EntryPoint\",\"urlTemplate\":\"https:\/\/www.schengenvisas.com\/?s={search_term_string}\"},\"query-input\":{\"@type\":\"PropertyValueSpecification\",\"valueRequired\":true,\"valueName\":\"search_term_string\"}}],\"inLanguage\":\"tr\"},{\"@type\":\"Organization\",\"@id\":\"https:\/\/www.schengenvisas.com\/#organization\",\"name\":\"Schengen Visas\",\"url\":\"https:\/\/www.schengenvisas.com\/\",\"logo\":{\"@type\":\"ImageObject\",\"inLanguage\":\"tr\",\"@id\":\"https:\/\/www.schengenvisas.com\/#\/schema\/logo\/image\/\",\"url\":\"https:\/\/www.schengenvisas.com\/wp-content\/uploads\/2023\/03\/logo.svg\",\"contentUrl\":\"https:\/\/www.schengenvisas.com\/wp-content\/uploads\/2023\/03\/logo.svg\",\"width\":894,\"height\":123,\"caption\":\"Schengen Visas\"},\"image\":{\"@id\":\"https:\/\/www.schengenvisas.com\/#\/schema\/logo\/image\/\"}}]}<\/script>\n<!-- \/ Yoast SEO Premium plugin. -->","yoast_head_json":{"title":"\u00c7erez Politikas\u0131 \u2013 Schengen Visas","description":"SchengenVisas.com web sitesi \u00e7erez kullan\u0131r. E\u011fer kabul ederseniz, zorunlu \u00e7erezlerin ve performans \u00e7erezlerinin yan\u0131 s\u0131ra","robots":{"index":"index","follow":"follow","max-snippet":"max-snippet:-1","max-image-preview":"max-image-preview:large","max-video-preview":"max-video-preview:-1"},"canonical":"https:\/\/www.schengenvisas.com\/tr\/wp-json\/wp\/v2\/pages\/13488","og_locale":"tr_TR","og_type":"article","og_title":"\u00c7erez Politikas\u0131","og_description":"SchengenVisas.com web sitesi \u00e7erez kullan\u0131r. E\u011fer kabul ederseniz, zorunlu \u00e7erezlerin ve performans \u00e7erezlerinin yan\u0131 s\u0131ra","og_url":"https:\/\/www.schengenvisas.com\/tr\/cerez-politikasi\/","og_site_name":"Schengen Visas","article_modified_time":"2021-11-07T18:22:50+00:00","twitter_card":"summary_large_image","twitter_misc":{"Tahmini okuma s\u00fcresi":"4 dakika"},"schema":{"@context":"https:\/\/schema.org","@graph":[{"@type":"WebPage","@id":"https:\/\/www.schengenvisas.com\/tr\/cerez-politikasi\/","url":"https:\/\/www.schengenvisas.com\/tr\/cerez-politikasi\/","name":"\u00c7erez Politikas\u0131 \u2013 Schengen Visas","isPartOf":{"@id":"https:\/\/www.schengenvisas.com\/#website"},"datePublished":"2020-03-19T12:15:32+00:00","dateModified":"2021-11-07T18:22:50+00:00","description":"SchengenVisas.com web sitesi \u00e7erez kullan\u0131r. E\u011fer kabul ederseniz, zorunlu \u00e7erezlerin ve performans \u00e7erezlerinin yan\u0131 s\u0131ra","breadcrumb":{"@id":"https:\/\/www.schengenvisas.com\/tr\/cerez-politikasi\/#breadcrumb"},"inLanguage":"tr","potentialAction":[{"@type":"ReadAction","target":["https:\/\/www.schengenvisas.com\/tr\/cerez-politikasi\/"]}]},{"@type":"BreadcrumbList","@id":"https:\/\/www.schengenvisas.com\/tr\/cerez-politikasi\/#breadcrumb","itemListElement":[{"@type":"ListItem","position":1,"name":"Home","item":"https:\/\/www.schengenvisas.com\/"},{"@type":"ListItem","position":2,"name":"\u00c7erez Politikas\u0131"}]},{"@type":"WebSite","@id":"https:\/\/www.schengenvisas.com\/#website","url":"https:\/\/www.schengenvisas.com\/","name":"Schengen Visas","description":"Schengen Visa Application Services","publisher":{"@id":"https:\/\/www.schengenvisas.com\/#organization"},"potentialAction":[{"@type":"SearchAction","target":{"@type":"EntryPoint","urlTemplate":"https:\/\/www.schengenvisas.com\/?s={search_term_string}"},"query-input":{"@type":"PropertyValueSpecification","valueRequired":true,"valueName":"search_term_string"}}],"inLanguage":"tr"},{"@type":"Organization","@id":"https:\/\/www.schengenvisas.com\/#organization","name":"Schengen Visas","url":"https:\/\/www.schengenvisas.com\/","logo":{"@type":"ImageObject","inLanguage":"tr","@id":"https:\/\/www.schengenvisas.com\/#\/schema\/logo\/image\/","url":"https:\/\/www.schengenvisas.com\/wp-content\/uploads\/2023\/03\/logo.svg","contentUrl":"https:\/\/www.schengenvisas.com\/wp-content\/uploads\/2023\/03\/logo.svg","width":894,"height":123,"caption":"Schengen Visas"},"image":{"@id":"https:\/\/www.schengenvisas.com\/#\/schema\/logo\/image\/"}}]}},"_links":{"self":[{"href":"https:\/\/www.schengenvisas.com\/tr\/wp-json\/wp\/v2\/pages\/13488","targetHints":{"allow":["GET"]}}],"collection":[{"href":"https:\/\/www.schengenvisas.com\/tr\/wp-json\/wp\/v2\/pages"}],"about":[{"href":"https:\/\/www.schengenvisas.com\/tr\/wp-json\/wp\/v2\/types\/page"}],"author":[{"embeddable":true,"href":"https:\/\/www.schengenvisas.com\/tr\/wp-json\/wp\/v2\/users\/15"}],"replies":[{"embeddable":true,"href":"https:\/\/www.schengenvisas.com\/tr\/wp-json\/wp\/v2\/comments?post=13488"}],"version-history":[{"count":0,"href":"https:\/\/www.schengenvisas.com\/tr\/wp-json\/wp\/v2\/pages\/13488\/revisions"}],"wp:attachment":[{"href":"https:\/\/www.schengenvisas.com\/tr\/wp-json\/wp\/v2\/media?parent=13488"}],"curies":[{"name":"wp","href":"https:\/\/api.w.org\/{rel}","templated":true}]}}