{"id":13502,"date":"2020-03-19T10:08:18","date_gmt":"2020-03-19T10:08:18","guid":{"rendered":"https:\/\/www.schengenvisas.com\/download-the-schengen-visa-application-form\/"},"modified":"2021-10-16T13:25:53","modified_gmt":"2021-10-16T09:25:53","slug":"schengen-vize-basvuru-formunu-indir","status":"publish","type":"page","link":"https:\/\/www.schengenvisas.com\/tr\/schengen-vize-basvuru-formunu-indir\/","title":{"rendered":"Schengen Vizesi Ba\u015fvuru Formunu \u0130ndir"},"content":{"rendered":"\t\t<div data-elementor-type=\"wp-page\" data-elementor-id=\"13502\" class=\"elementor elementor-13502 elementor-1223\" data-elementor-post-type=\"page\">\n\t\t\t\t\t\t<section class=\"elementor-section elementor-top-section elementor-element elementor-element-5b8560b elementor-section-boxed elementor-section-height-default elementor-section-height-default\" data-id=\"5b8560b\" data-element_type=\"section\">\n\t\t\t\t\t\t<div class=\"elementor-container elementor-column-gap-default\">\n\t\t\t\t\t<div class=\"elementor-column elementor-col-100 elementor-top-column elementor-element elementor-element-c87f2a8\" data-id=\"c87f2a8\" data-element_type=\"column\">\n\t\t\t<div class=\"elementor-widget-wrap elementor-element-populated\">\n\t\t\t\t\t\t<div class=\"elementor-element elementor-element-a111166 elementor-widget elementor-widget-text-editor\" data-id=\"a111166\" data-element_type=\"widget\" data-widget_type=\"text-editor.default\">\n\t\t\t\t<div class=\"elementor-widget-container\">\n\t\t\t\t\t\t\t\t\t<p>Schengen Vizesi Ba\u015fvuru Formu, ya\u015f fark etmeksizin ba\u015fvuran herkes taraf\u0131ndan tamam\u0131yla doldurulmas\u0131 ve imzalanmas\u0131 gereken bir zorunluluktur. Ba\u015fvuran ki\u015filerden istenilen bilgiler de\u011fi\u015fmese de her Schengen \u00fclkesinin kendi ba\u015fvuru formu vard\u0131r. Baz\u0131lar\u0131 ba\u015fvuru formunu doldurman\u0131z i\u00e7in online sistemlerine kaydolman\u0131z\u0131 isterken bir\u00e7o\u011fu i\u00e7in formu indirmeniz yeterli olacakt\u0131r.<\/p><p>G\u00fcncel Schengen Vizesi Ba\u015fvuru Formunu indirmek i\u00e7in ba\u015fvuru yapaca\u011f\u0131n\u0131z \u00fclkenin linkine t\u0131klay\u0131n.<\/p><ul><li><a href=\"https:\/\/www.schengenvisas.com\/wp-content\/uploads\/2020\/05\/schengen-visa-application-form-for-Austria.pdf\">Avusturya \u0130\u00e7in Schengen Vizesi Ba\u015fvuru Formunu \u0130ndir.<\/a><\/li><li><a href=\"https:\/\/visaonweb.diplomatie.be\/\">Bel\u00e7ika \u0130\u00e7in Schengen Vizesi Ba\u015fvuru Formunu \u0130ndir.<\/a><\/li><li><a href=\"https:\/\/www.schengenvisas.com\/wp-content\/uploads\/2020\/05\/schengen-visa-application-form-for-Czech-Republic.pdf\">\u00c7ek Cumhuriyeti \u0130\u00e7in Schengen Vizesi Ba\u015fvuru Formunu \u0130ndir.<\/a><\/li><li><a href=\"https:\/\/applyvisa.um.dk\/NVP.App\/frontpage\">Danimarka ve \u0130zlanda \u0130\u00e7in Schengen Vizesi Ba\u015fvuru Formunu \u0130ndir.<\/a><\/li><li><a href=\"https:\/\/finlandabroad.fi\/documents\/35732\/48132\/application_for_schengen_visa__english_\">Finlandiya ve Estonya \u0130\u00e7in Schengen Vizesi Ba\u015fvuru Formunu \u0130ndir.<\/a><\/li><li><a href=\"https:\/\/france-visas.gouv.fr\/en_US\/web\/france-visas\/ma-demande-en-ligne\">Fransa \u0130\u00e7in Schengen Vizesi Ba\u015fvuru Formunu \u0130ndir.<\/a><\/li><li><a href=\"https:\/\/videx.diplo.de\/videx\/desktop\/index.html#start\">Almanya ve Slovenya \u0130\u00e7in Schengen Vizesi Ba\u015fvuru Formunu \u0130ndir.<\/a><\/li><li><a href=\"https:\/\/www.schengenvisas.com\/wp-content\/uploads\/2020\/05\/schengen-visa-application-form-for-Greece.doc\">Yunanistan \u0130\u00e7in Schengen Vizesi Ba\u015fvuru Formunu \u0130ndir.<\/a><\/li><li><a href=\"https:\/\/www.schengenvisas.com\/wp-content\/uploads\/2020\/05\/schengen-visa-application-form-for-Hungary.pdf\">Macaristan \u0130\u00e7in Schengen Vizesi Ba\u015fvuru Formunu \u0130ndir.<\/a><\/li><li><a href=\"https:\/\/www.schengenvisas.com\/wp-content\/uploads\/2020\/05\/schengen-visa-application-form-for-Italy.pdf\">\u0130talya \u0130\u00e7in Schengen Vizesi Ba\u015fvuru Formunu \u0130ndir.<\/a><\/li><li><a href=\"https:\/\/epak.pmlp.gov.lv\/NVIS.EService001.WebSite\/ApplicationMain.aspx?\">Letonya \u0130\u00e7in Schengen Vizesi Ba\u015fvuru Formunu \u0130ndir.<\/a><\/li><li><a href=\"https:\/\/www.schengenvisas.com\/wp-content\/uploads\/2020\/05\/schengen-visa-application-form-for-Luxembourg.pdf\">L\u00fcksemburg \u0130\u00e7in Schengen Vizesi Ba\u015fvuru Formunu \u0130ndir.<\/a><\/li><li><a href=\"https:\/\/www.schengenvisas.com\/wp-content\/uploads\/2020\/05\/schengen-visa-application-form-for-Malta.pdf\">Malta \u0130\u00e7in Schengen Vizesi Ba\u015fvuru Formunu \u0130ndir.<\/a><\/li><li><a href=\"https:\/\/selfservice.udi.no\/en-gb\/\">Norve\u00e7 \u0130\u00e7in Schengen Vizesi Ba\u015fvuru Formunu \u0130ndir.<\/a><\/li><li><a href=\"https:\/\/secure.e-konsulat.gov.pl\/\">Polonya \u0130\u00e7in Schengen Vizesi Ba\u015fvuru Formunu \u0130ndir.<\/a><\/li><li><a href=\"https:\/\/www.schengenvisas.com\/wp-content\/uploads\/2020\/05\/schengen-visa-application-form-for-Portugal.pdf\">Portekiz \u0130\u00e7in Schengen Vizesi Ba\u015fvuru Formunu \u0130ndir.<\/a><\/li><li><a href=\"https:\/\/www.schengenvisas.com\/wp-content\/uploads\/2020\/05\/schengen-visa-application-form-for-Slovakia.pdf\">Slovakya \u0130\u00e7in Schengen Vizesi Ba\u015fvuru Formunu \u0130ndir.<\/a><\/li><li><a href=\"https:\/\/www.schengenvisas.com\/wp-content\/uploads\/2020\/05\/schengen-visa-application-form-for-Spain-and-Lithuania.pdf\">\u0130spanya ve Litvanya \u0130\u00e7in Schengen Vizesi Ba\u015fvuru Formunu \u0130ndir.<\/a><\/li><li><a href=\"https:\/\/www.schengenvisas.com\/wp-content\/uploads\/2020\/05\/schengen-visa-application-form-for-Sweden.pdf\">\u0130sve\u00e7 \u0130\u00e7in Schengen Vizesi Ba\u015fvuru Formunu \u0130ndir.<\/a><\/li><li><a href=\"https:\/\/www.sem.admin.ch\/sem\/en\/home\/themen\/einreise\/visumantragsformular.html\">\u0130svi\u00e7re ve Lihten\u015ftayn \u0130\u00e7in Schengen Vizesi Ba\u015fvuru Formunu \u0130ndir.<\/a><\/li><li><a href=\"https:\/\/consular.mfaservices.nl\/\">Hollanda \u0130\u00e7in Schengen Vizesi Ba\u015fvuru Formunu \u0130ndir.<\/a><\/li><\/ul><div id=\"gtx-trans\" style=\"position: absolute; left: 117px; top: 862px;\"><div class=\"gtx-trans-icon\">\u00a0<\/div><\/div>\t\t\t\t\t\t\t\t<\/div>\n\t\t\t\t<\/div>\n\t\t\t\t\t<\/div>\n\t\t<\/div>\n\t\t\t\t\t<\/div>\n\t\t<\/section>\n\t\t\t\t<\/div>\n\t\t","protected":false},"excerpt":{"rendered":"<p>Schengen Vizesi Ba\u015fvuru Formu, ya\u015f fark etmeksizin ba\u015fvuran herkes taraf\u0131ndan tamam\u0131yla doldurulmas\u0131 ve imzalanmas\u0131 gereken<a class=\"read-more-text pl-2\" href=\"https:\/\/www.schengenvisas.com\/tr\/schengen-vize-basvuru-formunu-indir\/\">[Devam\u0131n\u0131 oku&#8230;]<\/a><\/p>\n","protected":false},"author":15,"featured_media":0,"parent":0,"menu_order":0,"comment_status":"closed","ping_status":"closed","template":"","meta":{"_acf_changed":false,"inline_featured_image":false,"footnotes":""},"class_list":["post-13502","page","type-page","status-publish","hentry","entry"],"acf":[],"yoast_head":"<!-- This site is optimized with the Yoast SEO Premium plugin v24.1 (Yoast SEO v24.1) - https:\/\/yoast.com\/wordpress\/plugins\/seo\/ -->\n<title>Schengen Vize Ba\u015fvuru Formunu \u0130ndir<\/title>\n<meta name=\"description\" content=\"Schengen Vize Ba\u015fvuru Formu, ya\u015f fark etmeksizin ba\u015fvuran herkes taraf\u0131ndan doldurulmas\u0131 ve imzalanmas\u0131 gereken bir zorunluluktur. Her Schengen\" \/>\n<meta name=\"robots\" content=\"index, follow, max-snippet:-1, max-image-preview:large, max-video-preview:-1\" \/>\n<link rel=\"canonical\" href=\"https:\/\/www.schengenvisas.com\/tr\/wp-json\/wp\/v2\/pages\/13502\" \/>\n<meta property=\"og:locale\" content=\"tr_TR\" \/>\n<meta property=\"og:type\" content=\"article\" \/>\n<meta property=\"og:title\" content=\"Schengen Vizesi Ba\u015fvuru Formunu \u0130ndir\" \/>\n<meta property=\"og:description\" content=\"Schengen Vize Ba\u015fvuru Formu, ya\u015f fark etmeksizin ba\u015fvuran herkes taraf\u0131ndan doldurulmas\u0131 ve imzalanmas\u0131 gereken bir zorunluluktur. Her Schengen\" \/>\n<meta property=\"og:url\" content=\"https:\/\/www.schengenvisas.com\/tr\/schengen-vize-basvuru-formunu-indir\/\" \/>\n<meta property=\"og:site_name\" content=\"Schengen Visas\" \/>\n<meta property=\"article:modified_time\" content=\"2021-10-16T09:25:53+00:00\" \/>\n<meta name=\"twitter:card\" content=\"summary_large_image\" \/>\n<meta name=\"twitter:label1\" content=\"Tahmini okuma s\u00fcresi\" \/>\n\t<meta name=\"twitter:data1\" content=\"1 dakika\" \/>\n<script type=\"application\/ld+json\" class=\"yoast-schema-graph\">{\"@context\":\"https:\/\/schema.org\",\"@graph\":[{\"@type\":\"WebPage\",\"@id\":\"https:\/\/www.schengenvisas.com\/tr\/schengen-vize-basvuru-formunu-indir\/\",\"url\":\"https:\/\/www.schengenvisas.com\/tr\/schengen-vize-basvuru-formunu-indir\/\",\"name\":\"Schengen Vize Ba\u015fvuru Formunu \u0130ndir\",\"isPartOf\":{\"@id\":\"https:\/\/www.schengenvisas.com\/#website\"},\"datePublished\":\"2020-03-19T10:08:18+00:00\",\"dateModified\":\"2021-10-16T09:25:53+00:00\",\"description\":\"Schengen Vize Ba\u015fvuru Formu, ya\u015f fark etmeksizin ba\u015fvuran herkes taraf\u0131ndan doldurulmas\u0131 ve imzalanmas\u0131 gereken bir zorunluluktur. Her Schengen\",\"breadcrumb\":{\"@id\":\"https:\/\/www.schengenvisas.com\/tr\/schengen-vize-basvuru-formunu-indir\/#breadcrumb\"},\"inLanguage\":\"tr\",\"potentialAction\":[{\"@type\":\"ReadAction\",\"target\":[\"https:\/\/www.schengenvisas.com\/tr\/schengen-vize-basvuru-formunu-indir\/\"]}]},{\"@type\":\"BreadcrumbList\",\"@id\":\"https:\/\/www.schengenvisas.com\/tr\/schengen-vize-basvuru-formunu-indir\/#breadcrumb\",\"itemListElement\":[{\"@type\":\"ListItem\",\"position\":1,\"name\":\"Home\",\"item\":\"https:\/\/www.schengenvisas.com\/\"},{\"@type\":\"ListItem\",\"position\":2,\"name\":\"Schengen Vizesi Ba\u015fvuru Formunu \u0130ndir\"}]},{\"@type\":\"WebSite\",\"@id\":\"https:\/\/www.schengenvisas.com\/#website\",\"url\":\"https:\/\/www.schengenvisas.com\/\",\"name\":\"Schengen Visas\",\"description\":\"Schengen Visa Application Services\",\"publisher\":{\"@id\":\"https:\/\/www.schengenvisas.com\/#organization\"},\"potentialAction\":[{\"@type\":\"SearchAction\",\"target\":{\"@type\":\"EntryPoint\",\"urlTemplate\":\"https:\/\/www.schengenvisas.com\/?s={search_term_string}\"},\"query-input\":{\"@type\":\"PropertyValueSpecification\",\"valueRequired\":true,\"valueName\":\"search_term_string\"}}],\"inLanguage\":\"tr\"},{\"@type\":\"Organization\",\"@id\":\"https:\/\/www.schengenvisas.com\/#organization\",\"name\":\"Schengen Visas\",\"url\":\"https:\/\/www.schengenvisas.com\/\",\"logo\":{\"@type\":\"ImageObject\",\"inLanguage\":\"tr\",\"@id\":\"https:\/\/www.schengenvisas.com\/#\/schema\/logo\/image\/\",\"url\":\"https:\/\/www.schengenvisas.com\/wp-content\/uploads\/2023\/03\/logo.svg\",\"contentUrl\":\"https:\/\/www.schengenvisas.com\/wp-content\/uploads\/2023\/03\/logo.svg\",\"width\":894,\"height\":123,\"caption\":\"Schengen Visas\"},\"image\":{\"@id\":\"https:\/\/www.schengenvisas.com\/#\/schema\/logo\/image\/\"}}]}<\/script>\n<!-- \/ Yoast SEO Premium plugin. -->","yoast_head_json":{"title":"Schengen Vize Ba\u015fvuru Formunu \u0130ndir","description":"Schengen Vize Ba\u015fvuru Formu, ya\u015f fark etmeksizin ba\u015fvuran herkes taraf\u0131ndan doldurulmas\u0131 ve imzalanmas\u0131 gereken bir zorunluluktur. Her Schengen","robots":{"index":"index","follow":"follow","max-snippet":"max-snippet:-1","max-image-preview":"max-image-preview:large","max-video-preview":"max-video-preview:-1"},"canonical":"https:\/\/www.schengenvisas.com\/tr\/wp-json\/wp\/v2\/pages\/13502","og_locale":"tr_TR","og_type":"article","og_title":"Schengen Vizesi Ba\u015fvuru Formunu \u0130ndir","og_description":"Schengen Vize Ba\u015fvuru Formu, ya\u015f fark etmeksizin ba\u015fvuran herkes taraf\u0131ndan doldurulmas\u0131 ve imzalanmas\u0131 gereken bir zorunluluktur. Her Schengen","og_url":"https:\/\/www.schengenvisas.com\/tr\/schengen-vize-basvuru-formunu-indir\/","og_site_name":"Schengen Visas","article_modified_time":"2021-10-16T09:25:53+00:00","twitter_card":"summary_large_image","twitter_misc":{"Tahmini okuma s\u00fcresi":"1 dakika"},"schema":{"@context":"https:\/\/schema.org","@graph":[{"@type":"WebPage","@id":"https:\/\/www.schengenvisas.com\/tr\/schengen-vize-basvuru-formunu-indir\/","url":"https:\/\/www.schengenvisas.com\/tr\/schengen-vize-basvuru-formunu-indir\/","name":"Schengen Vize Ba\u015fvuru Formunu \u0130ndir","isPartOf":{"@id":"https:\/\/www.schengenvisas.com\/#website"},"datePublished":"2020-03-19T10:08:18+00:00","dateModified":"2021-10-16T09:25:53+00:00","description":"Schengen Vize Ba\u015fvuru Formu, ya\u015f fark etmeksizin ba\u015fvuran herkes taraf\u0131ndan doldurulmas\u0131 ve imzalanmas\u0131 gereken bir zorunluluktur. Her Schengen","breadcrumb":{"@id":"https:\/\/www.schengenvisas.com\/tr\/schengen-vize-basvuru-formunu-indir\/#breadcrumb"},"inLanguage":"tr","potentialAction":[{"@type":"ReadAction","target":["https:\/\/www.schengenvisas.com\/tr\/schengen-vize-basvuru-formunu-indir\/"]}]},{"@type":"BreadcrumbList","@id":"https:\/\/www.schengenvisas.com\/tr\/schengen-vize-basvuru-formunu-indir\/#breadcrumb","itemListElement":[{"@type":"ListItem","position":1,"name":"Home","item":"https:\/\/www.schengenvisas.com\/"},{"@type":"ListItem","position":2,"name":"Schengen Vizesi Ba\u015fvuru Formunu \u0130ndir"}]},{"@type":"WebSite","@id":"https:\/\/www.schengenvisas.com\/#website","url":"https:\/\/www.schengenvisas.com\/","name":"Schengen Visas","description":"Schengen Visa Application Services","publisher":{"@id":"https:\/\/www.schengenvisas.com\/#organization"},"potentialAction":[{"@type":"SearchAction","target":{"@type":"EntryPoint","urlTemplate":"https:\/\/www.schengenvisas.com\/?s={search_term_string}"},"query-input":{"@type":"PropertyValueSpecification","valueRequired":true,"valueName":"search_term_string"}}],"inLanguage":"tr"},{"@type":"Organization","@id":"https:\/\/www.schengenvisas.com\/#organization","name":"Schengen Visas","url":"https:\/\/www.schengenvisas.com\/","logo":{"@type":"ImageObject","inLanguage":"tr","@id":"https:\/\/www.schengenvisas.com\/#\/schema\/logo\/image\/","url":"https:\/\/www.schengenvisas.com\/wp-content\/uploads\/2023\/03\/logo.svg","contentUrl":"https:\/\/www.schengenvisas.com\/wp-content\/uploads\/2023\/03\/logo.svg","width":894,"height":123,"caption":"Schengen Visas"},"image":{"@id":"https:\/\/www.schengenvisas.com\/#\/schema\/logo\/image\/"}}]}},"_links":{"self":[{"href":"https:\/\/www.schengenvisas.com\/tr\/wp-json\/wp\/v2\/pages\/13502","targetHints":{"allow":["GET"]}}],"collection":[{"href":"https:\/\/www.schengenvisas.com\/tr\/wp-json\/wp\/v2\/pages"}],"about":[{"href":"https:\/\/www.schengenvisas.com\/tr\/wp-json\/wp\/v2\/types\/page"}],"author":[{"embeddable":true,"href":"https:\/\/www.schengenvisas.com\/tr\/wp-json\/wp\/v2\/users\/15"}],"replies":[{"embeddable":true,"href":"https:\/\/www.schengenvisas.com\/tr\/wp-json\/wp\/v2\/comments?post=13502"}],"version-history":[{"count":0,"href":"https:\/\/www.schengenvisas.com\/tr\/wp-json\/wp\/v2\/pages\/13502\/revisions"}],"wp:attachment":[{"href":"https:\/\/www.schengenvisas.com\/tr\/wp-json\/wp\/v2\/media?parent=13502"}],"curies":[{"name":"wp","href":"https:\/\/api.w.org\/{rel}","templated":true}]}}