{"id":13509,"date":"2020-01-14T07:52:48","date_gmt":"2020-01-14T07:52:48","guid":{"rendered":"https:\/\/www.schengenvisas.com\/etias-european-travel-information-and-authorisation-system\/"},"modified":"2025-08-06T12:29:51","modified_gmt":"2025-08-06T08:29:51","slug":"etias-avrupa-seyahat-bilgileri-ve-yetkilendirme-sistemi","status":"publish","type":"page","link":"https:\/\/www.schengenvisas.com\/tr\/etias-avrupa-seyahat-bilgileri-ve-yetkilendirme-sistemi\/","title":{"rendered":"ETIAS \u2013 Avrupa Seyahat Bilgileri ve Yetkilendirme Sistemi"},"content":{"rendered":"\t\t<div data-elementor-type=\"wp-page\" data-elementor-id=\"13509\" class=\"elementor elementor-13509 elementor-343\" data-elementor-post-type=\"page\">\n\t\t\t\t\t\t<section class=\"elementor-section elementor-top-section elementor-element elementor-element-2a489fdc elementor-section-boxed elementor-section-height-default elementor-section-height-default\" data-id=\"2a489fdc\" data-element_type=\"section\">\n\t\t\t\t\t\t<div class=\"elementor-container elementor-column-gap-default\">\n\t\t\t\t\t<div class=\"elementor-column elementor-col-100 elementor-top-column elementor-element elementor-element-69c571c8\" data-id=\"69c571c8\" data-element_type=\"column\">\n\t\t\t<div class=\"elementor-widget-wrap elementor-element-populated\">\n\t\t\t\t\t\t<div class=\"elementor-element elementor-element-5f507c74 elementor-widget elementor-widget-text-editor\" data-id=\"5f507c74\" data-element_type=\"widget\" data-widget_type=\"text-editor.default\">\n\t\t\t\t<div class=\"elementor-widget-container\">\n\t\t\t\t\t\t\t\t\t<h2>ETIAS nedir?<\/h2><ul><li>Kas\u0131m 2023\u2019te \u00e7\u0131kaca\u011f\u0131 beklenen\u00a0Avrupa Seyahat Bilgileri ve Yetkilendirme Sistemi (European Travel Information and Authorization System) olan<strong> ETIAS<\/strong>, Schengen b\u00f6lgesine gelen vizeden muaf ki\u015filerin olu\u015fturabilece\u011fi tehditleri saptamak i\u00e7in kurulmu\u015f bir sistemdir.<\/li><li>Etkinle\u015ftikten sonra, ETIAS g\u00fcvenlik riskleri, biyolojik tehditler (hastal\u0131k) ve yasa d\u0131\u015f g\u00f6\u00e7 \u00f6r\u00fcnt\u00fcleri gibi vizeden muaf ki\u015filerin te\u015fkil edebilece\u011fi g\u00fcvenlik sorunlar\u0131n\u0131 saptamaya ve azaltmaya \u00e7al\u0131\u015f\u0131r.<\/li><li>Yani ETIAS&#8217;\u0131n amac\u0131, Schengen b\u00f6lgesine giden vizesiz ki\u015filere ek g\u00fcvenlik ve ge\u00e7mi\u015f ara\u015ft\u0131rmas\u0131 yaparak olas\u0131 g\u00fcvenlik a\u00e7\u0131klar\u0131n\u0131 kapatmakt\u0131r.<\/li><li>ETIAS ayr\u0131ca Schengen&#8217;le alakal\u0131 b\u00fcrokrasi ile Schengen giri\u015f noktalar\u0131ndaki gecikmeleri azaltarak ve potansiyel ziyaret\u00e7ilerin seyahat se\u00e7eneklerini anlamalar\u0131na yard\u0131mc\u0131 olarak, vizeden muaf \u00fclkelerden Schengen b\u00f6lgesine gelen vatanda\u015flar\u0131n seyahatlerini kolayla\u015ft\u0131rmay\u0131 ama\u00e7lamaktad\u0131r.<\/li><li>ETIAS,<strong> Schengen Anla\u015fmas\u0131<\/strong>&#8216;n\u0131n \u00f6zg\u00fcr dola\u015f\u0131m prensibinin yan\u0131 s\u0131ra, \u00fcyeleri i\u00e7in a\u00e7\u0131k kaynak ve g\u00fcvenlik taahh\u00fcd\u00fcn\u00fc esas al\u0131r.<\/li><\/ul><h2>ETIAS&#8217;\u0131n Schengen vizesinden fark\u0131 nedir?<\/h2><p><strong>ETIAS <\/strong><strong>bir vize DE\u011e\u0130L, seyahat yetkisidir<\/strong><strong>. Bu sebeple ETIAS,<\/strong><strong> Schengen vizesinden<\/strong><strong> \u015fu \u015fekillerde ayr\u0131l\u0131r<\/strong>:<\/p><ul><li>ETIAS yetkisi, konsolosluk ve el\u00e7iliklerden al\u0131namaz.<\/li><li>ETIAS parmak izi gibi biyometrik bilgiler vermenizi zorunlu k\u0131lmaz.<\/li><li><strong>ETIAS ba\u015fvuru \u00fccreti, Schengen ba\u015fvuru \u00fccretine k\u0131yasla \u00e7ok daha ucuzdur (ETIAS 7 avro, Schengen 80 avro). Bu sebeple, ETIAS alman\u0131z i\u00e7in herhangi bir mali bilgi vermeniz gerekmez<\/strong>.<\/li><li>ETIAS formlar\u0131n\u0131 doldurmak i\u00e7in birka\u00e7 dakika yeterlidir. Bir\u00e7ok farkl\u0131 sayfa doldurman\u0131z\u0131 ve \u00e7ok say\u0131da ek belge ve materyal sunman\u0131z\u0131 isteyen Schengen vizesi i\u00e7in ba\u015fvuru yapmak \u00e7ok daha uzun s\u00fcrer.<\/li><li>ETIAS yetkilendirmesinin i\u015flem s\u00fcresi, Schengen vizesine g\u00f6re \u00e7ok daha k\u0131sad\u0131r (ETIAS ortalama 10 dakika, Schengen ortalama 15 g\u00fcn).<\/li><li>ETIAS birka\u00e7 y\u0131l boyunca s\u0131n\u0131rs\u0131z say\u0131da giri\u015f i\u00e7in ge\u00e7erliyken Schengen vizeleri 180 g\u00fcnl\u00fck d\u00f6nem i\u00e7inde 90 g\u00fcn ge\u00e7erlidir.<\/li><\/ul><h2>ETIAS kimleri etkiler ve etkilemez?<\/h2><ul><li>ETIAS, Schengen \u00fcye devletlerinin vatanda\u015flar\u0131n\u0131 ETK\u0130LEMEZ.<\/li><li>ETIAS, Schengen&#8217;e \u00fcye olmayan AB \u00fclkelerinin vatanda\u015flar\u0131n\u0131 ETK\u0130LEMEZ.<\/li><li>ETIAS, Schengen b\u00f6lgesine seyahat etmek i\u00e7in vizeye ihtiyac\u0131 olan \u00fc\u00e7\u00fcnc\u00fc taraf \u00fclkelerin vatanda\u015flar\u0131n\u0131 ETK\u0130LEMEZ.<\/li><li>ETIAS, Schengen b\u00f6lgesine seyahat i\u00e7in vizeye ihtiyac\u0131 olmayan AB d\u0131\u015f\u0131ndaki \u00fclkelerin vatanda\u015flar\u0131n\u0131 ETK\u0130LER.<\/li><li><strong>A\u015fa\u011f\u0131daki vizeden muaf 59 \u00fclkenin vatanda\u015flar\u0131, yeni ETIAS sistemine tabi olacakt\u0131r: <\/strong><\/li><\/ul><table width=\"100%\"><tbody><tr><td width=\"307\">1.\u00a0\u00a0\u00a0\u00a0 Arnavutluk<\/td><td width=\"317\">31.\u00a0 Moldova Cumhuriyeti<\/td><\/tr><tr><td width=\"307\">2.\u00a0\u00a0\u00a0\u00a0 Antigua ve Barbuda<\/td><td width=\"317\">32.\u00a0 Karada\u011f<\/td><\/tr><tr><td width=\"307\">3.\u00a0\u00a0\u00a0\u00a0 Arjantin<\/td><td width=\"317\">33.\u00a0 Yeni Zelanda<\/td><\/tr><tr><td width=\"307\">4.\u00a0\u00a0\u00a0\u00a0 Avustralya<\/td><td width=\"317\">34.\u00a0 Nikaragua<\/td><\/tr><tr><td width=\"307\">5.\u00a0\u00a0\u00a0\u00a0 Bahamalar<\/td><td width=\"317\">35.\u00a0 Palau<\/td><\/tr><tr><td width=\"307\">6.\u00a0\u00a0\u00a0\u00a0 Barbados<\/td><td width=\"317\">36.\u00a0 Panama<\/td><\/tr><tr><td width=\"307\">7.\u00a0\u00a0\u00a0\u00a0 Bosna-Hersek<\/td><td width=\"317\">37.\u00a0 Paraguay<\/td><\/tr><tr><td width=\"307\">8.\u00a0\u00a0\u00a0\u00a0 Brezilya<\/td><td width=\"317\">38.\u00a0 Peru<\/td><\/tr><tr><td width=\"307\">9.\u00a0\u00a0\u00a0\u00a0 Brunei<\/td><td width=\"317\">39.\u00a0 Saint Kitts ve Nevis<\/td><\/tr><tr><td width=\"307\">10.\u00a0 Kanada<\/td><td width=\"317\">40.\u00a0 Saint Lucia<\/td><\/tr><tr><td width=\"307\">11.\u00a0 \u015eili<\/td><td width=\"317\">41.\u00a0 Saint Vincent ve Grenadinler<\/td><\/tr><tr><td width=\"307\">12.\u00a0 Kolombiya<\/td><td width=\"317\">42.\u00a0 Samoa<\/td><\/tr><tr><td width=\"307\">13.\u00a0 Kosta Rika<\/td><td width=\"317\">43.\u00a0 S\u0131rbistan<\/td><\/tr><tr><td width=\"307\">14.\u00a0 Dominika<\/td><td width=\"317\">44.\u00a0 Sey\u015feller<\/td><\/tr><tr><td width=\"307\">15.\u00a0 El Salvador<\/td><td width=\"317\">45.\u00a0 Singapur<\/td><\/tr><tr><td width=\"307\">16.\u00a0 G\u00fcrcistan<\/td><td width=\"317\">46.\u00a0 Solomon Adalar\u0131<\/td><\/tr><tr><td width=\"307\">17.\u00a0 Grenada<\/td><td width=\"317\">47.\u00a0 G\u00fcney Kore<\/td><\/tr><tr><td width=\"307\">18.\u00a0 Guatemala<\/td><td width=\"317\">48.\u00a0 Tayvan<\/td><\/tr><tr><td width=\"307\">19.\u00a0 Honduras<\/td><td width=\"317\">49.\u00a0 Do\u011fu Timor<\/td><\/tr><tr><td width=\"307\">20.\u00a0 Hong Kong<\/td><td width=\"317\">50.\u00a0 Tonga<\/td><\/tr><tr><td width=\"307\">21.\u00a0 \u0130srail<\/td><td width=\"317\">51.\u00a0 Trinidad ve Tobago<\/td><\/tr><tr><td width=\"307\">22.\u00a0 Japonya<\/td><td width=\"317\">52.\u00a0 Tuvalu<\/td><\/tr><tr><td width=\"307\">23.\u00a0 Kiribati<\/td><td width=\"317\">53.\u00a0 Ukrayna<\/td><\/tr><tr><td width=\"307\">24.\u00a0 Makao<\/td><td width=\"317\">54.\u00a0 Birle\u015fik Arap Emirlikleri<\/td><\/tr><tr><td width=\"307\">25.\u00a0 Kuzey Makedonya<\/td><td width=\"317\">55.\u00a0 Birle\u015fik Krall\u0131k<\/td><\/tr><tr><td width=\"307\">26.\u00a0 Malezya<\/td><td width=\"317\">56.\u00a0 Amerika Birle\u015fik Devletleri<\/td><\/tr><tr><td width=\"307\">27.\u00a0 Marshall Adalar\u0131<\/td><td width=\"317\">57.\u00a0 Uruguay<\/td><\/tr><tr><td width=\"307\">28.\u00a0 Mauritius<\/td><td width=\"317\">58.\u00a0 Vanuatu<\/td><\/tr><tr><td width=\"307\">29.\u00a0 Meksika<\/td><td width=\"317\">59.\u00a0 Venezuela<\/td><\/tr><tr><td width=\"307\">30.\u00a0 Mikronezya<\/td><td width=\"317\">\u00a0<\/td><\/tr><\/tbody><\/table><p>BREXIT&#8217;in sonucu olarak, Birle\u015fik Krall\u0131k vatanda\u015flar\u0131n\u0131n yan\u0131 s\u0131ra, Britanya vatanda\u015flar\u0131 (Deniza\u015f\u0131r\u0131), Britanya deniza\u015f\u0131r\u0131 topraklar\u0131 vatanda\u015flar\u0131 (BOTC), Britanya deniza\u015f\u0131r\u0131 vatanda\u015flar\u0131 (BOC), Britanya korumal\u0131 ki\u015filer (BPP) ve Britanya uyruklular\u0131n (BS) ETIAS \u00e7\u0131karmas\u0131 zorunlu olacakt\u0131r.<\/p><h2>ETIAS&#8217;a nas\u0131l ba\u015fvurulur<\/h2><ul><li>Vizeden muaf bir \u00fclkenin <strong>Schengen b\u00f6lgesine <\/strong>seyahat etmek isteyen bir vatanda\u015f\u0131ysan\u0131z, ya ETIAS resm\u00ee sitesinden ya da telefon uygulamas\u0131ndan ETIAS online ba\u015fvuru formunu doldurabileceksiniz.<\/li><li>Verdi\u011finiz bilgiler, s\u0131n\u0131r ve g\u00fcvenli\u011fe ili\u015fkin bilgilerin bulundu\u011fu Avrupa Birli\u011fi veri sistemlerinde g\u00f6zden ge\u00e7irilir.<\/li><li>Bu veri tabanlar\u0131 \u015funlard\u0131r:<strong> SCHENGEN VIS<\/strong> (Vize Bilgi Sistemi), EUROPOL DATA, ve SLTD (Interpol).<\/li><li>ETIAS herhangi bir su\u00e7 ge\u00e7mi\u015fi veya negatif g\u00f6\u00e7 ge\u00e7mi\u015finiz var m\u0131 diye kolektif veri taban\u0131ndan ge\u00e7mi\u015f ara\u015ft\u0131rmas\u0131 yapar.<\/li><li>Sistem muhtemelen a\u015fa\u011f\u0131daki bilgileri vermenizi isteyecektir:<ul><li>Temel bilgiler (isim, ya\u015f, do\u011fum yeri vb.).<\/li><li>Seyahat belgesi (pasaport numaras\u0131, biti\u015f tarihi vb.).<\/li><li>Schengen vizesi ge\u00e7mi\u015fi (Schengen b\u00f6lgesine giri\u015finiz reddedildi mi ya da b\u00f6lgeden hi\u00e7 at\u0131ld\u0131n\u0131z m\u0131 gibi).<\/li><li>ETIAS sab\u0131ka kayd\u0131 sorular\u0131 (Ki\u015fi ge\u00e7mi\u015fine ait AB&#8217;nin g\u00fcvenli\u011fiyle ilgili olabilecek sorular).<\/li><li>E\u011fer sizin ad\u0131n\u0131za ba\u015fka biri ba\u015fvuru yap\u0131yorsa, kendilerine veya temsil ettikleri ki\u015fiye ait temel bilgileri sunmalar\u0131 gerekir.<\/li><\/ul><\/li><li>E\u011fer 18 ya\u015f\u0131ndan b\u00fcy\u00fckseniz, 7 avroluk bir ETIAS \u00fccreti \u00f6demeniz istenir.<\/li><li>\u00d6deme yap\u0131ld\u0131ktan sonra, ETIAS ba\u015fvuru i\u015flemlerinizi yapmaya ba\u015flar. Bu i\u015flem normalde en fazla 10 dakika s\u00fcrse de istisnai durumlarda bu s\u00fcre 30 g\u00fcne kadar \u00e7\u0131kabilir. E\u011fer ba\u015fvurunuzda \u015f\u00fcphe uyand\u0131ran bir \u015fey varsa, ETIAS Merkezi Birim ve ETIAS Ulusal Birim(ler) taraf\u0131ndan bizzat kontrol edilir. Verilen karar \u00fc\u00e7 unsura ba\u011fl\u0131 olacakt\u0131r: ETIAS ba\u015fvuru sorular\u0131na verdi\u011finiz cevaplar, seyahat belgeleriniz ve AB&#8217;nin g\u00fcvenlik veri tabanlar\u0131nda yap\u0131lan ge\u00e7mi\u015finize ait sorgulama.<\/li><li>\u00c7o\u011fu ki\u015finin sistemde ad\u0131 \u00e7\u0131kmaz ve sonu\u00e7 olarak bu ki\u015filere ETIAS seyahat yetkisi verilir. Bu yetkiye yayg\u0131n ama yanl\u0131\u015f olarak ETIAS seyahat izni ya da <strong>ETIAS seyahat vizesi <\/strong>denmektedir.<\/li><li>Bu belge 3 y\u0131l ya da seyahat belgelerinizin s\u00fcresi dolana kadar ge\u00e7erlidir. E\u011fer ba\u015fvurunuz kabul edilmezse, ETIAS alamazs\u0131n\u0131z.<\/li><li>ETIAS ret karar\u0131 i\u00e7in size bir sebep sunar. Bu karar itiraz etme hakk\u0131na sahipsinizdir.<\/li><li>E\u011fer ETIAS ba\u015fvurunuz onaylan\u0131rsa, Schengen b\u00f6lgesine \u00f6zg\u00fcrce gidebilirsiniz. Schengen b\u00f6lgesine girmek i\u00e7in u\u00e7ak veya bir deniz ta\u015f\u0131t\u0131na bindi\u011finizde, ta\u015f\u0131y\u0131c\u0131, ge\u00e7erli bir ETIAS seyahat yetkisine sahip olup olmad\u0131\u011f\u0131n\u0131z\u0131 kontrol eder.<\/li><li>ETIAS&#8217;\u0131n ge\u00e7erlili\u011fine ili\u015fkin son bir kontrol, Schengen s\u0131n\u0131r\u0131n\u0131 ge\u00e7i\u015f noktas\u0131nda s\u0131n\u0131r \u00e7al\u0131\u015fanlar\u0131 taraf\u0131ndan yap\u0131l\u0131r.<\/li><li>E\u011fer ETIAS yetkinizin ge\u00e7erli oldu\u011funa karar verilirse, Schengen \u00fcye \u00fclkesine girmekte ve Schengen b\u00f6lgesi boyunca seyahat etmekte \u00f6zg\u00fcrs\u00fcn\u00fczd\u00fcr.<\/li><\/ul><h2>ETIAS Hakk\u0131nda Ek Bilgiler<\/h2><ul><li>ETIAS hen\u00fcz y\u00fcr\u00fcrl\u00fc\u011fe girmedi\u011fi i\u00e7in pratikte nas\u0131l \u00e7al\u0131\u015faca\u011f\u0131 kesin de\u011fildir.<\/li><li>Bu sebeple, sistem ve ba\u015fvuru s\u00fcrecine ait yukar\u0131daki yap\u0131, format ve ad\u0131mlar de\u011fi\u015fikli\u011fe tabidir.<\/li><li>Vizeden muaf AB d\u0131\u015f\u0131 bir \u00fclkenin Schengen b\u00f6lgesine girmek isteyen bir vatanda\u015f\u0131ysan\u0131z, ETIAS&#8217;a ili\u015fkin en g\u00fcncel bilgileri almak i\u00e7in girmek istedi\u011finiz Schengen \u00fclkesinin konsolosluk yetkilileriyle ileti\u015fime ge\u00e7meniz tavsiye edilir.<\/li><\/ul>\t\t\t\t\t\t\t\t<\/div>\n\t\t\t\t<\/div>\n\t\t\t\t\t<\/div>\n\t\t<\/div>\n\t\t\t\t\t<\/div>\n\t\t<\/section>\n\t\t\t\t<\/div>\n\t\t","protected":false},"excerpt":{"rendered":"<p>ETIAS nedir? Kas\u0131m 2023\u2019te \u00e7\u0131kaca\u011f\u0131 beklenen\u00a0Avrupa Seyahat Bilgileri ve Yetkilendirme Sistemi (European Travel Information and<a class=\"read-more-text pl-2\" href=\"https:\/\/www.schengenvisas.com\/tr\/etias-avrupa-seyahat-bilgileri-ve-yetkilendirme-sistemi\/\">[Devam\u0131n\u0131 oku&#8230;]<\/a><\/p>\n","protected":false},"author":15,"featured_media":0,"parent":0,"menu_order":0,"comment_status":"closed","ping_status":"closed","template":"","meta":{"_acf_changed":false,"inline_featured_image":false,"footnotes":""},"class_list":["post-13509","page","type-page","status-publish","hentry","entry"],"acf":[],"yoast_head":"<!-- This site is optimized with the Yoast SEO Premium plugin v24.1 (Yoast SEO v24.1) - https:\/\/yoast.com\/wordpress\/plugins\/seo\/ -->\n<title>ETIAS \u2013 Avrupa Seyahat Bilgileri ve Yetkilendirme Sistemi<\/title>\n<meta name=\"description\" content=\"ETIAS \u2013 Avrupa Seyahat Bilgileri ve Yetkilendirme Sistemi | AB d\u0131\u015f\u0131ndaki \u00fclkelerden gelenler i\u00e7in elektronik seyahat prosed\u00fcr\u00fc\" \/>\n<meta name=\"robots\" content=\"index, follow, max-snippet:-1, max-image-preview:large, max-video-preview:-1\" \/>\n<link rel=\"canonical\" href=\"https:\/\/www.schengenvisas.com\/tr\/wp-json\/wp\/v2\/pages\/13509\" \/>\n<meta property=\"og:locale\" content=\"tr_TR\" \/>\n<meta property=\"og:type\" content=\"article\" \/>\n<meta property=\"og:title\" content=\"ETIAS \u2013 Avrupa Seyahat Bilgileri ve Yetkilendirme Sistemi\" \/>\n<meta property=\"og:description\" content=\"ETIAS \u2013 Avrupa Seyahat Bilgileri ve Yetkilendirme Sistemi | AB d\u0131\u015f\u0131ndaki \u00fclkelerden gelenler i\u00e7in elektronik seyahat prosed\u00fcr\u00fc\" \/>\n<meta property=\"og:url\" content=\"https:\/\/www.schengenvisas.com\/etias-european-travel-information-and-authorisation-system\/\" \/>\n<meta property=\"og:site_name\" content=\"Schengen Visas\" \/>\n<meta property=\"article:modified_time\" content=\"2025-08-06T08:29:51+00:00\" \/>\n<meta name=\"twitter:card\" content=\"summary_large_image\" \/>\n<meta name=\"twitter:label1\" content=\"Tahmini okuma s\u00fcresi\" \/>\n\t<meta name=\"twitter:data1\" content=\"6 dakika\" \/>\n<script type=\"application\/ld+json\" class=\"yoast-schema-graph\">{\"@context\":\"https:\/\/schema.org\",\"@graph\":[{\"@type\":\"WebPage\",\"@id\":\"https:\/\/www.schengenvisas.com\/etias-european-travel-information-and-authorisation-system\/\",\"url\":\"https:\/\/www.schengenvisas.com\/etias-european-travel-information-and-authorisation-system\/\",\"name\":\"ETIAS \u2013 Avrupa Seyahat Bilgileri ve Yetkilendirme Sistemi\",\"isPartOf\":{\"@id\":\"https:\/\/www.schengenvisas.com\/#website\"},\"datePublished\":\"2020-01-14T07:52:48+00:00\",\"dateModified\":\"2025-08-06T08:29:51+00:00\",\"description\":\"ETIAS \u2013 Avrupa Seyahat Bilgileri ve Yetkilendirme Sistemi | AB d\u0131\u015f\u0131ndaki \u00fclkelerden gelenler i\u00e7in elektronik seyahat prosed\u00fcr\u00fc\",\"breadcrumb\":{\"@id\":\"https:\/\/www.schengenvisas.com\/etias-european-travel-information-and-authorisation-system\/#breadcrumb\"},\"inLanguage\":\"tr\",\"potentialAction\":[{\"@type\":\"ReadAction\",\"target\":[\"https:\/\/www.schengenvisas.com\/etias-european-travel-information-and-authorisation-system\/\"]}]},{\"@type\":\"BreadcrumbList\",\"@id\":\"https:\/\/www.schengenvisas.com\/etias-european-travel-information-and-authorisation-system\/#breadcrumb\",\"itemListElement\":[{\"@type\":\"ListItem\",\"position\":1,\"name\":\"Home\",\"item\":\"https:\/\/www.schengenvisas.com\/\"},{\"@type\":\"ListItem\",\"position\":2,\"name\":\"ETIAS \u2013 Avrupa Seyahat Bilgileri ve Yetkilendirme Sistemi\"}]},{\"@type\":\"WebSite\",\"@id\":\"https:\/\/www.schengenvisas.com\/#website\",\"url\":\"https:\/\/www.schengenvisas.com\/\",\"name\":\"Schengen Visas\",\"description\":\"Schengen Visa Application Services\",\"publisher\":{\"@id\":\"https:\/\/www.schengenvisas.com\/#organization\"},\"potentialAction\":[{\"@type\":\"SearchAction\",\"target\":{\"@type\":\"EntryPoint\",\"urlTemplate\":\"https:\/\/www.schengenvisas.com\/?s={search_term_string}\"},\"query-input\":{\"@type\":\"PropertyValueSpecification\",\"valueRequired\":true,\"valueName\":\"search_term_string\"}}],\"inLanguage\":\"tr\"},{\"@type\":\"Organization\",\"@id\":\"https:\/\/www.schengenvisas.com\/#organization\",\"name\":\"Schengen Visas\",\"url\":\"https:\/\/www.schengenvisas.com\/\",\"logo\":{\"@type\":\"ImageObject\",\"inLanguage\":\"tr\",\"@id\":\"https:\/\/www.schengenvisas.com\/#\/schema\/logo\/image\/\",\"url\":\"https:\/\/www.schengenvisas.com\/wp-content\/uploads\/2023\/03\/logo.svg\",\"contentUrl\":\"https:\/\/www.schengenvisas.com\/wp-content\/uploads\/2023\/03\/logo.svg\",\"width\":894,\"height\":123,\"caption\":\"Schengen Visas\"},\"image\":{\"@id\":\"https:\/\/www.schengenvisas.com\/#\/schema\/logo\/image\/\"}}]}<\/script>\n<!-- \/ Yoast SEO Premium plugin. -->","yoast_head_json":{"title":"ETIAS \u2013 Avrupa Seyahat Bilgileri ve Yetkilendirme Sistemi","description":"ETIAS \u2013 Avrupa Seyahat Bilgileri ve Yetkilendirme Sistemi | AB d\u0131\u015f\u0131ndaki \u00fclkelerden gelenler i\u00e7in elektronik seyahat prosed\u00fcr\u00fc","robots":{"index":"index","follow":"follow","max-snippet":"max-snippet:-1","max-image-preview":"max-image-preview:large","max-video-preview":"max-video-preview:-1"},"canonical":"https:\/\/www.schengenvisas.com\/tr\/wp-json\/wp\/v2\/pages\/13509","og_locale":"tr_TR","og_type":"article","og_title":"ETIAS \u2013 Avrupa Seyahat Bilgileri ve Yetkilendirme Sistemi","og_description":"ETIAS \u2013 Avrupa Seyahat Bilgileri ve Yetkilendirme Sistemi | AB d\u0131\u015f\u0131ndaki \u00fclkelerden gelenler i\u00e7in elektronik seyahat prosed\u00fcr\u00fc","og_url":"https:\/\/www.schengenvisas.com\/etias-european-travel-information-and-authorisation-system\/","og_site_name":"Schengen Visas","article_modified_time":"2025-08-06T08:29:51+00:00","twitter_card":"summary_large_image","twitter_misc":{"Tahmini okuma s\u00fcresi":"6 dakika"},"schema":{"@context":"https:\/\/schema.org","@graph":[{"@type":"WebPage","@id":"https:\/\/www.schengenvisas.com\/etias-european-travel-information-and-authorisation-system\/","url":"https:\/\/www.schengenvisas.com\/etias-european-travel-information-and-authorisation-system\/","name":"ETIAS \u2013 Avrupa Seyahat Bilgileri ve Yetkilendirme Sistemi","isPartOf":{"@id":"https:\/\/www.schengenvisas.com\/#website"},"datePublished":"2020-01-14T07:52:48+00:00","dateModified":"2025-08-06T08:29:51+00:00","description":"ETIAS \u2013 Avrupa Seyahat Bilgileri ve Yetkilendirme Sistemi | AB d\u0131\u015f\u0131ndaki \u00fclkelerden gelenler i\u00e7in elektronik seyahat prosed\u00fcr\u00fc","breadcrumb":{"@id":"https:\/\/www.schengenvisas.com\/etias-european-travel-information-and-authorisation-system\/#breadcrumb"},"inLanguage":"tr","potentialAction":[{"@type":"ReadAction","target":["https:\/\/www.schengenvisas.com\/etias-european-travel-information-and-authorisation-system\/"]}]},{"@type":"BreadcrumbList","@id":"https:\/\/www.schengenvisas.com\/etias-european-travel-information-and-authorisation-system\/#breadcrumb","itemListElement":[{"@type":"ListItem","position":1,"name":"Home","item":"https:\/\/www.schengenvisas.com\/"},{"@type":"ListItem","position":2,"name":"ETIAS \u2013 Avrupa Seyahat Bilgileri ve Yetkilendirme Sistemi"}]},{"@type":"WebSite","@id":"https:\/\/www.schengenvisas.com\/#website","url":"https:\/\/www.schengenvisas.com\/","name":"Schengen Visas","description":"Schengen Visa Application Services","publisher":{"@id":"https:\/\/www.schengenvisas.com\/#organization"},"potentialAction":[{"@type":"SearchAction","target":{"@type":"EntryPoint","urlTemplate":"https:\/\/www.schengenvisas.com\/?s={search_term_string}"},"query-input":{"@type":"PropertyValueSpecification","valueRequired":true,"valueName":"search_term_string"}}],"inLanguage":"tr"},{"@type":"Organization","@id":"https:\/\/www.schengenvisas.com\/#organization","name":"Schengen Visas","url":"https:\/\/www.schengenvisas.com\/","logo":{"@type":"ImageObject","inLanguage":"tr","@id":"https:\/\/www.schengenvisas.com\/#\/schema\/logo\/image\/","url":"https:\/\/www.schengenvisas.com\/wp-content\/uploads\/2023\/03\/logo.svg","contentUrl":"https:\/\/www.schengenvisas.com\/wp-content\/uploads\/2023\/03\/logo.svg","width":894,"height":123,"caption":"Schengen Visas"},"image":{"@id":"https:\/\/www.schengenvisas.com\/#\/schema\/logo\/image\/"}}]}},"_links":{"self":[{"href":"https:\/\/www.schengenvisas.com\/tr\/wp-json\/wp\/v2\/pages\/13509","targetHints":{"allow":["GET"]}}],"collection":[{"href":"https:\/\/www.schengenvisas.com\/tr\/wp-json\/wp\/v2\/pages"}],"about":[{"href":"https:\/\/www.schengenvisas.com\/tr\/wp-json\/wp\/v2\/types\/page"}],"author":[{"embeddable":true,"href":"https:\/\/www.schengenvisas.com\/tr\/wp-json\/wp\/v2\/users\/15"}],"replies":[{"embeddable":true,"href":"https:\/\/www.schengenvisas.com\/tr\/wp-json\/wp\/v2\/comments?post=13509"}],"version-history":[{"count":6,"href":"https:\/\/www.schengenvisas.com\/tr\/wp-json\/wp\/v2\/pages\/13509\/revisions"}],"predecessor-version":[{"id":30236,"href":"https:\/\/www.schengenvisas.com\/tr\/wp-json\/wp\/v2\/pages\/13509\/revisions\/30236"}],"wp:attachment":[{"href":"https:\/\/www.schengenvisas.com\/tr\/wp-json\/wp\/v2\/media?parent=13509"}],"curies":[{"name":"wp","href":"https:\/\/api.w.org\/{rel}","templated":true}]}}