{"id":13516,"date":"2020-02-01T14:51:02","date_gmt":"2020-02-01T14:51:02","guid":{"rendered":"https:\/\/www.schengenvisas.com\/flight-reservation-for-schengen-visa\/"},"modified":"2021-10-10T16:38:24","modified_gmt":"2021-10-10T12:38:24","slug":"schengen-vizesi-icin-ucak-rezervasyonu","status":"publish","type":"page","link":"https:\/\/www.schengenvisas.com\/tr\/schengen-vizesi-icin-ucak-rezervasyonu\/","title":{"rendered":"Schengen Vizesi \u0130\u00e7in U\u00e7ak Rezervasyonu"},"content":{"rendered":"\t\t<div data-elementor-type=\"wp-page\" data-elementor-id=\"13516\" class=\"elementor elementor-13516 elementor-758\" data-elementor-post-type=\"page\">\n\t\t\t\t\t\t<section class=\"elementor-section elementor-top-section elementor-element elementor-element-3a029afa elementor-section-boxed elementor-section-height-default elementor-section-height-default\" data-id=\"3a029afa\" data-element_type=\"section\">\n\t\t\t\t\t\t<div class=\"elementor-container elementor-column-gap-default\">\n\t\t\t\t\t<div class=\"elementor-column elementor-col-100 elementor-top-column elementor-element elementor-element-213a6a94\" data-id=\"213a6a94\" data-element_type=\"column\">\n\t\t\t<div class=\"elementor-widget-wrap elementor-element-populated\">\n\t\t\t\t\t\t<div class=\"elementor-element elementor-element-547f3365 elementor-widget elementor-widget-text-editor\" data-id=\"547f3365\" data-element_type=\"widget\" data-widget_type=\"text-editor.default\">\n\t\t\t\t<div class=\"elementor-widget-container\">\n\t\t\t\t\t\t\t\t\t<p>\u00a0<\/p><ul><li>Konsolosluk yetkilileri Schengen vize talebinizi kabul etme ya da etmeme karar\u0131n\u0131 verirken, vize s\u00fcreniz dolmadan \u00f6nce Schengen b\u00f6lgesinden \u00e7\u0131kma niyetinizi (ve \u00e7\u0131kmak i\u00e7in gerekli mali g\u00fcc\u00fcn\u00fcz\u00fc) ba\u015far\u0131l\u0131 bir \u015fekilde g\u00f6sterip g\u00f6steremedi\u011finizi dikkatlice incelerler.<\/li><li>Vizenizin ge\u00e7erlili\u011fi bitmeden \u00f6nce Schengen b\u00f6lgesini terk etme niyetinizi belli etmenin (buna &#8220;d\u00f6n\u00fc\u015f ispat\u0131&#8221; da denir) en yayg\u0131n yollar\u0131ndan bir tanesi, vize ge\u00e7erlilik s\u00fcresi i\u00e7inde, Schengen b\u00f6lgesine giri\u015f ve \u00e7\u0131k\u0131\u015f i\u00e7in bir gidi\u015f d\u00f6n\u00fc\u015f biletine rezervasyon yapt\u0131rmakt\u0131r.<\/li><li>U\u00e7ak rezervasyonlar\u0131 en fazla kabul edilen ve en \u00e7ok tercih edilen d\u00f6n\u00fc\u015f ispat\u0131 y\u00f6ntemi olmakla beraber, Schengen b\u00f6lgesinden \u00e7\u0131k\u0131\u015f i\u00e7in tren bileti, vapur rezervasyonu gibi herhangi bir seyahat y\u00f6ntemini kullnabilirsiniz.<\/li><li>Kabul edilen baz\u0131 d\u00f6n\u00fc\u015f ispatlar\u0131 \u015funlard\u0131r:<ol><li>Schengen b\u00f6lgesinden \u00e7\u0131k\u0131\u015f i\u00e7in u\u00e7ak rezervasyonu ya da \u00f6demesi yap\u0131lm\u0131\u015f gidi\u015f d\u00f6n\u00fc\u015f u\u00e7ak bileti (ek \u00fccret \u00f6demeden biletinizi iptal edebilseniz bile) fazlas\u0131yla ge\u00e7erli bir y\u00f6ntemdir \u00e7\u00fcnk\u00fc bu y\u00f6ntem Schengen b\u00f6lgesinden gidi\u015f u\u00e7aklar\u0131na bakt\u0131\u011f\u0131n\u0131z\u0131n kan\u0131t\u0131d\u0131r ve Schengen b\u00f6lgesini terk etme konusundaki ciddiyetinizi g\u00f6stermenin en iyi yollar\u0131ndan biridir.<\/li><li>Schengen b\u00f6lgesinden \u00e7\u0131k\u0131\u015f i\u00e7in \u00f6demesi yap\u0131lm\u0131\u015f vapur bileti. \u00d6rne\u011fin G\u00fcney \u0130spanya&#8217;daki (Schengen \u00dcye \u00dclkesi) bir limandan, Fas&#8217;a (Schengen d\u0131\u015f\u0131 \u00fclke) giden vapur i\u00e7in bilet.<\/li><li>\u00d6demesi yap\u0131lm\u0131\u015f tren bileti. \u00d6rne\u011fin Paris, Fransa&#8217;dan (Schengen \u00dcye \u00dclkesi) Londra, \u0130ngiltere&#8217;ye (Schengen d\u0131\u015f\u0131 \u00fclke) giden tren i\u00e7in bilet.<\/li><li>Schengen b\u00f6lgesinden \u00e7\u0131k\u0131\u015f\u0131n\u0131z hakk\u0131nda detayl\u0131 bilgiler veren yolculuk program\u0131 (tan\u0131nan bir seyahat acentesi veya grubu taraf\u0131ndan).<\/li><\/ol><\/li><li>D\u00f6n\u00fc\u015f ispat\u0131n\u0131z\u0131 belirledikten sonra, fatura ya da yolculuk biletinin \u00e7\u0131kt\u0131s\u0131n\u0131 al\u0131p bu belgeyi ba\u015fvurunuzla birlikte Schengen b\u00f6lgesinden \u00e7\u0131k\u0131\u015f niyetiniz olarak sunman\u0131z gerekir.<\/li><li>E\u011fer bir Schengen \u00fcye \u00fclkesinden \u00e7\u0131k\u0131\u015f yapman\u0131z\u0131 sa\u011flayacak bilet i\u00e7in \u00f6n \u00f6deme yapm\u0131\u015fsan\u0131z, bunun size Schengen b\u00f6lgesini terk etmeniz i\u00e7in yeteri kadar mali g\u00fcc\u00fcn\u00fcz\u00fcn oldu\u011funu g\u00f6sterme gibi bir ek avantaj\u0131 olacakt\u0131r.<\/li><li>Biletinizde ya da seyahat program\u0131n\u0131zda yazan Schengen b\u00f6lgesinden \u00e7\u0131k\u0131\u015f tarihiniz, Schengen ba\u015fvuru formunda Schengen b\u00f6lgesinden \u00e7\u0131k\u0131\u015f tarihiniz olarak belirtti\u011finiz tarihle ayn\u0131 olmal\u0131d\u0131r. E\u011fer tarihler uyu\u015fmazsa, asl\u0131nda Schengen b\u00f6lgesinden \u00e7\u0131kma niyetinde olmad\u0131\u011f\u0131n\u0131z d\u00fc\u015f\u00fcn\u00fclebilir.<\/li><\/ul><h2>Schengen vize ba\u015fvurusu i\u00e7in neden u\u00e7ak rezervasyonu yapt\u0131rmak gerekir?<\/h2><ul><li>U\u00e7ak rezervasyonlar\u0131, di\u011fer yolculuk y\u00f6ntemlerine g\u00f6re genelde daha pahal\u0131 oldu\u011fu i\u00e7in Schengen vizesi i\u00e7in u\u00e7ak rezervasyonu yapt\u0131rmak hem Schengen b\u00f6lgesinden \u00e7\u0131kma niyetinizi hem de bunu yapabilecek maddi g\u00fcc\u00fcn\u00fcz\u00fcn oldu\u011funu g\u00f6stermenin belki de en iyi yoludur. Bu y\u00fczden, Schengen vize ba\u015fvurunuzda d\u00f6n\u00fc\u015f ispat\u0131 sunmak i\u00e7in u\u00e7ak rezervasyonu yapt\u0131rman\u0131z tavsiye edilir.<\/li><li>U\u00e7ak rezervasyonunuzu \u015fu yollardan biriyle yapabilirsiniz:<ol><li>Online u\u00e7ak rezervasyonu sitesi.<\/li><li>Online havaalan\u0131 sitesi.<\/li><li>Seyahat acentesi.<\/li><li>Havaalan\u0131n\u0131 do\u011frudan arayarak.<\/li><\/ol><\/li><li>Rezervasyon yapt\u0131rmaya karar verdikten sonra, \u015funlardan biri yap\u0131labilir:<ol><li>Bir u\u00e7ak i\u00e7in rezervasyon yapt\u0131rma ve\/veya u\u00e7u\u015f program\u0131 edinme.<\/li><li>\u0130ade edilebilir bir u\u00e7ak bileti sat\u0131n alma.<\/li><li>\u0130ade edilemeyen bir u\u00e7ak bileti sat\u0131n alma.<\/li><\/ol><\/li><li>U\u00e7ak rezervasyonu yapt\u0131rmak i\u00e7in u\u00e7ak bileti alman\u0131z gerekmez. Vizeniz onaylanmadan u\u00e7ak bileti al\u0131rsan\u0131z, Schengen vizenizin reddedilmesi durumunda paran\u0131z bo\u015fa gidebilir.<\/li><li>Tan\u0131nan bir seyahat acentesi veya seyahat sitesinden gidi\u015f d\u00f6n\u00fc\u015f bileti i\u00e7in rezervasyon yapt\u0131rmak, size ve yetkililere \u015funlar\u0131 do\u011frulama imk\u00e2n\u0131 sa\u011flayacakt\u0131r:<\/li><\/ul><ul><li style=\"list-style-type: none;\"><ol><li>Schengen b\u00f6lgesine giri\u015f ve \u00e7\u0131k\u0131\u015f i\u00e7in \u00f6n\u00fcn\u00fczdeki se\u00e7enekleri g\u00f6z \u00f6n\u00fcnde bulundurdu\u011funuzu.<\/li><li>O tarihteki u\u00e7u\u015fun ger\u00e7ek oldu\u011funu.<\/li><li>U\u00e7u\u015fun geli\u015f ve kalk\u0131\u015f tarihlerinin, Schengen b\u00f6lgesine giri\u015f ve \u00e7\u0131k\u0131\u015f i\u00e7in vize ba\u015fvurunuzda belirtti\u011finiz tarihlerle ayn\u0131 oldu\u011funu.<\/li><li>En son u\u00e7u\u015f program\u0131n\u0131z ad\u0131n\u0131z\u0131, sefer say\u0131lar\u0131n\u0131, var\u0131\u015f yeri ile tarihlerini ve biletin fiyat\u0131n\u0131 i\u00e7erece\u011finden Schengen b\u00f6lgesini terk etme niyetinizi.<\/li><\/ol><\/li><li>Schengen b\u00f6lgesinden \u00e7\u0131k\u0131\u015f i\u00e7in u\u00e7ak rezervasyonu yapt\u0131rmamak, vize ge\u00e7erlili\u011finiz i\u00e7inde Schengen b\u00f6lgesinden \u00e7\u0131kma niyetine sahip olmad\u0131\u011f\u0131n\u0131z\u0131 g\u00f6sterebilece\u011finden vize ba\u015fvurunuzun reddedilmesine neden olabilir.<\/li><li>Baz\u0131 nadir durumlarda, vizeniz onaylansa bile ba\u015fvuru yapt\u0131\u011f\u0131n\u0131z el\u00e7ilik ya da konsolosluk, Schengen vizenizi almadan \u00f6nce son bir d\u00f6n\u00fc\u015f ispat\u0131 sunman\u0131z i\u00e7in Schengen b\u00f6lgesinden \u00e7\u0131k\u0131\u015f biletinizi sat\u0131n alman\u0131z\u0131 \u015fart ko\u015fabilir. Ancak bu kesinlikle standart de\u011fildir ve ancak istisnai durumlarda meydana gelir.<\/li><\/ul><h2>Ne t\u00fcr bir u\u00e7ak rezerasyonu yapt\u0131rmal\u0131y\u0131m?<\/h2><ul><li>Schengen b\u00f6lgesinin d\u0131\u015f\u0131na yap\u0131ld\u0131\u011f\u0131 s\u00fcrece, u\u00e7ak rezervasyonunu illaki kendi \u00fclkeniz i\u00e7in yapt\u0131rman\u0131za gerek yoktur (yani u\u00e7ak Schengen \u00fclkesinin d\u0131\u015f\u0131na ini\u015f yapmal\u0131d\u0131r).<\/li><li>E\u011fer Schengen d\u0131\u015f\u0131 i\u00e7in u\u00e7ak rezervasyonunu vatanda\u015fl\u0131k ya da oturma izninizin olmad\u0131\u011f\u0131 bir \u00fc\u00e7\u00fcnc\u00fc \u00fclkeye yapt\u0131racaksan\u0131z, vard\u0131\u011f\u0131n\u0131zda s\u00f6z konusu \u00fclkeye girebilece\u011finize dair kan\u0131t sunman\u0131z gerekir. U\u00e7ak rezervasyonunuzun oldu\u011fu \u00fc\u00e7\u00fcnc\u00fc \u00fclkeye girebilece\u011finize dair yeterli bir kan\u0131t sunamazsan\u0131z, vizenizin ge\u00e7erlilik s\u00fcresi i\u00e7in Schengen b\u00f6lgesinden \u00e7\u0131kma niyetinizin olmad\u0131\u011f\u0131 d\u00fc\u015f\u00fcn\u00fclebilir ve bu nedenle vize ba\u015fvurunuz reddedilebilir.<\/li><li>Mesela M\u0131s\u0131r&#8217;da ya\u015fayan bir M\u0131s\u0131r vatanda\u015f\u0131ysan\u0131z ve Schengen b\u00f6lgesinden M\u0131s\u0131r yerine Japonya&#8217;ya d\u00f6necekseniz, Japonya u\u00e7a\u011f\u0131na binebilece\u011finizi ve \u00fclkeye girebilece\u011finizi g\u00f6stermeniz gerekir (yani M\u0131s\u0131rl\u0131 biri olarak Japonya&#8217;ya girebilmek i\u00e7in gerekli vize ya da giri\u015f belgelerine sahip oldu\u011funuzu).<\/li><li>Ayr\u0131ca \u00fc\u00e7\u00fcnc\u00fc \u00fclkeden (Schengen d\u0131\u015f\u0131 \u00fclke) vatanda\u015f\u0131 oldu\u011funuz\/oturma izninizin oldu\u011fu \u00fclkeye d\u00f6n\u00fc\u015f ispat\u0131 sunman\u0131z da tercih edilir. Yukar\u0131daki \u00f6rne\u011fe devam edersek, bu durum, ba\u015fvurunuzda eninde sonunda Japonya&#8217;dan kendi \u00fclkenize\/ikamet etti\u011finiz \u00fclkeye d\u00f6nece\u011finizi g\u00f6steren u\u00e7ak rezervasyonuna\/bilete, yani d\u00f6n\u00fc\u015f ispat\u0131na sahip oldu\u011funuz anlam\u0131na gelecektir.<\/li><li>Ba\u015fvurdu\u011funuz s\u0131rada Schengen b\u00f6lgesinden \u00e7\u0131k\u0131\u015f u\u00e7a\u011f\u0131n\u0131 kar\u015f\u0131layam\u0131yorsan\u0131z ama gelecek bir zamanda kar\u015f\u0131layabilecek imk\u00e2nlara sahip olaca\u011f\u0131n\u0131z\u0131 kan\u0131tlarsan\u0131z, vize ge\u00e7erlilik s\u00fcresi i\u00e7inde Schengen b\u00f6lgesini terk etme niyetinizi ba\u015far\u0131yla g\u00f6stermi\u015f olursunuz.<\/li><\/ul>\t\t\t\t\t\t\t\t<\/div>\n\t\t\t\t<\/div>\n\t\t\t\t\t<\/div>\n\t\t<\/div>\n\t\t\t\t\t<\/div>\n\t\t<\/section>\n\t\t\t\t<\/div>\n\t\t","protected":false},"excerpt":{"rendered":"<p>\u00a0 Konsolosluk yetkilileri Schengen vize talebinizi kabul etme ya da etmeme karar\u0131n\u0131 verirken, vize s\u00fcreniz<a class=\"read-more-text pl-2\" href=\"https:\/\/www.schengenvisas.com\/tr\/schengen-vizesi-icin-ucak-rezervasyonu\/\">[Devam\u0131n\u0131 oku&#8230;]<\/a><\/p>\n","protected":false},"author":15,"featured_media":0,"parent":0,"menu_order":0,"comment_status":"closed","ping_status":"closed","template":"","meta":{"_acf_changed":false,"inline_featured_image":false,"footnotes":""},"class_list":["post-13516","page","type-page","status-publish","hentry","entry"],"acf":[],"yoast_head":"<!-- This site is optimized with the Yoast SEO Premium plugin v24.1 (Yoast SEO v24.1) - https:\/\/yoast.com\/wordpress\/plugins\/seo\/ -->\n<title>Schengen Vize Ba\u015fvuru Formu \u0130\u00e7in U\u00e7ak Rezervasyonu<\/title>\n<meta name=\"description\" content=\"Schengen Vize Ba\u015fvuru Formu \u0130\u00e7in U\u00e7ak Rezervasyonu | Schengen B\u00f6lgesindeki bir \u00fclkeyi ziyaret i\u00e7in u\u00e7ak rezervasyonu yapt\u0131r\u0131n | Schengen Vize \u015eartlar\u0131\" \/>\n<meta name=\"robots\" content=\"index, follow, max-snippet:-1, max-image-preview:large, max-video-preview:-1\" \/>\n<link rel=\"canonical\" href=\"https:\/\/www.schengenvisas.com\/tr\/wp-json\/wp\/v2\/pages\/13516\" \/>\n<meta property=\"og:locale\" content=\"tr_TR\" \/>\n<meta property=\"og:type\" content=\"article\" \/>\n<meta property=\"og:title\" content=\"Schengen Vizesi \u0130\u00e7in U\u00e7ak Rezervasyonu\" \/>\n<meta property=\"og:description\" content=\"Schengen Vize Ba\u015fvuru Formu \u0130\u00e7in U\u00e7ak Rezervasyonu | Schengen B\u00f6lgesindeki bir \u00fclkeyi ziyaret i\u00e7in u\u00e7ak rezervasyonu yapt\u0131r\u0131n | Schengen Vize \u015eartlar\u0131\" \/>\n<meta property=\"og:url\" content=\"https:\/\/www.schengenvisas.com\/tr\/schengen-vizesi-icin-ucak-rezervasyonu\/\" \/>\n<meta property=\"og:site_name\" content=\"Schengen Visas\" \/>\n<meta property=\"article:modified_time\" content=\"2021-10-10T12:38:24+00:00\" \/>\n<meta name=\"twitter:card\" content=\"summary_large_image\" \/>\n<meta name=\"twitter:label1\" content=\"Tahmini okuma s\u00fcresi\" \/>\n\t<meta name=\"twitter:data1\" content=\"4 dakika\" \/>\n<script type=\"application\/ld+json\" class=\"yoast-schema-graph\">{\"@context\":\"https:\/\/schema.org\",\"@graph\":[{\"@type\":\"WebPage\",\"@id\":\"https:\/\/www.schengenvisas.com\/tr\/schengen-vizesi-icin-ucak-rezervasyonu\/\",\"url\":\"https:\/\/www.schengenvisas.com\/tr\/schengen-vizesi-icin-ucak-rezervasyonu\/\",\"name\":\"Schengen Vize Ba\u015fvuru Formu \u0130\u00e7in U\u00e7ak Rezervasyonu\",\"isPartOf\":{\"@id\":\"https:\/\/www.schengenvisas.com\/#website\"},\"datePublished\":\"2020-02-01T14:51:02+00:00\",\"dateModified\":\"2021-10-10T12:38:24+00:00\",\"description\":\"Schengen Vize Ba\u015fvuru Formu \u0130\u00e7in U\u00e7ak Rezervasyonu | Schengen B\u00f6lgesindeki bir \u00fclkeyi ziyaret i\u00e7in u\u00e7ak rezervasyonu yapt\u0131r\u0131n | Schengen Vize \u015eartlar\u0131\",\"breadcrumb\":{\"@id\":\"https:\/\/www.schengenvisas.com\/tr\/schengen-vizesi-icin-ucak-rezervasyonu\/#breadcrumb\"},\"inLanguage\":\"tr\",\"potentialAction\":[{\"@type\":\"ReadAction\",\"target\":[\"https:\/\/www.schengenvisas.com\/tr\/schengen-vizesi-icin-ucak-rezervasyonu\/\"]}]},{\"@type\":\"BreadcrumbList\",\"@id\":\"https:\/\/www.schengenvisas.com\/tr\/schengen-vizesi-icin-ucak-rezervasyonu\/#breadcrumb\",\"itemListElement\":[{\"@type\":\"ListItem\",\"position\":1,\"name\":\"Home\",\"item\":\"https:\/\/www.schengenvisas.com\/\"},{\"@type\":\"ListItem\",\"position\":2,\"name\":\"Schengen Vizesi \u0130\u00e7in U\u00e7ak Rezervasyonu\"}]},{\"@type\":\"WebSite\",\"@id\":\"https:\/\/www.schengenvisas.com\/#website\",\"url\":\"https:\/\/www.schengenvisas.com\/\",\"name\":\"Schengen Visas\",\"description\":\"Schengen Visa Application Services\",\"publisher\":{\"@id\":\"https:\/\/www.schengenvisas.com\/#organization\"},\"potentialAction\":[{\"@type\":\"SearchAction\",\"target\":{\"@type\":\"EntryPoint\",\"urlTemplate\":\"https:\/\/www.schengenvisas.com\/?s={search_term_string}\"},\"query-input\":{\"@type\":\"PropertyValueSpecification\",\"valueRequired\":true,\"valueName\":\"search_term_string\"}}],\"inLanguage\":\"tr\"},{\"@type\":\"Organization\",\"@id\":\"https:\/\/www.schengenvisas.com\/#organization\",\"name\":\"Schengen Visas\",\"url\":\"https:\/\/www.schengenvisas.com\/\",\"logo\":{\"@type\":\"ImageObject\",\"inLanguage\":\"tr\",\"@id\":\"https:\/\/www.schengenvisas.com\/#\/schema\/logo\/image\/\",\"url\":\"https:\/\/www.schengenvisas.com\/wp-content\/uploads\/2023\/03\/logo.svg\",\"contentUrl\":\"https:\/\/www.schengenvisas.com\/wp-content\/uploads\/2023\/03\/logo.svg\",\"width\":894,\"height\":123,\"caption\":\"Schengen Visas\"},\"image\":{\"@id\":\"https:\/\/www.schengenvisas.com\/#\/schema\/logo\/image\/\"}}]}<\/script>\n<!-- \/ Yoast SEO Premium plugin. -->","yoast_head_json":{"title":"Schengen Vize Ba\u015fvuru Formu \u0130\u00e7in U\u00e7ak Rezervasyonu","description":"Schengen Vize Ba\u015fvuru Formu \u0130\u00e7in U\u00e7ak Rezervasyonu | Schengen B\u00f6lgesindeki bir \u00fclkeyi ziyaret i\u00e7in u\u00e7ak rezervasyonu yapt\u0131r\u0131n | Schengen Vize \u015eartlar\u0131","robots":{"index":"index","follow":"follow","max-snippet":"max-snippet:-1","max-image-preview":"max-image-preview:large","max-video-preview":"max-video-preview:-1"},"canonical":"https:\/\/www.schengenvisas.com\/tr\/wp-json\/wp\/v2\/pages\/13516","og_locale":"tr_TR","og_type":"article","og_title":"Schengen Vizesi \u0130\u00e7in U\u00e7ak Rezervasyonu","og_description":"Schengen Vize Ba\u015fvuru Formu \u0130\u00e7in U\u00e7ak Rezervasyonu | Schengen B\u00f6lgesindeki bir \u00fclkeyi ziyaret i\u00e7in u\u00e7ak rezervasyonu yapt\u0131r\u0131n | Schengen Vize \u015eartlar\u0131","og_url":"https:\/\/www.schengenvisas.com\/tr\/schengen-vizesi-icin-ucak-rezervasyonu\/","og_site_name":"Schengen Visas","article_modified_time":"2021-10-10T12:38:24+00:00","twitter_card":"summary_large_image","twitter_misc":{"Tahmini okuma s\u00fcresi":"4 dakika"},"schema":{"@context":"https:\/\/schema.org","@graph":[{"@type":"WebPage","@id":"https:\/\/www.schengenvisas.com\/tr\/schengen-vizesi-icin-ucak-rezervasyonu\/","url":"https:\/\/www.schengenvisas.com\/tr\/schengen-vizesi-icin-ucak-rezervasyonu\/","name":"Schengen Vize Ba\u015fvuru Formu \u0130\u00e7in U\u00e7ak Rezervasyonu","isPartOf":{"@id":"https:\/\/www.schengenvisas.com\/#website"},"datePublished":"2020-02-01T14:51:02+00:00","dateModified":"2021-10-10T12:38:24+00:00","description":"Schengen Vize Ba\u015fvuru Formu \u0130\u00e7in U\u00e7ak Rezervasyonu | Schengen B\u00f6lgesindeki bir \u00fclkeyi ziyaret i\u00e7in u\u00e7ak rezervasyonu yapt\u0131r\u0131n | Schengen Vize \u015eartlar\u0131","breadcrumb":{"@id":"https:\/\/www.schengenvisas.com\/tr\/schengen-vizesi-icin-ucak-rezervasyonu\/#breadcrumb"},"inLanguage":"tr","potentialAction":[{"@type":"ReadAction","target":["https:\/\/www.schengenvisas.com\/tr\/schengen-vizesi-icin-ucak-rezervasyonu\/"]}]},{"@type":"BreadcrumbList","@id":"https:\/\/www.schengenvisas.com\/tr\/schengen-vizesi-icin-ucak-rezervasyonu\/#breadcrumb","itemListElement":[{"@type":"ListItem","position":1,"name":"Home","item":"https:\/\/www.schengenvisas.com\/"},{"@type":"ListItem","position":2,"name":"Schengen Vizesi \u0130\u00e7in U\u00e7ak Rezervasyonu"}]},{"@type":"WebSite","@id":"https:\/\/www.schengenvisas.com\/#website","url":"https:\/\/www.schengenvisas.com\/","name":"Schengen Visas","description":"Schengen Visa Application Services","publisher":{"@id":"https:\/\/www.schengenvisas.com\/#organization"},"potentialAction":[{"@type":"SearchAction","target":{"@type":"EntryPoint","urlTemplate":"https:\/\/www.schengenvisas.com\/?s={search_term_string}"},"query-input":{"@type":"PropertyValueSpecification","valueRequired":true,"valueName":"search_term_string"}}],"inLanguage":"tr"},{"@type":"Organization","@id":"https:\/\/www.schengenvisas.com\/#organization","name":"Schengen Visas","url":"https:\/\/www.schengenvisas.com\/","logo":{"@type":"ImageObject","inLanguage":"tr","@id":"https:\/\/www.schengenvisas.com\/#\/schema\/logo\/image\/","url":"https:\/\/www.schengenvisas.com\/wp-content\/uploads\/2023\/03\/logo.svg","contentUrl":"https:\/\/www.schengenvisas.com\/wp-content\/uploads\/2023\/03\/logo.svg","width":894,"height":123,"caption":"Schengen Visas"},"image":{"@id":"https:\/\/www.schengenvisas.com\/#\/schema\/logo\/image\/"}}]}},"_links":{"self":[{"href":"https:\/\/www.schengenvisas.com\/tr\/wp-json\/wp\/v2\/pages\/13516","targetHints":{"allow":["GET"]}}],"collection":[{"href":"https:\/\/www.schengenvisas.com\/tr\/wp-json\/wp\/v2\/pages"}],"about":[{"href":"https:\/\/www.schengenvisas.com\/tr\/wp-json\/wp\/v2\/types\/page"}],"author":[{"embeddable":true,"href":"https:\/\/www.schengenvisas.com\/tr\/wp-json\/wp\/v2\/users\/15"}],"replies":[{"embeddable":true,"href":"https:\/\/www.schengenvisas.com\/tr\/wp-json\/wp\/v2\/comments?post=13516"}],"version-history":[{"count":0,"href":"https:\/\/www.schengenvisas.com\/tr\/wp-json\/wp\/v2\/pages\/13516\/revisions"}],"wp:attachment":[{"href":"https:\/\/www.schengenvisas.com\/tr\/wp-json\/wp\/v2\/media?parent=13516"}],"curies":[{"name":"wp","href":"https:\/\/api.w.org\/{rel}","templated":true}]}}