{"id":13655,"date":"2020-03-19T12:15:49","date_gmt":"2020-03-19T12:15:49","guid":{"rendered":"https:\/\/www.schengenvisas.com\/imprint\/"},"modified":"2021-10-21T00:57:40","modified_gmt":"2021-10-20T20:57:40","slug":"bilgiler","status":"publish","type":"page","link":"https:\/\/www.schengenvisas.com\/tr\/bilgiler\/","title":{"rendered":"\u015eirket Bilgileri"},"content":{"rendered":"\t\t<div data-elementor-type=\"wp-page\" data-elementor-id=\"13655\" class=\"elementor elementor-13655 elementor-1268\" data-elementor-post-type=\"page\">\n\t\t\t\t\t\t<section class=\"elementor-section elementor-top-section elementor-element elementor-element-dd496de elementor-section-boxed elementor-section-height-default elementor-section-height-default\" data-id=\"dd496de\" data-element_type=\"section\">\n\t\t\t\t\t\t<div class=\"elementor-container elementor-column-gap-default\">\n\t\t\t\t\t<div class=\"elementor-column elementor-col-100 elementor-top-column elementor-element elementor-element-e53eaec\" data-id=\"e53eaec\" data-element_type=\"column\">\n\t\t\t<div class=\"elementor-widget-wrap elementor-element-populated\">\n\t\t\t\t\t\t<div class=\"elementor-element elementor-element-a3cdbf3 elementor-widget elementor-widget-text-editor\" data-id=\"a3cdbf3\" data-element_type=\"widget\" data-widget_type=\"text-editor.default\">\n\t\t\t\t<div class=\"elementor-widget-container\">\n\t\t\t\t\t\t\t\t\t<p>SchengenVisas.com hi\u00e7bir resm\u00ee kurumun bir par\u00e7as\u0131 de\u011fildir ve vize ba\u015fvurular\u0131n\u0131n karar a\u015famas\u0131nda, onaylanmas\u0131nda ve reddinde hi\u00e7bir rol oynamaz.<\/p><h2>H\u00fck\u00fcm ve Ko\u015fullar\u00a0<\/h2><p>Web Sitemizi kulland\u0131\u011f\u0131n\u0131zda, bu H\u00fck\u00fcm ve Ko\u015fullar otomatik olarak sizin i\u00e7in ge\u00e7erli olacakt\u0131r. Dolay\u0131s\u0131yla Web Sitesini ve i\u00e7indeki herhangi bir hizmeti kullanmadan \u00f6nce bu H\u00fck\u00fcm ve Ko\u015fullar\u0131 dikkatlice okudu\u011funuzdan emin olman\u0131z gerekir.<\/p><h2><strong>Yasal Uyar\u0131, Garantiler ve Sorumlulu\u011fun S\u0131n\u0131rland\u0131r\u0131lmas\u0131<\/strong><\/h2><p>WEB S\u0130TES\u0130, S\u0130ZE \u015e\u0130RKET\u0130N WEB S\u0130TES\u0130NDEK\u0130 \u0130\u00c7ER\u0130K VE VER\u0130LER\u0130 G\u00d6ZLEMLEME, DENETLEME VE \u0130NCELEME ZORUNLULU\u011eU OLMADI\u011eI A\u00c7IK\u00c7A ANLA\u015eILACAK \u015eEK\u0130LDE, &#8220;OLDU\u011eU G\u0130B\u0130&#8221; VE &#8220;BULUNDU\u011eU G\u0130B\u0130&#8221; SUNULUR. DOLAYISIYLA, WEB S\u0130TES\u0130N\u0130 KULLANIM R\u0130SK\u0130 S\u0130ZE A\u0130TT\u0130R VE S\u0130Z\u0130N SORUMLULU\u011eUNUZDADIR. \u015e\u0130RKET, WEB S\u0130TES\u0130N\u0130N KAL\u0130TES\u0130, DO\u011eRULU\u011eU VEYA G\u00dcVEN\u0130L\u0130RL\u0130\u011e\u0130 HAKKINDA H\u0130\u00c7B\u0130R \u0130DD\u0130A VEYA VAATTE BULUNMAZ VE ZIMN\u0130 T\u0130CARET GARANT\u0130S\u0130, BELL\u0130 B\u0130R AMA\u00c7 \u0130\u00c7\u0130N UYGUNLUK VE \u0130HLAL DI\u015eILIK D\u00c2H\u0130L OLMAK \u00dcZERE, SAR\u0130H YA DA ZIMN\u0130 HER T\u00dcRL\u00dc GARANT\u0130Y\u0130 A\u00c7IK \u015eEK\u0130LDE TEKZ\u0130P EDER.<\/p><p>V\u0130R\u00dcS, SOLUCAN, &#8220;TROJAN ATI&#8221; VE D\u0130\u011eER YIKICI MATERYALLER\u0130N WEB S\u0130TEM\u0130ZE G\u0130R\u0130\u015e\u0130N\u0130 ENGELLEMEK \u0130\u00c7\u0130N MAKUL T\u00dcM \u00d6NLEMLER\u0130 ALMA N\u0130YET\u0130NDE OLSAK DA WEB S\u0130TEM\u0130Z\u0130N VE WEB S\u0130TEM\u0130ZDEN \u0130ND\u0130R\u0130LEB\u0130LEN MATERYALLER\u0130M\u0130Z\u0130N BU G\u0130B\u0130 YIKICI \u00d6ZELL\u0130KLERE SAH\u0130P OLMAYACA\u011eINI GARANT\u0130 ETMEZ VE KEF\u0130L OLMAYIZ. BU \u00d6ZELL\u0130KLERDEN GELEB\u0130LECEK H\u0130\u00c7B\u0130R HASAR VE ZARARDAN SORUMLU TUTULAMAYIZ. WEB S\u0130TEM\u0130ZE VE WEB S\u0130TEM\u0130ZDEN ULA\u015eILAB\u0130LEN HERHANG\u0130 B\u0130R \u0130\u00c7ER\u0130\u011eE G\u00dcVEN\u0130RSEN\u0130Z, BUNUN R\u0130SK\u0130 TAMAMIYLA S\u0130ZE A\u0130TT\u0130R.<\/p><p>\u015eirket veya i\u015ftirakleri hi\u00e7bir durumda (\u015eirketin herhangi bir eylem veya ihmali ile s\u0131n\u0131rl\u0131 olmaks\u0131z\u0131n), Web Sitesinin veya herhangi bir i\u00e7eri\u011finin kullan\u0131m\u0131 veya eri\u015fimi ya da kullan\u0131lamamas\u0131 veya eri\u015filememesi sonucunda olu\u015fan hi\u00e7bir dolayl\u0131, ar\u0131zi, \u00f6zel ve\/veya nihai hasar veya k\u00e2r kayb\u0131ndan sorumlu olamaz. \u015eirketin kullan\u0131c\u0131 ve ziyaret\u00e7ileri \u00fczerinde hi\u00e7bir kontrol\u00fc olmad\u0131\u011f\u0131n\u0131 ve bilgi ve\/veya \u00f6neri ya da k\u00fc\u00e7\u00fclt\u00fcc\u00fc veya sald\u0131rgan davran\u0131\u015flar d\u00e2hil olmak \u00fczere hi\u00e7bir kullan\u0131c\u0131 ve ziyaret\u00e7inin fikri ve davran\u0131\u015f\u0131 y\u00fcz\u00fcnden sorumlu tutulamayaca\u011f\u0131n\u0131 a\u00e7\u0131k \u015fekilde kabul etmi\u015f olursunuz.<\/p><p>Web sitemiz olan SchengenVisas.com Avrupa Birli\u011fi, Avrupa Konseyi ya da ba\u015fka bir kurulu\u015fun \u00fcyesi de\u011fildir. SchengenVisas.com, \u00fccretsiz vize fark\u0131ndal\u0131\u011f\u0131 ve rehberli\u011fi sunan \u00f6zel bir yay\u0131m sitesidir. Schengen vizesi sa\u011flamak konusunda herhangi bir sorumlulu\u011fumuz yoktur.<\/p><p>Bu Web Sitesindeki bilgiler yaln\u0131zca bilgi ama\u00e7l\u0131d\u0131r. Bilgiler hukuki tavsiye de\u011fildir ve o ama\u00e7la\u00a0 verilmez. Lisansl\u0131 bir avukattan s\u00f6z konusu durumunuz hakk\u0131nda hukuki veya ba\u015fka profesyonel tavsiyeler almadan bu Web Sitesindeki i\u00e7eriklere dayanarak eylemde bulunmamal\u0131 veya eylemden ka\u00e7\u0131nmamal\u0131s\u0131n\u0131z.<\/p><p>Bu sitede verilen materyallerin ger\u00e7ek ve do\u011fru oldu\u011fundan emin olmak i\u00e7in elimizden gelen her \u015feyi yapt\u0131k. Ancak bu bilgilerin taml\u0131\u011f\u0131n\u0131 ve do\u011frulu\u011funu garanti edemez, ayr\u0131ca herhangi bir hata, ihmal veya yanl\u0131\u015fl\u0131ktan sorumlu tutulamay\u0131z. \u0130\u00e7eriklerin tamam\u0131 yaln\u0131zca bilgi ama\u00e7l\u0131d\u0131r ve yasal y\u00f6nden hi\u00e7bir \u015fekilde ba\u011flay\u0131c\u0131l\u0131\u011f\u0131 yoktur.<\/p><p><strong>Web sitemizdeki Schengen Vize Hesaplay\u0131c\u0131 (\u201c<\/strong><strong>Hesaplay\u0131c\u0131<\/strong><strong>\u201d) ve \u00e7\u0131kard\u0131\u011f\u0131 sonu\u00e7lar yaln\u0131zca genel bilgi ama\u00e7l\u0131d\u0131r. Hesaplay\u0131c\u0131n\u0131n bilgilerini g\u00fcncel ve do\u011fru tutmaya \u00e7al\u0131\u015f\u0131yoruz ama Hesaplay\u0131c\u0131n\u0131n kullan\u0131m\u0131na ili\u015fkin \u015fikayette bulunmaz, <\/strong><strong>g\u00fcvence vermez ve Hesaplay\u0131c\u0131n\u0131n eksiksizli\u011fi, do\u011frulu\u011fu, g\u00fcvenilirli\u011fi, uygunlu\u011fu veya kullan\u0131labilirli\u011fini ifade ya da ima etmeyiz. Hesaplay\u0131c\u0131 veya sonu\u00e7lar\u0131n\u0131 kullanmak profesyonel \u00f6neri veya dan\u0131\u015fmanl\u0131k yerine ge\u00e7mez ve yaln\u0131zca kullan\u0131c\u0131lar\u0131m\u0131z\u0131 90\/180 Schengen Vizesi Kural\u0131 hakk\u0131nda bilgilendirmek i\u00e7in vard\u0131r. Hesaplay\u0131c\u0131y\u0131 kullanarak 90\/180 Schengen Vizesi Kural\u0131n\u0131n kendi durumunuza g\u00f6re de\u011fi\u015fiklik g\u00f6sterebilece\u011fini anlam\u0131\u015f ve kabul etmi\u015f olursunuz. Hesaplay\u0131c\u0131y\u0131 kullanarak kendiniz i\u00e7in belirledi\u011finiz ama\u00e7 veya beklentileri kar\u015f\u0131lamad\u0131\u011f\u0131 i\u00e7in Hesaplay\u0131c\u0131n\u0131n kullan\u0131m\u0131yla ortaya \u00e7\u0131kan zararlardan (dolayl\u0131 veya sonuca ba\u011fl\u0131 hasar veya kay\u0131p, potansiyel kazan\u00e7 veya f\u0131rsat kayb\u0131 ile s\u0131n\u0131rl\u0131 olmamak \u00fczere) sorumlu de\u011filizdir. Hesaplay\u0131c\u0131y\u0131 kullanman\u0131z\u0131n ve \u00e7\u0131kan sonu\u00e7lar\u0131n riskleri tamam\u0131yla size aittir. 90\/180 Schengen Vizesi Kural\u0131n\u0131 hesaplamada ve Schengen vizesinin ba\u015fvurusunda profesyonel dan\u0131\u015fma hizmeti alman\u0131z\u0131 tavsiye ederiz.<\/strong><\/p><h2>Gizlilik Politikas\u0131\u00a0<\/h2><p>Bu web sitesinin gizlilik politikas\u0131 hakk\u0131ndaki t\u00fcm detay ve bilgilere buradan ula\u015fabilirsiniz:\u00a0<span style=\"text-decoration: underline;\"><a href=\"https:\/\/www.schengenvisas.com\/tr\/gizlilik-politikasi\/\">Gizlilik Politikas\u0131<\/a><\/span>.<\/p><h2>\u00c7erez Politikas\u0131<\/h2><p>\u00c7erez politikas\u0131 hakk\u0131ndaki t\u00fcm gerekli bilgilere buradan ula\u015fabilirsiniz:\u00a0<span style=\"text-decoration: underline;\"><a href=\"https:\/\/www.schengenvisas.com\/tr\/cerez-politikasi\/\">\u00c7erez Politikas<\/a><\/span>\u0131.<\/p><h2>Bize Ula\u015f\u0131n\u00a0<\/h2><p>H\u00fck\u00fcm ve Ko\u015fullar\u0131m\u0131z ya da Hizmetimiz hakk\u0131nda herhangi bir soru veya \u00f6neriniz ya da\u00a0 Gizlilik Politikam\u0131z ve \u00c7erez Politikam\u0131z hakk\u0131nda yorum veya sorular\u0131n\u0131z varsa veya Gizlilik Politikas\u0131 ve \u00c7erez Politikas\u0131ndaki bir ihlal hakk\u0131nda ihbarda bulunmak istiyorsan\u0131z, a\u015fa\u011f\u0131daki ileti\u015fim bilgilerinden bize her zaman ula\u015fabilirsiniz.<\/p><p><strong>SchengenVisas.com<\/strong><\/p><p><strong>E<\/strong><strong>-posta:<\/strong>\u00a0<a href=\"mailto:info@schengenvisas.com\">info@schengenvisas.com<\/a><\/p><div id=\"gtx-trans\" style=\"position: absolute; left: 70px; top: 2645.06px;\"><div class=\"gtx-trans-icon\">\u00a0<\/div><\/div>\t\t\t\t\t\t\t\t<\/div>\n\t\t\t\t<\/div>\n\t\t\t\t\t<\/div>\n\t\t<\/div>\n\t\t\t\t\t<\/div>\n\t\t<\/section>\n\t\t\t\t<\/div>\n\t\t","protected":false},"excerpt":{"rendered":"<p>SchengenVisas.com hi\u00e7bir resm\u00ee kurumun bir par\u00e7as\u0131 de\u011fildir ve vize ba\u015fvurular\u0131n\u0131n karar a\u015famas\u0131nda, onaylanmas\u0131nda ve reddinde<a class=\"read-more-text pl-2\" href=\"https:\/\/www.schengenvisas.com\/tr\/bilgiler\/\">[Devam\u0131n\u0131 oku&#8230;]<\/a><\/p>\n","protected":false},"author":15,"featured_media":0,"parent":0,"menu_order":0,"comment_status":"closed","ping_status":"closed","template":"","meta":{"_acf_changed":false,"inline_featured_image":false,"footnotes":""},"class_list":["post-13655","page","type-page","status-publish","hentry","entry"],"acf":[],"yoast_head":"<!-- This site is optimized with the Yoast SEO Premium plugin v24.1 (Yoast SEO v24.1) - https:\/\/yoast.com\/wordpress\/plugins\/seo\/ -->\n<title>Firma Bilgileri \u2013 Schengen Visas<\/title>\n<meta name=\"description\" content=\"SchengenVisas.com herhangi resm\u00ee bir kurumun par\u00e7as\u0131 de\u011fildir ve vize ba\u015fvurular\u0131n\u0131n sonu\u00e7lanmas\u0131, onaylanmas\u0131 ve reddedilmesinde rol oynamaz.\" \/>\n<meta name=\"robots\" content=\"index, follow, max-snippet:-1, max-image-preview:large, max-video-preview:-1\" \/>\n<link rel=\"canonical\" href=\"https:\/\/www.schengenvisas.com\/tr\/wp-json\/wp\/v2\/pages\/13655\" \/>\n<meta property=\"og:locale\" content=\"tr_TR\" \/>\n<meta property=\"og:type\" content=\"article\" \/>\n<meta property=\"og:title\" content=\"\u015eirket Bilgileri\" \/>\n<meta property=\"og:description\" content=\"SchengenVisas.com herhangi resm\u00ee bir kurumun par\u00e7as\u0131 de\u011fildir ve vize ba\u015fvurular\u0131n\u0131n sonu\u00e7lanmas\u0131, onaylanmas\u0131 ve reddedilmesinde rol oynamaz.\" \/>\n<meta property=\"og:url\" content=\"https:\/\/www.schengenvisas.com\/tr\/bilgiler\/\" \/>\n<meta property=\"og:site_name\" content=\"Schengen Visas\" \/>\n<meta property=\"article:modified_time\" content=\"2021-10-20T20:57:40+00:00\" \/>\n<meta name=\"twitter:card\" content=\"summary_large_image\" \/>\n<meta name=\"twitter:label1\" content=\"Tahmini okuma s\u00fcresi\" \/>\n\t<meta name=\"twitter:data1\" content=\"3 dakika\" \/>\n<script type=\"application\/ld+json\" class=\"yoast-schema-graph\">{\"@context\":\"https:\/\/schema.org\",\"@graph\":[{\"@type\":\"WebPage\",\"@id\":\"https:\/\/www.schengenvisas.com\/tr\/bilgiler\/\",\"url\":\"https:\/\/www.schengenvisas.com\/tr\/bilgiler\/\",\"name\":\"Firma Bilgileri \u2013 Schengen Visas\",\"isPartOf\":{\"@id\":\"https:\/\/www.schengenvisas.com\/#website\"},\"datePublished\":\"2020-03-19T12:15:49+00:00\",\"dateModified\":\"2021-10-20T20:57:40+00:00\",\"description\":\"SchengenVisas.com herhangi resm\u00ee bir kurumun par\u00e7as\u0131 de\u011fildir ve vize ba\u015fvurular\u0131n\u0131n sonu\u00e7lanmas\u0131, onaylanmas\u0131 ve reddedilmesinde rol oynamaz.\",\"breadcrumb\":{\"@id\":\"https:\/\/www.schengenvisas.com\/tr\/bilgiler\/#breadcrumb\"},\"inLanguage\":\"tr\",\"potentialAction\":[{\"@type\":\"ReadAction\",\"target\":[\"https:\/\/www.schengenvisas.com\/tr\/bilgiler\/\"]}]},{\"@type\":\"BreadcrumbList\",\"@id\":\"https:\/\/www.schengenvisas.com\/tr\/bilgiler\/#breadcrumb\",\"itemListElement\":[{\"@type\":\"ListItem\",\"position\":1,\"name\":\"Home\",\"item\":\"https:\/\/www.schengenvisas.com\/\"},{\"@type\":\"ListItem\",\"position\":2,\"name\":\"\u015eirket Bilgileri\"}]},{\"@type\":\"WebSite\",\"@id\":\"https:\/\/www.schengenvisas.com\/#website\",\"url\":\"https:\/\/www.schengenvisas.com\/\",\"name\":\"Schengen Visas\",\"description\":\"Schengen Visa Application Services\",\"publisher\":{\"@id\":\"https:\/\/www.schengenvisas.com\/#organization\"},\"potentialAction\":[{\"@type\":\"SearchAction\",\"target\":{\"@type\":\"EntryPoint\",\"urlTemplate\":\"https:\/\/www.schengenvisas.com\/?s={search_term_string}\"},\"query-input\":{\"@type\":\"PropertyValueSpecification\",\"valueRequired\":true,\"valueName\":\"search_term_string\"}}],\"inLanguage\":\"tr\"},{\"@type\":\"Organization\",\"@id\":\"https:\/\/www.schengenvisas.com\/#organization\",\"name\":\"Schengen Visas\",\"url\":\"https:\/\/www.schengenvisas.com\/\",\"logo\":{\"@type\":\"ImageObject\",\"inLanguage\":\"tr\",\"@id\":\"https:\/\/www.schengenvisas.com\/#\/schema\/logo\/image\/\",\"url\":\"https:\/\/www.schengenvisas.com\/wp-content\/uploads\/2023\/03\/logo.svg\",\"contentUrl\":\"https:\/\/www.schengenvisas.com\/wp-content\/uploads\/2023\/03\/logo.svg\",\"width\":894,\"height\":123,\"caption\":\"Schengen Visas\"},\"image\":{\"@id\":\"https:\/\/www.schengenvisas.com\/#\/schema\/logo\/image\/\"}}]}<\/script>\n<!-- \/ Yoast SEO Premium plugin. -->","yoast_head_json":{"title":"Firma Bilgileri \u2013 Schengen Visas","description":"SchengenVisas.com herhangi resm\u00ee bir kurumun par\u00e7as\u0131 de\u011fildir ve vize ba\u015fvurular\u0131n\u0131n sonu\u00e7lanmas\u0131, onaylanmas\u0131 ve reddedilmesinde rol oynamaz.","robots":{"index":"index","follow":"follow","max-snippet":"max-snippet:-1","max-image-preview":"max-image-preview:large","max-video-preview":"max-video-preview:-1"},"canonical":"https:\/\/www.schengenvisas.com\/tr\/wp-json\/wp\/v2\/pages\/13655","og_locale":"tr_TR","og_type":"article","og_title":"\u015eirket Bilgileri","og_description":"SchengenVisas.com herhangi resm\u00ee bir kurumun par\u00e7as\u0131 de\u011fildir ve vize ba\u015fvurular\u0131n\u0131n sonu\u00e7lanmas\u0131, onaylanmas\u0131 ve reddedilmesinde rol oynamaz.","og_url":"https:\/\/www.schengenvisas.com\/tr\/bilgiler\/","og_site_name":"Schengen Visas","article_modified_time":"2021-10-20T20:57:40+00:00","twitter_card":"summary_large_image","twitter_misc":{"Tahmini okuma s\u00fcresi":"3 dakika"},"schema":{"@context":"https:\/\/schema.org","@graph":[{"@type":"WebPage","@id":"https:\/\/www.schengenvisas.com\/tr\/bilgiler\/","url":"https:\/\/www.schengenvisas.com\/tr\/bilgiler\/","name":"Firma Bilgileri \u2013 Schengen Visas","isPartOf":{"@id":"https:\/\/www.schengenvisas.com\/#website"},"datePublished":"2020-03-19T12:15:49+00:00","dateModified":"2021-10-20T20:57:40+00:00","description":"SchengenVisas.com herhangi resm\u00ee bir kurumun par\u00e7as\u0131 de\u011fildir ve vize ba\u015fvurular\u0131n\u0131n sonu\u00e7lanmas\u0131, onaylanmas\u0131 ve reddedilmesinde rol oynamaz.","breadcrumb":{"@id":"https:\/\/www.schengenvisas.com\/tr\/bilgiler\/#breadcrumb"},"inLanguage":"tr","potentialAction":[{"@type":"ReadAction","target":["https:\/\/www.schengenvisas.com\/tr\/bilgiler\/"]}]},{"@type":"BreadcrumbList","@id":"https:\/\/www.schengenvisas.com\/tr\/bilgiler\/#breadcrumb","itemListElement":[{"@type":"ListItem","position":1,"name":"Home","item":"https:\/\/www.schengenvisas.com\/"},{"@type":"ListItem","position":2,"name":"\u015eirket Bilgileri"}]},{"@type":"WebSite","@id":"https:\/\/www.schengenvisas.com\/#website","url":"https:\/\/www.schengenvisas.com\/","name":"Schengen Visas","description":"Schengen Visa Application Services","publisher":{"@id":"https:\/\/www.schengenvisas.com\/#organization"},"potentialAction":[{"@type":"SearchAction","target":{"@type":"EntryPoint","urlTemplate":"https:\/\/www.schengenvisas.com\/?s={search_term_string}"},"query-input":{"@type":"PropertyValueSpecification","valueRequired":true,"valueName":"search_term_string"}}],"inLanguage":"tr"},{"@type":"Organization","@id":"https:\/\/www.schengenvisas.com\/#organization","name":"Schengen Visas","url":"https:\/\/www.schengenvisas.com\/","logo":{"@type":"ImageObject","inLanguage":"tr","@id":"https:\/\/www.schengenvisas.com\/#\/schema\/logo\/image\/","url":"https:\/\/www.schengenvisas.com\/wp-content\/uploads\/2023\/03\/logo.svg","contentUrl":"https:\/\/www.schengenvisas.com\/wp-content\/uploads\/2023\/03\/logo.svg","width":894,"height":123,"caption":"Schengen Visas"},"image":{"@id":"https:\/\/www.schengenvisas.com\/#\/schema\/logo\/image\/"}}]}},"_links":{"self":[{"href":"https:\/\/www.schengenvisas.com\/tr\/wp-json\/wp\/v2\/pages\/13655","targetHints":{"allow":["GET"]}}],"collection":[{"href":"https:\/\/www.schengenvisas.com\/tr\/wp-json\/wp\/v2\/pages"}],"about":[{"href":"https:\/\/www.schengenvisas.com\/tr\/wp-json\/wp\/v2\/types\/page"}],"author":[{"embeddable":true,"href":"https:\/\/www.schengenvisas.com\/tr\/wp-json\/wp\/v2\/users\/15"}],"replies":[{"embeddable":true,"href":"https:\/\/www.schengenvisas.com\/tr\/wp-json\/wp\/v2\/comments?post=13655"}],"version-history":[{"count":0,"href":"https:\/\/www.schengenvisas.com\/tr\/wp-json\/wp\/v2\/pages\/13655\/revisions"}],"wp:attachment":[{"href":"https:\/\/www.schengenvisas.com\/tr\/wp-json\/wp\/v2\/media?parent=13655"}],"curies":[{"name":"wp","href":"https:\/\/api.w.org\/{rel}","templated":true}]}}