{"id":13662,"date":"2020-02-01T14:26:24","date_gmt":"2020-02-01T14:26:24","guid":{"rendered":"https:\/\/www.schengenvisas.com\/invitation-letter-for-schengen-visa\/"},"modified":"2021-10-15T13:06:59","modified_gmt":"2021-10-15T09:06:59","slug":"schengen-vizesi-icin-davet-mektubu","status":"publish","type":"page","link":"https:\/\/www.schengenvisas.com\/tr\/schengen-vizesi-icin-davet-mektubu\/","title":{"rendered":"Schengen Vizesi \u0130\u00e7in Davet Mektubu"},"content":{"rendered":"\t\t<div data-elementor-type=\"wp-page\" data-elementor-id=\"13662\" class=\"elementor elementor-13662 elementor-749\" data-elementor-post-type=\"page\">\n\t\t\t\t\t\t<section class=\"elementor-section elementor-top-section elementor-element elementor-element-299e2319 elementor-section-boxed elementor-section-height-default elementor-section-height-default\" data-id=\"299e2319\" data-element_type=\"section\">\n\t\t\t\t\t\t<div class=\"elementor-container elementor-column-gap-default\">\n\t\t\t\t\t<div class=\"elementor-column elementor-col-100 elementor-top-column elementor-element elementor-element-7c2aa3d9\" data-id=\"7c2aa3d9\" data-element_type=\"column\">\n\t\t\t<div class=\"elementor-widget-wrap elementor-element-populated\">\n\t\t\t\t\t\t<div class=\"elementor-element elementor-element-edf671f elementor-widget elementor-widget-text-editor\" data-id=\"edf671f\" data-element_type=\"widget\" data-widget_type=\"text-editor.default\">\n\t\t\t\t<div class=\"elementor-widget-container\">\n\t\t\t\t\t\t\t\t\t<h2>Schengen vizesi i\u00e7in davet mektubu nedir?<\/h2><ul><li>Schengen b\u00f6lgesini ziyaret amac\u0131n\u0131za g\u00f6re, ba\u015fvuru yapt\u0131\u011f\u0131n\u0131z konsoloslu\u011fa ya da el\u00e7ili\u011fe bir davet mektubu sunman\u0131z gerekebilir. Davet mektuplar\u0131 bir nevi Schengen b\u00f6lgesindeki birine konuk olman\u0131z, bir i\u015f yapman\u0131z ya da \u00e7e\u015fitli etkinliklere kat\u0131lman\u0131z i\u00e7in size g\u00f6nderilmi\u015f isteklerdir.<\/li><li>Davet mektuplar\u0131n\u0131n b\u00fcy\u00fck bir \u00e7o\u011funlu\u011fu, vizeye ba\u015fvuran ki\u015fiye (yani davet edilen ki\u015fiye) yaz\u0131lmal\u0131 ve g\u00f6nderilmelidir. \u0130\u015f sebebiyle yaz\u0131lm\u0131\u015f davet mektuplar\u0131 baz\u0131 durumlarda konsoloslu\u011fa ya da el\u00e7ili\u011fe de g\u00f6nderilebilir ama bu genelde sadece resm\u00ee \u00fcye\/temsilciler i\u00e7in g\u00f6nderilen y\u00fcksek d\u00fczeyli davetleri i\u00e7erir.<\/li><li>Davet mektup ya da mektuplar\u0131n\u0131z\u0131 ba\u015fvuru yapaca\u011f\u0131n\u0131z konsoloslu\u011fa ya da el\u00e7ili\u011fe sunduktan sonra Schengen vize ba\u015fvurunuzda sundu\u011funuz davet mektubunun ger\u00e7ek olup olmad\u0131\u011f\u0131 incelenir.<\/li><li>Bir davet mektubu, a\u015fa\u011f\u0131daki durumlarda Schengen vize ba\u015fvurusunda <a href=\"https:\/\/www.schengenvisas.com\/tr\/schengen-vizesi-basvuru-sartlari\/\"><strong><u>Gerekli Temel Belgeler<\/u><\/strong> <\/a>ile birlikte sunman\u0131z gereken ek belgelerden bir tanesidir.<\/li><li><strong>A\u015fa\u011f\u0131daki <\/strong><strong>sebeplerle<\/strong><strong> Schengen b\u00f6lgesine yap\u0131lan seyahatler i\u00e7in davet mektubu zorunlu olabilir: <\/strong><ol><li><strong>Turizm.<\/strong><\/li><li><strong>Aile ve arkada\u015flar\u0131 ziyaret<\/strong>.<\/li><li><strong>Ticaret<\/strong>.<\/li><li><strong>K\u00fclt\u00fcrel, bilimsel, din\u00ee, politik veya <\/strong><strong>ba\u015fka bir<\/strong><strong> etkinlik\/program<\/strong><strong>a<\/strong><strong> kat\u0131lma<\/strong>.<\/li><li><strong>Resm\u00ee davetler<\/strong>.<\/li><\/ol><\/li><\/ul><h2>Davet mektubu kimler i\u00e7in gereklidir?<\/h2><ul><li>E\u011fer Schengen b\u00f6lgesine turistik ama\u00e7larla gidecek ve birine konuk olacaksan\u0131z (yani kalaca\u011f\u0131n\u0131z yer i\u00e7in para vermek yerine bir ki\u015finin evinde kalacaksan\u0131z), davet mektubuna ihtiyac\u0131n\u0131z vard\u0131r.<\/li><li>E\u011fer Schengen b\u00f6lgesine a\u011f\u0131rl\u0131kl\u0131 olarak sosyal ama\u00e7larla gidecek\u00a0 (aile ve arkada\u015flar\u0131 ziyaret etmek gibi) ve onlarla kalacaksan\u0131z (yani otelde kalmak yerine ziyaret etti\u011finiz ki\u015finin evinde kalacaksan\u0131z), bir davet mektubu sunman\u0131z gerekir.<\/li><li>E\u011fer Schengen b\u00f6lgesine i\u015f amac\u0131yla gidecekseniz, bir ticari kurulu\u015ftan konferans, toplant\u0131 veya genel etkinliklere kat\u0131lman\u0131z\u0131 resm\u00ee olarak talep eden bir davet mektubu alman\u0131z gerekebilir.<\/li><li>E\u011fer a\u015fa\u011f\u0131daki sebeplerden biriyle seyahat edecekseniz, davet mektubuna ihtiyac\u0131n\u0131z vard\u0131r:<ol><li>K\u00fclt\u00fcrel sebepler (k\u00fclt\u00fcrel etkinliklere kat\u0131lmak);<\/li><li>Bilimsel sebepler (bilimsel bir ara\u015ft\u0131rma yapmak ya da bir bilim konferans\u0131na kat\u0131lmak);<\/li><li>Din\u00ee sebepler (din\u00ee etkinlik ya da toplant\u0131lara kat\u0131lmak);<\/li><li>Spor sebebi (bir tak\u0131m\u0131n \u00fcyesi olarak spor etkinliklerine kat\u0131lmak);<\/li><li>Politik sebepler (konferans gibi politik etkinliklere kat\u0131lmak).<\/li><\/ol><\/li><\/ul><ul><li>E\u011fer resm\u00ee bir ziyaret sebebiyle seyahat edecekseniz, yani siyasi bir delegenin \u00fcyesiyseniz ve bir Schengen \u00fclkesinin devlet kurulu\u015fundan ya da Schengen&#8217;e ait bir kurulu\u015ftan Schengen b\u00f6lgesindeki bir ya da birka\u00e7 \u00fclkeyi ziyaret etmeniz i\u00e7in davet alm\u0131\u015fsan\u0131z, bir davet mektubuna ihtiyac\u0131n\u0131z vard\u0131r.<\/li><\/ul><h2>Davet mektubu kimler i\u00e7in gerekli de\u011fildir?<\/h2><ul><li>E\u011fer a\u011f\u0131rl\u0131kl\u0131 olarak turistik ama\u00e7larla seyahat edecek ve birine konuk olmayacksan\u0131z (yani ya otelde kalacak ya da bir yer kiralayacaksan\u0131z), davet mektubuna ihtiyac\u0131n\u0131z yoktur.<\/li><li>E\u011fer a\u011f\u0131rl\u0131kl\u0131 olarak sa\u011fl\u0131k sebepleriyle seyahat edecekseniz (yani t\u0131bbi tedavi alman\u0131z gerekiyorsa), davet mektubuna ihtiyac\u0131n\u0131z yoktur.<\/li><li>E\u011fer a\u011f\u0131rl\u0131kl\u0131 olarak e\u011fitim amac\u0131yla seyahat edecekseniz (yani bir okula ba\u015flayacak ya da bir e\u011fitim etkinli\u011fine\/program\u0131na kat\u0131lacaksan\u0131z), davet mektubuna ihtiyac\u0131n\u0131z yoktur.<\/li><li>E\u011fer Havaalan\u0131 Transit Vizesi ile Schengen b\u00f6lgesinden ge\u00e7i\u015f yap\u0131yorsan\u0131z, davet mektubuna ihtiyac\u0131n\u0131z yoktur.<\/li><\/ul><h2>Turizm i\u00e7in Schengen vizesi davet mektubu<\/h2><ul><li>E\u011fer turistik ama\u00e7larla Schengen b\u00f6lgesine seyahat edecek ve birine konuk olacaksan\u0131z (yani otel yerine tan\u0131d\u0131\u011f\u0131n\u0131z birinde kalacaksan\u0131z), davet mektubu sunman\u0131z gerekir.<\/li><li>Mektup, ziyaret etti\u011finiz aile \u00fcyesi\/\u00fcyeleri ya da arkada\u015f\/arkada\u015flar taraf\u0131ndan yaz\u0131lmal\u0131d\u0131r.<\/li><li>Mektup Schengen b\u00f6lgesindeki seyahatiniz boyunca mektubu yazan ki\u015fiyle birlikte kalaca\u011f\u0131n\u0131z\u0131n yaz\u0131l\u0131 bir iste\u011fi \u015feklinde olmal\u0131d\u0131r.<\/li><li>Mektubun i\u00e7eri\u011finde \u015funlar bulunmal\u0131d\u0131r:<ul><li>Mektubu yazan ki\u015finin ad\u0131.<\/li><li>Aran\u0131zdaki ili\u015fki (akrabal\u0131k durumu\/birbirinizi nas\u0131l tan\u0131yorsunuz).<\/li><li>Kalma tarihleri ve s\u00fcresi.<\/li><li>Kalaca\u011f\u0131n\u0131z ki\u015finin tam adresi.<\/li><li>Planlad\u0131\u011f\u0131n\u0131z faaliyetler.<\/li><li>Ziyarete ili\u015fkin mali bilgiler (seyahat\/kalma maliyetini kim kar\u015f\u0131l\u0131yor).<\/li><li>E\u011fer ev sahibiniz, seyahat i\u00e7in mali kefiliniz olacaksa, o ki\u015fi y\u0131ll\u0131k maa\u015f d\u00e2hil olmak \u00fczere mesle\u011fi hakk\u0131nda bilgi vermelidir.<\/li><\/ul><\/li><li>Yaz\u0131l\u0131 davetin yan\u0131 s\u0131ra, daveti yazan ki\u015finin kendi kimlik belgesinin (kimlik kart\u0131 veya pasaport gibi) fotokopisini eklemesi gerekir.<\/li><li>E\u011fer seyahatiniz boyunca birden fazla ki\u015finin evinde kalacaksan\u0131z, kalaca\u011f\u0131n\u0131z her ev sahibinin sizin ad\u0131n\u0131za mektup yazmas\u0131 gerekir. E\u011fer \u00e7oklu giri\u015f Schengen vizesine sahipseniz, bu mektuplar bilhassa gerekli olacakt\u0131r. \u00d6rne\u011fin Schengen b\u00f6lgesine birka\u00e7 kere girip \u00e7\u0131kacak ve Schengen b\u00f6lgesinde bulunaca\u011f\u0131n\u0131z s\u00fcre boyunca \u00fc\u00e7 farkl\u0131 ev sahibinde kalacaksan\u0131z, \u00fc\u00e7 farkl\u0131 mektubunuzun olmas\u0131 gerekir.<\/li><\/ul><h2>Aile ve arkada\u015flar\u0131 ziyaret i\u00e7in Schengen vizesi davet mektubu<\/h2><ul><li>E\u011fer a\u011f\u0131rl\u0131kl\u0131 olarak sosyal sebeplerle seyahat edecek (aile va arkada\u015flar\u0131 ziyaret) ve onlarla kalacaksan\u0131z (yani otel yerine ziyaret etti\u011finiz ki\u015fide kalma), bir davet mektubu sunman\u0131z gerekir.<\/li><li>Mektup, ziyaret etti\u011finiz aile \u00fcyesi\/\u00fcyeleri ya da arkada\u015f\/arkada\u015flar taraf\u0131ndan yaz\u0131lmal\u0131d\u0131r.<\/li><li>Mektup Schengen b\u00f6lgesindeki seyahatiniz boyunca mektubu yazan ki\u015fiyle birlikte kalaca\u011f\u0131n\u0131z\u0131n yaz\u0131l\u0131 bir iste\u011fi \u015feklinde olmal\u0131d\u0131r.<\/li><li>Mektubun i\u00e7eri\u011finde \u015funlar bulunmal\u0131d\u0131r:<ul><li>Mektubu yazan ki\u015finin ad\u0131.<\/li><li>Aran\u0131zdaki ili\u015fki (akrabal\u0131k durumu\/birbirinizi nas\u0131l tan\u0131yorsunuz).<\/li><li>Kalma tarihleri ve s\u00fcresi.<\/li><li>Kalaca\u011f\u0131n\u0131z ki\u015finin tam adresi.<\/li><li>\u0130leti\u015fim bilgileri (telefon numaras\u0131, e-posta).<\/li><li>Planlanan etkinlikler.<\/li><li>Ziyarete ili\u015fkin mali bilgiler (seyahat\/kalma maliyetini kim kar\u015f\u0131l\u0131yor).<\/li><li>E\u011fer ev sahibiniz, seyahat i\u00e7in mali kefiliniz olacaksa, o ki\u015fi y\u0131ll\u0131k maa\u015f d\u00e2hil olmak \u00fczere mesle\u011fi hakk\u0131nda bilgi vermelidir.<\/li><\/ul><\/li><li>Yaz\u0131l\u0131 davetin yan\u0131 s\u0131ra, daveti yazan ki\u015finin kendi kimlik belgesinin (kimlik kart\u0131 veya pasaport gibi) fotokopisini eklemesi gerekir.<\/li><li>E\u011fer seyahatiniz boyunca birden fazla akraba ya da arkada\u015f\u0131n evinde kalacaksan\u0131z, kalaca\u011f\u0131n\u0131z her ev sahibinin sizin ad\u0131n\u0131za mektup yazmas\u0131 gerekir. E\u011fer \u00e7oklu giri\u015f Schengen vizesine sahipseniz, bu mektuplar bilhassa gerekli olacakt\u0131r. \u00d6rne\u011fin Schengen b\u00f6lgesine birka\u00e7 kere girip \u00e7\u0131kacak ve Schengen b\u00f6lgesinde bulunaca\u011f\u0131n\u0131z s\u00fcre boyunca \u00fc\u00e7 farkl\u0131 akraban\u0131zda kalacaksan\u0131z, \u00fc\u00e7 farkl\u0131 mektubunuzun olmas\u0131 gerekir.<\/li><\/ul><h2>\u0130\u015f i\u00e7in Schengen vizesi davet mektubu<\/h2><ul><li>E\u011fer Schengen b\u00f6lgesine a\u011f\u0131rl\u0131kl\u0131 olarak i\u015f yapma amac\u0131yla seyahat edecekseniz, bir ticari kurulu\u015ftan konferans, toplant\u0131 veya genel etkinliklere kat\u0131lman\u0131z\u0131 resm\u00ee olarak talep eden bir davet mektubu alman\u0131z gerekecektir.<\/li><li>Mektup sizi konferansa \u00e7a\u011f\u0131ran ya da sizinle i\u015f yapacak olan organizasyon(lar), kurulu\u015f(lar) ya da ki\u015fi taraf\u0131ndan yaz\u0131lmal\u0131d\u0131r.<\/li><li>Mektup, Schengen b\u00f6lgesine ziyaretiniz s\u0131ras\u0131nda i\u015f etkinliklerine kat\u0131lman\u0131z\u0131 steyen yaz\u0131l\u0131 bir talep \u015feklinde olmal\u0131d\u0131r.<\/li><li>Mektubun i\u00e7eri\u011finde \u015funlar bulunmal\u0131d\u0131r:<ul><li>\u015eirket, kurulu\u015f\/organizasyon ya da mektubu yazan ki\u015finin ad\u0131.<\/li><li>\u015eirket, konferans ve\/veya organizasyonun\/kurulu\u015fun a\u00e7\u0131klamas\u0131.<\/li><li>Ba\u015fvuran ki\u015finin yapaca\u011f\u0131 i\u015fin ya da kat\u0131lmay\u0131 planlad\u0131\u011f\u0131 etkinli\u011fin a\u00e7\u0131klamas\u0131.<\/li><li>Etkinliklerin tarih ve s\u00fcresi.<\/li><li>Organizasyon ya da kurulu\u015fun tam adresi.<\/li><li>Planlanan faaliyetler.<\/li><\/ul><\/li><\/ul><h2>K\u00fclt\u00fcrel, bilimsel, din\u00ee, spor, siyasi ve ba\u015fka bir etkinlik\/program i\u00e7in Schengen vizesi davet mektubu<\/h2><ul><li>A\u011f\u0131rl\u0131 olarak a\u015fa\u011f\u0131daki sebeplerden biriyle seyahat edecekseniz, kat\u0131l\u0131m\u0131n\u0131z\u0131 resm\u00ee olarak talep eden bir davet mektubuna ihtiyac\u0131n\u0131z olabilir:<ol><li>K\u00fclt\u00fcrel sebepler (k\u00fclt\u00fcrel etkinliklere kat\u0131lmak).<\/li><li>Bilimsel sebepler (bilimsel bir ara\u015ft\u0131rma yapmak ya da bir bilim konferans\u0131na kat\u0131lmak).<\/li><li>Din\u00ee sebepler (din\u00ee etkinlik\/toplant\u0131lara kat\u0131lmak).<\/li><li>Spor sebebi (bir tak\u0131m\u0131n \u00fcyesi olarak spor etkinliklerine kat\u0131lmak).<\/li><li>Politik sebepler (konferans gibi politik etkinliklere kat\u0131lmak).<\/li><li>Di\u011fer (kat\u0131lman\u0131z i\u00e7in davet ald\u0131\u011f\u0131n\u0131z etkinlikler\/programlar).<\/li><\/ol><\/li><\/ul><ul><li>Mektup, ziyaret etti\u011finiz\/kat\u0131ld\u0131\u011f\u0131n\u0131z organizasyon ya da kurulu\u015fu temsil eden biri taraf\u0131ndan yaz\u0131lmal\u0131d\u0131r.<\/li><li>\u00d6rne\u011fin din\u00ee sebeplerle seyahat ediyorsan\u0131z, size kat\u0131lma davetinde bulunan din\u00ee kurulu\u015f taraf\u0131ndan yaz\u0131l\u0131 bir davet alman\u0131z gerekir.<\/li><li>Mektup, Schengen vizesine olan seyahatinizde k\u00fclt\u00fcrel, bilimsel, din\u00ee, sporla ilgili, politik veya ba\u015fka bir etkinlikli\u011fe\/programa kat\u0131lman\u0131z\u0131 isteyen yaz\u0131l\u0131 bir istek \u015feklinde olmal\u0131d\u0131r.<\/li><li>Mektubun i\u00e7eri\u011finde \u015funlar bulunmal\u0131d\u0131r:<ul><li>Mektubu yazan ki\u015finin ya da kurulu\u015fun ad\u0131.<\/li><li>Kurulu\u015f ya da organizasyonun a\u00e7\u0131klamas\u0131.<\/li><li>Ba\u015fvuran ki\u015finin kat\u0131lmay\u0131 ama\u00e7lad\u0131\u011f\u0131 etkinliklerin a\u00e7\u0131klamas\u0131.<\/li><li>Etkinliklerin tarih ve s\u00fcreleri.<\/li><li>Kurulu\u015f ya da organizasyonun tam adresi.<\/li><li>Planlanan faaliyetler.<\/li><\/ul><\/li><li>Yaz\u0131l\u0131 davetin yan\u0131 s\u0131ra, davet edildi\u011finiz etkinlik ya da etkinliklerin bilet n\u00fcshas\u0131n\u0131 eklemeniz gerekir (e\u011fer varsa).<\/li><\/ul><h2>Resm\u00ee davet sonras\u0131 Schengen vizesi i\u00e7in davet mektubu (siyasi)<\/h2><ul><li>E\u011fer birincil olarak resm\u00ee bir ziyaret amac\u0131yla seyahat edecekseniz, yani Schengen d\u0131\u015f\u0131ndaki bir \u00fc\u00e7\u00fcnc\u00fc \u00fclke ad\u0131na (sizin \u00fclkeniz) seyahat eden bir delegenin \u00fcyesiyseniz ve bir Schengen \u00fclkesinin devlet kurulu\u015fundan ya da Schengen&#8217;e ait bir kurulu\u015ftan siyasi etkinlik, m\u00fczakere, k\u00fclt\u00fcrel de\u011fi\u015fim program\u0131 vb.ne kat\u0131lmak i\u00e7in Schengen b\u00f6lgesindeki bir ya da birka\u00e7 \u00fclkeyi ziyaret etme daveti alm\u0131\u015fsan\u0131z, \u015funlara ihtiyac\u0131n\u0131z vard\u0131r:<ol><li>\u00dclkenizin (dolay\u0131s\u0131yla sizin) s\u00f6z konusu etkinli\u011fe kat\u0131lmas\u0131n\u0131 isteyen resm\u00ee davetin n\u00fcshas\u0131.<\/li><li>Resm\u00ee davette s\u00f6z konusu olan etkinlikte yer almak i\u00e7in Schengen b\u00f6lgesine giden delegenin resm\u00ee bir \u00fcyesi oldu\u011funuzu ilan eden, \u00fc\u00e7\u00fcnc\u00fc \u00fclkedeki (sizin \u00fclkeniz\/Schengen d\u0131\u015f\u0131 \u00fclke) bir yetkili taraf\u0131ndan yaz\u0131lm\u0131\u015f mektup.\u00a0<\/li><\/ol><\/li><li>Bu mektubun i\u00e7eri\u011finde \u015funlar bulunmal\u0131d\u0131r:<ul><li>Mektubu yazan ki\u015fi veya devlet kurum ya da kurulu\u015funun ad\u0131.<\/li><li>Ba\u015fvuran ki\u015finin kat\u0131lmay\u0131 planlad\u0131\u011f\u0131 etkinliklerin a\u00e7\u0131klamas\u0131.<\/li><li>Etkinliklerin tarih ve s\u00fcreleri.<\/li><li>Gidilecek \u00fclkedeki organizasyon ya da kurulu\u015fun ad\u0131 ve adresi (e\u011fer uygunsa).<\/li><li>Planlanan faaliyetler.<\/li><\/ul><\/li><\/ul><h2>Genel Bilgiler<\/h2><ul><li>E\u011fer varsa belgelerin asl\u0131n\u0131, yoksa da \u00e7\u0131kt\u0131lar\u0131n\u0131 getirip vize ba\u015fvurunuzla birlikte teslim edin.<\/li><li>Yukar\u0131daki yap\u0131, format ve i\u00e7erikler evrensel olarak kabul edilse de her \u00fclkenin davet mektuplar\u0131 i\u00e7in farkl\u0131 \u015fart veya tercihleri olabilir.<\/li><li>\u0130laveten, baz\u0131 \u00fclkeler mektubu yazan ki\u015finin ek belgeler sunmas\u0131n\u0131 isteyebilir. Bu belgeler as\u0131l davet mektubunu destekleyicidir ve \u00fclkere g\u00f6re de\u011fi\u015febilir. Mesela \u0130sve\u00e7, mektubu yazan ki\u015finin \u0130sve\u00e7 Vergi \u0130daresi taraf\u0131ndan \u00e7\u0131kar\u0131lan \u00f6zel bir medeni kay\u0131t sertifikas\u0131 eklemesini ister.<\/li><li>Baz\u0131 \u00fclkeler, davet mektubu i\u00e7in kendi konsolosluklar\u0131n\u0131n internet sitesinden ula\u015f\u0131labilen tekli form ve \u015fablonlar sunabilir. \u00d6rne\u011fin resm\u00ee \u0130sve\u00e7 g\u00f6\u00e7menlik hizmetlerinin internet sitesinde, yurt d\u0131\u015f\u0131ndaki akraba veya arkada\u015flar\u0131n\u0131 davet etmek isteyen \u0130sve\u00e7liler taraf\u0131ndan indirilip doldurulabilen bir davet formu vard\u0131r. Bu gibi formlara ula\u015fmak ve davet mektuplar\u0131n\u0131n format ile i\u00e7eriklerine ili\u015fkin detayl\u0131 bilgiler almak i\u00e7in l\u00fctfen konsolosluk ya da el\u00e7ilik ile ileti\u015fime ge\u00e7in.<\/li><\/ul>\t\t\t\t\t\t\t\t<\/div>\n\t\t\t\t<\/div>\n\t\t\t\t\t<\/div>\n\t\t<\/div>\n\t\t\t\t\t<\/div>\n\t\t<\/section>\n\t\t\t\t<\/div>\n\t\t","protected":false},"excerpt":{"rendered":"<p>Schengen vizesi i\u00e7in davet mektubu nedir? Schengen b\u00f6lgesini ziyaret amac\u0131n\u0131za g\u00f6re, ba\u015fvuru yapt\u0131\u011f\u0131n\u0131z konsoloslu\u011fa ya<a class=\"read-more-text pl-2\" href=\"https:\/\/www.schengenvisas.com\/tr\/schengen-vizesi-icin-davet-mektubu\/\">[Devam\u0131n\u0131 oku&#8230;]<\/a><\/p>\n","protected":false},"author":15,"featured_media":0,"parent":0,"menu_order":0,"comment_status":"closed","ping_status":"closed","template":"","meta":{"_acf_changed":false,"inline_featured_image":false,"footnotes":""},"class_list":["post-13662","page","type-page","status-publish","hentry","entry"],"acf":[],"yoast_head":"<!-- This site is optimized with the Yoast SEO Premium plugin v24.1 (Yoast SEO v24.1) - https:\/\/yoast.com\/wordpress\/plugins\/seo\/ -->\n<title>Schengen Vizesi \u0130\u00e7in Davet Mektubu | Ziyaret Vizesi \u0130\u00e7in Mektup<\/title>\n<meta name=\"description\" content=\"Schengen Vizesi \u0130\u00e7in Davet Mektubu | Ziyaret Vizesi i\u00e7in herhangi bir Schengen \u00fclkesinde ya\u015fayan ev sahibinin yazd\u0131\u011f\u0131 ve imzalad\u0131\u011f\u0131 mektup\" \/>\n<meta name=\"robots\" content=\"index, follow, max-snippet:-1, max-image-preview:large, max-video-preview:-1\" \/>\n<link rel=\"canonical\" href=\"https:\/\/www.schengenvisas.com\/tr\/wp-json\/wp\/v2\/pages\/13662\" \/>\n<meta property=\"og:locale\" content=\"tr_TR\" \/>\n<meta property=\"og:type\" content=\"article\" \/>\n<meta property=\"og:title\" content=\"Schengen Vizesi \u0130\u00e7in Davet Mektubu\" \/>\n<meta property=\"og:description\" content=\"Schengen Vizesi \u0130\u00e7in Davet Mektubu | Ziyaret Vizesi i\u00e7in herhangi bir Schengen \u00fclkesinde ya\u015fayan ev sahibinin yazd\u0131\u011f\u0131 ve imzalad\u0131\u011f\u0131 mektup\" \/>\n<meta property=\"og:url\" content=\"https:\/\/www.schengenvisas.com\/tr\/schengen-vizesi-icin-davet-mektubu\/\" \/>\n<meta property=\"og:site_name\" content=\"Schengen Visas\" \/>\n<meta property=\"article:modified_time\" content=\"2021-10-15T09:06:59+00:00\" \/>\n<meta name=\"twitter:card\" content=\"summary_large_image\" \/>\n<meta name=\"twitter:label1\" content=\"Tahmini okuma s\u00fcresi\" \/>\n\t<meta name=\"twitter:data1\" content=\"6 dakika\" \/>\n<script type=\"application\/ld+json\" class=\"yoast-schema-graph\">{\"@context\":\"https:\/\/schema.org\",\"@graph\":[{\"@type\":\"WebPage\",\"@id\":\"https:\/\/www.schengenvisas.com\/tr\/schengen-vizesi-icin-davet-mektubu\/\",\"url\":\"https:\/\/www.schengenvisas.com\/tr\/schengen-vizesi-icin-davet-mektubu\/\",\"name\":\"Schengen Vizesi \u0130\u00e7in Davet Mektubu | Ziyaret Vizesi \u0130\u00e7in Mektup\",\"isPartOf\":{\"@id\":\"https:\/\/www.schengenvisas.com\/#website\"},\"datePublished\":\"2020-02-01T14:26:24+00:00\",\"dateModified\":\"2021-10-15T09:06:59+00:00\",\"description\":\"Schengen Vizesi \u0130\u00e7in Davet Mektubu | Ziyaret Vizesi i\u00e7in herhangi bir Schengen \u00fclkesinde ya\u015fayan ev sahibinin yazd\u0131\u011f\u0131 ve imzalad\u0131\u011f\u0131 mektup\",\"breadcrumb\":{\"@id\":\"https:\/\/www.schengenvisas.com\/tr\/schengen-vizesi-icin-davet-mektubu\/#breadcrumb\"},\"inLanguage\":\"tr\",\"potentialAction\":[{\"@type\":\"ReadAction\",\"target\":[\"https:\/\/www.schengenvisas.com\/tr\/schengen-vizesi-icin-davet-mektubu\/\"]}]},{\"@type\":\"BreadcrumbList\",\"@id\":\"https:\/\/www.schengenvisas.com\/tr\/schengen-vizesi-icin-davet-mektubu\/#breadcrumb\",\"itemListElement\":[{\"@type\":\"ListItem\",\"position\":1,\"name\":\"Home\",\"item\":\"https:\/\/www.schengenvisas.com\/\"},{\"@type\":\"ListItem\",\"position\":2,\"name\":\"Schengen Vizesi \u0130\u00e7in Davet Mektubu\"}]},{\"@type\":\"WebSite\",\"@id\":\"https:\/\/www.schengenvisas.com\/#website\",\"url\":\"https:\/\/www.schengenvisas.com\/\",\"name\":\"Schengen Visas\",\"description\":\"Schengen Visa Application Services\",\"publisher\":{\"@id\":\"https:\/\/www.schengenvisas.com\/#organization\"},\"potentialAction\":[{\"@type\":\"SearchAction\",\"target\":{\"@type\":\"EntryPoint\",\"urlTemplate\":\"https:\/\/www.schengenvisas.com\/?s={search_term_string}\"},\"query-input\":{\"@type\":\"PropertyValueSpecification\",\"valueRequired\":true,\"valueName\":\"search_term_string\"}}],\"inLanguage\":\"tr\"},{\"@type\":\"Organization\",\"@id\":\"https:\/\/www.schengenvisas.com\/#organization\",\"name\":\"Schengen Visas\",\"url\":\"https:\/\/www.schengenvisas.com\/\",\"logo\":{\"@type\":\"ImageObject\",\"inLanguage\":\"tr\",\"@id\":\"https:\/\/www.schengenvisas.com\/#\/schema\/logo\/image\/\",\"url\":\"https:\/\/www.schengenvisas.com\/wp-content\/uploads\/2023\/03\/logo.svg\",\"contentUrl\":\"https:\/\/www.schengenvisas.com\/wp-content\/uploads\/2023\/03\/logo.svg\",\"width\":894,\"height\":123,\"caption\":\"Schengen Visas\"},\"image\":{\"@id\":\"https:\/\/www.schengenvisas.com\/#\/schema\/logo\/image\/\"}}]}<\/script>\n<!-- \/ Yoast SEO Premium plugin. -->","yoast_head_json":{"title":"Schengen Vizesi \u0130\u00e7in Davet Mektubu | Ziyaret Vizesi \u0130\u00e7in Mektup","description":"Schengen Vizesi \u0130\u00e7in Davet Mektubu | Ziyaret Vizesi i\u00e7in herhangi bir Schengen \u00fclkesinde ya\u015fayan ev sahibinin yazd\u0131\u011f\u0131 ve imzalad\u0131\u011f\u0131 mektup","robots":{"index":"index","follow":"follow","max-snippet":"max-snippet:-1","max-image-preview":"max-image-preview:large","max-video-preview":"max-video-preview:-1"},"canonical":"https:\/\/www.schengenvisas.com\/tr\/wp-json\/wp\/v2\/pages\/13662","og_locale":"tr_TR","og_type":"article","og_title":"Schengen Vizesi \u0130\u00e7in Davet Mektubu","og_description":"Schengen Vizesi \u0130\u00e7in Davet Mektubu | Ziyaret Vizesi i\u00e7in herhangi bir Schengen \u00fclkesinde ya\u015fayan ev sahibinin yazd\u0131\u011f\u0131 ve imzalad\u0131\u011f\u0131 mektup","og_url":"https:\/\/www.schengenvisas.com\/tr\/schengen-vizesi-icin-davet-mektubu\/","og_site_name":"Schengen Visas","article_modified_time":"2021-10-15T09:06:59+00:00","twitter_card":"summary_large_image","twitter_misc":{"Tahmini okuma s\u00fcresi":"6 dakika"},"schema":{"@context":"https:\/\/schema.org","@graph":[{"@type":"WebPage","@id":"https:\/\/www.schengenvisas.com\/tr\/schengen-vizesi-icin-davet-mektubu\/","url":"https:\/\/www.schengenvisas.com\/tr\/schengen-vizesi-icin-davet-mektubu\/","name":"Schengen Vizesi \u0130\u00e7in Davet Mektubu | Ziyaret Vizesi \u0130\u00e7in Mektup","isPartOf":{"@id":"https:\/\/www.schengenvisas.com\/#website"},"datePublished":"2020-02-01T14:26:24+00:00","dateModified":"2021-10-15T09:06:59+00:00","description":"Schengen Vizesi \u0130\u00e7in Davet Mektubu | Ziyaret Vizesi i\u00e7in herhangi bir Schengen \u00fclkesinde ya\u015fayan ev sahibinin yazd\u0131\u011f\u0131 ve imzalad\u0131\u011f\u0131 mektup","breadcrumb":{"@id":"https:\/\/www.schengenvisas.com\/tr\/schengen-vizesi-icin-davet-mektubu\/#breadcrumb"},"inLanguage":"tr","potentialAction":[{"@type":"ReadAction","target":["https:\/\/www.schengenvisas.com\/tr\/schengen-vizesi-icin-davet-mektubu\/"]}]},{"@type":"BreadcrumbList","@id":"https:\/\/www.schengenvisas.com\/tr\/schengen-vizesi-icin-davet-mektubu\/#breadcrumb","itemListElement":[{"@type":"ListItem","position":1,"name":"Home","item":"https:\/\/www.schengenvisas.com\/"},{"@type":"ListItem","position":2,"name":"Schengen Vizesi \u0130\u00e7in Davet Mektubu"}]},{"@type":"WebSite","@id":"https:\/\/www.schengenvisas.com\/#website","url":"https:\/\/www.schengenvisas.com\/","name":"Schengen Visas","description":"Schengen Visa Application Services","publisher":{"@id":"https:\/\/www.schengenvisas.com\/#organization"},"potentialAction":[{"@type":"SearchAction","target":{"@type":"EntryPoint","urlTemplate":"https:\/\/www.schengenvisas.com\/?s={search_term_string}"},"query-input":{"@type":"PropertyValueSpecification","valueRequired":true,"valueName":"search_term_string"}}],"inLanguage":"tr"},{"@type":"Organization","@id":"https:\/\/www.schengenvisas.com\/#organization","name":"Schengen Visas","url":"https:\/\/www.schengenvisas.com\/","logo":{"@type":"ImageObject","inLanguage":"tr","@id":"https:\/\/www.schengenvisas.com\/#\/schema\/logo\/image\/","url":"https:\/\/www.schengenvisas.com\/wp-content\/uploads\/2023\/03\/logo.svg","contentUrl":"https:\/\/www.schengenvisas.com\/wp-content\/uploads\/2023\/03\/logo.svg","width":894,"height":123,"caption":"Schengen Visas"},"image":{"@id":"https:\/\/www.schengenvisas.com\/#\/schema\/logo\/image\/"}}]}},"_links":{"self":[{"href":"https:\/\/www.schengenvisas.com\/tr\/wp-json\/wp\/v2\/pages\/13662","targetHints":{"allow":["GET"]}}],"collection":[{"href":"https:\/\/www.schengenvisas.com\/tr\/wp-json\/wp\/v2\/pages"}],"about":[{"href":"https:\/\/www.schengenvisas.com\/tr\/wp-json\/wp\/v2\/types\/page"}],"author":[{"embeddable":true,"href":"https:\/\/www.schengenvisas.com\/tr\/wp-json\/wp\/v2\/users\/15"}],"replies":[{"embeddable":true,"href":"https:\/\/www.schengenvisas.com\/tr\/wp-json\/wp\/v2\/comments?post=13662"}],"version-history":[{"count":0,"href":"https:\/\/www.schengenvisas.com\/tr\/wp-json\/wp\/v2\/pages\/13662\/revisions"}],"wp:attachment":[{"href":"https:\/\/www.schengenvisas.com\/tr\/wp-json\/wp\/v2\/media?parent=13662"}],"curies":[{"name":"wp","href":"https:\/\/api.w.org\/{rel}","templated":true}]}}