{"id":13690,"date":"2020-02-01T14:33:23","date_gmt":"2020-02-01T14:33:23","guid":{"rendered":"https:\/\/www.schengenvisas.com\/schengen-visa-photo-requirements\/"},"modified":"2021-10-15T13:01:52","modified_gmt":"2021-10-15T09:01:52","slug":"schengen-vizesi-fotograf-sartlari","status":"publish","type":"page","link":"https:\/\/www.schengenvisas.com\/tr\/schengen-vizesi-fotograf-sartlari\/","title":{"rendered":"Schengen Vizesi \u0130\u00e7in Foto\u011fraf \u015eartlar\u0131"},"content":{"rendered":"\t\t<div data-elementor-type=\"wp-page\" data-elementor-id=\"13690\" class=\"elementor elementor-13690 elementor-752\" data-elementor-post-type=\"page\">\n\t\t\t\t\t\t<section class=\"elementor-section elementor-top-section elementor-element elementor-element-4364a422 elementor-section-boxed elementor-section-height-default elementor-section-height-default\" data-id=\"4364a422\" data-element_type=\"section\">\n\t\t\t\t\t\t<div class=\"elementor-container elementor-column-gap-default\">\n\t\t\t\t\t<div class=\"elementor-column elementor-col-100 elementor-top-column elementor-element elementor-element-4451ba91\" data-id=\"4451ba91\" data-element_type=\"column\">\n\t\t\t<div class=\"elementor-widget-wrap elementor-element-populated\">\n\t\t\t\t\t\t<div class=\"elementor-element elementor-element-6a9ac90e elementor-widget elementor-widget-text-editor\" data-id=\"6a9ac90e\" data-element_type=\"widget\" data-widget_type=\"text-editor.default\">\n\t\t\t\t<div class=\"elementor-widget-container\">\n\t\t\t\t\t\t\t\t\t<h2>Schengen vize ba\u015fvurusunda foto\u011fraf i\u00e7in neler istenir?<\/h2><ul><li>Schengen vizesine ba\u015fvuracaksan\u0131z, kimlik saptama amac\u0131yla kendinizin \u0130K\u0130 foto\u011fraf\u0131n\u0131 sunman\u0131z gerekir. Bu foto\u011fraflar <a href=\"https:\/\/www.schengenvisas.com\/tr\/schengen-vizesi-basvuru-sartlari\/\"><strong><u>Gerekli Temel Belgeler<\/u><\/strong><\/a> aras\u0131ndad\u0131r ve belirli bir boyut, format ve perspektifte olmal\u0131d\u0131r.<\/li><li>Bu foto\u011fraflar\u0131 m\u00fcmk\u00fcnse bir ata\u015fla ba\u015fvurunuza tutturun. Foto\u011fraflar\u0131 do\u011frudan sayfaya z\u0131mbalamay\u0131n ya da yap\u0131\u015ft\u0131r\u0131c\u0131yla yap\u0131\u015ft\u0131rmay\u0131n.<\/li><\/ul><p><img fetchpriority=\"high\" decoding=\"async\" class=\"size-medium wp-image-5405 aligncenter\" src=\"https:\/\/www.schengenvisas.com\/wp-content\/uploads\/2020\/09\/Photo-Requirements-for-a-Schengen-Visa-246x300.jpg\" alt=\"Photo Requirements for a Schengen Visa\" width=\"246\" height=\"300\" srcset=\"https:\/\/www.schengenvisas.com\/wp-content\/uploads\/2020\/09\/Photo-Requirements-for-a-Schengen-Visa-246x300.jpg 246w, https:\/\/www.schengenvisas.com\/wp-content\/uploads\/2020\/09\/Photo-Requirements-for-a-Schengen-Visa-840x1024.jpg 840w, https:\/\/www.schengenvisas.com\/wp-content\/uploads\/2020\/09\/Photo-Requirements-for-a-Schengen-Visa-768x936.jpg 768w, https:\/\/www.schengenvisas.com\/wp-content\/uploads\/2020\/09\/Photo-Requirements-for-a-Schengen-Visa-1260x1536.jpg 1260w, https:\/\/www.schengenvisas.com\/wp-content\/uploads\/2020\/09\/Photo-Requirements-for-a-Schengen-Visa-1680x2048.jpg 1680w\" sizes=\"(max-width: 246px) 100vw, 246px\" \/><\/p><ul><li>Bu foto\u011fraflar\u0131n a\u015fa\u011f\u0131daki \u015fartlara uymas\u0131 gerekir:<ul><li>Pasaport boyutunda (3.5 x 4.5 cm).<\/li><li>Sizi en iyi \u015fekilde temsil eden (yani normal g\u00f6r\u00fcn\u00fc\u015f\u00fcn\u00fcz\/do\u011fal cilt renginizde) ve yak\u0131n zamanda \u00e7ekilmi\u015f (son 6 ay i\u00e7inde).<\/li><li>Beyaz bir arka planla ve sadece sizi i\u00e7erecek \u015fekilde; kareye ba\u015fka hi\u00e7bir ki\u015fi veya nesne girmemeli.<\/li><li>Y\u00fcz\u00fcn\u00fcz\u00fcn tamam\u0131n\u0131 ve omuzlar\u0131n\u0131z\u0131n yaln\u0131zca \u00fcst taraf\u0131n\u0131 alacak \u015fekilde.<\/li><li>Y\u00fcz\u00fcn\u00fcz\u00fcn ileriye d\u00f6n\u00fck olmal\u0131, y\u00fcz\u00fcn\u00fcze ait t\u00fcm \u00f6zellikler g\u00f6r\u00fcnmeli (yani sa\u00e7la ya da g\u00fcne\u015f g\u00f6zl\u00fc\u011f\u00fc gibi aksesuarla kapat\u0131lmamal\u0131), foto\u011fraf\u0131n 32-36 mm&#8217;sini (%70-80) kapsamal\u0131d\u0131r. E\u011fer normalde g\u00f6zl\u00fck tak\u0131yorsan\u0131z (renksiz caml\u0131), \u00e7er\u00e7eveler g\u00f6z\u00fcn\u00fcz\u00fcn herhangi bir k\u0131sm\u0131n\u0131 kapatmad\u0131\u011f\u0131 s\u00fcrece foto\u011frafta da takabilirsiniz.<\/li><li>A\u011fz\u0131n\u0131z kapal\u0131 ve g\u00f6zleriniz a\u00e7\u0131k olacak \u015fekilde, y\u00fcz\u00fcn\u00fczde do\u011fal bir ifade olmal\u0131d\u0131r (g\u00f6z\u00fcn\u00fcz k\u0131rm\u0131z\u0131 \u00e7\u0131karsa, dijital olarak d\u00fczeltilmelidir).<\/li><li>Din\u00ee sebeplerle tak\u0131lan ba\u015f\u00f6rt\u00fcleri kabul edilse de \u00e7enenizden g\u00f6z\u00fcn\u00fcze kadar y\u00fcz\u00fcn\u00fcze ait t\u00fcm \u00f6zellikler g\u00f6r\u00fcn\u00fcr olmal\u0131d\u0131r. E\u011fer karede ba\u015f\u00f6rt\u00fcs\u00fcn\u00fcn kuma\u015f\u0131 varsa, bu kuma\u015f yaln\u0131zca aln\u0131n\u0131z\u0131n \u00fcst k\u0131sm\u0131n\u0131 \u00f6rtebilir.<\/li><li>Foto\u011fraflar belirgin, odaklanm\u0131\u015f, rengiyle oynanmam\u0131\u015f, normal kontrast ve parlakl\u0131kta olmal\u0131d\u0131r.<\/li><li>Foto\u011fraflar\u0131n \u00e7\u0131kt\u0131s\u0131 y\u00fcksek \u00e7\u00f6z\u00fcn\u00fcrl\u00fckte ve y\u00fcksek kaliteli bir foto\u011fraf ka\u011f\u0131d\u0131nda al\u0131nmal\u0131d\u0131r.<\/li><li>Foto\u011fraflar i\u015faretlenmemi\u015f, \u00e7iziksiz, yaz\u0131c\u0131 damgas\u0131z ve k\u0131r\u0131\u015f\u0131ks\u0131z olmal\u0131d\u0131r.<\/li><\/ul><\/li><li>Vizeye e\u011fer resm\u00ee bir online vize ba\u015fvuru portal\u0131 arac\u0131l\u0131\u011f\u0131yla internetten ba\u015fvuruyorsan\u0131z, elektronik ba\u015fvurunuzun bir par\u00e7as\u0131 olarak foto\u011fraflar\u0131n\u0131z\u0131 elektronik ortamda taraman\u0131z ve\/veya y\u00fcklemeniz istenebilir. Bu durumda, bu foto\u011fraflar da yukar\u0131daki \u015fartlar\u0131 kar\u015f\u0131lamal\u0131d\u0131r. \u00c7o\u011fu \u00fclkenin konsolosluk ya da el\u00e7ili\u011fi, online ba\u015fvuruyla birlikte ba\u015fvurunuzun \u00e7\u0131kt\u0131s\u0131n\u0131 da istedi\u011fi i\u00e7in online g\u00f6nderdiklerinize ek olarak foto\u011fraflar\u0131n\u0131z\u0131n somut bir n\u00fcshas\u0131n\u0131 da vermeniz gerekebilir.<\/li><li>G\u00f6nderdi\u011finiz bu foto\u011fraflar, biyometrik kimlik saptaman\u0131z\u0131n bir par\u00e7as\u0131 olur ve vize verilerinin \u00fcye \u00fclkeler aras\u0131nda payla\u015f\u0131lmas\u0131n\u0131 sa\u011flayan Schengen Vize Bilgi Sistemi&#8217;ne (VIS) girilir. Bilgiler girildikten sonraki 5 sene boyunca, bu veriler \u00fcye \u00fclkelerin yetkilileri taraf\u0131ndan kullan\u0131labilir. Bu s\u00fcre i\u00e7erisinde, yetkililer bu verileri g\u00f6\u00e7 ya da s\u0131\u011f\u0131nmaya ili\u015fkin ama\u00e7larla kullanabilir ve hatta ter\u00f6rizm ve di\u011fer ekstrem su\u00e7 \u015fekillerini \u00f6nleme\/soru\u015fturma amac\u0131yla verilerinizden faydalan\u0131labilir. Bundan dolay\u0131, bu foto\u011fraflar\u0131 yollayarak yukar\u0131daki ama\u00e7lar\u0131n tamam\u0131 i\u00e7in foto\u011fraflar\u0131n\u0131z\u0131n kullan\u0131labilece\u011fini kabul etmi\u015f olursunuz.<\/li><\/ul>\t\t\t\t\t\t\t\t<\/div>\n\t\t\t\t<\/div>\n\t\t\t\t\t<\/div>\n\t\t<\/div>\n\t\t\t\t\t<\/div>\n\t\t<\/section>\n\t\t\t\t<\/div>\n\t\t","protected":false},"excerpt":{"rendered":"<p>Schengen vize ba\u015fvurusunda foto\u011fraf i\u00e7in neler istenir? Schengen vizesine ba\u015fvuracaksan\u0131z, kimlik saptama amac\u0131yla kendinizin \u0130K\u0130<a class=\"read-more-text pl-2\" href=\"https:\/\/www.schengenvisas.com\/tr\/schengen-vizesi-fotograf-sartlari\/\">[Devam\u0131n\u0131 oku&#8230;]<\/a><\/p>\n","protected":false},"author":15,"featured_media":0,"parent":0,"menu_order":0,"comment_status":"closed","ping_status":"closed","template":"","meta":{"_acf_changed":false,"inline_featured_image":false,"footnotes":""},"class_list":["post-13690","page","type-page","status-publish","hentry","entry"],"acf":[],"yoast_head":"<!-- This site is optimized with the Yoast SEO Premium plugin v24.1 (Yoast SEO v24.1) - https:\/\/yoast.com\/wordpress\/plugins\/seo\/ -->\n<title>Schengen Vizesi Foto\u011fraf \u015eartlar\u0131 | Foto\u011fraf Bilgileri<\/title>\n<meta name=\"description\" content=\"Schengen Vizesi Foto\u011fraf \u015eartlar\u0131. Foto\u011fraf B\u00fcy\u00fckl\u00fc\u011f\u00fc ve Arka Plan Rengi \u0130\u00e7in \u015eartlar\u0131 \u00d6\u011frenin\" \/>\n<meta name=\"robots\" content=\"index, follow, max-snippet:-1, max-image-preview:large, max-video-preview:-1\" \/>\n<link rel=\"canonical\" href=\"https:\/\/www.schengenvisas.com\/tr\/wp-json\/wp\/v2\/pages\/13690\" \/>\n<meta property=\"og:locale\" content=\"tr_TR\" \/>\n<meta property=\"og:type\" content=\"article\" \/>\n<meta property=\"og:title\" content=\"Schengen Vizesi \u0130\u00e7in Foto\u011fraf \u015eartlar\u0131\" \/>\n<meta property=\"og:description\" content=\"Schengen Vizesi Foto\u011fraf \u015eartlar\u0131. Foto\u011fraf B\u00fcy\u00fckl\u00fc\u011f\u00fc ve Arka Plan Rengi \u0130\u00e7in \u015eartlar\u0131 \u00d6\u011frenin\" \/>\n<meta property=\"og:url\" content=\"https:\/\/www.schengenvisas.com\/tr\/schengen-vizesi-fotograf-sartlari\/\" \/>\n<meta property=\"og:site_name\" content=\"Schengen Visas\" \/>\n<meta property=\"article:modified_time\" content=\"2021-10-15T09:01:52+00:00\" \/>\n<meta property=\"og:image\" content=\"https:\/\/www.schengenvisas.com\/wp-content\/uploads\/2020\/09\/Photo-Requirements-for-a-Schengen-Visa-246x300.jpg\" \/>\n<meta name=\"twitter:card\" content=\"summary_large_image\" \/>\n<meta name=\"twitter:label1\" content=\"Tahmini okuma s\u00fcresi\" \/>\n\t<meta name=\"twitter:data1\" content=\"2 dakika\" \/>\n<script type=\"application\/ld+json\" class=\"yoast-schema-graph\">{\"@context\":\"https:\/\/schema.org\",\"@graph\":[{\"@type\":\"WebPage\",\"@id\":\"https:\/\/www.schengenvisas.com\/tr\/schengen-vizesi-fotograf-sartlari\/\",\"url\":\"https:\/\/www.schengenvisas.com\/tr\/schengen-vizesi-fotograf-sartlari\/\",\"name\":\"Schengen Vizesi Foto\u011fraf \u015eartlar\u0131 | Foto\u011fraf Bilgileri\",\"isPartOf\":{\"@id\":\"https:\/\/www.schengenvisas.com\/#website\"},\"primaryImageOfPage\":{\"@id\":\"https:\/\/www.schengenvisas.com\/tr\/schengen-vizesi-fotograf-sartlari\/#primaryimage\"},\"image\":{\"@id\":\"https:\/\/www.schengenvisas.com\/tr\/schengen-vizesi-fotograf-sartlari\/#primaryimage\"},\"thumbnailUrl\":\"https:\/\/www.schengenvisas.com\/wp-content\/uploads\/2020\/09\/Photo-Requirements-for-a-Schengen-Visa-246x300.jpg\",\"datePublished\":\"2020-02-01T14:33:23+00:00\",\"dateModified\":\"2021-10-15T09:01:52+00:00\",\"description\":\"Schengen Vizesi Foto\u011fraf \u015eartlar\u0131. Foto\u011fraf B\u00fcy\u00fckl\u00fc\u011f\u00fc ve Arka Plan Rengi \u0130\u00e7in \u015eartlar\u0131 \u00d6\u011frenin\",\"breadcrumb\":{\"@id\":\"https:\/\/www.schengenvisas.com\/tr\/schengen-vizesi-fotograf-sartlari\/#breadcrumb\"},\"inLanguage\":\"tr\",\"potentialAction\":[{\"@type\":\"ReadAction\",\"target\":[\"https:\/\/www.schengenvisas.com\/tr\/schengen-vizesi-fotograf-sartlari\/\"]}]},{\"@type\":\"ImageObject\",\"inLanguage\":\"tr\",\"@id\":\"https:\/\/www.schengenvisas.com\/tr\/schengen-vizesi-fotograf-sartlari\/#primaryimage\",\"url\":\"https:\/\/www.schengenvisas.com\/wp-content\/uploads\/2020\/09\/Photo-Requirements-for-a-Schengen-Visa-246x300.jpg\",\"contentUrl\":\"https:\/\/www.schengenvisas.com\/wp-content\/uploads\/2020\/09\/Photo-Requirements-for-a-Schengen-Visa-246x300.jpg\"},{\"@type\":\"BreadcrumbList\",\"@id\":\"https:\/\/www.schengenvisas.com\/tr\/schengen-vizesi-fotograf-sartlari\/#breadcrumb\",\"itemListElement\":[{\"@type\":\"ListItem\",\"position\":1,\"name\":\"Home\",\"item\":\"https:\/\/www.schengenvisas.com\/\"},{\"@type\":\"ListItem\",\"position\":2,\"name\":\"Schengen Vizesi \u0130\u00e7in Foto\u011fraf \u015eartlar\u0131\"}]},{\"@type\":\"WebSite\",\"@id\":\"https:\/\/www.schengenvisas.com\/#website\",\"url\":\"https:\/\/www.schengenvisas.com\/\",\"name\":\"Schengen Visas\",\"description\":\"Schengen Visa Application Services\",\"publisher\":{\"@id\":\"https:\/\/www.schengenvisas.com\/#organization\"},\"potentialAction\":[{\"@type\":\"SearchAction\",\"target\":{\"@type\":\"EntryPoint\",\"urlTemplate\":\"https:\/\/www.schengenvisas.com\/?s={search_term_string}\"},\"query-input\":{\"@type\":\"PropertyValueSpecification\",\"valueRequired\":true,\"valueName\":\"search_term_string\"}}],\"inLanguage\":\"tr\"},{\"@type\":\"Organization\",\"@id\":\"https:\/\/www.schengenvisas.com\/#organization\",\"name\":\"Schengen Visas\",\"url\":\"https:\/\/www.schengenvisas.com\/\",\"logo\":{\"@type\":\"ImageObject\",\"inLanguage\":\"tr\",\"@id\":\"https:\/\/www.schengenvisas.com\/#\/schema\/logo\/image\/\",\"url\":\"https:\/\/www.schengenvisas.com\/wp-content\/uploads\/2023\/03\/logo.svg\",\"contentUrl\":\"https:\/\/www.schengenvisas.com\/wp-content\/uploads\/2023\/03\/logo.svg\",\"width\":894,\"height\":123,\"caption\":\"Schengen Visas\"},\"image\":{\"@id\":\"https:\/\/www.schengenvisas.com\/#\/schema\/logo\/image\/\"}}]}<\/script>\n<!-- \/ Yoast SEO Premium plugin. -->","yoast_head_json":{"title":"Schengen Vizesi Foto\u011fraf \u015eartlar\u0131 | Foto\u011fraf Bilgileri","description":"Schengen Vizesi Foto\u011fraf \u015eartlar\u0131. Foto\u011fraf B\u00fcy\u00fckl\u00fc\u011f\u00fc ve Arka Plan Rengi \u0130\u00e7in \u015eartlar\u0131 \u00d6\u011frenin","robots":{"index":"index","follow":"follow","max-snippet":"max-snippet:-1","max-image-preview":"max-image-preview:large","max-video-preview":"max-video-preview:-1"},"canonical":"https:\/\/www.schengenvisas.com\/tr\/wp-json\/wp\/v2\/pages\/13690","og_locale":"tr_TR","og_type":"article","og_title":"Schengen Vizesi \u0130\u00e7in Foto\u011fraf \u015eartlar\u0131","og_description":"Schengen Vizesi Foto\u011fraf \u015eartlar\u0131. Foto\u011fraf B\u00fcy\u00fckl\u00fc\u011f\u00fc ve Arka Plan Rengi \u0130\u00e7in \u015eartlar\u0131 \u00d6\u011frenin","og_url":"https:\/\/www.schengenvisas.com\/tr\/schengen-vizesi-fotograf-sartlari\/","og_site_name":"Schengen Visas","article_modified_time":"2021-10-15T09:01:52+00:00","og_image":[{"url":"https:\/\/www.schengenvisas.com\/wp-content\/uploads\/2020\/09\/Photo-Requirements-for-a-Schengen-Visa-246x300.jpg","type":"","width":"","height":""}],"twitter_card":"summary_large_image","twitter_misc":{"Tahmini okuma s\u00fcresi":"2 dakika"},"schema":{"@context":"https:\/\/schema.org","@graph":[{"@type":"WebPage","@id":"https:\/\/www.schengenvisas.com\/tr\/schengen-vizesi-fotograf-sartlari\/","url":"https:\/\/www.schengenvisas.com\/tr\/schengen-vizesi-fotograf-sartlari\/","name":"Schengen Vizesi Foto\u011fraf \u015eartlar\u0131 | Foto\u011fraf Bilgileri","isPartOf":{"@id":"https:\/\/www.schengenvisas.com\/#website"},"primaryImageOfPage":{"@id":"https:\/\/www.schengenvisas.com\/tr\/schengen-vizesi-fotograf-sartlari\/#primaryimage"},"image":{"@id":"https:\/\/www.schengenvisas.com\/tr\/schengen-vizesi-fotograf-sartlari\/#primaryimage"},"thumbnailUrl":"https:\/\/www.schengenvisas.com\/wp-content\/uploads\/2020\/09\/Photo-Requirements-for-a-Schengen-Visa-246x300.jpg","datePublished":"2020-02-01T14:33:23+00:00","dateModified":"2021-10-15T09:01:52+00:00","description":"Schengen Vizesi Foto\u011fraf \u015eartlar\u0131. Foto\u011fraf B\u00fcy\u00fckl\u00fc\u011f\u00fc ve Arka Plan Rengi \u0130\u00e7in \u015eartlar\u0131 \u00d6\u011frenin","breadcrumb":{"@id":"https:\/\/www.schengenvisas.com\/tr\/schengen-vizesi-fotograf-sartlari\/#breadcrumb"},"inLanguage":"tr","potentialAction":[{"@type":"ReadAction","target":["https:\/\/www.schengenvisas.com\/tr\/schengen-vizesi-fotograf-sartlari\/"]}]},{"@type":"ImageObject","inLanguage":"tr","@id":"https:\/\/www.schengenvisas.com\/tr\/schengen-vizesi-fotograf-sartlari\/#primaryimage","url":"https:\/\/www.schengenvisas.com\/wp-content\/uploads\/2020\/09\/Photo-Requirements-for-a-Schengen-Visa-246x300.jpg","contentUrl":"https:\/\/www.schengenvisas.com\/wp-content\/uploads\/2020\/09\/Photo-Requirements-for-a-Schengen-Visa-246x300.jpg"},{"@type":"BreadcrumbList","@id":"https:\/\/www.schengenvisas.com\/tr\/schengen-vizesi-fotograf-sartlari\/#breadcrumb","itemListElement":[{"@type":"ListItem","position":1,"name":"Home","item":"https:\/\/www.schengenvisas.com\/"},{"@type":"ListItem","position":2,"name":"Schengen Vizesi \u0130\u00e7in Foto\u011fraf \u015eartlar\u0131"}]},{"@type":"WebSite","@id":"https:\/\/www.schengenvisas.com\/#website","url":"https:\/\/www.schengenvisas.com\/","name":"Schengen Visas","description":"Schengen Visa Application Services","publisher":{"@id":"https:\/\/www.schengenvisas.com\/#organization"},"potentialAction":[{"@type":"SearchAction","target":{"@type":"EntryPoint","urlTemplate":"https:\/\/www.schengenvisas.com\/?s={search_term_string}"},"query-input":{"@type":"PropertyValueSpecification","valueRequired":true,"valueName":"search_term_string"}}],"inLanguage":"tr"},{"@type":"Organization","@id":"https:\/\/www.schengenvisas.com\/#organization","name":"Schengen Visas","url":"https:\/\/www.schengenvisas.com\/","logo":{"@type":"ImageObject","inLanguage":"tr","@id":"https:\/\/www.schengenvisas.com\/#\/schema\/logo\/image\/","url":"https:\/\/www.schengenvisas.com\/wp-content\/uploads\/2023\/03\/logo.svg","contentUrl":"https:\/\/www.schengenvisas.com\/wp-content\/uploads\/2023\/03\/logo.svg","width":894,"height":123,"caption":"Schengen Visas"},"image":{"@id":"https:\/\/www.schengenvisas.com\/#\/schema\/logo\/image\/"}}]}},"_links":{"self":[{"href":"https:\/\/www.schengenvisas.com\/tr\/wp-json\/wp\/v2\/pages\/13690","targetHints":{"allow":["GET"]}}],"collection":[{"href":"https:\/\/www.schengenvisas.com\/tr\/wp-json\/wp\/v2\/pages"}],"about":[{"href":"https:\/\/www.schengenvisas.com\/tr\/wp-json\/wp\/v2\/types\/page"}],"author":[{"embeddable":true,"href":"https:\/\/www.schengenvisas.com\/tr\/wp-json\/wp\/v2\/users\/15"}],"replies":[{"embeddable":true,"href":"https:\/\/www.schengenvisas.com\/tr\/wp-json\/wp\/v2\/comments?post=13690"}],"version-history":[{"count":0,"href":"https:\/\/www.schengenvisas.com\/tr\/wp-json\/wp\/v2\/pages\/13690\/revisions"}],"wp:attachment":[{"href":"https:\/\/www.schengenvisas.com\/tr\/wp-json\/wp\/v2\/media?parent=13690"}],"curies":[{"name":"wp","href":"https:\/\/api.w.org\/{rel}","templated":true}]}}