{"id":13712,"date":"2020-02-01T15:14:06","date_gmt":"2020-02-01T15:14:06","guid":{"rendered":"https:\/\/www.schengenvisas.com\/proof-of-subsistence-for-schengen-visa\/"},"modified":"2021-10-15T13:09:12","modified_gmt":"2021-10-15T09:09:12","slug":"schengen-vizesi-icin-gecim-ispati","status":"publish","type":"page","link":"https:\/\/www.schengenvisas.com\/tr\/schengen-vizesi-icin-gecim-ispati\/","title":{"rendered":"Schengen Vizesi \u0130\u00e7in Ge\u00e7im \u0130spat\u0131"},"content":{"rendered":"\t\t<div data-elementor-type=\"wp-page\" data-elementor-id=\"13712\" class=\"elementor elementor-13712 elementor-760\" data-elementor-post-type=\"page\">\n\t\t\t\t\t\t<section class=\"elementor-section elementor-top-section elementor-element elementor-element-4bc991c elementor-section-boxed elementor-section-height-default elementor-section-height-default\" data-id=\"4bc991c\" data-element_type=\"section\">\n\t\t\t\t\t\t<div class=\"elementor-container elementor-column-gap-default\">\n\t\t\t\t\t<div class=\"elementor-column elementor-col-100 elementor-top-column elementor-element elementor-element-10dc766c\" data-id=\"10dc766c\" data-element_type=\"column\">\n\t\t\t<div class=\"elementor-widget-wrap elementor-element-populated\">\n\t\t\t\t\t\t<div class=\"elementor-element elementor-element-4f92a9b7 elementor-widget elementor-widget-text-editor\" data-id=\"4f92a9b7\" data-element_type=\"widget\" data-widget_type=\"text-editor.default\">\n\t\t\t\t<div class=\"elementor-widget-container\">\n\t\t\t\t\t\t\t\t\t<ul><li>Schengen vizesine ba\u015fvururken ge\u00e7im ispat\u0131, yani vizenizin ge\u00e7erli oldu\u011fu s\u00fcre boyunca <strong>Schengen b\u00f6lgesinde kalma ve topraklar\u0131ndan \u00e7\u0131kma i\u00e7in mali g\u00fcc\u00fcn\u00fcz\u00fcn yetece\u011finin kan\u0131t\u0131n\u0131 <\/strong>sunman\u0131z gerekir.<\/li><li>Schengen vizesi ba\u015fvuru formunda planlad\u0131\u011f\u0131n\u0131z ge\u00e7im yolunu belirtmeniz istenecek. Bu sebeple ge\u00e7im ispat\u0131, <a href=\"https:\/\/www.schengenvisas.com\/tr\/schengen-vizesi-basvuru-sartlari\/\"><strong><u>Gerekli Temel Belgeler<\/u><\/strong><\/a> d\u0131\u015f\u0131nda sunman\u0131z gereken ek belgelerden bir tanesidir.<\/li><li>Schengen vize ba\u015fvurunuzun onaylanmas\u0131 i\u00e7in Schengen b\u00f6lgesinde bulunurken a\u015fa\u011f\u0131daki masraflar\u0131 kar\u015f\u0131layabilece\u011finizi kan\u0131tlaman\u0131z gerekir:<ol><li><strong>Konaklama(lar)<\/strong>.<\/li><li><strong>Ya\u015fama masraflar\u0131 (yemek, g\u00fcnl\u00fck ula\u015f\u0131m vb.).<\/strong><\/li><li><strong>Schengen b\u00f6lgesi<\/strong><strong>ni terk etme<\/strong>.<\/li><li><strong>Di\u011fer \u00e7e\u015fitli ve hatta beklenmedik masraflar<\/strong>.<\/li><\/ol><\/li><li>Ge\u00e7im ispat\u0131 olarak da bilinen bu kan\u0131t, ki\u015fisel mali durumunuzu g\u00f6steren \u00e7e\u015fitli mali kay\u0131t\/materyaller \u015feklinde olabilir. Ge\u00e7im ispat\u0131n\u0131 ba\u015fvuru yapt\u0131\u011f\u0131n\u0131z konsolosluk ya da el\u00e7ili\u011fe sunduktan sonra, ispat\u0131n\u0131z\u0131n ge\u00e7erli olup olmad\u0131\u011f\u0131 belirlenir.<\/li><li>Ba\u015fvurunuzu yapt\u0131\u011f\u0131n\u0131z s\u0131rada, Schengen b\u00f6lgesinde planlad\u0131\u011f\u0131n\u0131z ya\u015fama ve\/veya seyahat masraflar\u0131n\u0131 kar\u015f\u0131layacak durumda olmasan\u0131z da gelecekte bunu yapabilece\u011finize dair mali imk\u00e2nlar\u0131n\u0131z\u0131n olaca\u011f\u0131n\u0131 kan\u0131tlayabilirseniz, vizenizin ge\u00e7erli oldu\u011fu s\u00fcre i\u00e7indeki ge\u00e7im ispat\u0131n\u0131z tatmin edici bulunup onaylanabilir.<\/li><\/ul><h2>Ge\u00e7im yollar\u0131 nas\u0131l belirlenir?<\/h2><ul><li>Ge\u00e7im \u015fartlar\u0131, her Schengen \u00fclkesi i\u00e7in farkl\u0131d\u0131r. Mesela, Fransa genel olarak \u00c7ek Cumhuriyeti&#8217;ne k\u0131yasla daha pahal\u0131 bir \u00fclke oldu\u011fundan Fransa i\u00e7in giri\u015f, ya\u015fama ve \u00e7\u0131k\u0131\u015f masraflar\u0131n\u0131z, \u00c7ek Cumhuriyeti&#8217;ne g\u00f6re daha fazla olacakt\u0131r. Bu sebeple, Fransa Konsoloslu\u011fu ya da El\u00e7ili\u011finin \u015fart ko\u015ftu\u011fu \u015fu an elinizde bulunan (ya da gelecekte elinize ge\u00e7ecek olan) para miktar\u0131, \u00c7ek Cumhuriyeti i\u00e7in gerekli olacak para miktar\u0131ndan daha fazla olacakt\u0131r.<\/li><li>Schengen b\u00f6lgesinde kalman\u0131z (ve topraklar\u0131ndan \u00e7\u0131kman\u0131z) i\u00e7in gerekli olan asgari para miktar\u0131n\u0131 belirlerken, konsolosluk yetkilileri seyahat sebebinizi (ama\u00e7) ve kalaca\u011f\u0131n\u0131z s\u00fcreyi g\u00f6z \u00f6n\u00fcnde bulundurur. Daha sonra, Schengen b\u00f6lgesinde kalmay\u0131 d\u00fc\u015f\u00fcnd\u00fc\u011f\u00fcn\u00fcz g\u00fcn say\u0131s\u0131n\u0131, kalmay\u0131 d\u00fc\u015f\u00fcnd\u00fc\u011f\u00fcn\u00fcz \u00fclke ya da \u00fclkelerin en ucuz konaklama \u00fccretiyle \u00e7arparlar. \u00c7\u0131kan sonu\u00e7, giri\u015ften \u00e7\u0131k\u0131\u015fa kadar Schengen b\u00f6lgesindeki seyahatiniz i\u00e7in yakla\u015f\u0131k ne kadar para gerekti\u011fini g\u00f6sterir. Schengen vizenizin onaylanmas\u0131 i\u00e7in ya zaten bu kadar paran\u0131z\u0131n oldu\u011funu ya da Schengen b\u00f6lgesindeki seyahat\/var\u0131\u015f tarihinize kadar bu kadar paray\u0131 yasal imk\u00e2nlar d\u00e2hilinde elde edebilece\u011finizi kan\u0131tlaman\u0131z gerekir.<\/li><li>Bu hesaplamadan ba\u011f\u0131ms\u0131z olarak, baz\u0131 \u00fclkeler kendi \u00fclkelerindeki ortalama hayat pahal\u0131l\u0131\u011f\u0131 i\u00e7in yapt\u0131klar\u0131 hesaplamaya g\u00f6re, her g\u00fcn asgari bir para miktar\u0131na sahip olman\u0131z\u0131 \u015fart ko\u015fabilirler. \u00d6rne\u011fin, \u00c7ek Cumhuriyeti, 30 g\u00fcnden az kalacak \u015fekilde Schengen vizesine ba\u015fvuranlar\u0131n her g\u00fcn en az 1.100 CZK, 30 g\u00fcnden fazla kalacak olanlar\u0131n ise en az 15 x 2.200 = 33.000 CZK bulundurmas\u0131n\u0131 zorunlu k\u0131lar. Bu rakam her ay 4.400 CZK artt\u0131\u011f\u0131 i\u00e7in her bir ay ba\u015f\u0131na 33.000 CZK + 4.400 CZK bulundurman\u0131z istenir. (Bu say\u0131lar\u0131n tahmin\u00ee oldu\u011funu ve \u00c7ek Cumhuriyeti D\u0131\u015fi\u015fleri Bakanl\u0131\u011f\u0131n\u0131n bu rakamlar\u0131 her an art\u0131rma ya da azaltma hakk\u0131n\u0131 sakl\u0131 tuttu\u011funu unutmay\u0131n.)<\/li><li>Birden fazla Schengen \u00fclkesine gidip kalacaksan\u0131z, ge\u00e7im masraf\u0131n\u0131z muhtemelen en uzun s\u00fcre kalaca\u011f\u0131n\u0131z \u00fclkenin ge\u00e7im masraflar\u0131na g\u00f6re belirlenecektir (yani vize ba\u015fvurunuzu i\u015fleme koyan \u00fclke).<\/li><li>Gerekli ge\u00e7im ispat\u0131n\u0131 sunamaman\u0131z durumunda, vizenizin ge\u00e7erlilik s\u00fcresi dolmadan Schengen \u00fclkesini terk etmeyi planlad\u0131\u011f\u0131n\u0131z\u0131 yans\u0131tamaz ve bu sebeple Schengen vize ba\u015fvurunuzun reddedilmesine neden olabilirsiniz.<\/li><\/ul><h2>Ge\u00e7im ispat\u0131 nas\u0131l g\u00f6sterilir?<\/h2><ul><li>Seyahatiniz boyunca Schengen b\u00f6lgesinde kalabilmeye ve ayr\u0131ca vize s\u00fcreniz doldu\u011funda Schengen topraklar\u0131n\u0131 terk edebilmeye paran\u0131z\u0131n yetece\u011fini g\u00f6steren materyaller\/belgeler sunman\u0131z gerekir.<\/li><li>Schengen b\u00f6lgesinden \u00e7\u0131k\u0131\u015f\u0131n\u0131z ya kendi \u00fclkenize ya da vatanda\u015fl\u0131k veya oturma izninizin olmad\u0131\u011f\u0131 bir \u00fc\u00e7\u00fcnc\u00fc \u00fclkeye yap\u0131labilir. E\u011fer bir \u00fc\u00e7\u00fcnc\u00fc \u00fclkeye gidiyorsan\u0131z, mevzubahis \u00fclkeye girebilece\u011finize dair kan\u0131t sunman\u0131z gerekir.<\/li><li><strong>Ge\u00e7im ispat\u0131n\u0131, a\u015fa\u011f\u0131dakilerden herhangi birini sunarak yapabilirsiniz: <\/strong><ul><li><strong>Banka ekstresi veya ekstreleri.<\/strong><\/li><li><strong>Birka\u00e7 ayl\u0131k (genellikle en az 3 ayl\u0131k) maa\u015f bordrosu (ve\/veya \u00e7al\u0131\u015ft\u0131\u011f\u0131n\u0131z\u0131 g\u00f6steren belge)<\/strong>.<\/li><li><strong>Resm\u00ee davet<\/strong>.<\/li><li><strong>\u00d6zel davet<\/strong>.<\/li><\/ul><\/li><\/ul><p><em><u>(Yukar\u0131daki liste b\u00fct\u00fcn yollar\u0131 de\u011fil, yaln\u0131zca ge\u00e7im ispat\u0131 olarak kabul edilen en yayg\u0131n formlar\u0131 g\u00f6stermektedir.)<\/u><\/em><\/p><ul><li>Vize ba\u015fvurunuz i\u00e7in m\u00fcmk\u00fcnse yukar\u0131daki materyal ve belgelerin asl\u0131n\u0131, de\u011filse de n\u00fcshalar\u0131n\u0131 getirin.<\/li><li>\u00d6zel konaklama ve\/veya konaklama ispat\u0131, baz\u0131 durumlarda, gidece\u011finiz Schengen \u00fclkesindeki ya\u015fam\u0131n\u0131z i\u00e7in yeterli olacak bir ge\u00e7im ispat\u0131 olarak kabul edilebilir (yani vizenizin ge\u00e7erli s\u00fcresi boyunca Schengen b\u00f6lgesinde kalmak i\u00e7in mali olanaklara sahip oldu\u011funuzu g\u00f6sterir).<\/li><li>Re\u015fit olmayanlar i\u00e7in genellikle kabul edilen ge\u00e7im ispat\u0131, Schengen b\u00f6lgesindeki kalacaklar\u0131 s\u00fcre boyunca yasal vasilerinin ya\u015fam i\u00e7in gerekli olan t\u00fcm masraflar\u0131 kar\u015f\u0131layacaklar\u0131na hukuken yemin etmeleridir. Bu durumda, s\u00f6z konusu yasal vasinin, ba\u015fvuran ki\u015finin ad\u0131na ge\u00e7im ispat\u0131 sunmas\u0131 gerekir.<\/li><li>Her \u00fclkenin, Schengen vizesinin ge\u00e7im ispat\u0131n\u0131 kar\u015f\u0131lamak i\u00e7in farkl\u0131 \u015fart ve tercihleri olabilse de yukar\u0131daki ispat t\u00fcrleri (ve ilgili belgeler) evrenseldir. Ge\u00e7im ispat\u0131 sunma konusunda detayl\u0131 bilgilere, ba\u015fvuru yapt\u0131\u011f\u0131n\u0131z \u00fclkenin konsoloslu\u011fundan ula\u015fabilirsiniz. Kalmak istedi\u011finiz Schengen \u00fclkesi i\u00e7in ge\u00e7im ispat\u0131n\u0131 sunman\u0131n en iyi yolunu \u00f6\u011frenmek istiyorsan\u0131z, bu \u00fclkenin konsolosluk ya da el\u00e7ili\u011fiyle ileti\u015fime ge\u00e7iniz.<\/li><\/ul>\t\t\t\t\t\t\t\t<\/div>\n\t\t\t\t<\/div>\n\t\t\t\t\t<\/div>\n\t\t<\/div>\n\t\t\t\t\t<\/div>\n\t\t<\/section>\n\t\t\t\t<\/div>\n\t\t","protected":false},"excerpt":{"rendered":"<p>Schengen vizesine ba\u015fvururken ge\u00e7im ispat\u0131, yani vizenizin ge\u00e7erli oldu\u011fu s\u00fcre boyunca Schengen b\u00f6lgesinde kalma ve<a class=\"read-more-text pl-2\" href=\"https:\/\/www.schengenvisas.com\/tr\/schengen-vizesi-icin-gecim-ispati\/\">[Devam\u0131n\u0131 oku&#8230;]<\/a><\/p>\n","protected":false},"author":15,"featured_media":0,"parent":0,"menu_order":0,"comment_status":"closed","ping_status":"closed","template":"","meta":{"_acf_changed":false,"inline_featured_image":false,"footnotes":""},"class_list":["post-13712","page","type-page","status-publish","hentry","entry"],"acf":[],"yoast_head":"<!-- This site is optimized with the Yoast SEO Premium plugin v24.1 (Yoast SEO v24.1) - https:\/\/yoast.com\/wordpress\/plugins\/seo\/ -->\n<title>Schengen Vizesi \u0130\u00e7in Ge\u00e7im \u0130spat\u0131 | Mali \u0130spat<\/title>\n<meta name=\"description\" content=\"Schengen Vizesi \u0130\u00e7in Ge\u00e7im \u0130spat\u0131 | Schengen Vize Ba\u015fvuru Formuyla birlikte eklenen finansal ispat | Mali G\u00fc\u00e7 \u0130spat\u0131\" \/>\n<meta name=\"robots\" content=\"index, follow, max-snippet:-1, max-image-preview:large, max-video-preview:-1\" \/>\n<link rel=\"canonical\" href=\"https:\/\/www.schengenvisas.com\/tr\/wp-json\/wp\/v2\/pages\/13712\" \/>\n<meta property=\"og:locale\" content=\"tr_TR\" \/>\n<meta property=\"og:type\" content=\"article\" \/>\n<meta property=\"og:title\" content=\"Schengen Vizesi \u0130\u00e7in Ge\u00e7im \u0130spat\u0131\" \/>\n<meta property=\"og:description\" content=\"Schengen Vizesi \u0130\u00e7in Ge\u00e7im \u0130spat\u0131 | Schengen Vize Ba\u015fvuru Formuyla birlikte eklenen finansal ispat | Mali G\u00fc\u00e7 \u0130spat\u0131\" \/>\n<meta property=\"og:url\" content=\"https:\/\/www.schengenvisas.com\/tr\/schengen-vizesi-icin-gecim-ispati\/\" \/>\n<meta property=\"og:site_name\" content=\"Schengen Visas\" \/>\n<meta property=\"article:modified_time\" content=\"2021-10-15T09:09:12+00:00\" \/>\n<meta name=\"twitter:card\" content=\"summary_large_image\" \/>\n<meta name=\"twitter:label1\" content=\"Tahmini okuma s\u00fcresi\" \/>\n\t<meta name=\"twitter:data1\" content=\"3 dakika\" \/>\n<script type=\"application\/ld+json\" class=\"yoast-schema-graph\">{\"@context\":\"https:\/\/schema.org\",\"@graph\":[{\"@type\":\"WebPage\",\"@id\":\"https:\/\/www.schengenvisas.com\/tr\/schengen-vizesi-icin-gecim-ispati\/\",\"url\":\"https:\/\/www.schengenvisas.com\/tr\/schengen-vizesi-icin-gecim-ispati\/\",\"name\":\"Schengen Vizesi \u0130\u00e7in Ge\u00e7im \u0130spat\u0131 | Mali \u0130spat\",\"isPartOf\":{\"@id\":\"https:\/\/www.schengenvisas.com\/#website\"},\"datePublished\":\"2020-02-01T15:14:06+00:00\",\"dateModified\":\"2021-10-15T09:09:12+00:00\",\"description\":\"Schengen Vizesi \u0130\u00e7in Ge\u00e7im \u0130spat\u0131 | Schengen Vize Ba\u015fvuru Formuyla birlikte eklenen finansal ispat | Mali G\u00fc\u00e7 \u0130spat\u0131\",\"breadcrumb\":{\"@id\":\"https:\/\/www.schengenvisas.com\/tr\/schengen-vizesi-icin-gecim-ispati\/#breadcrumb\"},\"inLanguage\":\"tr\",\"potentialAction\":[{\"@type\":\"ReadAction\",\"target\":[\"https:\/\/www.schengenvisas.com\/tr\/schengen-vizesi-icin-gecim-ispati\/\"]}]},{\"@type\":\"BreadcrumbList\",\"@id\":\"https:\/\/www.schengenvisas.com\/tr\/schengen-vizesi-icin-gecim-ispati\/#breadcrumb\",\"itemListElement\":[{\"@type\":\"ListItem\",\"position\":1,\"name\":\"Home\",\"item\":\"https:\/\/www.schengenvisas.com\/\"},{\"@type\":\"ListItem\",\"position\":2,\"name\":\"Schengen Vizesi \u0130\u00e7in Ge\u00e7im \u0130spat\u0131\"}]},{\"@type\":\"WebSite\",\"@id\":\"https:\/\/www.schengenvisas.com\/#website\",\"url\":\"https:\/\/www.schengenvisas.com\/\",\"name\":\"Schengen Visas\",\"description\":\"Schengen Visa Application Services\",\"publisher\":{\"@id\":\"https:\/\/www.schengenvisas.com\/#organization\"},\"potentialAction\":[{\"@type\":\"SearchAction\",\"target\":{\"@type\":\"EntryPoint\",\"urlTemplate\":\"https:\/\/www.schengenvisas.com\/?s={search_term_string}\"},\"query-input\":{\"@type\":\"PropertyValueSpecification\",\"valueRequired\":true,\"valueName\":\"search_term_string\"}}],\"inLanguage\":\"tr\"},{\"@type\":\"Organization\",\"@id\":\"https:\/\/www.schengenvisas.com\/#organization\",\"name\":\"Schengen Visas\",\"url\":\"https:\/\/www.schengenvisas.com\/\",\"logo\":{\"@type\":\"ImageObject\",\"inLanguage\":\"tr\",\"@id\":\"https:\/\/www.schengenvisas.com\/#\/schema\/logo\/image\/\",\"url\":\"https:\/\/www.schengenvisas.com\/wp-content\/uploads\/2023\/03\/logo.svg\",\"contentUrl\":\"https:\/\/www.schengenvisas.com\/wp-content\/uploads\/2023\/03\/logo.svg\",\"width\":894,\"height\":123,\"caption\":\"Schengen Visas\"},\"image\":{\"@id\":\"https:\/\/www.schengenvisas.com\/#\/schema\/logo\/image\/\"}}]}<\/script>\n<!-- \/ Yoast SEO Premium plugin. -->","yoast_head_json":{"title":"Schengen Vizesi \u0130\u00e7in Ge\u00e7im \u0130spat\u0131 | Mali \u0130spat","description":"Schengen Vizesi \u0130\u00e7in Ge\u00e7im \u0130spat\u0131 | Schengen Vize Ba\u015fvuru Formuyla birlikte eklenen finansal ispat | Mali G\u00fc\u00e7 \u0130spat\u0131","robots":{"index":"index","follow":"follow","max-snippet":"max-snippet:-1","max-image-preview":"max-image-preview:large","max-video-preview":"max-video-preview:-1"},"canonical":"https:\/\/www.schengenvisas.com\/tr\/wp-json\/wp\/v2\/pages\/13712","og_locale":"tr_TR","og_type":"article","og_title":"Schengen Vizesi \u0130\u00e7in Ge\u00e7im \u0130spat\u0131","og_description":"Schengen Vizesi \u0130\u00e7in Ge\u00e7im \u0130spat\u0131 | Schengen Vize Ba\u015fvuru Formuyla birlikte eklenen finansal ispat | Mali G\u00fc\u00e7 \u0130spat\u0131","og_url":"https:\/\/www.schengenvisas.com\/tr\/schengen-vizesi-icin-gecim-ispati\/","og_site_name":"Schengen Visas","article_modified_time":"2021-10-15T09:09:12+00:00","twitter_card":"summary_large_image","twitter_misc":{"Tahmini okuma s\u00fcresi":"3 dakika"},"schema":{"@context":"https:\/\/schema.org","@graph":[{"@type":"WebPage","@id":"https:\/\/www.schengenvisas.com\/tr\/schengen-vizesi-icin-gecim-ispati\/","url":"https:\/\/www.schengenvisas.com\/tr\/schengen-vizesi-icin-gecim-ispati\/","name":"Schengen Vizesi \u0130\u00e7in Ge\u00e7im \u0130spat\u0131 | Mali \u0130spat","isPartOf":{"@id":"https:\/\/www.schengenvisas.com\/#website"},"datePublished":"2020-02-01T15:14:06+00:00","dateModified":"2021-10-15T09:09:12+00:00","description":"Schengen Vizesi \u0130\u00e7in Ge\u00e7im \u0130spat\u0131 | Schengen Vize Ba\u015fvuru Formuyla birlikte eklenen finansal ispat | Mali G\u00fc\u00e7 \u0130spat\u0131","breadcrumb":{"@id":"https:\/\/www.schengenvisas.com\/tr\/schengen-vizesi-icin-gecim-ispati\/#breadcrumb"},"inLanguage":"tr","potentialAction":[{"@type":"ReadAction","target":["https:\/\/www.schengenvisas.com\/tr\/schengen-vizesi-icin-gecim-ispati\/"]}]},{"@type":"BreadcrumbList","@id":"https:\/\/www.schengenvisas.com\/tr\/schengen-vizesi-icin-gecim-ispati\/#breadcrumb","itemListElement":[{"@type":"ListItem","position":1,"name":"Home","item":"https:\/\/www.schengenvisas.com\/"},{"@type":"ListItem","position":2,"name":"Schengen Vizesi \u0130\u00e7in Ge\u00e7im \u0130spat\u0131"}]},{"@type":"WebSite","@id":"https:\/\/www.schengenvisas.com\/#website","url":"https:\/\/www.schengenvisas.com\/","name":"Schengen Visas","description":"Schengen Visa Application Services","publisher":{"@id":"https:\/\/www.schengenvisas.com\/#organization"},"potentialAction":[{"@type":"SearchAction","target":{"@type":"EntryPoint","urlTemplate":"https:\/\/www.schengenvisas.com\/?s={search_term_string}"},"query-input":{"@type":"PropertyValueSpecification","valueRequired":true,"valueName":"search_term_string"}}],"inLanguage":"tr"},{"@type":"Organization","@id":"https:\/\/www.schengenvisas.com\/#organization","name":"Schengen Visas","url":"https:\/\/www.schengenvisas.com\/","logo":{"@type":"ImageObject","inLanguage":"tr","@id":"https:\/\/www.schengenvisas.com\/#\/schema\/logo\/image\/","url":"https:\/\/www.schengenvisas.com\/wp-content\/uploads\/2023\/03\/logo.svg","contentUrl":"https:\/\/www.schengenvisas.com\/wp-content\/uploads\/2023\/03\/logo.svg","width":894,"height":123,"caption":"Schengen Visas"},"image":{"@id":"https:\/\/www.schengenvisas.com\/#\/schema\/logo\/image\/"}}]}},"_links":{"self":[{"href":"https:\/\/www.schengenvisas.com\/tr\/wp-json\/wp\/v2\/pages\/13712","targetHints":{"allow":["GET"]}}],"collection":[{"href":"https:\/\/www.schengenvisas.com\/tr\/wp-json\/wp\/v2\/pages"}],"about":[{"href":"https:\/\/www.schengenvisas.com\/tr\/wp-json\/wp\/v2\/types\/page"}],"author":[{"embeddable":true,"href":"https:\/\/www.schengenvisas.com\/tr\/wp-json\/wp\/v2\/users\/15"}],"replies":[{"embeddable":true,"href":"https:\/\/www.schengenvisas.com\/tr\/wp-json\/wp\/v2\/comments?post=13712"}],"version-history":[{"count":0,"href":"https:\/\/www.schengenvisas.com\/tr\/wp-json\/wp\/v2\/pages\/13712\/revisions"}],"wp:attachment":[{"href":"https:\/\/www.schengenvisas.com\/tr\/wp-json\/wp\/v2\/media?parent=13712"}],"curies":[{"name":"wp","href":"https:\/\/api.w.org\/{rel}","templated":true}]}}