{"id":13749,"date":"2020-02-28T10:43:29","date_gmt":"2020-02-28T10:43:29","guid":{"rendered":"https:\/\/www.schengenvisas.com\/schengen-visa-for-religious-purposes\/"},"modified":"2021-10-15T13:00:52","modified_gmt":"2021-10-15T09:00:52","slug":"dini-sebepler-icin-schengen-vizesi","status":"publish","type":"page","link":"https:\/\/www.schengenvisas.com\/tr\/dini-sebepler-icin-schengen-vizesi\/","title":{"rendered":"Din\u00ee Ama\u00e7lar \u0130\u00e7in Schengen Vizesi"},"content":{"rendered":"\t\t<div data-elementor-type=\"wp-page\" data-elementor-id=\"13749\" class=\"elementor elementor-13749 elementor-970\" data-elementor-post-type=\"page\">\n\t\t\t\t\t\t<section class=\"elementor-section elementor-top-section elementor-element elementor-element-5bbd8140 elementor-section-boxed elementor-section-height-default elementor-section-height-default\" data-id=\"5bbd8140\" data-element_type=\"section\">\n\t\t\t\t\t\t<div class=\"elementor-container elementor-column-gap-default\">\n\t\t\t\t\t<div class=\"elementor-column elementor-col-100 elementor-top-column elementor-element elementor-element-817ab32\" data-id=\"817ab32\" data-element_type=\"column\">\n\t\t\t<div class=\"elementor-widget-wrap elementor-element-populated\">\n\t\t\t\t\t\t<div class=\"elementor-element elementor-element-3e09855c elementor-widget elementor-widget-text-editor\" data-id=\"3e09855c\" data-element_type=\"widget\" data-widget_type=\"text-editor.default\">\n\t\t\t\t<div class=\"elementor-widget-container\">\n\t\t\t\t\t\t\t\t\t<p><strong>Din\u00ee Ama\u00e7l\u0131 Schengen <\/strong><strong>Vizesi:\u00a0<\/strong>E\u011fer din\u00ee bir ama\u00e7 sebebiyle seyahat ediyorsan\u0131z (din\u00ee bir etkinlik\/toplant\u0131ya kat\u0131lmak i\u00e7in).<\/p><h2>Din\u00ee Ama\u00e7l\u0131 Schengen Vizesi Nedir?<\/h2><ul><li>Dini ama\u00e7larla Schengen b\u00f6lgesinde 180 g\u00fcnl\u00fck s\u00fcre i\u00e7erisinde 90 g\u00fcne kadar kalman\u0131z\u0131 sa\u011flayan bir t\u00fcr k\u0131sa d\u00f6nem (C Tipi) vizedir.<\/li><\/ul><h3>Uygunluk: Din\u00ee Ama\u00e7l\u0131 Schengen Vizesine Kimler Ba\u015fvurabilir?<\/h3><ul><li>Din\u00ee bir etkinli\u011fe\/hizmete kat\u0131lacaklar\u0131n\u0131 kan\u0131tlayabilen herkes, Din\u00ee Ama\u00e7l\u0131 Schengen Vizesi i\u00e7in ba\u015fvuru yapabilir.<\/li><\/ul><h2>Gerekli Belgeler<\/h2><ul><li><a href=\"https:\/\/www.schengenvisas.com\/tr\/schengen-vizesi-basvuru-sartlari\/\"><strong><u>Gerekli Temel Belgeler<\/u><\/strong><\/a><strong> d\u0131\u015f\u0131nda<\/strong>, Din\u00ee Ama\u00e7l\u0131 Schengen Vizesine ba\u015fvurabilmek i\u00e7in Schengen b\u00f6lgesinde d\u00fczenlenen ve kat\u0131lmay\u0131 ama\u00e7lad\u0131\u011f\u0131n\u0131z din\u00ee etkinlik\/hizmet ya da seremoni hakk\u0131ndaki bilgi i\u00e7eren belgeler sunman\u0131z gerekir. Bu bilgilerin baz\u0131lar\u0131 a\u015fa\u011f\u0131dad\u0131r:<ul><li>Din\u00ee kurulu\u015f taraf\u0131ndan d\u00fczenlenen din\u00ee etkinli\u011fin\/hizmetin mahiyetini detayl\u0131ca a\u00e7\u0131klayan mektup (e\u011fer varsa).<\/li><li>Din\u00ee seremoni\/etkinlik veya davetin biletleri.<\/li><li>Kat\u0131l\u0131m\u0131n\u0131z\u0131 g\u00f6steren ya da etkinlik hakk\u0131nda bilgi veren bro\u015f\u00fcr, internet sitesi ve ald\u0131\u011f\u0131n\u0131z her t\u00fcrl\u00fc materyalin n\u00fcshas\u0131.<\/li><li>Ge\u00e7mi\u015fte benzer mahiyetteki din\u00ee etkinliklere kat\u0131ld\u0131\u011f\u0131n\u0131z\u0131n ispat\u0131 (e\u011fer varsa).<\/li><\/ul><\/li><\/ul><h2>Nas\u0131l Ba\u015fvurulur<\/h2><ol><li>Seyahatinizin \u00e7o\u011funlu\u011funu ge\u00e7irece\u011finiz Schengen \u00fclkesini belirleyin. Din\u00ee Ama\u00e7l\u0131 Schengen Vizesi ba\u015fvurusunu o \u00fclkenin konsoloslu\u011fundan yapacaks\u0131n\u0131z.<\/li><li>Schengen b\u00f6lgesine ka\u00e7 kere &#8220;<strong>Giri\u015f<\/strong>&#8220;<strong> (Entries) <\/strong>yap\u0131laca\u011f\u0131n\u0131 belirleyin.<\/li><li>Ziyaret sebebi olarak <strong>&#8220;Di\u011fer&#8221; (Other) <\/strong>k\u0131sm\u0131n\u0131 i\u015faretleyin. Burada din\u00ee ama\u00e7l\u0131 seyahatiniz hakk\u0131nda fazladan bilgi verebilece\u011finiz ek bir alan olacak.<\/li><li><a href=\"https:\/\/www.schengenvisas.com\/tr\/schengen-vizesi-basvuru-sartlari\/\"><strong><u>Gerekli Temel Belgeler<\/u><\/strong><\/a> d\u0131\u015f\u0131nda, Din\u00ee Ama\u00e7l\u0131 Schengen Vizesi i\u00e7in gerekli di\u011fer belgeleri haz\u0131rlay\u0131n.<\/li><li><strong>Bir g\u00f6r\u00fc\u015fme randevusu al\u0131n (e\u011fer uygunsa).<\/strong> Ba\u015fvuru yapaca\u011f\u0131n\u0131z konsolosluk ya da vize ba\u015fvuru merkezinin konumuna g\u00f6re, ba\u015fvurunuzu teslim etmeniz i\u00e7in randevu alman\u0131z gerekebilir. Alternatif olarak, normal \u00e7al\u0131\u015fma saatleri s\u0131ras\u0131nda gitti\u011finiz s\u00fcrece, ba\u015fvuru belgelerinizi randevu almadan da teslim etme ihtimaliniz olabilir. Ba\u015fvurunuzu yaparken randevu alman\u0131n gerekli olup olmad\u0131\u011f\u0131n\u0131 \u00f6\u011frenmek i\u00e7in do\u011frudan konsolosluk ya da el\u00e7ilik ile ileti\u015fime ge\u00e7meniz \u00f6nerilir.<\/li><li><a href=\"https:\/\/www.schengenvisas.com\/tr\/schengen-vize-basvuru-formunu-indir\/\"><strong>Ba\u015fvurunuzu doldurun<\/strong><\/a>. Her Schengen \u00fclkesinin ba\u015fvurular i\u00e7in farkl\u0131 y\u00f6ntemleri vard\u0131r. Ba\u015fvuruyu online bir ba\u015fvuru portal\u0131ndan yapman\u0131z ya da \u00e7\u0131kt\u0131s\u0131n\u0131 ald\u0131\u011f\u0131n\u0131z ba\u015fvuru formunu elle doldurman\u0131z gerekebilir.<\/li><li><span style=\"text-decoration: underline;\"><a href=\"https:\/\/www.schengenvisas.com\/tr\/schengen-vize-ucretleri\/\"><strong>Ba\u015fvuru \u00fccretini \u00f6deyin<\/strong><\/a><\/span> (yeti\u015fkinler i\u00e7in standart \u00fccret 80 avrodur). Vize ba\u015fvurunuzla birlikte muhtemelen ek bir hizmet \u00fccreti \u00f6demeniz gerekecektir. Bu, vize \u00fccretinden ayr\u0131d\u0131r ve \u00f6demesi b\u00fcy\u00fck ihtimalle daha sonra Vize Ba\u015fvuru Merkezi&#8217;ndeki g\u00f6r\u00fc\u015fmenizde bizzat taraf\u0131n\u0131zdan yap\u0131l\u0131r. Bu \u00fccretlerin iadesi olmad\u0131\u011f\u0131n\u0131 unutmay\u0131n.<\/li><li><strong>Ba\u015fvurunuzu g\u00f6nderin<\/strong>. Her konsolosluk ya da el\u00e7ili\u011fin ba\u015fvurular i\u00e7in farkl\u0131 prosed\u00fcrleri vard\u0131r. Hemen hemen her durumda ba\u015fvurular\u0131n, ba\u015fvuru yapt\u0131\u011f\u0131n\u0131z yere bizzat gidip b\u0131rak\u0131lmas\u0131 gerekir. Ba\u015fvurunuzu g\u00f6nderdi\u011finizde, sizden muhtemelen parmak izi vermeniz de istenecektir.<\/li><\/ol><h3>Ne Zaman Ba\u015fvurulur<\/h3><ul><li>Schengen Film Ekibi Vizesi i\u00e7in ba\u015fvurular, seyahat edece\u011finiz g\u00fcnden <em>en az <\/em>15 g\u00fcn \u00f6nce, gitmeden ise <em>en erken <\/em>6 ay \u00f6nce yap\u0131lmal\u0131d\u0131r.<\/li><\/ul><h3>Nereye Ba\u015fvurulur<\/h3><ul><li>Schengen Film Ekibi Vizesi ba\u015fvurunuzu, seyahat edece\u011finiz Schengen \u00fclkesinin konsoloslu\u011fundan yapman\u0131z gerekir.<\/li><li>Schengen b\u00f6lgesinde birden fazla \u00fclkeyi ziyaret edecekseniz, ba\u015fvurunuz zaman\u0131n\u0131z\u0131 en \u00e7ok ge\u00e7irece\u011finiz \u00fclkenin el\u00e7ili\u011fi, konsoloslu\u011fu ya da ilgili Vize Ba\u015fvuru Merkezi&#8217;nden yap\u0131lmal\u0131d\u0131r. Bu birden fazla \u00fclkede e\u015fit seviyede zaman ge\u00e7irecekseniz, o zaman ba\u015fvurunuzu ilk varaca\u011f\u0131n\u0131z \u00fclkenin el\u00e7ili\u011fi, konsoloslu\u011fu ya da ilgili Vize Ba\u015fvuru Merkezi&#8217;ne yapman\u0131z gerekir.<\/li><\/ul><h2>\u0130\u015flem S\u00fcresi<\/h2><ul><li>Schengen Din\u00ee Ama\u00e7lar Vizesi i\u00e7in i\u015flem s\u00fcresi genellikle iki hafta kadard\u0131r (15 g\u00fcn). Nadir durumlarda, konsolosluklar\u0131n ba\u015fvuru i\u00e7in bir karara varmas\u0131 30 ila 60 g\u00fcn s\u00fcrebilir.<\/li><\/ul>\t\t\t\t\t\t\t\t<\/div>\n\t\t\t\t<\/div>\n\t\t\t\t\t<\/div>\n\t\t<\/div>\n\t\t\t\t\t<\/div>\n\t\t<\/section>\n\t\t\t\t<\/div>\n\t\t","protected":false},"excerpt":{"rendered":"<p>Din\u00ee Ama\u00e7l\u0131 Schengen Vizesi:\u00a0E\u011fer din\u00ee bir ama\u00e7 sebebiyle seyahat ediyorsan\u0131z (din\u00ee bir etkinlik\/toplant\u0131ya kat\u0131lmak i\u00e7in).<a class=\"read-more-text pl-2\" href=\"https:\/\/www.schengenvisas.com\/tr\/dini-sebepler-icin-schengen-vizesi\/\">[Devam\u0131n\u0131 oku&#8230;]<\/a><\/p>\n","protected":false},"author":15,"featured_media":0,"parent":0,"menu_order":0,"comment_status":"closed","ping_status":"closed","template":"","meta":{"_acf_changed":false,"inline_featured_image":false,"footnotes":""},"class_list":["post-13749","page","type-page","status-publish","hentry","entry"],"acf":[],"yoast_head":"<!-- This site is optimized with the Yoast SEO Premium plugin v24.1 (Yoast SEO v24.1) - https:\/\/yoast.com\/wordpress\/plugins\/seo\/ -->\n<title>Din\u00ee Sebeplerle Schengen Vizesi | Schengen \u0130\u00e7in Din Vizesi<\/title>\n<meta name=\"description\" content=\"Din\u00ee Sebepler \u0130\u00e7in Schengen Vizesi | Schengen Din\u00ee Sebepler Vizesinin Kurallar\u0131, Vize \u00dccreti, Vize \u015eartlar\u0131 ve Uygunluk Kriterleri\" \/>\n<meta name=\"robots\" content=\"index, follow, max-snippet:-1, max-image-preview:large, max-video-preview:-1\" \/>\n<link rel=\"canonical\" href=\"https:\/\/www.schengenvisas.com\/tr\/wp-json\/wp\/v2\/pages\/13749\" \/>\n<meta property=\"og:locale\" content=\"tr_TR\" \/>\n<meta property=\"og:type\" content=\"article\" \/>\n<meta property=\"og:title\" content=\"Din\u00ee Ama\u00e7lar \u0130\u00e7in Schengen Vizesi\" \/>\n<meta property=\"og:description\" content=\"Din\u00ee Sebepler \u0130\u00e7in Schengen Vizesi | Schengen Din\u00ee Sebepler Vizesinin Kurallar\u0131, Vize \u00dccreti, Vize \u015eartlar\u0131 ve Uygunluk Kriterleri\" \/>\n<meta property=\"og:url\" content=\"https:\/\/www.schengenvisas.com\/tr\/dini-sebepler-icin-schengen-vizesi\/\" \/>\n<meta property=\"og:site_name\" content=\"Schengen Visas\" \/>\n<meta property=\"article:modified_time\" content=\"2021-10-15T09:00:52+00:00\" \/>\n<meta name=\"twitter:card\" content=\"summary_large_image\" \/>\n<meta name=\"twitter:label1\" content=\"Tahmini okuma s\u00fcresi\" \/>\n\t<meta name=\"twitter:data1\" content=\"3 dakika\" \/>\n<script type=\"application\/ld+json\" class=\"yoast-schema-graph\">{\"@context\":\"https:\/\/schema.org\",\"@graph\":[{\"@type\":\"WebPage\",\"@id\":\"https:\/\/www.schengenvisas.com\/tr\/dini-sebepler-icin-schengen-vizesi\/\",\"url\":\"https:\/\/www.schengenvisas.com\/tr\/dini-sebepler-icin-schengen-vizesi\/\",\"name\":\"Din\u00ee Sebeplerle Schengen Vizesi | Schengen \u0130\u00e7in Din Vizesi\",\"isPartOf\":{\"@id\":\"https:\/\/www.schengenvisas.com\/#website\"},\"datePublished\":\"2020-02-28T10:43:29+00:00\",\"dateModified\":\"2021-10-15T09:00:52+00:00\",\"description\":\"Din\u00ee Sebepler \u0130\u00e7in Schengen Vizesi | Schengen Din\u00ee Sebepler Vizesinin Kurallar\u0131, Vize \u00dccreti, Vize \u015eartlar\u0131 ve Uygunluk Kriterleri\",\"breadcrumb\":{\"@id\":\"https:\/\/www.schengenvisas.com\/tr\/dini-sebepler-icin-schengen-vizesi\/#breadcrumb\"},\"inLanguage\":\"tr\",\"potentialAction\":[{\"@type\":\"ReadAction\",\"target\":[\"https:\/\/www.schengenvisas.com\/tr\/dini-sebepler-icin-schengen-vizesi\/\"]}]},{\"@type\":\"BreadcrumbList\",\"@id\":\"https:\/\/www.schengenvisas.com\/tr\/dini-sebepler-icin-schengen-vizesi\/#breadcrumb\",\"itemListElement\":[{\"@type\":\"ListItem\",\"position\":1,\"name\":\"Home\",\"item\":\"https:\/\/www.schengenvisas.com\/\"},{\"@type\":\"ListItem\",\"position\":2,\"name\":\"Din\u00ee Ama\u00e7lar \u0130\u00e7in Schengen Vizesi\"}]},{\"@type\":\"WebSite\",\"@id\":\"https:\/\/www.schengenvisas.com\/#website\",\"url\":\"https:\/\/www.schengenvisas.com\/\",\"name\":\"Schengen Visas\",\"description\":\"Schengen Visa Application Services\",\"publisher\":{\"@id\":\"https:\/\/www.schengenvisas.com\/#organization\"},\"potentialAction\":[{\"@type\":\"SearchAction\",\"target\":{\"@type\":\"EntryPoint\",\"urlTemplate\":\"https:\/\/www.schengenvisas.com\/?s={search_term_string}\"},\"query-input\":{\"@type\":\"PropertyValueSpecification\",\"valueRequired\":true,\"valueName\":\"search_term_string\"}}],\"inLanguage\":\"tr\"},{\"@type\":\"Organization\",\"@id\":\"https:\/\/www.schengenvisas.com\/#organization\",\"name\":\"Schengen Visas\",\"url\":\"https:\/\/www.schengenvisas.com\/\",\"logo\":{\"@type\":\"ImageObject\",\"inLanguage\":\"tr\",\"@id\":\"https:\/\/www.schengenvisas.com\/#\/schema\/logo\/image\/\",\"url\":\"https:\/\/www.schengenvisas.com\/wp-content\/uploads\/2023\/03\/logo.svg\",\"contentUrl\":\"https:\/\/www.schengenvisas.com\/wp-content\/uploads\/2023\/03\/logo.svg\",\"width\":894,\"height\":123,\"caption\":\"Schengen Visas\"},\"image\":{\"@id\":\"https:\/\/www.schengenvisas.com\/#\/schema\/logo\/image\/\"}}]}<\/script>\n<!-- \/ Yoast SEO Premium plugin. -->","yoast_head_json":{"title":"Din\u00ee Sebeplerle Schengen Vizesi | Schengen \u0130\u00e7in Din Vizesi","description":"Din\u00ee Sebepler \u0130\u00e7in Schengen Vizesi | Schengen Din\u00ee Sebepler Vizesinin Kurallar\u0131, Vize \u00dccreti, Vize \u015eartlar\u0131 ve Uygunluk Kriterleri","robots":{"index":"index","follow":"follow","max-snippet":"max-snippet:-1","max-image-preview":"max-image-preview:large","max-video-preview":"max-video-preview:-1"},"canonical":"https:\/\/www.schengenvisas.com\/tr\/wp-json\/wp\/v2\/pages\/13749","og_locale":"tr_TR","og_type":"article","og_title":"Din\u00ee Ama\u00e7lar \u0130\u00e7in Schengen Vizesi","og_description":"Din\u00ee Sebepler \u0130\u00e7in Schengen Vizesi | Schengen Din\u00ee Sebepler Vizesinin Kurallar\u0131, Vize \u00dccreti, Vize \u015eartlar\u0131 ve Uygunluk Kriterleri","og_url":"https:\/\/www.schengenvisas.com\/tr\/dini-sebepler-icin-schengen-vizesi\/","og_site_name":"Schengen Visas","article_modified_time":"2021-10-15T09:00:52+00:00","twitter_card":"summary_large_image","twitter_misc":{"Tahmini okuma s\u00fcresi":"3 dakika"},"schema":{"@context":"https:\/\/schema.org","@graph":[{"@type":"WebPage","@id":"https:\/\/www.schengenvisas.com\/tr\/dini-sebepler-icin-schengen-vizesi\/","url":"https:\/\/www.schengenvisas.com\/tr\/dini-sebepler-icin-schengen-vizesi\/","name":"Din\u00ee Sebeplerle Schengen Vizesi | Schengen \u0130\u00e7in Din Vizesi","isPartOf":{"@id":"https:\/\/www.schengenvisas.com\/#website"},"datePublished":"2020-02-28T10:43:29+00:00","dateModified":"2021-10-15T09:00:52+00:00","description":"Din\u00ee Sebepler \u0130\u00e7in Schengen Vizesi | Schengen Din\u00ee Sebepler Vizesinin Kurallar\u0131, Vize \u00dccreti, Vize \u015eartlar\u0131 ve Uygunluk Kriterleri","breadcrumb":{"@id":"https:\/\/www.schengenvisas.com\/tr\/dini-sebepler-icin-schengen-vizesi\/#breadcrumb"},"inLanguage":"tr","potentialAction":[{"@type":"ReadAction","target":["https:\/\/www.schengenvisas.com\/tr\/dini-sebepler-icin-schengen-vizesi\/"]}]},{"@type":"BreadcrumbList","@id":"https:\/\/www.schengenvisas.com\/tr\/dini-sebepler-icin-schengen-vizesi\/#breadcrumb","itemListElement":[{"@type":"ListItem","position":1,"name":"Home","item":"https:\/\/www.schengenvisas.com\/"},{"@type":"ListItem","position":2,"name":"Din\u00ee Ama\u00e7lar \u0130\u00e7in Schengen Vizesi"}]},{"@type":"WebSite","@id":"https:\/\/www.schengenvisas.com\/#website","url":"https:\/\/www.schengenvisas.com\/","name":"Schengen Visas","description":"Schengen Visa Application Services","publisher":{"@id":"https:\/\/www.schengenvisas.com\/#organization"},"potentialAction":[{"@type":"SearchAction","target":{"@type":"EntryPoint","urlTemplate":"https:\/\/www.schengenvisas.com\/?s={search_term_string}"},"query-input":{"@type":"PropertyValueSpecification","valueRequired":true,"valueName":"search_term_string"}}],"inLanguage":"tr"},{"@type":"Organization","@id":"https:\/\/www.schengenvisas.com\/#organization","name":"Schengen Visas","url":"https:\/\/www.schengenvisas.com\/","logo":{"@type":"ImageObject","inLanguage":"tr","@id":"https:\/\/www.schengenvisas.com\/#\/schema\/logo\/image\/","url":"https:\/\/www.schengenvisas.com\/wp-content\/uploads\/2023\/03\/logo.svg","contentUrl":"https:\/\/www.schengenvisas.com\/wp-content\/uploads\/2023\/03\/logo.svg","width":894,"height":123,"caption":"Schengen Visas"},"image":{"@id":"https:\/\/www.schengenvisas.com\/#\/schema\/logo\/image\/"}}]}},"_links":{"self":[{"href":"https:\/\/www.schengenvisas.com\/tr\/wp-json\/wp\/v2\/pages\/13749","targetHints":{"allow":["GET"]}}],"collection":[{"href":"https:\/\/www.schengenvisas.com\/tr\/wp-json\/wp\/v2\/pages"}],"about":[{"href":"https:\/\/www.schengenvisas.com\/tr\/wp-json\/wp\/v2\/types\/page"}],"author":[{"embeddable":true,"href":"https:\/\/www.schengenvisas.com\/tr\/wp-json\/wp\/v2\/users\/15"}],"replies":[{"embeddable":true,"href":"https:\/\/www.schengenvisas.com\/tr\/wp-json\/wp\/v2\/comments?post=13749"}],"version-history":[{"count":0,"href":"https:\/\/www.schengenvisas.com\/tr\/wp-json\/wp\/v2\/pages\/13749\/revisions"}],"wp:attachment":[{"href":"https:\/\/www.schengenvisas.com\/tr\/wp-json\/wp\/v2\/media?parent=13749"}],"curies":[{"name":"wp","href":"https:\/\/api.w.org\/{rel}","templated":true}]}}