{"id":13782,"date":"2020-02-01T15:23:09","date_gmt":"2020-02-01T15:23:09","guid":{"rendered":"https:\/\/www.schengenvisas.com\/schengen-visa-insurance\/"},"modified":"2025-08-05T20:17:35","modified_gmt":"2025-08-05T16:17:35","slug":"schengen-vize-sigorta","status":"publish","type":"page","link":"https:\/\/www.schengenvisas.com\/tr\/schengen-vize-sigorta\/","title":{"rendered":"Schengen Vize Sigortas\u0131"},"content":{"rendered":"\t\t<div data-elementor-type=\"wp-page\" data-elementor-id=\"13782\" class=\"elementor elementor-13782 elementor-762\" data-elementor-post-type=\"page\">\n\t\t\t\t\t\t<section class=\"elementor-section elementor-top-section elementor-element elementor-element-71cad7fd elementor-section-boxed elementor-section-height-default elementor-section-height-default\" data-id=\"71cad7fd\" data-element_type=\"section\">\n\t\t\t\t\t\t<div class=\"elementor-container elementor-column-gap-default\">\n\t\t\t\t\t<div class=\"elementor-column elementor-col-100 elementor-top-column elementor-element elementor-element-2dc2d088\" data-id=\"2dc2d088\" data-element_type=\"column\">\n\t\t\t<div class=\"elementor-widget-wrap elementor-element-populated\">\n\t\t\t\t\t\t<div class=\"elementor-element elementor-element-4ba5e7b5 elementor-widget elementor-widget-text-editor\" data-id=\"4ba5e7b5\" data-element_type=\"widget\" data-widget_type=\"text-editor.default\">\n\t\t\t\t<div class=\"elementor-widget-container\">\n\t\t\t\t\t\t\t\t\t<h2>Kimlerin Schengen vize sigortas\u0131na ihtiyac\u0131 vard\u0131r?<\/h2><p>Tek Tip Schengen Vizesi (USV) i\u00e7in ba\u015fvuruyorsan\u0131z, uluslararas\u0131 seyahat sa\u011fl\u0131k sigortas\u0131 yapt\u0131rman\u0131z ve sigorta teminat\u0131n\u0131n ispat\u0131n\u0131 ba\u015fvurunuzla birlikte yollaman\u0131z gerekir. Bu sigorta, Schengen vizesiyle Schengen b\u00f6lgesine gitti\u011finizde t\u0131bbi sebeplerle yurdunuza geri g\u00f6nderilme, t\u0131bbi bak\u0131m ve\/veya hastaneye kald\u0131r\u0131lma ya da \u00f6l\u00fcm gibi durumlarda size teminat sa\u011flas\u0131n diye vard\u0131r. Yurt d\u0131\u015f\u0131ndayken hastaneye gitmenize neden olan bir sa\u011fl\u0131k sorunuyla kar\u015f\u0131la\u015f\u0131rsan\u0131z, tedavi masraflar\u0131n\u0131 ev sahibi \u00fclke yerine sa\u011fl\u0131k sigortan\u0131z kar\u015f\u0131layacakt\u0131r.<\/p><ul><li><strong>Ge\u00e7erli bir sigorta teminat\u0131 sunmazsan\u0131z, Schengen vize ba\u015fvurunuzun reddedilebilece\u011fini unutmay\u0131n. <\/strong><\/li><li>Bu sebeple, Schengen sigorta ispat\u0131, Schengen vize ba\u015fvurunuzla birlikte g\u00f6ndermeniz gereken <a href=\"https:\/\/www.schengenvisas.com\/tr\/schengen-vizesi-basvuru-sartlari\/\"><strong><u>Gerekli Temel Belgelerden<\/u><\/strong><\/a> bir tanesidir.<\/li><li>Ba\u015fvuru formunuzda, Schengen b\u00f6lgesinde kalabilmeniz i\u00e7in sa\u011fl\u0131k sigortas\u0131n\u0131 sat\u0131n alman\u0131z gerekti\u011fini bildi\u011finizi tasdik eden bir imza k\u0131sm\u0131 olacakt\u0131r.<\/li><li>Schengen vizesi seyahat sa\u011fl\u0131k sigortas\u0131 (medical insurance), Schengen vizesi hastal\u0131k sigortas\u0131ndan (health insurance) farkl\u0131d\u0131r. Hastal\u0131k sigortas\u0131, yaln\u0131zca hastaneye kald\u0131r\u0131lma durumundaki ciddi t\u0131bbi sorunlar\u0131 i\u00e7ine alan seyahat sa\u011fl\u0131k sigortas\u0131ndan genellikle daha kapsaml\u0131d\u0131r. \u00d6rne\u011fin, hastal\u0131k sigortas\u0131 hastaneye ambulansla kald\u0131r\u0131lman\u0131z\u0131n yan\u0131 s\u0131ra, hastaneye yat\u0131r\u0131lma ve hastaneye yat\u0131r\u0131lma sonras\u0131 rehabilitasyon gibi i\u015flemleri de kapsayabilirken, seyahat sa\u011fl\u0131k sigortas\u0131 muhtemelen yaln\u0131zca hastaneye yat\u0131r\u0131lma i\u015flemlerini kapsayacakt\u0131r. Schengen vizesi i\u00e7in seyahat hastal\u0131k sigortas\u0131 (health insurance) yapt\u0131rman\u0131z zorunlu de\u011fildir. Ancak<em> sa\u011fl\u0131k <\/em>sigortas\u0131 (medical insurance) yapt\u0131rmak zorunludur.<\/li><\/ul><h5><u>Schengen vizesi sa\u011fl\u0131k sigortas\u0131 i\u00e7in gerekli olanlar a\u015fa\u011f\u0131dad\u0131r:<\/u><\/h5><ul><li><strong>En az 30.000 EUR sigorta kapsam\u0131<\/strong>.<\/li><li><strong>Schengen b\u00f6lgesinde kalaca\u011f\u0131n\u0131z s\u00fcre boyunca ge\u00e7erlilik<\/strong>.<ul><li>Sigorta teminat\u0131n\u0131z, Schengen vize ba\u015fvurunuzda ek belge olarak sundu\u011funuz u\u00e7ak rezervasyonun (u\u00e7ak bileti) kan\u0131t olarak g\u00f6sterdi\u011fi Schengen b\u00f6lgesinde kalma s\u00fcreniz boyunca ge\u00e7erli olmal\u0131d\u0131r. Sigortan\u0131z\u0131n, Schengen b\u00f6lgesine planlanan giri\u015f tarihinizden \u00e7\u0131k\u0131\u015f tarihinize kadar ge\u00e7erli olmas\u0131 gerekecektir. Bu s\u00fcrenin tamam\u0131n\u0131 kapsayan bir sigorta sunmazsan\u0131z (bu s\u00fcreyi yaln\u0131zca bir g\u00fcnle ka\u00e7\u0131r\u0131yor olsa bile), vize ba\u015fvurunuz b\u00fcy\u00fck ihtimalle reddedilecektir. Schengen b\u00f6lgesine giri\u015finizden \u00e7\u0131k\u0131\u015f\u0131n\u0131za kadar kapsad\u0131\u011f\u0131 s\u00fcrece, sigortan\u0131z\u0131n \u00e7\u0131k\u0131\u015f tarihinizden sonras\u0131n\u0131 da kapsamas\u0131 sorun de\u011fildir.<\/li><li>Sigortan\u0131z\u0131n Schengen b\u00f6lgesinde kalaca\u011f\u0131n\u0131z s\u00fcre boyunca ge\u00e7erli olmas\u0131 zorunlulu\u011fu yaln\u0131zca tek ve \u00e7ift giri\u015fli vizeler i\u00e7in ge\u00e7erlidir. E\u011fer Schengen vizenizi \u00e7oklu giri\u015fler i\u00e7in ald\u0131ysan\u0131z, ilk \u00f6nce Schengen b\u00f6lgesindeki kalaca\u011f\u0131n\u0131z s\u00fcrenin en az ilk d\u00f6nemini (bu da ayn\u0131 \u015fekilde Schengen vize ba\u015fvurunuzda sundu\u011funuz u\u00e7ak biletleri\/planlanan seyahat tarihleri ile kan\u0131tlan\u0131r), daha sonra da\u00a0 di\u011fer giri\u015fleri kapsayan bir sigorta yapt\u0131rman\u0131z gerekir.<\/li><\/ul><\/li><li><strong>Schengen b\u00f6lgesi i\u00e7inde ve boyunca ge\u00e7erlilik (yani her Schengen \u00fclkesi i\u00e7in ge\u00e7erli olmas\u0131<\/strong>).<\/li><li><strong>Ya sigorta belgesi ya da teyit mektubunda \u015f<\/strong><strong>artlar\u0131n a\u00e7\u0131k bir \u015fekilde ifade edilmesi<\/strong>.<\/li><\/ul><p>E\u011fer sigorta poli\u00e7esini ba\u015fvuran ki\u015finin ad\u0131na ba\u015fka biri sat\u0131n al\u0131yorsa, yukar\u0131daki \u015fartlar\u0131n tamam\u0131 ge\u00e7erlidir.<\/p><h5><u>\u015eunlar\u0131 unutmay\u0131n:<\/u><\/h5><ul><li>Sigorta teminat kapsam\u0131n\u0131 sundu\u011funuzda, konsolosluk yetkilileri, sigortan\u0131n meslek ve gelirinize g\u00f6re yeterli ve ge\u00e7erli olup olmad\u0131\u011f\u0131n\u0131 inceleyecektir. E\u011fer sigorta kapsam\u0131n\u0131z, meslek ve gelirinizin mahiyetiyle uyumlu bir seviyedeyse, yeterli ve ge\u00e7erli olarak kabul edilir.<\/li><li>E\u011fer S\u0131n\u0131rl\u0131 B\u00f6lgesel Vize sahibiyseniz, sigortan\u0131z en az\u0131ndan vizeniz i\u00e7in ge\u00e7erli olan devlet ya da devletleri kapsamal\u0131d\u0131r. \u00d6rne\u011fin, Macaristan ve Avusturya i\u00e7in S\u0131n\u0131rl\u0131 B\u00f6lgesel Vizeniz varsa, bu iki \u00fclke i\u00e7inde bir sa\u011fl\u0131k sorunu ya\u015fama ihtimalinize kar\u015f\u0131, sigortan\u0131z her ikisi i\u00e7in de ge\u00e7erli olmal\u0131d\u0131r.<\/li><li>Kredi kartlar\u0131n\u0131n sa\u011fl\u0131k sigortalar\u0131 genelde ge\u00e7erli say\u0131lmaz.<\/li><\/ul><h2>Kimler sa\u011fl\u0131k sigortas\u0131 zorunlulu\u011fundan muaft\u0131r?<\/h2><ul><li>A\u015fa\u011f\u0131daki ki\u015filer Schengen vizesi i\u00e7in sa\u011fl\u0131k sigortas\u0131 sat\u0131n alma zorunlulu\u011fundan muaf olabilirler:<ul><li>Diplomatik pasaport sahipleri.<\/li><li>Denizciler.<\/li><li>Schengen vizesine bir Schengen \u00fclkesinin d\u0131\u015f s\u0131n\u0131r\u0131ndan ba\u015fvuran ki\u015filer, d\u0131\u015f s\u0131n\u0131rda sa\u011fl\u0131k sigortas\u0131 yapt\u0131r\u0131lamad\u0131\u011f\u0131ndan sigorta sat\u0131n al\u0131m\u0131ndan muaf olabilirler.<\/li><li>Nadir de olsa duruma g\u00f6re, insani sebeplerden dolay\u0131 sigorta zorunlulu\u011fu g\u00f6rmezlikten gelinebilir.<\/li><\/ul><\/li><\/ul><h2>Seyahat sa\u011fl\u0131k sigortas\u0131 nereden yapt\u0131r\u0131l\u0131r?<\/h2><ul><li>Schengen vize sigortan\u0131z\u0131, \u015fu anda ya\u015famakta oldu\u011funuz \u00fclkeden yapt\u0131rman\u0131z tercih edilir. Bu e\u011fer herhangi bir sebepten dolay\u0131 m\u00fcmk\u00fcn de\u011filse, sigortay\u0131 nerede yapt\u0131rabiliyorsan\u0131z, orada yapt\u0131rman\u0131z gerekir.<\/li><li>\u00c7o\u011fu konsoloslu\u011fun seyahat sa\u011fl\u0131k sigortas\u0131 \u015firketleriyle ba\u011flant\u0131s\u0131 vard\u0131r. Genellikle vize ba\u015fvurusu yapt\u0131\u011f\u0131n\u0131z konsolosluk ya da el\u00e7ilik, seyahat sa\u011fl\u0131k sigortas\u0131 yapt\u0131rmak i\u00e7in sizi b\u00f6lgenizdeki bir sigorta \u015firketine y\u00f6nlendirebilir.<\/li><li>Schengen vizesi seyahat sa\u011fl\u0131k sigortas\u0131n\u0131 internet \u00fczerinden de yapt\u0131rabilirsiniz.<\/li><li>Ba\u015fvuru i\u015flemleriniz s\u0131ras\u0131nda seyahat sa\u011fl\u0131k sigortas\u0131 hakk\u0131nda daha fazla bilgiye ula\u015f\u0131rs\u0131n\u0131z.<\/li><\/ul><h2>Seyahat sa\u011fl\u0131k sigortas\u0131n\u0131n fiyat\u0131 nedir?<\/h2><ul><li>Schengen vizesi seyahat sa\u011fl\u0131k sigortas\u0131n\u0131n fiyat\u0131; ya\u015f, genel sa\u011fl\u0131k durumu, seyahatinizin s\u00fcresi ve kapsama seviyesi gibi birtak\u0131m fakt\u00f6rlere g\u00f6re de\u011fi\u015fir.<\/li><li>Schengen vizesi i\u00e7in sigorta \u00fccretleri \u00e7o\u011fu zaman birka\u00e7 y\u00fcz dolar\u0131 ge\u00e7mez.<\/li><\/ul><h2>Seyahat sa\u011fl\u0131k sigortas\u0131 ne t\u00fcr t\u0131bbi durumlar\u0131 kapsar?<\/h2><ul><li>Seyahat sa\u011fl\u0131k sigortas\u0131 yurt d\u0131\u015f\u0131nda ge\u00e7irdi\u011finiz kaza, hastal\u0131k ve hastaneye yatman\u0131z\u0131 gerektiren di\u011fer t\u0131bbi durumlar\u0131 kapsamaktad\u0131r. Sa\u011fl\u0131k sigortas\u0131n\u0131n kapsad\u0131\u011f\u0131 en yayg\u0131n t\u0131bbi durumlar \u015funlard\u0131r:<ul><li>Araba kazas\u0131 sonucunda yaralanma.<\/li><li>D\u00fc\u015fme sonucu kemikte \u00e7atlak\/k\u0131r\u0131k.<\/li><li>Kalp krizi\/kardiyovask\u00fcler vaka.<\/li><li>Yurt d\u0131\u015f\u0131nda hayat\u0131n\u0131 kaybetme durumunda, bedenin yurda g\u00f6nderilme masraflar\u0131.<\/li><\/ul><\/li><\/ul><h2>Seyahat sa\u011fl\u0131k sigortas\u0131 ne t\u00fcr t\u0131bbi durumlar\u0131 kapsamaz?<\/h2><ul><li>\u00c7o\u011fu seyahat sa\u011fl\u0131k sigortas\u0131, \u00f6nceden bulunan sa\u011fl\u0131k sorunlar\u0131n\u0131 kapsamaz. Yani yurt d\u0131\u015f\u0131ndayken, \u00f6nceden beri bulunan bir sa\u011fl\u0131k sorunu sonucunda t\u0131bbi yard\u0131m alman\u0131z gerekirse, bunun \u00fccretini muhtemelen cebinizden \u00f6demeniz gerekecektir.<\/li><li>\u00c7o\u011fu seyahat sa\u011fl\u0131k sigortas\u0131, hastaneye yat\u0131r\u0131lman\u0131n gerekmedi\u011fi k\u00fc\u00e7\u00fck hastal\u0131k ve yaralanmalar\u0131 kapsamaz.<\/li><li>\u00c7o\u011fu seyahat sa\u011fl\u0131k sigortas\u0131, estetik ameliyat\u0131 gibi aciliyeti olmayan (elektif) cerrahi m\u00fcdaheleleri kapsamaz.<\/li><\/ul><h2>Re\u015fit olmayanlar\u0131n seyahat sigortas\u0131na ihtiyac\u0131 var m\u0131d\u0131r?<\/h2><ul><li>18 ya\u015f\u0131ndan k\u00fc\u00e7\u00fck ki\u015filer de (re\u015fit olmayanlar) seyahat sa\u011fl\u0131k sigortas\u0131 yapt\u0131rmal\u0131d\u0131r. E\u011fer ailenizle birlikte seyahat edecekseniz, \u00e7o\u011fu sa\u011fl\u0131k sigortas\u0131 \u015firketi, 18 ya\u015f\u0131ndan k\u00fc\u00e7\u00fckler i\u00e7in \u00fccretsiz kapsama sa\u011flayan aile sigortas\u0131 planlar\u0131na sahiptir.<\/li><\/ul>\t\t\t\t\t\t\t\t<\/div>\n\t\t\t\t<\/div>\n\t\t\t\t\t<\/div>\n\t\t<\/div>\n\t\t\t\t\t<\/div>\n\t\t<\/section>\n\t\t\t\t<\/div>\n\t\t","protected":false},"excerpt":{"rendered":"<p>Kimlerin Schengen vize sigortas\u0131na ihtiyac\u0131 vard\u0131r? Tek Tip Schengen Vizesi (USV) i\u00e7in ba\u015fvuruyorsan\u0131z, uluslararas\u0131 seyahat<a class=\"read-more-text pl-2\" href=\"https:\/\/www.schengenvisas.com\/tr\/schengen-vize-sigorta\/\">[Devam\u0131n\u0131 oku&#8230;]<\/a><\/p>\n","protected":false},"author":15,"featured_media":0,"parent":0,"menu_order":0,"comment_status":"closed","ping_status":"closed","template":"","meta":{"_acf_changed":false,"inline_featured_image":false,"footnotes":""},"class_list":["post-13782","page","type-page","status-publish","hentry","entry"],"acf":[],"yoast_head":"<!-- This site is optimized with the Yoast SEO Premium plugin v24.1 (Yoast SEO v24.1) - https:\/\/yoast.com\/wordpress\/plugins\/seo\/ -->\n<title>Schengen Vize Sigortas\u0131 | Schengen Ba\u015fvurular\u0131 \u0130\u00e7in Sa\u011fl\u0131k Sigortas\u0131<\/title>\n<meta name=\"description\" content=\"Schengen Vize Sigortas\u0131 | Schengen Vize Ba\u015fvurular\u0131 \u0130\u00e7in Sa\u011fl\u0131k Sigortas\u0131 | Schengen B\u00f6lgesindeyken Sa\u011fl\u0131k Masraflar\u0131n\u0131n Sigorta Kapsam\u0131\" \/>\n<meta name=\"robots\" content=\"index, follow, max-snippet:-1, max-image-preview:large, max-video-preview:-1\" \/>\n<link rel=\"canonical\" href=\"https:\/\/www.schengenvisas.com\/tr\/wp-json\/wp\/v2\/pages\/13782\" \/>\n<meta property=\"og:locale\" content=\"tr_TR\" \/>\n<meta property=\"og:type\" content=\"article\" \/>\n<meta property=\"og:title\" content=\"Schengen Vize Sigortas\u0131\" \/>\n<meta property=\"og:description\" content=\"Schengen Vize Sigortas\u0131 | Schengen Vize Ba\u015fvurular\u0131 \u0130\u00e7in Sa\u011fl\u0131k Sigortas\u0131 | Schengen B\u00f6lgesindeyken Sa\u011fl\u0131k Masraflar\u0131n\u0131n Sigorta Kapsam\u0131\" \/>\n<meta property=\"og:url\" content=\"https:\/\/www.schengenvisas.com\/tr\/schengen-vize-sigorta\/\" \/>\n<meta property=\"og:site_name\" content=\"Schengen Visas\" \/>\n<meta property=\"article:modified_time\" content=\"2025-08-05T16:17:35+00:00\" \/>\n<meta name=\"twitter:card\" content=\"summary_large_image\" \/>\n<meta name=\"twitter:label1\" content=\"Tahmini okuma s\u00fcresi\" \/>\n\t<meta name=\"twitter:data1\" content=\"5 dakika\" \/>\n<script type=\"application\/ld+json\" class=\"yoast-schema-graph\">{\"@context\":\"https:\/\/schema.org\",\"@graph\":[{\"@type\":\"WebPage\",\"@id\":\"https:\/\/www.schengenvisas.com\/tr\/schengen-vize-sigorta\/\",\"url\":\"https:\/\/www.schengenvisas.com\/tr\/schengen-vize-sigorta\/\",\"name\":\"Schengen Vize Sigortas\u0131 | Schengen Ba\u015fvurular\u0131 \u0130\u00e7in Sa\u011fl\u0131k Sigortas\u0131\",\"isPartOf\":{\"@id\":\"https:\/\/www.schengenvisas.com\/#website\"},\"datePublished\":\"2020-02-01T15:23:09+00:00\",\"dateModified\":\"2025-08-05T16:17:35+00:00\",\"description\":\"Schengen Vize Sigortas\u0131 | Schengen Vize Ba\u015fvurular\u0131 \u0130\u00e7in Sa\u011fl\u0131k Sigortas\u0131 | Schengen B\u00f6lgesindeyken Sa\u011fl\u0131k Masraflar\u0131n\u0131n Sigorta Kapsam\u0131\",\"breadcrumb\":{\"@id\":\"https:\/\/www.schengenvisas.com\/tr\/schengen-vize-sigorta\/#breadcrumb\"},\"inLanguage\":\"tr\",\"potentialAction\":[{\"@type\":\"ReadAction\",\"target\":[\"https:\/\/www.schengenvisas.com\/tr\/schengen-vize-sigorta\/\"]}]},{\"@type\":\"BreadcrumbList\",\"@id\":\"https:\/\/www.schengenvisas.com\/tr\/schengen-vize-sigorta\/#breadcrumb\",\"itemListElement\":[{\"@type\":\"ListItem\",\"position\":1,\"name\":\"Home\",\"item\":\"https:\/\/www.schengenvisas.com\/\"},{\"@type\":\"ListItem\",\"position\":2,\"name\":\"Schengen Vize Sigortas\u0131\"}]},{\"@type\":\"WebSite\",\"@id\":\"https:\/\/www.schengenvisas.com\/#website\",\"url\":\"https:\/\/www.schengenvisas.com\/\",\"name\":\"Schengen Visas\",\"description\":\"Schengen Visa Application Services\",\"publisher\":{\"@id\":\"https:\/\/www.schengenvisas.com\/#organization\"},\"potentialAction\":[{\"@type\":\"SearchAction\",\"target\":{\"@type\":\"EntryPoint\",\"urlTemplate\":\"https:\/\/www.schengenvisas.com\/?s={search_term_string}\"},\"query-input\":{\"@type\":\"PropertyValueSpecification\",\"valueRequired\":true,\"valueName\":\"search_term_string\"}}],\"inLanguage\":\"tr\"},{\"@type\":\"Organization\",\"@id\":\"https:\/\/www.schengenvisas.com\/#organization\",\"name\":\"Schengen Visas\",\"url\":\"https:\/\/www.schengenvisas.com\/\",\"logo\":{\"@type\":\"ImageObject\",\"inLanguage\":\"tr\",\"@id\":\"https:\/\/www.schengenvisas.com\/#\/schema\/logo\/image\/\",\"url\":\"https:\/\/www.schengenvisas.com\/wp-content\/uploads\/2023\/03\/logo.svg\",\"contentUrl\":\"https:\/\/www.schengenvisas.com\/wp-content\/uploads\/2023\/03\/logo.svg\",\"width\":894,\"height\":123,\"caption\":\"Schengen Visas\"},\"image\":{\"@id\":\"https:\/\/www.schengenvisas.com\/#\/schema\/logo\/image\/\"}}]}<\/script>\n<!-- \/ Yoast SEO Premium plugin. -->","yoast_head_json":{"title":"Schengen Vize Sigortas\u0131 | Schengen Ba\u015fvurular\u0131 \u0130\u00e7in Sa\u011fl\u0131k Sigortas\u0131","description":"Schengen Vize Sigortas\u0131 | Schengen Vize Ba\u015fvurular\u0131 \u0130\u00e7in Sa\u011fl\u0131k Sigortas\u0131 | Schengen B\u00f6lgesindeyken Sa\u011fl\u0131k Masraflar\u0131n\u0131n Sigorta Kapsam\u0131","robots":{"index":"index","follow":"follow","max-snippet":"max-snippet:-1","max-image-preview":"max-image-preview:large","max-video-preview":"max-video-preview:-1"},"canonical":"https:\/\/www.schengenvisas.com\/tr\/wp-json\/wp\/v2\/pages\/13782","og_locale":"tr_TR","og_type":"article","og_title":"Schengen Vize Sigortas\u0131","og_description":"Schengen Vize Sigortas\u0131 | Schengen Vize Ba\u015fvurular\u0131 \u0130\u00e7in Sa\u011fl\u0131k Sigortas\u0131 | Schengen B\u00f6lgesindeyken Sa\u011fl\u0131k Masraflar\u0131n\u0131n Sigorta Kapsam\u0131","og_url":"https:\/\/www.schengenvisas.com\/tr\/schengen-vize-sigorta\/","og_site_name":"Schengen Visas","article_modified_time":"2025-08-05T16:17:35+00:00","twitter_card":"summary_large_image","twitter_misc":{"Tahmini okuma s\u00fcresi":"5 dakika"},"schema":{"@context":"https:\/\/schema.org","@graph":[{"@type":"WebPage","@id":"https:\/\/www.schengenvisas.com\/tr\/schengen-vize-sigorta\/","url":"https:\/\/www.schengenvisas.com\/tr\/schengen-vize-sigorta\/","name":"Schengen Vize Sigortas\u0131 | Schengen Ba\u015fvurular\u0131 \u0130\u00e7in Sa\u011fl\u0131k Sigortas\u0131","isPartOf":{"@id":"https:\/\/www.schengenvisas.com\/#website"},"datePublished":"2020-02-01T15:23:09+00:00","dateModified":"2025-08-05T16:17:35+00:00","description":"Schengen Vize Sigortas\u0131 | Schengen Vize Ba\u015fvurular\u0131 \u0130\u00e7in Sa\u011fl\u0131k Sigortas\u0131 | Schengen B\u00f6lgesindeyken Sa\u011fl\u0131k Masraflar\u0131n\u0131n Sigorta Kapsam\u0131","breadcrumb":{"@id":"https:\/\/www.schengenvisas.com\/tr\/schengen-vize-sigorta\/#breadcrumb"},"inLanguage":"tr","potentialAction":[{"@type":"ReadAction","target":["https:\/\/www.schengenvisas.com\/tr\/schengen-vize-sigorta\/"]}]},{"@type":"BreadcrumbList","@id":"https:\/\/www.schengenvisas.com\/tr\/schengen-vize-sigorta\/#breadcrumb","itemListElement":[{"@type":"ListItem","position":1,"name":"Home","item":"https:\/\/www.schengenvisas.com\/"},{"@type":"ListItem","position":2,"name":"Schengen Vize Sigortas\u0131"}]},{"@type":"WebSite","@id":"https:\/\/www.schengenvisas.com\/#website","url":"https:\/\/www.schengenvisas.com\/","name":"Schengen Visas","description":"Schengen Visa Application Services","publisher":{"@id":"https:\/\/www.schengenvisas.com\/#organization"},"potentialAction":[{"@type":"SearchAction","target":{"@type":"EntryPoint","urlTemplate":"https:\/\/www.schengenvisas.com\/?s={search_term_string}"},"query-input":{"@type":"PropertyValueSpecification","valueRequired":true,"valueName":"search_term_string"}}],"inLanguage":"tr"},{"@type":"Organization","@id":"https:\/\/www.schengenvisas.com\/#organization","name":"Schengen Visas","url":"https:\/\/www.schengenvisas.com\/","logo":{"@type":"ImageObject","inLanguage":"tr","@id":"https:\/\/www.schengenvisas.com\/#\/schema\/logo\/image\/","url":"https:\/\/www.schengenvisas.com\/wp-content\/uploads\/2023\/03\/logo.svg","contentUrl":"https:\/\/www.schengenvisas.com\/wp-content\/uploads\/2023\/03\/logo.svg","width":894,"height":123,"caption":"Schengen Visas"},"image":{"@id":"https:\/\/www.schengenvisas.com\/#\/schema\/logo\/image\/"}}]}},"_links":{"self":[{"href":"https:\/\/www.schengenvisas.com\/tr\/wp-json\/wp\/v2\/pages\/13782","targetHints":{"allow":["GET"]}}],"collection":[{"href":"https:\/\/www.schengenvisas.com\/tr\/wp-json\/wp\/v2\/pages"}],"about":[{"href":"https:\/\/www.schengenvisas.com\/tr\/wp-json\/wp\/v2\/types\/page"}],"author":[{"embeddable":true,"href":"https:\/\/www.schengenvisas.com\/tr\/wp-json\/wp\/v2\/users\/15"}],"replies":[{"embeddable":true,"href":"https:\/\/www.schengenvisas.com\/tr\/wp-json\/wp\/v2\/comments?post=13782"}],"version-history":[{"count":15,"href":"https:\/\/www.schengenvisas.com\/tr\/wp-json\/wp\/v2\/pages\/13782\/revisions"}],"predecessor-version":[{"id":30129,"href":"https:\/\/www.schengenvisas.com\/tr\/wp-json\/wp\/v2\/pages\/13782\/revisions\/30129"}],"wp:attachment":[{"href":"https:\/\/www.schengenvisas.com\/tr\/wp-json\/wp\/v2\/media?parent=13782"}],"curies":[{"name":"wp","href":"https:\/\/api.w.org\/{rel}","templated":true}]}}