{"id":13802,"date":"2020-02-28T11:06:31","date_gmt":"2020-02-28T11:06:31","guid":{"rendered":"https:\/\/www.schengenvisas.com\/schengen-visa-for-sports\/"},"modified":"2021-10-15T12:57:52","modified_gmt":"2021-10-15T08:57:52","slug":"schengen-sporcu-vizesi","status":"publish","type":"page","link":"https:\/\/www.schengenvisas.com\/tr\/schengen-sporcu-vizesi\/","title":{"rendered":"Schengen Sporcu Vizesi"},"content":{"rendered":"\t\t<div data-elementor-type=\"wp-page\" data-elementor-id=\"13802\" class=\"elementor elementor-13802 elementor-976\" data-elementor-post-type=\"page\">\n\t\t\t\t\t\t<section class=\"elementor-section elementor-top-section elementor-element elementor-element-6784272f elementor-section-boxed elementor-section-height-default elementor-section-height-default\" data-id=\"6784272f\" data-element_type=\"section\">\n\t\t\t\t\t\t<div class=\"elementor-container elementor-column-gap-default\">\n\t\t\t\t\t<div class=\"elementor-column elementor-col-100 elementor-top-column elementor-element elementor-element-71891fa9\" data-id=\"71891fa9\" data-element_type=\"column\">\n\t\t\t<div class=\"elementor-widget-wrap elementor-element-populated\">\n\t\t\t\t\t\t<div class=\"elementor-element elementor-element-55eb0f18 elementor-widget elementor-widget-text-editor\" data-id=\"55eb0f18\" data-element_type=\"widget\" data-widget_type=\"text-editor.default\">\n\t\t\t\t<div class=\"elementor-widget-container\">\n\t\t\t\t\t\t\t\t\t<p>Bir tak\u0131m\u0131n \u00fcyesi olarak bir spor etkinli\u011fine kat\u0131lmak gibi a\u011f\u0131rl\u0131kl\u0131 olarak spor amac\u0131yla seyahat edeceksiniz, <strong>Schengen Sporcu Vizesi <\/strong>i\u00e7in ba\u015fvurman\u0131z gerekir.<\/p><h2>Schengen Sporcu Vizesi Nedir?<\/h2><ul><li>Spor amac\u0131yla Schengen b\u00f6lgesinde 180 g\u00fcnl\u00fck s\u00fcre i\u00e7erisinde 90 g\u00fcne kadar kalman\u0131z\u0131 sa\u011flayan bir t\u00fcr k\u0131sa d\u00f6nem (C Tipi) vizedir.<\/li><\/ul><h3>Uygunluk: Kimler Ba\u015fvurabilir<\/h3><ul><li>Schengen b\u00f6lgesi i\u00e7in vizesiz eri\u015fim ya da havaalan\u0131 vizesinin d\u0131\u015f\u0131nda kalan ve ger\u00e7ek, ge\u00e7erli, belgeli bir spor amac\u0131 olan \u00fc\u00e7\u00fcnc\u00fc \u00fclke vatanda\u015flar\u0131, Schengen Sporcu Vizesi i\u00e7in ba\u015fvuru yapabilirler.<\/li><\/ul><h2>Gerekli Belgeler<\/h2><ul><li><a href=\"https:\/\/www.schengenvisas.com\/tr\/schengen-vizesi-basvuru-sartlari\/\"><strong><u>Gerekli Temel Belgeler<\/u><\/strong><\/a> d\u0131\u015f\u0131nda, <strong>Schengen Sporcu Vizesi <\/strong>i\u00e7in ba\u015fvuran ki\u015filerin \u015fu materyalleri de sunmas\u0131 gerekir:<\/li><\/ul><ul><li>\u0130kamet etti\u011finiz \u00fclkede bir spor kurumunun sporcusu\/\u00fcyesi iseniz ve yerel spor kurumunuz taraf\u0131ndan organize edilmi\u015f bir spor kamp\u0131\/etkinli\u011fi i\u00e7in seyahat ediyorsan\u0131z, seyahatiniz ve kalmak istedi\u011finiz Schengen \u00fclkesindeki amac\u0131n\u0131z gibi seyahat bilgilerini g\u00f6steren materyaller sunman\u0131z gerekir:<ul><li>\u0130kamet etti\u011finiz \u00fclkenizdeki yerel spor kurumunun ad\u0131n\u0131, tam adresini, ileti\u015fim bilgilerini ve kurum i\u00e7indeki pozisyonunuzu (sporcu, antren\u00f6r, teknik direkt\u00f6r vs.), kuruma\/tak\u0131ma kat\u0131l\u0131\u015f tarihinizi, size verilen paran\u0131n amac\u0131n\u0131\/sebebini (e\u011fer veriliyorsa) ve Schengen \u00fclkesinde kald\u0131\u011f\u0131n\u0131z s\u00fcre boyunca i\u015f aramayacak olman\u0131z\u0131n garantisini i\u00e7eren, yerel spor kurumunuzdan g\u00f6nderilen mektup.<\/li><li>Seyahat etme amac\u0131n\u0131z\u0131n, ikamet etti\u011finiz \u00fclkenin yerel spor kurumunun, gitmek istedi\u011finiz \u00fclkenin yerel bir spor kurumuyla i\u015f birli\u011fi yaparak organize etti\u011fi bir spor etkinli\u011fine kat\u0131lmak olup olmad\u0131\u011f\u0131:<ul><li>Ev sahibi\/etkinli\u011fi organize eden kurumun tam adresi, etkinlik uzunlu\u011fu ve program\u0131, etkinli\u011fin amac\u0131 ve seyahat ile konaklamaya ili\u015fkin masraflar\u0131n\u0131z\u0131n nas\u0131l kar\u015f\u0131lanaca\u011f\u0131 (cebinizden mi \u00f6deyeceksiniz yoksa ev sahibi\/organizasyon\/kamp\/ba\u015fka biri, kat\u0131l\u0131m\u0131n\u0131zla ilgili masraflar\u0131 kar\u015f\u0131layacak m\u0131) gibi hedef \u00fclkedeki kat\u0131laca\u011f\u0131n\u0131z spor etkinli\u011fi hakk\u0131ndaki bilgileri a\u00e7\u0131klayan, ikamet etti\u011finiz \u00fclkenin yerel spor kurumu taraf\u0131ndan yaz\u0131lm\u0131\u015f mektup.<\/li><li>Hedef \u00fclkedeki ilgili yerel spor kurumunun, sizin yerel spor kurumunuzla ortakl\u0131k i\u00e7inde oldu\u011funu ilan eden ve tam adres, etkinlik uzunlu\u011fu ve etkinlik program\u0131 gibi bilgileri de i\u00e7eren mektubu.<\/li><\/ul><\/li><\/ul><\/li><\/ul><h2>Nas\u0131l Ba\u015fvurulur<\/h2><ol><li>Seyahatinizin \u00e7o\u011funlu\u011funu ge\u00e7irece\u011finiz Schengen \u00fclkesini belirleyin. Schengen Sporcu Vizesi ba\u015fvurusunu o \u00fclkenin konsoloslu\u011fundan yapacaks\u0131n\u0131z.<\/li><li>Seyahat sebebi olarak &#8220;<strong>Spor<\/strong>&#8220;<strong> (Sports) <\/strong>se\u00e7ene\u011fini i\u015faretleyin.<\/li><li>Schengen b\u00f6lgesine ka\u00e7 kere &#8220;<strong>Giri\u015f<\/strong>&#8220;<strong> (Entries) <\/strong>yap\u0131laca\u011f\u0131n\u0131 belirleyin.<\/li><li><a href=\"https:\/\/www.schengenvisas.com\/tr\/schengen-vizesi-basvuru-sartlari\/\"><strong><u>Gerekli Temel Belgeler<\/u><\/strong><\/a> d\u0131\u015f\u0131nda, Schengen Sporcu Vizesi i\u00e7in gerekli di\u011fer belgeleri haz\u0131rlay\u0131n.<\/li><li><a href=\"https:\/\/www.schengenvisas.com\/tr\/schengen-vize-basvuru-formunu-indir\/\"><strong><u>Ba\u015fvurunuzu<\/u><\/strong><\/a> doldurun. Her Schengen \u00fclkesinin ba\u015fvurular i\u00e7in farkl\u0131 y\u00f6ntemleri vard\u0131r. Ba\u015fvuruyu online bir ba\u015fvuru portal\u0131ndan yapman\u0131z ya da \u00e7\u0131kt\u0131s\u0131n\u0131 ald\u0131\u011f\u0131n\u0131z ba\u015fvuru formunu elle doldurman\u0131z gerekebilir.<\/li><li><a href=\"https:\/\/www.schengenvisas.com\/tr\/schengen-vize-ucretleri\/\"><strong><u>Ba\u015fvuru \u00fccretini<\/u><\/strong><\/a> \u00f6deyin (yeti\u015fkinler i\u00e7in standart \u00fccret 80 avrodur). Vize ba\u015fvurunuzla birlikte muhtemelen ek bir hizmet \u00fccreti \u00f6demeniz gerekecektir. Bu vize \u00fccretinden ayr\u0131d\u0131r ve \u00f6demesi b\u00fcy\u00fck ihtimalle daha sonra Vize Ba\u015fvuru Merkezi&#8217;ndeki g\u00f6r\u00fc\u015fmenizde bizzat taraf\u0131n\u0131zdan yap\u0131l\u0131r. Bu \u00fccretlerin iadesi olmad\u0131\u011f\u0131n\u0131 unutmay\u0131n.<\/li><li>Ba\u015fvuru belgelerinizi teslim edin.<\/li><li>G\u00f6r\u00fc\u015fme randevusu al\u0131n. G\u00f6r\u00fc\u015fmeler ya ba\u015fvuru yapt\u0131\u011f\u0131n\u0131z \u00fclkenin konsoloslu\u011fu veya el\u00e7ili\u011finde ya da ba\u015fvuru yapt\u0131\u011f\u0131n\u0131z \u00fclkenin konsoloslu\u011fuyla ba\u011flant\u0131s\u0131 olan bir Vize Ba\u015fvuru Merkezi&#8217;nde y\u00fcz y\u00fcze yap\u0131l\u0131r.<\/li><\/ol><h3>Ne Zaman Ba\u015fvurulur<\/h3><ul><li>Schengen Sporcu Vizesi i\u00e7in ba\u015fvurular, seyahat edece\u011finiz g\u00fcnden <em>en az <\/em>15 g\u00fcn \u00f6nce, gitmeden ise <em>en erken <\/em>6 ay \u00f6nce yap\u0131lmal\u0131d\u0131r.<\/li><\/ul><h3>Nereye Ba\u015fvurulur<\/h3><ul><li>Schengen Sporcu Vizesi ba\u015fvurusunu ya gitmeyi d\u00fc\u015f\u00fcnd\u00fc\u011f\u00fcn\u00fcz Schengen \u00fclkesinin konsoloslu\u011fu veya el\u00e7ili\u011fine ya da \u00fclkenin konsoloslu\u011fuyla ba\u011flant\u0131s\u0131 olan bir Vize Ba\u015fvuru Merkezi&#8217;ne yapman\u0131z gerekir.<\/li><li>Schengen b\u00f6lgesinde birden fazla \u00fclkeyi ziyaret edecekseniz, ba\u015fvurunuz zaman\u0131n\u0131z\u0131 en \u00e7ok ge\u00e7irece\u011finiz \u00fclkenin el\u00e7ili\u011fi, konsoloslu\u011fu ya da ilgili Vize Ba\u015fvuru Merkezi&#8217;nden yap\u0131lmal\u0131d\u0131r. Bu birden fazla \u00fclkede e\u015fit seviyede zaman ge\u00e7irecekseniz, o zaman ba\u015fvurunuzu ilk varaca\u011f\u0131n\u0131z \u00fclkenin el\u00e7ili\u011fi, konsoloslu\u011fu ya da ilgili Vize Ba\u015fvuru Merkezi&#8217;ne yapman\u0131z gerekir.<\/li><\/ul><h2>\u0130\u015flem S\u00fcresi<\/h2><ul><li>Schengen Sporcu Vizesi i\u00e7in i\u015flem s\u00fcresi genellikle iki hafta kadard\u0131r (15 g\u00fcn). Nadir durumlarda, konsolosluklar\u0131n ba\u015fvuru i\u00e7in bir karara varmas\u0131 30 ila 60 g\u00fcn s\u00fcrebilir.<\/li><\/ul>\t\t\t\t\t\t\t\t<\/div>\n\t\t\t\t<\/div>\n\t\t\t\t\t<\/div>\n\t\t<\/div>\n\t\t\t\t\t<\/div>\n\t\t<\/section>\n\t\t\t\t<\/div>\n\t\t","protected":false},"excerpt":{"rendered":"<p>Bir tak\u0131m\u0131n \u00fcyesi olarak bir spor etkinli\u011fine kat\u0131lmak gibi a\u011f\u0131rl\u0131kl\u0131 olarak spor amac\u0131yla seyahat edeceksiniz,<a class=\"read-more-text pl-2\" href=\"https:\/\/www.schengenvisas.com\/tr\/schengen-sporcu-vizesi\/\">[Devam\u0131n\u0131 oku&#8230;]<\/a><\/p>\n","protected":false},"author":15,"featured_media":0,"parent":0,"menu_order":0,"comment_status":"closed","ping_status":"closed","template":"","meta":{"_acf_changed":false,"inline_featured_image":false,"footnotes":""},"class_list":["post-13802","page","type-page","status-publish","hentry","entry"],"acf":[],"yoast_head":"<!-- This site is optimized with the Yoast SEO Premium plugin v24.1 (Yoast SEO v24.1) - https:\/\/yoast.com\/wordpress\/plugins\/seo\/ -->\n<title>Spor Ama\u00e7l\u0131 Schengen Vizesi | Schengen Sporcu Vizesinin Detaylar\u0131<\/title>\n<meta name=\"description\" content=\"Spor Amac\u0131yla Schengen Vizesine nas\u0131l ba\u015fvurulur? | Schengen Sporcu Vizesinin \u015eartlar\u0131 ve Uygunluk Kriterleri\" \/>\n<meta name=\"robots\" content=\"index, follow, max-snippet:-1, max-image-preview:large, max-video-preview:-1\" \/>\n<link rel=\"canonical\" href=\"https:\/\/www.schengenvisas.com\/tr\/wp-json\/wp\/v2\/pages\/13802\" \/>\n<meta property=\"og:locale\" content=\"tr_TR\" \/>\n<meta property=\"og:type\" content=\"article\" \/>\n<meta property=\"og:title\" content=\"Schengen Sporcu Vizesi\" \/>\n<meta property=\"og:description\" content=\"Spor Amac\u0131yla Schengen Vizesine nas\u0131l ba\u015fvurulur? | Schengen Sporcu Vizesinin \u015eartlar\u0131 ve Uygunluk Kriterleri\" \/>\n<meta property=\"og:url\" content=\"https:\/\/www.schengenvisas.com\/tr\/schengen-sporcu-vizesi\/\" \/>\n<meta property=\"og:site_name\" content=\"Schengen Visas\" \/>\n<meta property=\"article:modified_time\" content=\"2021-10-15T08:57:52+00:00\" \/>\n<meta name=\"twitter:card\" content=\"summary_large_image\" \/>\n<meta name=\"twitter:label1\" content=\"Tahmini okuma s\u00fcresi\" \/>\n\t<meta name=\"twitter:data1\" content=\"3 dakika\" \/>\n<script type=\"application\/ld+json\" class=\"yoast-schema-graph\">{\"@context\":\"https:\/\/schema.org\",\"@graph\":[{\"@type\":\"WebPage\",\"@id\":\"https:\/\/www.schengenvisas.com\/tr\/schengen-sporcu-vizesi\/\",\"url\":\"https:\/\/www.schengenvisas.com\/tr\/schengen-sporcu-vizesi\/\",\"name\":\"Spor Ama\u00e7l\u0131 Schengen Vizesi | Schengen Sporcu Vizesinin Detaylar\u0131\",\"isPartOf\":{\"@id\":\"https:\/\/www.schengenvisas.com\/#website\"},\"datePublished\":\"2020-02-28T11:06:31+00:00\",\"dateModified\":\"2021-10-15T08:57:52+00:00\",\"description\":\"Spor Amac\u0131yla Schengen Vizesine nas\u0131l ba\u015fvurulur? | Schengen Sporcu Vizesinin \u015eartlar\u0131 ve Uygunluk Kriterleri\",\"breadcrumb\":{\"@id\":\"https:\/\/www.schengenvisas.com\/tr\/schengen-sporcu-vizesi\/#breadcrumb\"},\"inLanguage\":\"tr\",\"potentialAction\":[{\"@type\":\"ReadAction\",\"target\":[\"https:\/\/www.schengenvisas.com\/tr\/schengen-sporcu-vizesi\/\"]}]},{\"@type\":\"BreadcrumbList\",\"@id\":\"https:\/\/www.schengenvisas.com\/tr\/schengen-sporcu-vizesi\/#breadcrumb\",\"itemListElement\":[{\"@type\":\"ListItem\",\"position\":1,\"name\":\"Home\",\"item\":\"https:\/\/www.schengenvisas.com\/\"},{\"@type\":\"ListItem\",\"position\":2,\"name\":\"Schengen Sporcu Vizesi\"}]},{\"@type\":\"WebSite\",\"@id\":\"https:\/\/www.schengenvisas.com\/#website\",\"url\":\"https:\/\/www.schengenvisas.com\/\",\"name\":\"Schengen Visas\",\"description\":\"Schengen Visa Application Services\",\"publisher\":{\"@id\":\"https:\/\/www.schengenvisas.com\/#organization\"},\"potentialAction\":[{\"@type\":\"SearchAction\",\"target\":{\"@type\":\"EntryPoint\",\"urlTemplate\":\"https:\/\/www.schengenvisas.com\/?s={search_term_string}\"},\"query-input\":{\"@type\":\"PropertyValueSpecification\",\"valueRequired\":true,\"valueName\":\"search_term_string\"}}],\"inLanguage\":\"tr\"},{\"@type\":\"Organization\",\"@id\":\"https:\/\/www.schengenvisas.com\/#organization\",\"name\":\"Schengen Visas\",\"url\":\"https:\/\/www.schengenvisas.com\/\",\"logo\":{\"@type\":\"ImageObject\",\"inLanguage\":\"tr\",\"@id\":\"https:\/\/www.schengenvisas.com\/#\/schema\/logo\/image\/\",\"url\":\"https:\/\/www.schengenvisas.com\/wp-content\/uploads\/2023\/03\/logo.svg\",\"contentUrl\":\"https:\/\/www.schengenvisas.com\/wp-content\/uploads\/2023\/03\/logo.svg\",\"width\":894,\"height\":123,\"caption\":\"Schengen Visas\"},\"image\":{\"@id\":\"https:\/\/www.schengenvisas.com\/#\/schema\/logo\/image\/\"}}]}<\/script>\n<!-- \/ Yoast SEO Premium plugin. -->","yoast_head_json":{"title":"Spor Ama\u00e7l\u0131 Schengen Vizesi | Schengen Sporcu Vizesinin Detaylar\u0131","description":"Spor Amac\u0131yla Schengen Vizesine nas\u0131l ba\u015fvurulur? | Schengen Sporcu Vizesinin \u015eartlar\u0131 ve Uygunluk Kriterleri","robots":{"index":"index","follow":"follow","max-snippet":"max-snippet:-1","max-image-preview":"max-image-preview:large","max-video-preview":"max-video-preview:-1"},"canonical":"https:\/\/www.schengenvisas.com\/tr\/wp-json\/wp\/v2\/pages\/13802","og_locale":"tr_TR","og_type":"article","og_title":"Schengen Sporcu Vizesi","og_description":"Spor Amac\u0131yla Schengen Vizesine nas\u0131l ba\u015fvurulur? | Schengen Sporcu Vizesinin \u015eartlar\u0131 ve Uygunluk Kriterleri","og_url":"https:\/\/www.schengenvisas.com\/tr\/schengen-sporcu-vizesi\/","og_site_name":"Schengen Visas","article_modified_time":"2021-10-15T08:57:52+00:00","twitter_card":"summary_large_image","twitter_misc":{"Tahmini okuma s\u00fcresi":"3 dakika"},"schema":{"@context":"https:\/\/schema.org","@graph":[{"@type":"WebPage","@id":"https:\/\/www.schengenvisas.com\/tr\/schengen-sporcu-vizesi\/","url":"https:\/\/www.schengenvisas.com\/tr\/schengen-sporcu-vizesi\/","name":"Spor Ama\u00e7l\u0131 Schengen Vizesi | Schengen Sporcu Vizesinin Detaylar\u0131","isPartOf":{"@id":"https:\/\/www.schengenvisas.com\/#website"},"datePublished":"2020-02-28T11:06:31+00:00","dateModified":"2021-10-15T08:57:52+00:00","description":"Spor Amac\u0131yla Schengen Vizesine nas\u0131l ba\u015fvurulur? | Schengen Sporcu Vizesinin \u015eartlar\u0131 ve Uygunluk Kriterleri","breadcrumb":{"@id":"https:\/\/www.schengenvisas.com\/tr\/schengen-sporcu-vizesi\/#breadcrumb"},"inLanguage":"tr","potentialAction":[{"@type":"ReadAction","target":["https:\/\/www.schengenvisas.com\/tr\/schengen-sporcu-vizesi\/"]}]},{"@type":"BreadcrumbList","@id":"https:\/\/www.schengenvisas.com\/tr\/schengen-sporcu-vizesi\/#breadcrumb","itemListElement":[{"@type":"ListItem","position":1,"name":"Home","item":"https:\/\/www.schengenvisas.com\/"},{"@type":"ListItem","position":2,"name":"Schengen Sporcu Vizesi"}]},{"@type":"WebSite","@id":"https:\/\/www.schengenvisas.com\/#website","url":"https:\/\/www.schengenvisas.com\/","name":"Schengen Visas","description":"Schengen Visa Application Services","publisher":{"@id":"https:\/\/www.schengenvisas.com\/#organization"},"potentialAction":[{"@type":"SearchAction","target":{"@type":"EntryPoint","urlTemplate":"https:\/\/www.schengenvisas.com\/?s={search_term_string}"},"query-input":{"@type":"PropertyValueSpecification","valueRequired":true,"valueName":"search_term_string"}}],"inLanguage":"tr"},{"@type":"Organization","@id":"https:\/\/www.schengenvisas.com\/#organization","name":"Schengen Visas","url":"https:\/\/www.schengenvisas.com\/","logo":{"@type":"ImageObject","inLanguage":"tr","@id":"https:\/\/www.schengenvisas.com\/#\/schema\/logo\/image\/","url":"https:\/\/www.schengenvisas.com\/wp-content\/uploads\/2023\/03\/logo.svg","contentUrl":"https:\/\/www.schengenvisas.com\/wp-content\/uploads\/2023\/03\/logo.svg","width":894,"height":123,"caption":"Schengen Visas"},"image":{"@id":"https:\/\/www.schengenvisas.com\/#\/schema\/logo\/image\/"}}]}},"_links":{"self":[{"href":"https:\/\/www.schengenvisas.com\/tr\/wp-json\/wp\/v2\/pages\/13802","targetHints":{"allow":["GET"]}}],"collection":[{"href":"https:\/\/www.schengenvisas.com\/tr\/wp-json\/wp\/v2\/pages"}],"about":[{"href":"https:\/\/www.schengenvisas.com\/tr\/wp-json\/wp\/v2\/types\/page"}],"author":[{"embeddable":true,"href":"https:\/\/www.schengenvisas.com\/tr\/wp-json\/wp\/v2\/users\/15"}],"replies":[{"embeddable":true,"href":"https:\/\/www.schengenvisas.com\/tr\/wp-json\/wp\/v2\/comments?post=13802"}],"version-history":[{"count":0,"href":"https:\/\/www.schengenvisas.com\/tr\/wp-json\/wp\/v2\/pages\/13802\/revisions"}],"wp:attachment":[{"href":"https:\/\/www.schengenvisas.com\/tr\/wp-json\/wp\/v2\/media?parent=13802"}],"curies":[{"name":"wp","href":"https:\/\/api.w.org\/{rel}","templated":true}]}}