{"id":13815,"date":"2020-01-31T19:32:46","date_gmt":"2020-01-31T19:32:46","guid":{"rendered":"https:\/\/www.schengenvisas.com\/spouse-visa\/"},"modified":"2021-10-16T22:50:25","modified_gmt":"2021-10-16T18:50:25","slug":"es-vize","status":"publish","type":"page","link":"https:\/\/www.schengenvisas.com\/tr\/es-vize\/","title":{"rendered":"Schengen Avrupal\u0131 E\u015f Vizesi"},"content":{"rendered":"\t\t<div data-elementor-type=\"wp-page\" data-elementor-id=\"13815\" class=\"elementor elementor-13815 elementor-709\" data-elementor-post-type=\"page\">\n\t\t\t\t\t\t<section class=\"elementor-section elementor-top-section elementor-element elementor-element-43e106c3 elementor-section-boxed elementor-section-height-default elementor-section-height-default\" data-id=\"43e106c3\" data-element_type=\"section\">\n\t\t\t\t\t\t<div class=\"elementor-container elementor-column-gap-default\">\n\t\t\t\t\t<div class=\"elementor-column elementor-col-100 elementor-top-column elementor-element elementor-element-3666286c\" data-id=\"3666286c\" data-element_type=\"column\">\n\t\t\t<div class=\"elementor-widget-wrap elementor-element-populated\">\n\t\t\t\t\t\t<div class=\"elementor-element elementor-element-1921ccaf elementor-widget elementor-widget-text-editor\" data-id=\"1921ccaf\" data-element_type=\"widget\" data-widget_type=\"text-editor.default\">\n\t\t\t\t<div class=\"elementor-widget-container\">\n\t\t\t\t\t\t\t\t\t<p>Schengen b\u00f6lgesine bir AB vatanda\u015f\u0131n\u0131n e\u015fi olarak gidiyorsan\u0131z, <strong>Schengen Avrupal\u0131 E\u015f Vizesi <\/strong>i\u00e7ni ba\u015fvurman\u0131z gerekir<strong>.\u00a0 <\/strong><\/p><h2>Schengen Avrupal\u0131 E\u015f Vizesi Nedir?<\/h2><ul><li>Bir AB vatanda\u015f\u0131n\u0131n e\u015fi olarak Schengen b\u00f6lgesinde 180 g\u00fcnl\u00fck s\u00fcre i\u00e7erisinde 90 g\u00fcne kadar kalman\u0131z\u0131 sa\u011flayan bir t\u00fcr k\u0131sa d\u00f6nem (C Tipi) vizedir.<\/li><\/ul><h2>Uygunluk: Kimler Schengen Avrupal\u0131 E\u015f Vizesine Ba\u015fvurabilir?<\/h2><ul><li>Bir AB vatanda\u015f\u0131n\u0131n e\u015fi olan herkes, Schengen Avrupal\u0131 E\u015f Vizesi i\u00e7in ba\u015fvuruda bulunabilir.<\/li><\/ul><h2>Gerekli Belgeler<\/h2><ul><li><a href=\"https:\/\/www.schengenvisas.com\/tr\/schengen-vizesi-basvuru-sartlari\/\"><strong><u>Gerekli Temel Belgeler<\/u><\/strong><\/a> d\u0131\u015f\u0131nda, Schengen Avrupal\u0131 E\u015f Vizesi i\u00e7in ba\u015fvuran ki\u015filerin, e\u015flerinin uyru\u011fu ve evlilik ispat\u0131n\u0131n yan\u0131 s\u0131ra, a\u015fa\u011f\u0131daki belgeleri de sunmalar\u0131 gerekir:<ul><li>E\u015finizin pasaportunun n\u00fcshas\u0131 ve\/veya;<\/li><li>E\u015finizin n\u00fcfus c\u00fczdan\u0131n\u0131n n\u00fcshas\u0131.<\/li><li>Hem AB vatanda\u015f\u0131 olan e\u015finizin \u00fclkesindeki hem de kendi \u00fclkenizdeki evlilik c\u00fczdan\u0131n\u0131z\u0131n n\u00fcshas\u0131.<\/li><li>E\u015finizden gelen ve ziyaretin amac\u0131 ile s\u00fcresinin yan\u0131 s\u0131ra, kal\u0131nacak Schengen \u00fclke veya \u00fclkelerindeki adreslerin bulundu\u011fu mektup.<\/li><\/ul><\/li><\/ul><h2>Nas\u0131l Ba\u015fvurulur<\/h2><ol><li>Seyahatinizin \u00e7o\u011funlu\u011funu ge\u00e7irece\u011finiz Schengen \u00fclkesini belirleyin. Schengen Avrupal\u0131 E\u015f Vizesi ba\u015fvurusunu o \u00fclkenin konsoloslu\u011fundan yapacaks\u0131n\u0131z.<\/li><li>Schengen b\u00f6lgesine ka\u00e7 kere &#8220;<strong>Giri\u015f<\/strong>&#8221; <strong>(Entries)<\/strong> yap\u0131laca\u011f\u0131n\u0131 belirleyin.<\/li><li>Ziyaret sebebi olarak <strong>&#8220;Di\u011fer&#8221; (Other) <\/strong>k\u0131sm\u0131n\u0131 i\u015faretleyin. Burada seyahat sebebiniz i\u00e7in fazladan bilgi verebilece\u011finiz ek bir bo\u015fluk olacak. <strong>&#8220;Bir AB Vatanda\u015f\u0131yla Aile \u0130li\u015fkisi&#8221; (Family Relationship with an EU Citizen)<\/strong> k\u0131sm\u0131ndaki <strong>&#8220;E\u015f&#8221; (Spouse) <\/strong>se\u00e7ene\u011fini i\u015faretleyin.<\/li><li><a href=\"https:\/\/www.schengenvisas.com\/tr\/schengen-vizesi-basvuru-sartlari\/\"><strong><u>Gerekli Temel Belgeler<\/u><\/strong><\/a> d\u0131\u015f\u0131nda, Schengen Avrupal\u0131 E\u015f Vizesi i\u00e7in gerekli di\u011fer belgeleri haz\u0131rlay\u0131n.<\/li><li><strong>Bir g\u00f6r\u00fc\u015fme randevusu al\u0131n (e\u011fer uygunsa).<\/strong> Ba\u015fvuru yapaca\u011f\u0131n\u0131z konsolosluk ya da vize ba\u015fvuru merkezinin konumuna g\u00f6re, ba\u015fvurunuzu teslim etmeniz i\u00e7in randevu alman\u0131z gerekebilir. Alternatif olarak, normal \u00e7al\u0131\u015fma saatleri s\u0131ras\u0131nda gitti\u011finiz s\u00fcrece, ba\u015fvuru belgelerinizi randevu almadan da teslim etme ihtimaliniz olabilir. Ba\u015fvurunuzu yaparken randevu alman\u0131n gerekli olup olmad\u0131\u011f\u0131n\u0131 \u00f6\u011frenmek i\u00e7in do\u011frudan konsolosluk ya da el\u00e7ilik ile ileti\u015fime ge\u00e7meniz \u00f6nerilir.<\/li><li><span style=\"text-decoration: underline;\"><a href=\"https:\/\/www.schengenvisas.com\/tr\/schengen-vize-basvuru-formunu-indir\/\"><strong>Ba\u015fvurunuzu doldurun<\/strong>.<\/a><\/span> Her Schengen \u00fclkesinin ba\u015fvurular i\u00e7in farkl\u0131 y\u00f6ntemleri vard\u0131r. Ba\u015fvuruyu online bir ba\u015fvuru portal\u0131ndan yapman\u0131z ya da \u00e7\u0131kt\u0131s\u0131n\u0131 ald\u0131\u011f\u0131n\u0131z ba\u015fvuru formunu elle doldurman\u0131z gerekebilir.<\/li><li><strong><span style=\"text-decoration: underline;\"><a href=\"https:\/\/www.schengenvisas.com\/tr\/schengen-vize-ucretleri\/\">Ba\u015fvuru \u00fccreti \u00d6DEMEY\u0130N<\/a><\/span>. Avrupa vatanda\u015flar\u0131n\u0131n e\u015fleri, yeti\u015fkinler i\u00e7in standart Schengen vizesi \u00fccretinden (80 avro) genellikle muaft\u0131r. Ancak e\u011fer ba\u015fvurunuzu bir vize hizmet sa\u011flay\u0131c\u0131s\u0131 arac\u0131l\u0131\u011f\u0131yla yap\u0131yorsan\u0131z, muhtemelen vize ba\u015fvurunuzla birlikte bir hizmet \u00fccreti \u00f6demeniz gerekecektir. Bu vize \u00fccretinden ayr\u0131 olan ve AB vatanda\u015flar\u0131n\u0131n muaf olmad\u0131\u011f\u0131 bir \u00fccrettir.<\/strong><\/li><li><strong>Ba\u015fvurunuzu g\u00f6nderin<\/strong>. Her konsolosluk ya da el\u00e7ili\u011fin ba\u015fvurular i\u00e7in farkl\u0131 prosed\u00fcrleri vard\u0131r. Hemen hemen her durumda ba\u015fvurular\u0131n, ba\u015fvuru yapt\u0131\u011f\u0131n\u0131z yere bizzat gidip b\u0131rak\u0131lmas\u0131 gerekir. Ba\u015fvurunuzu g\u00f6nderdi\u011finizde, sizden muhtemelen parmak izi vermeniz de istenecektir.<\/li><\/ol><h2>Ne Zaman Ba\u015fvurulur<\/h2><ul><li>Schengen Avrupal\u0131 E\u015f Vizesi i\u00e7in ba\u015fvurular, seyahat edece\u011finiz g\u00fcnden <em>en az <\/em>15 g\u00fcn \u00f6nce, gitmeden ise <em>en erken <\/em>6 ay \u00f6nce yap\u0131lmal\u0131d\u0131r.<\/li><\/ul><h2>Nereye Ba\u015fvurulur<\/h2><ul><li>Schengen Avrupal\u0131 E\u015f Vizesi ba\u015fvurunuzu, seyahat edece\u011finiz Schengen \u00fclkesinin konsoloslu\u011fundan yapman\u0131z gerekir.<\/li><li>Schengen b\u00f6lgesinde birden fazla \u00fclkeyi ziyaret edecekseniz, ba\u015fvurunuz zaman\u0131n\u0131z\u0131 en \u00e7ok ge\u00e7irece\u011finiz \u00fclkenin el\u00e7ili\u011fi, konsoloslu\u011fu ya da ilgili Vize Ba\u015fvuru Merkezi&#8217;nden yap\u0131lmal\u0131d\u0131r. Bu birden fazla \u00fclkede e\u015fit seviyede zaman ge\u00e7irecekseniz, o zaman ba\u015fvurunuzu ilk varaca\u011f\u0131n\u0131z \u00fclkenin el\u00e7ili\u011fi, konsoloslu\u011fu ya da ilgili Vize Ba\u015fvuru Merkezi&#8217;ne yapman\u0131z gerekir.<\/li><\/ul><h2>\u0130\u015flem S\u00fcresi<\/h2><ul><li>Schengen Avrupal\u0131 E\u015f Vizesi i\u00e7in i\u015flem s\u00fcresi genellikle iki hafta kadard\u0131r (15 g\u00fcn). Nadir durumlarda, konsolosluklar\u0131n ba\u015fvuru i\u00e7in bir karara varmas\u0131 30 ila 60 g\u00fcn s\u00fcrebilir.<\/li><\/ul>\t\t\t\t\t\t\t\t<\/div>\n\t\t\t\t<\/div>\n\t\t\t\t\t<\/div>\n\t\t<\/div>\n\t\t\t\t\t<\/div>\n\t\t<\/section>\n\t\t\t\t<\/div>\n\t\t","protected":false},"excerpt":{"rendered":"<p>Schengen b\u00f6lgesine bir AB vatanda\u015f\u0131n\u0131n e\u015fi olarak gidiyorsan\u0131z, Schengen Avrupal\u0131 E\u015f Vizesi i\u00e7ni ba\u015fvurman\u0131z gerekir.&nbsp;<a class=\"read-more-text pl-2\" href=\"https:\/\/www.schengenvisas.com\/tr\/es-vize\/\">[Devam\u0131n\u0131 oku&#8230;]<\/a><\/p>\n","protected":false},"author":15,"featured_media":0,"parent":0,"menu_order":0,"comment_status":"closed","ping_status":"closed","template":"","meta":{"_acf_changed":false,"inline_featured_image":false,"footnotes":""},"class_list":["post-13815","page","type-page","status-publish","hentry","entry"],"acf":[],"yoast_head":"<!-- This site is optimized with the Yoast SEO Premium plugin v24.1 (Yoast SEO v24.1) - https:\/\/yoast.com\/wordpress\/plugins\/seo\/ -->\n<title>Schengen E\u015f Vizesi | Schengen Evlilik Vizesinin Detaylar\u0131<\/title>\n<meta name=\"description\" content=\"Schengen E\u015f Vizesi | Schengen E\u015f Vizesinin Kurallar\u0131, Vize \u00dccreti, Gerekli Ek Belgeler ve Uygunluk Kriterleri\" \/>\n<meta name=\"robots\" content=\"index, follow, max-snippet:-1, max-image-preview:large, max-video-preview:-1\" \/>\n<link rel=\"canonical\" href=\"https:\/\/www.schengenvisas.com\/tr\/wp-json\/wp\/v2\/pages\/13815\" \/>\n<meta property=\"og:locale\" content=\"tr_TR\" \/>\n<meta property=\"og:type\" content=\"article\" \/>\n<meta property=\"og:title\" content=\"Schengen Avrupal\u0131 E\u015f Vizesi\" \/>\n<meta property=\"og:description\" content=\"Schengen E\u015f Vizesi | Schengen E\u015f Vizesinin Kurallar\u0131, Vize \u00dccreti, Gerekli Ek Belgeler ve Uygunluk Kriterleri\" \/>\n<meta property=\"og:url\" content=\"https:\/\/www.schengenvisas.com\/tr\/es-vize\/\" \/>\n<meta property=\"og:site_name\" content=\"Schengen Visas\" \/>\n<meta property=\"article:modified_time\" content=\"2021-10-16T18:50:25+00:00\" \/>\n<meta name=\"twitter:card\" content=\"summary_large_image\" \/>\n<meta name=\"twitter:label1\" content=\"Tahmini okuma s\u00fcresi\" \/>\n\t<meta name=\"twitter:data1\" content=\"3 dakika\" \/>\n<script type=\"application\/ld+json\" class=\"yoast-schema-graph\">{\"@context\":\"https:\/\/schema.org\",\"@graph\":[{\"@type\":\"WebPage\",\"@id\":\"https:\/\/www.schengenvisas.com\/tr\/es-vize\/\",\"url\":\"https:\/\/www.schengenvisas.com\/tr\/es-vize\/\",\"name\":\"Schengen E\u015f Vizesi | Schengen Evlilik Vizesinin Detaylar\u0131\",\"isPartOf\":{\"@id\":\"https:\/\/www.schengenvisas.com\/#website\"},\"datePublished\":\"2020-01-31T19:32:46+00:00\",\"dateModified\":\"2021-10-16T18:50:25+00:00\",\"description\":\"Schengen E\u015f Vizesi | Schengen E\u015f Vizesinin Kurallar\u0131, Vize \u00dccreti, Gerekli Ek Belgeler ve Uygunluk Kriterleri\",\"breadcrumb\":{\"@id\":\"https:\/\/www.schengenvisas.com\/tr\/es-vize\/#breadcrumb\"},\"inLanguage\":\"tr\",\"potentialAction\":[{\"@type\":\"ReadAction\",\"target\":[\"https:\/\/www.schengenvisas.com\/tr\/es-vize\/\"]}]},{\"@type\":\"BreadcrumbList\",\"@id\":\"https:\/\/www.schengenvisas.com\/tr\/es-vize\/#breadcrumb\",\"itemListElement\":[{\"@type\":\"ListItem\",\"position\":1,\"name\":\"Home\",\"item\":\"https:\/\/www.schengenvisas.com\/\"},{\"@type\":\"ListItem\",\"position\":2,\"name\":\"Schengen Avrupal\u0131 E\u015f Vizesi\"}]},{\"@type\":\"WebSite\",\"@id\":\"https:\/\/www.schengenvisas.com\/#website\",\"url\":\"https:\/\/www.schengenvisas.com\/\",\"name\":\"Schengen Visas\",\"description\":\"Schengen Visa Application Services\",\"publisher\":{\"@id\":\"https:\/\/www.schengenvisas.com\/#organization\"},\"potentialAction\":[{\"@type\":\"SearchAction\",\"target\":{\"@type\":\"EntryPoint\",\"urlTemplate\":\"https:\/\/www.schengenvisas.com\/?s={search_term_string}\"},\"query-input\":{\"@type\":\"PropertyValueSpecification\",\"valueRequired\":true,\"valueName\":\"search_term_string\"}}],\"inLanguage\":\"tr\"},{\"@type\":\"Organization\",\"@id\":\"https:\/\/www.schengenvisas.com\/#organization\",\"name\":\"Schengen Visas\",\"url\":\"https:\/\/www.schengenvisas.com\/\",\"logo\":{\"@type\":\"ImageObject\",\"inLanguage\":\"tr\",\"@id\":\"https:\/\/www.schengenvisas.com\/#\/schema\/logo\/image\/\",\"url\":\"https:\/\/www.schengenvisas.com\/wp-content\/uploads\/2023\/03\/logo.svg\",\"contentUrl\":\"https:\/\/www.schengenvisas.com\/wp-content\/uploads\/2023\/03\/logo.svg\",\"width\":894,\"height\":123,\"caption\":\"Schengen Visas\"},\"image\":{\"@id\":\"https:\/\/www.schengenvisas.com\/#\/schema\/logo\/image\/\"}}]}<\/script>\n<!-- \/ Yoast SEO Premium plugin. -->","yoast_head_json":{"title":"Schengen E\u015f Vizesi | Schengen Evlilik Vizesinin Detaylar\u0131","description":"Schengen E\u015f Vizesi | Schengen E\u015f Vizesinin Kurallar\u0131, Vize \u00dccreti, Gerekli Ek Belgeler ve Uygunluk Kriterleri","robots":{"index":"index","follow":"follow","max-snippet":"max-snippet:-1","max-image-preview":"max-image-preview:large","max-video-preview":"max-video-preview:-1"},"canonical":"https:\/\/www.schengenvisas.com\/tr\/wp-json\/wp\/v2\/pages\/13815","og_locale":"tr_TR","og_type":"article","og_title":"Schengen Avrupal\u0131 E\u015f Vizesi","og_description":"Schengen E\u015f Vizesi | Schengen E\u015f Vizesinin Kurallar\u0131, Vize \u00dccreti, Gerekli Ek Belgeler ve Uygunluk Kriterleri","og_url":"https:\/\/www.schengenvisas.com\/tr\/es-vize\/","og_site_name":"Schengen Visas","article_modified_time":"2021-10-16T18:50:25+00:00","twitter_card":"summary_large_image","twitter_misc":{"Tahmini okuma s\u00fcresi":"3 dakika"},"schema":{"@context":"https:\/\/schema.org","@graph":[{"@type":"WebPage","@id":"https:\/\/www.schengenvisas.com\/tr\/es-vize\/","url":"https:\/\/www.schengenvisas.com\/tr\/es-vize\/","name":"Schengen E\u015f Vizesi | Schengen Evlilik Vizesinin Detaylar\u0131","isPartOf":{"@id":"https:\/\/www.schengenvisas.com\/#website"},"datePublished":"2020-01-31T19:32:46+00:00","dateModified":"2021-10-16T18:50:25+00:00","description":"Schengen E\u015f Vizesi | Schengen E\u015f Vizesinin Kurallar\u0131, Vize \u00dccreti, Gerekli Ek Belgeler ve Uygunluk Kriterleri","breadcrumb":{"@id":"https:\/\/www.schengenvisas.com\/tr\/es-vize\/#breadcrumb"},"inLanguage":"tr","potentialAction":[{"@type":"ReadAction","target":["https:\/\/www.schengenvisas.com\/tr\/es-vize\/"]}]},{"@type":"BreadcrumbList","@id":"https:\/\/www.schengenvisas.com\/tr\/es-vize\/#breadcrumb","itemListElement":[{"@type":"ListItem","position":1,"name":"Home","item":"https:\/\/www.schengenvisas.com\/"},{"@type":"ListItem","position":2,"name":"Schengen Avrupal\u0131 E\u015f Vizesi"}]},{"@type":"WebSite","@id":"https:\/\/www.schengenvisas.com\/#website","url":"https:\/\/www.schengenvisas.com\/","name":"Schengen Visas","description":"Schengen Visa Application Services","publisher":{"@id":"https:\/\/www.schengenvisas.com\/#organization"},"potentialAction":[{"@type":"SearchAction","target":{"@type":"EntryPoint","urlTemplate":"https:\/\/www.schengenvisas.com\/?s={search_term_string}"},"query-input":{"@type":"PropertyValueSpecification","valueRequired":true,"valueName":"search_term_string"}}],"inLanguage":"tr"},{"@type":"Organization","@id":"https:\/\/www.schengenvisas.com\/#organization","name":"Schengen Visas","url":"https:\/\/www.schengenvisas.com\/","logo":{"@type":"ImageObject","inLanguage":"tr","@id":"https:\/\/www.schengenvisas.com\/#\/schema\/logo\/image\/","url":"https:\/\/www.schengenvisas.com\/wp-content\/uploads\/2023\/03\/logo.svg","contentUrl":"https:\/\/www.schengenvisas.com\/wp-content\/uploads\/2023\/03\/logo.svg","width":894,"height":123,"caption":"Schengen Visas"},"image":{"@id":"https:\/\/www.schengenvisas.com\/#\/schema\/logo\/image\/"}}]}},"_links":{"self":[{"href":"https:\/\/www.schengenvisas.com\/tr\/wp-json\/wp\/v2\/pages\/13815","targetHints":{"allow":["GET"]}}],"collection":[{"href":"https:\/\/www.schengenvisas.com\/tr\/wp-json\/wp\/v2\/pages"}],"about":[{"href":"https:\/\/www.schengenvisas.com\/tr\/wp-json\/wp\/v2\/types\/page"}],"author":[{"embeddable":true,"href":"https:\/\/www.schengenvisas.com\/tr\/wp-json\/wp\/v2\/users\/15"}],"replies":[{"embeddable":true,"href":"https:\/\/www.schengenvisas.com\/tr\/wp-json\/wp\/v2\/comments?post=13815"}],"version-history":[{"count":0,"href":"https:\/\/www.schengenvisas.com\/tr\/wp-json\/wp\/v2\/pages\/13815\/revisions"}],"wp:attachment":[{"href":"https:\/\/www.schengenvisas.com\/tr\/wp-json\/wp\/v2\/media?parent=13815"}],"curies":[{"name":"wp","href":"https:\/\/api.w.org\/{rel}","templated":true}]}}