{"id":13854,"date":"2020-01-07T11:45:55","date_gmt":"2020-01-07T11:45:55","guid":{"rendered":"https:\/\/www.schengenvisas.com\/schengen-visa-application-requirements\/"},"modified":"2025-08-05T20:26:16","modified_gmt":"2025-08-05T16:26:16","slug":"schengen-vizesi-basvuru-sartlari","status":"publish","type":"page","link":"https:\/\/www.schengenvisas.com\/tr\/schengen-vizesi-basvuru-sartlari\/","title":{"rendered":"Schengen Vizesi Ba\u015fvuru \u015eartlar\u0131"},"content":{"rendered":"\t\t<div data-elementor-type=\"wp-page\" data-elementor-id=\"13854\" class=\"elementor elementor-13854 elementor-141\" data-elementor-post-type=\"page\">\n\t\t\t\t\t\t<section class=\"elementor-section elementor-top-section elementor-element elementor-element-3d85022c elementor-section-boxed elementor-section-height-default elementor-section-height-default\" data-id=\"3d85022c\" data-element_type=\"section\">\n\t\t\t\t\t\t<div class=\"elementor-container elementor-column-gap-default\">\n\t\t\t\t\t<div class=\"elementor-column elementor-col-100 elementor-top-column elementor-element elementor-element-df2be3c\" data-id=\"df2be3c\" data-element_type=\"column\">\n\t\t\t<div class=\"elementor-widget-wrap elementor-element-populated\">\n\t\t\t\t\t\t<div class=\"elementor-element elementor-element-6e4ad1fc elementor-widget elementor-widget-text-editor\" data-id=\"6e4ad1fc\" data-element_type=\"widget\" data-widget_type=\"text-editor.default\">\n\t\t\t\t<div class=\"elementor-widget-container\">\n\t\t\t\t\t\t\t\t\t<p><strong>Her t\u00fcrl\u00fc Schengen vizesi i\u00e7in a\u015fa\u011f\u0131daki belgelerin b\u00fcy\u00fck bir \u00e7o\u011funlu\u011fu gereklidir. Belgelerin tamam\u0131 doldurulmal\u0131 ve \u0130ngilizceye ya da gidece\u011finiz \u00fclkenin resm\u00ee dil(ler)ine \u00e7evrilmelidir. <\/strong><strong>Ba\u015fvurdu\u011funuz <u>vize t\u00fcr\u00fcne<\/u> g\u00f6re ek form\/belge gerekli olabilir<\/strong><strong>. <\/strong><\/p><h2><strong>Gerekli Temel Belgeler: <\/strong><\/h2><ul><li>Doldurulmu\u015f ve imzalanm\u0131\u015f <a href=\"https:\/\/www.schengenvisas.com\/tr\/schengen-vize-basvuru-formunu-indir\/\"><strong><u>vize ba\u015fvuru formu<\/u><\/strong><\/a>.<\/li><li><a href=\"https:\/\/www.schengenvisas.com\/tr\/schengen-vize-ucretleri\/\"><strong><u>Vize \u00fccreti<\/u><\/strong>.<\/a> Yeti\u015fkinler i\u00e7in Schengen vizesinin standart fiyat\u0131 80 avrodur. Ba\u015fvuran baz\u0131 ki\u015filer (6 ya\u015f\u0131ndan k\u00fc\u00e7\u00fck \u00e7ocuklar, \u00e7o\u011fu \u00f6\u011frenci, bilimsel ara\u015ft\u0131rmac\u0131lar, k\u00fclt\u00fcrel, spor veya e\u011fitim ama\u00e7l\u0131 etkinlik ya da k\u00e2r amac\u0131 g\u00fctmeyen kurulu\u015flara kat\u0131lan ya da bunlar\u0131n temsilcisi olan 25 ya\u015f ve alt\u0131ndaki ki\u015filer, diplomatik pasaport ile hizmet pasaportu sahipleri ve AB vatanda\u015flar\u0131n\u0131n yak\u0131n akrabalar\u0131) her t\u00fcrl\u00fc vize \u00fccretinden muaft\u0131r. Bu \u00fccretin, vize i\u015flemleri i\u00e7in gerekli olan hizmet \u00fccretlerini kapsamad\u0131\u011f\u0131n\u0131 ve ba\u015fvurunuzu nas\u0131l yapt\u0131\u011f\u0131n\u0131za g\u00f6re bu \u00fccretleri \u00f6demeniz gerekebilece\u011fini l\u00fctfen unutmay\u0131n.<\/li><li>A\u015fa\u011f\u0131daki \u015fartlar\u0131 kar\u015f\u0131layan pasaport:<ul><li>\u0130mzan\u0131z.<\/li><li>En az 2 bo\u015f sayfa (Schengen vizeniz i\u00e7in gerekli alan).<\/li><li>10 sene i\u00e7inde \u00e7\u0131kar\u0131lm\u0131\u015f olmas\u0131 (10 seneden az).<\/li><li>Talep etti\u011finiz vizenin s\u00fcre bitim tarihinden sonraki en az 3 ay i\u00e7in ge\u00e7erlilik.<\/li><li>Bir \u00f6nceki pasaport (uygunsa).<\/li><\/ul><\/li><li>Kimlik belirleme amac\u0131 i\u00e7in iki foto\u011fraf (m\u00fcmk\u00fcnse bir ata\u015fla tutturulmal\u0131d\u0131r; z\u0131mba\/yap\u0131\u015ft\u0131r\u0131c\u0131 kullanmay\u0131n). <a href=\"https:\/\/www.schengenvisas.com\/tr\/schengen-vizesi-fotograf-sartlari\/\"><strong><u>Foto\u011fraf i\u00e7in gerekenler<\/u><\/strong><\/a> \u015funlard\u0131r:<ul><li>Pasaport boyutu (3,5 x 4,5 cm).<\/li><li>Sizi en iyi \u015fekilde g\u00f6stermeli ve yak\u0131n zaman \u00f6nce \u00e7ekilmi\u015f olmal\u0131d\u0131r (son 6 ay i\u00e7inde).<\/li><li>Bo\u015f, beyaz bir arka plan.<\/li><li>Y\u00fcz \u00f6zellikleriniz g\u00f6r\u00fcn\u00fcr olmal\u0131 (yani g\u00fcne\u015f g\u00f6zl\u00fc\u011f\u00fc gibi aksesuarlarla kapat\u0131lmamal\u0131), ileriye bak\u0131lmal\u0131 ve y\u00fcz\u00fcn\u00fcz foto\u011fraf\u0131n 32-36 mm&#8217;sini (%70-80) kaplamal\u0131d\u0131r. Din\u00ee sebeplerle tak\u0131lan ba\u015f\u00f6rt\u00fcleri kabul edilir.<\/li><\/ul><\/li><li>\u015eu belgelerin fotokopileri:<ul><li>Ki\u015fisel bilgileri g\u00f6steren pasaport sayfas\u0131.<\/li><li>Oturma izni (mevcutsa).<\/li><li>\u00d6nceki Schengen vizeleri (mevcutsa).<\/li><\/ul><\/li><li>\u015eu \u015fartlar\u0131 kar\u015f\u0131layan <a href=\"https:\/\/www.schengenvisas.com\/tr\/schengen-vize-sigorta\/\"><strong><u>seyahat sa\u011fl\u0131k sigortas\u0131n\u0131n<\/u><\/strong><\/a> ispat\u0131:<ul><li>T\u0131bbi sebeplerle \u00fclkeye geri g\u00f6nderilme, t\u0131bbi bak\u0131m ve\/veya hastaneye yat\u0131r\u0131lma gibi durumlar i\u00e7in en az 30.000 avro.<\/li><li>Vize s\u00fcresi boyunca ge\u00e7erlilik.<\/li><li>Her Schengen \u00fclkesi boyunca ge\u00e7erlilik.<\/li><li>Ya sigorta belgeleri ya da teyit mektubunda a\u00e7\u0131k\u00e7a belirtilen sa\u011fl\u0131k durumlar\u0131.<\/li><li><strong>Not:<\/strong> Kredi kartlar\u0131n\u0131n sa\u011fl\u0131k sigortalar\u0131 ge\u00e7erli say\u0131lmaz.<\/li><\/ul><\/li><li>A\u015fa\u011f\u0131daki \u015fartlar\u0131 kar\u015f\u0131layan <a href=\"https:\/\/www.schengenvisas.com\/tr\/schengen-vizesi-icin-ucak-rezervasyonu\/\"><strong><u>u\u00e7ak<\/u><\/strong><\/a> ve <a href=\"https:\/\/www.schengenvisas.com\/tr\/konaklama-ispati\/\"><strong><u>otel<\/u><\/strong><\/a> rezervasyonlar\u0131:<ul><li>U\u00e7ak rezervasyonu\/seyahat program\u0131.<\/li><li>Do\u011frulanabilir (ay\u0131rt\u0131lm\u0131\u015f) otel rezervasyonu ve otelin tam adresi (konum, irtibat numaras\u0131, rezervasyonun referans numaras\u0131).<\/li><\/ul><\/li><li>Sponsor\/i\u015fveren taraf\u0131ndan g\u00f6nderilmi\u015f beyanname. Beyannamade isim, \u015firket veya sponsorunuzun i\u015fe al\u0131nma sebebinizi de belirtti\u011fi ileti\u015fim bilgileri (telefon ve fiziksel adres), i\u015fba\u015f\u0131 tarihiniz, maa\u015f, belirlenen i\u015f d\u0131\u015f\u0131 s\u00fcre (beklenen i\u015fe d\u00f6n\u00fc\u015f tarihi) ve seyahat amac\u0131 bulunmal\u0131d\u0131r. Varsa \u015firket yat\u0131r\u0131mc\u0131s\u0131\/orta\u011f\u0131n\u0131n i\u015f ruhsat\u0131n\u0131n ge\u00e7erli bir n\u00fcshas\u0131.<\/li><li>Ba\u015fvurudan 3 ay \u00f6nce \u00e7\u0131kar\u0131lm\u0131\u015f birka\u00e7 ayl\u0131k ki\u015fisel banka ekstresi, varl\u0131klar ve\/veya di\u011fer ilgili \u015fahsi mallar gibi ba\u015fvuran ki\u015finin ikamet etti\u011fi \u00fclkedeki <a href=\"https:\/\/www.schengenvisas.com\/tr\/schengen-vizesi-icin-gecim-ispati\/\"><strong><u>mali olanaklar\u0131n\u0131n<\/u><\/strong><\/a> kan\u0131t\u0131.<\/li><li>Re\u015fit olmayan ki\u015filer i\u00e7in (18 ya\u015f alt\u0131) gerekli olan belgeler :<ul><li>Her iki ebeveyn\/yasal vasinin onay mektubu.<\/li><li>Her iki ebeveyn\/yasal vasinin pasaport n\u00fcshalar\u0131.<\/li><li>Do\u011fum belgesinin n\u00fcshas\u0131:<ul><li>Re\u015fit olmayan ki\u015fi evlat edinilmi\u015fse, evlatl\u0131k ispat\u0131 gereklidir.<\/li><li>Ebeveynler bo\u015fanm\u0131\u015fsa, bo\u015fanma ispat\u0131 gereklidir.<\/li><li>Ebeveynlerden biri veya her ikisi de vefat etmi\u015fse, \u00f6l\u00fcm ispat\u0131 gereklidir.<\/li><\/ul><\/li><\/ul><\/li><\/ul>\t\t\t\t\t\t\t\t<\/div>\n\t\t\t\t<\/div>\n\t\t\t\t\t<\/div>\n\t\t<\/div>\n\t\t\t\t\t<\/div>\n\t\t<\/section>\n\t\t\t\t<\/div>\n\t\t","protected":false},"excerpt":{"rendered":"<p>Her t\u00fcrl\u00fc Schengen vizesi i\u00e7in a\u015fa\u011f\u0131daki belgelerin b\u00fcy\u00fck bir \u00e7o\u011funlu\u011fu gereklidir. Belgelerin tamam\u0131 doldurulmal\u0131 ve<a class=\"read-more-text pl-2\" href=\"https:\/\/www.schengenvisas.com\/tr\/schengen-vizesi-basvuru-sartlari\/\">[Devam\u0131n\u0131 oku&#8230;]<\/a><\/p>\n","protected":false},"author":15,"featured_media":0,"parent":0,"menu_order":0,"comment_status":"closed","ping_status":"closed","template":"","meta":{"_acf_changed":false,"inline_featured_image":false,"footnotes":""},"class_list":["post-13854","page","type-page","status-publish","hentry","entry"],"acf":[],"yoast_head":"<!-- This site is optimized with the Yoast SEO Premium plugin v24.1 (Yoast SEO v24.1) - https:\/\/yoast.com\/wordpress\/plugins\/seo\/ -->\n<title>Schengen Vize Ba\u015fvuru \u015eartlar\u0131 | Schengen Vizesi \u00d6n Ko\u015fullar<\/title>\n<meta name=\"description\" content=\"Schengen Vize Ba\u015fvuru \u015eartlar\u0131 | Schengen Vizesi \u0130\u00e7in \u00d6n \u015eartlar | Vize Ba\u015fvurusuyla birlikte gereken Ek Belgeler\" \/>\n<meta name=\"robots\" content=\"index, follow, max-snippet:-1, max-image-preview:large, max-video-preview:-1\" \/>\n<link rel=\"canonical\" href=\"https:\/\/www.schengenvisas.com\/tr\/wp-json\/wp\/v2\/pages\/13854\" \/>\n<meta property=\"og:locale\" content=\"tr_TR\" \/>\n<meta property=\"og:type\" content=\"article\" \/>\n<meta property=\"og:title\" content=\"Schengen Vizesi Ba\u015fvuru \u015eartlar\u0131\" \/>\n<meta property=\"og:description\" content=\"Schengen Vize Ba\u015fvuru \u015eartlar\u0131 | Schengen Vizesi \u0130\u00e7in \u00d6n \u015eartlar | Vize Ba\u015fvurusuyla birlikte gereken Ek Belgeler\" \/>\n<meta property=\"og:url\" content=\"https:\/\/www.schengenvisas.com\/tr\/schengen-vizesi-basvuru-sartlari\/\" \/>\n<meta property=\"og:site_name\" content=\"Schengen Visas\" \/>\n<meta property=\"article:modified_time\" content=\"2025-08-05T16:26:16+00:00\" \/>\n<meta name=\"twitter:card\" content=\"summary_large_image\" \/>\n<meta name=\"twitter:label1\" content=\"Tahmini okuma s\u00fcresi\" \/>\n\t<meta name=\"twitter:data1\" content=\"3 dakika\" \/>\n<script type=\"application\/ld+json\" class=\"yoast-schema-graph\">{\"@context\":\"https:\/\/schema.org\",\"@graph\":[{\"@type\":\"WebPage\",\"@id\":\"https:\/\/www.schengenvisas.com\/tr\/schengen-vizesi-basvuru-sartlari\/\",\"url\":\"https:\/\/www.schengenvisas.com\/tr\/schengen-vizesi-basvuru-sartlari\/\",\"name\":\"Schengen Vize Ba\u015fvuru \u015eartlar\u0131 | Schengen Vizesi \u00d6n Ko\u015fullar\",\"isPartOf\":{\"@id\":\"https:\/\/www.schengenvisas.com\/#website\"},\"datePublished\":\"2020-01-07T11:45:55+00:00\",\"dateModified\":\"2025-08-05T16:26:16+00:00\",\"description\":\"Schengen Vize Ba\u015fvuru \u015eartlar\u0131 | Schengen Vizesi \u0130\u00e7in \u00d6n \u015eartlar | Vize Ba\u015fvurusuyla birlikte gereken Ek Belgeler\",\"breadcrumb\":{\"@id\":\"https:\/\/www.schengenvisas.com\/tr\/schengen-vizesi-basvuru-sartlari\/#breadcrumb\"},\"inLanguage\":\"tr\",\"potentialAction\":[{\"@type\":\"ReadAction\",\"target\":[\"https:\/\/www.schengenvisas.com\/tr\/schengen-vizesi-basvuru-sartlari\/\"]}]},{\"@type\":\"BreadcrumbList\",\"@id\":\"https:\/\/www.schengenvisas.com\/tr\/schengen-vizesi-basvuru-sartlari\/#breadcrumb\",\"itemListElement\":[{\"@type\":\"ListItem\",\"position\":1,\"name\":\"Home\",\"item\":\"https:\/\/www.schengenvisas.com\/\"},{\"@type\":\"ListItem\",\"position\":2,\"name\":\"Schengen Vizesi Ba\u015fvuru \u015eartlar\u0131\"}]},{\"@type\":\"WebSite\",\"@id\":\"https:\/\/www.schengenvisas.com\/#website\",\"url\":\"https:\/\/www.schengenvisas.com\/\",\"name\":\"Schengen Visas\",\"description\":\"Schengen Visa Application Services\",\"publisher\":{\"@id\":\"https:\/\/www.schengenvisas.com\/#organization\"},\"potentialAction\":[{\"@type\":\"SearchAction\",\"target\":{\"@type\":\"EntryPoint\",\"urlTemplate\":\"https:\/\/www.schengenvisas.com\/?s={search_term_string}\"},\"query-input\":{\"@type\":\"PropertyValueSpecification\",\"valueRequired\":true,\"valueName\":\"search_term_string\"}}],\"inLanguage\":\"tr\"},{\"@type\":\"Organization\",\"@id\":\"https:\/\/www.schengenvisas.com\/#organization\",\"name\":\"Schengen Visas\",\"url\":\"https:\/\/www.schengenvisas.com\/\",\"logo\":{\"@type\":\"ImageObject\",\"inLanguage\":\"tr\",\"@id\":\"https:\/\/www.schengenvisas.com\/#\/schema\/logo\/image\/\",\"url\":\"https:\/\/www.schengenvisas.com\/wp-content\/uploads\/2023\/03\/logo.svg\",\"contentUrl\":\"https:\/\/www.schengenvisas.com\/wp-content\/uploads\/2023\/03\/logo.svg\",\"width\":894,\"height\":123,\"caption\":\"Schengen Visas\"},\"image\":{\"@id\":\"https:\/\/www.schengenvisas.com\/#\/schema\/logo\/image\/\"}}]}<\/script>\n<!-- \/ Yoast SEO Premium plugin. -->","yoast_head_json":{"title":"Schengen Vize Ba\u015fvuru \u015eartlar\u0131 | Schengen Vizesi \u00d6n Ko\u015fullar","description":"Schengen Vize Ba\u015fvuru \u015eartlar\u0131 | Schengen Vizesi \u0130\u00e7in \u00d6n \u015eartlar | Vize Ba\u015fvurusuyla birlikte gereken Ek Belgeler","robots":{"index":"index","follow":"follow","max-snippet":"max-snippet:-1","max-image-preview":"max-image-preview:large","max-video-preview":"max-video-preview:-1"},"canonical":"https:\/\/www.schengenvisas.com\/tr\/wp-json\/wp\/v2\/pages\/13854","og_locale":"tr_TR","og_type":"article","og_title":"Schengen Vizesi Ba\u015fvuru \u015eartlar\u0131","og_description":"Schengen Vize Ba\u015fvuru \u015eartlar\u0131 | Schengen Vizesi \u0130\u00e7in \u00d6n \u015eartlar | Vize Ba\u015fvurusuyla birlikte gereken Ek Belgeler","og_url":"https:\/\/www.schengenvisas.com\/tr\/schengen-vizesi-basvuru-sartlari\/","og_site_name":"Schengen Visas","article_modified_time":"2025-08-05T16:26:16+00:00","twitter_card":"summary_large_image","twitter_misc":{"Tahmini okuma s\u00fcresi":"3 dakika"},"schema":{"@context":"https:\/\/schema.org","@graph":[{"@type":"WebPage","@id":"https:\/\/www.schengenvisas.com\/tr\/schengen-vizesi-basvuru-sartlari\/","url":"https:\/\/www.schengenvisas.com\/tr\/schengen-vizesi-basvuru-sartlari\/","name":"Schengen Vize Ba\u015fvuru \u015eartlar\u0131 | Schengen Vizesi \u00d6n Ko\u015fullar","isPartOf":{"@id":"https:\/\/www.schengenvisas.com\/#website"},"datePublished":"2020-01-07T11:45:55+00:00","dateModified":"2025-08-05T16:26:16+00:00","description":"Schengen Vize Ba\u015fvuru \u015eartlar\u0131 | Schengen Vizesi \u0130\u00e7in \u00d6n \u015eartlar | Vize Ba\u015fvurusuyla birlikte gereken Ek Belgeler","breadcrumb":{"@id":"https:\/\/www.schengenvisas.com\/tr\/schengen-vizesi-basvuru-sartlari\/#breadcrumb"},"inLanguage":"tr","potentialAction":[{"@type":"ReadAction","target":["https:\/\/www.schengenvisas.com\/tr\/schengen-vizesi-basvuru-sartlari\/"]}]},{"@type":"BreadcrumbList","@id":"https:\/\/www.schengenvisas.com\/tr\/schengen-vizesi-basvuru-sartlari\/#breadcrumb","itemListElement":[{"@type":"ListItem","position":1,"name":"Home","item":"https:\/\/www.schengenvisas.com\/"},{"@type":"ListItem","position":2,"name":"Schengen Vizesi Ba\u015fvuru \u015eartlar\u0131"}]},{"@type":"WebSite","@id":"https:\/\/www.schengenvisas.com\/#website","url":"https:\/\/www.schengenvisas.com\/","name":"Schengen Visas","description":"Schengen Visa Application Services","publisher":{"@id":"https:\/\/www.schengenvisas.com\/#organization"},"potentialAction":[{"@type":"SearchAction","target":{"@type":"EntryPoint","urlTemplate":"https:\/\/www.schengenvisas.com\/?s={search_term_string}"},"query-input":{"@type":"PropertyValueSpecification","valueRequired":true,"valueName":"search_term_string"}}],"inLanguage":"tr"},{"@type":"Organization","@id":"https:\/\/www.schengenvisas.com\/#organization","name":"Schengen Visas","url":"https:\/\/www.schengenvisas.com\/","logo":{"@type":"ImageObject","inLanguage":"tr","@id":"https:\/\/www.schengenvisas.com\/#\/schema\/logo\/image\/","url":"https:\/\/www.schengenvisas.com\/wp-content\/uploads\/2023\/03\/logo.svg","contentUrl":"https:\/\/www.schengenvisas.com\/wp-content\/uploads\/2023\/03\/logo.svg","width":894,"height":123,"caption":"Schengen Visas"},"image":{"@id":"https:\/\/www.schengenvisas.com\/#\/schema\/logo\/image\/"}}]}},"_links":{"self":[{"href":"https:\/\/www.schengenvisas.com\/tr\/wp-json\/wp\/v2\/pages\/13854","targetHints":{"allow":["GET"]}}],"collection":[{"href":"https:\/\/www.schengenvisas.com\/tr\/wp-json\/wp\/v2\/pages"}],"about":[{"href":"https:\/\/www.schengenvisas.com\/tr\/wp-json\/wp\/v2\/types\/page"}],"author":[{"embeddable":true,"href":"https:\/\/www.schengenvisas.com\/tr\/wp-json\/wp\/v2\/users\/15"}],"replies":[{"embeddable":true,"href":"https:\/\/www.schengenvisas.com\/tr\/wp-json\/wp\/v2\/comments?post=13854"}],"version-history":[{"count":8,"href":"https:\/\/www.schengenvisas.com\/tr\/wp-json\/wp\/v2\/pages\/13854\/revisions"}],"predecessor-version":[{"id":30161,"href":"https:\/\/www.schengenvisas.com\/tr\/wp-json\/wp\/v2\/pages\/13854\/revisions\/30161"}],"wp:attachment":[{"href":"https:\/\/www.schengenvisas.com\/tr\/wp-json\/wp\/v2\/media?parent=13854"}],"curies":[{"name":"wp","href":"https:\/\/api.w.org\/{rel}","templated":true}]}}