{"id":13861,"date":"2020-02-28T11:13:43","date_gmt":"2020-02-28T11:13:43","guid":{"rendered":"https:\/\/www.schengenvisas.com\/schengen-calculator\/"},"modified":"2021-10-10T23:46:26","modified_gmt":"2021-10-10T19:46:26","slug":"schengen-hesaplayici","status":"publish","type":"page","link":"https:\/\/www.schengenvisas.com\/tr\/schengen-hesaplayici\/","title":{"rendered":"Schengen Vize Hesaplay\u0131c\u0131"},"content":{"rendered":"\t\t<div data-elementor-type=\"wp-page\" data-elementor-id=\"13861\" class=\"elementor elementor-13861 elementor-979\" data-elementor-post-type=\"page\">\n\t\t\t\t\t\t<section class=\"elementor-section elementor-top-section elementor-element elementor-element-19c4c7d5 elementor-section-boxed elementor-section-height-default elementor-section-height-default\" data-id=\"19c4c7d5\" data-element_type=\"section\">\n\t\t\t\t\t\t<div class=\"elementor-container elementor-column-gap-default\">\n\t\t\t\t\t<div class=\"elementor-column elementor-col-100 elementor-top-column elementor-element elementor-element-68801ef6\" data-id=\"68801ef6\" data-element_type=\"column\">\n\t\t\t<div class=\"elementor-widget-wrap elementor-element-populated\">\n\t\t\t\t\t\t<div class=\"elementor-element elementor-element-582f17de elementor-widget elementor-widget-text-editor\" data-id=\"582f17de\" data-element_type=\"widget\" data-widget_type=\"text-editor.default\">\n\t\t\t\t<div class=\"elementor-widget-container\">\n\t\t\t\t\t\t\t\t\t<h2>Vize s\u00fcresini a\u015fmak \u00a0\u00a0<\/h2><ul><li>K\u0131sa d\u00f6nem Schengen vizenizin s\u00fcresini a\u015fmad\u0131\u011f\u0131n\u0131zdan emin olmak tamam\u0131yla size b\u0131rak\u0131l\u0131r. E\u011fer \u00e7ok giri\u015fli vizeye sahipseniz ve vize ge\u00e7erlilik s\u00fcreniz boyunca Schengen b\u00f6lgesine ikiden fazla giri\u015f ve \u00e7\u0131k\u0131\u015f yap\u0131yorsan\u0131z bu i\u015flem d\u00fc\u015f\u00fcnd\u00fc\u011f\u00fcn\u00fczden karma\u015f\u0131k olabilir.<\/li><li><strong>Schengen vizenizde verilen s\u00fcreyi ihlal etmedi\u011finizden emin olmak i\u00e7in akl\u0131n\u0131zda bulundurman\u0131z gereken iki \u00f6nemli kural vard\u0131r:<\/strong><ul><li><strong>90 g\u00fcnden fazla kalmamal\u0131s\u0131n\u0131z<\/strong>.<\/li><li><strong>Vize etiketinizdeki &#8220;UNTIL&#8221; tarihi (biti\u015f tarihi) ge\u00e7tikten sonra kalmamal\u0131s\u0131n\u0131z<\/strong>.<\/li><\/ul><\/li><li>Bu iki kural, \u00f6zellikle de \u00e7ok giri\u015fli bir vizeye sahipseniz zaman zaman birbiriyle \u00e7eli\u015febilir. Schengen b\u00f6lgesinden birden fazla giri\u015f yapt\u0131\u011f\u0131n\u0131zda, b\u00f6lge i\u00e7inde ne kadar zaman ge\u00e7irdi\u011finizi hat\u0131rlamak kafa kar\u0131\u015ft\u0131r\u0131c\u0131 olabilir.<\/li><li>Bazen bir noktada, vizenizde kalan s\u00fcreye (Schengen b\u00f6lgesinde kalabilece\u011finiz toplam s\u00fcre 90 g\u00fcnd\u00fcr) daha \u00e7ok varken belirlenen ayr\u0131l\u0131\u015f tarihine yakla\u015fm\u0131\u015f durumda olabilirsiniz. Ancak ne olursa olsun, vize etiketinizde belirlenen &#8220;UNTIL&#8221; tarihinde ya da bu tarihten \u00f6nce Schengen b\u00f6lgesinden \u00e7\u0131km\u0131\u015f olman\u0131z gerekir. Schengen b\u00f6lgesinde 90 g\u00fcnden daha az vakit ge\u00e7irmi\u015f olsan\u0131z bile bu durum de\u011fi\u015fmez.<\/li><li>Bu y\u00fczden vize etiketinizi nas\u0131l okuyaca\u011f\u0131n\u0131z\u0131 bilmeniz ve Schengen b\u00f6lgesinden \u00e7\u0131k\u0131\u015f yapman\u0131z gereken tarihten haberdar olman\u0131z b\u00fcy\u00fck \u00f6nem ta\u015f\u0131r.<\/li><li>Schengen b\u00f6lgesine, vize etiketinizde yazan &#8220;From&#8221; tarihinde (ba\u015flang\u0131\u00e7 tarihi) giri\u015f yapmak zorunda de\u011filsinizdir. Ancak Schengen b\u00f6lgesine &#8220;From&#8221; tarihinden sonra girerseniz, b\u00f6lgeye giri\u015f yapt\u0131\u011f\u0131n\u0131z g\u00fcn, ger\u00e7ek giri\u015f tarihiniz say\u0131lacak ve b\u00f6lgede ka\u00e7 g\u00fcn kald\u0131\u011f\u0131n\u0131z\u0131 (ve vizenizde ka\u00e7 g\u00fcn kald\u0131\u011f\u0131n\u0131) belirlerken referans olarak al\u0131nacakt\u0131r.<\/li><li>Vize etiketinizdeki &#8220;FROM&#8230;UNTIL&#8221; (ba\u015flang\u0131\u00e7-biti\u015f) tarihi, genelde 90 g\u00fcn\u00fc (DURATION OF STAY\/KALMA S\u00dcRES\u0130) a\u015far. Bunun amac\u0131, Schengen b\u00f6lgesi\/topraklar\u0131na giri\u015f ve \u00e7\u0131k\u0131\u015f tarihlerinizi daha iyi bir \u015fekilde planlaman\u0131za imk\u00e2n tan\u0131makt\u0131r. Kesinlikle vizenizin, bu d\u00f6nemin tamam\u0131 boyunca, yani 90 g\u00fcnden fazla ge\u00e7erli oldu\u011fu anlam\u0131na GELMEZ.<\/li><\/ul><h2>Schengen vize hesaplay\u0131c\u0131<\/h2><ul><li>Schengen vize hesaplay\u0131c\u0131 vizenizde ne kadar s\u00fcre kald\u0131\u011f\u0131n\u0131 ve &#8220;90 g\u00fcn\/180 g\u00fcn&#8221; kural\u0131na uyup uymad\u0131\u011f\u0131n\u0131z\u0131 g\u00f6steren bir ara\u00e7t\u0131r.<\/li><li>Schengen hesaplay\u0131c\u0131m\u0131za internet sitemizdeki her sayfadan ula\u015fabilirsiniz.<\/li><li>Hesaplay\u0131c\u0131y\u0131 kullanmak i\u00e7in:<ol><li>\u0130lk \u00f6nce Schengen b\u00f6lgesine &#8220;<strong><u>Giri\u015f Tarihi<\/u><\/strong>&#8220;nizi ve daha sonra ikinci kutuya &#8220;<strong><u>\u00c7\u0131k\u0131\u015f Tarihi<\/u><\/strong>&#8220;nizi girin.<\/li><li><strong>&#8220;<\/strong><strong><u>Hesapla<\/u><\/strong><strong>&#8220;ya<\/strong> t\u0131klay\u0131n. Kutular, seyahatinizdeki &#8220;<strong><u>G\u00fcn Say\u0131s\u0131<\/u><\/strong>&#8220;n\u0131, &#8220;<strong><u>Schengen G\u00fcn Hesaplama<\/u><\/strong>&#8220;daki g\u00fcn say\u0131s\u0131n\u0131 ve (varsa) \u201c<strong><u>Kal\u0131\u015f S\u00fcresini Ge\u00e7me<\/u><\/strong>&#8220;yi g\u00f6sterecektir.<\/li><li>\u00c7ok giri\u015fli bir vize almay\u0131 d\u00fc\u015f\u00fcn\u00fcyorsan\u0131z, ba\u015fka bir seyahatteki giri\u015f ve \u00e7\u0131k\u0131\u015f g\u00fcnlerini girmek i\u00e7in &#8220;<strong><u>Ekle<\/u><\/strong>&#8221; tu\u015funa t\u0131klayabilisiniz.<\/li><li>\u00d6rne\u011fin, hesaplay\u0131c\u0131ya giri\u015f tarihini 01\/01\/2021 (1 Ocak 2021) ve \u00e7\u0131k\u0131\u015f tarihini 30\/04\/2021 (30 Nisan 2021) olarak girerseniz, sonu\u00e7 \u015f\u00f6yle olacakt\u0131r: &#8220;G\u00fcn Say\u0131s\u0131&#8221;: 120, Schengen G\u00fcn Hesaplay\u0131c\u0131: 90\/120, Kal\u0131\u015f S\u00fcresini Ge\u00e7me: 30 g\u00fcn. Schengen b\u00f6lgesinde en fazla 90 g\u00fcn kalabilece\u011finizden ve g\u00f6sterilen kalma s\u00fcresi 120 g\u00fcn oldu\u011fundan vizenizi 30 g\u00fcn ge\u00e7mi\u015f olursunuz.<\/li><li>Bu bilgileri kullanarak seyahatinizi verilen vize s\u00fcresini a\u015fmayacak \u015fekilde de\u011fi\u015ftirebilir ve ayarlayabilirsiniz.<\/li><\/ol><\/li><\/ul><p><em><strong>[<\/strong><strong>\u00d6nemli<\/strong><strong>]: <u>Hesaplama sonucunun, Schengen b\u00f6lgesinde hesaplamada \u00e7\u0131kan g\u00fcn say\u0131s\u0131 boyunca kesinlikle kalabilece\u011finiz anlam\u0131na gelmedi\u011fini unutmay\u0131n. Bu hesaplay\u0131c\u0131 Schengen&#8217;de kalma s\u00fcresini belirleyen resm\u00ee bir kaynak\/yetki de\u011fil, yaln\u0131zca bir rehberdir.<\/u><\/strong><\/em><\/p><h2>90\/180 kural\u0131<\/h2><ul><li>E\u011fer k\u0131sa d\u00f6nem Schengen vizeniz varsa, Schengen b\u00f6lgesinde 180 g\u00fcnl\u00fck d\u00f6nem i\u00e7erisinde 90 g\u00fcnden fazla kalamazs\u0131n\u0131z. Bu ilke yayg\u0131n olarak 90\/180 kural\u0131 olarak bilinir ve Schengen&#8217;de k\u0131sa s\u00fcreli kalacak istisnas\u0131z herkes i\u00e7in ge\u00e7erlidir.<\/li><li>Bu kural\u0131 tek giri\u015f Schengen vizelerinde anlamak \u00e7ok kolayd\u0131r. \u00d6rne\u011fin, tek giri\u015flik Schengen vizeniz varsa ve Schengen b\u00f6lgesine 1 Ocak 2020&#8217;de giri\u015f yapm\u0131\u015fsan\u0131z, Schengen b\u00f6lgesinden 30 Mart 2020&#8217;de, yani 90 g\u00fcnl\u00fck s\u00fcre sonunda \u00e7\u0131kman\u0131z gerekir.<\/li><li>E\u011fer \u00e7ok giri\u015fli Schengen vizeniz varsa, 90\/180 kural\u0131na daha fazla dikkat etmeniz gerekir. Mesela, FROM (ba\u015flang\u0131\u00e7) tarihi 1 Ocak 2020 ve UNTIL (biti\u015f) tarihi 30 Haziran 2020 olan \u00e7ok giri\u015fli Schengen vizeniz var diyelim. Schengen b\u00f6lgesine girdikten sonra 30 g\u00fcn kal\u0131yor, sonra \u00e7\u0131k\u0131\u015f yap\u0131yor, 50 g\u00fcn sonra b\u00f6lgeye tekrar d\u00f6n\u00fcyor, 15 g\u00fcn kal\u0131yor ve 100 g\u00fcnl\u00fc\u011f\u00fcne tekrar \u00e7\u0131k\u0131yorsunuz. Bunu yapt\u0131\u011f\u0131n\u0131zda, teknik olarak Schengen b\u00f6lgesinde 90 g\u00fcnl\u00fck s\u00fcrenin epey alt\u0131nda kalacak \u015fekilde, yaln\u0131zca 45 g\u00fcn kalm\u0131\u015f olursunuz. Ancak vizenizin ge\u00e7erli olan biti\u015f tarihi (vizenizde &#8220;UNTIL&#8221; yaz\u0131s\u0131n\u0131n yan\u0131ndaki tarih) 30 Haziran 2020&#8217;yi g\u00f6sterdi\u011finden vize ge\u00e7erlilik s\u00fcresini a\u015far ve Schengen b\u00f6lgesine ayn\u0131 vizeyle bir daha giri\u015f yapamazs\u0131n\u0131z.<\/li><li>90\/180 kural\u0131, ilk vizesinin s\u00fcresi dolduktan hemen sonra ba\u015fka bir Schengen vizesi almak isteyen ki\u015fileri de (90 g\u00fcnden daha uzun s\u00fcre kalmak i\u00e7in) kapsar. Bu kural\u0131n, birden fazla k\u0131sa s\u00fcreli vizeyle tek bir uzun s\u00fcreli Schengen vizesi olu\u015fturma amac\u0131nda olan ki\u015filere engel olma gibi bir g\u00f6revi de vard\u0131r. Diyelim ki 6 ayl\u0131k s\u00fcre i\u00e7erisinde 90 g\u00fcn boyunca ge\u00e7erli olan bir Schengen vizeniz var ve Schengen b\u00f6lgesinde 90 g\u00fcn ge\u00e7irdiniz. Bu 180 g\u00fcnl\u00fck d\u00f6nemin i\u00e7inde 90 g\u00fcn ge\u00e7irdikten sonra yeni bir Schengen vizesi almaya kalkarsan\u0131z, ilk \u00f6nce 180 g\u00fcnl\u00fck d\u00f6nemde kalan s\u00fcrenin (ilk giri\u015finizle ba\u015flayan) dolmas\u0131n\u0131 beklemeniz gerekir. B\u00f6ylece yeni vizenizi ald\u0131\u011f\u0131n\u0131zda yeni bir 180 g\u00fcnl\u00fck d\u00f6neme ba\u015flayabilirsiniz.<\/li><li>\u00c7ok giri\u015fli vize s\u00fcresini a\u015fmad\u0131\u011f\u0131n\u0131zdan emin olman\u0131n iyi bir yolu, Schengen b\u00f6lgesine her giri\u015f ve \u00e7\u0131k\u0131\u015f\u0131n\u0131zda damgalanan giri\u015f\/\u00e7\u0131k\u0131\u015f damgalar\u0131n\u0131 referans olarak almakt\u0131r.<\/li><li>Unutmay\u0131n ki Schengen vizesinde belirtilen s\u00fcreyi a\u015farsan\u0131z, alaca\u011f\u0131n\u0131z cezalar son derece ciddi olacakt\u0131r. Schengen b\u00f6lgesini zaman\u0131nda terk etmezsiniz, a\u015fa\u011f\u0131daki cezalar\u0131n biri, birka\u00e7\u0131 ve hatta tamam\u0131n\u0131 alabilirsiniz:<ul><li>Para cezas\u0131.<\/li><li>An\u0131nda s\u0131n\u0131r d\u0131\u015f\u0131 edilme.<\/li><li>Schengen b\u00f6lgelerinden birka\u00e7 y\u0131l menedilme.<\/li><li>Schengen vizesine bir sonraki ba\u015fvurunuzda b\u00fcy\u00fck ihtimalle reddedilme. Konsoloslu\u011funuz Schengen vizesini \u00e7\u0131karma karar\u0131n\u0131 verirken ge\u00e7mi\u015finizi inceleyip daha \u00f6nce Schengen vizenizin s\u00fcresini a\u015f\u0131p a\u015fmad\u0131\u011f\u0131n\u0131z\u0131 kontrol eder. Schengen vize ge\u00e7mi\u015finize ili\u015fkin b\u00fct\u00fcn bilgiler Schengen Bilgi Sistemi&#8217;ne (Schengen Information System\/SIS) kaydedilir. Yani Schengen vizesinin s\u00fcresini a\u015fmak, gelecekteki Schengen vize ba\u015fvurular\u0131n\u0131 \u00e7ok b\u00fcy\u00fck ihtimalle olumsuz \u015fekilde etkileyecektir.<\/li><\/ul><\/li><\/ul>\t\t\t\t\t\t\t\t<\/div>\n\t\t\t\t<\/div>\n\t\t\t\t\t<\/div>\n\t\t<\/div>\n\t\t\t\t\t<\/div>\n\t\t<\/section>\n\t\t\t\t<\/div>\n\t\t","protected":false},"excerpt":{"rendered":"<p>Vize s\u00fcresini a\u015fmak \u00a0\u00a0 K\u0131sa d\u00f6nem Schengen vizenizin s\u00fcresini a\u015fmad\u0131\u011f\u0131n\u0131zdan emin olmak tamam\u0131yla size b\u0131rak\u0131l\u0131r.<a class=\"read-more-text pl-2\" href=\"https:\/\/www.schengenvisas.com\/tr\/schengen-hesaplayici\/\">[Devam\u0131n\u0131 oku&#8230;]<\/a><\/p>\n","protected":false},"author":15,"featured_media":0,"parent":0,"menu_order":0,"comment_status":"closed","ping_status":"closed","template":"","meta":{"_acf_changed":false,"inline_featured_image":false,"footnotes":""},"class_list":["post-13861","page","type-page","status-publish","hentry","entry"],"acf":[],"yoast_head":"<!-- This site is optimized with the Yoast SEO Premium plugin v24.1 (Yoast SEO v24.1) - https:\/\/yoast.com\/wordpress\/plugins\/seo\/ -->\n<title>Schengen Hesaplay\u0131c\u0131 | Schengen b\u00f6lgesinde kalan g\u00fcn say\u0131s\u0131<\/title>\n<meta name=\"description\" content=\"Schengen Hesaplay\u0131c\u0131 | Schengen Hesaplay\u0131c\u0131, k\u0131sa s\u00fcreli Schengen Vizelerinde ka\u00e7 g\u00fcn kald\u0131\u011f\u0131n\u0131 hesaplamada kullan\u0131l\u0131r\" \/>\n<meta name=\"robots\" content=\"index, follow, max-snippet:-1, max-image-preview:large, max-video-preview:-1\" \/>\n<link rel=\"canonical\" href=\"https:\/\/www.schengenvisas.com\/tr\/wp-json\/wp\/v2\/pages\/13861\" \/>\n<meta property=\"og:locale\" content=\"tr_TR\" \/>\n<meta property=\"og:type\" content=\"article\" \/>\n<meta property=\"og:title\" content=\"Schengen Vize Hesaplay\u0131c\u0131\" \/>\n<meta property=\"og:description\" content=\"Schengen Hesaplay\u0131c\u0131 | Schengen Hesaplay\u0131c\u0131, k\u0131sa s\u00fcreli Schengen Vizelerinde ka\u00e7 g\u00fcn kald\u0131\u011f\u0131n\u0131 hesaplamada kullan\u0131l\u0131r\" \/>\n<meta property=\"og:url\" content=\"https:\/\/www.schengenvisas.com\/tr\/schengen-hesaplayici\/\" \/>\n<meta property=\"og:site_name\" content=\"Schengen Visas\" \/>\n<meta property=\"article:modified_time\" content=\"2021-10-10T19:46:26+00:00\" \/>\n<meta name=\"twitter:card\" content=\"summary_large_image\" \/>\n<meta name=\"twitter:label1\" content=\"Tahmini okuma s\u00fcresi\" \/>\n\t<meta name=\"twitter:data1\" content=\"4 dakika\" \/>\n<script type=\"application\/ld+json\" class=\"yoast-schema-graph\">{\"@context\":\"https:\/\/schema.org\",\"@graph\":[{\"@type\":\"WebPage\",\"@id\":\"https:\/\/www.schengenvisas.com\/tr\/schengen-hesaplayici\/\",\"url\":\"https:\/\/www.schengenvisas.com\/tr\/schengen-hesaplayici\/\",\"name\":\"Schengen Hesaplay\u0131c\u0131 | Schengen b\u00f6lgesinde kalan g\u00fcn say\u0131s\u0131\",\"isPartOf\":{\"@id\":\"https:\/\/www.schengenvisas.com\/#website\"},\"datePublished\":\"2020-02-28T11:13:43+00:00\",\"dateModified\":\"2021-10-10T19:46:26+00:00\",\"description\":\"Schengen Hesaplay\u0131c\u0131 | Schengen Hesaplay\u0131c\u0131, k\u0131sa s\u00fcreli Schengen Vizelerinde ka\u00e7 g\u00fcn kald\u0131\u011f\u0131n\u0131 hesaplamada kullan\u0131l\u0131r\",\"breadcrumb\":{\"@id\":\"https:\/\/www.schengenvisas.com\/tr\/schengen-hesaplayici\/#breadcrumb\"},\"inLanguage\":\"tr\",\"potentialAction\":[{\"@type\":\"ReadAction\",\"target\":[\"https:\/\/www.schengenvisas.com\/tr\/schengen-hesaplayici\/\"]}]},{\"@type\":\"BreadcrumbList\",\"@id\":\"https:\/\/www.schengenvisas.com\/tr\/schengen-hesaplayici\/#breadcrumb\",\"itemListElement\":[{\"@type\":\"ListItem\",\"position\":1,\"name\":\"Home\",\"item\":\"https:\/\/www.schengenvisas.com\/\"},{\"@type\":\"ListItem\",\"position\":2,\"name\":\"Schengen Vize Hesaplay\u0131c\u0131\"}]},{\"@type\":\"WebSite\",\"@id\":\"https:\/\/www.schengenvisas.com\/#website\",\"url\":\"https:\/\/www.schengenvisas.com\/\",\"name\":\"Schengen Visas\",\"description\":\"Schengen Visa Application Services\",\"publisher\":{\"@id\":\"https:\/\/www.schengenvisas.com\/#organization\"},\"potentialAction\":[{\"@type\":\"SearchAction\",\"target\":{\"@type\":\"EntryPoint\",\"urlTemplate\":\"https:\/\/www.schengenvisas.com\/?s={search_term_string}\"},\"query-input\":{\"@type\":\"PropertyValueSpecification\",\"valueRequired\":true,\"valueName\":\"search_term_string\"}}],\"inLanguage\":\"tr\"},{\"@type\":\"Organization\",\"@id\":\"https:\/\/www.schengenvisas.com\/#organization\",\"name\":\"Schengen Visas\",\"url\":\"https:\/\/www.schengenvisas.com\/\",\"logo\":{\"@type\":\"ImageObject\",\"inLanguage\":\"tr\",\"@id\":\"https:\/\/www.schengenvisas.com\/#\/schema\/logo\/image\/\",\"url\":\"https:\/\/www.schengenvisas.com\/wp-content\/uploads\/2023\/03\/logo.svg\",\"contentUrl\":\"https:\/\/www.schengenvisas.com\/wp-content\/uploads\/2023\/03\/logo.svg\",\"width\":894,\"height\":123,\"caption\":\"Schengen Visas\"},\"image\":{\"@id\":\"https:\/\/www.schengenvisas.com\/#\/schema\/logo\/image\/\"}}]}<\/script>\n<!-- \/ Yoast SEO Premium plugin. -->","yoast_head_json":{"title":"Schengen Hesaplay\u0131c\u0131 | Schengen b\u00f6lgesinde kalan g\u00fcn say\u0131s\u0131","description":"Schengen Hesaplay\u0131c\u0131 | Schengen Hesaplay\u0131c\u0131, k\u0131sa s\u00fcreli Schengen Vizelerinde ka\u00e7 g\u00fcn kald\u0131\u011f\u0131n\u0131 hesaplamada kullan\u0131l\u0131r","robots":{"index":"index","follow":"follow","max-snippet":"max-snippet:-1","max-image-preview":"max-image-preview:large","max-video-preview":"max-video-preview:-1"},"canonical":"https:\/\/www.schengenvisas.com\/tr\/wp-json\/wp\/v2\/pages\/13861","og_locale":"tr_TR","og_type":"article","og_title":"Schengen Vize Hesaplay\u0131c\u0131","og_description":"Schengen Hesaplay\u0131c\u0131 | Schengen Hesaplay\u0131c\u0131, k\u0131sa s\u00fcreli Schengen Vizelerinde ka\u00e7 g\u00fcn kald\u0131\u011f\u0131n\u0131 hesaplamada kullan\u0131l\u0131r","og_url":"https:\/\/www.schengenvisas.com\/tr\/schengen-hesaplayici\/","og_site_name":"Schengen Visas","article_modified_time":"2021-10-10T19:46:26+00:00","twitter_card":"summary_large_image","twitter_misc":{"Tahmini okuma s\u00fcresi":"4 dakika"},"schema":{"@context":"https:\/\/schema.org","@graph":[{"@type":"WebPage","@id":"https:\/\/www.schengenvisas.com\/tr\/schengen-hesaplayici\/","url":"https:\/\/www.schengenvisas.com\/tr\/schengen-hesaplayici\/","name":"Schengen Hesaplay\u0131c\u0131 | Schengen b\u00f6lgesinde kalan g\u00fcn say\u0131s\u0131","isPartOf":{"@id":"https:\/\/www.schengenvisas.com\/#website"},"datePublished":"2020-02-28T11:13:43+00:00","dateModified":"2021-10-10T19:46:26+00:00","description":"Schengen Hesaplay\u0131c\u0131 | Schengen Hesaplay\u0131c\u0131, k\u0131sa s\u00fcreli Schengen Vizelerinde ka\u00e7 g\u00fcn kald\u0131\u011f\u0131n\u0131 hesaplamada kullan\u0131l\u0131r","breadcrumb":{"@id":"https:\/\/www.schengenvisas.com\/tr\/schengen-hesaplayici\/#breadcrumb"},"inLanguage":"tr","potentialAction":[{"@type":"ReadAction","target":["https:\/\/www.schengenvisas.com\/tr\/schengen-hesaplayici\/"]}]},{"@type":"BreadcrumbList","@id":"https:\/\/www.schengenvisas.com\/tr\/schengen-hesaplayici\/#breadcrumb","itemListElement":[{"@type":"ListItem","position":1,"name":"Home","item":"https:\/\/www.schengenvisas.com\/"},{"@type":"ListItem","position":2,"name":"Schengen Vize Hesaplay\u0131c\u0131"}]},{"@type":"WebSite","@id":"https:\/\/www.schengenvisas.com\/#website","url":"https:\/\/www.schengenvisas.com\/","name":"Schengen Visas","description":"Schengen Visa Application Services","publisher":{"@id":"https:\/\/www.schengenvisas.com\/#organization"},"potentialAction":[{"@type":"SearchAction","target":{"@type":"EntryPoint","urlTemplate":"https:\/\/www.schengenvisas.com\/?s={search_term_string}"},"query-input":{"@type":"PropertyValueSpecification","valueRequired":true,"valueName":"search_term_string"}}],"inLanguage":"tr"},{"@type":"Organization","@id":"https:\/\/www.schengenvisas.com\/#organization","name":"Schengen Visas","url":"https:\/\/www.schengenvisas.com\/","logo":{"@type":"ImageObject","inLanguage":"tr","@id":"https:\/\/www.schengenvisas.com\/#\/schema\/logo\/image\/","url":"https:\/\/www.schengenvisas.com\/wp-content\/uploads\/2023\/03\/logo.svg","contentUrl":"https:\/\/www.schengenvisas.com\/wp-content\/uploads\/2023\/03\/logo.svg","width":894,"height":123,"caption":"Schengen Visas"},"image":{"@id":"https:\/\/www.schengenvisas.com\/#\/schema\/logo\/image\/"}}]}},"_links":{"self":[{"href":"https:\/\/www.schengenvisas.com\/tr\/wp-json\/wp\/v2\/pages\/13861","targetHints":{"allow":["GET"]}}],"collection":[{"href":"https:\/\/www.schengenvisas.com\/tr\/wp-json\/wp\/v2\/pages"}],"about":[{"href":"https:\/\/www.schengenvisas.com\/tr\/wp-json\/wp\/v2\/types\/page"}],"author":[{"embeddable":true,"href":"https:\/\/www.schengenvisas.com\/tr\/wp-json\/wp\/v2\/users\/15"}],"replies":[{"embeddable":true,"href":"https:\/\/www.schengenvisas.com\/tr\/wp-json\/wp\/v2\/comments?post=13861"}],"version-history":[{"count":0,"href":"https:\/\/www.schengenvisas.com\/tr\/wp-json\/wp\/v2\/pages\/13861\/revisions"}],"wp:attachment":[{"href":"https:\/\/www.schengenvisas.com\/tr\/wp-json\/wp\/v2\/media?parent=13861"}],"curies":[{"name":"wp","href":"https:\/\/api.w.org\/{rel}","templated":true}]}}